{"id":5472,"date":"2022-11-02T09:13:53","date_gmt":"2022-11-02T08:13:53","guid":{"rendered":"https:\/\/koningdrone.nl\/kon\/product\/dji-action-diving-accessory-kit\/"},"modified":"2026-04-29T04:00:07","modified_gmt":"2026-04-29T02:00:07","slug":"dji-action-diving-accessory-kit","status":"publish","type":"product","link":"https:\/\/koningdrone.be\/es\/producto\/dji-action-diving-accessory-kit\/","title":{"rendered":"Kit de accesorios de buceo Osmo Action"},"content":{"rendered":"<p><strong>Carcasa estanca de 60 metros del Osmo Action<\/strong><\/p>\n<p>Este kit incluye la carcasa acu\u00e1tica Osmo Action 60m, dise\u00f1ada para capturar aventuras submarinas hasta una profundidad de 60 metros. Ofrece una experiencia de grabaci\u00f3n subacu\u00e1tica m\u00e1s segura y vers\u00e1til, manteniendo la c\u00e1mara bien protegida y permiti\u00e9ndote sumergirte a mayor profundidad y explorar m\u00e1s lejos.<\/p>\n<p><strong>Asa flotante de DJI<\/strong><\/p>\n<p>El asa flotante DJI incluida en este kit ayuda a mantener la c\u00e1mara flotando, lo que facilita considerablemente su manejo durante diversas actividades acu\u00e1ticas. Esto es especialmente \u00fatil para asegurar que tu c\u00e1mara sea f\u00e1cilmente accesible y no se hunda si se cae accidentalmente.<\/p>\n<p><strong>Tornillo de bloqueo Osmo<\/strong><\/p>\n<p>Con el tornillo de bloqueo Osmo, puede estar seguro de que todo permanece montado de forma segura, proporcionando una capa adicional de seguridad para su c\u00e1mara y sus accesorios. Esto garantiza que, sea cual sea la actividad, los ajustes de la c\u00e1mara permanezcan intactos y funcionales.<\/p>\n<p><strong>Insertos anticondensaci\u00f3n<\/strong><\/p>\n<p>La incorporaci\u00f3n de los insertos antivaho evita que la niebla empa\u00f1e el objetivo de su c\u00e1mara, manteniendo sus im\u00e1genes n\u00edtidas incluso en las condiciones m\u00e1s h\u00famedas. Estos insertos son cruciales para mantener la calidad de tus fotos y v\u00eddeos bajo el agua.<\/p>\n<p><strong>Antes de sumergirse<\/strong><\/p>\n<p>Antes de embarcarte en tus aventuras subacu\u00e1ticas, aseg\u00farate de que el compartimento de la bater\u00eda y la tapa del puerto USB-C est\u00e9n bien sellados y de que el parasol del objetivo est\u00e9 bien sujeto. Es aconsejable utilizar la carcasa acu\u00e1tica para disparar bajo el agua durante periodos prolongados o en situaciones en las que la presi\u00f3n del agua sea elevada. Esta carcasa cumple la norma IP68, lo que demuestra su eficacia para proteger con seguridad la c\u00e1mara bajo el agua.<\/p>\n<p><strong>Importante<\/strong><\/p>\n<p>Para evitar posibles da\u00f1os, no exponga la c\u00e1mara a fuentes de calor ni la ponga en contacto con l\u00edquidos corrosivos. Esta precauci\u00f3n garantizar\u00e1 la longevidad y funcionalidad de tu c\u00e1mara, permiti\u00e9ndote capturar momentos memorables sin preocupaciones.<\/p>\n<p><strong>Resumen del kit<\/strong><\/p>\n<p>Equipado con todo lo necesario para una experiencia de grabaci\u00f3n subacu\u00e1tica divertida y sin preocupaciones, este kit proporciona lo esencial para mejorar la seguridad y la versatilidad. Desde exploraciones en aguas profundas hasta relajantes sesiones en la piscina, su c\u00e1mara est\u00e1 lista para capturar todas sus aventuras acu\u00e1ticas.<\/p>\n<p>&nbsp;<\/p>","protected":false},"excerpt":{"rendered":"<ul>\n<li>Resistente al agua hasta 60 metros de profundidad<\/li>\n<li>Incluye asa flotante DJI para controlar la flotabilidad<\/li>\n<li>Viene con tornillo de bloqueo Osmo para un montaje seguro<\/li>\n<li>Los insertos antivaho evitan que las lentes se empa\u00f1en bajo el agua<\/li>\n<li>El grado de impermeabilidad IP68 garantiza su durabilidad<\/li>\n<li>Recomendado para uso subacu\u00e1tico a largo plazo<\/li>\n<li>Resistente a la alta presi\u00f3n de choque del agua<\/li>\n<li>No apto para aguas termales ni l\u00edquidos corrosivos<\/li>\n<\/ul>","protected":false},"featured_media":5469,"template":"","meta":{"_acf_changed":false},"product_brand":[],"product_cat":[410,97,738,297,757],"product_tag":[],"class_list":{"0":"post-5472","1":"product","2":"type-product","3":"status-publish","4":"has-post-thumbnail","6":"product_cat-alle-handheld-gimbals","7":"product_cat-alle-producten","8":"product_cat-dji-accessoires","9":"product_cat-dji-osmo","10":"product_cat-dji-osmo-action","11":"product_shipping_class-acsystemsall","12":"pa_brand-dji","13":"pa_productfamily-action-cam-accessoires","14":"pa_producttype-action-cam-accessoires","15":"pa_series-osmo-mobile","17":"first","18":"instock","19":"taxable","20":"shipping-taxable","21":"purchasable","22":"product-type-simple"},"acf":[],"yoast_head":"<!-- This site is optimized with the Yoast SEO Premium plugin v27.2 (Yoast SEO v27.2) - https:\/\/yoast.com\/product\/yoast-seo-premium-wordpress\/ -->\n<title>Osmo Action Diving Accessory Kit - koningdrone.be<\/title>\n<meta name=\"robots\" content=\"index, follow, max-snippet:-1, max-image-preview:large, max-video-preview:-1\" \/>\n<link rel=\"canonical\" href=\"https:\/\/koningdrone.be\/es\/producto\/dji-action-diving-accessory-kit\/\" \/>\n<meta property=\"og:locale\" content=\"es_ES\" \/>\n<meta property=\"og:type\" content=\"article\" \/>\n<meta property=\"og:title\" content=\"Osmo Action Diving Accessory Kit\" \/>\n<meta property=\"og:description\" content=\"Waterdicht tot 60 meter diepte  Inclusief DJI drijvende handgreep voor drijfvermogen  Wordt geleverd met Osmo borgschroef voor veilige montage  Anti-Fog-inzetstukken voorkomen lensbeslaan onder water  IP68 waterdichte classificatie zorgt voor duurzaamheid  Aanbevolen voor langdurig gebruik onder water  Bestand tegen hoge waterstootdruk  Niet geschikt voor warmwaterbronnen of bijtende vloeistoffen\" \/>\n<meta property=\"og:url\" content=\"https:\/\/koningdrone.be\/es\/producto\/dji-action-diving-accessory-kit\/\" \/>\n<meta property=\"og:site_name\" content=\"koningdrone.be\" \/>\n<meta property=\"article:modified_time\" content=\"2026-04-29T02:00:07+00:00\" \/>\n<meta property=\"og:image\" content=\"https:\/\/koningdrone.be\/wp-content\/uploads\/sites\/13\/2025\/04\/7b6efc2d97f43548264e2d24ebe22523@large.jpg\" \/>\n\t<meta property=\"og:image:width\" content=\"1200\" \/>\n\t<meta property=\"og:image:height\" content=\"800\" \/>\n\t<meta property=\"og:image:type\" content=\"image\/jpeg\" \/>\n<meta name=\"twitter:card\" content=\"summary_large_image\" \/>\n<meta name=\"twitter:label1\" content=\"Tiempo de lectura\" \/>\n\t<meta name=\"twitter:data1\" content=\"2 minutos\" \/>\n<script type=\"application\/ld+json\" class=\"yoast-schema-graph\">{\"@context\":\"https:\/\/schema.org\",\"@graph\":[{\"@type\":\"WebPage\",\"@id\":\"https:\/\/koningdrone.be\/product\/dji-action-diving-accessory-kit\/\",\"url\":\"https:\/\/koningdrone.be\/product\/dji-action-diving-accessory-kit\/\",\"name\":\"Osmo Action Diving Accessory Kit - koningdrone.be\",\"isPartOf\":{\"@id\":\"https:\/\/koningdrone.be\/#website\"},\"primaryImageOfPage\":{\"@id\":\"https:\/\/koningdrone.be\/product\/dji-action-diving-accessory-kit\/#primaryimage\"},\"image\":{\"@id\":\"https:\/\/koningdrone.be\/product\/dji-action-diving-accessory-kit\/#primaryimage\"},\"thumbnailUrl\":\"https:\/\/koningdrone.be\/wp-content\/uploads\/sites\/13\/2025\/04\/7b6efc2d97f43548264e2d24ebe22523@large.jpg\",\"datePublished\":\"2022-11-02T08:13:53+00:00\",\"dateModified\":\"2026-04-29T02:00:07+00:00\",\"breadcrumb\":{\"@id\":\"https:\/\/koningdrone.be\/product\/dji-action-diving-accessory-kit\/#breadcrumb\"},\"inLanguage\":\"es\",\"potentialAction\":[{\"@type\":\"ReadAction\",\"target\":[\"https:\/\/koningdrone.be\/product\/dji-action-diving-accessory-kit\/\"]}]},{\"@type\":\"ImageObject\",\"inLanguage\":\"es\",\"@id\":\"https:\/\/koningdrone.be\/product\/dji-action-diving-accessory-kit\/#primaryimage\",\"url\":\"https:\/\/koningdrone.be\/wp-content\/uploads\/sites\/13\/2025\/04\/7b6efc2d97f43548264e2d24ebe22523@large.jpg\",\"contentUrl\":\"https:\/\/koningdrone.be\/wp-content\/uploads\/sites\/13\/2025\/04\/7b6efc2d97f43548264e2d24ebe22523@large.jpg\",\"width\":1200,\"height\":800},{\"@type\":\"BreadcrumbList\",\"@id\":\"https:\/\/koningdrone.be\/product\/dji-action-diving-accessory-kit\/#breadcrumb\",\"itemListElement\":[{\"@type\":\"ListItem\",\"position\":1,\"name\":\"Home\",\"item\":\"https:\/\/koningdrone.be\/\"},{\"@type\":\"ListItem\",\"position\":2,\"name\":\"AVSS Parachute Recovery System for DJI Matrice 300\/350\",\"item\":\"https:\/\/koningdrone.be\/product\/avss-parachute-recovery-system-for-dji-matrice-300-350\/\"},{\"@type\":\"ListItem\",\"position\":3,\"name\":\"Alle handheld gimbals\",\"item\":\"https:\/\/koningdrone.be\/categorie\/alle-handheld-gimbals\/\"},{\"@type\":\"ListItem\",\"position\":4,\"name\":\"Osmo Action Diving Accessory Kit\"}]},{\"@type\":\"WebSite\",\"@id\":\"https:\/\/koningdrone.be\/#website\",\"url\":\"https:\/\/koningdrone.be\/\",\"name\":\"Koningdrone.be - Uw online specialist in drones, gimbals, camera's en power stations.\",\"description\":\"De webshop in drones en gimbals\",\"publisher\":{\"@id\":\"https:\/\/koningdrone.be\/#organization\"},\"potentialAction\":[{\"@type\":\"SearchAction\",\"target\":{\"@type\":\"EntryPoint\",\"urlTemplate\":\"https:\/\/koningdrone.be\/?s={search_term_string}\"},\"query-input\":{\"@type\":\"PropertyValueSpecification\",\"valueRequired\":true,\"valueName\":\"search_term_string\"}}],\"inLanguage\":\"es\"},{\"@type\":\"Organization\",\"@id\":\"https:\/\/koningdrone.be\/#organization\",\"name\":\"Koningdrone.be\",\"url\":\"https:\/\/koningdrone.be\/\",\"logo\":{\"@type\":\"ImageObject\",\"inLanguage\":\"es\",\"@id\":\"https:\/\/koningdrone.be\/#\/schema\/logo\/image\/\",\"url\":\"https:\/\/koningdrone.be\/wp-content\/uploads\/sites\/13\/2025\/04\/koningdrone-copyright-logo.svg\",\"contentUrl\":\"https:\/\/koningdrone.be\/wp-content\/uploads\/sites\/13\/2025\/04\/koningdrone-copyright-logo.svg\",\"width\":227,\"height\":38,\"caption\":\"Koningdrone.be\"},\"image\":{\"@id\":\"https:\/\/koningdrone.be\/#\/schema\/logo\/image\/\"}}]}<\/script>\n<!-- \/ Yoast SEO Premium plugin. -->","yoast_head_json":{"title":"Osmo Action Diving Accessory Kit - koningdrone.be","robots":{"index":"index","follow":"follow","max-snippet":"max-snippet:-1","max-image-preview":"max-image-preview:large","max-video-preview":"max-video-preview:-1"},"canonical":"https:\/\/koningdrone.be\/es\/producto\/dji-action-diving-accessory-kit\/","og_locale":"es_ES","og_type":"article","og_title":"Osmo Action Diving Accessory Kit","og_description":"Waterdicht tot 60 meter diepte  Inclusief DJI drijvende handgreep voor drijfvermogen  Wordt geleverd met Osmo borgschroef voor veilige montage  Anti-Fog-inzetstukken voorkomen lensbeslaan onder water  IP68 waterdichte classificatie zorgt voor duurzaamheid  Aanbevolen voor langdurig gebruik onder water  Bestand tegen hoge waterstootdruk  Niet geschikt voor warmwaterbronnen of bijtende vloeistoffen","og_url":"https:\/\/koningdrone.be\/es\/producto\/dji-action-diving-accessory-kit\/","og_site_name":"koningdrone.be","article_modified_time":"2026-04-29T02:00:07+00:00","og_image":[{"width":1200,"height":800,"url":"https:\/\/koningdrone.be\/wp-content\/uploads\/sites\/13\/2025\/04\/7b6efc2d97f43548264e2d24ebe22523@large.jpg","type":"image\/jpeg"}],"twitter_card":"summary_large_image","twitter_misc":{"Tiempo de lectura":"2 minutos"},"schema":{"@context":"https:\/\/schema.org","@graph":[{"@type":"WebPage","@id":"https:\/\/koningdrone.be\/product\/dji-action-diving-accessory-kit\/","url":"https:\/\/koningdrone.be\/product\/dji-action-diving-accessory-kit\/","name":"Osmo Action Diving Accessory Kit - koningdrone.be","isPartOf":{"@id":"https:\/\/koningdrone.be\/#website"},"primaryImageOfPage":{"@id":"https:\/\/koningdrone.be\/product\/dji-action-diving-accessory-kit\/#primaryimage"},"image":{"@id":"https:\/\/koningdrone.be\/product\/dji-action-diving-accessory-kit\/#primaryimage"},"thumbnailUrl":"https:\/\/koningdrone.be\/wp-content\/uploads\/sites\/13\/2025\/04\/7b6efc2d97f43548264e2d24ebe22523@large.jpg","datePublished":"2022-11-02T08:13:53+00:00","dateModified":"2026-04-29T02:00:07+00:00","breadcrumb":{"@id":"https:\/\/koningdrone.be\/product\/dji-action-diving-accessory-kit\/#breadcrumb"},"inLanguage":"es","potentialAction":[{"@type":"ReadAction","target":["https:\/\/koningdrone.be\/product\/dji-action-diving-accessory-kit\/"]}]},{"@type":"ImageObject","inLanguage":"es","@id":"https:\/\/koningdrone.be\/product\/dji-action-diving-accessory-kit\/#primaryimage","url":"https:\/\/koningdrone.be\/wp-content\/uploads\/sites\/13\/2025\/04\/7b6efc2d97f43548264e2d24ebe22523@large.jpg","contentUrl":"https:\/\/koningdrone.be\/wp-content\/uploads\/sites\/13\/2025\/04\/7b6efc2d97f43548264e2d24ebe22523@large.jpg","width":1200,"height":800},{"@type":"BreadcrumbList","@id":"https:\/\/koningdrone.be\/product\/dji-action-diving-accessory-kit\/#breadcrumb","itemListElement":[{"@type":"ListItem","position":1,"name":"Home","item":"https:\/\/koningdrone.be\/"},{"@type":"ListItem","position":2,"name":"AVSS Parachute Recovery System for DJI Matrice 300\/350","item":"https:\/\/koningdrone.be\/product\/avss-parachute-recovery-system-for-dji-matrice-300-350\/"},{"@type":"ListItem","position":3,"name":"Alle handheld gimbals","item":"https:\/\/koningdrone.be\/categorie\/alle-handheld-gimbals\/"},{"@type":"ListItem","position":4,"name":"Osmo Action Diving Accessory Kit"}]},{"@type":"WebSite","@id":"https:\/\/koningdrone.be\/#website","url":"https:\/\/koningdrone.be\/","name":"Koningdrone.be - Su especialista en l\u00ednea en drones, cardanes, c\u00e1maras y centrales el\u00e9ctricas.","description":"La tienda virtual de drones y cardanes","publisher":{"@id":"https:\/\/koningdrone.be\/#organization"},"potentialAction":[{"@type":"SearchAction","target":{"@type":"EntryPoint","urlTemplate":"https:\/\/koningdrone.be\/?s={search_term_string}"},"query-input":{"@type":"PropertyValueSpecification","valueRequired":true,"valueName":"search_term_string"}}],"inLanguage":"es"},{"@type":"Organization","@id":"https:\/\/koningdrone.be\/#organization","name":"Kingdrone.es","url":"https:\/\/koningdrone.be\/","logo":{"@type":"ImageObject","inLanguage":"es","@id":"https:\/\/koningdrone.be\/#\/schema\/logo\/image\/","url":"https:\/\/koningdrone.be\/wp-content\/uploads\/sites\/13\/2025\/04\/koningdrone-copyright-logo.svg","contentUrl":"https:\/\/koningdrone.be\/wp-content\/uploads\/sites\/13\/2025\/04\/koningdrone-copyright-logo.svg","width":227,"height":38,"caption":"Koningdrone.be"},"image":{"@id":"https:\/\/koningdrone.be\/#\/schema\/logo\/image\/"}}]}},"df_price":68,"df_sale_price":"","df_regular_price":68,"df_image_link":"https:\/\/koningdrone.be\/wp-content\/uploads\/sites\/13\/2025\/04\/7b6efc2d97f43548264e2d24ebe22523@large-300x200.jpg","_links":{"self":[{"href":"https:\/\/koningdrone.be\/es\/wp-json\/wp\/v2\/product\/5472","targetHints":{"allow":["GET"]}}],"collection":[{"href":"https:\/\/koningdrone.be\/es\/wp-json\/wp\/v2\/product"}],"about":[{"href":"https:\/\/koningdrone.be\/es\/wp-json\/wp\/v2\/types\/product"}],"wp:featuredmedia":[{"embeddable":true,"href":"https:\/\/koningdrone.be\/es\/wp-json\/wp\/v2\/media\/5469"}],"wp:attachment":[{"href":"https:\/\/koningdrone.be\/es\/wp-json\/wp\/v2\/media?parent=5472"}],"wp:term":[{"taxonomy":"product_brand","embeddable":true,"href":"https:\/\/koningdrone.be\/es\/wp-json\/wp\/v2\/product_brand?post=5472"},{"taxonomy":"product_cat","embeddable":true,"href":"https:\/\/koningdrone.be\/es\/wp-json\/wp\/v2\/product_cat?post=5472"},{"taxonomy":"product_tag","embeddable":true,"href":"https:\/\/koningdrone.be\/es\/wp-json\/wp\/v2\/product_tag?post=5472"}],"curies":[{"name":"wp","href":"https:\/\/api.w.org\/{rel}","templated":true}]}}