{"id":5451,"date":"2022-11-02T09:13:53","date_gmt":"2022-11-02T08:13:53","guid":{"rendered":"https:\/\/koningdrone.nl\/kon\/product\/ecoflow-solar-tracker\/"},"modified":"2026-04-29T13:50:44","modified_gmt":"2026-04-29T11:50:44","slug":"ecoflow-solar-tracker","status":"publish","type":"product","link":"https:\/\/koningdrone.be\/es\/producto\/ecoflow-solar-tracker\/","title":{"rendered":"Seguidor solar ECOFLOW"},"content":{"rendered":"<p>El seguidor solar ECOFLOW es el primer seguidor solar para consumidores. Este seguidor solar le permite girar y pivotar su m\u00f3dulo solar alrededor de dos ejes, asegurando que siempre tenga el \u00e1ngulo ideal con respecto al sol. Esto proporciona la configuraci\u00f3n perfecta para cargar su planta de energ\u00eda port\u00e1til.<\/p>\n<p><strong>Seguimiento autom\u00e1tico del sol<\/strong><\/p>\n<p>El seguidor solar sigue autom\u00e1ticamente la posici\u00f3n del sol, por lo que no tienes que preocuparte de ajustar los paneles solares tres veces al d\u00eda. Desde la primera luz del d\u00eda, empieza a seguir autom\u00e1ticamente la posici\u00f3n del sol.<\/p>\n<p><strong>Aumenta el rendimiento energ\u00e9tico<\/strong><\/p>\n<p>Utilizando el seguidor solar, puede obtener hasta 30% m\u00e1s de potencia de la energ\u00eda solar en comparaci\u00f3n con una posici\u00f3n plana de los m\u00f3dulos. Esto se traduce en m\u00e1s luz solar que incide sobre tus paneles a lo largo del d\u00eda, lo que se traduce en un rendimiento m\u00e1s ecol\u00f3gico y sin conexi\u00f3n a la red.<\/p>\n<p><strong>Robusto y compatible<\/strong><\/p>\n<p>El seguidor solar es robusto, estable y resistente, con cuatro patas que apuntan hacia fuera para una instalaci\u00f3n segura. El soporte de la parte superior puede ampliarse para adaptarse a su panel solar. Adem\u00e1s, el seguidor solar es compatible con casi cualquier panel solar, siempre que se conecte a MC4 y no sea demasiado grande o pesado. Ya se trate de un m\u00f3dulo plegable o fijo de EcoFlow, o de un tercero, este seguidor solar es adecuado para ello. As\u00ed que con el seguidor solar ECOFLOW, puede aprovechar al m\u00e1ximo la energ\u00eda solar y cargar su central el\u00e9ctrica port\u00e1til de manera eficiente.<\/p>\n<p><\/p>","protected":false},"excerpt":{"rendered":"<ul>\n<li>Se ajusta en 2 ejes seg\u00fan el \u00e1ngulo ideal con respecto al sol, lo que le permite cargar su central el\u00e9ctrica.<\/li>\n<li>Viene con 4 patas para mantenerlo estable y seguro en su sitio.<\/li>\n<li>erbanda a trav\u00e9s de MC4, por lo que es compatible con la mayor\u00eda de los paneles solares.<\/li>\n<\/ul>","protected":false},"featured_media":5448,"template":"","meta":{"_acf_changed":false},"product_brand":[],"product_cat":[97,245,276,415,198],"product_tag":[],"class_list":{"0":"post-5451","1":"product","2":"type-product","3":"status-publish","4":"has-post-thumbnail","6":"product_cat-alle-producten","7":"product_cat-ecoflow","8":"product_cat-ecoflow-powerstations","9":"product_cat-energy","10":"product_cat-zonnepanelen","11":"product_shipping_class-outofstock","12":"pa_brand-ecoflow","13":"pa_productfamily-tracker","14":"pa_producttype-tracker","16":"first","17":"outofstock","18":"taxable","19":"shipping-taxable","20":"product-type-simple"},"acf":[],"yoast_head":"<!-- This site is optimized with the Yoast SEO Premium plugin v27.2 (Yoast SEO v27.2) - https:\/\/yoast.com\/product\/yoast-seo-premium-wordpress\/ -->\n<title>ECOFLOW Solar Tracker - koningdrone.be<\/title>\n<meta name=\"robots\" content=\"index, follow, max-snippet:-1, max-image-preview:large, max-video-preview:-1\" \/>\n<link rel=\"canonical\" href=\"https:\/\/koningdrone.be\/es\/producto\/ecoflow-solar-tracker\/\" \/>\n<meta property=\"og:locale\" content=\"es_ES\" \/>\n<meta property=\"og:type\" content=\"article\" \/>\n<meta property=\"og:title\" content=\"ECOFLOW Solar Tracker\" \/>\n<meta property=\"og:description\" content=\"Past zich op 2 assen aan volgens de ideale hoek ten opzichte van de zon, zodat u uw krachtcentrale kunt opladen.ordt geleverd met 4 poten om hem stabiel en veilig op zijn plaats te houden.erbindt via MC4, waardoor het compatibel is met de meeste zonnepanelen.\" \/>\n<meta property=\"og:url\" content=\"https:\/\/koningdrone.be\/es\/producto\/ecoflow-solar-tracker\/\" \/>\n<meta property=\"og:site_name\" content=\"koningdrone.be\" \/>\n<meta property=\"article:modified_time\" content=\"2026-04-29T11:50:44+00:00\" \/>\n<meta property=\"og:image\" content=\"https:\/\/koningdrone.be\/wp-content\/uploads\/sites\/13\/2025\/04\/4897082665311-1.jpg\" \/>\n\t<meta property=\"og:image:width\" content=\"1280\" \/>\n\t<meta property=\"og:image:height\" content=\"800\" \/>\n\t<meta property=\"og:image:type\" content=\"image\/jpeg\" \/>\n<meta name=\"twitter:card\" content=\"summary_large_image\" \/>\n<meta name=\"twitter:label1\" content=\"Tiempo de lectura\" \/>\n\t<meta name=\"twitter:data1\" content=\"1 minuto\" \/>\n<script type=\"application\/ld+json\" class=\"yoast-schema-graph\">{\"@context\":\"https:\/\/schema.org\",\"@graph\":[{\"@type\":\"WebPage\",\"@id\":\"https:\/\/koningdrone.be\/product\/ecoflow-solar-tracker\/\",\"url\":\"https:\/\/koningdrone.be\/product\/ecoflow-solar-tracker\/\",\"name\":\"ECOFLOW Solar Tracker - koningdrone.be\",\"isPartOf\":{\"@id\":\"https:\/\/koningdrone.be\/#website\"},\"primaryImageOfPage\":{\"@id\":\"https:\/\/koningdrone.be\/product\/ecoflow-solar-tracker\/#primaryimage\"},\"image\":{\"@id\":\"https:\/\/koningdrone.be\/product\/ecoflow-solar-tracker\/#primaryimage\"},\"thumbnailUrl\":\"https:\/\/koningdrone.be\/wp-content\/uploads\/sites\/13\/2025\/04\/4897082665311-1.jpg\",\"datePublished\":\"2022-11-02T08:13:53+00:00\",\"dateModified\":\"2026-04-29T11:50:44+00:00\",\"breadcrumb\":{\"@id\":\"https:\/\/koningdrone.be\/product\/ecoflow-solar-tracker\/#breadcrumb\"},\"inLanguage\":\"es\",\"potentialAction\":[{\"@type\":\"ReadAction\",\"target\":[\"https:\/\/koningdrone.be\/product\/ecoflow-solar-tracker\/\"]}]},{\"@type\":\"ImageObject\",\"inLanguage\":\"es\",\"@id\":\"https:\/\/koningdrone.be\/product\/ecoflow-solar-tracker\/#primaryimage\",\"url\":\"https:\/\/koningdrone.be\/wp-content\/uploads\/sites\/13\/2025\/04\/4897082665311-1.jpg\",\"contentUrl\":\"https:\/\/koningdrone.be\/wp-content\/uploads\/sites\/13\/2025\/04\/4897082665311-1.jpg\",\"width\":1280,\"height\":800},{\"@type\":\"BreadcrumbList\",\"@id\":\"https:\/\/koningdrone.be\/product\/ecoflow-solar-tracker\/#breadcrumb\",\"itemListElement\":[{\"@type\":\"ListItem\",\"position\":1,\"name\":\"Home\",\"item\":\"https:\/\/koningdrone.be\/\"},{\"@type\":\"ListItem\",\"position\":2,\"name\":\"AVSS Parachute Recovery System for DJI Matrice 300\/350\",\"item\":\"https:\/\/koningdrone.be\/product\/avss-parachute-recovery-system-for-dji-matrice-300-350\/\"},{\"@type\":\"ListItem\",\"position\":3,\"name\":\"Alle producten\",\"item\":\"https:\/\/koningdrone.be\/categorie\/alle-producten\/\"},{\"@type\":\"ListItem\",\"position\":4,\"name\":\"ECOFLOW Solar Tracker\"}]},{\"@type\":\"WebSite\",\"@id\":\"https:\/\/koningdrone.be\/#website\",\"url\":\"https:\/\/koningdrone.be\/\",\"name\":\"Koningdrone.be - Uw online specialist in drones, gimbals, camera's en power stations.\",\"description\":\"De webshop in drones en gimbals\",\"publisher\":{\"@id\":\"https:\/\/koningdrone.be\/#organization\"},\"potentialAction\":[{\"@type\":\"SearchAction\",\"target\":{\"@type\":\"EntryPoint\",\"urlTemplate\":\"https:\/\/koningdrone.be\/?s={search_term_string}\"},\"query-input\":{\"@type\":\"PropertyValueSpecification\",\"valueRequired\":true,\"valueName\":\"search_term_string\"}}],\"inLanguage\":\"es\"},{\"@type\":\"Organization\",\"@id\":\"https:\/\/koningdrone.be\/#organization\",\"name\":\"Koningdrone.be\",\"url\":\"https:\/\/koningdrone.be\/\",\"logo\":{\"@type\":\"ImageObject\",\"inLanguage\":\"es\",\"@id\":\"https:\/\/koningdrone.be\/#\/schema\/logo\/image\/\",\"url\":\"https:\/\/koningdrone.be\/wp-content\/uploads\/sites\/13\/2025\/04\/koningdrone-copyright-logo.svg\",\"contentUrl\":\"https:\/\/koningdrone.be\/wp-content\/uploads\/sites\/13\/2025\/04\/koningdrone-copyright-logo.svg\",\"width\":227,\"height\":38,\"caption\":\"Koningdrone.be\"},\"image\":{\"@id\":\"https:\/\/koningdrone.be\/#\/schema\/logo\/image\/\"}}]}<\/script>\n<!-- \/ Yoast SEO Premium plugin. -->","yoast_head_json":{"title":"ECOFLOW Solar Tracker - koningdrone.be","robots":{"index":"index","follow":"follow","max-snippet":"max-snippet:-1","max-image-preview":"max-image-preview:large","max-video-preview":"max-video-preview:-1"},"canonical":"https:\/\/koningdrone.be\/es\/producto\/ecoflow-solar-tracker\/","og_locale":"es_ES","og_type":"article","og_title":"ECOFLOW Solar Tracker","og_description":"Past zich op 2 assen aan volgens de ideale hoek ten opzichte van de zon, zodat u uw krachtcentrale kunt opladen.ordt geleverd met 4 poten om hem stabiel en veilig op zijn plaats te houden.erbindt via MC4, waardoor het compatibel is met de meeste zonnepanelen.","og_url":"https:\/\/koningdrone.be\/es\/producto\/ecoflow-solar-tracker\/","og_site_name":"koningdrone.be","article_modified_time":"2026-04-29T11:50:44+00:00","og_image":[{"width":1280,"height":800,"url":"https:\/\/koningdrone.be\/wp-content\/uploads\/sites\/13\/2025\/04\/4897082665311-1.jpg","type":"image\/jpeg"}],"twitter_card":"summary_large_image","twitter_misc":{"Tiempo de lectura":"1 minuto"},"schema":{"@context":"https:\/\/schema.org","@graph":[{"@type":"WebPage","@id":"https:\/\/koningdrone.be\/product\/ecoflow-solar-tracker\/","url":"https:\/\/koningdrone.be\/product\/ecoflow-solar-tracker\/","name":"ECOFLOW Solar Tracker - koningdrone.be","isPartOf":{"@id":"https:\/\/koningdrone.be\/#website"},"primaryImageOfPage":{"@id":"https:\/\/koningdrone.be\/product\/ecoflow-solar-tracker\/#primaryimage"},"image":{"@id":"https:\/\/koningdrone.be\/product\/ecoflow-solar-tracker\/#primaryimage"},"thumbnailUrl":"https:\/\/koningdrone.be\/wp-content\/uploads\/sites\/13\/2025\/04\/4897082665311-1.jpg","datePublished":"2022-11-02T08:13:53+00:00","dateModified":"2026-04-29T11:50:44+00:00","breadcrumb":{"@id":"https:\/\/koningdrone.be\/product\/ecoflow-solar-tracker\/#breadcrumb"},"inLanguage":"es","potentialAction":[{"@type":"ReadAction","target":["https:\/\/koningdrone.be\/product\/ecoflow-solar-tracker\/"]}]},{"@type":"ImageObject","inLanguage":"es","@id":"https:\/\/koningdrone.be\/product\/ecoflow-solar-tracker\/#primaryimage","url":"https:\/\/koningdrone.be\/wp-content\/uploads\/sites\/13\/2025\/04\/4897082665311-1.jpg","contentUrl":"https:\/\/koningdrone.be\/wp-content\/uploads\/sites\/13\/2025\/04\/4897082665311-1.jpg","width":1280,"height":800},{"@type":"BreadcrumbList","@id":"https:\/\/koningdrone.be\/product\/ecoflow-solar-tracker\/#breadcrumb","itemListElement":[{"@type":"ListItem","position":1,"name":"Home","item":"https:\/\/koningdrone.be\/"},{"@type":"ListItem","position":2,"name":"AVSS Parachute Recovery System for DJI Matrice 300\/350","item":"https:\/\/koningdrone.be\/product\/avss-parachute-recovery-system-for-dji-matrice-300-350\/"},{"@type":"ListItem","position":3,"name":"Alle producten","item":"https:\/\/koningdrone.be\/categorie\/alle-producten\/"},{"@type":"ListItem","position":4,"name":"ECOFLOW Solar Tracker"}]},{"@type":"WebSite","@id":"https:\/\/koningdrone.be\/#website","url":"https:\/\/koningdrone.be\/","name":"Koningdrone.be - Su especialista en l\u00ednea en drones, cardanes, c\u00e1maras y centrales el\u00e9ctricas.","description":"La tienda virtual de drones y cardanes","publisher":{"@id":"https:\/\/koningdrone.be\/#organization"},"potentialAction":[{"@type":"SearchAction","target":{"@type":"EntryPoint","urlTemplate":"https:\/\/koningdrone.be\/?s={search_term_string}"},"query-input":{"@type":"PropertyValueSpecification","valueRequired":true,"valueName":"search_term_string"}}],"inLanguage":"es"},{"@type":"Organization","@id":"https:\/\/koningdrone.be\/#organization","name":"Kingdrone.es","url":"https:\/\/koningdrone.be\/","logo":{"@type":"ImageObject","inLanguage":"es","@id":"https:\/\/koningdrone.be\/#\/schema\/logo\/image\/","url":"https:\/\/koningdrone.be\/wp-content\/uploads\/sites\/13\/2025\/04\/koningdrone-copyright-logo.svg","contentUrl":"https:\/\/koningdrone.be\/wp-content\/uploads\/sites\/13\/2025\/04\/koningdrone-copyright-logo.svg","width":227,"height":38,"caption":"Koningdrone.be"},"image":{"@id":"https:\/\/koningdrone.be\/#\/schema\/logo\/image\/"}}]}},"df_price":"","df_sale_price":"","df_regular_price":"","df_image_link":"https:\/\/koningdrone.be\/wp-content\/uploads\/sites\/13\/2025\/04\/4897082665311-1-300x188.jpg","_links":{"self":[{"href":"https:\/\/koningdrone.be\/es\/wp-json\/wp\/v2\/product\/5451","targetHints":{"allow":["GET"]}}],"collection":[{"href":"https:\/\/koningdrone.be\/es\/wp-json\/wp\/v2\/product"}],"about":[{"href":"https:\/\/koningdrone.be\/es\/wp-json\/wp\/v2\/types\/product"}],"wp:featuredmedia":[{"embeddable":true,"href":"https:\/\/koningdrone.be\/es\/wp-json\/wp\/v2\/media\/5448"}],"wp:attachment":[{"href":"https:\/\/koningdrone.be\/es\/wp-json\/wp\/v2\/media?parent=5451"}],"wp:term":[{"taxonomy":"product_brand","embeddable":true,"href":"https:\/\/koningdrone.be\/es\/wp-json\/wp\/v2\/product_brand?post=5451"},{"taxonomy":"product_cat","embeddable":true,"href":"https:\/\/koningdrone.be\/es\/wp-json\/wp\/v2\/product_cat?post=5451"},{"taxonomy":"product_tag","embeddable":true,"href":"https:\/\/koningdrone.be\/es\/wp-json\/wp\/v2\/product_tag?post=5451"}],"curies":[{"name":"wp","href":"https:\/\/api.w.org\/{rel}","templated":true}]}}