{"id":5442,"date":"2022-11-02T09:13:53","date_gmt":"2022-11-02T08:13:53","guid":{"rendered":"https:\/\/koningdrone.nl\/kon\/product\/ecoflow-ecoflow-delta-bundle-four-110w-solar-panels\/"},"modified":"2026-04-29T13:50:40","modified_gmt":"2026-04-29T11:50:40","slug":"ecoflow-ecoflow-delta-bundle-four-110w-solar-panels","status":"publish","type":"product","link":"https:\/\/koningdrone.be\/es\/producto\/ecoflow-ecoflow-delta-bundle-four-110w-solar-panels\/","title":{"rendered":"Ecoflow Ecoflow Delta Bundle (Cuatro paneles solares de 110W)"},"content":{"rendered":"<p>El paquete EcoFlow Delta con cuatro paneles solares de 110 W es la soluci\u00f3n energ\u00e9tica ideal sin conexi\u00f3n a la red. Este paquete port\u00e1til de Rise y EcoFlow ofrece un rendimiento y una fiabilidad inigualables est\u00e9s donde est\u00e9s.<\/p>\n<p><strong>Central EcoFlow DELTA<\/strong><\/p>\n<p>La central el\u00e9ctrica EcoFlow DELTA es un generador pionero alimentado por bater\u00eda que es compatible con una amplia gama de dispositivos, lo que le permite seguir trabajando durante horas, incluso cuando se encuentra lejos de la red el\u00e9ctrica. Gracias a la tecnolog\u00eda X-Stream patentada por EcoFlow, la DELTA puede cargarse diez veces m\u00e1s r\u00e1pido que la mayor\u00eda de las centrales el\u00e9ctricas port\u00e1tiles del mercado. Con una capacidad de 1260 Wh y un inversor que puede alimentar electrodom\u00e9sticos pesados y herramientas de bricolaje con facilidad, la EcoFlow DELTA es la fuente de energ\u00eda definitiva para cualquier situaci\u00f3n.<\/p>\n<p><strong>Carga r\u00e1pida y sencilla<\/strong><\/p>\n<p>Cargar la EcoFlow DELTA tambi\u00e9n es r\u00e1pido y sencillo. Con paneles solares, el DELTA puede cargarse completamente en s\u00f3lo 4 horas, mientras que un puerto de coche de 12\/24 V puede cargar el DELTA en menos de 10 horas.<\/p>\n<p><strong>M\u00f3dulos solares eficientes y potentes<\/strong><\/p>\n<p>Los cuatro paneles solares EcoFlow de 110 W incluidos son un complemento eficaz y potente para el DELTA. Fabricados con silicio monocristalino, estos paneles solares pueden cargar el DELTA y otros dispositivos el\u00e9ctricos, garantizando que siempre disponga de energ\u00eda, incluso en los entornos m\u00e1s remotos.<\/p>\n<p><strong>Versatilidad y rendimiento sin precedentes<\/strong><\/p>\n<p>Con especificaciones que incluyen una capacidad de 1260Wh, entradas de carga de CA, entradas solares y m\u00faltiples salidas USB y de CA, la estaci\u00f3n de alimentaci\u00f3n EcoFlow DELTA ofrece una versatilidad y un rendimiento sin precedentes. Los paneles solares de 110W tambi\u00e9n tienen unas especificaciones impresionantes, con una alta eficiencia de 21% - 22% y un dise\u00f1o robusto que puede soportar una gran variedad de temperaturas.<\/p>\n<p><strong>La fuente de energ\u00eda definitiva para soluciones energ\u00e9ticas aisladas de la red<\/strong><\/p>\n<p>En resumen, el paquete EcoFlow Delta con cuatro paneles solares de 110W es la fuente de energ\u00eda definitiva para cualquiera que necesite soluciones de energ\u00eda sin conexi\u00f3n a la red. Con un rendimiento inigualable, fiabilidad y facilidad de uso, este paquete es la opci\u00f3n ideal para cualquier persona que quiera seguir trabajando en cualquier lugar y tener siempre energ\u00eda.<\/p>\n<p><\/p>","protected":false},"excerpt":{"rendered":"<p>De EcoFlow Delta-bundel met vier 110W zonnepanelen is de ideale off-grid stroomoplossing. Deze draagbare bundel van Rise en EcoFlow biedt onge\u00ebvenaarde prestaties en betrouwbaarheid, waar u ook bent. EcoFlow DELTA Power Station De EcoFlow DELTA Power Station is een baanbrekende batterijgevoede generator die compatibel is met een breed scala aan apparaten, waardoor u urenlang kunt [&hellip;]<\/p>\n","protected":false},"featured_media":5438,"template":"","meta":{"_acf_changed":false},"product_brand":[],"product_cat":[454,97,245,276,415],"product_tag":[],"class_list":{"0":"post-5442","1":"product","2":"type-product","3":"status-publish","4":"has-post-thumbnail","6":"product_cat-alle-powerstations","7":"product_cat-alle-producten","8":"product_cat-ecoflow","9":"product_cat-ecoflow-powerstations","10":"product_cat-energy","11":"product_shipping_class-outofstock","12":"pa_brand-ecoflow","13":"pa_productfamily-ecoflow-bundle","14":"pa_producttype-ecoflow-bundle","15":"pa_series-delta","17":"first","18":"outofstock","19":"taxable","20":"shipping-taxable","21":"product-type-simple"},"acf":[],"yoast_head":"<!-- This site is optimized with the Yoast SEO Premium plugin v27.2 (Yoast SEO v27.2) - https:\/\/yoast.com\/product\/yoast-seo-premium-wordpress\/ -->\n<title>Ecoflow Ecoflow Delta Bundle (Four 110W Solar Panels) - koningdrone.be<\/title>\n<meta name=\"robots\" content=\"index, follow, max-snippet:-1, max-image-preview:large, max-video-preview:-1\" \/>\n<link rel=\"canonical\" href=\"https:\/\/koningdrone.be\/es\/producto\/ecoflow-ecoflow-delta-bundle-four-110w-solar-panels\/\" \/>\n<meta property=\"og:locale\" content=\"es_ES\" \/>\n<meta property=\"og:type\" content=\"article\" \/>\n<meta property=\"og:title\" content=\"Ecoflow Ecoflow Delta Bundle (Four 110W Solar Panels)\" \/>\n<meta property=\"og:description\" content=\"De EcoFlow Delta-bundel met vier 110W zonnepanelen is de ideale off-grid stroomoplossing. Deze draagbare bundel van Rise en EcoFlow biedt onge\u00ebvenaarde prestaties en betrouwbaarheid, waar u ook bent. EcoFlow DELTA Power Station De EcoFlow DELTA Power Station is een baanbrekende batterijgevoede generator die compatibel is met een breed scala aan apparaten, waardoor u urenlang kunt [&hellip;]\" \/>\n<meta property=\"og:url\" content=\"https:\/\/koningdrone.be\/es\/producto\/ecoflow-ecoflow-delta-bundle-four-110w-solar-panels\/\" \/>\n<meta property=\"og:site_name\" content=\"koningdrone.be\" \/>\n<meta property=\"article:modified_time\" content=\"2026-04-29T11:50:40+00:00\" \/>\n<meta property=\"og:image\" content=\"https:\/\/koningdrone.be\/wp-content\/uploads\/sites\/13\/2025\/04\/EFDT4SP110BD-1.webp\" \/>\n\t<meta property=\"og:image:width\" content=\"2048\" \/>\n\t<meta property=\"og:image:height\" content=\"2048\" \/>\n\t<meta property=\"og:image:type\" content=\"image\/webp\" \/>\n<meta name=\"twitter:card\" content=\"summary_large_image\" \/>\n<meta name=\"twitter:label1\" content=\"Tiempo de lectura\" \/>\n\t<meta name=\"twitter:data1\" content=\"2 minutos\" \/>\n<script type=\"application\/ld+json\" class=\"yoast-schema-graph\">{\"@context\":\"https:\/\/schema.org\",\"@graph\":[{\"@type\":\"WebPage\",\"@id\":\"https:\/\/koningdrone.be\/product\/ecoflow-ecoflow-delta-bundle-four-110w-solar-panels\/\",\"url\":\"https:\/\/koningdrone.be\/product\/ecoflow-ecoflow-delta-bundle-four-110w-solar-panels\/\",\"name\":\"Ecoflow Ecoflow Delta Bundle (Four 110W Solar Panels) - koningdrone.be\",\"isPartOf\":{\"@id\":\"https:\/\/koningdrone.be\/#website\"},\"primaryImageOfPage\":{\"@id\":\"https:\/\/koningdrone.be\/product\/ecoflow-ecoflow-delta-bundle-four-110w-solar-panels\/#primaryimage\"},\"image\":{\"@id\":\"https:\/\/koningdrone.be\/product\/ecoflow-ecoflow-delta-bundle-four-110w-solar-panels\/#primaryimage\"},\"thumbnailUrl\":\"https:\/\/koningdrone.be\/wp-content\/uploads\/sites\/13\/2025\/04\/EFDT4SP110BD-1.webp\",\"datePublished\":\"2022-11-02T08:13:53+00:00\",\"dateModified\":\"2026-04-29T11:50:40+00:00\",\"breadcrumb\":{\"@id\":\"https:\/\/koningdrone.be\/product\/ecoflow-ecoflow-delta-bundle-four-110w-solar-panels\/#breadcrumb\"},\"inLanguage\":\"es\",\"potentialAction\":[{\"@type\":\"ReadAction\",\"target\":[\"https:\/\/koningdrone.be\/product\/ecoflow-ecoflow-delta-bundle-four-110w-solar-panels\/\"]}]},{\"@type\":\"ImageObject\",\"inLanguage\":\"es\",\"@id\":\"https:\/\/koningdrone.be\/product\/ecoflow-ecoflow-delta-bundle-four-110w-solar-panels\/#primaryimage\",\"url\":\"https:\/\/koningdrone.be\/wp-content\/uploads\/sites\/13\/2025\/04\/EFDT4SP110BD-1.webp\",\"contentUrl\":\"https:\/\/koningdrone.be\/wp-content\/uploads\/sites\/13\/2025\/04\/EFDT4SP110BD-1.webp\",\"width\":2048,\"height\":2048},{\"@type\":\"BreadcrumbList\",\"@id\":\"https:\/\/koningdrone.be\/product\/ecoflow-ecoflow-delta-bundle-four-110w-solar-panels\/#breadcrumb\",\"itemListElement\":[{\"@type\":\"ListItem\",\"position\":1,\"name\":\"Home\",\"item\":\"https:\/\/koningdrone.be\/\"},{\"@type\":\"ListItem\",\"position\":2,\"name\":\"AVSS Parachute Recovery System for DJI Matrice 300\/350\",\"item\":\"https:\/\/koningdrone.be\/product\/avss-parachute-recovery-system-for-dji-matrice-300-350\/\"},{\"@type\":\"ListItem\",\"position\":3,\"name\":\"Alle powerstations\",\"item\":\"https:\/\/koningdrone.be\/categorie\/alle-powerstations\/\"},{\"@type\":\"ListItem\",\"position\":4,\"name\":\"Ecoflow Ecoflow Delta Bundle (Four 110W Solar Panels)\"}]},{\"@type\":\"WebSite\",\"@id\":\"https:\/\/koningdrone.be\/#website\",\"url\":\"https:\/\/koningdrone.be\/\",\"name\":\"Koningdrone.be - Uw online specialist in drones, gimbals, camera's en power stations.\",\"description\":\"De webshop in drones en gimbals\",\"publisher\":{\"@id\":\"https:\/\/koningdrone.be\/#organization\"},\"potentialAction\":[{\"@type\":\"SearchAction\",\"target\":{\"@type\":\"EntryPoint\",\"urlTemplate\":\"https:\/\/koningdrone.be\/?s={search_term_string}\"},\"query-input\":{\"@type\":\"PropertyValueSpecification\",\"valueRequired\":true,\"valueName\":\"search_term_string\"}}],\"inLanguage\":\"es\"},{\"@type\":\"Organization\",\"@id\":\"https:\/\/koningdrone.be\/#organization\",\"name\":\"Koningdrone.be\",\"url\":\"https:\/\/koningdrone.be\/\",\"logo\":{\"@type\":\"ImageObject\",\"inLanguage\":\"es\",\"@id\":\"https:\/\/koningdrone.be\/#\/schema\/logo\/image\/\",\"url\":\"https:\/\/koningdrone.be\/wp-content\/uploads\/sites\/13\/2025\/04\/koningdrone-copyright-logo.svg\",\"contentUrl\":\"https:\/\/koningdrone.be\/wp-content\/uploads\/sites\/13\/2025\/04\/koningdrone-copyright-logo.svg\",\"width\":227,\"height\":38,\"caption\":\"Koningdrone.be\"},\"image\":{\"@id\":\"https:\/\/koningdrone.be\/#\/schema\/logo\/image\/\"}}]}<\/script>\n<!-- \/ Yoast SEO Premium plugin. -->","yoast_head_json":{"title":"Ecoflow Ecoflow Delta Bundle (Four 110W Solar Panels) - koningdrone.be","robots":{"index":"index","follow":"follow","max-snippet":"max-snippet:-1","max-image-preview":"max-image-preview:large","max-video-preview":"max-video-preview:-1"},"canonical":"https:\/\/koningdrone.be\/es\/producto\/ecoflow-ecoflow-delta-bundle-four-110w-solar-panels\/","og_locale":"es_ES","og_type":"article","og_title":"Ecoflow Ecoflow Delta Bundle (Four 110W Solar Panels)","og_description":"De EcoFlow Delta-bundel met vier 110W zonnepanelen is de ideale off-grid stroomoplossing. Deze draagbare bundel van Rise en EcoFlow biedt onge\u00ebvenaarde prestaties en betrouwbaarheid, waar u ook bent. EcoFlow DELTA Power Station De EcoFlow DELTA Power Station is een baanbrekende batterijgevoede generator die compatibel is met een breed scala aan apparaten, waardoor u urenlang kunt [&hellip;]","og_url":"https:\/\/koningdrone.be\/es\/producto\/ecoflow-ecoflow-delta-bundle-four-110w-solar-panels\/","og_site_name":"koningdrone.be","article_modified_time":"2026-04-29T11:50:40+00:00","og_image":[{"width":2048,"height":2048,"url":"https:\/\/koningdrone.be\/wp-content\/uploads\/sites\/13\/2025\/04\/EFDT4SP110BD-1.webp","type":"image\/webp"}],"twitter_card":"summary_large_image","twitter_misc":{"Tiempo de lectura":"2 minutos"},"schema":{"@context":"https:\/\/schema.org","@graph":[{"@type":"WebPage","@id":"https:\/\/koningdrone.be\/product\/ecoflow-ecoflow-delta-bundle-four-110w-solar-panels\/","url":"https:\/\/koningdrone.be\/product\/ecoflow-ecoflow-delta-bundle-four-110w-solar-panels\/","name":"Ecoflow Ecoflow Delta Bundle (Four 110W Solar Panels) - koningdrone.be","isPartOf":{"@id":"https:\/\/koningdrone.be\/#website"},"primaryImageOfPage":{"@id":"https:\/\/koningdrone.be\/product\/ecoflow-ecoflow-delta-bundle-four-110w-solar-panels\/#primaryimage"},"image":{"@id":"https:\/\/koningdrone.be\/product\/ecoflow-ecoflow-delta-bundle-four-110w-solar-panels\/#primaryimage"},"thumbnailUrl":"https:\/\/koningdrone.be\/wp-content\/uploads\/sites\/13\/2025\/04\/EFDT4SP110BD-1.webp","datePublished":"2022-11-02T08:13:53+00:00","dateModified":"2026-04-29T11:50:40+00:00","breadcrumb":{"@id":"https:\/\/koningdrone.be\/product\/ecoflow-ecoflow-delta-bundle-four-110w-solar-panels\/#breadcrumb"},"inLanguage":"es","potentialAction":[{"@type":"ReadAction","target":["https:\/\/koningdrone.be\/product\/ecoflow-ecoflow-delta-bundle-four-110w-solar-panels\/"]}]},{"@type":"ImageObject","inLanguage":"es","@id":"https:\/\/koningdrone.be\/product\/ecoflow-ecoflow-delta-bundle-four-110w-solar-panels\/#primaryimage","url":"https:\/\/koningdrone.be\/wp-content\/uploads\/sites\/13\/2025\/04\/EFDT4SP110BD-1.webp","contentUrl":"https:\/\/koningdrone.be\/wp-content\/uploads\/sites\/13\/2025\/04\/EFDT4SP110BD-1.webp","width":2048,"height":2048},{"@type":"BreadcrumbList","@id":"https:\/\/koningdrone.be\/product\/ecoflow-ecoflow-delta-bundle-four-110w-solar-panels\/#breadcrumb","itemListElement":[{"@type":"ListItem","position":1,"name":"Home","item":"https:\/\/koningdrone.be\/"},{"@type":"ListItem","position":2,"name":"AVSS Parachute Recovery System for DJI Matrice 300\/350","item":"https:\/\/koningdrone.be\/product\/avss-parachute-recovery-system-for-dji-matrice-300-350\/"},{"@type":"ListItem","position":3,"name":"Alle powerstations","item":"https:\/\/koningdrone.be\/categorie\/alle-powerstations\/"},{"@type":"ListItem","position":4,"name":"Ecoflow Ecoflow Delta Bundle (Four 110W Solar Panels)"}]},{"@type":"WebSite","@id":"https:\/\/koningdrone.be\/#website","url":"https:\/\/koningdrone.be\/","name":"Koningdrone.be - Su especialista en l\u00ednea en drones, cardanes, c\u00e1maras y centrales el\u00e9ctricas.","description":"La tienda virtual de drones y cardanes","publisher":{"@id":"https:\/\/koningdrone.be\/#organization"},"potentialAction":[{"@type":"SearchAction","target":{"@type":"EntryPoint","urlTemplate":"https:\/\/koningdrone.be\/?s={search_term_string}"},"query-input":{"@type":"PropertyValueSpecification","valueRequired":true,"valueName":"search_term_string"}}],"inLanguage":"es"},{"@type":"Organization","@id":"https:\/\/koningdrone.be\/#organization","name":"Kingdrone.es","url":"https:\/\/koningdrone.be\/","logo":{"@type":"ImageObject","inLanguage":"es","@id":"https:\/\/koningdrone.be\/#\/schema\/logo\/image\/","url":"https:\/\/koningdrone.be\/wp-content\/uploads\/sites\/13\/2025\/04\/koningdrone-copyright-logo.svg","contentUrl":"https:\/\/koningdrone.be\/wp-content\/uploads\/sites\/13\/2025\/04\/koningdrone-copyright-logo.svg","width":227,"height":38,"caption":"Koningdrone.be"},"image":{"@id":"https:\/\/koningdrone.be\/#\/schema\/logo\/image\/"}}]}},"df_price":"","df_sale_price":"","df_regular_price":"","df_image_link":"https:\/\/koningdrone.be\/wp-content\/uploads\/sites\/13\/2025\/04\/EFDT4SP110BD-1-300x300.webp","_links":{"self":[{"href":"https:\/\/koningdrone.be\/es\/wp-json\/wp\/v2\/product\/5442","targetHints":{"allow":["GET"]}}],"collection":[{"href":"https:\/\/koningdrone.be\/es\/wp-json\/wp\/v2\/product"}],"about":[{"href":"https:\/\/koningdrone.be\/es\/wp-json\/wp\/v2\/types\/product"}],"wp:featuredmedia":[{"embeddable":true,"href":"https:\/\/koningdrone.be\/es\/wp-json\/wp\/v2\/media\/5438"}],"wp:attachment":[{"href":"https:\/\/koningdrone.be\/es\/wp-json\/wp\/v2\/media?parent=5442"}],"wp:term":[{"taxonomy":"product_brand","embeddable":true,"href":"https:\/\/koningdrone.be\/es\/wp-json\/wp\/v2\/product_brand?post=5442"},{"taxonomy":"product_cat","embeddable":true,"href":"https:\/\/koningdrone.be\/es\/wp-json\/wp\/v2\/product_cat?post=5442"},{"taxonomy":"product_tag","embeddable":true,"href":"https:\/\/koningdrone.be\/es\/wp-json\/wp\/v2\/product_tag?post=5442"}],"curies":[{"name":"wp","href":"https:\/\/api.w.org\/{rel}","templated":true}]}}