{"id":5431,"date":"2022-11-02T09:13:58","date_gmt":"2022-11-02T08:13:58","guid":{"rendered":"https:\/\/koningdrone.nl\/kon\/product\/insta360-unicorn-helmet-carbon-fiber-mount\/"},"modified":"2026-05-17T10:41:01","modified_gmt":"2026-05-17T08:41:01","slug":"insta360-unicorn-helmet-carbon-fiber-mount","status":"publish","type":"product","link":"https:\/\/koningdrone.be\/es\/producto\/insta360-unicorn-helmet-carbon-fiber-mount\/","title":{"rendered":"INSTA360 Casco Unicornio (montura de fibra de carbono)"},"content":{"rendered":"<h1>Casco Insta360 Unicorn (montura de fibra de carbono)<\/h1>\n<p>Grabe v\u00eddeos impresionantes mientras esqu\u00eda o monta en moto. El soporte de la marca Insta360 le permite fijar de forma segura su c\u00e1mara Insta360 a su casco, facilitando la captura de espectaculares secuencias desde una perspectiva original. Este accesorio \u00fanico puede acompa\u00f1arle en casi todas las condiciones: sin miedo a la luz del sol, la lluvia o la nieve. Fabricada en fibra de carbono, la varilla es extremadamente duradera y la base curvada se adapta perfectamente a tu casco para una sujeci\u00f3n firme. La cadena incluida puede proporcionar seguridad adicional. No tendr\u00e1 que preocuparse de que la c\u00e1mara se caiga y se da\u00f1e. Adem\u00e1s, el producto es sorprendentemente ligero.<\/p>","protected":false},"excerpt":{"rendered":"<ul>\n<li>Marca: Insta360<\/li>\n<li>Longitud de la barra: 300 mm \u00b1 10 mm;<\/li>\n<li>Material (varilla): fibra de carbono, acero inoxidable, aleaci\u00f3n de aluminio<\/li>\n<li>Aplicaci\u00f3n: esqu\u00ed, ciclismo, motociclismo, monopat\u00edn y otros deportes que requieran casco.<\/li>\n<li>Compatibilidad: ONE X2, ONE R, GO 2 (GO 2 requiere extensi\u00f3n de fibra de carbono, se vende por separado)<\/li>\n<\/ul>","protected":false},"featured_media":5429,"template":"","meta":{"_acf_changed":false},"product_brand":[],"product_cat":[97,343],"product_tag":[],"class_list":{"0":"post-5431","1":"product","2":"type-product","3":"status-publish","4":"has-post-thumbnail","6":"product_cat-alle-producten","7":"product_cat-insta360","8":"product_shipping_class-outofstock","9":"pa_brand-insta360","10":"pa_productfamily-action-cam-accessoires","11":"pa_producttype-action-cam-accessoires","12":"pa_series-insta360-go","14":"first","15":"outofstock","16":"taxable","17":"shipping-taxable","18":"product-type-simple"},"acf":[],"yoast_head":"<!-- This site is optimized with the Yoast SEO Premium plugin v27.2 (Yoast SEO v27.2) - https:\/\/yoast.com\/product\/yoast-seo-premium-wordpress\/ -->\n<title>INSTA360 Unicorn Helmet (Carbon Fiber Mount) - koningdrone.be<\/title>\n<meta name=\"robots\" content=\"index, follow, max-snippet:-1, max-image-preview:large, max-video-preview:-1\" \/>\n<link rel=\"canonical\" href=\"https:\/\/koningdrone.be\/es\/producto\/insta360-unicorn-helmet-carbon-fiber-mount\/\" \/>\n<meta property=\"og:locale\" content=\"es_ES\" \/>\n<meta property=\"og:type\" content=\"article\" \/>\n<meta property=\"og:title\" content=\"INSTA360 Unicorn Helmet (Carbon Fiber Mount)\" \/>\n<meta property=\"og:description\" content=\"Merk: Insta360Staaflengte: 300 mm \u00b1 10 mm;Materiaal (staaf): koolstofvezel, roestvrij staal, aluminiumlegeringToepassing: ski\u00ebn, fietsen, motorrijden, skateboarden en andere sporten waarvoor een helm nodig isCompatibiliteit: ONE X2, ONE R, GO 2 (GO 2 vereist Carbon Fiber Extension, apart verkrijgbaar)\" \/>\n<meta property=\"og:url\" content=\"https:\/\/koningdrone.be\/es\/producto\/insta360-unicorn-helmet-carbon-fiber-mount\/\" \/>\n<meta property=\"og:site_name\" content=\"koningdrone.be\" \/>\n<meta property=\"article:modified_time\" content=\"2026-05-17T08:41:01+00:00\" \/>\n<meta property=\"og:image\" content=\"https:\/\/koningdrone.be\/wp-content\/uploads\/sites\/13\/2025\/04\/6970357853120-1.webp\" \/>\n\t<meta property=\"og:image:width\" content=\"124\" \/>\n\t<meta property=\"og:image:height\" content=\"637\" \/>\n\t<meta property=\"og:image:type\" content=\"image\/webp\" \/>\n<meta name=\"twitter:card\" content=\"summary_large_image\" \/>\n<meta name=\"twitter:label1\" content=\"Tiempo de lectura\" \/>\n\t<meta name=\"twitter:data1\" content=\"1 minuto\" \/>\n<script type=\"application\/ld+json\" class=\"yoast-schema-graph\">{\"@context\":\"https:\/\/schema.org\",\"@graph\":[{\"@type\":\"WebPage\",\"@id\":\"https:\/\/koningdrone.be\/product\/insta360-unicorn-helmet-carbon-fiber-mount\/\",\"url\":\"https:\/\/koningdrone.be\/product\/insta360-unicorn-helmet-carbon-fiber-mount\/\",\"name\":\"INSTA360 Unicorn Helmet (Carbon Fiber Mount) - koningdrone.be\",\"isPartOf\":{\"@id\":\"https:\/\/koningdrone.be\/#website\"},\"primaryImageOfPage\":{\"@id\":\"https:\/\/koningdrone.be\/product\/insta360-unicorn-helmet-carbon-fiber-mount\/#primaryimage\"},\"image\":{\"@id\":\"https:\/\/koningdrone.be\/product\/insta360-unicorn-helmet-carbon-fiber-mount\/#primaryimage\"},\"thumbnailUrl\":\"https:\/\/koningdrone.be\/wp-content\/uploads\/sites\/13\/2025\/04\/6970357853120-1.webp\",\"datePublished\":\"2022-11-02T08:13:58+00:00\",\"dateModified\":\"2026-05-17T08:41:01+00:00\",\"breadcrumb\":{\"@id\":\"https:\/\/koningdrone.be\/product\/insta360-unicorn-helmet-carbon-fiber-mount\/#breadcrumb\"},\"inLanguage\":\"es\",\"potentialAction\":[{\"@type\":\"ReadAction\",\"target\":[\"https:\/\/koningdrone.be\/product\/insta360-unicorn-helmet-carbon-fiber-mount\/\"]}]},{\"@type\":\"ImageObject\",\"inLanguage\":\"es\",\"@id\":\"https:\/\/koningdrone.be\/product\/insta360-unicorn-helmet-carbon-fiber-mount\/#primaryimage\",\"url\":\"https:\/\/koningdrone.be\/wp-content\/uploads\/sites\/13\/2025\/04\/6970357853120-1.webp\",\"contentUrl\":\"https:\/\/koningdrone.be\/wp-content\/uploads\/sites\/13\/2025\/04\/6970357853120-1.webp\",\"width\":124,\"height\":637},{\"@type\":\"BreadcrumbList\",\"@id\":\"https:\/\/koningdrone.be\/product\/insta360-unicorn-helmet-carbon-fiber-mount\/#breadcrumb\",\"itemListElement\":[{\"@type\":\"ListItem\",\"position\":1,\"name\":\"Home\",\"item\":\"https:\/\/koningdrone.be\/\"},{\"@type\":\"ListItem\",\"position\":2,\"name\":\"AVSS Parachute Recovery System for DJI Matrice 300\/350\",\"item\":\"https:\/\/koningdrone.be\/product\/avss-parachute-recovery-system-for-dji-matrice-300-350\/\"},{\"@type\":\"ListItem\",\"position\":3,\"name\":\"Alle producten\",\"item\":\"https:\/\/koningdrone.be\/categorie\/alle-producten\/\"},{\"@type\":\"ListItem\",\"position\":4,\"name\":\"INSTA360 Unicorn Helmet (Carbon Fiber Mount)\"}]},{\"@type\":\"WebSite\",\"@id\":\"https:\/\/koningdrone.be\/#website\",\"url\":\"https:\/\/koningdrone.be\/\",\"name\":\"Koningdrone.be - Uw online specialist in drones, gimbals, camera's en power stations.\",\"description\":\"De webshop in drones en gimbals\",\"publisher\":{\"@id\":\"https:\/\/koningdrone.be\/#organization\"},\"potentialAction\":[{\"@type\":\"SearchAction\",\"target\":{\"@type\":\"EntryPoint\",\"urlTemplate\":\"https:\/\/koningdrone.be\/?s={search_term_string}\"},\"query-input\":{\"@type\":\"PropertyValueSpecification\",\"valueRequired\":true,\"valueName\":\"search_term_string\"}}],\"inLanguage\":\"es\"},{\"@type\":\"Organization\",\"@id\":\"https:\/\/koningdrone.be\/#organization\",\"name\":\"Koningdrone.be\",\"url\":\"https:\/\/koningdrone.be\/\",\"logo\":{\"@type\":\"ImageObject\",\"inLanguage\":\"es\",\"@id\":\"https:\/\/koningdrone.be\/#\/schema\/logo\/image\/\",\"url\":\"https:\/\/koningdrone.be\/wp-content\/uploads\/sites\/13\/2025\/04\/koningdrone-copyright-logo.svg\",\"contentUrl\":\"https:\/\/koningdrone.be\/wp-content\/uploads\/sites\/13\/2025\/04\/koningdrone-copyright-logo.svg\",\"width\":227,\"height\":38,\"caption\":\"Koningdrone.be\"},\"image\":{\"@id\":\"https:\/\/koningdrone.be\/#\/schema\/logo\/image\/\"}}]}<\/script>\n<!-- \/ Yoast SEO Premium plugin. -->","yoast_head_json":{"title":"INSTA360 Unicorn Helmet (Carbon Fiber Mount) - koningdrone.be","robots":{"index":"index","follow":"follow","max-snippet":"max-snippet:-1","max-image-preview":"max-image-preview:large","max-video-preview":"max-video-preview:-1"},"canonical":"https:\/\/koningdrone.be\/es\/producto\/insta360-unicorn-helmet-carbon-fiber-mount\/","og_locale":"es_ES","og_type":"article","og_title":"INSTA360 Unicorn Helmet (Carbon Fiber Mount)","og_description":"Merk: Insta360Staaflengte: 300 mm \u00b1 10 mm;Materiaal (staaf): koolstofvezel, roestvrij staal, aluminiumlegeringToepassing: ski\u00ebn, fietsen, motorrijden, skateboarden en andere sporten waarvoor een helm nodig isCompatibiliteit: ONE X2, ONE R, GO 2 (GO 2 vereist Carbon Fiber Extension, apart verkrijgbaar)","og_url":"https:\/\/koningdrone.be\/es\/producto\/insta360-unicorn-helmet-carbon-fiber-mount\/","og_site_name":"koningdrone.be","article_modified_time":"2026-05-17T08:41:01+00:00","og_image":[{"width":124,"height":637,"url":"https:\/\/koningdrone.be\/wp-content\/uploads\/sites\/13\/2025\/04\/6970357853120-1.webp","type":"image\/webp"}],"twitter_card":"summary_large_image","twitter_misc":{"Tiempo de lectura":"1 minuto"},"schema":{"@context":"https:\/\/schema.org","@graph":[{"@type":"WebPage","@id":"https:\/\/koningdrone.be\/product\/insta360-unicorn-helmet-carbon-fiber-mount\/","url":"https:\/\/koningdrone.be\/product\/insta360-unicorn-helmet-carbon-fiber-mount\/","name":"INSTA360 Unicorn Helmet (Carbon Fiber Mount) - koningdrone.be","isPartOf":{"@id":"https:\/\/koningdrone.be\/#website"},"primaryImageOfPage":{"@id":"https:\/\/koningdrone.be\/product\/insta360-unicorn-helmet-carbon-fiber-mount\/#primaryimage"},"image":{"@id":"https:\/\/koningdrone.be\/product\/insta360-unicorn-helmet-carbon-fiber-mount\/#primaryimage"},"thumbnailUrl":"https:\/\/koningdrone.be\/wp-content\/uploads\/sites\/13\/2025\/04\/6970357853120-1.webp","datePublished":"2022-11-02T08:13:58+00:00","dateModified":"2026-05-17T08:41:01+00:00","breadcrumb":{"@id":"https:\/\/koningdrone.be\/product\/insta360-unicorn-helmet-carbon-fiber-mount\/#breadcrumb"},"inLanguage":"es","potentialAction":[{"@type":"ReadAction","target":["https:\/\/koningdrone.be\/product\/insta360-unicorn-helmet-carbon-fiber-mount\/"]}]},{"@type":"ImageObject","inLanguage":"es","@id":"https:\/\/koningdrone.be\/product\/insta360-unicorn-helmet-carbon-fiber-mount\/#primaryimage","url":"https:\/\/koningdrone.be\/wp-content\/uploads\/sites\/13\/2025\/04\/6970357853120-1.webp","contentUrl":"https:\/\/koningdrone.be\/wp-content\/uploads\/sites\/13\/2025\/04\/6970357853120-1.webp","width":124,"height":637},{"@type":"BreadcrumbList","@id":"https:\/\/koningdrone.be\/product\/insta360-unicorn-helmet-carbon-fiber-mount\/#breadcrumb","itemListElement":[{"@type":"ListItem","position":1,"name":"Home","item":"https:\/\/koningdrone.be\/"},{"@type":"ListItem","position":2,"name":"AVSS Parachute Recovery System for DJI Matrice 300\/350","item":"https:\/\/koningdrone.be\/product\/avss-parachute-recovery-system-for-dji-matrice-300-350\/"},{"@type":"ListItem","position":3,"name":"Alle producten","item":"https:\/\/koningdrone.be\/categorie\/alle-producten\/"},{"@type":"ListItem","position":4,"name":"INSTA360 Unicorn Helmet (Carbon Fiber Mount)"}]},{"@type":"WebSite","@id":"https:\/\/koningdrone.be\/#website","url":"https:\/\/koningdrone.be\/","name":"Koningdrone.be - Su especialista en l\u00ednea en drones, cardanes, c\u00e1maras y centrales el\u00e9ctricas.","description":"La tienda virtual de drones y cardanes","publisher":{"@id":"https:\/\/koningdrone.be\/#organization"},"potentialAction":[{"@type":"SearchAction","target":{"@type":"EntryPoint","urlTemplate":"https:\/\/koningdrone.be\/?s={search_term_string}"},"query-input":{"@type":"PropertyValueSpecification","valueRequired":true,"valueName":"search_term_string"}}],"inLanguage":"es"},{"@type":"Organization","@id":"https:\/\/koningdrone.be\/#organization","name":"Kingdrone.es","url":"https:\/\/koningdrone.be\/","logo":{"@type":"ImageObject","inLanguage":"es","@id":"https:\/\/koningdrone.be\/#\/schema\/logo\/image\/","url":"https:\/\/koningdrone.be\/wp-content\/uploads\/sites\/13\/2025\/04\/koningdrone-copyright-logo.svg","contentUrl":"https:\/\/koningdrone.be\/wp-content\/uploads\/sites\/13\/2025\/04\/koningdrone-copyright-logo.svg","width":227,"height":38,"caption":"Koningdrone.be"},"image":{"@id":"https:\/\/koningdrone.be\/#\/schema\/logo\/image\/"}}]}},"df_price":"","df_sale_price":"","df_regular_price":"","df_image_link":"https:\/\/koningdrone.be\/wp-content\/uploads\/sites\/13\/2025\/04\/6970357853120-1-58x300.webp","_links":{"self":[{"href":"https:\/\/koningdrone.be\/es\/wp-json\/wp\/v2\/product\/5431","targetHints":{"allow":["GET"]}}],"collection":[{"href":"https:\/\/koningdrone.be\/es\/wp-json\/wp\/v2\/product"}],"about":[{"href":"https:\/\/koningdrone.be\/es\/wp-json\/wp\/v2\/types\/product"}],"wp:featuredmedia":[{"embeddable":true,"href":"https:\/\/koningdrone.be\/es\/wp-json\/wp\/v2\/media\/5429"}],"wp:attachment":[{"href":"https:\/\/koningdrone.be\/es\/wp-json\/wp\/v2\/media?parent=5431"}],"wp:term":[{"taxonomy":"product_brand","embeddable":true,"href":"https:\/\/koningdrone.be\/es\/wp-json\/wp\/v2\/product_brand?post=5431"},{"taxonomy":"product_cat","embeddable":true,"href":"https:\/\/koningdrone.be\/es\/wp-json\/wp\/v2\/product_cat?post=5431"},{"taxonomy":"product_tag","embeddable":true,"href":"https:\/\/koningdrone.be\/es\/wp-json\/wp\/v2\/product_tag?post=5431"}],"curies":[{"name":"wp","href":"https:\/\/api.w.org\/{rel}","templated":true}]}}