{"id":5428,"date":"2022-11-02T09:13:58","date_gmt":"2022-11-02T08:13:58","guid":{"rendered":"https:\/\/koningdrone.nl\/kon\/product\/insta360-one-rs-1-inch-360-lens-upgrade-bundle\/"},"modified":"2026-05-16T10:40:44","modified_gmt":"2026-05-16T08:40:44","slug":"insta360-one-rs-1-inch-360-lens-upgrade-bundle","status":"publish","type":"product","link":"https:\/\/koningdrone.be\/es\/producto\/insta360-one-rs-1-inch-360-lens-upgrade-bundle\/","title":{"rendered":"INSTA360 One RS 1-inch 360 Lente Upgrade Bundle"},"content":{"rendered":"<h1>Paquete de actualizaci\u00f3n de la lente 360 de 1 pulgada Insta360 One RS<\/h1>\n<p>Insta360 te trae la siguiente parte de su serie ONE RS con su nueva c\u00e1mara de acci\u00f3n Insta360 ONE RS 1-inch 360 Edition. Desarrollada en colaboraci\u00f3n con Leica, con dos sensores CMOS de 1 pulgada capaces de capturar v\u00eddeo 360 6K y fotos 360 de 21 MP. La experiencia de Leica se ha utilizado en el desarrollo de la c\u00e1mara de acci\u00f3n ONE RS para ofrecerle una calidad de imagen inigualable. Actualice su ONE R Core actual con este paquete de actualizaci\u00f3n, que incluye la lente 360 de 1 pulgada, la base de bater\u00eda vertical y el soporte de montaje. Ideal para actualizar su ONE R Core y utilizar la nueva lente Leica dual de 1 pulgada y 260 mm.<br \/>Objetivo intercambiable:<br \/>La One RS est\u00e1 dise\u00f1ada como un sistema de objetivos intercambiables, lo que le ofrece la posibilidad de actualizar o cambiar sus objetivos. A medida que se desarrollan nuevos objetivos y se a\u00f1aden nuevas funciones, no te sientas rezagado, actual\u00edzate al nuevo objetivo utilizando tu n\u00facleo ultra vers\u00e1til existente. Las hebillas de doble cierre del soporte de montaje de nuevo dise\u00f1o ayudan a mantener la c\u00e1mara segura.<br \/>Muy port\u00e1til:<br \/>La Insta360 ONE RS le ofrece im\u00e1genes y v\u00eddeo con calidad de experto en un fant\u00e1stico dispositivo port\u00e1til. La versatilidad de esta c\u00e1mara de acci\u00f3n facilita las tomas creativas e imposibles. No es necesario sacrificar la calidad de imagen para conseguir tu toma ideal.<br \/>Desarrollado conjuntamente con Leica:<br \/>Desarrollada y dise\u00f1ada en colaboraci\u00f3n con Leica, la ONE RS est\u00e1 fabricada con la legendaria experiencia de Leica en el mundo del dise\u00f1o \u00f3ptico y los sistemas de c\u00e1maras. El resultado es la insuperable calidad de imagen de vanguardia de Leica en un dispositivo peque\u00f1o y port\u00e1til.<br \/>Sensores duales de 1 pulgada:<br \/>La ONE RS edici\u00f3n de 1 pulgada es la primera c\u00e1mara 360 de Insta360 con dos sensores CMOS de 1 pulgada. Los sensores duales de 1 pulgada proporcionan un rango din\u00e1mico m\u00e1s amplio, lo que permite capturar im\u00e1genes de excelente calidad con una incre\u00edble gama de colores nunca vista en una c\u00e1mara de acci\u00f3n de este tama\u00f1o.<br \/>V\u00eddeo n\u00edtido y claro a 6K30fps:<br \/>La ONE RS puede alternar entre capturar v\u00eddeo 360 inmersivo y v\u00eddeo plano tradicional en 6K30fps de gran nitidez. No renuncie a una calidad impresionante al cambiar entre los dos estilos de filmaci\u00f3n, la Insta 360 ONE RS supera a otras c\u00e1maras compactas 360 en todo momento, tanto en t\u00e9rminos de calidad como de capacidades creativas.<br \/>Fotos 360 de 21 MP:<br \/>La experiencia de Leica se hace patente en la capacidad de la ONE RS para tomar fotos 360 de 21 MP perfectamente unidas, transformando a la perfecci\u00f3n el mundo que te rodea en impresionantes im\u00e1genes 360 de 21 MP.<br \/>Preparado para poca luz:<br \/>Disfrute de una calidad sin concesiones incluso en situaciones de poca luz, todo ello gracias a los sensores duales de 1 pulgada. El rango din\u00e1mico m\u00e1s amplio revela m\u00e1s detalles invisibles en las sombras que otras c\u00e1maras 360.<br \/>Estabilizaci\u00f3n del estado actual:<br \/>Cree v\u00eddeos incre\u00edblemente fluidos con la c\u00e1mara Insta360 ONE RS 360. Combina un sistema de estabilizaci\u00f3n de 6 ejes y un algoritmo de estabilizaci\u00f3n de imagen patentado para ofrecerte un metraje perfectamente fluido. Recu\u00e9stese y capture f\u00e1cilmente el mundo que le rodea, ya que el ingenio de la ONE RS 360 le permite producir im\u00e1genes de calidad profesional con facilidad.<br \/>Cierre Horizonte 360:<br \/>El ONE RS est\u00e1 dise\u00f1ado con la funci\u00f3n de bloqueo de 360 horizontes, lo que le permite realizar tomas perfectamente niveladas sin recorte. Esta funci\u00f3n puede ser incre\u00edblemente \u00fatil si te encuentras en una situaci\u00f3n en la que no tienes un card\u00e1n o si te resultar\u00eda m\u00e1s pr\u00e1ctico sujetar la c\u00e1mara ONE RS.<br \/>Foto HDR:<br \/>Gracias a su doble sensor de 1 pulgada, la ONE RS puede procesar hasta 9 fotos PurShot juntas, lo que permite a\u00fan m\u00e1s rango din\u00e1mico y control sobre las altas luces, generando m\u00e1s detalles.<br \/>Repelente al agua:<br \/>La edici\u00f3n de 1 pulgada 360 tiene una clasificaci\u00f3n IPX3, lo que hace que el ONE RS sea resistente a la lluvia ligera y a la nieve cuando est\u00e1 completamente montado, bloqueado y asegurado en el soporte de montaje. *El ONE RS 1-Inch 360 edition no debe sumergirse en agua.<br \/>Bater\u00eda de larga duraci\u00f3n:<br \/>Desarrollada con una nueva base de bater\u00eda vertical, con una fuente de alimentaci\u00f3n de 1350 mAh, tendr\u00e1s a tu alcance toda la potencia que necesitas para crear producciones de alto nivel. Esta base est\u00e1 especialmente dise\u00f1ada para adaptarse al nuevo soporte de montaje vertical. *La base de bater\u00eda vertical original ONE R no es compatible.<br \/>Transmisi\u00f3n en directo:<br \/>Capture im\u00e1genes 360 sorprendentemente envolventes y transm\u00edtalas en directo a todo el mundo. Ideal para producir v\u00eddeo de calidad profesional para eventos en directo. Con opciones para reencuadrar la imagen, lo que te permite determinar la perspectiva de tu p\u00fablico.<br \/>webcam:<br \/>La ONE RS puede utilizarse como c\u00e1mara web en casa o en la oficina. Con la c\u00e1mara 360, puede tener una calidad de v\u00eddeo impresionante en su entorno de oficina cotidiano. La ONE RS puede capturarlo todo en 360 en pantalla dividida.<br \/>Control de acceso sencillo:<br \/>La edici\u00f3n de 1 pulgada de la ONE RS est\u00e1 dise\u00f1ada con un men\u00fa de acceso r\u00e1pido que le permite acceder a todos sus preajustes de disparo, ajustes de previsualizaci\u00f3n y modos de disparo favoritos. Todos estos ajustes se pueden acceder y cambiar con unos simples toques.<br \/>Ejemplo de FOV:<br \/>Abra y previsualice r\u00e1pidamente su disparo directamente desde el ONE RS de 1 pulgada, cambiando entre el campo de visi\u00f3n de peque\u00f1o planeta, gran angular y ojo de pez.<br \/>Dispositivos compatibles:<br \/>La edici\u00f3n ONE RS de 1 pulgada es compatible con dispositivos m\u00f3viles IOS con chips A11 o superior y versi\u00f3n IOS 11.0 o superior. Es compatible con dispositivos Android con chips Kirin 980 y superiores, chips Snapdragon 845 y superiores, chips Exynos 9810 y superiores y dispositivos Android con chips Tensor, incluido el Google Pixel 6.<\/p>","protected":false},"excerpt":{"rendered":"<ul>\n<li>Desarrollado conjuntamente con Leica<\/li>\n<li>Sensores dobles de 1 pulgada<\/li>\n<li>Captura n\u00edtida 6k30fps 360<\/li>\n<li>21 MP 360 fotos<\/li>\n<li>Preparado para poca luz<\/li>\n<li>Estabilizaci\u00f3n del estado actual<\/li>\n<li>Cierre 360 Horizon<\/li>\n<\/ul>","protected":false},"featured_media":5427,"template":"","meta":{"_acf_changed":false},"product_brand":[],"product_cat":[97,343],"product_tag":[],"class_list":{"0":"post-5428","1":"product","2":"type-product","3":"status-publish","4":"has-post-thumbnail","6":"product_cat-alle-producten","7":"product_cat-insta360","8":"product_shipping_class-outofstock","9":"pa_brand-insta360","10":"pa_productfamily-action-cam-accessoires","11":"pa_producttype-action-cam-accessoires","12":"pa_series-insta360-go","14":"first","15":"outofstock","16":"taxable","17":"shipping-taxable","18":"product-type-simple"},"acf":[],"yoast_head":"<!-- This site is optimized with the Yoast SEO Premium plugin v27.2 (Yoast SEO v27.2) - https:\/\/yoast.com\/product\/yoast-seo-premium-wordpress\/ -->\n<title>INSTA360 One RS 1-inch 360 Lens Upgrade Bundle - koningdrone.be<\/title>\n<meta name=\"robots\" content=\"index, follow, max-snippet:-1, max-image-preview:large, max-video-preview:-1\" \/>\n<link rel=\"canonical\" href=\"https:\/\/koningdrone.be\/es\/producto\/insta360-one-rs-1-inch-360-lens-upgrade-bundle\/\" \/>\n<meta property=\"og:locale\" content=\"es_ES\" \/>\n<meta property=\"og:type\" content=\"article\" \/>\n<meta property=\"og:title\" content=\"INSTA360 One RS 1-inch 360 Lens Upgrade Bundle\" \/>\n<meta property=\"og:description\" content=\"Mede ontwikkeld met LeicaDubbele 1-inch sensorenScherpe 6k30fps 360 Capture21 MP 360 fotoGereed voor weinig lichtStabilisatie van de stroomtoestand360 Horizon-vergrendeling\" \/>\n<meta property=\"og:url\" content=\"https:\/\/koningdrone.be\/es\/producto\/insta360-one-rs-1-inch-360-lens-upgrade-bundle\/\" \/>\n<meta property=\"og:site_name\" content=\"koningdrone.be\" \/>\n<meta property=\"article:modified_time\" content=\"2026-05-16T08:40:44+00:00\" \/>\n<meta property=\"og:image\" content=\"https:\/\/koningdrone.be\/wp-content\/uploads\/sites\/13\/2025\/04\/6970357854134-1.jpg\" \/>\n\t<meta property=\"og:image:width\" content=\"500\" \/>\n\t<meta property=\"og:image:height\" content=\"500\" \/>\n\t<meta property=\"og:image:type\" content=\"image\/jpeg\" \/>\n<meta name=\"twitter:card\" content=\"summary_large_image\" \/>\n<meta name=\"twitter:label1\" content=\"Tiempo de lectura\" \/>\n\t<meta name=\"twitter:data1\" content=\"4 minutos\" \/>\n<script type=\"application\/ld+json\" class=\"yoast-schema-graph\">{\"@context\":\"https:\/\/schema.org\",\"@graph\":[{\"@type\":\"WebPage\",\"@id\":\"https:\/\/koningdrone.be\/product\/insta360-one-rs-1-inch-360-lens-upgrade-bundle\/\",\"url\":\"https:\/\/koningdrone.be\/product\/insta360-one-rs-1-inch-360-lens-upgrade-bundle\/\",\"name\":\"INSTA360 One RS 1-inch 360 Lens Upgrade Bundle - koningdrone.be\",\"isPartOf\":{\"@id\":\"https:\/\/koningdrone.be\/#website\"},\"primaryImageOfPage\":{\"@id\":\"https:\/\/koningdrone.be\/product\/insta360-one-rs-1-inch-360-lens-upgrade-bundle\/#primaryimage\"},\"image\":{\"@id\":\"https:\/\/koningdrone.be\/product\/insta360-one-rs-1-inch-360-lens-upgrade-bundle\/#primaryimage\"},\"thumbnailUrl\":\"https:\/\/koningdrone.be\/wp-content\/uploads\/sites\/13\/2025\/04\/6970357854134-1.jpg\",\"datePublished\":\"2022-11-02T08:13:58+00:00\",\"dateModified\":\"2026-05-16T08:40:44+00:00\",\"breadcrumb\":{\"@id\":\"https:\/\/koningdrone.be\/product\/insta360-one-rs-1-inch-360-lens-upgrade-bundle\/#breadcrumb\"},\"inLanguage\":\"es\",\"potentialAction\":[{\"@type\":\"ReadAction\",\"target\":[\"https:\/\/koningdrone.be\/product\/insta360-one-rs-1-inch-360-lens-upgrade-bundle\/\"]}]},{\"@type\":\"ImageObject\",\"inLanguage\":\"es\",\"@id\":\"https:\/\/koningdrone.be\/product\/insta360-one-rs-1-inch-360-lens-upgrade-bundle\/#primaryimage\",\"url\":\"https:\/\/koningdrone.be\/wp-content\/uploads\/sites\/13\/2025\/04\/6970357854134-1.jpg\",\"contentUrl\":\"https:\/\/koningdrone.be\/wp-content\/uploads\/sites\/13\/2025\/04\/6970357854134-1.jpg\",\"width\":500,\"height\":500},{\"@type\":\"BreadcrumbList\",\"@id\":\"https:\/\/koningdrone.be\/product\/insta360-one-rs-1-inch-360-lens-upgrade-bundle\/#breadcrumb\",\"itemListElement\":[{\"@type\":\"ListItem\",\"position\":1,\"name\":\"Home\",\"item\":\"https:\/\/koningdrone.be\/\"},{\"@type\":\"ListItem\",\"position\":2,\"name\":\"AVSS Parachute Recovery System for DJI Matrice 300\/350\",\"item\":\"https:\/\/koningdrone.be\/product\/avss-parachute-recovery-system-for-dji-matrice-300-350\/\"},{\"@type\":\"ListItem\",\"position\":3,\"name\":\"Alle producten\",\"item\":\"https:\/\/koningdrone.be\/categorie\/alle-producten\/\"},{\"@type\":\"ListItem\",\"position\":4,\"name\":\"INSTA360 One RS 1-inch 360 Lens Upgrade Bundle\"}]},{\"@type\":\"WebSite\",\"@id\":\"https:\/\/koningdrone.be\/#website\",\"url\":\"https:\/\/koningdrone.be\/\",\"name\":\"Koningdrone.be - Uw online specialist in drones, gimbals, camera's en power stations.\",\"description\":\"De webshop in drones en gimbals\",\"publisher\":{\"@id\":\"https:\/\/koningdrone.be\/#organization\"},\"potentialAction\":[{\"@type\":\"SearchAction\",\"target\":{\"@type\":\"EntryPoint\",\"urlTemplate\":\"https:\/\/koningdrone.be\/?s={search_term_string}\"},\"query-input\":{\"@type\":\"PropertyValueSpecification\",\"valueRequired\":true,\"valueName\":\"search_term_string\"}}],\"inLanguage\":\"es\"},{\"@type\":\"Organization\",\"@id\":\"https:\/\/koningdrone.be\/#organization\",\"name\":\"Koningdrone.be\",\"url\":\"https:\/\/koningdrone.be\/\",\"logo\":{\"@type\":\"ImageObject\",\"inLanguage\":\"es\",\"@id\":\"https:\/\/koningdrone.be\/#\/schema\/logo\/image\/\",\"url\":\"https:\/\/koningdrone.be\/wp-content\/uploads\/sites\/13\/2025\/04\/koningdrone-copyright-logo.svg\",\"contentUrl\":\"https:\/\/koningdrone.be\/wp-content\/uploads\/sites\/13\/2025\/04\/koningdrone-copyright-logo.svg\",\"width\":227,\"height\":38,\"caption\":\"Koningdrone.be\"},\"image\":{\"@id\":\"https:\/\/koningdrone.be\/#\/schema\/logo\/image\/\"}}]}<\/script>\n<!-- \/ Yoast SEO Premium plugin. -->","yoast_head_json":{"title":"INSTA360 One RS 1-inch 360 Lens Upgrade Bundle - koningdrone.be","robots":{"index":"index","follow":"follow","max-snippet":"max-snippet:-1","max-image-preview":"max-image-preview:large","max-video-preview":"max-video-preview:-1"},"canonical":"https:\/\/koningdrone.be\/es\/producto\/insta360-one-rs-1-inch-360-lens-upgrade-bundle\/","og_locale":"es_ES","og_type":"article","og_title":"INSTA360 One RS 1-inch 360 Lens Upgrade Bundle","og_description":"Mede ontwikkeld met LeicaDubbele 1-inch sensorenScherpe 6k30fps 360 Capture21 MP 360 fotoGereed voor weinig lichtStabilisatie van de stroomtoestand360 Horizon-vergrendeling","og_url":"https:\/\/koningdrone.be\/es\/producto\/insta360-one-rs-1-inch-360-lens-upgrade-bundle\/","og_site_name":"koningdrone.be","article_modified_time":"2026-05-16T08:40:44+00:00","og_image":[{"width":500,"height":500,"url":"https:\/\/koningdrone.be\/wp-content\/uploads\/sites\/13\/2025\/04\/6970357854134-1.jpg","type":"image\/jpeg"}],"twitter_card":"summary_large_image","twitter_misc":{"Tiempo de lectura":"4 minutos"},"schema":{"@context":"https:\/\/schema.org","@graph":[{"@type":"WebPage","@id":"https:\/\/koningdrone.be\/product\/insta360-one-rs-1-inch-360-lens-upgrade-bundle\/","url":"https:\/\/koningdrone.be\/product\/insta360-one-rs-1-inch-360-lens-upgrade-bundle\/","name":"INSTA360 One RS 1-inch 360 Lens Upgrade Bundle - koningdrone.be","isPartOf":{"@id":"https:\/\/koningdrone.be\/#website"},"primaryImageOfPage":{"@id":"https:\/\/koningdrone.be\/product\/insta360-one-rs-1-inch-360-lens-upgrade-bundle\/#primaryimage"},"image":{"@id":"https:\/\/koningdrone.be\/product\/insta360-one-rs-1-inch-360-lens-upgrade-bundle\/#primaryimage"},"thumbnailUrl":"https:\/\/koningdrone.be\/wp-content\/uploads\/sites\/13\/2025\/04\/6970357854134-1.jpg","datePublished":"2022-11-02T08:13:58+00:00","dateModified":"2026-05-16T08:40:44+00:00","breadcrumb":{"@id":"https:\/\/koningdrone.be\/product\/insta360-one-rs-1-inch-360-lens-upgrade-bundle\/#breadcrumb"},"inLanguage":"es","potentialAction":[{"@type":"ReadAction","target":["https:\/\/koningdrone.be\/product\/insta360-one-rs-1-inch-360-lens-upgrade-bundle\/"]}]},{"@type":"ImageObject","inLanguage":"es","@id":"https:\/\/koningdrone.be\/product\/insta360-one-rs-1-inch-360-lens-upgrade-bundle\/#primaryimage","url":"https:\/\/koningdrone.be\/wp-content\/uploads\/sites\/13\/2025\/04\/6970357854134-1.jpg","contentUrl":"https:\/\/koningdrone.be\/wp-content\/uploads\/sites\/13\/2025\/04\/6970357854134-1.jpg","width":500,"height":500},{"@type":"BreadcrumbList","@id":"https:\/\/koningdrone.be\/product\/insta360-one-rs-1-inch-360-lens-upgrade-bundle\/#breadcrumb","itemListElement":[{"@type":"ListItem","position":1,"name":"Home","item":"https:\/\/koningdrone.be\/"},{"@type":"ListItem","position":2,"name":"AVSS Parachute Recovery System for DJI Matrice 300\/350","item":"https:\/\/koningdrone.be\/product\/avss-parachute-recovery-system-for-dji-matrice-300-350\/"},{"@type":"ListItem","position":3,"name":"Alle producten","item":"https:\/\/koningdrone.be\/categorie\/alle-producten\/"},{"@type":"ListItem","position":4,"name":"INSTA360 One RS 1-inch 360 Lens Upgrade Bundle"}]},{"@type":"WebSite","@id":"https:\/\/koningdrone.be\/#website","url":"https:\/\/koningdrone.be\/","name":"Koningdrone.be - Su especialista en l\u00ednea en drones, cardanes, c\u00e1maras y centrales el\u00e9ctricas.","description":"La tienda virtual de drones y cardanes","publisher":{"@id":"https:\/\/koningdrone.be\/#organization"},"potentialAction":[{"@type":"SearchAction","target":{"@type":"EntryPoint","urlTemplate":"https:\/\/koningdrone.be\/?s={search_term_string}"},"query-input":{"@type":"PropertyValueSpecification","valueRequired":true,"valueName":"search_term_string"}}],"inLanguage":"es"},{"@type":"Organization","@id":"https:\/\/koningdrone.be\/#organization","name":"Kingdrone.es","url":"https:\/\/koningdrone.be\/","logo":{"@type":"ImageObject","inLanguage":"es","@id":"https:\/\/koningdrone.be\/#\/schema\/logo\/image\/","url":"https:\/\/koningdrone.be\/wp-content\/uploads\/sites\/13\/2025\/04\/koningdrone-copyright-logo.svg","contentUrl":"https:\/\/koningdrone.be\/wp-content\/uploads\/sites\/13\/2025\/04\/koningdrone-copyright-logo.svg","width":227,"height":38,"caption":"Koningdrone.be"},"image":{"@id":"https:\/\/koningdrone.be\/#\/schema\/logo\/image\/"}}]}},"df_price":"","df_sale_price":"","df_regular_price":"","df_image_link":"https:\/\/koningdrone.be\/wp-content\/uploads\/sites\/13\/2025\/04\/6970357854134-1-300x300.jpg","_links":{"self":[{"href":"https:\/\/koningdrone.be\/es\/wp-json\/wp\/v2\/product\/5428","targetHints":{"allow":["GET"]}}],"collection":[{"href":"https:\/\/koningdrone.be\/es\/wp-json\/wp\/v2\/product"}],"about":[{"href":"https:\/\/koningdrone.be\/es\/wp-json\/wp\/v2\/types\/product"}],"wp:featuredmedia":[{"embeddable":true,"href":"https:\/\/koningdrone.be\/es\/wp-json\/wp\/v2\/media\/5427"}],"wp:attachment":[{"href":"https:\/\/koningdrone.be\/es\/wp-json\/wp\/v2\/media?parent=5428"}],"wp:term":[{"taxonomy":"product_brand","embeddable":true,"href":"https:\/\/koningdrone.be\/es\/wp-json\/wp\/v2\/product_brand?post=5428"},{"taxonomy":"product_cat","embeddable":true,"href":"https:\/\/koningdrone.be\/es\/wp-json\/wp\/v2\/product_cat?post=5428"},{"taxonomy":"product_tag","embeddable":true,"href":"https:\/\/koningdrone.be\/es\/wp-json\/wp\/v2\/product_tag?post=5428"}],"curies":[{"name":"wp","href":"https:\/\/api.w.org\/{rel}","templated":true}]}}