{"id":5426,"date":"2022-11-02T09:13:58","date_gmt":"2022-11-02T08:13:58","guid":{"rendered":"https:\/\/koningdrone.nl\/kon\/product\/insta360-one-rs-1-inch-360-edition\/"},"modified":"2026-05-16T10:40:43","modified_gmt":"2026-05-16T08:40:43","slug":"insta360-one-rs-1-inch-360-edition","status":"publish","type":"product","link":"https:\/\/koningdrone.be\/es\/producto\/insta360-one-rs-1-inch-360-edition\/","title":{"rendered":"INSTA360 One RS Edici\u00f3n 360 de 1 pulgada"},"content":{"rendered":"<h1>Insta360 One RS Edici\u00f3n 360 de 1 pulgada<\/h1>\n<p>La Insta360 One RS Edici\u00f3n 360 de 1 pulgada ofrece funciones vers\u00e1tiles, como Leica, sensores duales, bloqueo 360 Horizon y estabilizaci\u00f3n FlowState, que permiten capturar im\u00e1genes HD en diversas condiciones.<br \/>Imagen n\u00edtida con detalles claros:<br \/>Equipada con sensores CMOS duales, la Insta 360 ofrece una excelente calidad de imagen con un rango din\u00e1mico y unas sombras excepcionales, incluso con poca luz. Adem\u00e1s, cuenta con tecnolog\u00eda AI, lo que garantiza menos ruido y m\u00e1s detalle.<br \/>Im\u00e1genes HD estables:<br \/>Esta c\u00e1mara compacta viene con vistas en tercera persona, para que puedas hacer tomas tipo dron. Tambi\u00e9n cuenta con 360 Horison Lock, estabilizaci\u00f3n de 6 ejes, fotos 360 de 21 megap\u00edxeles y grabaci\u00f3n 360 6K, para que puedas hacer fotos estables y en alta definici\u00f3n.<br \/>F\u00e1cil de usar:<br \/>Con Quick Reader y Quick Menu, la Insta360 One RS 1-Inch 360 Edition le permite guardar archivos directamente en una tarjeta SD, transferir im\u00e1genes f\u00e1cilmente a su dispositivo compatible y seleccionar un modo de disparo sin esfuerzo.<br \/>Bater\u00eda potente y construcci\u00f3n duradera:<br \/>Equipada con una base de bater\u00eda vertical de 1350mAh, la Insta360 One 360 Edition puede manejar f\u00e1cilmente producciones de alto nivel. Adem\u00e1s, es resistente al agua IPX3, lo que la protege de salpicaduras ligeras.<\/p>","protected":false},"excerpt":{"rendered":"<p>Insta360 One RS 1-inch 360 Edition De Insta360 One RS 1-inch 360 Edition biedt veelzijdige functies, waaronder Leica, dubbele sensoren, 360 Horizon-vergrendeling en FlowState-stabilisatie, waardoor het vastleggen van HD-beelden in verschillende omstandigheden mogelijk is.Scherp beeld met duidelijke details:Uitgerust met dubbele CMOS-sensoren, geeft de Insta 360 een uitstekende beeldkwaliteit met een uitzonderlijk dynamisch bereik en schaduwen, [&hellip;]<\/p>\n","protected":false},"featured_media":5421,"template":"","meta":{"_acf_changed":false},"product_brand":[],"product_cat":[97,343],"product_tag":[],"class_list":{"0":"post-5426","1":"product","2":"type-product","3":"status-publish","4":"has-post-thumbnail","6":"product_cat-alle-producten","7":"product_cat-insta360","8":"product_shipping_class-outofstock","9":"pa_brand-insta360","10":"pa_productfamily-action-cam-accessoires","11":"pa_producttype-action-cam-accessoires","12":"pa_series-insta360-go","14":"first","15":"outofstock","16":"taxable","17":"shipping-taxable","18":"product-type-simple"},"acf":[],"yoast_head":"<!-- This site is optimized with the Yoast SEO Premium plugin v27.2 (Yoast SEO v27.2) - https:\/\/yoast.com\/product\/yoast-seo-premium-wordpress\/ -->\n<title>INSTA360 One RS 1-inch 360 Edition - koningdrone.be<\/title>\n<meta name=\"robots\" content=\"index, follow, max-snippet:-1, max-image-preview:large, max-video-preview:-1\" \/>\n<link rel=\"canonical\" href=\"https:\/\/koningdrone.be\/es\/producto\/insta360-one-rs-1-inch-360-edition\/\" \/>\n<meta property=\"og:locale\" content=\"es_ES\" \/>\n<meta property=\"og:type\" content=\"article\" \/>\n<meta property=\"og:title\" content=\"INSTA360 One RS 1-inch 360 Edition\" \/>\n<meta property=\"og:description\" content=\"Insta360 One RS 1-inch 360 Edition De Insta360 One RS 1-inch 360 Edition biedt veelzijdige functies, waaronder Leica, dubbele sensoren, 360 Horizon-vergrendeling en FlowState-stabilisatie, waardoor het vastleggen van HD-beelden in verschillende omstandigheden mogelijk is.Scherp beeld met duidelijke details:Uitgerust met dubbele CMOS-sensoren, geeft de Insta 360 een uitstekende beeldkwaliteit met een uitzonderlijk dynamisch bereik en schaduwen, [&hellip;]\" \/>\n<meta property=\"og:url\" content=\"https:\/\/koningdrone.be\/es\/producto\/insta360-one-rs-1-inch-360-edition\/\" \/>\n<meta property=\"og:site_name\" content=\"koningdrone.be\" \/>\n<meta property=\"article:modified_time\" content=\"2026-05-16T08:40:43+00:00\" \/>\n<meta property=\"og:image\" content=\"https:\/\/koningdrone.be\/wp-content\/uploads\/sites\/13\/2025\/04\/6970357853243-1.jpg\" \/>\n\t<meta property=\"og:image:width\" content=\"1500\" \/>\n\t<meta property=\"og:image:height\" content=\"1500\" \/>\n\t<meta property=\"og:image:type\" content=\"image\/jpeg\" \/>\n<meta name=\"twitter:card\" content=\"summary_large_image\" \/>\n<meta name=\"twitter:label1\" content=\"Tiempo de lectura\" \/>\n\t<meta name=\"twitter:data1\" content=\"1 minuto\" \/>\n<script type=\"application\/ld+json\" class=\"yoast-schema-graph\">{\"@context\":\"https:\/\/schema.org\",\"@graph\":[{\"@type\":\"WebPage\",\"@id\":\"https:\/\/koningdrone.be\/product\/insta360-one-rs-1-inch-360-edition\/\",\"url\":\"https:\/\/koningdrone.be\/product\/insta360-one-rs-1-inch-360-edition\/\",\"name\":\"INSTA360 One RS 1-inch 360 Edition - koningdrone.be\",\"isPartOf\":{\"@id\":\"https:\/\/koningdrone.be\/#website\"},\"primaryImageOfPage\":{\"@id\":\"https:\/\/koningdrone.be\/product\/insta360-one-rs-1-inch-360-edition\/#primaryimage\"},\"image\":{\"@id\":\"https:\/\/koningdrone.be\/product\/insta360-one-rs-1-inch-360-edition\/#primaryimage\"},\"thumbnailUrl\":\"https:\/\/koningdrone.be\/wp-content\/uploads\/sites\/13\/2025\/04\/6970357853243-1.jpg\",\"datePublished\":\"2022-11-02T08:13:58+00:00\",\"dateModified\":\"2026-05-16T08:40:43+00:00\",\"breadcrumb\":{\"@id\":\"https:\/\/koningdrone.be\/product\/insta360-one-rs-1-inch-360-edition\/#breadcrumb\"},\"inLanguage\":\"es\",\"potentialAction\":[{\"@type\":\"ReadAction\",\"target\":[\"https:\/\/koningdrone.be\/product\/insta360-one-rs-1-inch-360-edition\/\"]}]},{\"@type\":\"ImageObject\",\"inLanguage\":\"es\",\"@id\":\"https:\/\/koningdrone.be\/product\/insta360-one-rs-1-inch-360-edition\/#primaryimage\",\"url\":\"https:\/\/koningdrone.be\/wp-content\/uploads\/sites\/13\/2025\/04\/6970357853243-1.jpg\",\"contentUrl\":\"https:\/\/koningdrone.be\/wp-content\/uploads\/sites\/13\/2025\/04\/6970357853243-1.jpg\",\"width\":1500,\"height\":1500},{\"@type\":\"BreadcrumbList\",\"@id\":\"https:\/\/koningdrone.be\/product\/insta360-one-rs-1-inch-360-edition\/#breadcrumb\",\"itemListElement\":[{\"@type\":\"ListItem\",\"position\":1,\"name\":\"Home\",\"item\":\"https:\/\/koningdrone.be\/\"},{\"@type\":\"ListItem\",\"position\":2,\"name\":\"AVSS Parachute Recovery System for DJI Matrice 300\/350\",\"item\":\"https:\/\/koningdrone.be\/product\/avss-parachute-recovery-system-for-dji-matrice-300-350\/\"},{\"@type\":\"ListItem\",\"position\":3,\"name\":\"Alle producten\",\"item\":\"https:\/\/koningdrone.be\/categorie\/alle-producten\/\"},{\"@type\":\"ListItem\",\"position\":4,\"name\":\"INSTA360 One RS 1-inch 360 Edition\"}]},{\"@type\":\"WebSite\",\"@id\":\"https:\/\/koningdrone.be\/#website\",\"url\":\"https:\/\/koningdrone.be\/\",\"name\":\"Koningdrone.be - Uw online specialist in drones, gimbals, camera's en power stations.\",\"description\":\"De webshop in drones en gimbals\",\"publisher\":{\"@id\":\"https:\/\/koningdrone.be\/#organization\"},\"potentialAction\":[{\"@type\":\"SearchAction\",\"target\":{\"@type\":\"EntryPoint\",\"urlTemplate\":\"https:\/\/koningdrone.be\/?s={search_term_string}\"},\"query-input\":{\"@type\":\"PropertyValueSpecification\",\"valueRequired\":true,\"valueName\":\"search_term_string\"}}],\"inLanguage\":\"es\"},{\"@type\":\"Organization\",\"@id\":\"https:\/\/koningdrone.be\/#organization\",\"name\":\"Koningdrone.be\",\"url\":\"https:\/\/koningdrone.be\/\",\"logo\":{\"@type\":\"ImageObject\",\"inLanguage\":\"es\",\"@id\":\"https:\/\/koningdrone.be\/#\/schema\/logo\/image\/\",\"url\":\"https:\/\/koningdrone.be\/wp-content\/uploads\/sites\/13\/2025\/04\/koningdrone-copyright-logo.svg\",\"contentUrl\":\"https:\/\/koningdrone.be\/wp-content\/uploads\/sites\/13\/2025\/04\/koningdrone-copyright-logo.svg\",\"width\":227,\"height\":38,\"caption\":\"Koningdrone.be\"},\"image\":{\"@id\":\"https:\/\/koningdrone.be\/#\/schema\/logo\/image\/\"}}]}<\/script>\n<!-- \/ Yoast SEO Premium plugin. -->","yoast_head_json":{"title":"INSTA360 One RS 1-inch 360 Edition - koningdrone.be","robots":{"index":"index","follow":"follow","max-snippet":"max-snippet:-1","max-image-preview":"max-image-preview:large","max-video-preview":"max-video-preview:-1"},"canonical":"https:\/\/koningdrone.be\/es\/producto\/insta360-one-rs-1-inch-360-edition\/","og_locale":"es_ES","og_type":"article","og_title":"INSTA360 One RS 1-inch 360 Edition","og_description":"Insta360 One RS 1-inch 360 Edition De Insta360 One RS 1-inch 360 Edition biedt veelzijdige functies, waaronder Leica, dubbele sensoren, 360 Horizon-vergrendeling en FlowState-stabilisatie, waardoor het vastleggen van HD-beelden in verschillende omstandigheden mogelijk is.Scherp beeld met duidelijke details:Uitgerust met dubbele CMOS-sensoren, geeft de Insta 360 een uitstekende beeldkwaliteit met een uitzonderlijk dynamisch bereik en schaduwen, [&hellip;]","og_url":"https:\/\/koningdrone.be\/es\/producto\/insta360-one-rs-1-inch-360-edition\/","og_site_name":"koningdrone.be","article_modified_time":"2026-05-16T08:40:43+00:00","og_image":[{"width":1500,"height":1500,"url":"https:\/\/koningdrone.be\/wp-content\/uploads\/sites\/13\/2025\/04\/6970357853243-1.jpg","type":"image\/jpeg"}],"twitter_card":"summary_large_image","twitter_misc":{"Tiempo de lectura":"1 minuto"},"schema":{"@context":"https:\/\/schema.org","@graph":[{"@type":"WebPage","@id":"https:\/\/koningdrone.be\/product\/insta360-one-rs-1-inch-360-edition\/","url":"https:\/\/koningdrone.be\/product\/insta360-one-rs-1-inch-360-edition\/","name":"INSTA360 One RS 1-inch 360 Edition - koningdrone.be","isPartOf":{"@id":"https:\/\/koningdrone.be\/#website"},"primaryImageOfPage":{"@id":"https:\/\/koningdrone.be\/product\/insta360-one-rs-1-inch-360-edition\/#primaryimage"},"image":{"@id":"https:\/\/koningdrone.be\/product\/insta360-one-rs-1-inch-360-edition\/#primaryimage"},"thumbnailUrl":"https:\/\/koningdrone.be\/wp-content\/uploads\/sites\/13\/2025\/04\/6970357853243-1.jpg","datePublished":"2022-11-02T08:13:58+00:00","dateModified":"2026-05-16T08:40:43+00:00","breadcrumb":{"@id":"https:\/\/koningdrone.be\/product\/insta360-one-rs-1-inch-360-edition\/#breadcrumb"},"inLanguage":"es","potentialAction":[{"@type":"ReadAction","target":["https:\/\/koningdrone.be\/product\/insta360-one-rs-1-inch-360-edition\/"]}]},{"@type":"ImageObject","inLanguage":"es","@id":"https:\/\/koningdrone.be\/product\/insta360-one-rs-1-inch-360-edition\/#primaryimage","url":"https:\/\/koningdrone.be\/wp-content\/uploads\/sites\/13\/2025\/04\/6970357853243-1.jpg","contentUrl":"https:\/\/koningdrone.be\/wp-content\/uploads\/sites\/13\/2025\/04\/6970357853243-1.jpg","width":1500,"height":1500},{"@type":"BreadcrumbList","@id":"https:\/\/koningdrone.be\/product\/insta360-one-rs-1-inch-360-edition\/#breadcrumb","itemListElement":[{"@type":"ListItem","position":1,"name":"Home","item":"https:\/\/koningdrone.be\/"},{"@type":"ListItem","position":2,"name":"AVSS Parachute Recovery System for DJI Matrice 300\/350","item":"https:\/\/koningdrone.be\/product\/avss-parachute-recovery-system-for-dji-matrice-300-350\/"},{"@type":"ListItem","position":3,"name":"Alle producten","item":"https:\/\/koningdrone.be\/categorie\/alle-producten\/"},{"@type":"ListItem","position":4,"name":"INSTA360 One RS 1-inch 360 Edition"}]},{"@type":"WebSite","@id":"https:\/\/koningdrone.be\/#website","url":"https:\/\/koningdrone.be\/","name":"Koningdrone.be - Su especialista en l\u00ednea en drones, cardanes, c\u00e1maras y centrales el\u00e9ctricas.","description":"La tienda virtual de drones y cardanes","publisher":{"@id":"https:\/\/koningdrone.be\/#organization"},"potentialAction":[{"@type":"SearchAction","target":{"@type":"EntryPoint","urlTemplate":"https:\/\/koningdrone.be\/?s={search_term_string}"},"query-input":{"@type":"PropertyValueSpecification","valueRequired":true,"valueName":"search_term_string"}}],"inLanguage":"es"},{"@type":"Organization","@id":"https:\/\/koningdrone.be\/#organization","name":"Kingdrone.es","url":"https:\/\/koningdrone.be\/","logo":{"@type":"ImageObject","inLanguage":"es","@id":"https:\/\/koningdrone.be\/#\/schema\/logo\/image\/","url":"https:\/\/koningdrone.be\/wp-content\/uploads\/sites\/13\/2025\/04\/koningdrone-copyright-logo.svg","contentUrl":"https:\/\/koningdrone.be\/wp-content\/uploads\/sites\/13\/2025\/04\/koningdrone-copyright-logo.svg","width":227,"height":38,"caption":"Koningdrone.be"},"image":{"@id":"https:\/\/koningdrone.be\/#\/schema\/logo\/image\/"}}]}},"df_price":"","df_sale_price":"","df_regular_price":"","df_image_link":"https:\/\/koningdrone.be\/wp-content\/uploads\/sites\/13\/2025\/04\/6970357853243-1-300x300.jpg","_links":{"self":[{"href":"https:\/\/koningdrone.be\/es\/wp-json\/wp\/v2\/product\/5426","targetHints":{"allow":["GET"]}}],"collection":[{"href":"https:\/\/koningdrone.be\/es\/wp-json\/wp\/v2\/product"}],"about":[{"href":"https:\/\/koningdrone.be\/es\/wp-json\/wp\/v2\/types\/product"}],"wp:featuredmedia":[{"embeddable":true,"href":"https:\/\/koningdrone.be\/es\/wp-json\/wp\/v2\/media\/5421"}],"wp:attachment":[{"href":"https:\/\/koningdrone.be\/es\/wp-json\/wp\/v2\/media?parent=5426"}],"wp:term":[{"taxonomy":"product_brand","embeddable":true,"href":"https:\/\/koningdrone.be\/es\/wp-json\/wp\/v2\/product_brand?post=5426"},{"taxonomy":"product_cat","embeddable":true,"href":"https:\/\/koningdrone.be\/es\/wp-json\/wp\/v2\/product_cat?post=5426"},{"taxonomy":"product_tag","embeddable":true,"href":"https:\/\/koningdrone.be\/es\/wp-json\/wp\/v2\/product_tag?post=5426"}],"curies":[{"name":"wp","href":"https:\/\/api.w.org\/{rel}","templated":true}]}}