{"id":5420,"date":"2022-11-02T09:13:58","date_gmt":"2022-11-02T08:13:58","guid":{"rendered":"https:\/\/koningdrone.nl\/kon\/product\/insta360-premium-lens-guards\/"},"modified":"2026-05-17T08:00:54","modified_gmt":"2026-05-17T06:00:54","slug":"insta360-premium-lens-guards","status":"publish","type":"product","link":"https:\/\/koningdrone.be\/es\/producto\/insta360-premium-lens-guards\/","title":{"rendered":"Protectores de lente INSTA360 Premium"},"content":{"rendered":"<h1>Lentes protectoras Insta360 Premium<\/h1>\n<p>Proteja las lentes de su c\u00e1mara ONE X2 cuando utilice la c\u00e1mara bajo el agua con estos protectores de lente Premium de Insta360. El protector de lente envuelve la c\u00e1mara para cubrir ambas lentes con cubiertas de cristal y se bloquea con un cierre seguro. Est\u00e1 hecho de pl\u00e1stico ligero y puede proteger ambas lentes hasta 32,8\u2032 (10 m) bajo el agua sin perturbar la visi\u00f3n de la lente. Se incluye una bolsa de tela para guardar y transportar los protectores de objetivo.<br \/>Notas:<br \/>1. Cuando utilice el ONE X2 con los protectores de lente Premium bajo el agua, s\u00f3lo se admite el modo Steady Cam. (Utilice la Funda de Buceo del ONE X2 para las costuras 360 bajo el agua).<br \/>2. Antes de utilizarlo bajo el agua, compruebe que los protectores de lente Premium est\u00e1n correctamente instalados sumergiendo su ONE X2 (con los protectores de lente Premium instalados) en agua a 10 cm de profundidad durante 10 segundos. Si no hay fugas de agua, est\u00e1 listo para su uso bajo el agua.<\/p>","protected":false},"excerpt":{"rendered":"<ul>\n<li>Los protectores de lente premium reforzados proporcionan una protecci\u00f3n total para las lentes de ONE X2.<\/li>\n<li>Ajuste perfecto con un sistema de cierre seguro.<\/li>\n<li>Resistente al agua hasta 10 m.<\/li>\n<li>Construcci\u00f3n de pl\u00e1stico, metal y cristal<\/li>\n<li>Incluye protectores de lentes de alta calidad y bolsa de tela para guardarlos.<\/li>\n<\/ul>","protected":false},"featured_media":5418,"template":"","meta":{"_acf_changed":false},"product_brand":[],"product_cat":[97,343],"product_tag":[],"class_list":{"0":"post-5420","1":"product","2":"type-product","3":"status-publish","4":"has-post-thumbnail","6":"product_cat-alle-producten","7":"product_cat-insta360","8":"product_shipping_class-outofstock","9":"pa_brand-insta360","10":"pa_productfamily-action-cam-accessoires","11":"pa_producttype-action-cam-accessoires","12":"pa_series-insta360-go","14":"first","15":"outofstock","16":"taxable","17":"shipping-taxable","18":"product-type-simple"},"acf":[],"yoast_head":"<!-- This site is optimized with the Yoast SEO Premium plugin v27.2 (Yoast SEO v27.2) - https:\/\/yoast.com\/product\/yoast-seo-premium-wordpress\/ -->\n<title>INSTA360 Premium Lens Guards - koningdrone.be<\/title>\n<meta name=\"robots\" content=\"index, follow, max-snippet:-1, max-image-preview:large, max-video-preview:-1\" \/>\n<link rel=\"canonical\" href=\"https:\/\/koningdrone.be\/es\/producto\/insta360-premium-lens-guards\/\" \/>\n<meta property=\"og:locale\" content=\"es_ES\" \/>\n<meta property=\"og:type\" content=\"article\" \/>\n<meta property=\"og:title\" content=\"INSTA360 Premium Lens Guards\" \/>\n<meta property=\"og:description\" content=\"Versterkte premium lensbeschermers bieden volledige bescherming voor de lenzen van ONE X2.Perfecte pasvorm met een veilig sluitsysteem.Waterdicht tot 10m.Kunststof, metaal en glasconstructieInclusief premium lensbeschermers en stoffen opbergtas.\" \/>\n<meta property=\"og:url\" content=\"https:\/\/koningdrone.be\/es\/producto\/insta360-premium-lens-guards\/\" \/>\n<meta property=\"og:site_name\" content=\"koningdrone.be\" \/>\n<meta property=\"article:modified_time\" content=\"2026-05-17T06:00:54+00:00\" \/>\n<meta property=\"og:image\" content=\"https:\/\/koningdrone.be\/wp-content\/uploads\/sites\/13\/2025\/04\/6970357852574-1.png\" \/>\n\t<meta property=\"og:image:width\" content=\"600\" \/>\n\t<meta property=\"og:image:height\" content=\"600\" \/>\n\t<meta property=\"og:image:type\" content=\"image\/png\" \/>\n<meta name=\"twitter:card\" content=\"summary_large_image\" \/>\n<meta name=\"twitter:label1\" content=\"Tiempo de lectura\" \/>\n\t<meta name=\"twitter:data1\" content=\"1 minuto\" \/>\n<script type=\"application\/ld+json\" class=\"yoast-schema-graph\">{\"@context\":\"https:\/\/schema.org\",\"@graph\":[{\"@type\":\"WebPage\",\"@id\":\"https:\/\/koningdrone.be\/product\/insta360-premium-lens-guards\/\",\"url\":\"https:\/\/koningdrone.be\/product\/insta360-premium-lens-guards\/\",\"name\":\"INSTA360 Premium Lens Guards - koningdrone.be\",\"isPartOf\":{\"@id\":\"https:\/\/koningdrone.be\/#website\"},\"primaryImageOfPage\":{\"@id\":\"https:\/\/koningdrone.be\/product\/insta360-premium-lens-guards\/#primaryimage\"},\"image\":{\"@id\":\"https:\/\/koningdrone.be\/product\/insta360-premium-lens-guards\/#primaryimage\"},\"thumbnailUrl\":\"https:\/\/koningdrone.be\/wp-content\/uploads\/sites\/13\/2025\/04\/6970357852574-1.png\",\"datePublished\":\"2022-11-02T08:13:58+00:00\",\"dateModified\":\"2026-05-17T06:00:54+00:00\",\"breadcrumb\":{\"@id\":\"https:\/\/koningdrone.be\/product\/insta360-premium-lens-guards\/#breadcrumb\"},\"inLanguage\":\"es\",\"potentialAction\":[{\"@type\":\"ReadAction\",\"target\":[\"https:\/\/koningdrone.be\/product\/insta360-premium-lens-guards\/\"]}]},{\"@type\":\"ImageObject\",\"inLanguage\":\"es\",\"@id\":\"https:\/\/koningdrone.be\/product\/insta360-premium-lens-guards\/#primaryimage\",\"url\":\"https:\/\/koningdrone.be\/wp-content\/uploads\/sites\/13\/2025\/04\/6970357852574-1.png\",\"contentUrl\":\"https:\/\/koningdrone.be\/wp-content\/uploads\/sites\/13\/2025\/04\/6970357852574-1.png\",\"width\":600,\"height\":600},{\"@type\":\"BreadcrumbList\",\"@id\":\"https:\/\/koningdrone.be\/product\/insta360-premium-lens-guards\/#breadcrumb\",\"itemListElement\":[{\"@type\":\"ListItem\",\"position\":1,\"name\":\"Home\",\"item\":\"https:\/\/koningdrone.be\/\"},{\"@type\":\"ListItem\",\"position\":2,\"name\":\"AVSS Parachute Recovery System for DJI Matrice 300\/350\",\"item\":\"https:\/\/koningdrone.be\/product\/avss-parachute-recovery-system-for-dji-matrice-300-350\/\"},{\"@type\":\"ListItem\",\"position\":3,\"name\":\"Alle producten\",\"item\":\"https:\/\/koningdrone.be\/categorie\/alle-producten\/\"},{\"@type\":\"ListItem\",\"position\":4,\"name\":\"INSTA360 Premium Lens Guards\"}]},{\"@type\":\"WebSite\",\"@id\":\"https:\/\/koningdrone.be\/#website\",\"url\":\"https:\/\/koningdrone.be\/\",\"name\":\"Koningdrone.be - Uw online specialist in drones, gimbals, camera's en power stations.\",\"description\":\"De webshop in drones en gimbals\",\"publisher\":{\"@id\":\"https:\/\/koningdrone.be\/#organization\"},\"potentialAction\":[{\"@type\":\"SearchAction\",\"target\":{\"@type\":\"EntryPoint\",\"urlTemplate\":\"https:\/\/koningdrone.be\/?s={search_term_string}\"},\"query-input\":{\"@type\":\"PropertyValueSpecification\",\"valueRequired\":true,\"valueName\":\"search_term_string\"}}],\"inLanguage\":\"es\"},{\"@type\":\"Organization\",\"@id\":\"https:\/\/koningdrone.be\/#organization\",\"name\":\"Koningdrone.be\",\"url\":\"https:\/\/koningdrone.be\/\",\"logo\":{\"@type\":\"ImageObject\",\"inLanguage\":\"es\",\"@id\":\"https:\/\/koningdrone.be\/#\/schema\/logo\/image\/\",\"url\":\"https:\/\/koningdrone.be\/wp-content\/uploads\/sites\/13\/2025\/04\/koningdrone-copyright-logo.svg\",\"contentUrl\":\"https:\/\/koningdrone.be\/wp-content\/uploads\/sites\/13\/2025\/04\/koningdrone-copyright-logo.svg\",\"width\":227,\"height\":38,\"caption\":\"Koningdrone.be\"},\"image\":{\"@id\":\"https:\/\/koningdrone.be\/#\/schema\/logo\/image\/\"}}]}<\/script>\n<!-- \/ Yoast SEO Premium plugin. -->","yoast_head_json":{"title":"INSTA360 Premium Lens Guards - koningdrone.be","robots":{"index":"index","follow":"follow","max-snippet":"max-snippet:-1","max-image-preview":"max-image-preview:large","max-video-preview":"max-video-preview:-1"},"canonical":"https:\/\/koningdrone.be\/es\/producto\/insta360-premium-lens-guards\/","og_locale":"es_ES","og_type":"article","og_title":"INSTA360 Premium Lens Guards","og_description":"Versterkte premium lensbeschermers bieden volledige bescherming voor de lenzen van ONE X2.Perfecte pasvorm met een veilig sluitsysteem.Waterdicht tot 10m.Kunststof, metaal en glasconstructieInclusief premium lensbeschermers en stoffen opbergtas.","og_url":"https:\/\/koningdrone.be\/es\/producto\/insta360-premium-lens-guards\/","og_site_name":"koningdrone.be","article_modified_time":"2026-05-17T06:00:54+00:00","og_image":[{"width":600,"height":600,"url":"https:\/\/koningdrone.be\/wp-content\/uploads\/sites\/13\/2025\/04\/6970357852574-1.png","type":"image\/png"}],"twitter_card":"summary_large_image","twitter_misc":{"Tiempo de lectura":"1 minuto"},"schema":{"@context":"https:\/\/schema.org","@graph":[{"@type":"WebPage","@id":"https:\/\/koningdrone.be\/product\/insta360-premium-lens-guards\/","url":"https:\/\/koningdrone.be\/product\/insta360-premium-lens-guards\/","name":"INSTA360 Premium Lens Guards - koningdrone.be","isPartOf":{"@id":"https:\/\/koningdrone.be\/#website"},"primaryImageOfPage":{"@id":"https:\/\/koningdrone.be\/product\/insta360-premium-lens-guards\/#primaryimage"},"image":{"@id":"https:\/\/koningdrone.be\/product\/insta360-premium-lens-guards\/#primaryimage"},"thumbnailUrl":"https:\/\/koningdrone.be\/wp-content\/uploads\/sites\/13\/2025\/04\/6970357852574-1.png","datePublished":"2022-11-02T08:13:58+00:00","dateModified":"2026-05-17T06:00:54+00:00","breadcrumb":{"@id":"https:\/\/koningdrone.be\/product\/insta360-premium-lens-guards\/#breadcrumb"},"inLanguage":"es","potentialAction":[{"@type":"ReadAction","target":["https:\/\/koningdrone.be\/product\/insta360-premium-lens-guards\/"]}]},{"@type":"ImageObject","inLanguage":"es","@id":"https:\/\/koningdrone.be\/product\/insta360-premium-lens-guards\/#primaryimage","url":"https:\/\/koningdrone.be\/wp-content\/uploads\/sites\/13\/2025\/04\/6970357852574-1.png","contentUrl":"https:\/\/koningdrone.be\/wp-content\/uploads\/sites\/13\/2025\/04\/6970357852574-1.png","width":600,"height":600},{"@type":"BreadcrumbList","@id":"https:\/\/koningdrone.be\/product\/insta360-premium-lens-guards\/#breadcrumb","itemListElement":[{"@type":"ListItem","position":1,"name":"Home","item":"https:\/\/koningdrone.be\/"},{"@type":"ListItem","position":2,"name":"AVSS Parachute Recovery System for DJI Matrice 300\/350","item":"https:\/\/koningdrone.be\/product\/avss-parachute-recovery-system-for-dji-matrice-300-350\/"},{"@type":"ListItem","position":3,"name":"Alle producten","item":"https:\/\/koningdrone.be\/categorie\/alle-producten\/"},{"@type":"ListItem","position":4,"name":"INSTA360 Premium Lens Guards"}]},{"@type":"WebSite","@id":"https:\/\/koningdrone.be\/#website","url":"https:\/\/koningdrone.be\/","name":"Koningdrone.be - Su especialista en l\u00ednea en drones, cardanes, c\u00e1maras y centrales el\u00e9ctricas.","description":"La tienda virtual de drones y cardanes","publisher":{"@id":"https:\/\/koningdrone.be\/#organization"},"potentialAction":[{"@type":"SearchAction","target":{"@type":"EntryPoint","urlTemplate":"https:\/\/koningdrone.be\/?s={search_term_string}"},"query-input":{"@type":"PropertyValueSpecification","valueRequired":true,"valueName":"search_term_string"}}],"inLanguage":"es"},{"@type":"Organization","@id":"https:\/\/koningdrone.be\/#organization","name":"Kingdrone.es","url":"https:\/\/koningdrone.be\/","logo":{"@type":"ImageObject","inLanguage":"es","@id":"https:\/\/koningdrone.be\/#\/schema\/logo\/image\/","url":"https:\/\/koningdrone.be\/wp-content\/uploads\/sites\/13\/2025\/04\/koningdrone-copyright-logo.svg","contentUrl":"https:\/\/koningdrone.be\/wp-content\/uploads\/sites\/13\/2025\/04\/koningdrone-copyright-logo.svg","width":227,"height":38,"caption":"Koningdrone.be"},"image":{"@id":"https:\/\/koningdrone.be\/#\/schema\/logo\/image\/"}}]}},"df_price":"","df_sale_price":"","df_regular_price":"","df_image_link":"https:\/\/koningdrone.be\/wp-content\/uploads\/sites\/13\/2025\/04\/6970357852574-1-300x300.png","_links":{"self":[{"href":"https:\/\/koningdrone.be\/es\/wp-json\/wp\/v2\/product\/5420","targetHints":{"allow":["GET"]}}],"collection":[{"href":"https:\/\/koningdrone.be\/es\/wp-json\/wp\/v2\/product"}],"about":[{"href":"https:\/\/koningdrone.be\/es\/wp-json\/wp\/v2\/types\/product"}],"wp:featuredmedia":[{"embeddable":true,"href":"https:\/\/koningdrone.be\/es\/wp-json\/wp\/v2\/media\/5418"}],"wp:attachment":[{"href":"https:\/\/koningdrone.be\/es\/wp-json\/wp\/v2\/media?parent=5420"}],"wp:term":[{"taxonomy":"product_brand","embeddable":true,"href":"https:\/\/koningdrone.be\/es\/wp-json\/wp\/v2\/product_brand?post=5420"},{"taxonomy":"product_cat","embeddable":true,"href":"https:\/\/koningdrone.be\/es\/wp-json\/wp\/v2\/product_cat?post=5420"},{"taxonomy":"product_tag","embeddable":true,"href":"https:\/\/koningdrone.be\/es\/wp-json\/wp\/v2\/product_tag?post=5420"}],"curies":[{"name":"wp","href":"https:\/\/api.w.org\/{rel}","templated":true}]}}