{"id":5386,"date":"2022-11-02T09:13:58","date_gmt":"2022-11-02T08:13:58","guid":{"rendered":"https:\/\/koningdrone.nl\/kon\/product\/flir-vue-tz20-r-uas-payload-with-20x-zoom\/"},"modified":"2026-04-29T09:30:23","modified_gmt":"2026-04-29T07:30:23","slug":"flir-vue-tz20-r-uas-payload-with-20x-zoom","status":"publish","type":"product","link":"https:\/\/koningdrone.be\/es\/producto\/flir-vue-tz20-r-uas-payload-with-20x-zoom\/","title":{"rendered":"Carga \u00fatil FLIR VUE TZ20-R UAS con zoom 20X"},"content":{"rendered":"<h1> Carga \u00fatil FLIR VUE TZ20-R UAS con zoom 20X<\/h1>\n<p>Carga \u00fatil de dron de alta definici\u00f3n, radiom\u00e9trica y con zoom t\u00e9rmico<br \/>La carga \u00fatil de zoom t\u00e9rmico radiom\u00e9trico para drones VUE TZ20-R de fabricaci\u00f3n estadounidense permite a los pilotos de las series DJI V2 Matrice 200 y 300 ver y medir detalles t\u00e9rmicos que no son posibles con otras aeronaves y cargas \u00fatiles sUAS l\u00edderes. El TZ20-R est\u00e1 equipado con dos c\u00e1maras termogr\u00e1ficas FLIR Boson\u00ae que ponen cuatro veces m\u00e1s p\u00edxeles en el objetivo que la competencia en cada nivel de zoom y ofrecen una capacidad de zoom 20x sin igual. Los inspectores de empresas de servicios p\u00fablicos, contratistas de tejados, parques solares y otras empresas industriales pueden acercarse a los objetos, identificarlos con una claridad inigualable y tomar y registrar lecturas de temperatura radiom\u00e9tricas, todo ello desde una distancia segura.Los pilotos de emergencias en b\u00fasqueda y rescate, cuerpos de seguridad, extinci\u00f3n de incendios y seguridad p\u00fablica pueden utilizar el zoom t\u00e9rmico para detectar falsas alarmas y tomar decisiones cr\u00edticas con mayor rapidez. La combinaci\u00f3n del potente zoom t\u00e9rmico y la radiometr\u00eda permite realizar operaciones m\u00e1s eficaces con una b\u00fasqueda m\u00e1s r\u00e1pida, una supervisi\u00f3n silenciosa e inspecciones remotas m\u00e1s seguras.<br \/>Busque e inspeccione una zona m\u00e1s amplia en menos tiempo.<br \/>Rendimiento de zoom t\u00e9rmico y claridad inigualables a 5x, 10x y 20x.<br \/>Escanee y controle grandes \u00e1reas con un amplio campo de visi\u00f3n (FOV) de 95 grados<br \/>Zoom r\u00e1pido con un campo de visi\u00f3n m\u00e1s estrecho de 18 grados y niveles adicionales de zoom digital<br \/>Uso m\u00e1s eficiente de la bater\u00eda<br \/>Medici\u00f3n segura y precisa de la temperatura a grandes distancias.<br \/>Los dos sensores bos\u00f3n ofrecen 4 veces m\u00e1s p\u00edxeles radiom\u00e9tricos sobre el objetivo en cualquier nivel de zoom en comparaci\u00f3n con cualquier competidor.<br \/>Mida detalles t\u00e9rmicos precisos con la resoluci\u00f3n de 640 x 512 de los sensores de imagen t\u00e9rmica Boson.<br \/>Establecer isotermas para detectar objetos autom\u00e1ticamente.<br \/>Utiliza el zoom para completar la misi\u00f3n desde una distancia segura.<br \/>Listo para volar y medir.<br \/>Plug-and-play con DJI Matrice 300, DJI V2 Matrice serie 200 y software de informes de post-procesamiento.<br \/>Conexi\u00f3n al card\u00e1n Skyport V2.0<br \/>Uso de funciones t\u00e9rmicas integradas y grabaci\u00f3n en dos tarjetas microSD<br \/>Analizar datos t\u00e9rmicos en FLIR Thermal Studio y aplicaciones de terceros<\/p>","protected":false},"excerpt":{"rendered":"<p>FLIR VUE TZ20-R UAS Payload with 20X Zoom High definition, radiometrische, thermische zoom drone payloadMet de in de VS gemaakte VUE TZ20-R radiometrische thermische zoom-drone-payload kunnen DJI V2 Matrice 200- en 300-serie piloten thermische details zien en meten die niet mogelijk zijn met andere toonaangevende sUAS-vliegtuigen en payloads. De TZ20-R is uitgerust met twee FLIR [&hellip;]<\/p>\n","protected":false},"featured_media":5385,"template":"","meta":{"_acf_changed":false},"product_brand":[],"product_cat":[126,97],"product_tag":[],"class_list":{"0":"post-5386","1":"product","2":"type-product","3":"status-publish","4":"has-post-thumbnail","6":"product_cat-alle-payloads","7":"product_cat-alle-producten","8":"product_shipping_class-outofstock","9":"pa_brand-flir","10":"pa_series-flir","12":"first","13":"outofstock","14":"taxable","15":"shipping-taxable","16":"product-type-simple"},"acf":[],"yoast_head":"<!-- This site is optimized with the Yoast SEO Premium plugin v27.2 (Yoast SEO v27.2) - https:\/\/yoast.com\/product\/yoast-seo-premium-wordpress\/ -->\n<title>FLIR VUE TZ20-R UAS Payload with 20X Zoom - koningdrone.be<\/title>\n<meta name=\"robots\" content=\"index, follow, max-snippet:-1, max-image-preview:large, max-video-preview:-1\" \/>\n<link rel=\"canonical\" href=\"https:\/\/koningdrone.be\/es\/producto\/flir-vue-tz20-r-uas-payload-with-20x-zoom\/\" \/>\n<meta property=\"og:locale\" content=\"es_ES\" \/>\n<meta property=\"og:type\" content=\"article\" \/>\n<meta property=\"og:title\" content=\"FLIR VUE TZ20-R UAS Payload with 20X Zoom\" \/>\n<meta property=\"og:description\" content=\"FLIR VUE TZ20-R UAS Payload with 20X Zoom High definition, radiometrische, thermische zoom drone payloadMet de in de VS gemaakte VUE TZ20-R radiometrische thermische zoom-drone-payload kunnen DJI V2 Matrice 200- en 300-serie piloten thermische details zien en meten die niet mogelijk zijn met andere toonaangevende sUAS-vliegtuigen en payloads. De TZ20-R is uitgerust met twee FLIR [&hellip;]\" \/>\n<meta property=\"og:url\" content=\"https:\/\/koningdrone.be\/es\/producto\/flir-vue-tz20-r-uas-payload-with-20x-zoom\/\" \/>\n<meta property=\"og:site_name\" content=\"koningdrone.be\" \/>\n<meta property=\"article:modified_time\" content=\"2026-04-29T07:30:23+00:00\" \/>\n<meta property=\"og:image\" content=\"https:\/\/koningdrone.be\/wp-content\/uploads\/sites\/13\/2025\/04\/4251088413336-1.jpg\" \/>\n\t<meta property=\"og:image:width\" content=\"1280\" \/>\n\t<meta property=\"og:image:height\" content=\"800\" \/>\n\t<meta property=\"og:image:type\" content=\"image\/jpeg\" \/>\n<meta name=\"twitter:card\" content=\"summary_large_image\" \/>\n<meta name=\"twitter:label1\" content=\"Tiempo de lectura\" \/>\n\t<meta name=\"twitter:data1\" content=\"2 minutos\" \/>\n<script type=\"application\/ld+json\" class=\"yoast-schema-graph\">{\"@context\":\"https:\/\/schema.org\",\"@graph\":[{\"@type\":\"WebPage\",\"@id\":\"https:\/\/koningdrone.be\/product\/flir-vue-tz20-r-uas-payload-with-20x-zoom\/\",\"url\":\"https:\/\/koningdrone.be\/product\/flir-vue-tz20-r-uas-payload-with-20x-zoom\/\",\"name\":\"FLIR VUE TZ20-R UAS Payload with 20X Zoom - koningdrone.be\",\"isPartOf\":{\"@id\":\"https:\/\/koningdrone.be\/#website\"},\"primaryImageOfPage\":{\"@id\":\"https:\/\/koningdrone.be\/product\/flir-vue-tz20-r-uas-payload-with-20x-zoom\/#primaryimage\"},\"image\":{\"@id\":\"https:\/\/koningdrone.be\/product\/flir-vue-tz20-r-uas-payload-with-20x-zoom\/#primaryimage\"},\"thumbnailUrl\":\"https:\/\/koningdrone.be\/wp-content\/uploads\/sites\/13\/2025\/04\/4251088413336-1.jpg\",\"datePublished\":\"2022-11-02T08:13:58+00:00\",\"dateModified\":\"2026-04-29T07:30:23+00:00\",\"breadcrumb\":{\"@id\":\"https:\/\/koningdrone.be\/product\/flir-vue-tz20-r-uas-payload-with-20x-zoom\/#breadcrumb\"},\"inLanguage\":\"es\",\"potentialAction\":[{\"@type\":\"ReadAction\",\"target\":[\"https:\/\/koningdrone.be\/product\/flir-vue-tz20-r-uas-payload-with-20x-zoom\/\"]}]},{\"@type\":\"ImageObject\",\"inLanguage\":\"es\",\"@id\":\"https:\/\/koningdrone.be\/product\/flir-vue-tz20-r-uas-payload-with-20x-zoom\/#primaryimage\",\"url\":\"https:\/\/koningdrone.be\/wp-content\/uploads\/sites\/13\/2025\/04\/4251088413336-1.jpg\",\"contentUrl\":\"https:\/\/koningdrone.be\/wp-content\/uploads\/sites\/13\/2025\/04\/4251088413336-1.jpg\",\"width\":1280,\"height\":800},{\"@type\":\"BreadcrumbList\",\"@id\":\"https:\/\/koningdrone.be\/product\/flir-vue-tz20-r-uas-payload-with-20x-zoom\/#breadcrumb\",\"itemListElement\":[{\"@type\":\"ListItem\",\"position\":1,\"name\":\"Home\",\"item\":\"https:\/\/koningdrone.be\/\"},{\"@type\":\"ListItem\",\"position\":2,\"name\":\"AVSS Parachute Recovery System for DJI Matrice 300\/350\",\"item\":\"https:\/\/koningdrone.be\/product\/avss-parachute-recovery-system-for-dji-matrice-300-350\/\"},{\"@type\":\"ListItem\",\"position\":3,\"name\":\"Alle payloads\",\"item\":\"https:\/\/koningdrone.be\/categorie\/alle-payloads\/\"},{\"@type\":\"ListItem\",\"position\":4,\"name\":\"FLIR VUE TZ20-R UAS Payload with 20X Zoom\"}]},{\"@type\":\"WebSite\",\"@id\":\"https:\/\/koningdrone.be\/#website\",\"url\":\"https:\/\/koningdrone.be\/\",\"name\":\"Koningdrone.be - Uw online specialist in drones, gimbals, camera's en power stations.\",\"description\":\"De webshop in drones en gimbals\",\"publisher\":{\"@id\":\"https:\/\/koningdrone.be\/#organization\"},\"potentialAction\":[{\"@type\":\"SearchAction\",\"target\":{\"@type\":\"EntryPoint\",\"urlTemplate\":\"https:\/\/koningdrone.be\/?s={search_term_string}\"},\"query-input\":{\"@type\":\"PropertyValueSpecification\",\"valueRequired\":true,\"valueName\":\"search_term_string\"}}],\"inLanguage\":\"es\"},{\"@type\":\"Organization\",\"@id\":\"https:\/\/koningdrone.be\/#organization\",\"name\":\"Koningdrone.be\",\"url\":\"https:\/\/koningdrone.be\/\",\"logo\":{\"@type\":\"ImageObject\",\"inLanguage\":\"es\",\"@id\":\"https:\/\/koningdrone.be\/#\/schema\/logo\/image\/\",\"url\":\"https:\/\/koningdrone.be\/wp-content\/uploads\/sites\/13\/2025\/04\/koningdrone-copyright-logo.svg\",\"contentUrl\":\"https:\/\/koningdrone.be\/wp-content\/uploads\/sites\/13\/2025\/04\/koningdrone-copyright-logo.svg\",\"width\":227,\"height\":38,\"caption\":\"Koningdrone.be\"},\"image\":{\"@id\":\"https:\/\/koningdrone.be\/#\/schema\/logo\/image\/\"}}]}<\/script>\n<!-- \/ Yoast SEO Premium plugin. -->","yoast_head_json":{"title":"FLIR VUE TZ20-R UAS Payload with 20X Zoom - koningdrone.be","robots":{"index":"index","follow":"follow","max-snippet":"max-snippet:-1","max-image-preview":"max-image-preview:large","max-video-preview":"max-video-preview:-1"},"canonical":"https:\/\/koningdrone.be\/es\/producto\/flir-vue-tz20-r-uas-payload-with-20x-zoom\/","og_locale":"es_ES","og_type":"article","og_title":"FLIR VUE TZ20-R UAS Payload with 20X Zoom","og_description":"FLIR VUE TZ20-R UAS Payload with 20X Zoom High definition, radiometrische, thermische zoom drone payloadMet de in de VS gemaakte VUE TZ20-R radiometrische thermische zoom-drone-payload kunnen DJI V2 Matrice 200- en 300-serie piloten thermische details zien en meten die niet mogelijk zijn met andere toonaangevende sUAS-vliegtuigen en payloads. De TZ20-R is uitgerust met twee FLIR [&hellip;]","og_url":"https:\/\/koningdrone.be\/es\/producto\/flir-vue-tz20-r-uas-payload-with-20x-zoom\/","og_site_name":"koningdrone.be","article_modified_time":"2026-04-29T07:30:23+00:00","og_image":[{"width":1280,"height":800,"url":"https:\/\/koningdrone.be\/wp-content\/uploads\/sites\/13\/2025\/04\/4251088413336-1.jpg","type":"image\/jpeg"}],"twitter_card":"summary_large_image","twitter_misc":{"Tiempo de lectura":"2 minutos"},"schema":{"@context":"https:\/\/schema.org","@graph":[{"@type":"WebPage","@id":"https:\/\/koningdrone.be\/product\/flir-vue-tz20-r-uas-payload-with-20x-zoom\/","url":"https:\/\/koningdrone.be\/product\/flir-vue-tz20-r-uas-payload-with-20x-zoom\/","name":"FLIR VUE TZ20-R UAS Payload with 20X Zoom - koningdrone.be","isPartOf":{"@id":"https:\/\/koningdrone.be\/#website"},"primaryImageOfPage":{"@id":"https:\/\/koningdrone.be\/product\/flir-vue-tz20-r-uas-payload-with-20x-zoom\/#primaryimage"},"image":{"@id":"https:\/\/koningdrone.be\/product\/flir-vue-tz20-r-uas-payload-with-20x-zoom\/#primaryimage"},"thumbnailUrl":"https:\/\/koningdrone.be\/wp-content\/uploads\/sites\/13\/2025\/04\/4251088413336-1.jpg","datePublished":"2022-11-02T08:13:58+00:00","dateModified":"2026-04-29T07:30:23+00:00","breadcrumb":{"@id":"https:\/\/koningdrone.be\/product\/flir-vue-tz20-r-uas-payload-with-20x-zoom\/#breadcrumb"},"inLanguage":"es","potentialAction":[{"@type":"ReadAction","target":["https:\/\/koningdrone.be\/product\/flir-vue-tz20-r-uas-payload-with-20x-zoom\/"]}]},{"@type":"ImageObject","inLanguage":"es","@id":"https:\/\/koningdrone.be\/product\/flir-vue-tz20-r-uas-payload-with-20x-zoom\/#primaryimage","url":"https:\/\/koningdrone.be\/wp-content\/uploads\/sites\/13\/2025\/04\/4251088413336-1.jpg","contentUrl":"https:\/\/koningdrone.be\/wp-content\/uploads\/sites\/13\/2025\/04\/4251088413336-1.jpg","width":1280,"height":800},{"@type":"BreadcrumbList","@id":"https:\/\/koningdrone.be\/product\/flir-vue-tz20-r-uas-payload-with-20x-zoom\/#breadcrumb","itemListElement":[{"@type":"ListItem","position":1,"name":"Home","item":"https:\/\/koningdrone.be\/"},{"@type":"ListItem","position":2,"name":"AVSS Parachute Recovery System for DJI Matrice 300\/350","item":"https:\/\/koningdrone.be\/product\/avss-parachute-recovery-system-for-dji-matrice-300-350\/"},{"@type":"ListItem","position":3,"name":"Alle payloads","item":"https:\/\/koningdrone.be\/categorie\/alle-payloads\/"},{"@type":"ListItem","position":4,"name":"FLIR VUE TZ20-R UAS Payload with 20X Zoom"}]},{"@type":"WebSite","@id":"https:\/\/koningdrone.be\/#website","url":"https:\/\/koningdrone.be\/","name":"Koningdrone.be - Su especialista en l\u00ednea en drones, cardanes, c\u00e1maras y centrales el\u00e9ctricas.","description":"La tienda virtual de drones y cardanes","publisher":{"@id":"https:\/\/koningdrone.be\/#organization"},"potentialAction":[{"@type":"SearchAction","target":{"@type":"EntryPoint","urlTemplate":"https:\/\/koningdrone.be\/?s={search_term_string}"},"query-input":{"@type":"PropertyValueSpecification","valueRequired":true,"valueName":"search_term_string"}}],"inLanguage":"es"},{"@type":"Organization","@id":"https:\/\/koningdrone.be\/#organization","name":"Kingdrone.es","url":"https:\/\/koningdrone.be\/","logo":{"@type":"ImageObject","inLanguage":"es","@id":"https:\/\/koningdrone.be\/#\/schema\/logo\/image\/","url":"https:\/\/koningdrone.be\/wp-content\/uploads\/sites\/13\/2025\/04\/koningdrone-copyright-logo.svg","contentUrl":"https:\/\/koningdrone.be\/wp-content\/uploads\/sites\/13\/2025\/04\/koningdrone-copyright-logo.svg","width":227,"height":38,"caption":"Koningdrone.be"},"image":{"@id":"https:\/\/koningdrone.be\/#\/schema\/logo\/image\/"}}]}},"df_price":"","df_sale_price":"","df_regular_price":"","df_image_link":"https:\/\/koningdrone.be\/wp-content\/uploads\/sites\/13\/2025\/04\/4251088413336-1-300x188.jpg","_links":{"self":[{"href":"https:\/\/koningdrone.be\/es\/wp-json\/wp\/v2\/product\/5386","targetHints":{"allow":["GET"]}}],"collection":[{"href":"https:\/\/koningdrone.be\/es\/wp-json\/wp\/v2\/product"}],"about":[{"href":"https:\/\/koningdrone.be\/es\/wp-json\/wp\/v2\/types\/product"}],"wp:featuredmedia":[{"embeddable":true,"href":"https:\/\/koningdrone.be\/es\/wp-json\/wp\/v2\/media\/5385"}],"wp:attachment":[{"href":"https:\/\/koningdrone.be\/es\/wp-json\/wp\/v2\/media?parent=5386"}],"wp:term":[{"taxonomy":"product_brand","embeddable":true,"href":"https:\/\/koningdrone.be\/es\/wp-json\/wp\/v2\/product_brand?post=5386"},{"taxonomy":"product_cat","embeddable":true,"href":"https:\/\/koningdrone.be\/es\/wp-json\/wp\/v2\/product_cat?post=5386"},{"taxonomy":"product_tag","embeddable":true,"href":"https:\/\/koningdrone.be\/es\/wp-json\/wp\/v2\/product_tag?post=5386"}],"curies":[{"name":"wp","href":"https:\/\/api.w.org\/{rel}","templated":true}]}}