{"id":5346,"date":"2022-11-02T09:14:06","date_gmt":"2022-11-02T08:14:06","guid":{"rendered":"https:\/\/koningdrone.nl\/kon\/product\/insta360-sphere\/"},"modified":"2026-05-17T08:01:06","modified_gmt":"2026-05-17T06:01:06","slug":"insta360-sphere","status":"publish","type":"product","link":"https:\/\/koningdrone.be\/es\/producto\/insta360-sphere\/","title":{"rendered":"Esfera INSTA360"},"content":{"rendered":"<h1>Esfera Insta360<\/h1>\n<p>Insta360 Sphere, la c\u00e1mara 360 invisible para drones, es la soluci\u00f3n definitiva para convertir un dron DJI Mavic Air 2\/2S en una todopoderosa herramienta de producci\u00f3n de contenidos.<br \/>Con la c\u00e1mara acoplada, el dron se vuelve completamente invisible en las im\u00e1genes de 360 grados, mientras que su estructura ligera y sus controles intuitivos hacen que la filmaci\u00f3n a\u00e9rea de 360 grados sea m\u00e1s f\u00e1cil que nunca.<br \/>Insta360 Sphere ofrece im\u00e1genes envolventes sin necesidad de comprar un nuevo dron ni tener conocimientos profesionales de pilotaje o edici\u00f3n.<br \/>Desarrollado por el software l\u00edder del sector de Insta360, Sphere desbloquea infinitas formas de crear contenido asombroso a partir de tomas de drones.<br \/>Im\u00e1genes convincentes sin curva de aprendizaje:<br \/>Desde impresionantes paisajes a vistas urbanas, los pilotos de drones llevan a\u00f1os haciendo impresionantes tomas a\u00e9reas.<br \/>Pero la principal limitaci\u00f3n de las c\u00e1maras gran angular es que s\u00f3lo pueden capturar en una direcci\u00f3n.<br \/>La capacidad de un usuario para obtener las mejores im\u00e1genes depende de sus habilidades de vuelo y de las maniobras que pueda realizar en tiempo real.<br \/>Esto ya no es as\u00ed con Insta360 Sphere. Al filmar en 5,7K 360, los usuarios pueden ajustar el \u00e1ngulo y la direcci\u00f3n de la c\u00e1mara en su v\u00eddeo a posteriori.<br \/>Con las sencillas herramientas de reorientaci\u00f3n de la aplicaci\u00f3n Insta360 y el escritorio Studio, cualquiera puede a\u00f1adir emocionantes giros a sus tomas a\u00e9reas en la postproducci\u00f3n, proporcionando im\u00e1genes similares a las de FPV en un dron f\u00e1cil de manejar.<br \/>Grabar con una c\u00e1mara 360 tambi\u00e9n ofrece la posibilidad de obtener m\u00faltiples ediciones del mismo vuelo, adem\u00e1s de las tomas gran angular del propio dron.<br \/>Un dron realmente invisible:<br \/>Muchos usuarios de drones est\u00e1n acostumbrados a montar una c\u00e1mara de 360 grados encima o debajo de su dron para obtener im\u00e1genes de 360 grados.<br \/>Pero como las c\u00e1maras 360 filman en todas direcciones, esto significa que la mitad del v\u00eddeo suele estar obstruido por el propio dron, lo que requiere un tedioso postprocesado o un software de edici\u00f3n de v\u00eddeo de pago para eliminarlo.<br \/>En Insta360 Sphere, las lentes de la c\u00e1mara est\u00e1n montadas exactamente a ambos lados del dron para garantizar que \u00e9ste sea invisible en las im\u00e1genes resultantes.<br \/>El algoritmo de cosido din\u00e1mico patentado de Insta360 hace que todo el dron (incluidas las h\u00e9lices) desaparezca autom\u00e1ticamente, proporcionando al usuario tomas gloriosas e ininterrumpidas.<br \/>Vuelo suave, disparos m\u00e1s suaves:<br \/>La estabilizaci\u00f3n de imagen es crucial para capturar tomas a\u00e9reas envolventes. La tecnolog\u00eda de estabilizaci\u00f3n FlowState, propiedad de Insta360, se ha perfeccionado en Insta360 Sphere para garantizar tomas a\u00e9reas superestables en cualquier condici\u00f3n.<br \/>Perfectamente compatible:<br \/>Compatible con el Mavic Air 2\/2S, la c\u00e1mara se fija al dron con un mecanismo de bloqueo ultraseguro. No afecta a la integridad estructural del dron ni interfiere con la se\u00f1al GPS o el sistema de control remoto.<br \/>Potente paquete de edici\u00f3n de IA:<br \/>Sphere representa una continuaci\u00f3n de la misi\u00f3n de Insta360 de ayudar a las personas a capturar y compartir mejor sus vidas, haciendo que el software de encuadre y edici\u00f3n en 360\u00ba de Insta360, l\u00edder del sector, sea accesible a un mayor n\u00famero de creadores.<br \/>Los usuarios de Sphere pueden editar sus v\u00eddeos con las mismas funciones basadas en IA que la serie Insta360 ONE en la aplicaci\u00f3n Insta360. Efectos creativos como giros de barril y zooms dolly son tan f\u00e1ciles como un toque.<\/p>","protected":false},"excerpt":{"rendered":"<ul>\n<li>Compatible con DJI Mavic Air 2\/2S<\/li>\n<\/ul>","protected":false},"featured_media":5341,"template":"","meta":{"_acf_changed":false},"product_brand":[],"product_cat":[97,343],"product_tag":[],"class_list":{"0":"post-5346","1":"product","2":"type-product","3":"status-publish","4":"has-post-thumbnail","6":"product_cat-alle-producten","7":"product_cat-insta360","8":"product_shipping_class-outofstock","9":"pa_brand-insta360","10":"pa_productfamily-action-cam-accessoires","11":"pa_producttype-action-cam-accessoires","12":"pa_series-insta360-go","14":"first","15":"outofstock","16":"taxable","17":"shipping-taxable","18":"product-type-simple"},"acf":[],"yoast_head":"<!-- This site is optimized with the Yoast SEO Premium plugin v27.2 (Yoast SEO v27.2) - https:\/\/yoast.com\/product\/yoast-seo-premium-wordpress\/ -->\n<title>INSTA360 Sphere - koningdrone.be<\/title>\n<meta name=\"robots\" content=\"index, follow, max-snippet:-1, max-image-preview:large, max-video-preview:-1\" \/>\n<link rel=\"canonical\" href=\"https:\/\/koningdrone.be\/es\/producto\/insta360-sphere\/\" \/>\n<meta property=\"og:locale\" content=\"es_ES\" \/>\n<meta property=\"og:type\" content=\"article\" \/>\n<meta property=\"og:title\" content=\"INSTA360 Sphere\" \/>\n<meta property=\"og:description\" content=\"ompatibel met DJI Mavic Air 2\/2S\" \/>\n<meta property=\"og:url\" content=\"https:\/\/koningdrone.be\/es\/producto\/insta360-sphere\/\" \/>\n<meta property=\"og:site_name\" content=\"koningdrone.be\" \/>\n<meta property=\"article:modified_time\" content=\"2026-05-17T06:01:06+00:00\" \/>\n<meta property=\"og:image\" content=\"https:\/\/koningdrone.be\/wp-content\/uploads\/sites\/13\/2025\/04\/6970357853526-1.jpg\" \/>\n\t<meta property=\"og:image:width\" content=\"800\" \/>\n\t<meta property=\"og:image:height\" content=\"800\" \/>\n\t<meta property=\"og:image:type\" content=\"image\/jpeg\" \/>\n<meta name=\"twitter:card\" content=\"summary_large_image\" \/>\n<meta name=\"twitter:label1\" content=\"Tiempo de lectura\" \/>\n\t<meta name=\"twitter:data1\" content=\"2 minutos\" \/>\n<script type=\"application\/ld+json\" class=\"yoast-schema-graph\">{\"@context\":\"https:\/\/schema.org\",\"@graph\":[{\"@type\":\"WebPage\",\"@id\":\"https:\/\/koningdrone.be\/product\/insta360-sphere\/\",\"url\":\"https:\/\/koningdrone.be\/product\/insta360-sphere\/\",\"name\":\"INSTA360 Sphere - koningdrone.be\",\"isPartOf\":{\"@id\":\"https:\/\/koningdrone.be\/#website\"},\"primaryImageOfPage\":{\"@id\":\"https:\/\/koningdrone.be\/product\/insta360-sphere\/#primaryimage\"},\"image\":{\"@id\":\"https:\/\/koningdrone.be\/product\/insta360-sphere\/#primaryimage\"},\"thumbnailUrl\":\"https:\/\/koningdrone.be\/wp-content\/uploads\/sites\/13\/2025\/04\/6970357853526-1.jpg\",\"datePublished\":\"2022-11-02T08:14:06+00:00\",\"dateModified\":\"2026-05-17T06:01:06+00:00\",\"breadcrumb\":{\"@id\":\"https:\/\/koningdrone.be\/product\/insta360-sphere\/#breadcrumb\"},\"inLanguage\":\"es\",\"potentialAction\":[{\"@type\":\"ReadAction\",\"target\":[\"https:\/\/koningdrone.be\/product\/insta360-sphere\/\"]}]},{\"@type\":\"ImageObject\",\"inLanguage\":\"es\",\"@id\":\"https:\/\/koningdrone.be\/product\/insta360-sphere\/#primaryimage\",\"url\":\"https:\/\/koningdrone.be\/wp-content\/uploads\/sites\/13\/2025\/04\/6970357853526-1.jpg\",\"contentUrl\":\"https:\/\/koningdrone.be\/wp-content\/uploads\/sites\/13\/2025\/04\/6970357853526-1.jpg\",\"width\":800,\"height\":800},{\"@type\":\"BreadcrumbList\",\"@id\":\"https:\/\/koningdrone.be\/product\/insta360-sphere\/#breadcrumb\",\"itemListElement\":[{\"@type\":\"ListItem\",\"position\":1,\"name\":\"Home\",\"item\":\"https:\/\/koningdrone.be\/\"},{\"@type\":\"ListItem\",\"position\":2,\"name\":\"AVSS Parachute Recovery System for DJI Matrice 300\/350\",\"item\":\"https:\/\/koningdrone.be\/product\/avss-parachute-recovery-system-for-dji-matrice-300-350\/\"},{\"@type\":\"ListItem\",\"position\":3,\"name\":\"Alle producten\",\"item\":\"https:\/\/koningdrone.be\/categorie\/alle-producten\/\"},{\"@type\":\"ListItem\",\"position\":4,\"name\":\"INSTA360 Sphere\"}]},{\"@type\":\"WebSite\",\"@id\":\"https:\/\/koningdrone.be\/#website\",\"url\":\"https:\/\/koningdrone.be\/\",\"name\":\"Koningdrone.be - Uw online specialist in drones, gimbals, camera's en power stations.\",\"description\":\"De webshop in drones en gimbals\",\"publisher\":{\"@id\":\"https:\/\/koningdrone.be\/#organization\"},\"potentialAction\":[{\"@type\":\"SearchAction\",\"target\":{\"@type\":\"EntryPoint\",\"urlTemplate\":\"https:\/\/koningdrone.be\/?s={search_term_string}\"},\"query-input\":{\"@type\":\"PropertyValueSpecification\",\"valueRequired\":true,\"valueName\":\"search_term_string\"}}],\"inLanguage\":\"es\"},{\"@type\":\"Organization\",\"@id\":\"https:\/\/koningdrone.be\/#organization\",\"name\":\"Koningdrone.be\",\"url\":\"https:\/\/koningdrone.be\/\",\"logo\":{\"@type\":\"ImageObject\",\"inLanguage\":\"es\",\"@id\":\"https:\/\/koningdrone.be\/#\/schema\/logo\/image\/\",\"url\":\"https:\/\/koningdrone.be\/wp-content\/uploads\/sites\/13\/2025\/04\/koningdrone-copyright-logo.svg\",\"contentUrl\":\"https:\/\/koningdrone.be\/wp-content\/uploads\/sites\/13\/2025\/04\/koningdrone-copyright-logo.svg\",\"width\":227,\"height\":38,\"caption\":\"Koningdrone.be\"},\"image\":{\"@id\":\"https:\/\/koningdrone.be\/#\/schema\/logo\/image\/\"}}]}<\/script>\n<!-- \/ Yoast SEO Premium plugin. -->","yoast_head_json":{"title":"INSTA360 Sphere - koningdrone.be","robots":{"index":"index","follow":"follow","max-snippet":"max-snippet:-1","max-image-preview":"max-image-preview:large","max-video-preview":"max-video-preview:-1"},"canonical":"https:\/\/koningdrone.be\/es\/producto\/insta360-sphere\/","og_locale":"es_ES","og_type":"article","og_title":"INSTA360 Sphere","og_description":"ompatibel met DJI Mavic Air 2\/2S","og_url":"https:\/\/koningdrone.be\/es\/producto\/insta360-sphere\/","og_site_name":"koningdrone.be","article_modified_time":"2026-05-17T06:01:06+00:00","og_image":[{"width":800,"height":800,"url":"https:\/\/koningdrone.be\/wp-content\/uploads\/sites\/13\/2025\/04\/6970357853526-1.jpg","type":"image\/jpeg"}],"twitter_card":"summary_large_image","twitter_misc":{"Tiempo de lectura":"2 minutos"},"schema":{"@context":"https:\/\/schema.org","@graph":[{"@type":"WebPage","@id":"https:\/\/koningdrone.be\/product\/insta360-sphere\/","url":"https:\/\/koningdrone.be\/product\/insta360-sphere\/","name":"INSTA360 Sphere - koningdrone.be","isPartOf":{"@id":"https:\/\/koningdrone.be\/#website"},"primaryImageOfPage":{"@id":"https:\/\/koningdrone.be\/product\/insta360-sphere\/#primaryimage"},"image":{"@id":"https:\/\/koningdrone.be\/product\/insta360-sphere\/#primaryimage"},"thumbnailUrl":"https:\/\/koningdrone.be\/wp-content\/uploads\/sites\/13\/2025\/04\/6970357853526-1.jpg","datePublished":"2022-11-02T08:14:06+00:00","dateModified":"2026-05-17T06:01:06+00:00","breadcrumb":{"@id":"https:\/\/koningdrone.be\/product\/insta360-sphere\/#breadcrumb"},"inLanguage":"es","potentialAction":[{"@type":"ReadAction","target":["https:\/\/koningdrone.be\/product\/insta360-sphere\/"]}]},{"@type":"ImageObject","inLanguage":"es","@id":"https:\/\/koningdrone.be\/product\/insta360-sphere\/#primaryimage","url":"https:\/\/koningdrone.be\/wp-content\/uploads\/sites\/13\/2025\/04\/6970357853526-1.jpg","contentUrl":"https:\/\/koningdrone.be\/wp-content\/uploads\/sites\/13\/2025\/04\/6970357853526-1.jpg","width":800,"height":800},{"@type":"BreadcrumbList","@id":"https:\/\/koningdrone.be\/product\/insta360-sphere\/#breadcrumb","itemListElement":[{"@type":"ListItem","position":1,"name":"Home","item":"https:\/\/koningdrone.be\/"},{"@type":"ListItem","position":2,"name":"AVSS Parachute Recovery System for DJI Matrice 300\/350","item":"https:\/\/koningdrone.be\/product\/avss-parachute-recovery-system-for-dji-matrice-300-350\/"},{"@type":"ListItem","position":3,"name":"Alle producten","item":"https:\/\/koningdrone.be\/categorie\/alle-producten\/"},{"@type":"ListItem","position":4,"name":"INSTA360 Sphere"}]},{"@type":"WebSite","@id":"https:\/\/koningdrone.be\/#website","url":"https:\/\/koningdrone.be\/","name":"Koningdrone.be - Su especialista en l\u00ednea en drones, cardanes, c\u00e1maras y centrales el\u00e9ctricas.","description":"La tienda virtual de drones y cardanes","publisher":{"@id":"https:\/\/koningdrone.be\/#organization"},"potentialAction":[{"@type":"SearchAction","target":{"@type":"EntryPoint","urlTemplate":"https:\/\/koningdrone.be\/?s={search_term_string}"},"query-input":{"@type":"PropertyValueSpecification","valueRequired":true,"valueName":"search_term_string"}}],"inLanguage":"es"},{"@type":"Organization","@id":"https:\/\/koningdrone.be\/#organization","name":"Kingdrone.es","url":"https:\/\/koningdrone.be\/","logo":{"@type":"ImageObject","inLanguage":"es","@id":"https:\/\/koningdrone.be\/#\/schema\/logo\/image\/","url":"https:\/\/koningdrone.be\/wp-content\/uploads\/sites\/13\/2025\/04\/koningdrone-copyright-logo.svg","contentUrl":"https:\/\/koningdrone.be\/wp-content\/uploads\/sites\/13\/2025\/04\/koningdrone-copyright-logo.svg","width":227,"height":38,"caption":"Koningdrone.be"},"image":{"@id":"https:\/\/koningdrone.be\/#\/schema\/logo\/image\/"}}]}},"df_price":"","df_sale_price":"","df_regular_price":"","df_image_link":"https:\/\/koningdrone.be\/wp-content\/uploads\/sites\/13\/2025\/04\/6970357853526-1-300x300.jpg","_links":{"self":[{"href":"https:\/\/koningdrone.be\/es\/wp-json\/wp\/v2\/product\/5346","targetHints":{"allow":["GET"]}}],"collection":[{"href":"https:\/\/koningdrone.be\/es\/wp-json\/wp\/v2\/product"}],"about":[{"href":"https:\/\/koningdrone.be\/es\/wp-json\/wp\/v2\/types\/product"}],"wp:featuredmedia":[{"embeddable":true,"href":"https:\/\/koningdrone.be\/es\/wp-json\/wp\/v2\/media\/5341"}],"wp:attachment":[{"href":"https:\/\/koningdrone.be\/es\/wp-json\/wp\/v2\/media?parent=5346"}],"wp:term":[{"taxonomy":"product_brand","embeddable":true,"href":"https:\/\/koningdrone.be\/es\/wp-json\/wp\/v2\/product_brand?post=5346"},{"taxonomy":"product_cat","embeddable":true,"href":"https:\/\/koningdrone.be\/es\/wp-json\/wp\/v2\/product_cat?post=5346"},{"taxonomy":"product_tag","embeddable":true,"href":"https:\/\/koningdrone.be\/es\/wp-json\/wp\/v2\/product_tag?post=5346"}],"curies":[{"name":"wp","href":"https:\/\/api.w.org\/{rel}","templated":true}]}}