{"id":5310,"date":"2022-11-02T09:14:25","date_gmt":"2022-11-02T08:14:25","guid":{"rendered":"https:\/\/koningdrone.nl\/kon\/product\/parachute-zephyr-for-matrice-300-rtk-with-crash-detection\/"},"modified":"2026-04-29T09:30:29","modified_gmt":"2026-04-29T07:30:29","slug":"parachute-zephyr-for-matrice-300-rtk-with-crash-detection","status":"publish","type":"product","link":"https:\/\/koningdrone.be\/es\/producto\/parachute-zephyr-for-matrice-300-rtk-with-crash-detection\/","title":{"rendered":"Paraca\u00eddas Zephyr para Matrice 300 RTK con detecci\u00f3n de colisiones"},"content":{"rendered":"<h1>Paraca\u00eddas Zephyr para Matrice 300 RTK con detecci\u00f3n de colisiones<\/h1>\n<p>Con el sencillo juego de paraca\u00eddas y disyuntor Z\u00e9phyr M300 para dron DJI Matrice 300 RTK, puede asegurar sus vuelos y ralentizar la velocidad de ca\u00edda de su Matrice 300 RTK en caso de problemas, simplemente solicitando que se apaguen los motores y se despliegue el paraca\u00eddas. con el mando a distancia aut\u00f3nomo dedicado.<br \/>\nPuede elegir entre disyuntores internos o externos. Posibilidad de retirar f\u00e1cil y r\u00e1pidamente el paraca\u00eddas de tu dron, especialmente durante un escenario S2.<br \/>\nEl sistema de paraca\u00eddas m\u00e1s ligero del mercado: \u00a1s\u00f3lo 450 g!<br \/>\nEl kit b\u00e1sico de paraca\u00eddas incluye un sistema ultrarr\u00e1pido de eyecci\u00f3n de lona de CO2 y un mando a distancia aut\u00f3nomo espec\u00edfico con 30 horas de autonom\u00eda (acoplable al Smart Controller).<br \/>\nEl paraca\u00eddas tambi\u00e9n est\u00e1 disponible en un kit homologado DGAC S2 S3 con un disyuntor interno (para instalar en el taller) o externo (para colocar entre las bater\u00edas y el dron). Cada versi\u00f3n del disyuntor incluye una alarma sonora y soporte para alimentar y cargar el paraca\u00eddas cuando el dron est\u00e1 encendido.<br \/>\nEl sistema de paraca\u00eddas de desactivaci\u00f3n del motor m\u00e1s ligero del mundo.<br \/>\nEl kit de paraca\u00eddas + disyuntor interno es la soluci\u00f3n m\u00e1s ligera disponible en el mercado, con un peso total de s\u00f3lo 455 g. Mantiene la capacidad de carga \u00fatil principal para el DJI M300 en el escenario S3: \u00a11,25 kg de carga \u00fatil disponible! En el escenario S2, el peso m\u00e1ximo posible aumenta a 2,25 kg.<br \/>\nTenga en cuenta que con una carga \u00fatil equivalente, el tiempo de vuelo con el paraca\u00eddas Z\u00e9phyr es mayor que con cualquier otro sistema de paraca\u00eddas.<br \/>\nEl disyuntor interno es instalado en el dron por nosotros en el taller. La operaci\u00f3n es reversible, no modifica el dron y garantiza el mantenimiento de la garant\u00eda de f\u00e1brica de DJI. El m\u00f3dulo de alarma de audio se conecta al conector USB-C disponible bajo el dron.<br \/>\nEl disyuntor puede utilizarse solo, sin paraca\u00eddas, para aumentar la carga disponible y el tiempo de vuelo para el escenario S2. \u00a1La carga \u00fatil del Matrice 300 en el escenario S2 aumenta a 2,7 kg en esta configuraci\u00f3n!<br \/>\nConfiguraci\u00f3n ultrarr\u00e1pida del sistema<br \/>\nFijado a los 4 pods superiores del dron, el paraca\u00eddas puede desmontarse en menos de un minuto. En nuestra tienda hay disponible un soporte opcional para fijarlo debajo del dron cuando se utiliza la vaina superior.<br \/>\nEl kit con los disyuntores externos tambi\u00e9n puede desmontarse en segundos. Los m\u00f3dulos de disyuntores se insertan f\u00e1cilmente entre las bater\u00edas y el dron. Incluyen inmediatamente la alarma ac\u00fastica. Su peso es de 200 g.<br \/>\nTodos los elementos del kit pueden guardarse en el estuche de vuelo original suministrado por DJI con el dron.<br \/>\nEl sistema de CO2 m\u00e1s r\u00e1pido, fiable y eficaz<br \/>\nEl sistema de inyecci\u00f3n de CO2 del paraca\u00eddas Z\u00e9phyr est\u00e1 probado y es utilizado por la mayor\u00eda de los pilotos de drones franceses desde hace m\u00e1s de 5 a\u00f1os. Innumerables pruebas y mejoras sucesivas han llevado a este sistema a un nivel de fiabilidad nunca antes alcanzado en un paraca\u00eddas para drones.<br \/>\nEl gas presurizado (\u00a160 bares!) se libera en una fracci\u00f3n de segundo para propulsar la tela del paraca\u00eddas fuera de su contenedor. El exceso de gas liberado (cada cartucho contiene varias decenas de litros) se utiliza para acelerar el despliegue de las telas y minimizar la p\u00e9rdida de altura cuando se activa el paraca\u00eddas.<br \/>\nEl sistema puede reiniciarse en cuesti\u00f3n de segundos. El cartucho de CO2 es el \u00fanico consumible que debe sustituirse tras la implantaci\u00f3n en el sistema, y un cartucho cuesta s\u00f3lo unos pocos d\u00f3lares.<br \/>\nEn el sistema de paraca\u00eddas de lona \u00fanica Z\u00e9phyr M300, el sistema de eyecci\u00f3n de CO2 permite expulsar y abrir la lona en s\u00f3lo 1,2 s, lo que corresponde a una p\u00e9rdida de altitud de 15 m a partir de una velocidad de ca\u00edda inicial de unos 6 m\/s.<br \/>\nLas fundas de paraca\u00eddas para drones m\u00e1s ligeras, estables y eficaces<br \/>\nLos nuevos tejidos PARA\u00b2 utilizados en los sistemas de paraca\u00eddas Z\u00e9phyr son el resultado de 3 a\u00f1os de desarrollo. Su innovador dise\u00f1o ultraligero y su concepci\u00f3n \u00fanica confieren a los tejidos PARA\u00b2 una eficacia y una estabilidad superiores. En los sistemas de lona simple, la tasa de hundimiento se minimiza en relaci\u00f3n con la superficie de la lona. Cuando se utilizan por parejas, los tejidos PARA\u00b2 no interfieren entre s\u00ed y optimizan la tasa de ca\u00edda global. Cada paraca\u00eddas Zephyr est\u00e1 dise\u00f1ado para que la(s) lona(s) mantenga(n) el dron lo m\u00e1s plano posible durante su ca\u00edda para minimizar los da\u00f1os durante el impacto.<br \/>\nEn el sistema de paraca\u00eddas de lona \u00fanica Z\u00e9phyr M300, la velocidad de ca\u00edda para una masa de 8 kg es de s\u00f3lo 3,2 m\/s, es decir, una energ\u00eda de impacto de s\u00f3lo 41 J, muy inferior a los 69 J m\u00e1ximos permitidos en Francia.<br \/>\nUn sistema cifrado de comunicaci\u00f3n a larga distancia<br \/>\nEl sistema de comunicaci\u00f3n de largo alcance entre la radio y el paraca\u00eddas se basa en tecnolog\u00edas avanzadas y modulaci\u00f3n LoRa. El alcance puede alcanzar varios kil\u00f3metros en condiciones \u00f3ptimas, y una opci\u00f3n de largo alcance permite superar los 10 km.<br \/>\nEl protocolo de comunicaci\u00f3n se basa en frecuencias de 869 MHz, libres de autorizaci\u00f3n (son posibles las opciones de 433 y 915 MHz). El cifrado de 128 bits garantiza que los datos no sean interceptados y que se notifique al usuario en caso de fallo de la comunicaci\u00f3n.<br \/>\nFunciones \u00fatiles para el usuario<br \/>\nEl paraca\u00eddas, el disyuntor y los m\u00f3dulos de radiocontrol est\u00e1n equipados con LED para indicar el estado y las funciones avanzadas.<br \/>\nLos LED indican la carga restante de la bater\u00eda al encenderse y apagarse, as\u00ed como el nivel de bater\u00eda durante la carga. En funcionamiento, indican el estado instant\u00e1neo del sistema: funcionamiento correcto, p\u00e9rdida de enlace de radio, nivel de bater\u00eda bajo, etc.<br \/>\nCombinado con un disyuntor, el paraca\u00eddas se conecta autom\u00e1ticamente cuando se enciende el dron. Sin se\u00f1al y si olvidas apagar el paraca\u00eddas o el radiomando, los m\u00f3dulos se apagan autom\u00e1ticamente al cabo de 10 minutos.<br \/>\nUn sistema de registro con marca de tiempo integrado en el paraca\u00eddas y la radio. Registra las acciones de disparo realizadas por el usuario con fines de diagn\u00f3stico.<br \/>\nMuchas opciones . \u00a1por delante de la normativa!<br \/>\nLas opciones disponibles con los paraca\u00eddas Z\u00e9phyr le permiten adelantarse a la normativa francesa y europea.<br \/>\nEn el lado del mando a distancia, es posible a\u00f1adir un segundo bot\u00f3n de disparo redundante. Este segundo bot\u00f3n evita la posible pulsaci\u00f3n intempestiva de un solo bot\u00f3n y duplica la autonom\u00eda del mando a distancia. Las tapas de seguridad protegen los botones de pulsaciones accidentales. Un m\u00f3dulo zumbador est\u00e1 disponible bajo pedido. Genera un aviso sonoro en caso de p\u00e9rdida de conexi\u00f3n con el paraca\u00eddas. Con una opci\u00f3n de largo alcance, el alcance de la radio puede ampliarse a m\u00e1s de 10 km si es necesario. Tambi\u00e9n es posible conectar varios radiomandos a un paraca\u00eddas, o varios paraca\u00eddas a un radiomando.<br \/>\nPor lo que respecta a los paraca\u00eddas, existe un m\u00f3dulo de detecci\u00f3n de choques y despliegue autom\u00e1tico disponible bajo pedido. Este m\u00f3dulo ser\u00e1 compatible con el tiempo con las normas ASTM3322 y las futuras normas europeas (clases C5 y C6 para los escenarios STS-01 y STS-02).<\/p>","protected":false},"excerpt":{"rendered":"<p>Parachute Zephyr for Matrice 300 RTK with crash detection Met de eenvoudige parachute en Z\u00e9phyr M300 stroomonderbrekerset voor DJI Matrice 300 RTK drone kunt u uw vluchten beveiligen en de valsnelheid van uw Matrice 300 RTK vertragen in geval van problemen, simpelweg door te vragen dat de motoren worden uitgeschakeld en de parachute wordt ingezet. [&hellip;]<\/p>\n","protected":false},"featured_media":5307,"template":"","meta":{"_acf_changed":false},"product_brand":[],"product_cat":[292,97,152],"product_tag":[],"class_list":{"0":"post-5310","1":"product","2":"type-product","3":"status-publish","4":"has-post-thumbnail","6":"product_cat-alle-parachutes","7":"product_cat-alle-producten","8":"product_cat-dji-matrice-300","9":"product_shipping_class-outofstock","10":"pa_brand-zephyr","11":"pa_productfamily-parachute","12":"pa_producttype-parachute","13":"pa_series-matrice-300","15":"first","16":"outofstock","17":"taxable","18":"shipping-taxable","19":"product-type-simple"},"acf":[],"yoast_head":"<!-- This site is optimized with the Yoast SEO Premium plugin v27.2 (Yoast SEO v27.2) - https:\/\/yoast.com\/product\/yoast-seo-premium-wordpress\/ -->\n<title>Parachute Zephyr for Matrice 300 RTK with crash detection - koningdrone.be<\/title>\n<meta name=\"robots\" content=\"index, follow, max-snippet:-1, max-image-preview:large, max-video-preview:-1\" \/>\n<link rel=\"canonical\" href=\"https:\/\/koningdrone.be\/es\/producto\/parachute-zephyr-for-matrice-300-rtk-with-crash-detection\/\" \/>\n<meta property=\"og:locale\" content=\"es_ES\" \/>\n<meta property=\"og:type\" content=\"article\" \/>\n<meta property=\"og:title\" content=\"Parachute Zephyr for Matrice 300 RTK with crash detection\" \/>\n<meta property=\"og:description\" content=\"Parachute Zephyr for Matrice 300 RTK with crash detection Met de eenvoudige parachute en Z\u00e9phyr M300 stroomonderbrekerset voor DJI Matrice 300 RTK drone kunt u uw vluchten beveiligen en de valsnelheid van uw Matrice 300 RTK vertragen in geval van problemen, simpelweg door te vragen dat de motoren worden uitgeschakeld en de parachute wordt ingezet. [&hellip;]\" \/>\n<meta property=\"og:url\" content=\"https:\/\/koningdrone.be\/es\/producto\/parachute-zephyr-for-matrice-300-rtk-with-crash-detection\/\" \/>\n<meta property=\"og:site_name\" content=\"koningdrone.be\" \/>\n<meta property=\"article:modified_time\" content=\"2026-04-29T07:30:29+00:00\" \/>\n<meta property=\"og:image\" content=\"https:\/\/koningdrone.be\/wp-content\/uploads\/sites\/13\/2025\/04\/3770013280542-1.webp\" \/>\n\t<meta property=\"og:image:width\" content=\"800\" \/>\n\t<meta property=\"og:image:height\" content=\"800\" \/>\n\t<meta property=\"og:image:type\" content=\"image\/webp\" \/>\n<meta name=\"twitter:card\" content=\"summary_large_image\" \/>\n<meta name=\"twitter:label1\" content=\"Tiempo de lectura\" \/>\n\t<meta name=\"twitter:data1\" content=\"5 minutos\" \/>\n<script type=\"application\/ld+json\" class=\"yoast-schema-graph\">{\"@context\":\"https:\/\/schema.org\",\"@graph\":[{\"@type\":\"WebPage\",\"@id\":\"https:\/\/koningdrone.be\/product\/parachute-zephyr-for-matrice-300-rtk-with-crash-detection\/\",\"url\":\"https:\/\/koningdrone.be\/product\/parachute-zephyr-for-matrice-300-rtk-with-crash-detection\/\",\"name\":\"Parachute Zephyr for Matrice 300 RTK with crash detection - koningdrone.be\",\"isPartOf\":{\"@id\":\"https:\/\/koningdrone.be\/#website\"},\"primaryImageOfPage\":{\"@id\":\"https:\/\/koningdrone.be\/product\/parachute-zephyr-for-matrice-300-rtk-with-crash-detection\/#primaryimage\"},\"image\":{\"@id\":\"https:\/\/koningdrone.be\/product\/parachute-zephyr-for-matrice-300-rtk-with-crash-detection\/#primaryimage\"},\"thumbnailUrl\":\"https:\/\/koningdrone.be\/wp-content\/uploads\/sites\/13\/2025\/04\/3770013280542-1.webp\",\"datePublished\":\"2022-11-02T08:14:25+00:00\",\"dateModified\":\"2026-04-29T07:30:29+00:00\",\"breadcrumb\":{\"@id\":\"https:\/\/koningdrone.be\/product\/parachute-zephyr-for-matrice-300-rtk-with-crash-detection\/#breadcrumb\"},\"inLanguage\":\"es\",\"potentialAction\":[{\"@type\":\"ReadAction\",\"target\":[\"https:\/\/koningdrone.be\/product\/parachute-zephyr-for-matrice-300-rtk-with-crash-detection\/\"]}]},{\"@type\":\"ImageObject\",\"inLanguage\":\"es\",\"@id\":\"https:\/\/koningdrone.be\/product\/parachute-zephyr-for-matrice-300-rtk-with-crash-detection\/#primaryimage\",\"url\":\"https:\/\/koningdrone.be\/wp-content\/uploads\/sites\/13\/2025\/04\/3770013280542-1.webp\",\"contentUrl\":\"https:\/\/koningdrone.be\/wp-content\/uploads\/sites\/13\/2025\/04\/3770013280542-1.webp\",\"width\":800,\"height\":800},{\"@type\":\"BreadcrumbList\",\"@id\":\"https:\/\/koningdrone.be\/product\/parachute-zephyr-for-matrice-300-rtk-with-crash-detection\/#breadcrumb\",\"itemListElement\":[{\"@type\":\"ListItem\",\"position\":1,\"name\":\"Home\",\"item\":\"https:\/\/koningdrone.be\/\"},{\"@type\":\"ListItem\",\"position\":2,\"name\":\"AVSS Parachute Recovery System for DJI Matrice 300\/350\",\"item\":\"https:\/\/koningdrone.be\/product\/avss-parachute-recovery-system-for-dji-matrice-300-350\/\"},{\"@type\":\"ListItem\",\"position\":3,\"name\":\"Alle parachutes\",\"item\":\"https:\/\/koningdrone.be\/categorie\/alle-parachutes\/\"},{\"@type\":\"ListItem\",\"position\":4,\"name\":\"Parachute Zephyr for Matrice 300 RTK with crash detection\"}]},{\"@type\":\"WebSite\",\"@id\":\"https:\/\/koningdrone.be\/#website\",\"url\":\"https:\/\/koningdrone.be\/\",\"name\":\"Koningdrone.be - Uw online specialist in drones, gimbals, camera's en power stations.\",\"description\":\"De webshop in drones en gimbals\",\"publisher\":{\"@id\":\"https:\/\/koningdrone.be\/#organization\"},\"potentialAction\":[{\"@type\":\"SearchAction\",\"target\":{\"@type\":\"EntryPoint\",\"urlTemplate\":\"https:\/\/koningdrone.be\/?s={search_term_string}\"},\"query-input\":{\"@type\":\"PropertyValueSpecification\",\"valueRequired\":true,\"valueName\":\"search_term_string\"}}],\"inLanguage\":\"es\"},{\"@type\":\"Organization\",\"@id\":\"https:\/\/koningdrone.be\/#organization\",\"name\":\"Koningdrone.be\",\"url\":\"https:\/\/koningdrone.be\/\",\"logo\":{\"@type\":\"ImageObject\",\"inLanguage\":\"es\",\"@id\":\"https:\/\/koningdrone.be\/#\/schema\/logo\/image\/\",\"url\":\"https:\/\/koningdrone.be\/wp-content\/uploads\/sites\/13\/2025\/04\/koningdrone-copyright-logo.svg\",\"contentUrl\":\"https:\/\/koningdrone.be\/wp-content\/uploads\/sites\/13\/2025\/04\/koningdrone-copyright-logo.svg\",\"width\":227,\"height\":38,\"caption\":\"Koningdrone.be\"},\"image\":{\"@id\":\"https:\/\/koningdrone.be\/#\/schema\/logo\/image\/\"}}]}<\/script>\n<!-- \/ Yoast SEO Premium plugin. -->","yoast_head_json":{"title":"Parachute Zephyr for Matrice 300 RTK with crash detection - koningdrone.be","robots":{"index":"index","follow":"follow","max-snippet":"max-snippet:-1","max-image-preview":"max-image-preview:large","max-video-preview":"max-video-preview:-1"},"canonical":"https:\/\/koningdrone.be\/es\/producto\/parachute-zephyr-for-matrice-300-rtk-with-crash-detection\/","og_locale":"es_ES","og_type":"article","og_title":"Parachute Zephyr for Matrice 300 RTK with crash detection","og_description":"Parachute Zephyr for Matrice 300 RTK with crash detection Met de eenvoudige parachute en Z\u00e9phyr M300 stroomonderbrekerset voor DJI Matrice 300 RTK drone kunt u uw vluchten beveiligen en de valsnelheid van uw Matrice 300 RTK vertragen in geval van problemen, simpelweg door te vragen dat de motoren worden uitgeschakeld en de parachute wordt ingezet. [&hellip;]","og_url":"https:\/\/koningdrone.be\/es\/producto\/parachute-zephyr-for-matrice-300-rtk-with-crash-detection\/","og_site_name":"koningdrone.be","article_modified_time":"2026-04-29T07:30:29+00:00","og_image":[{"width":800,"height":800,"url":"https:\/\/koningdrone.be\/wp-content\/uploads\/sites\/13\/2025\/04\/3770013280542-1.webp","type":"image\/webp"}],"twitter_card":"summary_large_image","twitter_misc":{"Tiempo de lectura":"5 minutos"},"schema":{"@context":"https:\/\/schema.org","@graph":[{"@type":"WebPage","@id":"https:\/\/koningdrone.be\/product\/parachute-zephyr-for-matrice-300-rtk-with-crash-detection\/","url":"https:\/\/koningdrone.be\/product\/parachute-zephyr-for-matrice-300-rtk-with-crash-detection\/","name":"Parachute Zephyr for Matrice 300 RTK with crash detection - koningdrone.be","isPartOf":{"@id":"https:\/\/koningdrone.be\/#website"},"primaryImageOfPage":{"@id":"https:\/\/koningdrone.be\/product\/parachute-zephyr-for-matrice-300-rtk-with-crash-detection\/#primaryimage"},"image":{"@id":"https:\/\/koningdrone.be\/product\/parachute-zephyr-for-matrice-300-rtk-with-crash-detection\/#primaryimage"},"thumbnailUrl":"https:\/\/koningdrone.be\/wp-content\/uploads\/sites\/13\/2025\/04\/3770013280542-1.webp","datePublished":"2022-11-02T08:14:25+00:00","dateModified":"2026-04-29T07:30:29+00:00","breadcrumb":{"@id":"https:\/\/koningdrone.be\/product\/parachute-zephyr-for-matrice-300-rtk-with-crash-detection\/#breadcrumb"},"inLanguage":"es","potentialAction":[{"@type":"ReadAction","target":["https:\/\/koningdrone.be\/product\/parachute-zephyr-for-matrice-300-rtk-with-crash-detection\/"]}]},{"@type":"ImageObject","inLanguage":"es","@id":"https:\/\/koningdrone.be\/product\/parachute-zephyr-for-matrice-300-rtk-with-crash-detection\/#primaryimage","url":"https:\/\/koningdrone.be\/wp-content\/uploads\/sites\/13\/2025\/04\/3770013280542-1.webp","contentUrl":"https:\/\/koningdrone.be\/wp-content\/uploads\/sites\/13\/2025\/04\/3770013280542-1.webp","width":800,"height":800},{"@type":"BreadcrumbList","@id":"https:\/\/koningdrone.be\/product\/parachute-zephyr-for-matrice-300-rtk-with-crash-detection\/#breadcrumb","itemListElement":[{"@type":"ListItem","position":1,"name":"Home","item":"https:\/\/koningdrone.be\/"},{"@type":"ListItem","position":2,"name":"AVSS Parachute Recovery System for DJI Matrice 300\/350","item":"https:\/\/koningdrone.be\/product\/avss-parachute-recovery-system-for-dji-matrice-300-350\/"},{"@type":"ListItem","position":3,"name":"Alle parachutes","item":"https:\/\/koningdrone.be\/categorie\/alle-parachutes\/"},{"@type":"ListItem","position":4,"name":"Parachute Zephyr for Matrice 300 RTK with crash detection"}]},{"@type":"WebSite","@id":"https:\/\/koningdrone.be\/#website","url":"https:\/\/koningdrone.be\/","name":"Koningdrone.be - Su especialista en l\u00ednea en drones, cardanes, c\u00e1maras y centrales el\u00e9ctricas.","description":"La tienda virtual de drones y cardanes","publisher":{"@id":"https:\/\/koningdrone.be\/#organization"},"potentialAction":[{"@type":"SearchAction","target":{"@type":"EntryPoint","urlTemplate":"https:\/\/koningdrone.be\/?s={search_term_string}"},"query-input":{"@type":"PropertyValueSpecification","valueRequired":true,"valueName":"search_term_string"}}],"inLanguage":"es"},{"@type":"Organization","@id":"https:\/\/koningdrone.be\/#organization","name":"Kingdrone.es","url":"https:\/\/koningdrone.be\/","logo":{"@type":"ImageObject","inLanguage":"es","@id":"https:\/\/koningdrone.be\/#\/schema\/logo\/image\/","url":"https:\/\/koningdrone.be\/wp-content\/uploads\/sites\/13\/2025\/04\/koningdrone-copyright-logo.svg","contentUrl":"https:\/\/koningdrone.be\/wp-content\/uploads\/sites\/13\/2025\/04\/koningdrone-copyright-logo.svg","width":227,"height":38,"caption":"Koningdrone.be"},"image":{"@id":"https:\/\/koningdrone.be\/#\/schema\/logo\/image\/"}}]}},"df_price":"","df_sale_price":"","df_regular_price":"","df_image_link":"https:\/\/koningdrone.be\/wp-content\/uploads\/sites\/13\/2025\/04\/3770013280542-1-300x300.webp","_links":{"self":[{"href":"https:\/\/koningdrone.be\/es\/wp-json\/wp\/v2\/product\/5310","targetHints":{"allow":["GET"]}}],"collection":[{"href":"https:\/\/koningdrone.be\/es\/wp-json\/wp\/v2\/product"}],"about":[{"href":"https:\/\/koningdrone.be\/es\/wp-json\/wp\/v2\/types\/product"}],"wp:featuredmedia":[{"embeddable":true,"href":"https:\/\/koningdrone.be\/es\/wp-json\/wp\/v2\/media\/5307"}],"wp:attachment":[{"href":"https:\/\/koningdrone.be\/es\/wp-json\/wp\/v2\/media?parent=5310"}],"wp:term":[{"taxonomy":"product_brand","embeddable":true,"href":"https:\/\/koningdrone.be\/es\/wp-json\/wp\/v2\/product_brand?post=5310"},{"taxonomy":"product_cat","embeddable":true,"href":"https:\/\/koningdrone.be\/es\/wp-json\/wp\/v2\/product_cat?post=5310"},{"taxonomy":"product_tag","embeddable":true,"href":"https:\/\/koningdrone.be\/es\/wp-json\/wp\/v2\/product_tag?post=5310"}],"curies":[{"name":"wp","href":"https:\/\/api.w.org\/{rel}","templated":true}]}}