{"id":5306,"date":"2022-11-02T09:14:25","date_gmt":"2022-11-02T08:14:25","guid":{"rendered":"https:\/\/koningdrone.nl\/kon\/product\/double-canvas-parachute-zephyr-for-matrice-300-rtk\/"},"modified":"2026-04-29T09:30:31","modified_gmt":"2026-04-29T07:30:31","slug":"double-canvas-parachute-zephyr-for-matrice-300-rtk","status":"publish","type":"product","link":"https:\/\/koningdrone.be\/es\/producto\/double-canvas-parachute-zephyr-for-matrice-300-rtk\/","title":{"rendered":"Paraca\u00eddas de lona doble Zephyr para Matrice 300 RTK"},"content":{"rendered":"<h1>Paraca\u00eddas de lona doble Zephyr para Matrice 300 RTK<\/h1>\n<p>Con el set Z\u00e9phyr M300 de doble paraca\u00eddas y disyuntor para dron DJI Matrice 300 RTK, puedes asegurar tus vuelos y ralentizar la velocidad de ca\u00edda de tu Matrice 300 RTK en caso de problemas, simplemente pidiendo que apaguen los motores y desplieguen el paraca\u00eddas con el mando a distancia aut\u00f3nomo dedicado.<br \/>\nEl sistema de paraca\u00eddas m\u00e1s fiable del mercado: \u00a1100% redundante!<br \/>\nEl kit b\u00e1sico de paraca\u00eddas incluye un sistema de eyecci\u00f3n ultrarr\u00e1pido de doble lona de CO2 y un mando a distancia aut\u00f3nomo espec\u00edfico con 30 horas de autonom\u00eda, acoplable al Smart Controller.<br \/>\nEl paraca\u00eddas tambi\u00e9n est\u00e1 disponible en un kit homologado DGAC S2 S3 con un disyuntor interno (para instalar en el taller) o externo (para colocar entre las bater\u00edas y el dron). Cada versi\u00f3n del disyuntor incluye una alarma sonora y soporte para alimentar y cargar el paraca\u00eddas cuando el dron est\u00e1 encendido.<br \/>\nEl sistema de paraca\u00eddas con parada de motor m\u00e1s fiable del mundo<br \/>\nEl paraca\u00eddas de doble lona + kit disyuntor externo es la soluci\u00f3n m\u00e1s fiable disponible con un peso de 760 g. Equipado con lona PARA\u00b2, \u00a1el sistema es totalmente redundante! En caso de fallo, el despliegue de una sola de las lonas permite mantener la velocidad de ca\u00edda bajo la viga de 4,15 m\/s para un peso de 8 kg, y limita la energ\u00eda en el impacto a s\u00f3lo 46 J.<br \/>\nLos disyuntores externos tambi\u00e9n son redundantes, en caso de p\u00e9rdida de bater\u00eda, un m\u00f3dulo puede recoger toda la energ\u00eda necesaria para mantener el dron en el aire mientras necesita aterrizar en caso de emergencia. El disyuntor puede utilizarse solo, sin paraca\u00eddas, para aumentar la carga disponible y el tiempo de vuelo para el escenario S2.<br \/>\nConfiguraci\u00f3n ultrarr\u00e1pida del sistema<br \/>\nEl paraca\u00eddas se fija a las estriberas del dron y puede desmontarse en menos de un minuto. El kit con los disyuntores externos tambi\u00e9n se desmonta en segundos. Los m\u00f3dulos de disyuntores se insertan f\u00e1cilmente entre las bater\u00edas y el dron. Incluyen inmediatamente la alarma ac\u00fastica. Su peso es de 200 g.<br \/>\nTodos los elementos del kit pueden guardarse en el estuche de vuelo original suministrado por DJI con el dron.<br \/>\nEl sistema de CO2 m\u00e1s r\u00e1pido, fiable y eficaz<br \/>\nEl sistema de inyecci\u00f3n de CO2 del paraca\u00eddas Z\u00e9phyr est\u00e1 probado y es utilizado por la mayor\u00eda de los pilotos de drones franceses desde hace m\u00e1s de 5 a\u00f1os. Innumerables pruebas y mejoras sucesivas han llevado a este sistema a un nivel de fiabilidad nunca antes alcanzado en un paraca\u00eddas para drones.<br \/>\nEl gas presurizado (\u00a160 bares!) se libera en una fracci\u00f3n de segundo para propulsar la tela del paraca\u00eddas fuera de su contenedor. El exceso de gas liberado (cada cartucho contiene varias decenas de litros) se utiliza para acelerar el despliegue de las telas y minimizar la p\u00e9rdida de altura cuando se activa el paraca\u00eddas.<br \/>\nEl sistema puede reiniciarse en cuesti\u00f3n de segundos. El cartucho de CO2 es el \u00fanico consumible que debe sustituirse tras la implantaci\u00f3n en el sistema, y un cartucho cuesta s\u00f3lo unos pocos d\u00f3lares.<br \/>\nEn el sistema de paraca\u00eddas de doble lona Z\u00e9phyr M300, el sistema de liberaci\u00f3n de CO2 permite expulsar y abrir las lonas en s\u00f3lo 0,83 s, lo que corresponde a una p\u00e9rdida de altura de 10 m a partir de una velocidad de ca\u00edda inicial de unos 6 m\/s.<br \/>\nLas fundas de paraca\u00eddas para drones m\u00e1s ligeras, estables y eficaces<br \/>\nLa nueva lona PARA\u00b2 utilizada en los sistemas de paraca\u00eddas Z\u00e9phyr es el resultado de 3 a\u00f1os de desarrollo. Su innovador dise\u00f1o ultraligero y su concepci\u00f3n \u00fanica confieren a la lona PARA\u00b2 una eficacia y una estabilidad superiores. En los sistemas de lona simple, la tasa de hundimiento se reduce al m\u00ednimo en relaci\u00f3n con la superficie de la lona. Cuando se utilizan por parejas, las lonas PARA\u00b2 no interfieren entre s\u00ed y optimizan la tasa de ca\u00edda global. Cada paraca\u00eddas Zephyr est\u00e1 dise\u00f1ado para que la(s) lona(s) mantenga(n) el dron lo m\u00e1s plano posible durante su ca\u00edda para minimizar los da\u00f1os durante el impacto.<br \/>\nEn el sistema de paraca\u00eddas de doble lona Z\u00e9phyr M300, la velocidad de ca\u00edda para una masa de 8 kg es de s\u00f3lo 3,35 m\/s, es decir, una energ\u00eda de impacto de s\u00f3lo 46 J, muy inferior a los 69 J m\u00e1ximos permitidos en Francia.<br \/>\nUn sistema cifrado de comunicaci\u00f3n a larga distancia<br \/>\nEl sistema de comunicaci\u00f3n de largo alcance entre la radio y el paraca\u00eddas se basa en tecnolog\u00edas avanzadas y modulaci\u00f3n Lora. El alcance puede alcanzar varios kil\u00f3metros en condiciones \u00f3ptimas, y una opci\u00f3n de largo alcance permite superar los 10 km.<br \/>\nEl protocolo de comunicaci\u00f3n se basa en frecuencias de 869 MHz, libres de autorizaci\u00f3n (son posibles las opciones de 433 y 915 MHz). El cifrado de 128 bits garantiza que los datos no sean interceptados y que se notifique al usuario en caso de fallo de la comunicaci\u00f3n.<br \/>\nFunciones \u00fatiles para el usuario<br \/>\nEl paraca\u00eddas, el disyuntor y los m\u00f3dulos de radiocontrol est\u00e1n equipados con LED para indicar el estado y las funciones avanzadas.<br \/>\nLos LED indican la carga restante de la bater\u00eda al encenderse y apagarse y el nivel de la bater\u00eda durante la carga. En funcionamiento, indican el estado instant\u00e1neo del sistema: funcionamiento correcto, p\u00e9rdida de enlace de radio, nivel de bater\u00eda bajo, etc.<br \/>\nCombinado con un disyuntor, el paraca\u00eddas se conecta autom\u00e1ticamente cuando se enciende el dron. Sin se\u00f1al y si olvidas apagar el paraca\u00eddas o el radiomando, los m\u00f3dulos se apagan autom\u00e1ticamente al cabo de 10 minutos.<br \/>\nUn sistema de registro con marca de tiempo integrado en el paraca\u00eddas y la radio. Registra las acciones de disparo realizadas por el usuario con fines de diagn\u00f3stico.<\/p>","protected":false},"excerpt":{"rendered":"<p>Double canvas parachute Zephyr for Matrice 300 RTK Met de Z\u00e9phyr M300 dubbele parachute en stroomonderbrekerset voor DJI Matrice 300 RTK drone kunt u uw vluchten beveiligen en de valsnelheid van uw Matrice 300 RTK vertragen in geval van problemen, simpelweg door te vragen om de motoren uit te schakelen en de parachute in te [&hellip;]<\/p>\n","protected":false},"featured_media":5303,"template":"","meta":{"_acf_changed":false},"product_brand":[],"product_cat":[292,97,152],"product_tag":[],"class_list":{"0":"post-5306","1":"product","2":"type-product","3":"status-publish","4":"has-post-thumbnail","6":"product_cat-alle-parachutes","7":"product_cat-alle-producten","8":"product_cat-dji-matrice-300","9":"product_shipping_class-outofstock","10":"pa_brand-zephyr","11":"pa_productfamily-parachute","12":"pa_producttype-parachute","13":"pa_series-matrice-300","15":"first","16":"outofstock","17":"taxable","18":"shipping-taxable","19":"product-type-simple"},"acf":[],"yoast_head":"<!-- This site is optimized with the Yoast SEO Premium plugin v27.2 (Yoast SEO v27.2) - https:\/\/yoast.com\/product\/yoast-seo-premium-wordpress\/ -->\n<title>Double canvas parachute Zephyr for Matrice 300 RTK - koningdrone.be<\/title>\n<meta name=\"robots\" content=\"index, follow, max-snippet:-1, max-image-preview:large, max-video-preview:-1\" \/>\n<link rel=\"canonical\" href=\"https:\/\/koningdrone.be\/es\/producto\/double-canvas-parachute-zephyr-for-matrice-300-rtk\/\" \/>\n<meta property=\"og:locale\" content=\"es_ES\" \/>\n<meta property=\"og:type\" content=\"article\" \/>\n<meta property=\"og:title\" content=\"Double canvas parachute Zephyr for Matrice 300 RTK\" \/>\n<meta property=\"og:description\" content=\"Double canvas parachute Zephyr for Matrice 300 RTK Met de Z\u00e9phyr M300 dubbele parachute en stroomonderbrekerset voor DJI Matrice 300 RTK drone kunt u uw vluchten beveiligen en de valsnelheid van uw Matrice 300 RTK vertragen in geval van problemen, simpelweg door te vragen om de motoren uit te schakelen en de parachute in te [&hellip;]\" \/>\n<meta property=\"og:url\" content=\"https:\/\/koningdrone.be\/es\/producto\/double-canvas-parachute-zephyr-for-matrice-300-rtk\/\" \/>\n<meta property=\"og:site_name\" content=\"koningdrone.be\" \/>\n<meta property=\"article:modified_time\" content=\"2026-04-29T07:30:31+00:00\" \/>\n<meta property=\"og:image\" content=\"https:\/\/koningdrone.be\/wp-content\/uploads\/sites\/13\/2025\/04\/3770013280504-1.jpg\" \/>\n\t<meta property=\"og:image:width\" content=\"800\" \/>\n\t<meta property=\"og:image:height\" content=\"800\" \/>\n\t<meta property=\"og:image:type\" content=\"image\/jpeg\" \/>\n<meta name=\"twitter:card\" content=\"summary_large_image\" \/>\n<meta name=\"twitter:label1\" content=\"Tiempo de lectura\" \/>\n\t<meta name=\"twitter:data1\" content=\"4 minutos\" \/>\n<script type=\"application\/ld+json\" class=\"yoast-schema-graph\">{\"@context\":\"https:\/\/schema.org\",\"@graph\":[{\"@type\":\"WebPage\",\"@id\":\"https:\/\/koningdrone.be\/product\/double-canvas-parachute-zephyr-for-matrice-300-rtk\/\",\"url\":\"https:\/\/koningdrone.be\/product\/double-canvas-parachute-zephyr-for-matrice-300-rtk\/\",\"name\":\"Double canvas parachute Zephyr for Matrice 300 RTK - koningdrone.be\",\"isPartOf\":{\"@id\":\"https:\/\/koningdrone.be\/#website\"},\"primaryImageOfPage\":{\"@id\":\"https:\/\/koningdrone.be\/product\/double-canvas-parachute-zephyr-for-matrice-300-rtk\/#primaryimage\"},\"image\":{\"@id\":\"https:\/\/koningdrone.be\/product\/double-canvas-parachute-zephyr-for-matrice-300-rtk\/#primaryimage\"},\"thumbnailUrl\":\"https:\/\/koningdrone.be\/wp-content\/uploads\/sites\/13\/2025\/04\/3770013280504-1.jpg\",\"datePublished\":\"2022-11-02T08:14:25+00:00\",\"dateModified\":\"2026-04-29T07:30:31+00:00\",\"breadcrumb\":{\"@id\":\"https:\/\/koningdrone.be\/product\/double-canvas-parachute-zephyr-for-matrice-300-rtk\/#breadcrumb\"},\"inLanguage\":\"es\",\"potentialAction\":[{\"@type\":\"ReadAction\",\"target\":[\"https:\/\/koningdrone.be\/product\/double-canvas-parachute-zephyr-for-matrice-300-rtk\/\"]}]},{\"@type\":\"ImageObject\",\"inLanguage\":\"es\",\"@id\":\"https:\/\/koningdrone.be\/product\/double-canvas-parachute-zephyr-for-matrice-300-rtk\/#primaryimage\",\"url\":\"https:\/\/koningdrone.be\/wp-content\/uploads\/sites\/13\/2025\/04\/3770013280504-1.jpg\",\"contentUrl\":\"https:\/\/koningdrone.be\/wp-content\/uploads\/sites\/13\/2025\/04\/3770013280504-1.jpg\",\"width\":800,\"height\":800},{\"@type\":\"BreadcrumbList\",\"@id\":\"https:\/\/koningdrone.be\/product\/double-canvas-parachute-zephyr-for-matrice-300-rtk\/#breadcrumb\",\"itemListElement\":[{\"@type\":\"ListItem\",\"position\":1,\"name\":\"Home\",\"item\":\"https:\/\/koningdrone.be\/\"},{\"@type\":\"ListItem\",\"position\":2,\"name\":\"AVSS Parachute Recovery System for DJI Matrice 300\/350\",\"item\":\"https:\/\/koningdrone.be\/product\/avss-parachute-recovery-system-for-dji-matrice-300-350\/\"},{\"@type\":\"ListItem\",\"position\":3,\"name\":\"Alle parachutes\",\"item\":\"https:\/\/koningdrone.be\/categorie\/alle-parachutes\/\"},{\"@type\":\"ListItem\",\"position\":4,\"name\":\"Double canvas parachute Zephyr for Matrice 300 RTK\"}]},{\"@type\":\"WebSite\",\"@id\":\"https:\/\/koningdrone.be\/#website\",\"url\":\"https:\/\/koningdrone.be\/\",\"name\":\"Koningdrone.be - Uw online specialist in drones, gimbals, camera's en power stations.\",\"description\":\"De webshop in drones en gimbals\",\"publisher\":{\"@id\":\"https:\/\/koningdrone.be\/#organization\"},\"potentialAction\":[{\"@type\":\"SearchAction\",\"target\":{\"@type\":\"EntryPoint\",\"urlTemplate\":\"https:\/\/koningdrone.be\/?s={search_term_string}\"},\"query-input\":{\"@type\":\"PropertyValueSpecification\",\"valueRequired\":true,\"valueName\":\"search_term_string\"}}],\"inLanguage\":\"es\"},{\"@type\":\"Organization\",\"@id\":\"https:\/\/koningdrone.be\/#organization\",\"name\":\"Koningdrone.be\",\"url\":\"https:\/\/koningdrone.be\/\",\"logo\":{\"@type\":\"ImageObject\",\"inLanguage\":\"es\",\"@id\":\"https:\/\/koningdrone.be\/#\/schema\/logo\/image\/\",\"url\":\"https:\/\/koningdrone.be\/wp-content\/uploads\/sites\/13\/2025\/04\/koningdrone-copyright-logo.svg\",\"contentUrl\":\"https:\/\/koningdrone.be\/wp-content\/uploads\/sites\/13\/2025\/04\/koningdrone-copyright-logo.svg\",\"width\":227,\"height\":38,\"caption\":\"Koningdrone.be\"},\"image\":{\"@id\":\"https:\/\/koningdrone.be\/#\/schema\/logo\/image\/\"}}]}<\/script>\n<!-- \/ Yoast SEO Premium plugin. -->","yoast_head_json":{"title":"Double canvas parachute Zephyr for Matrice 300 RTK - koningdrone.be","robots":{"index":"index","follow":"follow","max-snippet":"max-snippet:-1","max-image-preview":"max-image-preview:large","max-video-preview":"max-video-preview:-1"},"canonical":"https:\/\/koningdrone.be\/es\/producto\/double-canvas-parachute-zephyr-for-matrice-300-rtk\/","og_locale":"es_ES","og_type":"article","og_title":"Double canvas parachute Zephyr for Matrice 300 RTK","og_description":"Double canvas parachute Zephyr for Matrice 300 RTK Met de Z\u00e9phyr M300 dubbele parachute en stroomonderbrekerset voor DJI Matrice 300 RTK drone kunt u uw vluchten beveiligen en de valsnelheid van uw Matrice 300 RTK vertragen in geval van problemen, simpelweg door te vragen om de motoren uit te schakelen en de parachute in te [&hellip;]","og_url":"https:\/\/koningdrone.be\/es\/producto\/double-canvas-parachute-zephyr-for-matrice-300-rtk\/","og_site_name":"koningdrone.be","article_modified_time":"2026-04-29T07:30:31+00:00","og_image":[{"width":800,"height":800,"url":"https:\/\/koningdrone.be\/wp-content\/uploads\/sites\/13\/2025\/04\/3770013280504-1.jpg","type":"image\/jpeg"}],"twitter_card":"summary_large_image","twitter_misc":{"Tiempo de lectura":"4 minutos"},"schema":{"@context":"https:\/\/schema.org","@graph":[{"@type":"WebPage","@id":"https:\/\/koningdrone.be\/product\/double-canvas-parachute-zephyr-for-matrice-300-rtk\/","url":"https:\/\/koningdrone.be\/product\/double-canvas-parachute-zephyr-for-matrice-300-rtk\/","name":"Double canvas parachute Zephyr for Matrice 300 RTK - koningdrone.be","isPartOf":{"@id":"https:\/\/koningdrone.be\/#website"},"primaryImageOfPage":{"@id":"https:\/\/koningdrone.be\/product\/double-canvas-parachute-zephyr-for-matrice-300-rtk\/#primaryimage"},"image":{"@id":"https:\/\/koningdrone.be\/product\/double-canvas-parachute-zephyr-for-matrice-300-rtk\/#primaryimage"},"thumbnailUrl":"https:\/\/koningdrone.be\/wp-content\/uploads\/sites\/13\/2025\/04\/3770013280504-1.jpg","datePublished":"2022-11-02T08:14:25+00:00","dateModified":"2026-04-29T07:30:31+00:00","breadcrumb":{"@id":"https:\/\/koningdrone.be\/product\/double-canvas-parachute-zephyr-for-matrice-300-rtk\/#breadcrumb"},"inLanguage":"es","potentialAction":[{"@type":"ReadAction","target":["https:\/\/koningdrone.be\/product\/double-canvas-parachute-zephyr-for-matrice-300-rtk\/"]}]},{"@type":"ImageObject","inLanguage":"es","@id":"https:\/\/koningdrone.be\/product\/double-canvas-parachute-zephyr-for-matrice-300-rtk\/#primaryimage","url":"https:\/\/koningdrone.be\/wp-content\/uploads\/sites\/13\/2025\/04\/3770013280504-1.jpg","contentUrl":"https:\/\/koningdrone.be\/wp-content\/uploads\/sites\/13\/2025\/04\/3770013280504-1.jpg","width":800,"height":800},{"@type":"BreadcrumbList","@id":"https:\/\/koningdrone.be\/product\/double-canvas-parachute-zephyr-for-matrice-300-rtk\/#breadcrumb","itemListElement":[{"@type":"ListItem","position":1,"name":"Home","item":"https:\/\/koningdrone.be\/"},{"@type":"ListItem","position":2,"name":"AVSS Parachute Recovery System for DJI Matrice 300\/350","item":"https:\/\/koningdrone.be\/product\/avss-parachute-recovery-system-for-dji-matrice-300-350\/"},{"@type":"ListItem","position":3,"name":"Alle parachutes","item":"https:\/\/koningdrone.be\/categorie\/alle-parachutes\/"},{"@type":"ListItem","position":4,"name":"Double canvas parachute Zephyr for Matrice 300 RTK"}]},{"@type":"WebSite","@id":"https:\/\/koningdrone.be\/#website","url":"https:\/\/koningdrone.be\/","name":"Koningdrone.be - Su especialista en l\u00ednea en drones, cardanes, c\u00e1maras y centrales el\u00e9ctricas.","description":"La tienda virtual de drones y cardanes","publisher":{"@id":"https:\/\/koningdrone.be\/#organization"},"potentialAction":[{"@type":"SearchAction","target":{"@type":"EntryPoint","urlTemplate":"https:\/\/koningdrone.be\/?s={search_term_string}"},"query-input":{"@type":"PropertyValueSpecification","valueRequired":true,"valueName":"search_term_string"}}],"inLanguage":"es"},{"@type":"Organization","@id":"https:\/\/koningdrone.be\/#organization","name":"Kingdrone.es","url":"https:\/\/koningdrone.be\/","logo":{"@type":"ImageObject","inLanguage":"es","@id":"https:\/\/koningdrone.be\/#\/schema\/logo\/image\/","url":"https:\/\/koningdrone.be\/wp-content\/uploads\/sites\/13\/2025\/04\/koningdrone-copyright-logo.svg","contentUrl":"https:\/\/koningdrone.be\/wp-content\/uploads\/sites\/13\/2025\/04\/koningdrone-copyright-logo.svg","width":227,"height":38,"caption":"Koningdrone.be"},"image":{"@id":"https:\/\/koningdrone.be\/#\/schema\/logo\/image\/"}}]}},"df_price":"","df_sale_price":"","df_regular_price":"","df_image_link":"https:\/\/koningdrone.be\/wp-content\/uploads\/sites\/13\/2025\/04\/3770013280504-1-300x300.jpg","_links":{"self":[{"href":"https:\/\/koningdrone.be\/es\/wp-json\/wp\/v2\/product\/5306","targetHints":{"allow":["GET"]}}],"collection":[{"href":"https:\/\/koningdrone.be\/es\/wp-json\/wp\/v2\/product"}],"about":[{"href":"https:\/\/koningdrone.be\/es\/wp-json\/wp\/v2\/types\/product"}],"wp:featuredmedia":[{"embeddable":true,"href":"https:\/\/koningdrone.be\/es\/wp-json\/wp\/v2\/media\/5303"}],"wp:attachment":[{"href":"https:\/\/koningdrone.be\/es\/wp-json\/wp\/v2\/media?parent=5306"}],"wp:term":[{"taxonomy":"product_brand","embeddable":true,"href":"https:\/\/koningdrone.be\/es\/wp-json\/wp\/v2\/product_brand?post=5306"},{"taxonomy":"product_cat","embeddable":true,"href":"https:\/\/koningdrone.be\/es\/wp-json\/wp\/v2\/product_cat?post=5306"},{"taxonomy":"product_tag","embeddable":true,"href":"https:\/\/koningdrone.be\/es\/wp-json\/wp\/v2\/product_tag?post=5306"}],"curies":[{"name":"wp","href":"https:\/\/api.w.org\/{rel}","templated":true}]}}