{"id":5298,"date":"2022-11-02T09:14:34","date_gmt":"2022-11-02T08:14:34","guid":{"rendered":"https:\/\/koningdrone.nl\/kon\/product\/zephyr-double-parachute-dji-matrice-30-without-fts\/"},"modified":"2026-04-08T07:17:37","modified_gmt":"2026-04-08T05:17:37","slug":"zephyr-double-parachute-dji-matrice-30-without-fts","status":"publish","type":"product","link":"https:\/\/koningdrone.be\/es\/producto\/zephyr-double-parachute-dji-matrice-30-without-fts\/","title":{"rendered":"Paraca\u00eddas doble Zephyr DJI Matrice 30 - Sin FTS"},"content":{"rendered":"<h1>PRE-ORDEN MATRICE 30 DOBLE ZEPHYR PARACHUTE Sin FTS<\/h1>\n<p>El sistema de paraca\u00eddas m\u00e1s ligero del mercado: \u00a1s\u00f3lo 460 g!<\/p>\n<p>El kit de paraca\u00eddas b\u00e1sico incluye un sistema de eyecci\u00f3n ultrarr\u00e1pido de doble lona de CO2 y un mando a distancia aut\u00f3nomo dedicado con 30 horas de autonom\u00eda, acoplable al Smart Controller. El paraca\u00eddas tambi\u00e9n est\u00e1 disponible como kit homologado DGAC S1 S2 S3 con un FTS externo (a instalar por el usuario).<\/p>\n<p>Cada versi\u00f3n del FTS incluye una alarma sonora y una toma de carga que permite alimentar y cargar el paraca\u00eddas cuando el dron est\u00e1 encendido, lo que proporciona una autonom\u00eda ilimitada.<\/p>\n<p>\u00a1El sistema de paraca\u00eddas con parada de motor m\u00e1s ligero del mundo!<\/p>\n<p>El kit doble lona + paraca\u00eddas externo FTS es la soluci\u00f3n m\u00e1s fiable disponible con un peso de 515 g. Equipado con 2 lonas PARA\u00b2, el sistema es totalmente redundante. En caso de fallo, el despliegue de una sola de las lonas mantiene la velocidad de ca\u00edda por debajo de 5 m\/s con un peso de 4,7 kg y limita la energ\u00eda de impacto a menos de 69 J. En caso de fallo, las dos lonas desplegadas juntas limitan la energ\u00eda de impacto a s\u00f3lo 55 J. Los pilotos tienen la posibilidad de transportar m\u00e1s de 370 gramos de carga \u00fatil, adem\u00e1s de nuestros sistemas de seguridad, cumpliendo al mismo tiempo con la homologaci\u00f3n DGAC S2-S3 (peso total de 4,7 KG en vuelo).<\/p>\n<p>La homologaci\u00f3n S1\/S2\/S3 propuesta por Dronavia es la \u00fanica del mercado que permite el transporte de cargas \u00fatiles.<\/p>\n<p>Tenga en cuenta que para una carga equivalente, el tiempo de vuelo con el paraca\u00eddas Z\u00e9phyr es mayor que con cualquier otro sistema de paraca\u00eddas. El FTS externo se autoinstala entre las bater\u00edas y el dron. Su funcionamiento es reversible, no modifica el dron y permite mantener la garant\u00eda del fabricante DJI. El FTS puede utilizarse solo, sin paraca\u00eddas, para aumentar la carga \u00fatil disponible y el tiempo de vuelo para el escenario S2. \u00a1La capacidad de carga \u00fatil del Matrice 30 en el escenario S2 aumenta a 2,7 kg en esta configuraci\u00f3n! El m\u00f3dulo de alarma ac\u00fastica se conecta al conector USB-C de la parte inferior del dron. Los FTS externos tambi\u00e9n son redundantes; en caso de p\u00e9rdida de bater\u00eda, un m\u00f3dulo es capaz de extraer toda la energ\u00eda necesaria para mantener el dron en el aire hasta que se realice un aterrizaje de emergencia.<\/p>\n<p>El FTS puede utilizarse solo, sin paraca\u00eddas, para aumentar la carga \u00fatil disponible y el tiempo de vuelo para el escenario S2.<\/p>\n<p>Configuraci\u00f3n ultrarr\u00e1pida del sistema<\/p>\n<p>Fijado a las 4 roscas superiores del dron, el paraca\u00eddas puede desmontarse en menos de un minuto, sin necesidad de ir al taller. En nuestra tienda hay disponible un soporte opcional para fijarlo a la parte inferior del dron cuando se utiliza la vaina superior. El kit con el FTS externo tambi\u00e9n se desmonta en segundos. El m\u00f3dulo de fusibles se inserta f\u00e1cilmente entre las bater\u00edas y el dron. Incluye inmediatamente la alarma sonora. Pesa 55 gramos.<\/p>\n<p>El sistema de CO2 m\u00e1s r\u00e1pido, fiable y eficaz<\/p>\n<p>El sistema de emisi\u00f3n de CO2 de los paraca\u00eddas Z\u00e9phyr ha sido probado y utilizado por la mayor\u00eda de los pilotos de drones franceses durante m\u00e1s de 5 a\u00f1os. Innumerables pruebas y mejoras sucesivas han llevado a este sistema a un nivel de fiabilidad nunca antes alcanzado en un paraca\u00eddas para drones. El gas a presi\u00f3n (\u00a160 bares!) se libera en una fracci\u00f3n de segundo para propulsar el tejido del paraca\u00eddas fuera de su contenedor. El exceso de gas liberado (cada cartucho contiene varias docenas de litros) se utiliza para acelerar la campana y minimizar la p\u00e9rdida de altura cuando se activa el paraca\u00eddas. El sistema puede restablecerse en cuesti\u00f3n de segundos. El cartucho de CO2 es el \u00fanico consumible que se sustituye tras una puesta en marcha del sistema, y un cartucho s\u00f3lo cuesta unos pocos euros. No existen restricciones para los pilotos profesionales que viajan en avi\u00f3n. La mayor\u00eda de las compa\u00f1\u00edas a\u00e9reas ofrecen la opci\u00f3n de colocar su sistema Z\u00e9phyr M30 en la bodega o en la cabina con el cartucho de gas 4G.<\/p>\n<p>En el sistema de doble paraca\u00eddas Z\u00e9phyr M30, el sistema de liberaci\u00f3n de CO2 permite expulsar y abrir las lonas en s\u00f3lo 0,83 segundos, lo que corresponde a una p\u00e9rdida de altura de 10 metros a una velocidad de ca\u00edda inicial de unos 6 m\/s.<\/p>\n<p>Los toldos para drones m\u00e1s ligeros, estables y eficaces<\/p>\n<p>Los nuevos toldos PARA\u00b2 utilizados en los sistemas de paraca\u00eddas de Z\u00e9phyr son el resultado de 3 a\u00f1os de desarrollo. Su innovador dise\u00f1o ultraligero y su construcci\u00f3n \u00fanica confieren a las c\u00fapulas PARA\u00b2 una eficacia y una estabilidad superiores. En los sistemas de paraca\u00eddas individuales, la velocidad de ca\u00edda se reduce al m\u00ednimo en relaci\u00f3n con la superficie del paraca\u00eddas. Cuando se utilizan por parejas, las c\u00fapulas PARA\u00b2 no interfieren entre s\u00ed y optimizan la velocidad de ca\u00edda total. Cada paraca\u00eddas Zephyr est\u00e1 dise\u00f1ado para que la(s) campana(s) mantenga(n) el dron lo m\u00e1s plano posible durante su ca\u00edda, lo que permite utilizar la campana para su uso m\u00e1s eficiente.<\/p>\n<p>En el sistema de paraca\u00eddas de doble lona Z\u00e9phyr M30, la velocidad de ca\u00edda para una masa de 4,7 kg es de s\u00f3lo 5 m\/s, es decir, una energ\u00eda de impacto de s\u00f3lo 55 J, muy por debajo del m\u00e1ximo de 69 J permitido en Francia.<\/p>\n<p>Un sistema cifrado de comunicaci\u00f3n a larga distancia<br \/>\nEl sistema de comunicaci\u00f3n de largo alcance entre la radio y el paraca\u00eddas se basa en tecnolog\u00eda avanzada y modulaci\u00f3n LoRa. El alcance alcanza los 5 km en condiciones \u00f3ptimas y una opci\u00f3n de largo alcance permite superar los 10 km. El protocolo de comunicaci\u00f3n se basa en frecuencias de 869 MHz, sin autorizaci\u00f3n (opciones de 433 y 915 MHz disponibles). Un cifrado de 128 bits garantiza que los datos no sean interceptados y el usuario recibe una alerta si se interrumpe la comunicaci\u00f3n. Funciones pr\u00e1cticas para el usuario Los m\u00f3dulos de paraca\u00eddas, FTS y radiocontrol est\u00e1n equipados con LED para la indicaci\u00f3n del estado y funciones avanzadas.<\/p>\n<p>Los LED indican la carga restante de la bater\u00eda al encender y apagar y el nivel de la bater\u00eda durante la carga. En funcionamiento, indican el estado inmediato del sistema: funcionamiento correcto, p\u00e9rdida de enlace de radio, bater\u00eda baja... En combinaci\u00f3n con un FTS, el paraca\u00eddas se enciende autom\u00e1ticamente al encender el dron. Si no hay se\u00f1al y te olvidas de apagar el paraca\u00eddas o el radiomando, los m\u00f3dulos se apagan autom\u00e1ticamente al cabo de 10 minutos. El paraca\u00eddas y la radio llevan integrado un sistema de registro de tiempo. Registra las acciones de activaci\u00f3n realizadas por el usuario con fines de diagn\u00f3stico.<\/p>\n<p>Muchas opciones... \u00a1Adelante con la normativa!<\/p>\n<p>Gracias a las opciones disponibles con los paraca\u00eddas Z\u00e9phyr, ir\u00e1 un paso por delante de la normativa francesa y europea. En el lado del mando a distancia, es posible a\u00f1adir un segundo bot\u00f3n de desbloqueo redundante. Este segundo bot\u00f3n evita la pulsaci\u00f3n no deseada de un solo bot\u00f3n y duplica la autonom\u00eda del mando a distancia. Las tapas de seguridad protegen los botones de pulsaciones involuntarias. Si lo desea, puede solicitar un m\u00f3dulo zumbador. Genera un aviso sonoro en caso de p\u00e9rdida de conexi\u00f3n con el paraca\u00eddas. Con una opci\u00f3n de largo alcance, el alcance de la radio puede ampliarse a m\u00e1s de 10 km si es necesario. Tambi\u00e9n es posible conectar varios mandos a distancia por radio a un paraca\u00eddas, o varios paraca\u00eddas a un mando a distancia.<\/p>\n<p>Por lo que respecta a los paraca\u00eddas, se puede solicitar un m\u00f3dulo de detecci\u00f3n de colisiones y despliegue autom\u00e1tico. Este m\u00f3dulo ser\u00e1 compatible con la norma ASTM3322 y las futuras normas europeas (clases C5 y C6 para los escenarios STS-01 y STS-02). Dronavia se anticipa a la nueva reglamentaci\u00f3n europea homologando su sistema aut\u00f3nomo de parada de motor (Z\u00e9phyr CC M30) con el MOC 2511. Esta homologaci\u00f3n permitir\u00e1 a los pilotos profesionales simplificar el proceso de obtenci\u00f3n de un SORA.<\/p>","protected":false},"excerpt":{"rendered":"<ul>\n<li>Con el sistema Z\u00e9phyr M30 de doble paraca\u00eddas y FTS para el dron DJI Matrice 30, puedes asegurar tus vuelos y ralentizar la velocidad de ca\u00edda de tu Matrice 30 en caso de problemas, simplemente solicitando la parada de los motores y el despliegue del paraca\u00eddas con el control remoto aut\u00f3nomo dedicado.<\/li>\n<li>000D_<\/li>\n<li>oibilidad de retirar f\u00e1cil y r\u00e1pidamente el paraca\u00eddas de tu dron, especialmente durante un escenario S2.<\/li>\n<\/ul>","protected":false},"featured_media":5297,"template":"","meta":{"_acf_changed":false},"product_brand":[],"product_cat":[292,97,149],"product_tag":[],"class_list":{"0":"post-5298","1":"product","2":"type-product","3":"status-publish","4":"has-post-thumbnail","6":"product_cat-alle-parachutes","7":"product_cat-alle-producten","8":"product_cat-dji-matrice-30","9":"pa_brand-zephyr","10":"pa_productfamily-parachute","11":"pa_producttype-parachute","12":"pa_series-matrice-30","14":"first","15":"outofstock","16":"taxable","17":"shipping-taxable","18":"product-type-simple"},"acf":[],"yoast_head":"<!-- This site is optimized with the Yoast SEO Premium plugin v27.2 (Yoast SEO v27.2) - https:\/\/yoast.com\/product\/yoast-seo-premium-wordpress\/ -->\n<title>Zephyr Double Parachute DJI Matrice 30 - Without FTS - koningdrone.be<\/title>\n<meta name=\"robots\" content=\"index, follow, max-snippet:-1, max-image-preview:large, max-video-preview:-1\" \/>\n<link rel=\"canonical\" href=\"https:\/\/koningdrone.be\/es\/producto\/zephyr-double-parachute-dji-matrice-30-without-fts\/\" \/>\n<meta property=\"og:locale\" content=\"es_ES\" \/>\n<meta property=\"og:type\" content=\"article\" \/>\n<meta property=\"og:title\" content=\"Zephyr Double Parachute DJI Matrice 30 - Without FTS\" \/>\n<meta property=\"og:description\" content=\"Met het Z\u00e9phyr M30 dubbele parachute- en FTS-systeem voor de DJI Matrice 30-drone kunt u uw vluchten beveiligen en de valsnelheid van uw Matrice 30 vertragen in geval van problemen, simpelweg door de uitschakeling van de motoren en de inzet van de parachute aan te vragen met de speciale autonome afstandsbediening.  000D_  ogelijkheid om de parachute gemakkelijk en snel van uw drone te verwijderen, vooral tijdens een S2-scenario.\" \/>\n<meta property=\"og:url\" content=\"https:\/\/koningdrone.be\/es\/producto\/zephyr-double-parachute-dji-matrice-30-without-fts\/\" \/>\n<meta property=\"og:site_name\" content=\"koningdrone.be\" \/>\n<meta property=\"article:modified_time\" content=\"2026-04-08T05:17:37+00:00\" \/>\n<meta property=\"og:image\" content=\"https:\/\/koningdrone.be\/wp-content\/uploads\/sites\/13\/2025\/04\/Zephyr-M30-Double-1-1.png\" \/>\n\t<meta property=\"og:image:width\" content=\"800\" \/>\n\t<meta property=\"og:image:height\" content=\"800\" \/>\n\t<meta property=\"og:image:type\" content=\"image\/png\" \/>\n<meta name=\"twitter:card\" content=\"summary_large_image\" \/>\n<meta name=\"twitter:label1\" content=\"Tiempo de lectura\" \/>\n\t<meta name=\"twitter:data1\" content=\"6 minutos\" \/>\n<script type=\"application\/ld+json\" class=\"yoast-schema-graph\">{\"@context\":\"https:\/\/schema.org\",\"@graph\":[{\"@type\":\"WebPage\",\"@id\":\"https:\/\/koningdrone.be\/product\/zephyr-double-parachute-dji-matrice-30-without-fts\/\",\"url\":\"https:\/\/koningdrone.be\/product\/zephyr-double-parachute-dji-matrice-30-without-fts\/\",\"name\":\"Zephyr Double Parachute DJI Matrice 30 - Without FTS - koningdrone.be\",\"isPartOf\":{\"@id\":\"https:\/\/koningdrone.be\/#website\"},\"primaryImageOfPage\":{\"@id\":\"https:\/\/koningdrone.be\/product\/zephyr-double-parachute-dji-matrice-30-without-fts\/#primaryimage\"},\"image\":{\"@id\":\"https:\/\/koningdrone.be\/product\/zephyr-double-parachute-dji-matrice-30-without-fts\/#primaryimage\"},\"thumbnailUrl\":\"https:\/\/koningdrone.be\/wp-content\/uploads\/sites\/13\/2025\/04\/Zephyr-M30-Double-1-1.png\",\"datePublished\":\"2022-11-02T08:14:34+00:00\",\"dateModified\":\"2026-04-08T05:17:37+00:00\",\"breadcrumb\":{\"@id\":\"https:\/\/koningdrone.be\/product\/zephyr-double-parachute-dji-matrice-30-without-fts\/#breadcrumb\"},\"inLanguage\":\"es\",\"potentialAction\":[{\"@type\":\"ReadAction\",\"target\":[\"https:\/\/koningdrone.be\/product\/zephyr-double-parachute-dji-matrice-30-without-fts\/\"]}]},{\"@type\":\"ImageObject\",\"inLanguage\":\"es\",\"@id\":\"https:\/\/koningdrone.be\/product\/zephyr-double-parachute-dji-matrice-30-without-fts\/#primaryimage\",\"url\":\"https:\/\/koningdrone.be\/wp-content\/uploads\/sites\/13\/2025\/04\/Zephyr-M30-Double-1-1.png\",\"contentUrl\":\"https:\/\/koningdrone.be\/wp-content\/uploads\/sites\/13\/2025\/04\/Zephyr-M30-Double-1-1.png\",\"width\":800,\"height\":800},{\"@type\":\"BreadcrumbList\",\"@id\":\"https:\/\/koningdrone.be\/product\/zephyr-double-parachute-dji-matrice-30-without-fts\/#breadcrumb\",\"itemListElement\":[{\"@type\":\"ListItem\",\"position\":1,\"name\":\"Home\",\"item\":\"https:\/\/koningdrone.be\/\"},{\"@type\":\"ListItem\",\"position\":2,\"name\":\"AVSS Parachute Recovery System for DJI Matrice 300\/350\",\"item\":\"https:\/\/koningdrone.be\/product\/avss-parachute-recovery-system-for-dji-matrice-300-350\/\"},{\"@type\":\"ListItem\",\"position\":3,\"name\":\"Alle parachutes\",\"item\":\"https:\/\/koningdrone.be\/categorie\/alle-parachutes\/\"},{\"@type\":\"ListItem\",\"position\":4,\"name\":\"Zephyr Double Parachute DJI Matrice 30 &#8211; Without FTS\"}]},{\"@type\":\"WebSite\",\"@id\":\"https:\/\/koningdrone.be\/#website\",\"url\":\"https:\/\/koningdrone.be\/\",\"name\":\"Koningdrone.be - Uw online specialist in drones, gimbals, camera's en power stations.\",\"description\":\"De webshop in drones en gimbals\",\"publisher\":{\"@id\":\"https:\/\/koningdrone.be\/#organization\"},\"potentialAction\":[{\"@type\":\"SearchAction\",\"target\":{\"@type\":\"EntryPoint\",\"urlTemplate\":\"https:\/\/koningdrone.be\/?s={search_term_string}\"},\"query-input\":{\"@type\":\"PropertyValueSpecification\",\"valueRequired\":true,\"valueName\":\"search_term_string\"}}],\"inLanguage\":\"es\"},{\"@type\":\"Organization\",\"@id\":\"https:\/\/koningdrone.be\/#organization\",\"name\":\"Koningdrone.be\",\"url\":\"https:\/\/koningdrone.be\/\",\"logo\":{\"@type\":\"ImageObject\",\"inLanguage\":\"es\",\"@id\":\"https:\/\/koningdrone.be\/#\/schema\/logo\/image\/\",\"url\":\"https:\/\/koningdrone.be\/wp-content\/uploads\/sites\/13\/2025\/04\/koningdrone-copyright-logo.svg\",\"contentUrl\":\"https:\/\/koningdrone.be\/wp-content\/uploads\/sites\/13\/2025\/04\/koningdrone-copyright-logo.svg\",\"width\":227,\"height\":38,\"caption\":\"Koningdrone.be\"},\"image\":{\"@id\":\"https:\/\/koningdrone.be\/#\/schema\/logo\/image\/\"}}]}<\/script>\n<!-- \/ Yoast SEO Premium plugin. -->","yoast_head_json":{"title":"Zephyr Double Parachute DJI Matrice 30 - Without FTS - koningdrone.be","robots":{"index":"index","follow":"follow","max-snippet":"max-snippet:-1","max-image-preview":"max-image-preview:large","max-video-preview":"max-video-preview:-1"},"canonical":"https:\/\/koningdrone.be\/es\/producto\/zephyr-double-parachute-dji-matrice-30-without-fts\/","og_locale":"es_ES","og_type":"article","og_title":"Zephyr Double Parachute DJI Matrice 30 - Without FTS","og_description":"Met het Z\u00e9phyr M30 dubbele parachute- en FTS-systeem voor de DJI Matrice 30-drone kunt u uw vluchten beveiligen en de valsnelheid van uw Matrice 30 vertragen in geval van problemen, simpelweg door de uitschakeling van de motoren en de inzet van de parachute aan te vragen met de speciale autonome afstandsbediening.  000D_  ogelijkheid om de parachute gemakkelijk en snel van uw drone te verwijderen, vooral tijdens een S2-scenario.","og_url":"https:\/\/koningdrone.be\/es\/producto\/zephyr-double-parachute-dji-matrice-30-without-fts\/","og_site_name":"koningdrone.be","article_modified_time":"2026-04-08T05:17:37+00:00","og_image":[{"width":800,"height":800,"url":"https:\/\/koningdrone.be\/wp-content\/uploads\/sites\/13\/2025\/04\/Zephyr-M30-Double-1-1.png","type":"image\/png"}],"twitter_card":"summary_large_image","twitter_misc":{"Tiempo de lectura":"6 minutos"},"schema":{"@context":"https:\/\/schema.org","@graph":[{"@type":"WebPage","@id":"https:\/\/koningdrone.be\/product\/zephyr-double-parachute-dji-matrice-30-without-fts\/","url":"https:\/\/koningdrone.be\/product\/zephyr-double-parachute-dji-matrice-30-without-fts\/","name":"Zephyr Double Parachute DJI Matrice 30 - Without FTS - koningdrone.be","isPartOf":{"@id":"https:\/\/koningdrone.be\/#website"},"primaryImageOfPage":{"@id":"https:\/\/koningdrone.be\/product\/zephyr-double-parachute-dji-matrice-30-without-fts\/#primaryimage"},"image":{"@id":"https:\/\/koningdrone.be\/product\/zephyr-double-parachute-dji-matrice-30-without-fts\/#primaryimage"},"thumbnailUrl":"https:\/\/koningdrone.be\/wp-content\/uploads\/sites\/13\/2025\/04\/Zephyr-M30-Double-1-1.png","datePublished":"2022-11-02T08:14:34+00:00","dateModified":"2026-04-08T05:17:37+00:00","breadcrumb":{"@id":"https:\/\/koningdrone.be\/product\/zephyr-double-parachute-dji-matrice-30-without-fts\/#breadcrumb"},"inLanguage":"es","potentialAction":[{"@type":"ReadAction","target":["https:\/\/koningdrone.be\/product\/zephyr-double-parachute-dji-matrice-30-without-fts\/"]}]},{"@type":"ImageObject","inLanguage":"es","@id":"https:\/\/koningdrone.be\/product\/zephyr-double-parachute-dji-matrice-30-without-fts\/#primaryimage","url":"https:\/\/koningdrone.be\/wp-content\/uploads\/sites\/13\/2025\/04\/Zephyr-M30-Double-1-1.png","contentUrl":"https:\/\/koningdrone.be\/wp-content\/uploads\/sites\/13\/2025\/04\/Zephyr-M30-Double-1-1.png","width":800,"height":800},{"@type":"BreadcrumbList","@id":"https:\/\/koningdrone.be\/product\/zephyr-double-parachute-dji-matrice-30-without-fts\/#breadcrumb","itemListElement":[{"@type":"ListItem","position":1,"name":"Home","item":"https:\/\/koningdrone.be\/"},{"@type":"ListItem","position":2,"name":"AVSS Parachute Recovery System for DJI Matrice 300\/350","item":"https:\/\/koningdrone.be\/product\/avss-parachute-recovery-system-for-dji-matrice-300-350\/"},{"@type":"ListItem","position":3,"name":"Alle parachutes","item":"https:\/\/koningdrone.be\/categorie\/alle-parachutes\/"},{"@type":"ListItem","position":4,"name":"Zephyr Double Parachute DJI Matrice 30 &#8211; Without FTS"}]},{"@type":"WebSite","@id":"https:\/\/koningdrone.be\/#website","url":"https:\/\/koningdrone.be\/","name":"Koningdrone.be - Su especialista en l\u00ednea en drones, cardanes, c\u00e1maras y centrales el\u00e9ctricas.","description":"La tienda virtual de drones y cardanes","publisher":{"@id":"https:\/\/koningdrone.be\/#organization"},"potentialAction":[{"@type":"SearchAction","target":{"@type":"EntryPoint","urlTemplate":"https:\/\/koningdrone.be\/?s={search_term_string}"},"query-input":{"@type":"PropertyValueSpecification","valueRequired":true,"valueName":"search_term_string"}}],"inLanguage":"es"},{"@type":"Organization","@id":"https:\/\/koningdrone.be\/#organization","name":"Kingdrone.es","url":"https:\/\/koningdrone.be\/","logo":{"@type":"ImageObject","inLanguage":"es","@id":"https:\/\/koningdrone.be\/#\/schema\/logo\/image\/","url":"https:\/\/koningdrone.be\/wp-content\/uploads\/sites\/13\/2025\/04\/koningdrone-copyright-logo.svg","contentUrl":"https:\/\/koningdrone.be\/wp-content\/uploads\/sites\/13\/2025\/04\/koningdrone-copyright-logo.svg","width":227,"height":38,"caption":"Koningdrone.be"},"image":{"@id":"https:\/\/koningdrone.be\/#\/schema\/logo\/image\/"}}]}},"df_price":"","df_sale_price":"","df_regular_price":"","df_image_link":"https:\/\/koningdrone.be\/wp-content\/uploads\/sites\/13\/2025\/04\/Zephyr-M30-Double-1-1-300x300.png","_links":{"self":[{"href":"https:\/\/koningdrone.be\/es\/wp-json\/wp\/v2\/product\/5298","targetHints":{"allow":["GET"]}}],"collection":[{"href":"https:\/\/koningdrone.be\/es\/wp-json\/wp\/v2\/product"}],"about":[{"href":"https:\/\/koningdrone.be\/es\/wp-json\/wp\/v2\/types\/product"}],"wp:featuredmedia":[{"embeddable":true,"href":"https:\/\/koningdrone.be\/es\/wp-json\/wp\/v2\/media\/5297"}],"wp:attachment":[{"href":"https:\/\/koningdrone.be\/es\/wp-json\/wp\/v2\/media?parent=5298"}],"wp:term":[{"taxonomy":"product_brand","embeddable":true,"href":"https:\/\/koningdrone.be\/es\/wp-json\/wp\/v2\/product_brand?post=5298"},{"taxonomy":"product_cat","embeddable":true,"href":"https:\/\/koningdrone.be\/es\/wp-json\/wp\/v2\/product_cat?post=5298"},{"taxonomy":"product_tag","embeddable":true,"href":"https:\/\/koningdrone.be\/es\/wp-json\/wp\/v2\/product_tag?post=5298"}],"curies":[{"name":"wp","href":"https:\/\/api.w.org\/{rel}","templated":true}]}}