{"id":5286,"date":"2022-11-02T09:14:34","date_gmt":"2022-11-02T08:14:34","guid":{"rendered":"https:\/\/koningdrone.nl\/kon\/product\/zephyr-parachute-dji-matrice-30-external-fts\/"},"modified":"2026-04-08T07:18:00","modified_gmt":"2026-04-08T05:18:00","slug":"zephyr-parachute-dji-matrice-30-external-fts","status":"publish","type":"product","link":"https:\/\/koningdrone.be\/es\/producto\/zephyr-parachute-dji-matrice-30-external-fts\/","title":{"rendered":"Paraca\u00eddas Zephyr DJI Matrice 30 - FTS externo"},"content":{"rendered":"<h1>PRE-ORDEN MATRICE 30 Z\u00c9PHYR PARACHUTE Con FTS Externo<\/h1>\n<p>El sistema de paraca\u00eddas m\u00e1s ligero del mercado: \u00a1s\u00f3lo 330 g!<br \/>\nEl kit de paraca\u00eddas b\u00e1sico incluye un sistema de eyecci\u00f3n ultrarr\u00e1pido de lona de CO2 y un control remoto aut\u00f3nomo dedicado con 30 horas de autonom\u00eda (acoplable al Smart Controller). El paraca\u00eddas tambi\u00e9n est\u00e1 disponible como kit homologado DGAC S1 S2 S3 con un FTS externo (autoinstalable). Cada versi\u00f3n del FTS incluye una alarma sonora y una toma de carga para alimentar y cargar el paraca\u00eddas cuando el dron est\u00e1 encendido, lo que proporciona una autonom\u00eda ilimitada.<br \/>\n\u00a1El sistema de paraca\u00eddas con parada de motor m\u00e1s ligero del mundo!<br \/>\nEl kit de paraca\u00eddas + FTS externo es la soluci\u00f3n m\u00e1s ligera disponible en el mercado, con un peso total de s\u00f3lo 385 g. Los pilotos tienen la opci\u00f3n de llevar m\u00e1s de 500 g de carga \u00fatil, adem\u00e1s de nuestros sistemas de seguridad, sin dejar de cumplir la homologaci\u00f3n S2-S3 de la DGAC (peso total en vuelo de 4,7 kg). La homologaci\u00f3n S1\/S2\/S3 propuesta por Dronavia es la \u00fanica del mercado que permite el transporte de carga \u00fatil. Hay que tener en cuenta que para una carga \u00fatil equivalente, el tiempo de vuelo con el paraca\u00eddas Z\u00e9phyr es mayor que con cualquier otro sistema de paraca\u00eddas. El FTS externo se autoinstala entre las bater\u00edas y el dron. Su funcionamiento es reversible, no modifica el dron y permite mantener la garant\u00eda del fabricante DJI. El FTS puede utilizarse solo, sin paraca\u00eddas, para aumentar la carga \u00fatil disponible y el tiempo de vuelo para el escenario S2. \u00a1La capacidad de carga \u00fatil del Matrice 30 en el escenario S2 aumenta a 960 gramos en esta configuraci\u00f3n! El m\u00f3dulo de alarma ac\u00fastica se conecta al conector USB-C de la parte inferior del dron.<br \/>\nInstalaci\u00f3n muy r\u00e1pida del sistema<br \/>\nEl paraca\u00eddas se fija a las 4 roscas superiores del dron y puede desmontarse en menos de un minuto, sin necesidad de ir al taller. En nuestra tienda hay disponible un soporte opcional para fijarlo a la parte inferior del dron cuando se utiliza la vaina superior. El kit con el FTS tambi\u00e9n se desmonta en segundos. El m\u00f3dulo fusible se inserta f\u00e1cilmente entre las bater\u00edas y el dron. Incluye inmediatamente la alarma ac\u00fastica. Pesa 55 gramos.<br \/>\nEl sistema de CO2 m\u00e1s r\u00e1pido, fiable y eficaz<br \/>\nEl sistema de emisi\u00f3n de CO2 de los paraca\u00eddas Z\u00e9phyr ha sido probado y utilizado por la mayor\u00eda de los pilotos de drones franceses durante m\u00e1s de 5 a\u00f1os. Innumerables pruebas y mejoras sucesivas han llevado a este sistema a un nivel de fiabilidad nunca antes alcanzado en un paraca\u00eddas para drones. El gas a presi\u00f3n (\u00a160 bares!) se libera en una fracci\u00f3n de segundo para propulsar el tejido del paraca\u00eddas fuera de su contenedor. El exceso de gas liberado (cada cartucho contiene varias docenas de litros) se utiliza para acelerar la campana y minimizar la p\u00e9rdida de altura cuando se activa el paraca\u00eddas. El sistema puede restablecerse en cuesti\u00f3n de segundos. El cartucho de CO2 es el \u00fanico consumible que se sustituye tras una puesta en marcha del sistema, y un cartucho s\u00f3lo cuesta unos pocos euros. No existen restricciones para los pilotos profesionales que viajan en avi\u00f3n. La mayor\u00eda de las compa\u00f1\u00edas a\u00e9reas ofrecen la opci\u00f3n de colocar su sistema Z\u00e9phyr M30 en la bodega o en la cabina con el cartucho de gas 4G.<br \/>\nEn el sistema de paraca\u00eddas de doble capota Z\u00e9phyr M30, el sistema de emisi\u00f3n de CO2 permite eyectar y abrir las capotas en s\u00f3lo 0,83 segundos, lo que equivale a una p\u00e9rdida de altura de 10 metros a una velocidad de ca\u00edda inicial de unos 6 m\/s.<br \/>\nLos toldos para drones m\u00e1s ligeros, estables y eficaces<br \/>\nLas nuevas capotas PARA\u00b2 utilizadas en los sistemas de paraca\u00eddas Z\u00e9phyr son el resultado de 3 a\u00f1os de desarrollo. Su innovador dise\u00f1o ultraligero y su construcci\u00f3n \u00fanica confieren a las c\u00fapulas PARA\u00b2 una eficacia y una estabilidad superiores. En los sistemas de una sola campana, la velocidad de ca\u00edda se reduce en proporci\u00f3n a la superficie de la campana. Cuando se utilizan por parejas, las c\u00fapulas PARA\u00b2 no interfieren entre s\u00ed y optimizan la velocidad de ca\u00edda total. Cada paraca\u00eddas Zephyr est\u00e1 dise\u00f1ado para que la(s) campana(s) mantenga(n) el dron lo m\u00e1s plano posible durante su ca\u00edda para minimizar los da\u00f1os en el impacto.<br \/>\nEn el sistema de paraca\u00eddas de dos toldos Z\u00e9phyr M30, la velocidad de ca\u00edda para una masa de 4,2 kg es de s\u00f3lo 5 m\/s, es decir, una energ\u00eda de impacto de s\u00f3lo 55 julios, muy inferior al m\u00e1ximo de 69 julios permitido en Francia.<br \/>\nUn sistema cifrado de comunicaci\u00f3n a larga distancia<br \/>\nEl sistema de comunicaci\u00f3n de largo alcance entre la radio y el paraca\u00eddas se basa en tecnolog\u00eda avanzada y modulaci\u00f3n LoRa. El alcance alcanza los 5 km en condiciones \u00f3ptimas y una opci\u00f3n de largo alcance permite superar los 10 km. El protocolo de comunicaci\u00f3n se basa en frecuencias de 869 MHz, libres de autorizaci\u00f3n (opciones de 433 y 915 MHz disponibles). Un cifrado de 128 bits garantiza que los datos no sean interceptados y el usuario recibe una alerta si se interrumpe la comunicaci\u00f3n. Funciones pr\u00e1cticas para el usuario Los m\u00f3dulos de paraca\u00eddas, FTS y radiotelemando est\u00e1n equipados con LED de indicaci\u00f3n de estado y funciones avanzadas.<br \/>\nLos LED indican la carga restante de la bater\u00eda al encender y apagar y el nivel de la bater\u00eda durante la carga. En funcionamiento, indican el estado inmediato del sistema: funcionamiento correcto, p\u00e9rdida de enlace de radio, bater\u00eda baja... En combinaci\u00f3n con un FTS, el paraca\u00eddas se enciende autom\u00e1ticamente al encender el dron. Si no hay se\u00f1al y te olvidas de apagar el paraca\u00eddas o el radiomando, los m\u00f3dulos se apagan autom\u00e1ticamente al cabo de 10 minutos. El paraca\u00eddas y la radio llevan integrado un sistema de registro de tiempo. Registra las acciones de activaci\u00f3n realizadas por el usuario con fines de diagn\u00f3stico.<br \/>\nMuchas opciones... \u00a1Adelante con la normativa!<br \/>\nGracias a las opciones disponibles con los paraca\u00eddas Z\u00e9phyr, ir\u00e1 un paso por delante de la normativa francesa y europea. En el lado del mando a distancia, es posible a\u00f1adir un segundo bot\u00f3n de desbloqueo redundante. Este segundo bot\u00f3n evita la pulsaci\u00f3n no deseada de un solo bot\u00f3n y duplica la autonom\u00eda del mando a distancia. Las tapas de seguridad protegen los botones de pulsaciones involuntarias. Si lo desea, puede solicitar un m\u00f3dulo zumbador. Genera un aviso sonoro en caso de p\u00e9rdida de conexi\u00f3n con el paraca\u00eddas. Con una opci\u00f3n de largo alcance, el alcance de la radio puede ampliarse a m\u00e1s de 10 km si es necesario. Tambi\u00e9n es posible conectar varios mandos a distancia por radio a un paraca\u00eddas, o varios paraca\u00eddas a un mando a distancia.<br \/>\nPor lo que respecta a los paraca\u00eddas, se puede solicitar un m\u00f3dulo de detecci\u00f3n de colisiones y despliegue autom\u00e1tico. Este m\u00f3dulo ser\u00e1 compatible con la norma ASTM3322 y las futuras normas europeas (clases C5 y C6 para los escenarios STS-01 y STS-02). Dronavia se anticipa a la nueva reglamentaci\u00f3n europea homologando su sistema aut\u00f3nomo de parada de motor (Z\u00e9phyr CC M30) a la norma MOC 25-11. Esta homologaci\u00f3n permitir\u00e1 a los pilotos profesionales simplificar el proceso de obtenci\u00f3n de un SORA.<\/p>","protected":false},"excerpt":{"rendered":"<ul>\n<li>Con el paraca\u00eddas individual Z\u00e9phyr M30 y el sistema FTS para el dron DJI Matrice 30, puedes asegurar tus vuelos y ralentizar la velocidad de ca\u00edda de tu Matrice 30 en caso de problemas, simplemente solicitando la parada de los motores y el despliegue del paraca\u00eddas con el control remoto aut\u00f3nomo dedicado. El paraca\u00eddas Z\u00e9phyr M30 est\u00e1 equipado con un FTS externo de 55 gramos y un alcance de 5 kil\u00f3metros.<\/li>\n<li>oibilidad de retirar f\u00e1cil y r\u00e1pidamente el paraca\u00eddas de tu dron, especialmente durante un escenario S2.<\/li>\n<\/ul>","protected":false},"featured_media":5282,"template":"","meta":{"_acf_changed":false},"product_brand":[],"product_cat":[292,97,149],"product_tag":[],"class_list":{"0":"post-5286","1":"product","2":"type-product","3":"status-publish","4":"has-post-thumbnail","6":"product_cat-alle-parachutes","7":"product_cat-alle-producten","8":"product_cat-dji-matrice-30","9":"pa_brand-zephyr","10":"pa_productfamily-parachute","11":"pa_producttype-parachute","12":"pa_series-matrice-30","14":"first","15":"outofstock","16":"taxable","17":"shipping-taxable","18":"product-type-simple"},"acf":[],"yoast_head":"<!-- This site is optimized with the Yoast SEO Premium plugin v27.2 (Yoast SEO v27.2) - https:\/\/yoast.com\/product\/yoast-seo-premium-wordpress\/ -->\n<title>Zephyr Parachute DJI Matrice 30 - External FTS - koningdrone.be<\/title>\n<meta name=\"robots\" content=\"index, follow, max-snippet:-1, max-image-preview:large, max-video-preview:-1\" \/>\n<link rel=\"canonical\" href=\"https:\/\/koningdrone.be\/es\/producto\/zephyr-parachute-dji-matrice-30-external-fts\/\" \/>\n<meta property=\"og:locale\" content=\"es_ES\" \/>\n<meta property=\"og:type\" content=\"article\" \/>\n<meta property=\"og:title\" content=\"Zephyr Parachute DJI Matrice 30 - External FTS\" \/>\n<meta property=\"og:description\" content=\"Met het Z\u00e9phyr M30 enkele parachute- en FTS-systeem voor de DJI Matrice 30-drone kunt u uw vluchten beveiligen en de valsnelheid van uw Matrice 30 vertragen in geval van problemen, simpelweg door de uitschakeling van de motoren en de inzet van de parachute aan te vragen met de speciale autonome afstandsbediening. De Z\u00e9phyr M30 parachute is uitgerust met een externe FTS met een gewicht van 55 gram en een bereik van 5 kilometer.  ogelijkheid om de parachute gemakkelijk en snel van uw drone te verwijderen, vooral tijdens een S2-scenario.\" \/>\n<meta property=\"og:url\" content=\"https:\/\/koningdrone.be\/es\/producto\/zephyr-parachute-dji-matrice-30-external-fts\/\" \/>\n<meta property=\"og:site_name\" content=\"koningdrone.be\" \/>\n<meta property=\"article:modified_time\" content=\"2026-04-08T05:18:00+00:00\" \/>\n<meta property=\"og:image\" content=\"https:\/\/koningdrone.be\/wp-content\/uploads\/sites\/13\/2025\/04\/Zephyr-M30-2-1.png\" \/>\n\t<meta property=\"og:image:width\" content=\"800\" \/>\n\t<meta property=\"og:image:height\" content=\"800\" \/>\n\t<meta property=\"og:image:type\" content=\"image\/png\" \/>\n<meta name=\"twitter:card\" content=\"summary_large_image\" \/>\n<meta name=\"twitter:label1\" content=\"Tiempo de lectura\" \/>\n\t<meta name=\"twitter:data1\" content=\"6 minutos\" \/>\n<script type=\"application\/ld+json\" class=\"yoast-schema-graph\">{\"@context\":\"https:\/\/schema.org\",\"@graph\":[{\"@type\":\"WebPage\",\"@id\":\"https:\/\/koningdrone.be\/product\/zephyr-parachute-dji-matrice-30-external-fts\/\",\"url\":\"https:\/\/koningdrone.be\/product\/zephyr-parachute-dji-matrice-30-external-fts\/\",\"name\":\"Zephyr Parachute DJI Matrice 30 - External FTS - koningdrone.be\",\"isPartOf\":{\"@id\":\"https:\/\/koningdrone.be\/#website\"},\"primaryImageOfPage\":{\"@id\":\"https:\/\/koningdrone.be\/product\/zephyr-parachute-dji-matrice-30-external-fts\/#primaryimage\"},\"image\":{\"@id\":\"https:\/\/koningdrone.be\/product\/zephyr-parachute-dji-matrice-30-external-fts\/#primaryimage\"},\"thumbnailUrl\":\"https:\/\/koningdrone.be\/wp-content\/uploads\/sites\/13\/2025\/04\/Zephyr-M30-2-1.png\",\"datePublished\":\"2022-11-02T08:14:34+00:00\",\"dateModified\":\"2026-04-08T05:18:00+00:00\",\"breadcrumb\":{\"@id\":\"https:\/\/koningdrone.be\/product\/zephyr-parachute-dji-matrice-30-external-fts\/#breadcrumb\"},\"inLanguage\":\"es\",\"potentialAction\":[{\"@type\":\"ReadAction\",\"target\":[\"https:\/\/koningdrone.be\/product\/zephyr-parachute-dji-matrice-30-external-fts\/\"]}]},{\"@type\":\"ImageObject\",\"inLanguage\":\"es\",\"@id\":\"https:\/\/koningdrone.be\/product\/zephyr-parachute-dji-matrice-30-external-fts\/#primaryimage\",\"url\":\"https:\/\/koningdrone.be\/wp-content\/uploads\/sites\/13\/2025\/04\/Zephyr-M30-2-1.png\",\"contentUrl\":\"https:\/\/koningdrone.be\/wp-content\/uploads\/sites\/13\/2025\/04\/Zephyr-M30-2-1.png\",\"width\":800,\"height\":800},{\"@type\":\"BreadcrumbList\",\"@id\":\"https:\/\/koningdrone.be\/product\/zephyr-parachute-dji-matrice-30-external-fts\/#breadcrumb\",\"itemListElement\":[{\"@type\":\"ListItem\",\"position\":1,\"name\":\"Home\",\"item\":\"https:\/\/koningdrone.be\/\"},{\"@type\":\"ListItem\",\"position\":2,\"name\":\"AVSS Parachute Recovery System for DJI Matrice 300\/350\",\"item\":\"https:\/\/koningdrone.be\/product\/avss-parachute-recovery-system-for-dji-matrice-300-350\/\"},{\"@type\":\"ListItem\",\"position\":3,\"name\":\"Alle parachutes\",\"item\":\"https:\/\/koningdrone.be\/categorie\/alle-parachutes\/\"},{\"@type\":\"ListItem\",\"position\":4,\"name\":\"Zephyr Parachute DJI Matrice 30 &#8211; External FTS\"}]},{\"@type\":\"WebSite\",\"@id\":\"https:\/\/koningdrone.be\/#website\",\"url\":\"https:\/\/koningdrone.be\/\",\"name\":\"Koningdrone.be - Uw online specialist in drones, gimbals, camera's en power stations.\",\"description\":\"De webshop in drones en gimbals\",\"publisher\":{\"@id\":\"https:\/\/koningdrone.be\/#organization\"},\"potentialAction\":[{\"@type\":\"SearchAction\",\"target\":{\"@type\":\"EntryPoint\",\"urlTemplate\":\"https:\/\/koningdrone.be\/?s={search_term_string}\"},\"query-input\":{\"@type\":\"PropertyValueSpecification\",\"valueRequired\":true,\"valueName\":\"search_term_string\"}}],\"inLanguage\":\"es\"},{\"@type\":\"Organization\",\"@id\":\"https:\/\/koningdrone.be\/#organization\",\"name\":\"Koningdrone.be\",\"url\":\"https:\/\/koningdrone.be\/\",\"logo\":{\"@type\":\"ImageObject\",\"inLanguage\":\"es\",\"@id\":\"https:\/\/koningdrone.be\/#\/schema\/logo\/image\/\",\"url\":\"https:\/\/koningdrone.be\/wp-content\/uploads\/sites\/13\/2025\/04\/koningdrone-copyright-logo.svg\",\"contentUrl\":\"https:\/\/koningdrone.be\/wp-content\/uploads\/sites\/13\/2025\/04\/koningdrone-copyright-logo.svg\",\"width\":227,\"height\":38,\"caption\":\"Koningdrone.be\"},\"image\":{\"@id\":\"https:\/\/koningdrone.be\/#\/schema\/logo\/image\/\"}}]}<\/script>\n<!-- \/ Yoast SEO Premium plugin. -->","yoast_head_json":{"title":"Zephyr Parachute DJI Matrice 30 - External FTS - koningdrone.be","robots":{"index":"index","follow":"follow","max-snippet":"max-snippet:-1","max-image-preview":"max-image-preview:large","max-video-preview":"max-video-preview:-1"},"canonical":"https:\/\/koningdrone.be\/es\/producto\/zephyr-parachute-dji-matrice-30-external-fts\/","og_locale":"es_ES","og_type":"article","og_title":"Zephyr Parachute DJI Matrice 30 - External FTS","og_description":"Met het Z\u00e9phyr M30 enkele parachute- en FTS-systeem voor de DJI Matrice 30-drone kunt u uw vluchten beveiligen en de valsnelheid van uw Matrice 30 vertragen in geval van problemen, simpelweg door de uitschakeling van de motoren en de inzet van de parachute aan te vragen met de speciale autonome afstandsbediening. De Z\u00e9phyr M30 parachute is uitgerust met een externe FTS met een gewicht van 55 gram en een bereik van 5 kilometer.  ogelijkheid om de parachute gemakkelijk en snel van uw drone te verwijderen, vooral tijdens een S2-scenario.","og_url":"https:\/\/koningdrone.be\/es\/producto\/zephyr-parachute-dji-matrice-30-external-fts\/","og_site_name":"koningdrone.be","article_modified_time":"2026-04-08T05:18:00+00:00","og_image":[{"width":800,"height":800,"url":"https:\/\/koningdrone.be\/wp-content\/uploads\/sites\/13\/2025\/04\/Zephyr-M30-2-1.png","type":"image\/png"}],"twitter_card":"summary_large_image","twitter_misc":{"Tiempo de lectura":"6 minutos"},"schema":{"@context":"https:\/\/schema.org","@graph":[{"@type":"WebPage","@id":"https:\/\/koningdrone.be\/product\/zephyr-parachute-dji-matrice-30-external-fts\/","url":"https:\/\/koningdrone.be\/product\/zephyr-parachute-dji-matrice-30-external-fts\/","name":"Zephyr Parachute DJI Matrice 30 - External FTS - koningdrone.be","isPartOf":{"@id":"https:\/\/koningdrone.be\/#website"},"primaryImageOfPage":{"@id":"https:\/\/koningdrone.be\/product\/zephyr-parachute-dji-matrice-30-external-fts\/#primaryimage"},"image":{"@id":"https:\/\/koningdrone.be\/product\/zephyr-parachute-dji-matrice-30-external-fts\/#primaryimage"},"thumbnailUrl":"https:\/\/koningdrone.be\/wp-content\/uploads\/sites\/13\/2025\/04\/Zephyr-M30-2-1.png","datePublished":"2022-11-02T08:14:34+00:00","dateModified":"2026-04-08T05:18:00+00:00","breadcrumb":{"@id":"https:\/\/koningdrone.be\/product\/zephyr-parachute-dji-matrice-30-external-fts\/#breadcrumb"},"inLanguage":"es","potentialAction":[{"@type":"ReadAction","target":["https:\/\/koningdrone.be\/product\/zephyr-parachute-dji-matrice-30-external-fts\/"]}]},{"@type":"ImageObject","inLanguage":"es","@id":"https:\/\/koningdrone.be\/product\/zephyr-parachute-dji-matrice-30-external-fts\/#primaryimage","url":"https:\/\/koningdrone.be\/wp-content\/uploads\/sites\/13\/2025\/04\/Zephyr-M30-2-1.png","contentUrl":"https:\/\/koningdrone.be\/wp-content\/uploads\/sites\/13\/2025\/04\/Zephyr-M30-2-1.png","width":800,"height":800},{"@type":"BreadcrumbList","@id":"https:\/\/koningdrone.be\/product\/zephyr-parachute-dji-matrice-30-external-fts\/#breadcrumb","itemListElement":[{"@type":"ListItem","position":1,"name":"Home","item":"https:\/\/koningdrone.be\/"},{"@type":"ListItem","position":2,"name":"AVSS Parachute Recovery System for DJI Matrice 300\/350","item":"https:\/\/koningdrone.be\/product\/avss-parachute-recovery-system-for-dji-matrice-300-350\/"},{"@type":"ListItem","position":3,"name":"Alle parachutes","item":"https:\/\/koningdrone.be\/categorie\/alle-parachutes\/"},{"@type":"ListItem","position":4,"name":"Zephyr Parachute DJI Matrice 30 &#8211; External FTS"}]},{"@type":"WebSite","@id":"https:\/\/koningdrone.be\/#website","url":"https:\/\/koningdrone.be\/","name":"Koningdrone.be - Su especialista en l\u00ednea en drones, cardanes, c\u00e1maras y centrales el\u00e9ctricas.","description":"La tienda virtual de drones y cardanes","publisher":{"@id":"https:\/\/koningdrone.be\/#organization"},"potentialAction":[{"@type":"SearchAction","target":{"@type":"EntryPoint","urlTemplate":"https:\/\/koningdrone.be\/?s={search_term_string}"},"query-input":{"@type":"PropertyValueSpecification","valueRequired":true,"valueName":"search_term_string"}}],"inLanguage":"es"},{"@type":"Organization","@id":"https:\/\/koningdrone.be\/#organization","name":"Kingdrone.es","url":"https:\/\/koningdrone.be\/","logo":{"@type":"ImageObject","inLanguage":"es","@id":"https:\/\/koningdrone.be\/#\/schema\/logo\/image\/","url":"https:\/\/koningdrone.be\/wp-content\/uploads\/sites\/13\/2025\/04\/koningdrone-copyright-logo.svg","contentUrl":"https:\/\/koningdrone.be\/wp-content\/uploads\/sites\/13\/2025\/04\/koningdrone-copyright-logo.svg","width":227,"height":38,"caption":"Koningdrone.be"},"image":{"@id":"https:\/\/koningdrone.be\/#\/schema\/logo\/image\/"}}]}},"df_price":"","df_sale_price":"","df_regular_price":"","df_image_link":"https:\/\/koningdrone.be\/wp-content\/uploads\/sites\/13\/2025\/04\/Zephyr-M30-2-1-300x300.png","_links":{"self":[{"href":"https:\/\/koningdrone.be\/es\/wp-json\/wp\/v2\/product\/5286","targetHints":{"allow":["GET"]}}],"collection":[{"href":"https:\/\/koningdrone.be\/es\/wp-json\/wp\/v2\/product"}],"about":[{"href":"https:\/\/koningdrone.be\/es\/wp-json\/wp\/v2\/types\/product"}],"wp:featuredmedia":[{"embeddable":true,"href":"https:\/\/koningdrone.be\/es\/wp-json\/wp\/v2\/media\/5282"}],"wp:attachment":[{"href":"https:\/\/koningdrone.be\/es\/wp-json\/wp\/v2\/media?parent=5286"}],"wp:term":[{"taxonomy":"product_brand","embeddable":true,"href":"https:\/\/koningdrone.be\/es\/wp-json\/wp\/v2\/product_brand?post=5286"},{"taxonomy":"product_cat","embeddable":true,"href":"https:\/\/koningdrone.be\/es\/wp-json\/wp\/v2\/product_cat?post=5286"},{"taxonomy":"product_tag","embeddable":true,"href":"https:\/\/koningdrone.be\/es\/wp-json\/wp\/v2\/product_tag?post=5286"}],"curies":[{"name":"wp","href":"https:\/\/api.w.org\/{rel}","templated":true}]}}