{"id":5275,"date":"2022-11-02T09:14:43","date_gmt":"2022-11-02T08:14:43","guid":{"rendered":"https:\/\/koningdrone.nl\/kon\/product\/mp-130-speaker-v2\/"},"modified":"2026-05-17T09:40:15","modified_gmt":"2026-05-17T07:40:15","slug":"mp-130-speaker-v2","status":"publish","type":"product","link":"https:\/\/koningdrone.be\/es\/producto\/mp-130-speaker-v2\/","title":{"rendered":"Altavoz MP 130 V2"},"content":{"rendered":"<h1>Altavoz MP 130 V2<\/h1>\n<p>El sistema de transmisi\u00f3n de voz digital MP130 UAV V2 utiliza la interfaz DJI Skyport, que permite una conexi\u00f3n r\u00e1pida y sin problemas a los UAV de las series M200 y M300 de DJI. Tiene una distancia m\u00e1xima de transmisi\u00f3n de hasta 500 m y puede utilizarse en calles ruidosas o zonas de transmisi\u00f3n m\u00e1s amplias (como propaganda de prevenci\u00f3n de enfermedades, operaciones de b\u00fasqueda y rescate en bosques) y otras escenas que requieran transmisiones a larga distancia.<br \/> Sonoridad superior a 130 dB<br \/> Transmisi\u00f3n n\u00edtida incluso a 300 metros de altura<br \/> Alcance sonoro efectivo de 300-500 metros<br \/> Sigue el movimiento de la c\u00e1mara y transmite con precisi\u00f3n<br \/> Alcance m\u00e1ximo de amplificaci\u00f3n del sonido 1000 metros<br \/> Desarrollo basado en DJI PSDK<br \/> Peso inferior a 550 g<br \/> Soporta entrada de audio AUX externa (se puede conectar con audio de intercomunicaci\u00f3n sin se\u00f1al 4G)<br \/> Mecanismo incorporado para transferencias precisas<br \/>Software de control inteligente<br \/> Texto a voz en tiempo real, transferencia de llamadas en tiempo real, carga de grabaciones, pronunciaci\u00f3n de voz personalizada, texto en el idioma local, reproducci\u00f3n de m\u00fasica de fondo<br \/> Compatible con los drones de las series DJI M200 V2 y M300; funciona con el software DJI Pilot<br \/> Muchas funciones, actores de doblaje adaptados, m\u00fasica de fondo<br \/> Admite tarjeta de memoria TF; puede prealmacenar contenidos de emisi\u00f3n y m\u00fasica de escena<br \/> Puede utilizarse de muchas formas<\/p>","protected":false},"excerpt":{"rendered":"<p>MP 130 Speaker V2 Het MP130 UAV V2 digitale spraaktransmissiesysteem maakt gebruik van de DJI Skyport-interface, die een snelle en naadloze verbinding met DJI M200- en M300-serie UAV&#8217;s mogelijk maakt. Het heeft een maximale zendafstand van maximaal 500 m en kan worden gebruikt in lawaaierige straten of grotere zendgebieden (zoals propaganda voor ziektepreventie, zoek- en [&hellip;]<\/p>\n","protected":false},"featured_media":5273,"template":"","meta":{"_acf_changed":false},"product_brand":[],"product_cat":[97,152],"product_tag":[],"class_list":{"0":"post-5275","1":"product","2":"type-product","3":"status-publish","4":"has-post-thumbnail","6":"product_cat-alle-producten","7":"product_cat-dji-matrice-300","8":"product_shipping_class-outofstock","9":"pa_brand-czi","10":"pa_productfamily-speaker","11":"pa_producttype-speaker","12":"pa_series-mp-130","14":"first","15":"outofstock","16":"taxable","17":"shipping-taxable","18":"product-type-simple"},"acf":[],"yoast_head":"<!-- This site is optimized with the Yoast SEO Premium plugin v27.2 (Yoast SEO v27.2) - https:\/\/yoast.com\/product\/yoast-seo-premium-wordpress\/ -->\n<title>MP 130 Speaker V2 - koningdrone.be<\/title>\n<meta name=\"robots\" content=\"index, follow, max-snippet:-1, max-image-preview:large, max-video-preview:-1\" \/>\n<link rel=\"canonical\" href=\"https:\/\/koningdrone.be\/es\/producto\/mp-130-speaker-v2\/\" \/>\n<meta property=\"og:locale\" content=\"es_ES\" \/>\n<meta property=\"og:type\" content=\"article\" \/>\n<meta property=\"og:title\" content=\"MP 130 Speaker V2\" \/>\n<meta property=\"og:description\" content=\"MP 130 Speaker V2 Het MP130 UAV V2 digitale spraaktransmissiesysteem maakt gebruik van de DJI Skyport-interface, die een snelle en naadloze verbinding met DJI M200- en M300-serie UAV&#8217;s mogelijk maakt. Het heeft een maximale zendafstand van maximaal 500 m en kan worden gebruikt in lawaaierige straten of grotere zendgebieden (zoals propaganda voor ziektepreventie, zoek- en [&hellip;]\" \/>\n<meta property=\"og:url\" content=\"https:\/\/koningdrone.be\/es\/producto\/mp-130-speaker-v2\/\" \/>\n<meta property=\"og:site_name\" content=\"koningdrone.be\" \/>\n<meta property=\"article:modified_time\" content=\"2026-05-17T07:40:15+00:00\" \/>\n<meta property=\"og:image\" content=\"https:\/\/koningdrone.be\/wp-content\/uploads\/sites\/13\/2025\/04\/6972073120289-1.png\" \/>\n\t<meta property=\"og:image:width\" content=\"1280\" \/>\n\t<meta property=\"og:image:height\" content=\"800\" \/>\n\t<meta property=\"og:image:type\" content=\"image\/png\" \/>\n<meta name=\"twitter:card\" content=\"summary_large_image\" \/>\n<meta name=\"twitter:label1\" content=\"Tiempo de lectura\" \/>\n\t<meta name=\"twitter:data1\" content=\"1 minuto\" \/>\n<script type=\"application\/ld+json\" class=\"yoast-schema-graph\">{\"@context\":\"https:\/\/schema.org\",\"@graph\":[{\"@type\":\"WebPage\",\"@id\":\"https:\/\/koningdrone.be\/product\/mp-130-speaker-v2\/\",\"url\":\"https:\/\/koningdrone.be\/product\/mp-130-speaker-v2\/\",\"name\":\"MP 130 Speaker V2 - koningdrone.be\",\"isPartOf\":{\"@id\":\"https:\/\/koningdrone.be\/#website\"},\"primaryImageOfPage\":{\"@id\":\"https:\/\/koningdrone.be\/product\/mp-130-speaker-v2\/#primaryimage\"},\"image\":{\"@id\":\"https:\/\/koningdrone.be\/product\/mp-130-speaker-v2\/#primaryimage\"},\"thumbnailUrl\":\"https:\/\/koningdrone.be\/wp-content\/uploads\/sites\/13\/2025\/04\/6972073120289-1.png\",\"datePublished\":\"2022-11-02T08:14:43+00:00\",\"dateModified\":\"2026-05-17T07:40:15+00:00\",\"breadcrumb\":{\"@id\":\"https:\/\/koningdrone.be\/product\/mp-130-speaker-v2\/#breadcrumb\"},\"inLanguage\":\"es\",\"potentialAction\":[{\"@type\":\"ReadAction\",\"target\":[\"https:\/\/koningdrone.be\/product\/mp-130-speaker-v2\/\"]}]},{\"@type\":\"ImageObject\",\"inLanguage\":\"es\",\"@id\":\"https:\/\/koningdrone.be\/product\/mp-130-speaker-v2\/#primaryimage\",\"url\":\"https:\/\/koningdrone.be\/wp-content\/uploads\/sites\/13\/2025\/04\/6972073120289-1.png\",\"contentUrl\":\"https:\/\/koningdrone.be\/wp-content\/uploads\/sites\/13\/2025\/04\/6972073120289-1.png\",\"width\":1280,\"height\":800},{\"@type\":\"BreadcrumbList\",\"@id\":\"https:\/\/koningdrone.be\/product\/mp-130-speaker-v2\/#breadcrumb\",\"itemListElement\":[{\"@type\":\"ListItem\",\"position\":1,\"name\":\"Home\",\"item\":\"https:\/\/koningdrone.be\/\"},{\"@type\":\"ListItem\",\"position\":2,\"name\":\"AVSS Parachute Recovery System for DJI Matrice 300\/350\",\"item\":\"https:\/\/koningdrone.be\/product\/avss-parachute-recovery-system-for-dji-matrice-300-350\/\"},{\"@type\":\"ListItem\",\"position\":3,\"name\":\"Alle producten\",\"item\":\"https:\/\/koningdrone.be\/categorie\/alle-producten\/\"},{\"@type\":\"ListItem\",\"position\":4,\"name\":\"MP 130 Speaker V2\"}]},{\"@type\":\"WebSite\",\"@id\":\"https:\/\/koningdrone.be\/#website\",\"url\":\"https:\/\/koningdrone.be\/\",\"name\":\"Koningdrone.be - Uw online specialist in drones, gimbals, camera's en power stations.\",\"description\":\"De webshop in drones en gimbals\",\"publisher\":{\"@id\":\"https:\/\/koningdrone.be\/#organization\"},\"potentialAction\":[{\"@type\":\"SearchAction\",\"target\":{\"@type\":\"EntryPoint\",\"urlTemplate\":\"https:\/\/koningdrone.be\/?s={search_term_string}\"},\"query-input\":{\"@type\":\"PropertyValueSpecification\",\"valueRequired\":true,\"valueName\":\"search_term_string\"}}],\"inLanguage\":\"es\"},{\"@type\":\"Organization\",\"@id\":\"https:\/\/koningdrone.be\/#organization\",\"name\":\"Koningdrone.be\",\"url\":\"https:\/\/koningdrone.be\/\",\"logo\":{\"@type\":\"ImageObject\",\"inLanguage\":\"es\",\"@id\":\"https:\/\/koningdrone.be\/#\/schema\/logo\/image\/\",\"url\":\"https:\/\/koningdrone.be\/wp-content\/uploads\/sites\/13\/2025\/04\/koningdrone-copyright-logo.svg\",\"contentUrl\":\"https:\/\/koningdrone.be\/wp-content\/uploads\/sites\/13\/2025\/04\/koningdrone-copyright-logo.svg\",\"width\":227,\"height\":38,\"caption\":\"Koningdrone.be\"},\"image\":{\"@id\":\"https:\/\/koningdrone.be\/#\/schema\/logo\/image\/\"}}]}<\/script>\n<!-- \/ Yoast SEO Premium plugin. -->","yoast_head_json":{"title":"MP 130 Speaker V2 - koningdrone.be","robots":{"index":"index","follow":"follow","max-snippet":"max-snippet:-1","max-image-preview":"max-image-preview:large","max-video-preview":"max-video-preview:-1"},"canonical":"https:\/\/koningdrone.be\/es\/producto\/mp-130-speaker-v2\/","og_locale":"es_ES","og_type":"article","og_title":"MP 130 Speaker V2","og_description":"MP 130 Speaker V2 Het MP130 UAV V2 digitale spraaktransmissiesysteem maakt gebruik van de DJI Skyport-interface, die een snelle en naadloze verbinding met DJI M200- en M300-serie UAV&#8217;s mogelijk maakt. Het heeft een maximale zendafstand van maximaal 500 m en kan worden gebruikt in lawaaierige straten of grotere zendgebieden (zoals propaganda voor ziektepreventie, zoek- en [&hellip;]","og_url":"https:\/\/koningdrone.be\/es\/producto\/mp-130-speaker-v2\/","og_site_name":"koningdrone.be","article_modified_time":"2026-05-17T07:40:15+00:00","og_image":[{"width":1280,"height":800,"url":"https:\/\/koningdrone.be\/wp-content\/uploads\/sites\/13\/2025\/04\/6972073120289-1.png","type":"image\/png"}],"twitter_card":"summary_large_image","twitter_misc":{"Tiempo de lectura":"1 minuto"},"schema":{"@context":"https:\/\/schema.org","@graph":[{"@type":"WebPage","@id":"https:\/\/koningdrone.be\/product\/mp-130-speaker-v2\/","url":"https:\/\/koningdrone.be\/product\/mp-130-speaker-v2\/","name":"MP 130 Speaker V2 - koningdrone.be","isPartOf":{"@id":"https:\/\/koningdrone.be\/#website"},"primaryImageOfPage":{"@id":"https:\/\/koningdrone.be\/product\/mp-130-speaker-v2\/#primaryimage"},"image":{"@id":"https:\/\/koningdrone.be\/product\/mp-130-speaker-v2\/#primaryimage"},"thumbnailUrl":"https:\/\/koningdrone.be\/wp-content\/uploads\/sites\/13\/2025\/04\/6972073120289-1.png","datePublished":"2022-11-02T08:14:43+00:00","dateModified":"2026-05-17T07:40:15+00:00","breadcrumb":{"@id":"https:\/\/koningdrone.be\/product\/mp-130-speaker-v2\/#breadcrumb"},"inLanguage":"es","potentialAction":[{"@type":"ReadAction","target":["https:\/\/koningdrone.be\/product\/mp-130-speaker-v2\/"]}]},{"@type":"ImageObject","inLanguage":"es","@id":"https:\/\/koningdrone.be\/product\/mp-130-speaker-v2\/#primaryimage","url":"https:\/\/koningdrone.be\/wp-content\/uploads\/sites\/13\/2025\/04\/6972073120289-1.png","contentUrl":"https:\/\/koningdrone.be\/wp-content\/uploads\/sites\/13\/2025\/04\/6972073120289-1.png","width":1280,"height":800},{"@type":"BreadcrumbList","@id":"https:\/\/koningdrone.be\/product\/mp-130-speaker-v2\/#breadcrumb","itemListElement":[{"@type":"ListItem","position":1,"name":"Home","item":"https:\/\/koningdrone.be\/"},{"@type":"ListItem","position":2,"name":"AVSS Parachute Recovery System for DJI Matrice 300\/350","item":"https:\/\/koningdrone.be\/product\/avss-parachute-recovery-system-for-dji-matrice-300-350\/"},{"@type":"ListItem","position":3,"name":"Alle producten","item":"https:\/\/koningdrone.be\/categorie\/alle-producten\/"},{"@type":"ListItem","position":4,"name":"MP 130 Speaker V2"}]},{"@type":"WebSite","@id":"https:\/\/koningdrone.be\/#website","url":"https:\/\/koningdrone.be\/","name":"Koningdrone.be - Su especialista en l\u00ednea en drones, cardanes, c\u00e1maras y centrales el\u00e9ctricas.","description":"La tienda virtual de drones y cardanes","publisher":{"@id":"https:\/\/koningdrone.be\/#organization"},"potentialAction":[{"@type":"SearchAction","target":{"@type":"EntryPoint","urlTemplate":"https:\/\/koningdrone.be\/?s={search_term_string}"},"query-input":{"@type":"PropertyValueSpecification","valueRequired":true,"valueName":"search_term_string"}}],"inLanguage":"es"},{"@type":"Organization","@id":"https:\/\/koningdrone.be\/#organization","name":"Kingdrone.es","url":"https:\/\/koningdrone.be\/","logo":{"@type":"ImageObject","inLanguage":"es","@id":"https:\/\/koningdrone.be\/#\/schema\/logo\/image\/","url":"https:\/\/koningdrone.be\/wp-content\/uploads\/sites\/13\/2025\/04\/koningdrone-copyright-logo.svg","contentUrl":"https:\/\/koningdrone.be\/wp-content\/uploads\/sites\/13\/2025\/04\/koningdrone-copyright-logo.svg","width":227,"height":38,"caption":"Koningdrone.be"},"image":{"@id":"https:\/\/koningdrone.be\/#\/schema\/logo\/image\/"}}]}},"df_price":"","df_sale_price":"","df_regular_price":"","df_image_link":"https:\/\/koningdrone.be\/wp-content\/uploads\/sites\/13\/2025\/04\/6972073120289-1-300x188.png","_links":{"self":[{"href":"https:\/\/koningdrone.be\/es\/wp-json\/wp\/v2\/product\/5275","targetHints":{"allow":["GET"]}}],"collection":[{"href":"https:\/\/koningdrone.be\/es\/wp-json\/wp\/v2\/product"}],"about":[{"href":"https:\/\/koningdrone.be\/es\/wp-json\/wp\/v2\/types\/product"}],"wp:featuredmedia":[{"embeddable":true,"href":"https:\/\/koningdrone.be\/es\/wp-json\/wp\/v2\/media\/5273"}],"wp:attachment":[{"href":"https:\/\/koningdrone.be\/es\/wp-json\/wp\/v2\/media?parent=5275"}],"wp:term":[{"taxonomy":"product_brand","embeddable":true,"href":"https:\/\/koningdrone.be\/es\/wp-json\/wp\/v2\/product_brand?post=5275"},{"taxonomy":"product_cat","embeddable":true,"href":"https:\/\/koningdrone.be\/es\/wp-json\/wp\/v2\/product_cat?post=5275"},{"taxonomy":"product_tag","embeddable":true,"href":"https:\/\/koningdrone.be\/es\/wp-json\/wp\/v2\/product_tag?post=5275"}],"curies":[{"name":"wp","href":"https:\/\/api.w.org\/{rel}","templated":true}]}}