{"id":5272,"date":"2022-11-02T09:14:43","date_gmt":"2022-11-02T08:14:43","guid":{"rendered":"https:\/\/koningdrone.nl\/kon\/product\/zephyr-mini-parachute-annual-maintenance\/"},"modified":"2026-04-14T05:10:04","modified_gmt":"2026-04-14T03:10:04","slug":"zephyr-mini-parachute-annual-maintenance","status":"publish","type":"product","link":"https:\/\/koningdrone.be\/es\/producto\/zephyr-mini-parachute-annual-maintenance\/","title":{"rendered":"Zephyr Mini Parachute - Mantenimiento anual"},"content":{"rendered":"<h1>ZEPHYR MINI - MANTENIMIENTO ANUAL DEL PARACA\u00cdDAS<\/h1>\n<p>Este paquete de mantenimiento incluye:<br \/>\nUna prueba completa del sistema<br \/>\nDesplegar y ventilar las cubiertas<br \/>\nDoblar el lienzo<br \/>\nCambio del muelle<br \/>\nAcciones anuales de mantenimiento preventivo<br \/>\nEs obligatorio mantener su sistema de paraca\u00eddas en \u00f3ptimas condiciones durante un a\u00f1o m\u00e1s.<br \/>\nTenga en cuenta que el precio no incluye los gastos de env\u00edo.<\/p>","protected":false},"excerpt":{"rendered":"<p>ZEPHYR MINI &#8211; ANNUAL MAINTENANCE FOR PARACHUTE Dit onderhoudspakket omvat: Een volledige systeemtest Ontvouwen en ventileren van de hoezen Opvouwen van het canvas Verwisselen van de veer Jaarlijkse preventieve onderhoudsacties Het is verplicht om uw parachutesysteem nog een jaar in optimale staat te houden. Houd er rekening mee dat de prijs exclusief verzendkosten is.<\/p>","protected":false},"featured_media":5271,"template":"","meta":{"_acf_changed":false},"product_brand":[],"product_cat":[292,97],"product_tag":[],"class_list":{"0":"post-5272","1":"product","2":"type-product","3":"status-publish","4":"has-post-thumbnail","6":"product_cat-alle-parachutes","7":"product_cat-alle-producten","8":"product_shipping_class-outofstock","9":"pa_brand-zephyr","10":"pa_productfamily-parachute","11":"pa_producttype-parachute","13":"first","14":"outofstock","15":"taxable","16":"shipping-taxable","17":"product-type-simple"},"acf":[],"yoast_head":"<!-- This site is optimized with the Yoast SEO Premium plugin v27.2 (Yoast SEO v27.2) - https:\/\/yoast.com\/product\/yoast-seo-premium-wordpress\/ -->\n<title>Zephyr Mini Parachute - Annual Maintenance - koningdrone.be<\/title>\n<meta name=\"robots\" content=\"index, follow, max-snippet:-1, max-image-preview:large, max-video-preview:-1\" \/>\n<link rel=\"canonical\" href=\"https:\/\/koningdrone.be\/es\/producto\/zephyr-mini-parachute-annual-maintenance\/\" \/>\n<meta property=\"og:locale\" content=\"es_ES\" \/>\n<meta property=\"og:type\" content=\"article\" \/>\n<meta property=\"og:title\" content=\"Zephyr Mini Parachute - Annual Maintenance\" \/>\n<meta property=\"og:description\" content=\"ZEPHYR MINI &#8211; ANNUAL MAINTENANCE FOR PARACHUTE Dit onderhoudspakket omvat: Een volledige systeemtest Ontvouwen en ventileren van de hoezen Opvouwen van het canvas Verwisselen van de veer Jaarlijkse preventieve onderhoudsacties Het is verplicht om uw parachutesysteem nog een jaar in optimale staat te houden. Houd er rekening mee dat de prijs exclusief verzendkosten is.\" \/>\n<meta property=\"og:url\" content=\"https:\/\/koningdrone.be\/es\/producto\/zephyr-mini-parachute-annual-maintenance\/\" \/>\n<meta property=\"og:site_name\" content=\"koningdrone.be\" \/>\n<meta property=\"article:modified_time\" content=\"2026-04-14T03:10:04+00:00\" \/>\n<meta property=\"og:image\" content=\"https:\/\/koningdrone.be\/wp-content\/uploads\/sites\/13\/2025\/04\/Annual-Maintenance-1.png\" \/>\n\t<meta property=\"og:image:width\" content=\"800\" \/>\n\t<meta property=\"og:image:height\" content=\"800\" \/>\n\t<meta property=\"og:image:type\" content=\"image\/png\" \/>\n<meta name=\"twitter:card\" content=\"summary_large_image\" \/>\n<script type=\"application\/ld+json\" class=\"yoast-schema-graph\">{\"@context\":\"https:\/\/schema.org\",\"@graph\":[{\"@type\":\"WebPage\",\"@id\":\"https:\/\/koningdrone.be\/product\/zephyr-mini-parachute-annual-maintenance\/\",\"url\":\"https:\/\/koningdrone.be\/product\/zephyr-mini-parachute-annual-maintenance\/\",\"name\":\"Zephyr Mini Parachute - Annual Maintenance - koningdrone.be\",\"isPartOf\":{\"@id\":\"https:\/\/koningdrone.be\/#website\"},\"primaryImageOfPage\":{\"@id\":\"https:\/\/koningdrone.be\/product\/zephyr-mini-parachute-annual-maintenance\/#primaryimage\"},\"image\":{\"@id\":\"https:\/\/koningdrone.be\/product\/zephyr-mini-parachute-annual-maintenance\/#primaryimage\"},\"thumbnailUrl\":\"https:\/\/koningdrone.be\/wp-content\/uploads\/sites\/13\/2025\/04\/Annual-Maintenance-1.png\",\"datePublished\":\"2022-11-02T08:14:43+00:00\",\"dateModified\":\"2026-04-14T03:10:04+00:00\",\"breadcrumb\":{\"@id\":\"https:\/\/koningdrone.be\/product\/zephyr-mini-parachute-annual-maintenance\/#breadcrumb\"},\"inLanguage\":\"es\",\"potentialAction\":[{\"@type\":\"ReadAction\",\"target\":[\"https:\/\/koningdrone.be\/product\/zephyr-mini-parachute-annual-maintenance\/\"]}]},{\"@type\":\"ImageObject\",\"inLanguage\":\"es\",\"@id\":\"https:\/\/koningdrone.be\/product\/zephyr-mini-parachute-annual-maintenance\/#primaryimage\",\"url\":\"https:\/\/koningdrone.be\/wp-content\/uploads\/sites\/13\/2025\/04\/Annual-Maintenance-1.png\",\"contentUrl\":\"https:\/\/koningdrone.be\/wp-content\/uploads\/sites\/13\/2025\/04\/Annual-Maintenance-1.png\",\"width\":800,\"height\":800},{\"@type\":\"BreadcrumbList\",\"@id\":\"https:\/\/koningdrone.be\/product\/zephyr-mini-parachute-annual-maintenance\/#breadcrumb\",\"itemListElement\":[{\"@type\":\"ListItem\",\"position\":1,\"name\":\"Home\",\"item\":\"https:\/\/koningdrone.be\/\"},{\"@type\":\"ListItem\",\"position\":2,\"name\":\"AVSS Parachute Recovery System for DJI Matrice 300\/350\",\"item\":\"https:\/\/koningdrone.be\/product\/avss-parachute-recovery-system-for-dji-matrice-300-350\/\"},{\"@type\":\"ListItem\",\"position\":3,\"name\":\"Alle parachutes\",\"item\":\"https:\/\/koningdrone.be\/categorie\/alle-parachutes\/\"},{\"@type\":\"ListItem\",\"position\":4,\"name\":\"Zephyr Mini Parachute &#8211; Annual Maintenance\"}]},{\"@type\":\"WebSite\",\"@id\":\"https:\/\/koningdrone.be\/#website\",\"url\":\"https:\/\/koningdrone.be\/\",\"name\":\"Koningdrone.be - Uw online specialist in drones, gimbals, camera's en power stations.\",\"description\":\"De webshop in drones en gimbals\",\"publisher\":{\"@id\":\"https:\/\/koningdrone.be\/#organization\"},\"potentialAction\":[{\"@type\":\"SearchAction\",\"target\":{\"@type\":\"EntryPoint\",\"urlTemplate\":\"https:\/\/koningdrone.be\/?s={search_term_string}\"},\"query-input\":{\"@type\":\"PropertyValueSpecification\",\"valueRequired\":true,\"valueName\":\"search_term_string\"}}],\"inLanguage\":\"es\"},{\"@type\":\"Organization\",\"@id\":\"https:\/\/koningdrone.be\/#organization\",\"name\":\"Koningdrone.be\",\"url\":\"https:\/\/koningdrone.be\/\",\"logo\":{\"@type\":\"ImageObject\",\"inLanguage\":\"es\",\"@id\":\"https:\/\/koningdrone.be\/#\/schema\/logo\/image\/\",\"url\":\"https:\/\/koningdrone.be\/wp-content\/uploads\/sites\/13\/2025\/04\/koningdrone-copyright-logo.svg\",\"contentUrl\":\"https:\/\/koningdrone.be\/wp-content\/uploads\/sites\/13\/2025\/04\/koningdrone-copyright-logo.svg\",\"width\":227,\"height\":38,\"caption\":\"Koningdrone.be\"},\"image\":{\"@id\":\"https:\/\/koningdrone.be\/#\/schema\/logo\/image\/\"}}]}<\/script>\n<!-- \/ Yoast SEO Premium plugin. -->","yoast_head_json":{"title":"Zephyr Mini Parachute - Annual Maintenance - koningdrone.be","robots":{"index":"index","follow":"follow","max-snippet":"max-snippet:-1","max-image-preview":"max-image-preview:large","max-video-preview":"max-video-preview:-1"},"canonical":"https:\/\/koningdrone.be\/es\/producto\/zephyr-mini-parachute-annual-maintenance\/","og_locale":"es_ES","og_type":"article","og_title":"Zephyr Mini Parachute - Annual Maintenance","og_description":"ZEPHYR MINI &#8211; ANNUAL MAINTENANCE FOR PARACHUTE Dit onderhoudspakket omvat: Een volledige systeemtest Ontvouwen en ventileren van de hoezen Opvouwen van het canvas Verwisselen van de veer Jaarlijkse preventieve onderhoudsacties Het is verplicht om uw parachutesysteem nog een jaar in optimale staat te houden. Houd er rekening mee dat de prijs exclusief verzendkosten is.","og_url":"https:\/\/koningdrone.be\/es\/producto\/zephyr-mini-parachute-annual-maintenance\/","og_site_name":"koningdrone.be","article_modified_time":"2026-04-14T03:10:04+00:00","og_image":[{"width":800,"height":800,"url":"https:\/\/koningdrone.be\/wp-content\/uploads\/sites\/13\/2025\/04\/Annual-Maintenance-1.png","type":"image\/png"}],"twitter_card":"summary_large_image","schema":{"@context":"https:\/\/schema.org","@graph":[{"@type":"WebPage","@id":"https:\/\/koningdrone.be\/product\/zephyr-mini-parachute-annual-maintenance\/","url":"https:\/\/koningdrone.be\/product\/zephyr-mini-parachute-annual-maintenance\/","name":"Zephyr Mini Parachute - Annual Maintenance - koningdrone.be","isPartOf":{"@id":"https:\/\/koningdrone.be\/#website"},"primaryImageOfPage":{"@id":"https:\/\/koningdrone.be\/product\/zephyr-mini-parachute-annual-maintenance\/#primaryimage"},"image":{"@id":"https:\/\/koningdrone.be\/product\/zephyr-mini-parachute-annual-maintenance\/#primaryimage"},"thumbnailUrl":"https:\/\/koningdrone.be\/wp-content\/uploads\/sites\/13\/2025\/04\/Annual-Maintenance-1.png","datePublished":"2022-11-02T08:14:43+00:00","dateModified":"2026-04-14T03:10:04+00:00","breadcrumb":{"@id":"https:\/\/koningdrone.be\/product\/zephyr-mini-parachute-annual-maintenance\/#breadcrumb"},"inLanguage":"es","potentialAction":[{"@type":"ReadAction","target":["https:\/\/koningdrone.be\/product\/zephyr-mini-parachute-annual-maintenance\/"]}]},{"@type":"ImageObject","inLanguage":"es","@id":"https:\/\/koningdrone.be\/product\/zephyr-mini-parachute-annual-maintenance\/#primaryimage","url":"https:\/\/koningdrone.be\/wp-content\/uploads\/sites\/13\/2025\/04\/Annual-Maintenance-1.png","contentUrl":"https:\/\/koningdrone.be\/wp-content\/uploads\/sites\/13\/2025\/04\/Annual-Maintenance-1.png","width":800,"height":800},{"@type":"BreadcrumbList","@id":"https:\/\/koningdrone.be\/product\/zephyr-mini-parachute-annual-maintenance\/#breadcrumb","itemListElement":[{"@type":"ListItem","position":1,"name":"Home","item":"https:\/\/koningdrone.be\/"},{"@type":"ListItem","position":2,"name":"AVSS Parachute Recovery System for DJI Matrice 300\/350","item":"https:\/\/koningdrone.be\/product\/avss-parachute-recovery-system-for-dji-matrice-300-350\/"},{"@type":"ListItem","position":3,"name":"Alle parachutes","item":"https:\/\/koningdrone.be\/categorie\/alle-parachutes\/"},{"@type":"ListItem","position":4,"name":"Zephyr Mini Parachute &#8211; Annual Maintenance"}]},{"@type":"WebSite","@id":"https:\/\/koningdrone.be\/#website","url":"https:\/\/koningdrone.be\/","name":"Koningdrone.be - Su especialista en l\u00ednea en drones, cardanes, c\u00e1maras y centrales el\u00e9ctricas.","description":"La tienda virtual de drones y cardanes","publisher":{"@id":"https:\/\/koningdrone.be\/#organization"},"potentialAction":[{"@type":"SearchAction","target":{"@type":"EntryPoint","urlTemplate":"https:\/\/koningdrone.be\/?s={search_term_string}"},"query-input":{"@type":"PropertyValueSpecification","valueRequired":true,"valueName":"search_term_string"}}],"inLanguage":"es"},{"@type":"Organization","@id":"https:\/\/koningdrone.be\/#organization","name":"Kingdrone.es","url":"https:\/\/koningdrone.be\/","logo":{"@type":"ImageObject","inLanguage":"es","@id":"https:\/\/koningdrone.be\/#\/schema\/logo\/image\/","url":"https:\/\/koningdrone.be\/wp-content\/uploads\/sites\/13\/2025\/04\/koningdrone-copyright-logo.svg","contentUrl":"https:\/\/koningdrone.be\/wp-content\/uploads\/sites\/13\/2025\/04\/koningdrone-copyright-logo.svg","width":227,"height":38,"caption":"Koningdrone.be"},"image":{"@id":"https:\/\/koningdrone.be\/#\/schema\/logo\/image\/"}}]}},"df_price":"","df_sale_price":"","df_regular_price":"","df_image_link":"https:\/\/koningdrone.be\/wp-content\/uploads\/sites\/13\/2025\/04\/Annual-Maintenance-1-300x300.png","_links":{"self":[{"href":"https:\/\/koningdrone.be\/es\/wp-json\/wp\/v2\/product\/5272","targetHints":{"allow":["GET"]}}],"collection":[{"href":"https:\/\/koningdrone.be\/es\/wp-json\/wp\/v2\/product"}],"about":[{"href":"https:\/\/koningdrone.be\/es\/wp-json\/wp\/v2\/types\/product"}],"wp:featuredmedia":[{"embeddable":true,"href":"https:\/\/koningdrone.be\/es\/wp-json\/wp\/v2\/media\/5271"}],"wp:attachment":[{"href":"https:\/\/koningdrone.be\/es\/wp-json\/wp\/v2\/media?parent=5272"}],"wp:term":[{"taxonomy":"product_brand","embeddable":true,"href":"https:\/\/koningdrone.be\/es\/wp-json\/wp\/v2\/product_brand?post=5272"},{"taxonomy":"product_cat","embeddable":true,"href":"https:\/\/koningdrone.be\/es\/wp-json\/wp\/v2\/product_cat?post=5272"},{"taxonomy":"product_tag","embeddable":true,"href":"https:\/\/koningdrone.be\/es\/wp-json\/wp\/v2\/product_tag?post=5272"}],"curies":[{"name":"wp","href":"https:\/\/api.w.org\/{rel}","templated":true}]}}