{"id":5260,"date":"2022-11-08T14:28:01","date_gmt":"2022-11-08T13:28:01","guid":{"rendered":"https:\/\/koningdrone.nl\/kon\/product\/dji-mavic-3-classic-incl-dji-rc-smart-controller\/"},"modified":"2026-04-29T13:40:02","modified_gmt":"2026-04-29T11:40:02","slug":"dji-mavic-3-classic-incl-dji-rc-smart-controller","status":"publish","type":"product","link":"https:\/\/koningdrone.be\/es\/producto\/dji-mavic-3-classic-incl-dji-rc-smart-controller\/","title":{"rendered":"DJI Mavic 3 Classic - incl. Controlador DJI RC Smart"},"content":{"rendered":"<h1>DJI Mavic 3 Classic - incl. Controlador DJI RC Smart<\/h1>\n<p><strong>DJI MAVIC 3 CLASSIC CON SMART CONTROLLER<\/strong><br \/>Una de las mejores opciones dentro de la serie DJI Mavic 3 es el DJI Mavic 3 Classic. Es un dron profesional que valora la calidad. Adem\u00e1s del Mavic 3 Classic, tambi\u00e9n hay otros dos productos que pertenecen a la serie DJI Mavic 3. Los drones Mavic 3 y Mavic 3 Cine. La serie Mavic 3 se centra principalmente en vuelos fluidos e im\u00e1genes de un nivel bastante alto. Como resultado, puedes esperar im\u00e1genes n\u00edtidas filmadas desde el aire, garantizado.<\/p>\n<p><strong>LAS DIFERENCIAS ENTRE LOS MODELOS DJI MAVIC SERIE 3<\/strong><br \/>Cuando empezamos a poner los productos uno al lado del otro para compararlos, nos damos cuenta de que el DJI Mavic 3 classic tiene una c\u00e1mara Hasselblad. Esta cuenta con un sensor CMOS 4\/3 pulgadas de 20 megap\u00edxeles y tambi\u00e9n tiene una lente de 24 mm. El DJI Mavic 3 tiene la misma c\u00e1mara pero adicionalmente cuenta con un teleobjetivo con una distancia focal de 162mm. Adem\u00e1s, este modelo tambi\u00e9n incorpora un bloqueo de card\u00e1n que evitar\u00e1 que tanto la c\u00e1mara como el card\u00e1n tiemblen. Esto crea una seguridad extra en el momento de transportar el dron. Una gran ventaja del Mavic 3 Cine es que tiene a\u00fan m\u00e1s caracter\u00edsticas. Por ejemplo, tiene un enorme SSD de 1 TB integrado, que te permite disfrutar de un almacenamiento de datos ultrarr\u00e1pido. Adem\u00e1s, es compatible con varios c\u00f3decs, como Apple ProRes 422 HQ, Apple ProRes 422 y Apple ProRes 422 LT, por ejemplo.<\/p>\n<p><strong>Enfoque autom\u00e1tico mejorado<\/strong><\/p>\n<p>Gracias al sistema de enfoque autom\u00e1tico por detecci\u00f3n de visi\u00f3n (VDAF), se optimiza la velocidad de profundidad\/enfoque.<\/p>\n<p><strong>Zoom a la perfecci\u00f3n<\/strong><\/p>\n<p>Ya hemos mencionado brevemente que, aparte del objetivo gran angular, el Mavic 3 classic tambi\u00e9n est\u00e1 equipado con un teleobjetivo zoom. Se trata de un sensor CMOS de 1\/2 pulgada y 12 megap\u00edxeles con una distancia focal fija de 162 mm. Es posible hacer fotos a una apertura fija (f4,4). Con esta c\u00e1mara se pueden grabar v\u00eddeos con calidad 4k a 30 fps.<\/p>\n<p><strong>Funciones de seguridad mejoradas y ampliadas<\/strong><\/p>\n<p>El Mavic 3 classic est\u00e1 equipado en 360 grados con sensores de obst\u00e1culos omnidireccionales, funci\u00f3n avanzada de vuelta a casa (RTH) (el dron averiguar\u00e1 por s\u00ed mismo la ruta de vuelta m\u00e1s eficaz), RTH por bater\u00eda baja. Adem\u00e1s, se ha mejorado a\u00fan m\u00e1s el Sistema Avanzado de Asistencia al Piloto (APAS 5.0). Incluso a alta velocidad, este dron puede evitar obst\u00e1culos en los entornos m\u00e1s complejos.<\/p>\n<p><strong>Amplios horarios de vuelo<\/strong><\/p>\n<p>El tiempo de vuelo del Mavic 3 classic es de unos 45 minutos y puede alcanzar una velocidad m\u00e1xima de 75 km\/h. Esto supone 15 minutos m\u00e1s que su predecesor, el Mavic 2, y el dron vuela 3 kil\u00f3metros por hora m\u00e1s r\u00e1pido que la versi\u00f3n anterior. La autonom\u00eda tambi\u00e9n se ha ampliado considerablemente, pasando de unos buenos 6 kil\u00f3metros a m\u00e1s de 15.<\/p>\n<p><strong>Funciones de foto\/v\u00eddeo mejoradas<\/strong><\/p>\n<p>La funci\u00f3n de grabaci\u00f3n hyperlapse le permite acelerar el tiempo y el movimiento con 1 toque. La funci\u00f3n panor\u00e1mica de 100 megap\u00edxeles te permite hacer fotos extremadamente grandes y detalladas.<\/p>\n<p><strong>Hyperlapse y panorama<\/strong><\/p>\n<p>Con un solo toque, acelera el tiempo y el movimiento para conseguir sorprendentes tomas hyperlapse. Tambi\u00e9n es posible tomar fotos extremadamente grandes y detalladas de su entorno con la funci\u00f3n panor\u00e1mica de 100 megap\u00edxeles. Mastershots es una funci\u00f3n inteligente avanzada que le permite crear los v\u00eddeos m\u00e1s bellos de su sujeto favorito con s\u00f3lo 1 toque. Tiene que seleccionar el sujeto que desee en el monitor y, a continuaci\u00f3n, puede hacer que el dron realice 10 movimientos diferentes. Al hacerlo, el sujeto permanecer\u00e1 en el centro de la imagen. Todo ello se fusiona en 1 breve pel\u00edcula recopilatoria.<\/p>\n<p><strong>FILMACI\u00d3N AUTOM\u00c1TICA E INTELIGENTE CON TOMAS MAESTRAS<\/strong><br \/>Una gran caracter\u00edstica de los drones de la serie DJI Mavic 3 es MasterShots. Se puede considerar como una funci\u00f3n inteligente que te permite seleccionar un objeto con solo pulsar un bot\u00f3n. El dron se asegura de que el objeto permanezca en el centro y realiza una toma que muestra diez movimientos diferentes. En \u00faltima instancia, esto crea una imagen cinematogr\u00e1fica.<\/p>","protected":false},"excerpt":{"rendered":"<ul>\n<li>C\u00e1mara 4\/3 CMOS Hasselblad<\/li>\n<li>Im\u00e1genes profesionales de 5,1K\/50 fps<\/li>\n<li>Soluci\u00f3n de color natural Hasselblad<\/li>\n<li>Tiempo m\u00e1ximo de vuelo de 46 minutos<\/li>\n<li>Detecci\u00f3n de obst\u00e1culos en todas las direcciones<\/li>\n<li>Transmisi\u00f3n de v\u00eddeo HD a 15 km<\/li>\n<li>RTH avanzado<\/li>\n<li>Modo nocturno para grabaci\u00f3n de v\u00eddeo<\/li>\n<li>DJI RC (pantalla HD de 5,5 pulgadas)<\/li>\n<\/ul>","protected":false},"featured_media":5253,"template":"","meta":{"_acf_changed":false},"product_brand":[],"product_cat":[135,97,136,137,99],"product_tag":[],"class_list":{"0":"post-5260","1":"product","2":"type-product","3":"status-publish","4":"has-post-thumbnail","6":"product_cat-alle-drones","7":"product_cat-alle-producten","8":"product_cat-consumer-drones","9":"product_cat-dji-mavic-3","10":"product_cat-drones-met-certificaat","11":"product_shipping_class-outofstock","12":"pa_brand-dji","13":"pa_dronegrade-consumer","14":"pa_productfamily-drone","15":"pa_producttype-drone","16":"pa_series-mavic-3","18":"first","19":"outofstock","20":"taxable","21":"shipping-taxable","22":"product-type-simple"},"acf":[],"yoast_head":"<!-- This site is optimized with the Yoast SEO Premium plugin v27.2 (Yoast SEO v27.2) - https:\/\/yoast.com\/product\/yoast-seo-premium-wordpress\/ -->\n<title>DJI Mavic 3 Classic - incl. DJI RC Smart Controller - koningdrone.be<\/title>\n<meta name=\"robots\" content=\"index, follow, max-snippet:-1, max-image-preview:large, max-video-preview:-1\" \/>\n<link rel=\"canonical\" href=\"https:\/\/koningdrone.be\/es\/producto\/dji-mavic-3-classic-incl-dji-rc-smart-controller\/\" \/>\n<meta property=\"og:locale\" content=\"es_ES\" \/>\n<meta property=\"og:type\" content=\"article\" \/>\n<meta property=\"og:title\" content=\"DJI Mavic 3 Classic - incl. DJI RC Smart Controller\" \/>\n<meta property=\"og:description\" content=\"4\/3 CMOS Hasselblad-camera5.1K\/50fps professionele beeldenHasselblad natuurlijke kleurenoplossing46-minuten maximale vliegtijdObstakeldetectie in alle richtingen15km HD video transmissieGeavanceerde RTHNachtmodus voor video-opnameDJI RC (5,5-inch HD-scherm)\" \/>\n<meta property=\"og:url\" content=\"https:\/\/koningdrone.be\/es\/producto\/dji-mavic-3-classic-incl-dji-rc-smart-controller\/\" \/>\n<meta property=\"og:site_name\" content=\"koningdrone.be\" \/>\n<meta property=\"article:modified_time\" content=\"2026-04-29T11:40:02+00:00\" \/>\n<meta property=\"og:image\" content=\"https:\/\/koningdrone.be\/wp-content\/uploads\/sites\/13\/2025\/04\/4.png\" \/>\n\t<meta property=\"og:image:width\" content=\"800\" \/>\n\t<meta property=\"og:image:height\" content=\"450\" \/>\n\t<meta property=\"og:image:type\" content=\"image\/png\" \/>\n<meta name=\"twitter:card\" content=\"summary_large_image\" \/>\n<meta name=\"twitter:label1\" content=\"Tiempo de lectura\" \/>\n\t<meta name=\"twitter:data1\" content=\"3 minutos\" \/>\n<script type=\"application\/ld+json\" class=\"yoast-schema-graph\">{\"@context\":\"https:\/\/schema.org\",\"@graph\":[{\"@type\":\"WebPage\",\"@id\":\"https:\/\/koningdrone.be\/product\/dji-mavic-3-classic-incl-dji-rc-smart-controller\/\",\"url\":\"https:\/\/koningdrone.be\/product\/dji-mavic-3-classic-incl-dji-rc-smart-controller\/\",\"name\":\"DJI Mavic 3 Classic - incl. DJI RC Smart Controller - koningdrone.be\",\"isPartOf\":{\"@id\":\"https:\/\/koningdrone.be\/#website\"},\"primaryImageOfPage\":{\"@id\":\"https:\/\/koningdrone.be\/product\/dji-mavic-3-classic-incl-dji-rc-smart-controller\/#primaryimage\"},\"image\":{\"@id\":\"https:\/\/koningdrone.be\/product\/dji-mavic-3-classic-incl-dji-rc-smart-controller\/#primaryimage\"},\"thumbnailUrl\":\"https:\/\/koningdrone.be\/wp-content\/uploads\/sites\/13\/2025\/04\/4.png\",\"datePublished\":\"2022-11-08T13:28:01+00:00\",\"dateModified\":\"2026-04-29T11:40:02+00:00\",\"breadcrumb\":{\"@id\":\"https:\/\/koningdrone.be\/product\/dji-mavic-3-classic-incl-dji-rc-smart-controller\/#breadcrumb\"},\"inLanguage\":\"es\",\"potentialAction\":[{\"@type\":\"ReadAction\",\"target\":[\"https:\/\/koningdrone.be\/product\/dji-mavic-3-classic-incl-dji-rc-smart-controller\/\"]}]},{\"@type\":\"ImageObject\",\"inLanguage\":\"es\",\"@id\":\"https:\/\/koningdrone.be\/product\/dji-mavic-3-classic-incl-dji-rc-smart-controller\/#primaryimage\",\"url\":\"https:\/\/koningdrone.be\/wp-content\/uploads\/sites\/13\/2025\/04\/4.png\",\"contentUrl\":\"https:\/\/koningdrone.be\/wp-content\/uploads\/sites\/13\/2025\/04\/4.png\",\"width\":800,\"height\":450},{\"@type\":\"BreadcrumbList\",\"@id\":\"https:\/\/koningdrone.be\/product\/dji-mavic-3-classic-incl-dji-rc-smart-controller\/#breadcrumb\",\"itemListElement\":[{\"@type\":\"ListItem\",\"position\":1,\"name\":\"Home\",\"item\":\"https:\/\/koningdrone.be\/\"},{\"@type\":\"ListItem\",\"position\":2,\"name\":\"AVSS Parachute Recovery System for DJI Matrice 300\/350\",\"item\":\"https:\/\/koningdrone.be\/product\/avss-parachute-recovery-system-for-dji-matrice-300-350\/\"},{\"@type\":\"ListItem\",\"position\":3,\"name\":\"Alle drones\",\"item\":\"https:\/\/koningdrone.be\/categorie\/alle-drones\/\"},{\"@type\":\"ListItem\",\"position\":4,\"name\":\"DJI Mavic 3 Classic &#8211; incl. DJI RC Smart Controller\"}]},{\"@type\":\"WebSite\",\"@id\":\"https:\/\/koningdrone.be\/#website\",\"url\":\"https:\/\/koningdrone.be\/\",\"name\":\"Koningdrone.be - Uw online specialist in drones, gimbals, camera's en power stations.\",\"description\":\"De webshop in drones en gimbals\",\"publisher\":{\"@id\":\"https:\/\/koningdrone.be\/#organization\"},\"potentialAction\":[{\"@type\":\"SearchAction\",\"target\":{\"@type\":\"EntryPoint\",\"urlTemplate\":\"https:\/\/koningdrone.be\/?s={search_term_string}\"},\"query-input\":{\"@type\":\"PropertyValueSpecification\",\"valueRequired\":true,\"valueName\":\"search_term_string\"}}],\"inLanguage\":\"es\"},{\"@type\":\"Organization\",\"@id\":\"https:\/\/koningdrone.be\/#organization\",\"name\":\"Koningdrone.be\",\"url\":\"https:\/\/koningdrone.be\/\",\"logo\":{\"@type\":\"ImageObject\",\"inLanguage\":\"es\",\"@id\":\"https:\/\/koningdrone.be\/#\/schema\/logo\/image\/\",\"url\":\"https:\/\/koningdrone.be\/wp-content\/uploads\/sites\/13\/2025\/04\/koningdrone-copyright-logo.svg\",\"contentUrl\":\"https:\/\/koningdrone.be\/wp-content\/uploads\/sites\/13\/2025\/04\/koningdrone-copyright-logo.svg\",\"width\":227,\"height\":38,\"caption\":\"Koningdrone.be\"},\"image\":{\"@id\":\"https:\/\/koningdrone.be\/#\/schema\/logo\/image\/\"}}]}<\/script>\n<!-- \/ Yoast SEO Premium plugin. -->","yoast_head_json":{"title":"DJI Mavic 3 Classic - incl. DJI RC Smart Controller - koningdrone.be","robots":{"index":"index","follow":"follow","max-snippet":"max-snippet:-1","max-image-preview":"max-image-preview:large","max-video-preview":"max-video-preview:-1"},"canonical":"https:\/\/koningdrone.be\/es\/producto\/dji-mavic-3-classic-incl-dji-rc-smart-controller\/","og_locale":"es_ES","og_type":"article","og_title":"DJI Mavic 3 Classic - incl. DJI RC Smart Controller","og_description":"4\/3 CMOS Hasselblad-camera5.1K\/50fps professionele beeldenHasselblad natuurlijke kleurenoplossing46-minuten maximale vliegtijdObstakeldetectie in alle richtingen15km HD video transmissieGeavanceerde RTHNachtmodus voor video-opnameDJI RC (5,5-inch HD-scherm)","og_url":"https:\/\/koningdrone.be\/es\/producto\/dji-mavic-3-classic-incl-dji-rc-smart-controller\/","og_site_name":"koningdrone.be","article_modified_time":"2026-04-29T11:40:02+00:00","og_image":[{"width":800,"height":450,"url":"https:\/\/koningdrone.be\/wp-content\/uploads\/sites\/13\/2025\/04\/4.png","type":"image\/png"}],"twitter_card":"summary_large_image","twitter_misc":{"Tiempo de lectura":"3 minutos"},"schema":{"@context":"https:\/\/schema.org","@graph":[{"@type":"WebPage","@id":"https:\/\/koningdrone.be\/product\/dji-mavic-3-classic-incl-dji-rc-smart-controller\/","url":"https:\/\/koningdrone.be\/product\/dji-mavic-3-classic-incl-dji-rc-smart-controller\/","name":"DJI Mavic 3 Classic - incl. DJI RC Smart Controller - koningdrone.be","isPartOf":{"@id":"https:\/\/koningdrone.be\/#website"},"primaryImageOfPage":{"@id":"https:\/\/koningdrone.be\/product\/dji-mavic-3-classic-incl-dji-rc-smart-controller\/#primaryimage"},"image":{"@id":"https:\/\/koningdrone.be\/product\/dji-mavic-3-classic-incl-dji-rc-smart-controller\/#primaryimage"},"thumbnailUrl":"https:\/\/koningdrone.be\/wp-content\/uploads\/sites\/13\/2025\/04\/4.png","datePublished":"2022-11-08T13:28:01+00:00","dateModified":"2026-04-29T11:40:02+00:00","breadcrumb":{"@id":"https:\/\/koningdrone.be\/product\/dji-mavic-3-classic-incl-dji-rc-smart-controller\/#breadcrumb"},"inLanguage":"es","potentialAction":[{"@type":"ReadAction","target":["https:\/\/koningdrone.be\/product\/dji-mavic-3-classic-incl-dji-rc-smart-controller\/"]}]},{"@type":"ImageObject","inLanguage":"es","@id":"https:\/\/koningdrone.be\/product\/dji-mavic-3-classic-incl-dji-rc-smart-controller\/#primaryimage","url":"https:\/\/koningdrone.be\/wp-content\/uploads\/sites\/13\/2025\/04\/4.png","contentUrl":"https:\/\/koningdrone.be\/wp-content\/uploads\/sites\/13\/2025\/04\/4.png","width":800,"height":450},{"@type":"BreadcrumbList","@id":"https:\/\/koningdrone.be\/product\/dji-mavic-3-classic-incl-dji-rc-smart-controller\/#breadcrumb","itemListElement":[{"@type":"ListItem","position":1,"name":"Home","item":"https:\/\/koningdrone.be\/"},{"@type":"ListItem","position":2,"name":"AVSS Parachute Recovery System for DJI Matrice 300\/350","item":"https:\/\/koningdrone.be\/product\/avss-parachute-recovery-system-for-dji-matrice-300-350\/"},{"@type":"ListItem","position":3,"name":"Alle drones","item":"https:\/\/koningdrone.be\/categorie\/alle-drones\/"},{"@type":"ListItem","position":4,"name":"DJI Mavic 3 Classic &#8211; incl. DJI RC Smart Controller"}]},{"@type":"WebSite","@id":"https:\/\/koningdrone.be\/#website","url":"https:\/\/koningdrone.be\/","name":"Koningdrone.be - Su especialista en l\u00ednea en drones, cardanes, c\u00e1maras y centrales el\u00e9ctricas.","description":"La tienda virtual de drones y cardanes","publisher":{"@id":"https:\/\/koningdrone.be\/#organization"},"potentialAction":[{"@type":"SearchAction","target":{"@type":"EntryPoint","urlTemplate":"https:\/\/koningdrone.be\/?s={search_term_string}"},"query-input":{"@type":"PropertyValueSpecification","valueRequired":true,"valueName":"search_term_string"}}],"inLanguage":"es"},{"@type":"Organization","@id":"https:\/\/koningdrone.be\/#organization","name":"Kingdrone.es","url":"https:\/\/koningdrone.be\/","logo":{"@type":"ImageObject","inLanguage":"es","@id":"https:\/\/koningdrone.be\/#\/schema\/logo\/image\/","url":"https:\/\/koningdrone.be\/wp-content\/uploads\/sites\/13\/2025\/04\/koningdrone-copyright-logo.svg","contentUrl":"https:\/\/koningdrone.be\/wp-content\/uploads\/sites\/13\/2025\/04\/koningdrone-copyright-logo.svg","width":227,"height":38,"caption":"Koningdrone.be"},"image":{"@id":"https:\/\/koningdrone.be\/#\/schema\/logo\/image\/"}}]}},"df_price":"","df_sale_price":"","df_regular_price":"","df_image_link":"https:\/\/koningdrone.be\/wp-content\/uploads\/sites\/13\/2025\/04\/4-300x169.png","_links":{"self":[{"href":"https:\/\/koningdrone.be\/es\/wp-json\/wp\/v2\/product\/5260","targetHints":{"allow":["GET"]}}],"collection":[{"href":"https:\/\/koningdrone.be\/es\/wp-json\/wp\/v2\/product"}],"about":[{"href":"https:\/\/koningdrone.be\/es\/wp-json\/wp\/v2\/types\/product"}],"wp:featuredmedia":[{"embeddable":true,"href":"https:\/\/koningdrone.be\/es\/wp-json\/wp\/v2\/media\/5253"}],"wp:attachment":[{"href":"https:\/\/koningdrone.be\/es\/wp-json\/wp\/v2\/media?parent=5260"}],"wp:term":[{"taxonomy":"product_brand","embeddable":true,"href":"https:\/\/koningdrone.be\/es\/wp-json\/wp\/v2\/product_brand?post=5260"},{"taxonomy":"product_cat","embeddable":true,"href":"https:\/\/koningdrone.be\/es\/wp-json\/wp\/v2\/product_cat?post=5260"},{"taxonomy":"product_tag","embeddable":true,"href":"https:\/\/koningdrone.be\/es\/wp-json\/wp\/v2\/product_tag?post=5260"}],"curies":[{"name":"wp","href":"https:\/\/api.w.org\/{rel}","templated":true}]}}