{"id":5239,"date":"2022-11-13T10:35:41","date_gmt":"2022-11-13T09:35:41","guid":{"rendered":"https:\/\/koningdrone.nl\/kon\/product\/jackery-explorer-2000-pro\/"},"modified":"2026-04-29T14:40:55","modified_gmt":"2026-04-29T12:40:55","slug":"jackery-explorer-2000-pro","status":"publish","type":"product","link":"https:\/\/koningdrone.be\/es\/producto\/jackery-explorer-2000-pro\/","title":{"rendered":"Jackery EXPLORER 2000 Pro"},"content":{"rendered":"<p>El Explorer 2000 Pro es un powerbank port\u00e1til de alta calidad ideal para viajar, acampar, en el jard\u00edn o como fuente de alimentaci\u00f3n de emergencia en casa. La bater\u00eda de iones de litio proporciona una gran potencia con 2 tomas de corriente de 230 V\/2200 W (4400 W de pico), 2 conectores USB-A, 1 conector QC 3.0, 2 conectores USB-C PD y un conector de 12 V para coche. Es f\u00e1cil de cargar a trav\u00e9s de paneles solares (se venden por separado), un adaptador de corriente o en el coche. En comparaci\u00f3n con los generadores tradicionales, la Jackery Powerstation es m\u00e1s respetuosa con el medio ambiente y no requiere gasolina ni ning\u00fan otro combustible. Un controlador de carga solar integrado con tecnolog\u00eda MPPT consigue la m\u00e1xima eficiencia de carga, y un sistema de gesti\u00f3n de bater\u00edas BMS proporciona protecci\u00f3n contra el sobrecalentamiento y los cortocircuitos.<\/p>\n<p><strong>Especificaciones t\u00e9cnicas<\/strong><\/p>\n<p>- Tensi\u00f3n de funcionamiento: 230 V~, 50 Hz<br \/>\n- Potencia: 4400 W como m\u00e1ximo<br \/>\n- Capacidad: 2160Wh (50Ah, 43,2V)<br \/>\n- Tipo de bater\u00eda: i\u00f3n-litio<br \/>\n- Salidas: 2x toma de corriente, 2x USB-A, 1x conector de coche, 2x USB-C PD 1x QC 3.0<br \/>\n- Entradas: AC 1800W, solar 1400W, conexi\u00f3n coche 12V\/8A m\u00e1x.<br \/>\n- Tiempo de carga: aprox. 2 horas (corriente alterna)<br \/>\n- Temperatura de funcionamiento: -10...+40 \u00b0C<br \/>\n- Peso: 19,5 kg<br \/>\n- Dimensiones: 383x269x307,5 mm<\/p>\n<p>&nbsp;<\/p>","protected":false},"excerpt":{"rendered":"<ul>\n<li>Compa\u00f1ero de viaje ideal<\/li>\n<li>Instalaci\u00f3n Plug and Play sin electricista.<\/li>\n<li>Suministro el\u00e9ctrico fiable en todo momento<\/li>\n<li>2200 W de potencia<\/li>\n<li>Bater\u00eda de litio de 2160 Wh (50 Ah)<\/li>\n<li>Salidas de CA de onda sinusoidal pura (2x)<\/li>\n<li>Enchufe para coche de 12 V, 2x USB-A, 1x QC 3.0, 2x conector USB-C PD<\/li>\n<li>Pantalla LCD inteligente para mostrar la potencia de entrada, la potencia de salida y la carga restante de la bater\u00eda<\/li>\n<li>Gran capacidad con tama\u00f1o reducido<\/li>\n<li>3 modos de carga: enchufe de pared, enchufe del coche y energ\u00eda solar<\/li>\n<li>Linterna LED con modo SOS<\/li>\n<li>El adaptador de CA se carga en unas 2 horas<\/li>\n<li>Este motor port\u00e1til no necesita gasolina ni ning\u00fan otro combustible, por lo que es muy silencioso y discreto.<\/li>\n<\/ul>","protected":false},"featured_media":5232,"template":"","meta":{"_acf_changed":false},"product_brand":[],"product_cat":[454,97,415,475,476],"product_tag":[],"class_list":{"0":"post-5239","1":"product","2":"type-product","3":"status-publish","4":"has-post-thumbnail","6":"product_cat-alle-powerstations","7":"product_cat-alle-producten","8":"product_cat-energy","9":"product_cat-jackery","10":"product_cat-jackery-powerstations","11":"product_shipping_class-outofstock","12":"pa_brand-jackery","13":"pa_capaciteit-2501-wh-en-meer","14":"pa_productfamily-power-station","15":"pa_producttype-power-station","16":"pa_series-explorer","17":"pa_type-batterij-li-ion-nmc","19":"first","20":"outofstock","21":"taxable","22":"shipping-taxable","23":"product-type-simple"},"acf":[],"yoast_head":"<!-- This site is optimized with the Yoast SEO Premium plugin v27.2 (Yoast SEO v27.2) - https:\/\/yoast.com\/product\/yoast-seo-premium-wordpress\/ -->\n<title>Jackery EXPLORER 2000 Pro - koningdrone.be<\/title>\n<meta name=\"robots\" content=\"index, follow, max-snippet:-1, max-image-preview:large, max-video-preview:-1\" \/>\n<link rel=\"canonical\" href=\"https:\/\/koningdrone.be\/es\/producto\/jackery-explorer-2000-pro\/\" \/>\n<meta property=\"og:locale\" content=\"es_ES\" \/>\n<meta property=\"og:type\" content=\"article\" \/>\n<meta property=\"og:title\" content=\"Jackery EXPLORER 2000 Pro\" \/>\n<meta property=\"og:description\" content=\"Ideale reisgenoot  Plug and play installatie zonder elektricien.  Altijd betrouwbare stroomvoorziening  2200W vermogen  Lithiumbatterij met 2160 Wh (50 Ah)  Pure sinusgolf AC-uitgangen (2x)  12 V autostekker, 2x USB-A, 1x QC 3.0, 2x USB-C PD-stekker  Slim LCD-scherm om het ingangsvermogen, het uitgangsvermogen en het resterende batterijvermogen weer te geven  Grote capaciteit met klein formaat  3 oplaadmodi - stopcontact, auto-stopcontact, zonne-energie  LED-zaklamp met SOS-modus  AC-adapter opgeladen in ongeveer 2 uur  De draagbare krachtcentrale heeft geen benzine of andere brandstof nodig en is daardoor superstil en onopvallend.\" \/>\n<meta property=\"og:url\" content=\"https:\/\/koningdrone.be\/es\/producto\/jackery-explorer-2000-pro\/\" \/>\n<meta property=\"og:site_name\" content=\"koningdrone.be\" \/>\n<meta property=\"article:modified_time\" content=\"2026-04-29T12:40:55+00:00\" \/>\n<meta property=\"og:image\" content=\"https:\/\/koningdrone.be\/wp-content\/uploads\/sites\/13\/2025\/04\/190074000096-1.png\" \/>\n\t<meta property=\"og:image:width\" content=\"800\" \/>\n\t<meta property=\"og:image:height\" content=\"800\" \/>\n\t<meta property=\"og:image:type\" content=\"image\/png\" \/>\n<meta name=\"twitter:card\" content=\"summary_large_image\" \/>\n<meta name=\"twitter:label1\" content=\"Tiempo de lectura\" \/>\n\t<meta name=\"twitter:data1\" content=\"1 minuto\" \/>\n<script type=\"application\/ld+json\" class=\"yoast-schema-graph\">{\"@context\":\"https:\/\/schema.org\",\"@graph\":[{\"@type\":\"WebPage\",\"@id\":\"https:\/\/koningdrone.be\/product\/jackery-explorer-2000-pro\/\",\"url\":\"https:\/\/koningdrone.be\/product\/jackery-explorer-2000-pro\/\",\"name\":\"Jackery EXPLORER 2000 Pro - koningdrone.be\",\"isPartOf\":{\"@id\":\"https:\/\/koningdrone.be\/#website\"},\"primaryImageOfPage\":{\"@id\":\"https:\/\/koningdrone.be\/product\/jackery-explorer-2000-pro\/#primaryimage\"},\"image\":{\"@id\":\"https:\/\/koningdrone.be\/product\/jackery-explorer-2000-pro\/#primaryimage\"},\"thumbnailUrl\":\"https:\/\/koningdrone.be\/wp-content\/uploads\/sites\/13\/2025\/04\/190074000096-1.png\",\"datePublished\":\"2022-11-13T09:35:41+00:00\",\"dateModified\":\"2026-04-29T12:40:55+00:00\",\"breadcrumb\":{\"@id\":\"https:\/\/koningdrone.be\/product\/jackery-explorer-2000-pro\/#breadcrumb\"},\"inLanguage\":\"es\",\"potentialAction\":[{\"@type\":\"ReadAction\",\"target\":[\"https:\/\/koningdrone.be\/product\/jackery-explorer-2000-pro\/\"]}]},{\"@type\":\"ImageObject\",\"inLanguage\":\"es\",\"@id\":\"https:\/\/koningdrone.be\/product\/jackery-explorer-2000-pro\/#primaryimage\",\"url\":\"https:\/\/koningdrone.be\/wp-content\/uploads\/sites\/13\/2025\/04\/190074000096-1.png\",\"contentUrl\":\"https:\/\/koningdrone.be\/wp-content\/uploads\/sites\/13\/2025\/04\/190074000096-1.png\",\"width\":800,\"height\":800},{\"@type\":\"BreadcrumbList\",\"@id\":\"https:\/\/koningdrone.be\/product\/jackery-explorer-2000-pro\/#breadcrumb\",\"itemListElement\":[{\"@type\":\"ListItem\",\"position\":1,\"name\":\"Home\",\"item\":\"https:\/\/koningdrone.be\/\"},{\"@type\":\"ListItem\",\"position\":2,\"name\":\"AVSS Parachute Recovery System for DJI Matrice 300\/350\",\"item\":\"https:\/\/koningdrone.be\/product\/avss-parachute-recovery-system-for-dji-matrice-300-350\/\"},{\"@type\":\"ListItem\",\"position\":3,\"name\":\"Alle powerstations\",\"item\":\"https:\/\/koningdrone.be\/categorie\/alle-powerstations\/\"},{\"@type\":\"ListItem\",\"position\":4,\"name\":\"Jackery EXPLORER 2000 Pro\"}]},{\"@type\":\"WebSite\",\"@id\":\"https:\/\/koningdrone.be\/#website\",\"url\":\"https:\/\/koningdrone.be\/\",\"name\":\"Koningdrone.be - Uw online specialist in drones, gimbals, camera's en power stations.\",\"description\":\"De webshop in drones en gimbals\",\"publisher\":{\"@id\":\"https:\/\/koningdrone.be\/#organization\"},\"potentialAction\":[{\"@type\":\"SearchAction\",\"target\":{\"@type\":\"EntryPoint\",\"urlTemplate\":\"https:\/\/koningdrone.be\/?s={search_term_string}\"},\"query-input\":{\"@type\":\"PropertyValueSpecification\",\"valueRequired\":true,\"valueName\":\"search_term_string\"}}],\"inLanguage\":\"es\"},{\"@type\":\"Organization\",\"@id\":\"https:\/\/koningdrone.be\/#organization\",\"name\":\"Koningdrone.be\",\"url\":\"https:\/\/koningdrone.be\/\",\"logo\":{\"@type\":\"ImageObject\",\"inLanguage\":\"es\",\"@id\":\"https:\/\/koningdrone.be\/#\/schema\/logo\/image\/\",\"url\":\"https:\/\/koningdrone.be\/wp-content\/uploads\/sites\/13\/2025\/04\/koningdrone-copyright-logo.svg\",\"contentUrl\":\"https:\/\/koningdrone.be\/wp-content\/uploads\/sites\/13\/2025\/04\/koningdrone-copyright-logo.svg\",\"width\":227,\"height\":38,\"caption\":\"Koningdrone.be\"},\"image\":{\"@id\":\"https:\/\/koningdrone.be\/#\/schema\/logo\/image\/\"}}]}<\/script>\n<!-- \/ Yoast SEO Premium plugin. -->","yoast_head_json":{"title":"Jackery EXPLORER 2000 Pro - koningdrone.be","robots":{"index":"index","follow":"follow","max-snippet":"max-snippet:-1","max-image-preview":"max-image-preview:large","max-video-preview":"max-video-preview:-1"},"canonical":"https:\/\/koningdrone.be\/es\/producto\/jackery-explorer-2000-pro\/","og_locale":"es_ES","og_type":"article","og_title":"Jackery EXPLORER 2000 Pro","og_description":"Ideale reisgenoot  Plug and play installatie zonder elektricien.  Altijd betrouwbare stroomvoorziening  2200W vermogen  Lithiumbatterij met 2160 Wh (50 Ah)  Pure sinusgolf AC-uitgangen (2x)  12 V autostekker, 2x USB-A, 1x QC 3.0, 2x USB-C PD-stekker  Slim LCD-scherm om het ingangsvermogen, het uitgangsvermogen en het resterende batterijvermogen weer te geven  Grote capaciteit met klein formaat  3 oplaadmodi - stopcontact, auto-stopcontact, zonne-energie  LED-zaklamp met SOS-modus  AC-adapter opgeladen in ongeveer 2 uur  De draagbare krachtcentrale heeft geen benzine of andere brandstof nodig en is daardoor superstil en onopvallend.","og_url":"https:\/\/koningdrone.be\/es\/producto\/jackery-explorer-2000-pro\/","og_site_name":"koningdrone.be","article_modified_time":"2026-04-29T12:40:55+00:00","og_image":[{"width":800,"height":800,"url":"https:\/\/koningdrone.be\/wp-content\/uploads\/sites\/13\/2025\/04\/190074000096-1.png","type":"image\/png"}],"twitter_card":"summary_large_image","twitter_misc":{"Tiempo de lectura":"1 minuto"},"schema":{"@context":"https:\/\/schema.org","@graph":[{"@type":"WebPage","@id":"https:\/\/koningdrone.be\/product\/jackery-explorer-2000-pro\/","url":"https:\/\/koningdrone.be\/product\/jackery-explorer-2000-pro\/","name":"Jackery EXPLORER 2000 Pro - koningdrone.be","isPartOf":{"@id":"https:\/\/koningdrone.be\/#website"},"primaryImageOfPage":{"@id":"https:\/\/koningdrone.be\/product\/jackery-explorer-2000-pro\/#primaryimage"},"image":{"@id":"https:\/\/koningdrone.be\/product\/jackery-explorer-2000-pro\/#primaryimage"},"thumbnailUrl":"https:\/\/koningdrone.be\/wp-content\/uploads\/sites\/13\/2025\/04\/190074000096-1.png","datePublished":"2022-11-13T09:35:41+00:00","dateModified":"2026-04-29T12:40:55+00:00","breadcrumb":{"@id":"https:\/\/koningdrone.be\/product\/jackery-explorer-2000-pro\/#breadcrumb"},"inLanguage":"es","potentialAction":[{"@type":"ReadAction","target":["https:\/\/koningdrone.be\/product\/jackery-explorer-2000-pro\/"]}]},{"@type":"ImageObject","inLanguage":"es","@id":"https:\/\/koningdrone.be\/product\/jackery-explorer-2000-pro\/#primaryimage","url":"https:\/\/koningdrone.be\/wp-content\/uploads\/sites\/13\/2025\/04\/190074000096-1.png","contentUrl":"https:\/\/koningdrone.be\/wp-content\/uploads\/sites\/13\/2025\/04\/190074000096-1.png","width":800,"height":800},{"@type":"BreadcrumbList","@id":"https:\/\/koningdrone.be\/product\/jackery-explorer-2000-pro\/#breadcrumb","itemListElement":[{"@type":"ListItem","position":1,"name":"Home","item":"https:\/\/koningdrone.be\/"},{"@type":"ListItem","position":2,"name":"AVSS Parachute Recovery System for DJI Matrice 300\/350","item":"https:\/\/koningdrone.be\/product\/avss-parachute-recovery-system-for-dji-matrice-300-350\/"},{"@type":"ListItem","position":3,"name":"Alle powerstations","item":"https:\/\/koningdrone.be\/categorie\/alle-powerstations\/"},{"@type":"ListItem","position":4,"name":"Jackery EXPLORER 2000 Pro"}]},{"@type":"WebSite","@id":"https:\/\/koningdrone.be\/#website","url":"https:\/\/koningdrone.be\/","name":"Koningdrone.be - Su especialista en l\u00ednea en drones, cardanes, c\u00e1maras y centrales el\u00e9ctricas.","description":"La tienda virtual de drones y cardanes","publisher":{"@id":"https:\/\/koningdrone.be\/#organization"},"potentialAction":[{"@type":"SearchAction","target":{"@type":"EntryPoint","urlTemplate":"https:\/\/koningdrone.be\/?s={search_term_string}"},"query-input":{"@type":"PropertyValueSpecification","valueRequired":true,"valueName":"search_term_string"}}],"inLanguage":"es"},{"@type":"Organization","@id":"https:\/\/koningdrone.be\/#organization","name":"Kingdrone.es","url":"https:\/\/koningdrone.be\/","logo":{"@type":"ImageObject","inLanguage":"es","@id":"https:\/\/koningdrone.be\/#\/schema\/logo\/image\/","url":"https:\/\/koningdrone.be\/wp-content\/uploads\/sites\/13\/2025\/04\/koningdrone-copyright-logo.svg","contentUrl":"https:\/\/koningdrone.be\/wp-content\/uploads\/sites\/13\/2025\/04\/koningdrone-copyright-logo.svg","width":227,"height":38,"caption":"Koningdrone.be"},"image":{"@id":"https:\/\/koningdrone.be\/#\/schema\/logo\/image\/"}}]}},"df_price":"","df_sale_price":"","df_regular_price":"","df_image_link":"https:\/\/koningdrone.be\/wp-content\/uploads\/sites\/13\/2025\/04\/190074000096-1-300x300.png","_links":{"self":[{"href":"https:\/\/koningdrone.be\/es\/wp-json\/wp\/v2\/product\/5239","targetHints":{"allow":["GET"]}}],"collection":[{"href":"https:\/\/koningdrone.be\/es\/wp-json\/wp\/v2\/product"}],"about":[{"href":"https:\/\/koningdrone.be\/es\/wp-json\/wp\/v2\/types\/product"}],"wp:featuredmedia":[{"embeddable":true,"href":"https:\/\/koningdrone.be\/es\/wp-json\/wp\/v2\/media\/5232"}],"wp:attachment":[{"href":"https:\/\/koningdrone.be\/es\/wp-json\/wp\/v2\/media?parent=5239"}],"wp:term":[{"taxonomy":"product_brand","embeddable":true,"href":"https:\/\/koningdrone.be\/es\/wp-json\/wp\/v2\/product_brand?post=5239"},{"taxonomy":"product_cat","embeddable":true,"href":"https:\/\/koningdrone.be\/es\/wp-json\/wp\/v2\/product_cat?post=5239"},{"taxonomy":"product_tag","embeddable":true,"href":"https:\/\/koningdrone.be\/es\/wp-json\/wp\/v2\/product_tag?post=5239"}],"curies":[{"name":"wp","href":"https:\/\/api.w.org\/{rel}","templated":true}]}}