{"id":5231,"date":"2022-11-13T10:35:41","date_gmt":"2022-11-13T09:35:41","guid":{"rendered":"https:\/\/koningdrone.nl\/kon\/product\/jackery-explorer-1000\/"},"modified":"2026-04-29T14:40:51","modified_gmt":"2026-04-29T12:40:51","slug":"jackery-explorer-1000","status":"publish","type":"product","link":"https:\/\/koningdrone.be\/es\/producto\/jackery-explorer-1000\/","title":{"rendered":"Jackery Explorer 1000"},"content":{"rendered":"<p><span style=\"vertical-align: inherit\"><span style=\"vertical-align: inherit\"><span style=\"vertical-align: inherit\"><span style=\"vertical-align: inherit\">La Explorer 1000 es una central el\u00e9ctrica port\u00e1til muy potente con una capacidad de 1002Wh y una salida de 1000W (con un pico de salida de 2000W), lo que la convierte en la compa\u00f1era ideal para viajes de larga duraci\u00f3n o necesidades de alimentaci\u00f3n de veh\u00edculos recreativos. Con m\u00faltiples puertos de carga\/salida, incluidos 2* USB-C, 2* USB-A, 1* puerto de coche de CC y 2* salidas de CA (con onda sinusoidal pura), esta estaci\u00f3n de alimentaci\u00f3n es adecuada para cargar varios dispositivos electr\u00f3nicos como c\u00e1maras, port\u00e1tiles, equipos de comunicaci\u00f3n, un CPAP o incluso una parrilla el\u00e9ctrica.<\/span><\/span><\/span><\/span><\/p>\n<p><strong><span style=\"vertical-align: inherit\"><span style=\"vertical-align: inherit\"><span style=\"vertical-align: inherit\"><span style=\"vertical-align: inherit\">Autosuficiente y respetuoso con el medio ambiente<\/span><\/span><\/span><\/span><\/strong><\/p>\n<p><span style=\"vertical-align: inherit\"><span style=\"vertical-align: inherit\"><span style=\"vertical-align: inherit\"><span style=\"vertical-align: inherit\">Explorer 1000 es autosuficiente y puede funcionar perfectamente con dos paneles solares SolarSaga 100 como generador solar para todo tipo de actividades al aire libre. Puede cargarse completamente en unas 8 horas mediante el cable adaptador en 2* paneles SolarSaga 100.<\/span><\/span><\/span><\/span><\/p>\n<p><strong><span style=\"vertical-align: inherit\"><span style=\"vertical-align: inherit\"><span style=\"vertical-align: inherit\"><span style=\"vertical-align: inherit\">Port\u00e1til y f\u00e1cil de transportar<\/span><\/span><\/span><\/span><\/strong><\/p>\n<p><span style=\"vertical-align: inherit\"><span style=\"vertical-align: inherit\"><span style=\"vertical-align: inherit\"><span style=\"vertical-align: inherit\">Con un peso de 10 kg, la Explorer 1000 tambi\u00e9n es f\u00e1cil de transportar gracias a su asa de transporte integrada y a su robusta carcasa. La pr\u00e1ctica pantalla LCD proporciona informaci\u00f3n sobre el estado de funcionamiento de la central, incluida la potencia de entrada y salida y el estado de carga.<\/span><\/span><\/span><\/span><\/p>\n<p>&nbsp;<\/p>","protected":false},"excerpt":{"rendered":"<ul>\n<li><span style=\"vertical-align: inherit\"><span style=\"vertical-align: inherit\">Capacidad: 1002 Wh (21,6 V, 46,4 Ah)<\/span><\/span><\/li>\n<li><span style=\"vertical-align: inherit\"><span style=\"vertical-align: inherit\">Qu\u00edmica celular: Li-Ion NMC<\/span><\/span><\/li>\n<li><span style=\"vertical-align: inherit\"><span style=\"vertical-align: inherit\">Ciclos de vida: \u2265500 ciclos hasta 80%<\/span><\/span><\/li>\n<li><span style=\"vertical-align: inherit\"><span style=\"vertical-align: inherit\">Sistema de gesti\u00f3n: BMS, protecci\u00f3n contra sobrecalentamiento, protecci\u00f3n contra sobretensi\u00f3n, protecci\u00f3n contra cortocircuito, protecci\u00f3n contra sobrecarga<\/span><\/span><\/li>\n<li><span style=\"vertical-align: inherit\"><span style=\"vertical-align: inherit\">CONEXIONES<\/span><\/span><\/li>\n<li><span style=\"vertical-align: inherit\"><span style=\"vertical-align: inherit\">Salida de CA: 230 V, 1000 W (pico de 2000 W)<\/span><\/span><\/li>\n<li><span style=\"vertical-align: inherit\"><span style=\"vertical-align: inherit\">Salida USB-A: 5 V, 2,4 A<\/span><\/span><\/li>\n<li><span style=\"vertical-align: inherit\"><span style=\"vertical-align: inherit\">Carga r\u00e1pida 3.0: 5-6,5 V, 3 A \/ 6,5-9 V, 3 A \/ 9-12 V, 1,5 A<\/span><\/span><\/li>\n<li><span style=\"vertical-align: inherit\"><span style=\"vertical-align: inherit\">Salida USB-C: 5 V, 9 V, 12 V, hasta 3 A<\/span><\/span><\/li>\n<li><span style=\"vertical-align: inherit\"><span style=\"vertical-align: inherit\">Salida autom\u00e1tica: 12 V, 10 A<\/span><\/span><\/li>\n<li><span style=\"vertical-align: inherit\"><span style=\"vertical-align: inherit\">Entrada CC: 12V-30V (m\u00e1x. 163W)<\/span><\/span><\/li>\n<li><span style=\"vertical-align: inherit\"><span style=\"vertical-align: inherit\">TIEMPO DE CARGA<\/span><\/span><\/li>\n<li><span style=\"vertical-align: inherit\"><span style=\"vertical-align: inherit\">Adaptador de CA: aprox. 7,5 horas<\/span><\/span><\/li>\n<li><span style=\"vertical-align: inherit\"><span style=\"vertical-align: inherit\">Adaptador de coche de 12 V: aprox. 14 horas<\/span><\/span><\/li>\n<li><span style=\"vertical-align: inherit\"><span style=\"vertical-align: inherit\">2 paneles solares SolarSaga 100: aprox. 8,5 horas<\/span><\/span><\/li>\n<li><span style=\"vertical-align: inherit\"><span style=\"vertical-align: inherit\">GENERAL<\/span><\/span><\/li>\n<li><span style=\"vertical-align: inherit\"><span style=\"vertical-align: inherit\">Peso: 10 kg<\/span><\/span><\/li>\n<li><span style=\"vertical-align: inherit\"><span style=\"vertical-align: inherit\">Dimensiones (LxAxP): 33,3 x 23,3 x 28,3 cm<\/span><\/span><\/li>\n<li><span style=\"vertical-align: inherit\"><span style=\"vertical-align: inherit\">Temperatura de funcionamiento: -10 a 40\u00b0C<\/span><\/span><\/li>\n<li><span style=\"vertical-align: inherit\"><span style=\"vertical-align: inherit\">Certificaciones: UN 38.3 \/ RoHS \/ REACH \/ WEEE \/ CE<\/span><\/span><\/li>\n<\/ul>","protected":false},"featured_media":5227,"template":"","meta":{"_acf_changed":false},"product_brand":[],"product_cat":[454,97,415,475,476],"product_tag":[],"class_list":{"0":"post-5231","1":"product","2":"type-product","3":"status-publish","4":"has-post-thumbnail","6":"product_cat-alle-powerstations","7":"product_cat-alle-producten","8":"product_cat-energy","9":"product_cat-jackery","10":"product_cat-jackery-powerstations","11":"product_shipping_class-outofstock","12":"pa_brand-jackery","13":"pa_capaciteit-301-1100-wh","14":"pa_productfamily-power-station","15":"pa_producttype-power-station","16":"pa_series-explorer","17":"pa_type-batterij-li-ion-nmc","19":"first","20":"outofstock","21":"taxable","22":"shipping-taxable","23":"product-type-simple"},"acf":[],"yoast_head":"<!-- This site is optimized with the Yoast SEO Premium plugin v27.2 (Yoast SEO v27.2) - https:\/\/yoast.com\/product\/yoast-seo-premium-wordpress\/ -->\n<title>Jackery Explorer 1000 - koningdrone.be<\/title>\n<meta name=\"robots\" content=\"index, follow, max-snippet:-1, max-image-preview:large, max-video-preview:-1\" \/>\n<link rel=\"canonical\" href=\"https:\/\/koningdrone.be\/es\/producto\/jackery-explorer-1000\/\" \/>\n<meta property=\"og:locale\" content=\"es_ES\" \/>\n<meta property=\"og:type\" content=\"article\" \/>\n<meta property=\"og:title\" content=\"Jackery Explorer 1000\" \/>\n<meta property=\"og:description\" content=\"Capacity: 1002 Wh (21.6 V, 46.4 Ah)  Cell Chemistry: Li-Ion NMC  Life cycles: \u2265500 cycles up to 80%  Management system: BMS, overheat protection, overvoltage protection, short circuit protection, overload protection  CONNECTIONS  AC output: 230V, 1000W (peak 2000W)  USB-A output: 5V, 2.4A  Fast Charging 3.0: 5-6.5V, 3A \/ 6.5-9V, 3A \/ 9-12V, 1.5A  USB-C output: 5V, 9V, 12V, up to 3A  Automatic output: 12V, 10A  DC input: 12V-30V (max. 163W)  CHARGING TIME  AC adapter: approx. 7.5 hours  12V car adapter: approx. 14 hours  2x SolarSaga 100 solar panel: approx. 8.5 hours  GENERAL  Weight: 10kg  Dimensions (LxWxD): 33.3 x 23.3 x 28.3 cm  Operating temperature: -10 to 40\u00b0C  Certifications: UN 38.3 \/ RoHS \/ REACH \/ WEEE \/ CE\" \/>\n<meta property=\"og:url\" content=\"https:\/\/koningdrone.be\/es\/producto\/jackery-explorer-1000\/\" \/>\n<meta property=\"og:site_name\" content=\"koningdrone.be\" \/>\n<meta property=\"article:modified_time\" content=\"2026-04-29T12:40:51+00:00\" \/>\n<meta property=\"og:image\" content=\"https:\/\/koningdrone.be\/wp-content\/uploads\/sites\/13\/2025\/04\/Jackery-explorer-1000-1-1.webp\" \/>\n\t<meta property=\"og:image:width\" content=\"919\" \/>\n\t<meta property=\"og:image:height\" content=\"876\" \/>\n\t<meta property=\"og:image:type\" content=\"image\/webp\" \/>\n<meta name=\"twitter:card\" content=\"summary_large_image\" \/>\n<meta name=\"twitter:label1\" content=\"Tiempo de lectura\" \/>\n\t<meta name=\"twitter:data1\" content=\"1 minuto\" \/>\n<script type=\"application\/ld+json\" class=\"yoast-schema-graph\">{\"@context\":\"https:\/\/schema.org\",\"@graph\":[{\"@type\":\"WebPage\",\"@id\":\"https:\/\/koningdrone.be\/product\/jackery-explorer-1000\/\",\"url\":\"https:\/\/koningdrone.be\/product\/jackery-explorer-1000\/\",\"name\":\"Jackery Explorer 1000 - koningdrone.be\",\"isPartOf\":{\"@id\":\"https:\/\/koningdrone.be\/#website\"},\"primaryImageOfPage\":{\"@id\":\"https:\/\/koningdrone.be\/product\/jackery-explorer-1000\/#primaryimage\"},\"image\":{\"@id\":\"https:\/\/koningdrone.be\/product\/jackery-explorer-1000\/#primaryimage\"},\"thumbnailUrl\":\"https:\/\/koningdrone.be\/wp-content\/uploads\/sites\/13\/2025\/04\/Jackery-explorer-1000-1-1.webp\",\"datePublished\":\"2022-11-13T09:35:41+00:00\",\"dateModified\":\"2026-04-29T12:40:51+00:00\",\"breadcrumb\":{\"@id\":\"https:\/\/koningdrone.be\/product\/jackery-explorer-1000\/#breadcrumb\"},\"inLanguage\":\"es\",\"potentialAction\":[{\"@type\":\"ReadAction\",\"target\":[\"https:\/\/koningdrone.be\/product\/jackery-explorer-1000\/\"]}]},{\"@type\":\"ImageObject\",\"inLanguage\":\"es\",\"@id\":\"https:\/\/koningdrone.be\/product\/jackery-explorer-1000\/#primaryimage\",\"url\":\"https:\/\/koningdrone.be\/wp-content\/uploads\/sites\/13\/2025\/04\/Jackery-explorer-1000-1-1.webp\",\"contentUrl\":\"https:\/\/koningdrone.be\/wp-content\/uploads\/sites\/13\/2025\/04\/Jackery-explorer-1000-1-1.webp\",\"width\":919,\"height\":876},{\"@type\":\"BreadcrumbList\",\"@id\":\"https:\/\/koningdrone.be\/product\/jackery-explorer-1000\/#breadcrumb\",\"itemListElement\":[{\"@type\":\"ListItem\",\"position\":1,\"name\":\"Home\",\"item\":\"https:\/\/koningdrone.be\/\"},{\"@type\":\"ListItem\",\"position\":2,\"name\":\"AVSS Parachute Recovery System for DJI Matrice 300\/350\",\"item\":\"https:\/\/koningdrone.be\/product\/avss-parachute-recovery-system-for-dji-matrice-300-350\/\"},{\"@type\":\"ListItem\",\"position\":3,\"name\":\"Alle powerstations\",\"item\":\"https:\/\/koningdrone.be\/categorie\/alle-powerstations\/\"},{\"@type\":\"ListItem\",\"position\":4,\"name\":\"Jackery Explorer 1000\"}]},{\"@type\":\"WebSite\",\"@id\":\"https:\/\/koningdrone.be\/#website\",\"url\":\"https:\/\/koningdrone.be\/\",\"name\":\"Koningdrone.be - Uw online specialist in drones, gimbals, camera's en power stations.\",\"description\":\"De webshop in drones en gimbals\",\"publisher\":{\"@id\":\"https:\/\/koningdrone.be\/#organization\"},\"potentialAction\":[{\"@type\":\"SearchAction\",\"target\":{\"@type\":\"EntryPoint\",\"urlTemplate\":\"https:\/\/koningdrone.be\/?s={search_term_string}\"},\"query-input\":{\"@type\":\"PropertyValueSpecification\",\"valueRequired\":true,\"valueName\":\"search_term_string\"}}],\"inLanguage\":\"es\"},{\"@type\":\"Organization\",\"@id\":\"https:\/\/koningdrone.be\/#organization\",\"name\":\"Koningdrone.be\",\"url\":\"https:\/\/koningdrone.be\/\",\"logo\":{\"@type\":\"ImageObject\",\"inLanguage\":\"es\",\"@id\":\"https:\/\/koningdrone.be\/#\/schema\/logo\/image\/\",\"url\":\"https:\/\/koningdrone.be\/wp-content\/uploads\/sites\/13\/2025\/04\/koningdrone-copyright-logo.svg\",\"contentUrl\":\"https:\/\/koningdrone.be\/wp-content\/uploads\/sites\/13\/2025\/04\/koningdrone-copyright-logo.svg\",\"width\":227,\"height\":38,\"caption\":\"Koningdrone.be\"},\"image\":{\"@id\":\"https:\/\/koningdrone.be\/#\/schema\/logo\/image\/\"}}]}<\/script>\n<!-- \/ Yoast SEO Premium plugin. -->","yoast_head_json":{"title":"Jackery Explorer 1000 - koningdrone.be","robots":{"index":"index","follow":"follow","max-snippet":"max-snippet:-1","max-image-preview":"max-image-preview:large","max-video-preview":"max-video-preview:-1"},"canonical":"https:\/\/koningdrone.be\/es\/producto\/jackery-explorer-1000\/","og_locale":"es_ES","og_type":"article","og_title":"Jackery Explorer 1000","og_description":"Capacity: 1002 Wh (21.6 V, 46.4 Ah)  Cell Chemistry: Li-Ion NMC  Life cycles: \u2265500 cycles up to 80%  Management system: BMS, overheat protection, overvoltage protection, short circuit protection, overload protection  CONNECTIONS  AC output: 230V, 1000W (peak 2000W)  USB-A output: 5V, 2.4A  Fast Charging 3.0: 5-6.5V, 3A \/ 6.5-9V, 3A \/ 9-12V, 1.5A  USB-C output: 5V, 9V, 12V, up to 3A  Automatic output: 12V, 10A  DC input: 12V-30V (max. 163W)  CHARGING TIME  AC adapter: approx. 7.5 hours  12V car adapter: approx. 14 hours  2x SolarSaga 100 solar panel: approx. 8.5 hours  GENERAL  Weight: 10kg  Dimensions (LxWxD): 33.3 x 23.3 x 28.3 cm  Operating temperature: -10 to 40\u00b0C  Certifications: UN 38.3 \/ RoHS \/ REACH \/ WEEE \/ CE","og_url":"https:\/\/koningdrone.be\/es\/producto\/jackery-explorer-1000\/","og_site_name":"koningdrone.be","article_modified_time":"2026-04-29T12:40:51+00:00","og_image":[{"width":919,"height":876,"url":"https:\/\/koningdrone.be\/wp-content\/uploads\/sites\/13\/2025\/04\/Jackery-explorer-1000-1-1.webp","type":"image\/webp"}],"twitter_card":"summary_large_image","twitter_misc":{"Tiempo de lectura":"1 minuto"},"schema":{"@context":"https:\/\/schema.org","@graph":[{"@type":"WebPage","@id":"https:\/\/koningdrone.be\/product\/jackery-explorer-1000\/","url":"https:\/\/koningdrone.be\/product\/jackery-explorer-1000\/","name":"Jackery Explorer 1000 - koningdrone.be","isPartOf":{"@id":"https:\/\/koningdrone.be\/#website"},"primaryImageOfPage":{"@id":"https:\/\/koningdrone.be\/product\/jackery-explorer-1000\/#primaryimage"},"image":{"@id":"https:\/\/koningdrone.be\/product\/jackery-explorer-1000\/#primaryimage"},"thumbnailUrl":"https:\/\/koningdrone.be\/wp-content\/uploads\/sites\/13\/2025\/04\/Jackery-explorer-1000-1-1.webp","datePublished":"2022-11-13T09:35:41+00:00","dateModified":"2026-04-29T12:40:51+00:00","breadcrumb":{"@id":"https:\/\/koningdrone.be\/product\/jackery-explorer-1000\/#breadcrumb"},"inLanguage":"es","potentialAction":[{"@type":"ReadAction","target":["https:\/\/koningdrone.be\/product\/jackery-explorer-1000\/"]}]},{"@type":"ImageObject","inLanguage":"es","@id":"https:\/\/koningdrone.be\/product\/jackery-explorer-1000\/#primaryimage","url":"https:\/\/koningdrone.be\/wp-content\/uploads\/sites\/13\/2025\/04\/Jackery-explorer-1000-1-1.webp","contentUrl":"https:\/\/koningdrone.be\/wp-content\/uploads\/sites\/13\/2025\/04\/Jackery-explorer-1000-1-1.webp","width":919,"height":876},{"@type":"BreadcrumbList","@id":"https:\/\/koningdrone.be\/product\/jackery-explorer-1000\/#breadcrumb","itemListElement":[{"@type":"ListItem","position":1,"name":"Home","item":"https:\/\/koningdrone.be\/"},{"@type":"ListItem","position":2,"name":"AVSS Parachute Recovery System for DJI Matrice 300\/350","item":"https:\/\/koningdrone.be\/product\/avss-parachute-recovery-system-for-dji-matrice-300-350\/"},{"@type":"ListItem","position":3,"name":"Alle powerstations","item":"https:\/\/koningdrone.be\/categorie\/alle-powerstations\/"},{"@type":"ListItem","position":4,"name":"Jackery Explorer 1000"}]},{"@type":"WebSite","@id":"https:\/\/koningdrone.be\/#website","url":"https:\/\/koningdrone.be\/","name":"Koningdrone.be - Su especialista en l\u00ednea en drones, cardanes, c\u00e1maras y centrales el\u00e9ctricas.","description":"La tienda virtual de drones y cardanes","publisher":{"@id":"https:\/\/koningdrone.be\/#organization"},"potentialAction":[{"@type":"SearchAction","target":{"@type":"EntryPoint","urlTemplate":"https:\/\/koningdrone.be\/?s={search_term_string}"},"query-input":{"@type":"PropertyValueSpecification","valueRequired":true,"valueName":"search_term_string"}}],"inLanguage":"es"},{"@type":"Organization","@id":"https:\/\/koningdrone.be\/#organization","name":"Kingdrone.es","url":"https:\/\/koningdrone.be\/","logo":{"@type":"ImageObject","inLanguage":"es","@id":"https:\/\/koningdrone.be\/#\/schema\/logo\/image\/","url":"https:\/\/koningdrone.be\/wp-content\/uploads\/sites\/13\/2025\/04\/koningdrone-copyright-logo.svg","contentUrl":"https:\/\/koningdrone.be\/wp-content\/uploads\/sites\/13\/2025\/04\/koningdrone-copyright-logo.svg","width":227,"height":38,"caption":"Koningdrone.be"},"image":{"@id":"https:\/\/koningdrone.be\/#\/schema\/logo\/image\/"}}]}},"df_price":"","df_sale_price":"","df_regular_price":"","df_image_link":"https:\/\/koningdrone.be\/wp-content\/uploads\/sites\/13\/2025\/04\/Jackery-explorer-1000-1-1-300x286.webp","_links":{"self":[{"href":"https:\/\/koningdrone.be\/es\/wp-json\/wp\/v2\/product\/5231","targetHints":{"allow":["GET"]}}],"collection":[{"href":"https:\/\/koningdrone.be\/es\/wp-json\/wp\/v2\/product"}],"about":[{"href":"https:\/\/koningdrone.be\/es\/wp-json\/wp\/v2\/types\/product"}],"wp:featuredmedia":[{"embeddable":true,"href":"https:\/\/koningdrone.be\/es\/wp-json\/wp\/v2\/media\/5227"}],"wp:attachment":[{"href":"https:\/\/koningdrone.be\/es\/wp-json\/wp\/v2\/media?parent=5231"}],"wp:term":[{"taxonomy":"product_brand","embeddable":true,"href":"https:\/\/koningdrone.be\/es\/wp-json\/wp\/v2\/product_brand?post=5231"},{"taxonomy":"product_cat","embeddable":true,"href":"https:\/\/koningdrone.be\/es\/wp-json\/wp\/v2\/product_cat?post=5231"},{"taxonomy":"product_tag","embeddable":true,"href":"https:\/\/koningdrone.be\/es\/wp-json\/wp\/v2\/product_tag?post=5231"}],"curies":[{"name":"wp","href":"https:\/\/api.w.org\/{rel}","templated":true}]}}