{"id":5226,"date":"2022-11-13T10:35:41","date_gmt":"2022-11-13T09:35:41","guid":{"rendered":"https:\/\/koningdrone.nl\/kon\/product\/jackery-explorer-500-combo\/"},"modified":"2025-05-20T14:36:33","modified_gmt":"2025-05-20T12:36:33","slug":"jackery-explorer-500-combo","status":"publish","type":"product","link":"https:\/\/koningdrone.be\/es\/producto\/jackery-explorer-500-combo\/","title":{"rendered":"Jackery Explorer 500 Combo"},"content":{"rendered":"<p><strong>Descripci\u00f3n del producto Jackery Explorer 500 Combo<\/strong><\/p>\n<p>El combo Jackery Explorer 500 es un paquete de 3 productos: el Jackery Explorer 500, una bolsa a juego y un panel solar para la carga. Con una capacidad de 518Wh, la Explorer 500 es m\u00e1s grande que la Jackery Explorer 240 y ofrece el doble de tiempo de uso. Con 500W de potencia, la mayor\u00eda de dispositivos como tel\u00e9fonos, tabletas y ordenadores port\u00e1tiles pueden cargarse mediante energ\u00eda solar, alimentaci\u00f3n de 12V del coche, red el\u00e9ctrica e incluso un generador el\u00e9ctrico. Sin embargo, hay que prestar atenci\u00f3n a la potencia de los dispositivos que se vayan a utilizar, como un hervidor de agua que requiera m\u00e1s de 1000 vatios.<\/p>\n<p><strong>Panel solar Jackery SolarSaga 100W<\/strong><\/p>\n<p>El panel solar Jackery SolarSaga 100W proporciona una alta eficiencia de conversi\u00f3n de hasta 23%, por lo que es ideal para actividades al aire libre y emergencias. El panel solar es plegable, ligero y port\u00e1til, por lo que es f\u00e1cil de transportar. Incluso sin una central el\u00e9ctrica, los paneles solares Jackery pueden utilizarse por separado, lo que facilita la carga de dispositivos mientras se viaja.<\/p>\n<p><strong>Opciones de carga Explorer 500<\/strong><\/p>\n<p>La Jackery Explorer 500 puede cargarse de cuatro formas: mediante energ\u00eda solar, red el\u00e9ctrica, cargador de coche y generador. Los tiempos de carga var\u00edan, con la carga a trav\u00e9s de CA y 12V\/24V tarda alrededor de 7,5 horas y con un panel de 100W alrededor de 9,5 horas.<\/p>\n<p><strong>Calidad y seguridad<\/strong><\/p>\n<p>Jackery garantiza la calidad y la protecci\u00f3n contra cortocircuitos mediante funciones de seguridad avanzadas y un sistema de gesti\u00f3n de la bater\u00eda. Las bater\u00edas est\u00e1n fabricadas con \u00f3xido de litio-n\u00edquel-manganeso-cobalto (NMC), el mismo tipo de bater\u00eda que se utiliza en los coches Tesla. Con m\u00faltiples puertos para cargar equipos normales y m\u00e1s, la Explorer 500 es ideal para actividades al aire libre y como fuente de alimentaci\u00f3n de emergencia durante cortes de electricidad.<\/p>\n<p><\/p>","protected":false},"excerpt":{"rendered":"<ul>\n<li>Capacidad: 518Wh (24000mAh)<\/li>\n<li>Tipo de bater\u00eda: NMC de iones de litio<\/li>\n<li>ciclos de carga: 500 ciclos para la capacidad 80%<\/li>\n<li>tiempo de espera:<\/li>\n<li>C: 7,5 horas<\/li>\n<li>2V\/24V: 7,5 horas<\/li>\n<li>y panel de 100 W: 9,5 horas<\/li>\n<li>ystemen: BMS, protecci\u00f3n contra sobretensi\u00f3n, protecci\u00f3n contra cortocircuitos.<\/li>\n<li>VENS:<\/li>\n<li>Salida de CA: 110 V CA, 60 Hz, 500 W (1.000 W pico)<\/li>\n<li>Salida SB-A: 5 V, 2,4 A<\/li>\n<li>Salida uto: 12V, 7A<\/li>\n<li>Entrada C: 12V-30V (100WMax)<\/li>\n<li>sis informaci\u00f3n:<\/li>\n<li>peso: 6,04 kg<\/li>\n<li>Dimensiones (LxAxP): (30,1 x 19,3 x 24,2 cm)<\/li>\n<li>Temperatura \u00f3ptima: 14-104F (-10 a 40\u2103)<\/li>\n<li>ertificaci\u00f3n: CEC, DOE, FCC, UL, CA Prop 65<\/li>\n<li>garant\u00eda : 24 Meses<\/li>\n<li>Accesorio opcional: panel solar SolarSaga de 100 W<\/li>\n<li>nd gu\u00eda v\u00eda Jackery.com<\/li>\n<\/ul>","protected":false},"featured_media":5219,"template":"","meta":{"_acf_changed":false},"product_brand":[],"product_cat":[454,97,415,475,476],"product_tag":[],"class_list":{"0":"post-5226","1":"product","2":"type-product","3":"status-publish","4":"has-post-thumbnail","6":"product_cat-alle-powerstations","7":"product_cat-alle-producten","8":"product_cat-energy","9":"product_cat-jackery","10":"product_cat-jackery-powerstations","11":"pa_afmetingen-242-x-192-x-30-cm","12":"pa_brand-jackery","13":"pa_capaciteit-518wh","14":"pa_gewicht-6-kg","15":"pa_input-dc-ac-ingang-ondersteunt-geen-direct-ac-opladen-gebruik-de-meegeleverde-externe-ac-oplader-dc-ingang-24v375a","16":"pa_materiaal-kunststof","17":"pa_oplaadtijd-via-ac-7-5-uur","18":"pa_output-230-v-1x-ac-uitgang-x1-230v-50hz-500w-1-000w-piek","19":"pa_output-dc-2x-dc-uitgang-x2-12v7a-1x-autopoort-x1-12v10a","20":"pa_output-usb-3x-usb-a-uitgang-x3-5v24a","21":"pa_productfamily-power-station","22":"pa_producttype-power-station","23":"pa_series-explorer","24":"pa_type-batterij-li-ion-nmc","26":"first","27":"outofstock","28":"taxable","29":"shipping-taxable","30":"product-type-simple"},"acf":[],"yoast_head":"<!-- This site is optimized with the Yoast SEO Premium plugin v27.2 (Yoast SEO v27.2) - https:\/\/yoast.com\/product\/yoast-seo-premium-wordpress\/ -->\n<title>Jackery Explorer 500 Combo - koningdrone.be<\/title>\n<meta name=\"robots\" content=\"index, follow, max-snippet:-1, max-image-preview:large, max-video-preview:-1\" \/>\n<link rel=\"canonical\" href=\"https:\/\/koningdrone.be\/es\/producto\/jackery-explorer-500-combo\/\" \/>\n<meta property=\"og:locale\" content=\"es_ES\" \/>\n<meta property=\"og:type\" content=\"article\" \/>\n<meta property=\"og:title\" content=\"Jackery Explorer 500 Combo\" \/>\n<meta property=\"og:description\" content=\"Capaciteit: 518Wh (24000mAh)Batterijtype: Lithium-ion NMCplaadcycli: 500 cycli voor 80% capaciteitplaadtijd:C: 7,5 uur2V\/24V: 7,5 uuret 100W paneel: 9,5 uurystemen: BMS, overspanningsbeveiliging, kortsluitbeveiliging.VENS:AC-uitgang: 110VAC, 60Hz, 500W (1000W piekpiek)SB-A-uitgang: 5V, 2,4Auto-uitgang: 12V, 7AC-ingang: 12V-30V (100WMax)sis informatie:ewicht: 6,04 kgfmetingen (LxBxD): (30,1 x 19,3 x 24,2 cm)Optimale temperatuur: 14-104F (-10 tot 40\u2103)ertificatie: CEC, DOE, FCC, UL, CA Prop 65arantie : 24 Maandenptioneel accessoire: SolarSaga 100W zonnepaneelndleiding via Jackery.com\" \/>\n<meta property=\"og:url\" content=\"https:\/\/koningdrone.be\/es\/producto\/jackery-explorer-500-combo\/\" \/>\n<meta property=\"og:site_name\" content=\"koningdrone.be\" \/>\n<meta property=\"article:modified_time\" content=\"2025-05-20T12:36:33+00:00\" \/>\n<meta property=\"og:image\" content=\"https:\/\/koningdrone.be\/wp-content\/uploads\/sites\/13\/2025\/04\/9533806023245-1.jpg\" \/>\n\t<meta property=\"og:image:width\" content=\"800\" \/>\n\t<meta property=\"og:image:height\" content=\"800\" \/>\n\t<meta property=\"og:image:type\" content=\"image\/jpeg\" \/>\n<meta name=\"twitter:card\" content=\"summary_large_image\" \/>\n<meta name=\"twitter:label1\" content=\"Tiempo de lectura\" \/>\n\t<meta name=\"twitter:data1\" content=\"1 minuto\" \/>\n<script type=\"application\/ld+json\" class=\"yoast-schema-graph\">{\"@context\":\"https:\/\/schema.org\",\"@graph\":[{\"@type\":\"WebPage\",\"@id\":\"https:\/\/koningdrone.be\/product\/jackery-explorer-500-combo\/\",\"url\":\"https:\/\/koningdrone.be\/product\/jackery-explorer-500-combo\/\",\"name\":\"Jackery Explorer 500 Combo - koningdrone.be\",\"isPartOf\":{\"@id\":\"https:\/\/koningdrone.be\/#website\"},\"primaryImageOfPage\":{\"@id\":\"https:\/\/koningdrone.be\/product\/jackery-explorer-500-combo\/#primaryimage\"},\"image\":{\"@id\":\"https:\/\/koningdrone.be\/product\/jackery-explorer-500-combo\/#primaryimage\"},\"thumbnailUrl\":\"https:\/\/koningdrone.be\/wp-content\/uploads\/sites\/13\/2025\/04\/9533806023245-1.jpg\",\"datePublished\":\"2022-11-13T09:35:41+00:00\",\"dateModified\":\"2025-05-20T12:36:33+00:00\",\"breadcrumb\":{\"@id\":\"https:\/\/koningdrone.be\/product\/jackery-explorer-500-combo\/#breadcrumb\"},\"inLanguage\":\"es\",\"potentialAction\":[{\"@type\":\"ReadAction\",\"target\":[\"https:\/\/koningdrone.be\/product\/jackery-explorer-500-combo\/\"]}]},{\"@type\":\"ImageObject\",\"inLanguage\":\"es\",\"@id\":\"https:\/\/koningdrone.be\/product\/jackery-explorer-500-combo\/#primaryimage\",\"url\":\"https:\/\/koningdrone.be\/wp-content\/uploads\/sites\/13\/2025\/04\/9533806023245-1.jpg\",\"contentUrl\":\"https:\/\/koningdrone.be\/wp-content\/uploads\/sites\/13\/2025\/04\/9533806023245-1.jpg\",\"width\":800,\"height\":800},{\"@type\":\"BreadcrumbList\",\"@id\":\"https:\/\/koningdrone.be\/product\/jackery-explorer-500-combo\/#breadcrumb\",\"itemListElement\":[{\"@type\":\"ListItem\",\"position\":1,\"name\":\"Home\",\"item\":\"https:\/\/koningdrone.be\/\"},{\"@type\":\"ListItem\",\"position\":2,\"name\":\"AVSS Parachute Recovery System for DJI Matrice 300\/350\",\"item\":\"https:\/\/koningdrone.be\/product\/avss-parachute-recovery-system-for-dji-matrice-300-350\/\"},{\"@type\":\"ListItem\",\"position\":3,\"name\":\"Alle powerstations\",\"item\":\"https:\/\/koningdrone.be\/categorie\/alle-powerstations\/\"},{\"@type\":\"ListItem\",\"position\":4,\"name\":\"Jackery Explorer 500 Combo\"}]},{\"@type\":\"WebSite\",\"@id\":\"https:\/\/koningdrone.be\/#website\",\"url\":\"https:\/\/koningdrone.be\/\",\"name\":\"Koningdrone.be - Uw online specialist in drones, gimbals, camera's en power stations.\",\"description\":\"De webshop in drones en gimbals\",\"publisher\":{\"@id\":\"https:\/\/koningdrone.be\/#organization\"},\"potentialAction\":[{\"@type\":\"SearchAction\",\"target\":{\"@type\":\"EntryPoint\",\"urlTemplate\":\"https:\/\/koningdrone.be\/?s={search_term_string}\"},\"query-input\":{\"@type\":\"PropertyValueSpecification\",\"valueRequired\":true,\"valueName\":\"search_term_string\"}}],\"inLanguage\":\"es\"},{\"@type\":\"Organization\",\"@id\":\"https:\/\/koningdrone.be\/#organization\",\"name\":\"Koningdrone.be\",\"url\":\"https:\/\/koningdrone.be\/\",\"logo\":{\"@type\":\"ImageObject\",\"inLanguage\":\"es\",\"@id\":\"https:\/\/koningdrone.be\/#\/schema\/logo\/image\/\",\"url\":\"https:\/\/koningdrone.be\/wp-content\/uploads\/sites\/13\/2025\/04\/koningdrone-copyright-logo.svg\",\"contentUrl\":\"https:\/\/koningdrone.be\/wp-content\/uploads\/sites\/13\/2025\/04\/koningdrone-copyright-logo.svg\",\"width\":227,\"height\":38,\"caption\":\"Koningdrone.be\"},\"image\":{\"@id\":\"https:\/\/koningdrone.be\/#\/schema\/logo\/image\/\"}}]}<\/script>\n<!-- \/ Yoast SEO Premium plugin. -->","yoast_head_json":{"title":"Jackery Explorer 500 Combo - koningdrone.be","robots":{"index":"index","follow":"follow","max-snippet":"max-snippet:-1","max-image-preview":"max-image-preview:large","max-video-preview":"max-video-preview:-1"},"canonical":"https:\/\/koningdrone.be\/es\/producto\/jackery-explorer-500-combo\/","og_locale":"es_ES","og_type":"article","og_title":"Jackery Explorer 500 Combo","og_description":"Capaciteit: 518Wh (24000mAh)Batterijtype: Lithium-ion NMCplaadcycli: 500 cycli voor 80% capaciteitplaadtijd:C: 7,5 uur2V\/24V: 7,5 uuret 100W paneel: 9,5 uurystemen: BMS, overspanningsbeveiliging, kortsluitbeveiliging.VENS:AC-uitgang: 110VAC, 60Hz, 500W (1000W piekpiek)SB-A-uitgang: 5V, 2,4Auto-uitgang: 12V, 7AC-ingang: 12V-30V (100WMax)sis informatie:ewicht: 6,04 kgfmetingen (LxBxD): (30,1 x 19,3 x 24,2 cm)Optimale temperatuur: 14-104F (-10 tot 40\u2103)ertificatie: CEC, DOE, FCC, UL, CA Prop 65arantie : 24 Maandenptioneel accessoire: SolarSaga 100W zonnepaneelndleiding via Jackery.com","og_url":"https:\/\/koningdrone.be\/es\/producto\/jackery-explorer-500-combo\/","og_site_name":"koningdrone.be","article_modified_time":"2025-05-20T12:36:33+00:00","og_image":[{"width":800,"height":800,"url":"https:\/\/koningdrone.be\/wp-content\/uploads\/sites\/13\/2025\/04\/9533806023245-1.jpg","type":"image\/jpeg"}],"twitter_card":"summary_large_image","twitter_misc":{"Tiempo de lectura":"1 minuto"},"schema":{"@context":"https:\/\/schema.org","@graph":[{"@type":"WebPage","@id":"https:\/\/koningdrone.be\/product\/jackery-explorer-500-combo\/","url":"https:\/\/koningdrone.be\/product\/jackery-explorer-500-combo\/","name":"Jackery Explorer 500 Combo - koningdrone.be","isPartOf":{"@id":"https:\/\/koningdrone.be\/#website"},"primaryImageOfPage":{"@id":"https:\/\/koningdrone.be\/product\/jackery-explorer-500-combo\/#primaryimage"},"image":{"@id":"https:\/\/koningdrone.be\/product\/jackery-explorer-500-combo\/#primaryimage"},"thumbnailUrl":"https:\/\/koningdrone.be\/wp-content\/uploads\/sites\/13\/2025\/04\/9533806023245-1.jpg","datePublished":"2022-11-13T09:35:41+00:00","dateModified":"2025-05-20T12:36:33+00:00","breadcrumb":{"@id":"https:\/\/koningdrone.be\/product\/jackery-explorer-500-combo\/#breadcrumb"},"inLanguage":"es","potentialAction":[{"@type":"ReadAction","target":["https:\/\/koningdrone.be\/product\/jackery-explorer-500-combo\/"]}]},{"@type":"ImageObject","inLanguage":"es","@id":"https:\/\/koningdrone.be\/product\/jackery-explorer-500-combo\/#primaryimage","url":"https:\/\/koningdrone.be\/wp-content\/uploads\/sites\/13\/2025\/04\/9533806023245-1.jpg","contentUrl":"https:\/\/koningdrone.be\/wp-content\/uploads\/sites\/13\/2025\/04\/9533806023245-1.jpg","width":800,"height":800},{"@type":"BreadcrumbList","@id":"https:\/\/koningdrone.be\/product\/jackery-explorer-500-combo\/#breadcrumb","itemListElement":[{"@type":"ListItem","position":1,"name":"Home","item":"https:\/\/koningdrone.be\/"},{"@type":"ListItem","position":2,"name":"AVSS Parachute Recovery System for DJI Matrice 300\/350","item":"https:\/\/koningdrone.be\/product\/avss-parachute-recovery-system-for-dji-matrice-300-350\/"},{"@type":"ListItem","position":3,"name":"Alle powerstations","item":"https:\/\/koningdrone.be\/categorie\/alle-powerstations\/"},{"@type":"ListItem","position":4,"name":"Jackery Explorer 500 Combo"}]},{"@type":"WebSite","@id":"https:\/\/koningdrone.be\/#website","url":"https:\/\/koningdrone.be\/","name":"Koningdrone.be - Su especialista en l\u00ednea en drones, cardanes, c\u00e1maras y centrales el\u00e9ctricas.","description":"La tienda virtual de drones y cardanes","publisher":{"@id":"https:\/\/koningdrone.be\/#organization"},"potentialAction":[{"@type":"SearchAction","target":{"@type":"EntryPoint","urlTemplate":"https:\/\/koningdrone.be\/?s={search_term_string}"},"query-input":{"@type":"PropertyValueSpecification","valueRequired":true,"valueName":"search_term_string"}}],"inLanguage":"es"},{"@type":"Organization","@id":"https:\/\/koningdrone.be\/#organization","name":"Kingdrone.es","url":"https:\/\/koningdrone.be\/","logo":{"@type":"ImageObject","inLanguage":"es","@id":"https:\/\/koningdrone.be\/#\/schema\/logo\/image\/","url":"https:\/\/koningdrone.be\/wp-content\/uploads\/sites\/13\/2025\/04\/koningdrone-copyright-logo.svg","contentUrl":"https:\/\/koningdrone.be\/wp-content\/uploads\/sites\/13\/2025\/04\/koningdrone-copyright-logo.svg","width":227,"height":38,"caption":"Koningdrone.be"},"image":{"@id":"https:\/\/koningdrone.be\/#\/schema\/logo\/image\/"}}]}},"df_price":"","df_sale_price":"","df_regular_price":"","df_image_link":"https:\/\/koningdrone.be\/wp-content\/uploads\/sites\/13\/2025\/04\/9533806023245-1-300x300.jpg","_links":{"self":[{"href":"https:\/\/koningdrone.be\/es\/wp-json\/wp\/v2\/product\/5226","targetHints":{"allow":["GET"]}}],"collection":[{"href":"https:\/\/koningdrone.be\/es\/wp-json\/wp\/v2\/product"}],"about":[{"href":"https:\/\/koningdrone.be\/es\/wp-json\/wp\/v2\/types\/product"}],"wp:featuredmedia":[{"embeddable":true,"href":"https:\/\/koningdrone.be\/es\/wp-json\/wp\/v2\/media\/5219"}],"wp:attachment":[{"href":"https:\/\/koningdrone.be\/es\/wp-json\/wp\/v2\/media?parent=5226"}],"wp:term":[{"taxonomy":"product_brand","embeddable":true,"href":"https:\/\/koningdrone.be\/es\/wp-json\/wp\/v2\/product_brand?post=5226"},{"taxonomy":"product_cat","embeddable":true,"href":"https:\/\/koningdrone.be\/es\/wp-json\/wp\/v2\/product_cat?post=5226"},{"taxonomy":"product_tag","embeddable":true,"href":"https:\/\/koningdrone.be\/es\/wp-json\/wp\/v2\/product_tag?post=5226"}],"curies":[{"name":"wp","href":"https:\/\/api.w.org\/{rel}","templated":true}]}}