{"id":5218,"date":"2022-11-13T10:35:41","date_gmt":"2022-11-13T09:35:41","guid":{"rendered":"https:\/\/koningdrone.nl\/kon\/product\/jackery-explorer-500\/"},"modified":"2026-04-29T14:41:00","modified_gmt":"2026-04-29T12:41:00","slug":"jackery-explorer-500","status":"publish","type":"product","link":"https:\/\/koningdrone.be\/es\/producto\/jackery-explorer-500\/","title":{"rendered":"Jackery Explorer 500"},"content":{"rendered":"<p><span style=\"vertical-align: inherit\"><span style=\"vertical-align: inherit\">La Jackery Explorer 500 es una central el\u00e9ctrica port\u00e1til con una gran capacidad de 518Wh, lo que la convierte en el modelo m\u00e1s popular de su gama. Con un pack de bater\u00edas de iones de litio de 518Wh (24Ah, 21,6V), la Explorer 500 ofrece 1 salida de CA (230V\/500W, pico 1000W), 3 puertos USB-A, 2 puertos CC y 1 conector para coche. Esto le permite conectar varios dispositivos, desde un mini frigor\u00edfico y una bomba de aire hasta un televisor con onda sinusoidal pura para una conversi\u00f3n de energ\u00eda fiable.<\/span><\/span><\/p>\n<p><strong><span style=\"vertical-align: inherit\"><span style=\"vertical-align: inherit\">Portabilidad y durabilidad<\/span><\/span><\/strong><\/p>\n<p><span style=\"vertical-align: inherit\"><span style=\"vertical-align: inherit\">A pesar de su gran capacidad, la Explorer 500 es f\u00e1cil de transportar, ya que tiene el tama\u00f1o aproximado de una pelota de baloncesto y pesa s\u00f3lo 6,4 kg. El asa robusta integrada hace que transportarla sea muy c\u00f3modo, lo que permite que la central el\u00e9ctrica te acompa\u00f1e durante todo tipo de actividades, como acampadas y viajes en autocaravana.<\/span><\/span><\/p>\n<p><strong><span style=\"vertical-align: inherit\"><span style=\"vertical-align: inherit\">Opciones de carga<\/span><\/span><\/strong><\/p>\n<p><span style=\"vertical-align: inherit\"><span style=\"vertical-align: inherit\">La estaci\u00f3n de alimentaci\u00f3n tambi\u00e9n cuenta con un controlador de carga MPPT integrado para obtener la m\u00e1xima eficiencia de carga, lo que facilita la carga mediante un panel solar SolarSaga 100 (se vende por separado) para obtener una energ\u00eda limpia y respetuosa con el medio ambiente. Tambi\u00e9n hay otras opciones de carga flexibles, como mediante el adaptador de CA o el cable de carga para coche.<\/span><\/span><\/p>\n<p>&nbsp;<\/p>","protected":false},"excerpt":{"rendered":"<ul>\n<li>Capacidad: 518 Wh (21,6 V, 24 Ah)<\/li>\n<li>Qu\u00edmica celular: Li-Ion NMC<\/li>\n<li>Ciclos de vida: \u2265500 ciclos hasta 80%<\/li>\n<li>Sistema de gesti\u00f3n: BMS, Protecci\u00f3n contra sobrecalentamiento, Protecci\u00f3n contra sobretensi\u00f3n, Protecci\u00f3n contra cortocircuito, Protecci\u00f3n contra sobrecarga<\/li>\n<li>DIRECCIONES<\/li>\n<li>Salida de CA: 230 V, 500 W (pico de 1000 W)<\/li>\n<li>Salida USB-A: 5 V, 2,4 A<\/li>\n<li>Salida autom\u00e1tica: 12 V, 10 A<\/li>\n<li>Entrada CC: 12V-30V (m\u00e1x. 100W)<\/li>\n<li>Salida de CC: 12 V, 7 A (6,5 mm * 1,4 mm, para bricolaje)<\/li>\n<li>ACTUALIZACI\u00d3N<\/li>\n<li>Adaptador de CA: aprox. 7,5 horas<\/li>\n<li>Adaptador de coche de 12 V: aprox. 8 horas<\/li>\n<li>Panel solar SolarSaga 100: aprox. 9,5 horas<\/li>\n<li>GENERAL<\/li>\n<li>Peso: 6,4 kg<\/li>\n<li>Dimensiones (LxAxP): 30,1 x 19,3 x 24,2 cm<\/li>\n<li>Temperatura de funcionamiento: -10 a 40\u00b0C<\/li>\n<li>Certificaciones: UN 38.3 \/ RoHS \/ REACH \/ WEEE \/ CE<\/li>\n<\/ul>","protected":false},"featured_media":5214,"template":"","meta":{"_acf_changed":false},"product_brand":[],"product_cat":[454,97,415,475,476],"product_tag":[],"class_list":{"0":"post-5218","1":"product","2":"type-product","3":"status-publish","4":"has-post-thumbnail","6":"product_cat-alle-powerstations","7":"product_cat-alle-producten","8":"product_cat-energy","9":"product_cat-jackery","10":"product_cat-jackery-powerstations","11":"product_shipping_class-outofstock","12":"pa_afmetingen-242-x-192-x-30-cm","13":"pa_brand-jackery","14":"pa_capaciteit-518wh","15":"pa_gewicht-6-kg","16":"pa_input-dc-ac-ingang-ondersteunt-geen-direct-ac-opladen-gebruik-de-meegeleverde-externe-ac-oplader-dc-ingang-24v375a","17":"pa_materiaal-kunststof","18":"pa_oplaadtijd-via-ac-7-5-uur","19":"pa_output-230-v-1x-ac-uitgang-x1-230v-50hz-500w-1-000w-piek","20":"pa_output-dc-2x-dc-uitgang-x2-12v7a-1x-autopoort-x1-12v10a","21":"pa_output-usb-3x-usb-a-uitgang-x3-5v24a","22":"pa_productfamily-power-station","23":"pa_producttype-power-station","24":"pa_series-explorer","25":"pa_type-batterij-li-ion-nmc","27":"first","28":"outofstock","29":"taxable","30":"shipping-taxable","31":"product-type-simple"},"acf":[],"yoast_head":"<!-- This site is optimized with the Yoast SEO Premium plugin v27.2 (Yoast SEO v27.2) - https:\/\/yoast.com\/product\/yoast-seo-premium-wordpress\/ -->\n<title>Jackery Explorer 500 - koningdrone.be<\/title>\n<meta name=\"robots\" content=\"index, follow, max-snippet:-1, max-image-preview:large, max-video-preview:-1\" \/>\n<link rel=\"canonical\" href=\"https:\/\/koningdrone.be\/es\/producto\/jackery-explorer-500\/\" \/>\n<meta property=\"og:locale\" content=\"es_ES\" \/>\n<meta property=\"og:type\" content=\"article\" \/>\n<meta property=\"og:title\" content=\"Jackery Explorer 500\" \/>\n<meta property=\"og:description\" content=\"Capaciteit: 518 Wh (21,6 V, 24 Ah)  Celchemie: Li-Ion NMC  Levenscycli: \u2265500 cycli tot 80%  Beheersysteem: GBS, Oververhittingsbeveiliging, Overspanningsbeveiliging, Kortsluitingsbeveiliging, Overlaadbeveiliging  AANSLUITINGEN  AC-uitgang: 230V, 500W (piek 1000W)  USB-A-uitgang: 5V, 2,4A  Automatische uitgang: 12V, 10A  DC-ingang: 12V-30V (max. 100W)  DC-uitgang: 12V, 7A (6,5 mm * 1,4 mm, voor doe-het-zelvers)  OPLAADTIJD  AC-adapter: ca. 7,5 uur  12V auto-adapter: ca. 8 uur  SolarSaga 100 zonnepaneel: ca. 9,5 uur  ALGEMEEN  Gewicht: 6,4 kg  Afmetingen (LxBxD): 30,1 x 19,3 x 24,2 cm  Bedrijfstemperatuur: -10 tot 40\u00b0C  Certificeringen: UN 38.3 \/ RoHS \/ REACH \/ WEEE \/ CE\" \/>\n<meta property=\"og:url\" content=\"https:\/\/koningdrone.be\/es\/producto\/jackery-explorer-500\/\" \/>\n<meta property=\"og:site_name\" content=\"koningdrone.be\" \/>\n<meta property=\"article:modified_time\" content=\"2026-04-29T12:41:00+00:00\" \/>\n<meta property=\"og:image\" content=\"https:\/\/koningdrone.be\/wp-content\/uploads\/sites\/13\/2025\/04\/Jackery-explorer-500.jpg\" \/>\n\t<meta property=\"og:image:width\" content=\"919\" \/>\n\t<meta property=\"og:image:height\" content=\"876\" \/>\n\t<meta property=\"og:image:type\" content=\"image\/jpeg\" \/>\n<meta name=\"twitter:card\" content=\"summary_large_image\" \/>\n<meta name=\"twitter:label1\" content=\"Tiempo de lectura\" \/>\n\t<meta name=\"twitter:data1\" content=\"1 minuto\" \/>\n<script type=\"application\/ld+json\" class=\"yoast-schema-graph\">{\"@context\":\"https:\/\/schema.org\",\"@graph\":[{\"@type\":\"WebPage\",\"@id\":\"https:\/\/koningdrone.be\/product\/jackery-explorer-500\/\",\"url\":\"https:\/\/koningdrone.be\/product\/jackery-explorer-500\/\",\"name\":\"Jackery Explorer 500 - koningdrone.be\",\"isPartOf\":{\"@id\":\"https:\/\/koningdrone.be\/#website\"},\"primaryImageOfPage\":{\"@id\":\"https:\/\/koningdrone.be\/product\/jackery-explorer-500\/#primaryimage\"},\"image\":{\"@id\":\"https:\/\/koningdrone.be\/product\/jackery-explorer-500\/#primaryimage\"},\"thumbnailUrl\":\"https:\/\/koningdrone.be\/wp-content\/uploads\/sites\/13\/2025\/04\/Jackery-explorer-500.jpg\",\"datePublished\":\"2022-11-13T09:35:41+00:00\",\"dateModified\":\"2026-04-29T12:41:00+00:00\",\"breadcrumb\":{\"@id\":\"https:\/\/koningdrone.be\/product\/jackery-explorer-500\/#breadcrumb\"},\"inLanguage\":\"es\",\"potentialAction\":[{\"@type\":\"ReadAction\",\"target\":[\"https:\/\/koningdrone.be\/product\/jackery-explorer-500\/\"]}]},{\"@type\":\"ImageObject\",\"inLanguage\":\"es\",\"@id\":\"https:\/\/koningdrone.be\/product\/jackery-explorer-500\/#primaryimage\",\"url\":\"https:\/\/koningdrone.be\/wp-content\/uploads\/sites\/13\/2025\/04\/Jackery-explorer-500.jpg\",\"contentUrl\":\"https:\/\/koningdrone.be\/wp-content\/uploads\/sites\/13\/2025\/04\/Jackery-explorer-500.jpg\",\"width\":919,\"height\":876},{\"@type\":\"BreadcrumbList\",\"@id\":\"https:\/\/koningdrone.be\/product\/jackery-explorer-500\/#breadcrumb\",\"itemListElement\":[{\"@type\":\"ListItem\",\"position\":1,\"name\":\"Home\",\"item\":\"https:\/\/koningdrone.be\/\"},{\"@type\":\"ListItem\",\"position\":2,\"name\":\"AVSS Parachute Recovery System for DJI Matrice 300\/350\",\"item\":\"https:\/\/koningdrone.be\/product\/avss-parachute-recovery-system-for-dji-matrice-300-350\/\"},{\"@type\":\"ListItem\",\"position\":3,\"name\":\"Alle powerstations\",\"item\":\"https:\/\/koningdrone.be\/categorie\/alle-powerstations\/\"},{\"@type\":\"ListItem\",\"position\":4,\"name\":\"Jackery Explorer 500\"}]},{\"@type\":\"WebSite\",\"@id\":\"https:\/\/koningdrone.be\/#website\",\"url\":\"https:\/\/koningdrone.be\/\",\"name\":\"Koningdrone.be - Uw online specialist in drones, gimbals, camera's en power stations.\",\"description\":\"De webshop in drones en gimbals\",\"publisher\":{\"@id\":\"https:\/\/koningdrone.be\/#organization\"},\"potentialAction\":[{\"@type\":\"SearchAction\",\"target\":{\"@type\":\"EntryPoint\",\"urlTemplate\":\"https:\/\/koningdrone.be\/?s={search_term_string}\"},\"query-input\":{\"@type\":\"PropertyValueSpecification\",\"valueRequired\":true,\"valueName\":\"search_term_string\"}}],\"inLanguage\":\"es\"},{\"@type\":\"Organization\",\"@id\":\"https:\/\/koningdrone.be\/#organization\",\"name\":\"Koningdrone.be\",\"url\":\"https:\/\/koningdrone.be\/\",\"logo\":{\"@type\":\"ImageObject\",\"inLanguage\":\"es\",\"@id\":\"https:\/\/koningdrone.be\/#\/schema\/logo\/image\/\",\"url\":\"https:\/\/koningdrone.be\/wp-content\/uploads\/sites\/13\/2025\/04\/koningdrone-copyright-logo.svg\",\"contentUrl\":\"https:\/\/koningdrone.be\/wp-content\/uploads\/sites\/13\/2025\/04\/koningdrone-copyright-logo.svg\",\"width\":227,\"height\":38,\"caption\":\"Koningdrone.be\"},\"image\":{\"@id\":\"https:\/\/koningdrone.be\/#\/schema\/logo\/image\/\"}}]}<\/script>\n<!-- \/ Yoast SEO Premium plugin. -->","yoast_head_json":{"title":"Jackery Explorer 500 - koningdrone.be","robots":{"index":"index","follow":"follow","max-snippet":"max-snippet:-1","max-image-preview":"max-image-preview:large","max-video-preview":"max-video-preview:-1"},"canonical":"https:\/\/koningdrone.be\/es\/producto\/jackery-explorer-500\/","og_locale":"es_ES","og_type":"article","og_title":"Jackery Explorer 500","og_description":"Capaciteit: 518 Wh (21,6 V, 24 Ah)  Celchemie: Li-Ion NMC  Levenscycli: \u2265500 cycli tot 80%  Beheersysteem: GBS, Oververhittingsbeveiliging, Overspanningsbeveiliging, Kortsluitingsbeveiliging, Overlaadbeveiliging  AANSLUITINGEN  AC-uitgang: 230V, 500W (piek 1000W)  USB-A-uitgang: 5V, 2,4A  Automatische uitgang: 12V, 10A  DC-ingang: 12V-30V (max. 100W)  DC-uitgang: 12V, 7A (6,5 mm * 1,4 mm, voor doe-het-zelvers)  OPLAADTIJD  AC-adapter: ca. 7,5 uur  12V auto-adapter: ca. 8 uur  SolarSaga 100 zonnepaneel: ca. 9,5 uur  ALGEMEEN  Gewicht: 6,4 kg  Afmetingen (LxBxD): 30,1 x 19,3 x 24,2 cm  Bedrijfstemperatuur: -10 tot 40\u00b0C  Certificeringen: UN 38.3 \/ RoHS \/ REACH \/ WEEE \/ CE","og_url":"https:\/\/koningdrone.be\/es\/producto\/jackery-explorer-500\/","og_site_name":"koningdrone.be","article_modified_time":"2026-04-29T12:41:00+00:00","og_image":[{"width":919,"height":876,"url":"https:\/\/koningdrone.be\/wp-content\/uploads\/sites\/13\/2025\/04\/Jackery-explorer-500.jpg","type":"image\/jpeg"}],"twitter_card":"summary_large_image","twitter_misc":{"Tiempo de lectura":"1 minuto"},"schema":{"@context":"https:\/\/schema.org","@graph":[{"@type":"WebPage","@id":"https:\/\/koningdrone.be\/product\/jackery-explorer-500\/","url":"https:\/\/koningdrone.be\/product\/jackery-explorer-500\/","name":"Jackery Explorer 500 - koningdrone.be","isPartOf":{"@id":"https:\/\/koningdrone.be\/#website"},"primaryImageOfPage":{"@id":"https:\/\/koningdrone.be\/product\/jackery-explorer-500\/#primaryimage"},"image":{"@id":"https:\/\/koningdrone.be\/product\/jackery-explorer-500\/#primaryimage"},"thumbnailUrl":"https:\/\/koningdrone.be\/wp-content\/uploads\/sites\/13\/2025\/04\/Jackery-explorer-500.jpg","datePublished":"2022-11-13T09:35:41+00:00","dateModified":"2026-04-29T12:41:00+00:00","breadcrumb":{"@id":"https:\/\/koningdrone.be\/product\/jackery-explorer-500\/#breadcrumb"},"inLanguage":"es","potentialAction":[{"@type":"ReadAction","target":["https:\/\/koningdrone.be\/product\/jackery-explorer-500\/"]}]},{"@type":"ImageObject","inLanguage":"es","@id":"https:\/\/koningdrone.be\/product\/jackery-explorer-500\/#primaryimage","url":"https:\/\/koningdrone.be\/wp-content\/uploads\/sites\/13\/2025\/04\/Jackery-explorer-500.jpg","contentUrl":"https:\/\/koningdrone.be\/wp-content\/uploads\/sites\/13\/2025\/04\/Jackery-explorer-500.jpg","width":919,"height":876},{"@type":"BreadcrumbList","@id":"https:\/\/koningdrone.be\/product\/jackery-explorer-500\/#breadcrumb","itemListElement":[{"@type":"ListItem","position":1,"name":"Home","item":"https:\/\/koningdrone.be\/"},{"@type":"ListItem","position":2,"name":"AVSS Parachute Recovery System for DJI Matrice 300\/350","item":"https:\/\/koningdrone.be\/product\/avss-parachute-recovery-system-for-dji-matrice-300-350\/"},{"@type":"ListItem","position":3,"name":"Alle powerstations","item":"https:\/\/koningdrone.be\/categorie\/alle-powerstations\/"},{"@type":"ListItem","position":4,"name":"Jackery Explorer 500"}]},{"@type":"WebSite","@id":"https:\/\/koningdrone.be\/#website","url":"https:\/\/koningdrone.be\/","name":"Koningdrone.be - Su especialista en l\u00ednea en drones, cardanes, c\u00e1maras y centrales el\u00e9ctricas.","description":"La tienda virtual de drones y cardanes","publisher":{"@id":"https:\/\/koningdrone.be\/#organization"},"potentialAction":[{"@type":"SearchAction","target":{"@type":"EntryPoint","urlTemplate":"https:\/\/koningdrone.be\/?s={search_term_string}"},"query-input":{"@type":"PropertyValueSpecification","valueRequired":true,"valueName":"search_term_string"}}],"inLanguage":"es"},{"@type":"Organization","@id":"https:\/\/koningdrone.be\/#organization","name":"Kingdrone.es","url":"https:\/\/koningdrone.be\/","logo":{"@type":"ImageObject","inLanguage":"es","@id":"https:\/\/koningdrone.be\/#\/schema\/logo\/image\/","url":"https:\/\/koningdrone.be\/wp-content\/uploads\/sites\/13\/2025\/04\/koningdrone-copyright-logo.svg","contentUrl":"https:\/\/koningdrone.be\/wp-content\/uploads\/sites\/13\/2025\/04\/koningdrone-copyright-logo.svg","width":227,"height":38,"caption":"Koningdrone.be"},"image":{"@id":"https:\/\/koningdrone.be\/#\/schema\/logo\/image\/"}}]}},"df_price":"","df_sale_price":"","df_regular_price":"","df_image_link":"https:\/\/koningdrone.be\/wp-content\/uploads\/sites\/13\/2025\/04\/Jackery-explorer-500-300x286.jpg","_links":{"self":[{"href":"https:\/\/koningdrone.be\/es\/wp-json\/wp\/v2\/product\/5218","targetHints":{"allow":["GET"]}}],"collection":[{"href":"https:\/\/koningdrone.be\/es\/wp-json\/wp\/v2\/product"}],"about":[{"href":"https:\/\/koningdrone.be\/es\/wp-json\/wp\/v2\/types\/product"}],"wp:featuredmedia":[{"embeddable":true,"href":"https:\/\/koningdrone.be\/es\/wp-json\/wp\/v2\/media\/5214"}],"wp:attachment":[{"href":"https:\/\/koningdrone.be\/es\/wp-json\/wp\/v2\/media?parent=5218"}],"wp:term":[{"taxonomy":"product_brand","embeddable":true,"href":"https:\/\/koningdrone.be\/es\/wp-json\/wp\/v2\/product_brand?post=5218"},{"taxonomy":"product_cat","embeddable":true,"href":"https:\/\/koningdrone.be\/es\/wp-json\/wp\/v2\/product_cat?post=5218"},{"taxonomy":"product_tag","embeddable":true,"href":"https:\/\/koningdrone.be\/es\/wp-json\/wp\/v2\/product_tag?post=5218"}],"curies":[{"name":"wp","href":"https:\/\/api.w.org\/{rel}","templated":true}]}}