{"id":5213,"date":"2022-11-13T10:35:41","date_gmt":"2022-11-13T09:35:41","guid":{"rendered":"https:\/\/koningdrone.nl\/kon\/product\/jackery-explorer-240-combo\/"},"modified":"2025-05-20T14:37:37","modified_gmt":"2025-05-20T12:37:37","slug":"jackery-explorer-240-combo","status":"publish","type":"product","link":"https:\/\/koningdrone.be\/es\/producto\/jackery-explorer-240-combo\/","title":{"rendered":"Jackery Explorer 240 Combo"},"content":{"rendered":"<p><strong>Descripci\u00f3n del producto: Jackery Explorer 240 Combo<\/strong><\/p>\n<p>Con el combo Jackery Explorer 240, siempre tendr\u00e1s acceso a energ\u00eda est\u00e9s donde est\u00e9s. Esta central el\u00e9ctrica port\u00e1til es compacta y f\u00e1cil de transportar, gracias a su asa fija. Jackery es conocida por sus robustas centrales el\u00e9ctricas, fiables y duraderas. La Jackery 240 puede cargarse desde la red el\u00e9ctrica o desde paneles solares, gracias a su controlador MPPT integrado que garantiza la m\u00e1xima eficiencia.<\/p>\n<p><strong>Panel Solar Jackery SolarSaga 100W<\/strong><\/p>\n<p>El panel solar Jackery SolarSaga 100W te garantiza que siempre estar\u00e1s cargado. Con una alta eficiencia de conversi\u00f3n de 23%, este panel solar es perfecto para actividades al aire libre e incluso durante apagones. Es ligero, plegable y port\u00e1til, por lo que es ideal para viajar.<\/p>\n<p><strong>M\u00faltiples opciones de carga<\/strong><\/p>\n<p>El Jackery Explorer 240 puede cargarse de tres formas: mediante energ\u00eda solar, a trav\u00e9s de la red el\u00e9ctrica o con un cargador de coche. Con el cargador de coche, el Jackery 240 puede cargarse a trav\u00e9s de la toma de 12 V del coche. Los tiempos de carga oscilan entre 5,5 horas (a trav\u00e9s de la red el\u00e9ctrica) y 7 horas (con un panel solar de 60 W).<\/p>\n<p><strong>Seguridad y calidad garantizadas<\/strong><\/p>\n<p>Jackery garantiza la calidad y la seguridad con funciones de seguridad avanzadas como la protecci\u00f3n contra cortocircuitos, la regulaci\u00f3n de la tensi\u00f3n y el control de la temperatura. El sistema de gesti\u00f3n de la bater\u00eda garantiza un rendimiento y una seguridad \u00f3ptimos. La pantalla frontal proporciona informaci\u00f3n sobre el estado de la bater\u00eda y cualquier problema.<\/p>\n<p><strong>Carga de varios dispositivos<\/strong><\/p>\n<p>El Jackery Explorer 240 puede utilizarse para cargar varios dispositivos, como tel\u00e9fonos inteligentes, tabletas, ordenadores port\u00e1tiles, c\u00e1maras y peque\u00f1os electrodom\u00e9sticos, como una manta el\u00e9ctrica o un ventilador. Esto lo hace ideal para viajar, acampar u otras actividades al aire libre. En resumen, el combo Jackery Explorer 240 proporciona soluciones fiables de energ\u00eda port\u00e1til para todas tus aventuras.<\/p>\n<p><\/p>","protected":false},"excerpt":{"rendered":"<ul>\n<li>apacidad: 240Wh(230V)<\/li>\n<li>atterij type: lithium-ion<\/li>\n<li>ciclos de carga: 500 ciclos para la capacidad 80%<\/li>\n<li>Tiempo de carga: CA: 5,5 horas, 12V\/24V: 6,5 horas, Con panel solar de 60W: 7H<\/li>\n<li>ystemen: BMS, protecci\u00f3n contra sobretensi\u00f3n, entrada de protecci\u00f3n contra cortocircuitos<\/li>\n<li>C corriente de carga: 100-120Vac (50Hz\/60Hz)<\/li>\n<li>Entrada de enchufe de coche de 2 V: 12 V\/24 V CC 8 A m\u00e1x.<\/li>\n<li>VENS:<\/li>\n<li>Salida de CA: 110 V CA, 60 Hz, 200 W (400 W pico pico)<\/li>\n<li>Salida SB-A: 5 V, 2,4 A<\/li>\n<li>Salida uto: 12V, 10A<\/li>\n<li>Entrada C: 12V-30V (65W m\u00e1x.)<\/li>\n<li>sis informaci\u00f3n:<\/li>\n<li>peso: 3KG<\/li>\n<li>dimensiones (LxAxP): (23 x 13,32 x 20 cm)<\/li>\n<li>Temperatura \u00f3ptima: 14-104F (-10 a 40\u2103)<\/li>\n<li>Certificaci\u00f3n: CEC, DOE, FCC, UL, CA Prop 65<\/li>\n<li>garant\u00eda : 24 Meses<\/li>\n<li>Accesorio opcional: panel solar SolarSaga de 100 W<\/li>\n<\/ul>","protected":false},"featured_media":5206,"template":"","meta":{"_acf_changed":false},"product_brand":[],"product_cat":[454,97,415,475,476],"product_tag":[],"class_list":{"0":"post-5213","1":"product","2":"type-product","3":"status-publish","4":"has-post-thumbnail","6":"product_cat-alle-powerstations","7":"product_cat-alle-producten","8":"product_cat-energy","9":"product_cat-jackery","10":"product_cat-jackery-powerstations","11":"pa_afmetingen-133-x-23-x-20-cm","12":"pa_brand-jackery","13":"pa_capaciteit-240wh","14":"pa_gewicht-3-kg","15":"pa_input-dc-ac-ingang-ondersteunt-geen-direct-ac-opladen-gebruik-de-meegeleverde-externe-ac-oplader-dc-input-19v342a","16":"pa_materiaal-kunststof","17":"pa_oplaadtijd-via-ac-5-5-uur","18":"pa_output-230-v-1x-ac-output-230v-50hz-200w-400w-peak","19":"pa_output-dc-1087","20":"pa_output-usb-2x-usb-a-output-5v2-4a","21":"pa_productfamily-power-station","22":"pa_producttype-power-station","23":"pa_series-explorer","24":"pa_type-batterij-li-ion-nmc","26":"first","27":"outofstock","28":"taxable","29":"shipping-taxable","30":"product-type-simple"},"acf":[],"yoast_head":"<!-- This site is optimized with the Yoast SEO Premium plugin v27.2 (Yoast SEO v27.2) - https:\/\/yoast.com\/product\/yoast-seo-premium-wordpress\/ -->\n<title>Jackery Explorer 240 Combo - koningdrone.be<\/title>\n<meta name=\"robots\" content=\"index, follow, max-snippet:-1, max-image-preview:large, max-video-preview:-1\" \/>\n<link rel=\"canonical\" href=\"https:\/\/koningdrone.be\/es\/producto\/jackery-explorer-240-combo\/\" \/>\n<meta property=\"og:locale\" content=\"es_ES\" \/>\n<meta property=\"og:type\" content=\"article\" \/>\n<meta property=\"og:title\" content=\"Jackery Explorer 240 Combo\" \/>\n<meta property=\"og:description\" content=\"apaciteit: 240Wh(230V)atterijtype: lithium-ionplaadcycli: 500 cycli voor 80% capaciteitplaadtijd: AC: 5,5 uur, 12V\/24V: 6,5 uur, Met 60W zonnepaneel: 7Hystemen: BMS, overspanningsbeveiliging, kortsluitingsbeveiligingsingangC laadstroom: 100-120Vac (50Hz\/60Hz)2V autostekker ingang: 12V\/24V DC 8A maxVENS:AC-uitgang: 110VAC, 60Hz, 200W (400W piekpiek)SB-A-uitgang: 5V, 2,4Auto-uitgang: 12V, 10AC-invoer: 12V-30V (65W max.)sis informatie:ewicht: 3KGfmetingen (LxBxD): (23 x 13,32 x 20 cm)Optimale temperatuur: 14-104F (-10 tot 40\u2103)Certificering: CEC, DOE, FCC, UL, CA Prop 65arantie : 24 Maandenptioneel accessoire: SolarSaga 100W zonnepaneel\" \/>\n<meta property=\"og:url\" content=\"https:\/\/koningdrone.be\/es\/producto\/jackery-explorer-240-combo\/\" \/>\n<meta property=\"og:site_name\" content=\"koningdrone.be\" \/>\n<meta property=\"article:modified_time\" content=\"2025-05-20T12:37:37+00:00\" \/>\n<meta property=\"og:image\" content=\"https:\/\/koningdrone.be\/wp-content\/uploads\/sites\/13\/2025\/04\/7315152345545-1.jpg\" \/>\n\t<meta property=\"og:image:width\" content=\"800\" \/>\n\t<meta property=\"og:image:height\" content=\"800\" \/>\n\t<meta property=\"og:image:type\" content=\"image\/jpeg\" \/>\n<meta name=\"twitter:card\" content=\"summary_large_image\" \/>\n<meta name=\"twitter:label1\" content=\"Tiempo de lectura\" \/>\n\t<meta name=\"twitter:data1\" content=\"1 minuto\" \/>\n<script type=\"application\/ld+json\" class=\"yoast-schema-graph\">{\"@context\":\"https:\/\/schema.org\",\"@graph\":[{\"@type\":\"WebPage\",\"@id\":\"https:\/\/koningdrone.be\/product\/jackery-explorer-240-combo\/\",\"url\":\"https:\/\/koningdrone.be\/product\/jackery-explorer-240-combo\/\",\"name\":\"Jackery Explorer 240 Combo - koningdrone.be\",\"isPartOf\":{\"@id\":\"https:\/\/koningdrone.be\/#website\"},\"primaryImageOfPage\":{\"@id\":\"https:\/\/koningdrone.be\/product\/jackery-explorer-240-combo\/#primaryimage\"},\"image\":{\"@id\":\"https:\/\/koningdrone.be\/product\/jackery-explorer-240-combo\/#primaryimage\"},\"thumbnailUrl\":\"https:\/\/koningdrone.be\/wp-content\/uploads\/sites\/13\/2025\/04\/7315152345545-1.jpg\",\"datePublished\":\"2022-11-13T09:35:41+00:00\",\"dateModified\":\"2025-05-20T12:37:37+00:00\",\"breadcrumb\":{\"@id\":\"https:\/\/koningdrone.be\/product\/jackery-explorer-240-combo\/#breadcrumb\"},\"inLanguage\":\"es\",\"potentialAction\":[{\"@type\":\"ReadAction\",\"target\":[\"https:\/\/koningdrone.be\/product\/jackery-explorer-240-combo\/\"]}]},{\"@type\":\"ImageObject\",\"inLanguage\":\"es\",\"@id\":\"https:\/\/koningdrone.be\/product\/jackery-explorer-240-combo\/#primaryimage\",\"url\":\"https:\/\/koningdrone.be\/wp-content\/uploads\/sites\/13\/2025\/04\/7315152345545-1.jpg\",\"contentUrl\":\"https:\/\/koningdrone.be\/wp-content\/uploads\/sites\/13\/2025\/04\/7315152345545-1.jpg\",\"width\":800,\"height\":800},{\"@type\":\"BreadcrumbList\",\"@id\":\"https:\/\/koningdrone.be\/product\/jackery-explorer-240-combo\/#breadcrumb\",\"itemListElement\":[{\"@type\":\"ListItem\",\"position\":1,\"name\":\"Home\",\"item\":\"https:\/\/koningdrone.be\/\"},{\"@type\":\"ListItem\",\"position\":2,\"name\":\"AVSS Parachute Recovery System for DJI Matrice 300\/350\",\"item\":\"https:\/\/koningdrone.be\/product\/avss-parachute-recovery-system-for-dji-matrice-300-350\/\"},{\"@type\":\"ListItem\",\"position\":3,\"name\":\"Alle powerstations\",\"item\":\"https:\/\/koningdrone.be\/categorie\/alle-powerstations\/\"},{\"@type\":\"ListItem\",\"position\":4,\"name\":\"Jackery Explorer 240 Combo\"}]},{\"@type\":\"WebSite\",\"@id\":\"https:\/\/koningdrone.be\/#website\",\"url\":\"https:\/\/koningdrone.be\/\",\"name\":\"Koningdrone.be - Uw online specialist in drones, gimbals, camera's en power stations.\",\"description\":\"De webshop in drones en gimbals\",\"publisher\":{\"@id\":\"https:\/\/koningdrone.be\/#organization\"},\"potentialAction\":[{\"@type\":\"SearchAction\",\"target\":{\"@type\":\"EntryPoint\",\"urlTemplate\":\"https:\/\/koningdrone.be\/?s={search_term_string}\"},\"query-input\":{\"@type\":\"PropertyValueSpecification\",\"valueRequired\":true,\"valueName\":\"search_term_string\"}}],\"inLanguage\":\"es\"},{\"@type\":\"Organization\",\"@id\":\"https:\/\/koningdrone.be\/#organization\",\"name\":\"Koningdrone.be\",\"url\":\"https:\/\/koningdrone.be\/\",\"logo\":{\"@type\":\"ImageObject\",\"inLanguage\":\"es\",\"@id\":\"https:\/\/koningdrone.be\/#\/schema\/logo\/image\/\",\"url\":\"https:\/\/koningdrone.be\/wp-content\/uploads\/sites\/13\/2025\/04\/koningdrone-copyright-logo.svg\",\"contentUrl\":\"https:\/\/koningdrone.be\/wp-content\/uploads\/sites\/13\/2025\/04\/koningdrone-copyright-logo.svg\",\"width\":227,\"height\":38,\"caption\":\"Koningdrone.be\"},\"image\":{\"@id\":\"https:\/\/koningdrone.be\/#\/schema\/logo\/image\/\"}}]}<\/script>\n<!-- \/ Yoast SEO Premium plugin. -->","yoast_head_json":{"title":"Jackery Explorer 240 Combo - koningdrone.be","robots":{"index":"index","follow":"follow","max-snippet":"max-snippet:-1","max-image-preview":"max-image-preview:large","max-video-preview":"max-video-preview:-1"},"canonical":"https:\/\/koningdrone.be\/es\/producto\/jackery-explorer-240-combo\/","og_locale":"es_ES","og_type":"article","og_title":"Jackery Explorer 240 Combo","og_description":"apaciteit: 240Wh(230V)atterijtype: lithium-ionplaadcycli: 500 cycli voor 80% capaciteitplaadtijd: AC: 5,5 uur, 12V\/24V: 6,5 uur, Met 60W zonnepaneel: 7Hystemen: BMS, overspanningsbeveiliging, kortsluitingsbeveiligingsingangC laadstroom: 100-120Vac (50Hz\/60Hz)2V autostekker ingang: 12V\/24V DC 8A maxVENS:AC-uitgang: 110VAC, 60Hz, 200W (400W piekpiek)SB-A-uitgang: 5V, 2,4Auto-uitgang: 12V, 10AC-invoer: 12V-30V (65W max.)sis informatie:ewicht: 3KGfmetingen (LxBxD): (23 x 13,32 x 20 cm)Optimale temperatuur: 14-104F (-10 tot 40\u2103)Certificering: CEC, DOE, FCC, UL, CA Prop 65arantie : 24 Maandenptioneel accessoire: SolarSaga 100W zonnepaneel","og_url":"https:\/\/koningdrone.be\/es\/producto\/jackery-explorer-240-combo\/","og_site_name":"koningdrone.be","article_modified_time":"2025-05-20T12:37:37+00:00","og_image":[{"width":800,"height":800,"url":"https:\/\/koningdrone.be\/wp-content\/uploads\/sites\/13\/2025\/04\/7315152345545-1.jpg","type":"image\/jpeg"}],"twitter_card":"summary_large_image","twitter_misc":{"Tiempo de lectura":"1 minuto"},"schema":{"@context":"https:\/\/schema.org","@graph":[{"@type":"WebPage","@id":"https:\/\/koningdrone.be\/product\/jackery-explorer-240-combo\/","url":"https:\/\/koningdrone.be\/product\/jackery-explorer-240-combo\/","name":"Jackery Explorer 240 Combo - koningdrone.be","isPartOf":{"@id":"https:\/\/koningdrone.be\/#website"},"primaryImageOfPage":{"@id":"https:\/\/koningdrone.be\/product\/jackery-explorer-240-combo\/#primaryimage"},"image":{"@id":"https:\/\/koningdrone.be\/product\/jackery-explorer-240-combo\/#primaryimage"},"thumbnailUrl":"https:\/\/koningdrone.be\/wp-content\/uploads\/sites\/13\/2025\/04\/7315152345545-1.jpg","datePublished":"2022-11-13T09:35:41+00:00","dateModified":"2025-05-20T12:37:37+00:00","breadcrumb":{"@id":"https:\/\/koningdrone.be\/product\/jackery-explorer-240-combo\/#breadcrumb"},"inLanguage":"es","potentialAction":[{"@type":"ReadAction","target":["https:\/\/koningdrone.be\/product\/jackery-explorer-240-combo\/"]}]},{"@type":"ImageObject","inLanguage":"es","@id":"https:\/\/koningdrone.be\/product\/jackery-explorer-240-combo\/#primaryimage","url":"https:\/\/koningdrone.be\/wp-content\/uploads\/sites\/13\/2025\/04\/7315152345545-1.jpg","contentUrl":"https:\/\/koningdrone.be\/wp-content\/uploads\/sites\/13\/2025\/04\/7315152345545-1.jpg","width":800,"height":800},{"@type":"BreadcrumbList","@id":"https:\/\/koningdrone.be\/product\/jackery-explorer-240-combo\/#breadcrumb","itemListElement":[{"@type":"ListItem","position":1,"name":"Home","item":"https:\/\/koningdrone.be\/"},{"@type":"ListItem","position":2,"name":"AVSS Parachute Recovery System for DJI Matrice 300\/350","item":"https:\/\/koningdrone.be\/product\/avss-parachute-recovery-system-for-dji-matrice-300-350\/"},{"@type":"ListItem","position":3,"name":"Alle powerstations","item":"https:\/\/koningdrone.be\/categorie\/alle-powerstations\/"},{"@type":"ListItem","position":4,"name":"Jackery Explorer 240 Combo"}]},{"@type":"WebSite","@id":"https:\/\/koningdrone.be\/#website","url":"https:\/\/koningdrone.be\/","name":"Koningdrone.be - Su especialista en l\u00ednea en drones, cardanes, c\u00e1maras y centrales el\u00e9ctricas.","description":"La tienda virtual de drones y cardanes","publisher":{"@id":"https:\/\/koningdrone.be\/#organization"},"potentialAction":[{"@type":"SearchAction","target":{"@type":"EntryPoint","urlTemplate":"https:\/\/koningdrone.be\/?s={search_term_string}"},"query-input":{"@type":"PropertyValueSpecification","valueRequired":true,"valueName":"search_term_string"}}],"inLanguage":"es"},{"@type":"Organization","@id":"https:\/\/koningdrone.be\/#organization","name":"Kingdrone.es","url":"https:\/\/koningdrone.be\/","logo":{"@type":"ImageObject","inLanguage":"es","@id":"https:\/\/koningdrone.be\/#\/schema\/logo\/image\/","url":"https:\/\/koningdrone.be\/wp-content\/uploads\/sites\/13\/2025\/04\/koningdrone-copyright-logo.svg","contentUrl":"https:\/\/koningdrone.be\/wp-content\/uploads\/sites\/13\/2025\/04\/koningdrone-copyright-logo.svg","width":227,"height":38,"caption":"Koningdrone.be"},"image":{"@id":"https:\/\/koningdrone.be\/#\/schema\/logo\/image\/"}}]}},"df_price":"","df_sale_price":"","df_regular_price":"","df_image_link":"https:\/\/koningdrone.be\/wp-content\/uploads\/sites\/13\/2025\/04\/7315152345545-1-300x300.jpg","_links":{"self":[{"href":"https:\/\/koningdrone.be\/es\/wp-json\/wp\/v2\/product\/5213","targetHints":{"allow":["GET"]}}],"collection":[{"href":"https:\/\/koningdrone.be\/es\/wp-json\/wp\/v2\/product"}],"about":[{"href":"https:\/\/koningdrone.be\/es\/wp-json\/wp\/v2\/types\/product"}],"wp:featuredmedia":[{"embeddable":true,"href":"https:\/\/koningdrone.be\/es\/wp-json\/wp\/v2\/media\/5206"}],"wp:attachment":[{"href":"https:\/\/koningdrone.be\/es\/wp-json\/wp\/v2\/media?parent=5213"}],"wp:term":[{"taxonomy":"product_brand","embeddable":true,"href":"https:\/\/koningdrone.be\/es\/wp-json\/wp\/v2\/product_brand?post=5213"},{"taxonomy":"product_cat","embeddable":true,"href":"https:\/\/koningdrone.be\/es\/wp-json\/wp\/v2\/product_cat?post=5213"},{"taxonomy":"product_tag","embeddable":true,"href":"https:\/\/koningdrone.be\/es\/wp-json\/wp\/v2\/product_tag?post=5213"}],"curies":[{"name":"wp","href":"https:\/\/api.w.org\/{rel}","templated":true}]}}