{"id":5183,"date":"2022-11-13T10:35:41","date_gmt":"2022-11-13T09:35:41","guid":{"rendered":"https:\/\/koningdrone.nl\/kon\/product\/ecoflow-river-2-pro\/"},"modified":"2026-04-29T16:40:14","modified_gmt":"2026-04-29T14:40:14","slug":"ecoflow-river-2-pro","status":"publish","type":"product","link":"https:\/\/koningdrone.be\/es\/producto\/ecoflow-river-2-pro\/","title":{"rendered":"Ecoflow R\u00edo 2 Pro"},"content":{"rendered":"<h1>EcoFlow RIVER 2 Pro<\/h1>\n<p><strong> Carga de 0 a 100% en s\u00f3lo 1 hora <\/strong><br \/>\nLas estaciones port\u00e1tiles EcoFlow RIVER 2 tienen la mayor velocidad de carga, que supera la velocidad de carga de otros dispositivos similares de fabricantes de la competencia. Su estaci\u00f3n EcoFlow puede cargarse completamente en s\u00f3lo 60 minutos. Esto es 5 veces m\u00e1s r\u00e1pido que otras estaciones port\u00e1tiles del mercado y 38% m\u00e1s r\u00e1pido que las versiones anteriores. Puede cargar completamente RIVER 2 mientras hace las maletas.<\/p>\n<p><strong> Tipo de bater\u00eda LiFePO4 <\/strong><br \/>\nLas nuevas estaciones est\u00e1n equipadas con bater\u00edas actualizadas, que se distinguen por un alto grado de fiabilidad operativa y una vida \u00fatil de hasta 10 a\u00f1os. Un papel importante en ello lo ha desempe\u00f1ado la composici\u00f3n qu\u00edmica actualizada de la fuente de energ\u00eda, que garantiza que las bater\u00edas de la serie RIVER 2 se carguen y descarguen m\u00e1s de 3.000 veces. Esto supone casi 10 a\u00f1os de uso diario y 6 veces m\u00e1s que la media del mercado. Gracias a los elementos LFP, la serie RIVER 2 es segura, duradera y muy eficiente, incluso a altas temperaturas.<\/p>\n<p><strong> Protecci\u00f3n inteligente de la bater\u00eda <\/strong><br \/>\nEl avanzado sistema de gesti\u00f3n de bater\u00edas (BMS) de la RIVER 2 supervisa continuamente la tensi\u00f3n, la corriente y la temperatura del dispositivo para proporcionar m\u00faltiples niveles de protecci\u00f3n y maximizar la vida \u00fatil del producto.<\/p>\n<p><strong> 4 m\u00e9todos de carga <\/strong><br \/>\nEl dise\u00f1o de las estaciones port\u00e1tiles RIVER 2 te permite cargarlas de una de las cuatro formas que te resulten m\u00e1s c\u00f3modas. Puedes usar un enchufe de pared est\u00e1ndar, un adaptador para el coche, un panel solar o una interfaz USB-C.<br \/>\nMediante USB-C<br \/>\nFuera del enchufe<br \/>\nDel panel solar<br \/>\nDel coche<\/p>\n<p><strong> 4 m\u00e9todos de carga <\/strong><br \/>\nModo X-Boost para dispositivos el\u00e9ctricos potentes<br \/>\nLas estaciones de carga port\u00e1tiles RIVER 2 son de peque\u00f1o tama\u00f1o pero tienen una gran potencia de CA de hasta 800 W. Gracias al modo X-Boost, conecta una batidora u otros potentes electrodom\u00e9sticos a la estaci\u00f3n, utilizando hasta 99% de electr\u00f3nica de consumo.<\/p>\n<p><strong>Ligero: s\u00f3lo 7,8 kg <\/strong><br \/>\nGracias a su cuerpo compacto, conectar una fuente de alimentaci\u00f3n aut\u00f3noma nunca ha sido tan f\u00e1cil y c\u00f3modo. La ligereza de la estaci\u00f3n RIVER 2, 30% m\u00e1s ligera que los modelos de la generaci\u00f3n anterior, garantiza una existencia sin preocupaciones durante sus aventuras al aire libre.<\/p>\n<p><strong> Conmutaci\u00f3n ultrarr\u00e1pida <\/strong><br \/>\nCon una velocidad de conmutaci\u00f3n inferior a 30 ms, ni siquiera se enterar\u00e1 cuando falle la red el\u00e9ctrica. Utiliza RIVER 2 como fuente de alimentaci\u00f3n de emergencia para los cortes de corriente nocturnos, manteniendo tus dispositivos m\u00e1s esenciales en perfecto funcionamiento.<\/p>","protected":false},"excerpt":{"rendered":"<ul>\n<li>De 0 a 100% en s\u00f3lo una hora<\/li>\n<li>Bater\u00edas LiFePo4<\/li>\n<li>&lt; 30 ms para cambiar<\/li>\n<li>Solicitud de gesti\u00f3n<\/li>\n<li>4 m\u00e9todos de carga<\/li>\n<li>Tecnolog\u00eda X Boost<\/li>\n<li>Ligero y compacto<\/li>\n<\/ul>","protected":false},"featured_media":5180,"template":"","meta":{"_acf_changed":false},"product_brand":[],"product_cat":[454,97,245,276,415],"product_tag":[],"class_list":{"0":"post-5183","1":"product","2":"type-product","3":"status-publish","4":"has-post-thumbnail","6":"product_cat-alle-powerstations","7":"product_cat-alle-producten","8":"product_cat-ecoflow","9":"product_cat-ecoflow-powerstations","10":"product_cat-energy","11":"product_shipping_class-outofstock","12":"pa_afmetingen-270-x-260-x-226mm","13":"pa_brand-ecoflow","14":"pa_capaciteit-301-1100-wh","15":"pa_gewicht-7-8-kg","16":"pa_input-dc-ac-ingang-220-240v-50hz-60hz-870w-max-zonne-invoer-11-50v-13a-220w-max-auto-ingang-12v-24v-8a-100w-max-usb-c-ingang-uitgang-5-9-12-15-20v","17":"pa_materiaal-kunststof","18":"pa_oplaadtijd-via-ac-0-80-in-56-minuten-0-100-in-70-minuten-940w-max","19":"pa_output-230-v-1x-ac-uitgang-zuivere-sinusgolf-800-w-totaal-piek-1600-w-230-v-50-hz-60-hz","20":"pa_output-dc-12-6v-10a-3a-3a-126w-max","21":"pa_output-usb-usb-c-output-5a-100w-max-usb-a-output-5v-2-4a-12w-max","22":"pa_productfamily-power-station","23":"pa_producttype-power-station","24":"pa_series-river-2-pro","25":"pa_type-batterij-lifepo4","27":"first","28":"outofstock","29":"taxable","30":"shipping-taxable","31":"purchasable","32":"product-type-simple"},"acf":[],"yoast_head":"<!-- This site is optimized with the Yoast SEO Premium plugin v27.2 (Yoast SEO v27.2) - https:\/\/yoast.com\/product\/yoast-seo-premium-wordpress\/ -->\n<title>Ecoflow River 2 Pro - koningdrone.be<\/title>\n<meta name=\"robots\" content=\"index, follow, max-snippet:-1, max-image-preview:large, max-video-preview:-1\" \/>\n<link rel=\"canonical\" href=\"https:\/\/koningdrone.be\/es\/producto\/ecoflow-river-2-pro\/\" \/>\n<meta property=\"og:locale\" content=\"es_ES\" \/>\n<meta property=\"og:type\" content=\"article\" \/>\n<meta property=\"og:title\" content=\"Ecoflow River 2 Pro\" \/>\n<meta property=\"og:description\" content=\"Van 0 tot 100% in slechts \u00e9\u00e9n uur  LiFePo4-batterijen  &lt; 30 ms om te schakelen  Aanvraag voor beheer  4 oplaadmethoden  X Boost-technologie  Lichtgewicht en compact\" \/>\n<meta property=\"og:url\" content=\"https:\/\/koningdrone.be\/es\/producto\/ecoflow-river-2-pro\/\" \/>\n<meta property=\"og:site_name\" content=\"koningdrone.be\" \/>\n<meta property=\"article:modified_time\" content=\"2026-04-29T14:40:14+00:00\" \/>\n<meta property=\"og:image\" content=\"https:\/\/koningdrone.be\/wp-content\/uploads\/sites\/13\/2025\/04\/842783117687-1.jpg\" \/>\n\t<meta property=\"og:image:width\" content=\"540\" \/>\n\t<meta property=\"og:image:height\" content=\"540\" \/>\n\t<meta property=\"og:image:type\" content=\"image\/jpeg\" \/>\n<meta name=\"twitter:card\" content=\"summary_large_image\" \/>\n<meta name=\"twitter:label1\" content=\"Tiempo de lectura\" \/>\n\t<meta name=\"twitter:data1\" content=\"2 minutos\" \/>\n<script type=\"application\/ld+json\" class=\"yoast-schema-graph\">{\"@context\":\"https:\/\/schema.org\",\"@graph\":[{\"@type\":\"WebPage\",\"@id\":\"https:\/\/koningdrone.be\/product\/ecoflow-river-2-pro\/\",\"url\":\"https:\/\/koningdrone.be\/product\/ecoflow-river-2-pro\/\",\"name\":\"Ecoflow River 2 Pro - koningdrone.be\",\"isPartOf\":{\"@id\":\"https:\/\/koningdrone.be\/#website\"},\"primaryImageOfPage\":{\"@id\":\"https:\/\/koningdrone.be\/product\/ecoflow-river-2-pro\/#primaryimage\"},\"image\":{\"@id\":\"https:\/\/koningdrone.be\/product\/ecoflow-river-2-pro\/#primaryimage\"},\"thumbnailUrl\":\"https:\/\/koningdrone.be\/wp-content\/uploads\/sites\/13\/2025\/04\/842783117687-1.jpg\",\"datePublished\":\"2022-11-13T09:35:41+00:00\",\"dateModified\":\"2026-04-29T14:40:14+00:00\",\"breadcrumb\":{\"@id\":\"https:\/\/koningdrone.be\/product\/ecoflow-river-2-pro\/#breadcrumb\"},\"inLanguage\":\"es\",\"potentialAction\":[{\"@type\":\"ReadAction\",\"target\":[\"https:\/\/koningdrone.be\/product\/ecoflow-river-2-pro\/\"]}]},{\"@type\":\"ImageObject\",\"inLanguage\":\"es\",\"@id\":\"https:\/\/koningdrone.be\/product\/ecoflow-river-2-pro\/#primaryimage\",\"url\":\"https:\/\/koningdrone.be\/wp-content\/uploads\/sites\/13\/2025\/04\/842783117687-1.jpg\",\"contentUrl\":\"https:\/\/koningdrone.be\/wp-content\/uploads\/sites\/13\/2025\/04\/842783117687-1.jpg\",\"width\":540,\"height\":540},{\"@type\":\"BreadcrumbList\",\"@id\":\"https:\/\/koningdrone.be\/product\/ecoflow-river-2-pro\/#breadcrumb\",\"itemListElement\":[{\"@type\":\"ListItem\",\"position\":1,\"name\":\"Home\",\"item\":\"https:\/\/koningdrone.be\/\"},{\"@type\":\"ListItem\",\"position\":2,\"name\":\"AVSS Parachute Recovery System for DJI Matrice 300\/350\",\"item\":\"https:\/\/koningdrone.be\/product\/avss-parachute-recovery-system-for-dji-matrice-300-350\/\"},{\"@type\":\"ListItem\",\"position\":3,\"name\":\"Alle powerstations\",\"item\":\"https:\/\/koningdrone.be\/categorie\/alle-powerstations\/\"},{\"@type\":\"ListItem\",\"position\":4,\"name\":\"Ecoflow River 2 Pro\"}]},{\"@type\":\"WebSite\",\"@id\":\"https:\/\/koningdrone.be\/#website\",\"url\":\"https:\/\/koningdrone.be\/\",\"name\":\"Koningdrone.be - Uw online specialist in drones, gimbals, camera's en power stations.\",\"description\":\"De webshop in drones en gimbals\",\"publisher\":{\"@id\":\"https:\/\/koningdrone.be\/#organization\"},\"potentialAction\":[{\"@type\":\"SearchAction\",\"target\":{\"@type\":\"EntryPoint\",\"urlTemplate\":\"https:\/\/koningdrone.be\/?s={search_term_string}\"},\"query-input\":{\"@type\":\"PropertyValueSpecification\",\"valueRequired\":true,\"valueName\":\"search_term_string\"}}],\"inLanguage\":\"es\"},{\"@type\":\"Organization\",\"@id\":\"https:\/\/koningdrone.be\/#organization\",\"name\":\"Koningdrone.be\",\"url\":\"https:\/\/koningdrone.be\/\",\"logo\":{\"@type\":\"ImageObject\",\"inLanguage\":\"es\",\"@id\":\"https:\/\/koningdrone.be\/#\/schema\/logo\/image\/\",\"url\":\"https:\/\/koningdrone.be\/wp-content\/uploads\/sites\/13\/2025\/04\/koningdrone-copyright-logo.svg\",\"contentUrl\":\"https:\/\/koningdrone.be\/wp-content\/uploads\/sites\/13\/2025\/04\/koningdrone-copyright-logo.svg\",\"width\":227,\"height\":38,\"caption\":\"Koningdrone.be\"},\"image\":{\"@id\":\"https:\/\/koningdrone.be\/#\/schema\/logo\/image\/\"}}]}<\/script>\n<!-- \/ Yoast SEO Premium plugin. -->","yoast_head_json":{"title":"Ecoflow River 2 Pro - koningdrone.be","robots":{"index":"index","follow":"follow","max-snippet":"max-snippet:-1","max-image-preview":"max-image-preview:large","max-video-preview":"max-video-preview:-1"},"canonical":"https:\/\/koningdrone.be\/es\/producto\/ecoflow-river-2-pro\/","og_locale":"es_ES","og_type":"article","og_title":"Ecoflow River 2 Pro","og_description":"Van 0 tot 100% in slechts \u00e9\u00e9n uur  LiFePo4-batterijen  &lt; 30 ms om te schakelen  Aanvraag voor beheer  4 oplaadmethoden  X Boost-technologie  Lichtgewicht en compact","og_url":"https:\/\/koningdrone.be\/es\/producto\/ecoflow-river-2-pro\/","og_site_name":"koningdrone.be","article_modified_time":"2026-04-29T14:40:14+00:00","og_image":[{"width":540,"height":540,"url":"https:\/\/koningdrone.be\/wp-content\/uploads\/sites\/13\/2025\/04\/842783117687-1.jpg","type":"image\/jpeg"}],"twitter_card":"summary_large_image","twitter_misc":{"Tiempo de lectura":"2 minutos"},"schema":{"@context":"https:\/\/schema.org","@graph":[{"@type":"WebPage","@id":"https:\/\/koningdrone.be\/product\/ecoflow-river-2-pro\/","url":"https:\/\/koningdrone.be\/product\/ecoflow-river-2-pro\/","name":"Ecoflow River 2 Pro - koningdrone.be","isPartOf":{"@id":"https:\/\/koningdrone.be\/#website"},"primaryImageOfPage":{"@id":"https:\/\/koningdrone.be\/product\/ecoflow-river-2-pro\/#primaryimage"},"image":{"@id":"https:\/\/koningdrone.be\/product\/ecoflow-river-2-pro\/#primaryimage"},"thumbnailUrl":"https:\/\/koningdrone.be\/wp-content\/uploads\/sites\/13\/2025\/04\/842783117687-1.jpg","datePublished":"2022-11-13T09:35:41+00:00","dateModified":"2026-04-29T14:40:14+00:00","breadcrumb":{"@id":"https:\/\/koningdrone.be\/product\/ecoflow-river-2-pro\/#breadcrumb"},"inLanguage":"es","potentialAction":[{"@type":"ReadAction","target":["https:\/\/koningdrone.be\/product\/ecoflow-river-2-pro\/"]}]},{"@type":"ImageObject","inLanguage":"es","@id":"https:\/\/koningdrone.be\/product\/ecoflow-river-2-pro\/#primaryimage","url":"https:\/\/koningdrone.be\/wp-content\/uploads\/sites\/13\/2025\/04\/842783117687-1.jpg","contentUrl":"https:\/\/koningdrone.be\/wp-content\/uploads\/sites\/13\/2025\/04\/842783117687-1.jpg","width":540,"height":540},{"@type":"BreadcrumbList","@id":"https:\/\/koningdrone.be\/product\/ecoflow-river-2-pro\/#breadcrumb","itemListElement":[{"@type":"ListItem","position":1,"name":"Home","item":"https:\/\/koningdrone.be\/"},{"@type":"ListItem","position":2,"name":"AVSS Parachute Recovery System for DJI Matrice 300\/350","item":"https:\/\/koningdrone.be\/product\/avss-parachute-recovery-system-for-dji-matrice-300-350\/"},{"@type":"ListItem","position":3,"name":"Alle powerstations","item":"https:\/\/koningdrone.be\/categorie\/alle-powerstations\/"},{"@type":"ListItem","position":4,"name":"Ecoflow River 2 Pro"}]},{"@type":"WebSite","@id":"https:\/\/koningdrone.be\/#website","url":"https:\/\/koningdrone.be\/","name":"Koningdrone.be - Su especialista en l\u00ednea en drones, cardanes, c\u00e1maras y centrales el\u00e9ctricas.","description":"La tienda virtual de drones y cardanes","publisher":{"@id":"https:\/\/koningdrone.be\/#organization"},"potentialAction":[{"@type":"SearchAction","target":{"@type":"EntryPoint","urlTemplate":"https:\/\/koningdrone.be\/?s={search_term_string}"},"query-input":{"@type":"PropertyValueSpecification","valueRequired":true,"valueName":"search_term_string"}}],"inLanguage":"es"},{"@type":"Organization","@id":"https:\/\/koningdrone.be\/#organization","name":"Kingdrone.es","url":"https:\/\/koningdrone.be\/","logo":{"@type":"ImageObject","inLanguage":"es","@id":"https:\/\/koningdrone.be\/#\/schema\/logo\/image\/","url":"https:\/\/koningdrone.be\/wp-content\/uploads\/sites\/13\/2025\/04\/koningdrone-copyright-logo.svg","contentUrl":"https:\/\/koningdrone.be\/wp-content\/uploads\/sites\/13\/2025\/04\/koningdrone-copyright-logo.svg","width":227,"height":38,"caption":"Koningdrone.be"},"image":{"@id":"https:\/\/koningdrone.be\/#\/schema\/logo\/image\/"}}]}},"df_price":549,"df_sale_price":"","df_regular_price":549,"df_image_link":"https:\/\/koningdrone.be\/wp-content\/uploads\/sites\/13\/2025\/04\/842783117687-1-300x300.jpg","_links":{"self":[{"href":"https:\/\/koningdrone.be\/es\/wp-json\/wp\/v2\/product\/5183","targetHints":{"allow":["GET"]}}],"collection":[{"href":"https:\/\/koningdrone.be\/es\/wp-json\/wp\/v2\/product"}],"about":[{"href":"https:\/\/koningdrone.be\/es\/wp-json\/wp\/v2\/types\/product"}],"wp:featuredmedia":[{"embeddable":true,"href":"https:\/\/koningdrone.be\/es\/wp-json\/wp\/v2\/media\/5180"}],"wp:attachment":[{"href":"https:\/\/koningdrone.be\/es\/wp-json\/wp\/v2\/media?parent=5183"}],"wp:term":[{"taxonomy":"product_brand","embeddable":true,"href":"https:\/\/koningdrone.be\/es\/wp-json\/wp\/v2\/product_brand?post=5183"},{"taxonomy":"product_cat","embeddable":true,"href":"https:\/\/koningdrone.be\/es\/wp-json\/wp\/v2\/product_cat?post=5183"},{"taxonomy":"product_tag","embeddable":true,"href":"https:\/\/koningdrone.be\/es\/wp-json\/wp\/v2\/product_tag?post=5183"}],"curies":[{"name":"wp","href":"https:\/\/api.w.org\/{rel}","templated":true}]}}