{"id":5179,"date":"2022-11-13T10:35:41","date_gmt":"2022-11-13T09:35:41","guid":{"rendered":"https:\/\/koningdrone.nl\/kon\/product\/ecoflow-river-2-max\/"},"modified":"2026-04-29T16:40:12","modified_gmt":"2026-04-29T14:40:12","slug":"ecoflow-river-2-max","status":"publish","type":"product","link":"https:\/\/koningdrone.be\/es\/producto\/ecoflow-river-2-max\/","title":{"rendered":"Ecoflow R\u00edo 2 Max"},"content":{"rendered":"<p>La Ecoflow River 2 Max (EU) es una central el\u00e9ctrica port\u00e1til con una potente bater\u00eda LiFePO4 de 512Wh. Esta central ofrece energ\u00eda port\u00e1til tanto en casa como de viaje, con un peso de tan solo 6 kilogramos y unas dimensiones de 27 x 26 x 19,6 cm.<\/p>\n<p><strong>Velocidad de carga y duraci\u00f3n de la bater\u00eda<\/strong><\/p>\n<p>La velocidad de carga de la RIVER 2 supera el est\u00e1ndar del sector: carga completa en s\u00f3lo 60 minutos. Eso es cinco veces m\u00e1s r\u00e1pido que otras centrales port\u00e1tiles del mercado y 38% m\u00e1s r\u00e1pido que las generaciones anteriores, para que siempre est\u00e9 listo para viajar. Gracias a su bater\u00eda LFP mejorada, la RIVER 2 puede cargarse y descargarse m\u00e1s de 3.000 veces, lo que significa que durar\u00e1 10 a\u00f1os incluso con un uso diario. El sistema inteligente de gesti\u00f3n de la bater\u00eda maximiza su vida \u00fatil con m\u00faltiples protecciones, como la supervisi\u00f3n constante de la tensi\u00f3n, la corriente y la temperatura.<\/p>\n<p><strong>Opciones de carga y alimentaci\u00f3n<\/strong><\/p>\n<p>Con cuatro formas diferentes de cargar el RIVER 2, puedes elegir la opci\u00f3n de carga adecuada para cada situaci\u00f3n. Con la posibilidad de conectar paneles solares port\u00e1tiles, puede cargar completamente su fuente de alimentaci\u00f3n sin conexi\u00f3n a la red en solo 3 horas. La serie RIVER 2 suministra hasta 800 W de potencia y tiene una salida de CA que puede suministrar hasta 1.600 W de potencia de salida en modo X-Boost. Su dise\u00f1o compacto y ligero facilita el transporte de la fuente de alimentaci\u00f3n aislada durante los viajes y permite utilizar hasta 80% de electrodom\u00e9sticos de alta potencia.<\/p>\n<p><strong>Fuente de alimentaci\u00f3n de emergencia y mando a distancia<\/strong><\/p>\n<p>RIVER 2 tambi\u00e9n puede utilizarse como fuente de alimentaci\u00f3n de emergencia durante los cortes de electricidad, con una r\u00e1pida conmutaci\u00f3n en 30 ms. Con la aplicaci\u00f3n Ecoflow, puede controlar y supervisar a distancia el RIVER 2, comprobar los niveles de bater\u00eda, ajustar la configuraci\u00f3n y establecer las tasas de carga desde la comodidad de su tel\u00e9fono m\u00f3vil.<\/p>\n<p>&nbsp;<\/p>","protected":false},"excerpt":{"rendered":"<ul>\n<li>\u00famero total de tomas: 9<\/li>\n<li>Tomas: onda sinusoidal pura, 500 W en total (sobretensi\u00f3n 1000 W), 230 V ~ 50\/60 Hz<\/li>\n<li>Potencia Boost: 1000 W<\/li>\n<li>Energ\u00eda nominal: 220 W m\u00e1x.<\/li>\n<li>elchemistry: LFP<\/li>\n<li>obile app: S\u00ed<\/li>\n<li>iFi: s\u00ed<\/li>\n<li>Bluetooth: s\u00ed<\/li>\n<li>peso neto: 6 kg<\/li>\n<li>dimensiones: 270x260x196mm<\/li>\n<li>Carga C: 660 W<\/li>\n<li>apacidad: 512Wh<\/li>\n<\/ul>","protected":false},"featured_media":5175,"template":"","meta":{"_acf_changed":false},"product_brand":[],"product_cat":[454,97,245,276,415],"product_tag":[],"class_list":{"0":"post-5179","1":"product","2":"type-product","3":"status-publish","4":"has-post-thumbnail","6":"product_cat-alle-powerstations","7":"product_cat-alle-producten","8":"product_cat-ecoflow","9":"product_cat-ecoflow-powerstations","10":"product_cat-energy","11":"product_shipping_class-outofstock","12":"pa_afmetingen-27-x-26-x-196-cm","13":"pa_brand-ecoflow","14":"pa_capaciteit-512-wh","15":"pa_gewicht-6-kg","16":"pa_input-dc-ingangsvermogen-ac-opladen-x-stream-660-w-max-ingang-zonne-energie-xt60-220-w-11-50-v-13-a-max-220-w-auto-oplaadingang-12v-24v-8a-100w-max","17":"pa_materiaal-kunststof","18":"pa_oplaadtijd-via-ac-1-uur","19":"pa_output-230-v-2-x-ac-230-v-eu-schuko_x000d_-totaal-max-500-w-continuvermogen_x000d_-totaal-max-1000-w-piek-vermogen","20":"pa_output-dc-1x-12-6v-10a-126w-max-dc-car-port_x000d_-2x-12-6v-3a-36w-max-dc5521-port","21":"pa_output-usb-usb-a-output-x3-5v-2-4a-12w-max_x000d_-usb-c-output-x1-5-9-12-15-20v-5a-100w-max","22":"pa_productfamily-power-station","23":"pa_producttype-power-station","24":"pa_series-river-2-max","25":"pa_type-batterij-lifepo4","26":"pa_wifi-functie-ja","28":"first","29":"outofstock","30":"taxable","31":"shipping-taxable","32":"purchasable","33":"product-type-simple"},"acf":[],"yoast_head":"<!-- This site is optimized with the Yoast SEO Premium plugin v27.2 (Yoast SEO v27.2) - https:\/\/yoast.com\/product\/yoast-seo-premium-wordpress\/ -->\n<title>Ecoflow River 2 Max - koningdrone.be<\/title>\n<meta name=\"robots\" content=\"index, follow, max-snippet:-1, max-image-preview:large, max-video-preview:-1\" \/>\n<link rel=\"canonical\" href=\"https:\/\/koningdrone.be\/es\/producto\/ecoflow-river-2-max\/\" \/>\n<meta property=\"og:locale\" content=\"es_ES\" \/>\n<meta property=\"og:type\" content=\"article\" \/>\n<meta property=\"og:title\" content=\"Ecoflow River 2 Max\" \/>\n<meta property=\"og:description\" content=\"otaal aantal stopcontacten: 9  Stopcontacten: zuivere sinusgolf, 500 W totaal (overvolt 1000 W), 230 V ~ 50\/60 Hz  Boost-uitgang: 1000 W  onne-energie: 220W Max  elchemie: LFP  obiele app: Ja  iFi: Ja  luetooth: ja  ettogewicht: 6 kg  fmeting: 270x260x196mm  C-lading: 660W  apaciteit: 512Wh\" \/>\n<meta property=\"og:url\" content=\"https:\/\/koningdrone.be\/es\/producto\/ecoflow-river-2-max\/\" \/>\n<meta property=\"og:site_name\" content=\"koningdrone.be\" \/>\n<meta property=\"article:modified_time\" content=\"2026-04-29T14:40:12+00:00\" \/>\n<meta property=\"og:image\" content=\"https:\/\/koningdrone.be\/wp-content\/uploads\/sites\/13\/2025\/04\/4895251600781-1-1.png\" \/>\n\t<meta property=\"og:image:width\" content=\"800\" \/>\n\t<meta property=\"og:image:height\" content=\"450\" \/>\n\t<meta property=\"og:image:type\" content=\"image\/png\" \/>\n<meta name=\"twitter:card\" content=\"summary_large_image\" \/>\n<meta name=\"twitter:label1\" content=\"Tiempo de lectura\" \/>\n\t<meta name=\"twitter:data1\" content=\"1 minuto\" \/>\n<script type=\"application\/ld+json\" class=\"yoast-schema-graph\">{\"@context\":\"https:\/\/schema.org\",\"@graph\":[{\"@type\":\"WebPage\",\"@id\":\"https:\/\/koningdrone.be\/product\/ecoflow-river-2-max\/\",\"url\":\"https:\/\/koningdrone.be\/product\/ecoflow-river-2-max\/\",\"name\":\"Ecoflow River 2 Max - koningdrone.be\",\"isPartOf\":{\"@id\":\"https:\/\/koningdrone.be\/#website\"},\"primaryImageOfPage\":{\"@id\":\"https:\/\/koningdrone.be\/product\/ecoflow-river-2-max\/#primaryimage\"},\"image\":{\"@id\":\"https:\/\/koningdrone.be\/product\/ecoflow-river-2-max\/#primaryimage\"},\"thumbnailUrl\":\"https:\/\/koningdrone.be\/wp-content\/uploads\/sites\/13\/2025\/04\/4895251600781-1-1.png\",\"datePublished\":\"2022-11-13T09:35:41+00:00\",\"dateModified\":\"2026-04-29T14:40:12+00:00\",\"breadcrumb\":{\"@id\":\"https:\/\/koningdrone.be\/product\/ecoflow-river-2-max\/#breadcrumb\"},\"inLanguage\":\"es\",\"potentialAction\":[{\"@type\":\"ReadAction\",\"target\":[\"https:\/\/koningdrone.be\/product\/ecoflow-river-2-max\/\"]}]},{\"@type\":\"ImageObject\",\"inLanguage\":\"es\",\"@id\":\"https:\/\/koningdrone.be\/product\/ecoflow-river-2-max\/#primaryimage\",\"url\":\"https:\/\/koningdrone.be\/wp-content\/uploads\/sites\/13\/2025\/04\/4895251600781-1-1.png\",\"contentUrl\":\"https:\/\/koningdrone.be\/wp-content\/uploads\/sites\/13\/2025\/04\/4895251600781-1-1.png\",\"width\":800,\"height\":450},{\"@type\":\"BreadcrumbList\",\"@id\":\"https:\/\/koningdrone.be\/product\/ecoflow-river-2-max\/#breadcrumb\",\"itemListElement\":[{\"@type\":\"ListItem\",\"position\":1,\"name\":\"Home\",\"item\":\"https:\/\/koningdrone.be\/\"},{\"@type\":\"ListItem\",\"position\":2,\"name\":\"AVSS Parachute Recovery System for DJI Matrice 300\/350\",\"item\":\"https:\/\/koningdrone.be\/product\/avss-parachute-recovery-system-for-dji-matrice-300-350\/\"},{\"@type\":\"ListItem\",\"position\":3,\"name\":\"Alle powerstations\",\"item\":\"https:\/\/koningdrone.be\/categorie\/alle-powerstations\/\"},{\"@type\":\"ListItem\",\"position\":4,\"name\":\"Ecoflow River 2 Max\"}]},{\"@type\":\"WebSite\",\"@id\":\"https:\/\/koningdrone.be\/#website\",\"url\":\"https:\/\/koningdrone.be\/\",\"name\":\"Koningdrone.be - Uw online specialist in drones, gimbals, camera's en power stations.\",\"description\":\"De webshop in drones en gimbals\",\"publisher\":{\"@id\":\"https:\/\/koningdrone.be\/#organization\"},\"potentialAction\":[{\"@type\":\"SearchAction\",\"target\":{\"@type\":\"EntryPoint\",\"urlTemplate\":\"https:\/\/koningdrone.be\/?s={search_term_string}\"},\"query-input\":{\"@type\":\"PropertyValueSpecification\",\"valueRequired\":true,\"valueName\":\"search_term_string\"}}],\"inLanguage\":\"es\"},{\"@type\":\"Organization\",\"@id\":\"https:\/\/koningdrone.be\/#organization\",\"name\":\"Koningdrone.be\",\"url\":\"https:\/\/koningdrone.be\/\",\"logo\":{\"@type\":\"ImageObject\",\"inLanguage\":\"es\",\"@id\":\"https:\/\/koningdrone.be\/#\/schema\/logo\/image\/\",\"url\":\"https:\/\/koningdrone.be\/wp-content\/uploads\/sites\/13\/2025\/04\/koningdrone-copyright-logo.svg\",\"contentUrl\":\"https:\/\/koningdrone.be\/wp-content\/uploads\/sites\/13\/2025\/04\/koningdrone-copyright-logo.svg\",\"width\":227,\"height\":38,\"caption\":\"Koningdrone.be\"},\"image\":{\"@id\":\"https:\/\/koningdrone.be\/#\/schema\/logo\/image\/\"}}]}<\/script>\n<!-- \/ Yoast SEO Premium plugin. -->","yoast_head_json":{"title":"Ecoflow River 2 Max - koningdrone.be","robots":{"index":"index","follow":"follow","max-snippet":"max-snippet:-1","max-image-preview":"max-image-preview:large","max-video-preview":"max-video-preview:-1"},"canonical":"https:\/\/koningdrone.be\/es\/producto\/ecoflow-river-2-max\/","og_locale":"es_ES","og_type":"article","og_title":"Ecoflow River 2 Max","og_description":"otaal aantal stopcontacten: 9  Stopcontacten: zuivere sinusgolf, 500 W totaal (overvolt 1000 W), 230 V ~ 50\/60 Hz  Boost-uitgang: 1000 W  onne-energie: 220W Max  elchemie: LFP  obiele app: Ja  iFi: Ja  luetooth: ja  ettogewicht: 6 kg  fmeting: 270x260x196mm  C-lading: 660W  apaciteit: 512Wh","og_url":"https:\/\/koningdrone.be\/es\/producto\/ecoflow-river-2-max\/","og_site_name":"koningdrone.be","article_modified_time":"2026-04-29T14:40:12+00:00","og_image":[{"width":800,"height":450,"url":"https:\/\/koningdrone.be\/wp-content\/uploads\/sites\/13\/2025\/04\/4895251600781-1-1.png","type":"image\/png"}],"twitter_card":"summary_large_image","twitter_misc":{"Tiempo de lectura":"1 minuto"},"schema":{"@context":"https:\/\/schema.org","@graph":[{"@type":"WebPage","@id":"https:\/\/koningdrone.be\/product\/ecoflow-river-2-max\/","url":"https:\/\/koningdrone.be\/product\/ecoflow-river-2-max\/","name":"Ecoflow River 2 Max - koningdrone.be","isPartOf":{"@id":"https:\/\/koningdrone.be\/#website"},"primaryImageOfPage":{"@id":"https:\/\/koningdrone.be\/product\/ecoflow-river-2-max\/#primaryimage"},"image":{"@id":"https:\/\/koningdrone.be\/product\/ecoflow-river-2-max\/#primaryimage"},"thumbnailUrl":"https:\/\/koningdrone.be\/wp-content\/uploads\/sites\/13\/2025\/04\/4895251600781-1-1.png","datePublished":"2022-11-13T09:35:41+00:00","dateModified":"2026-04-29T14:40:12+00:00","breadcrumb":{"@id":"https:\/\/koningdrone.be\/product\/ecoflow-river-2-max\/#breadcrumb"},"inLanguage":"es","potentialAction":[{"@type":"ReadAction","target":["https:\/\/koningdrone.be\/product\/ecoflow-river-2-max\/"]}]},{"@type":"ImageObject","inLanguage":"es","@id":"https:\/\/koningdrone.be\/product\/ecoflow-river-2-max\/#primaryimage","url":"https:\/\/koningdrone.be\/wp-content\/uploads\/sites\/13\/2025\/04\/4895251600781-1-1.png","contentUrl":"https:\/\/koningdrone.be\/wp-content\/uploads\/sites\/13\/2025\/04\/4895251600781-1-1.png","width":800,"height":450},{"@type":"BreadcrumbList","@id":"https:\/\/koningdrone.be\/product\/ecoflow-river-2-max\/#breadcrumb","itemListElement":[{"@type":"ListItem","position":1,"name":"Home","item":"https:\/\/koningdrone.be\/"},{"@type":"ListItem","position":2,"name":"AVSS Parachute Recovery System for DJI Matrice 300\/350","item":"https:\/\/koningdrone.be\/product\/avss-parachute-recovery-system-for-dji-matrice-300-350\/"},{"@type":"ListItem","position":3,"name":"Alle powerstations","item":"https:\/\/koningdrone.be\/categorie\/alle-powerstations\/"},{"@type":"ListItem","position":4,"name":"Ecoflow River 2 Max"}]},{"@type":"WebSite","@id":"https:\/\/koningdrone.be\/#website","url":"https:\/\/koningdrone.be\/","name":"Koningdrone.be - Su especialista en l\u00ednea en drones, cardanes, c\u00e1maras y centrales el\u00e9ctricas.","description":"La tienda virtual de drones y cardanes","publisher":{"@id":"https:\/\/koningdrone.be\/#organization"},"potentialAction":[{"@type":"SearchAction","target":{"@type":"EntryPoint","urlTemplate":"https:\/\/koningdrone.be\/?s={search_term_string}"},"query-input":{"@type":"PropertyValueSpecification","valueRequired":true,"valueName":"search_term_string"}}],"inLanguage":"es"},{"@type":"Organization","@id":"https:\/\/koningdrone.be\/#organization","name":"Kingdrone.es","url":"https:\/\/koningdrone.be\/","logo":{"@type":"ImageObject","inLanguage":"es","@id":"https:\/\/koningdrone.be\/#\/schema\/logo\/image\/","url":"https:\/\/koningdrone.be\/wp-content\/uploads\/sites\/13\/2025\/04\/koningdrone-copyright-logo.svg","contentUrl":"https:\/\/koningdrone.be\/wp-content\/uploads\/sites\/13\/2025\/04\/koningdrone-copyright-logo.svg","width":227,"height":38,"caption":"Koningdrone.be"},"image":{"@id":"https:\/\/koningdrone.be\/#\/schema\/logo\/image\/"}}]}},"df_price":399,"df_sale_price":"","df_regular_price":399,"df_image_link":"https:\/\/koningdrone.be\/wp-content\/uploads\/sites\/13\/2025\/04\/4895251600781-1-1-300x169.png","_links":{"self":[{"href":"https:\/\/koningdrone.be\/es\/wp-json\/wp\/v2\/product\/5179","targetHints":{"allow":["GET"]}}],"collection":[{"href":"https:\/\/koningdrone.be\/es\/wp-json\/wp\/v2\/product"}],"about":[{"href":"https:\/\/koningdrone.be\/es\/wp-json\/wp\/v2\/types\/product"}],"wp:featuredmedia":[{"embeddable":true,"href":"https:\/\/koningdrone.be\/es\/wp-json\/wp\/v2\/media\/5175"}],"wp:attachment":[{"href":"https:\/\/koningdrone.be\/es\/wp-json\/wp\/v2\/media?parent=5179"}],"wp:term":[{"taxonomy":"product_brand","embeddable":true,"href":"https:\/\/koningdrone.be\/es\/wp-json\/wp\/v2\/product_brand?post=5179"},{"taxonomy":"product_cat","embeddable":true,"href":"https:\/\/koningdrone.be\/es\/wp-json\/wp\/v2\/product_cat?post=5179"},{"taxonomy":"product_tag","embeddable":true,"href":"https:\/\/koningdrone.be\/es\/wp-json\/wp\/v2\/product_tag?post=5179"}],"curies":[{"name":"wp","href":"https:\/\/api.w.org\/{rel}","templated":true}]}}