{"id":5151,"date":"2023-01-24T12:52:12","date_gmt":"2023-01-24T11:52:12","guid":{"rendered":"https:\/\/koningdrone.nl\/kon\/product\/dji-mavic-3-fly-more-kit\/"},"modified":"2026-04-29T03:50:54","modified_gmt":"2026-04-29T01:50:54","slug":"dji-mavic-3-fly-more-kit","status":"publish","type":"product","link":"https:\/\/koningdrone.be\/es\/producto\/dji-mavic-3-fly-more-kit\/","title":{"rendered":"Kit DJI Mavic 3 Series Fly More"},"content":{"rendered":"<p> El DJI Mavic 3 Fly More Kit es una completa colecci\u00f3n dise\u00f1ada para mejorar tus haza\u00f1as de vuelo y fotograf\u00eda con drones. Este kit incluye accesorios esenciales que ser\u00edan m\u00e1s caros si se compraran por separado, ofreciendo una excelente relaci\u00f3n calidad-precio para los entusiastas de los drones.<\/p>\n<p><strong>Bater\u00eda de escape inteligente<\/strong><\/p>\n<p> Equipado con bater\u00edas de vuelo inteligente, este kit permite que el dron permanezca en el aire durante m\u00e1s tiempo, hasta 46 minutos, lo que permite realizar tomas a\u00e9reas de alta calidad durante m\u00e1s tiempo sin tener que recargarlo regularmente.<\/p>\n<p><strong>Concentrador de carga de bater\u00edas de 100 W<\/strong><\/p>\n<p> El concentrador de carga de bater\u00edas de 100 W es una parte crucial del kit y puede cargar hasta tres bater\u00edas seguidas. Da prioridad a la bater\u00eda con m\u00e1s carga, lo que agiliza el proceso de carga y te permite volver al aire m\u00e1s r\u00e1pido.<\/p>\n<p><strong>Cargador de coche de 65 W<\/strong><\/p>\n<p> Para los operadores de drones en constante movimiento, el cargador de coche de 65 W es un salvavidas. Dispone de dos puertos de salida para cargar simult\u00e1neamente la bater\u00eda y el mando a distancia del dron, y es compatible con los protocolos PPS y PD para opciones de carga vers\u00e1tiles, incluidos smartphones y port\u00e1tiles.<\/p>\n<p><strong>H\u00e9lices silenciosas<\/strong><\/p>\n<p> El kit incluye h\u00e9lices de bajo ruido, que est\u00e1n dise\u00f1adas para ser m\u00e1s silenciosas y aerodin\u00e1micamente m\u00e1s eficientes que las h\u00e9lices est\u00e1ndar. El resultado es una menor contaminaci\u00f3n ac\u00fastica y una experiencia de vuelo m\u00e1s suave y agradable.<\/p>\n<p><strong>Malet\u00edn de transporte convertible<\/strong><\/p>\n<p> Una bolsa de transporte convertible forma parte del Kit Fly More y ofrece la m\u00e1xima comodidad y estilo. Puede convertirse de mochila a bandolera, ofreciendo flexibilidad y comodidad para viajes cortos y trabajo de campo.<\/p>\n<p><strong>Conclusi\u00f3n<\/strong><\/p>\n<p> En resumen, el DJI Mavic 3 Fly More Kit es un valioso complemento tanto para fot\u00f3grafos a\u00e9reos principiantes como experimentados. Combina accesorios cruciales en un solo paquete, proporcionando una soluci\u00f3n integral para mejorar las sesiones de fotograf\u00eda con drones.<\/p>\n<p><\/p>","protected":false},"excerpt":{"rendered":"<ul>\n<li>Incluye dos bater\u00edas de vuelo inteligente para prolongar el tiempo de vuelo.<\/li>\n<li> El concentrador de carga de bater\u00edas de 100 W carga eficazmente las bater\u00edas una tras otra.<\/li>\n<li> El cargador de coche de 65 W admite dos puertos y varios dispositivos.<\/li>\n<li> Las h\u00e9lices silenciosas mejoran la eficiencia aerodin\u00e1mica y reducen el ruido.<\/li>\n<li> La funda de transporte convertible ofrece opciones vers\u00e1tiles de transporte en mochila o al hombro.<\/li>\n<li> La bater\u00eda de vuelo inteligente ofrece hasta 46 minutos de autonom\u00eda.<\/li>\n<li> Cargador de coche compatible con los protocolos PPS y PD para varios dispositivos.<\/li>\n<\/ul>","protected":false},"featured_media":3521,"template":"","meta":{"_acf_changed":false},"product_brand":[],"product_cat":[97,871,137],"product_tag":[],"class_list":{"0":"post-5151","1":"product","2":"type-product","3":"status-publish","4":"has-post-thumbnail","6":"product_cat-alle-producten","7":"product_cat-dji-mavic","8":"product_cat-dji-mavic-3","9":"product_shipping_class-acsystemsall","10":"pa_brand-dji","11":"pa_productfamily-flymore-pakket","12":"pa_producttype-flymore-pakket","13":"pa_series-mavic-3","15":"first","16":"instock","17":"taxable","18":"shipping-taxable","19":"purchasable","20":"product-type-simple"},"acf":[],"yoast_head":"<!-- This site is optimized with the Yoast SEO Premium plugin v27.2 (Yoast SEO v27.2) - https:\/\/yoast.com\/product\/yoast-seo-premium-wordpress\/ -->\n<title>DJI Mavic 3 Series Fly More Kit - koningdrone.be<\/title>\n<meta name=\"robots\" content=\"index, follow, max-snippet:-1, max-image-preview:large, max-video-preview:-1\" \/>\n<link rel=\"canonical\" href=\"https:\/\/koningdrone.be\/es\/producto\/dji-mavic-3-fly-more-kit\/\" \/>\n<meta property=\"og:locale\" content=\"es_ES\" \/>\n<meta property=\"og:type\" content=\"article\" \/>\n<meta property=\"og:title\" content=\"DJI Mavic 3 Series Fly More Kit\" \/>\n<meta property=\"og:description\" content=\"Inclusief twee Intelligent Flight Batteries voor een langere vliegtijd. De batterijoplaadhub van 100 W laadt de batterijen effici\u00ebnt achter elkaar op. 65W autolader ondersteunt dubbele poorten en meerdere apparaten. Geluidsarme propellers verbeteren de aerodynamische effici\u00ebntie en verminderen het geluid. Converteerbare draagtas biedt veelzijdige rugzak- of schouderdraagopties. Intelligent Flight Battery biedt tot 46 minuten vliegtijd. Autolader compatibel met PPS- en PD-protocollen voor verschillende apparaten.\" \/>\n<meta property=\"og:url\" content=\"https:\/\/koningdrone.be\/es\/producto\/dji-mavic-3-fly-more-kit\/\" \/>\n<meta property=\"og:site_name\" content=\"koningdrone.be\" \/>\n<meta property=\"article:modified_time\" content=\"2026-04-29T01:50:54+00:00\" \/>\n<meta property=\"og:image\" content=\"https:\/\/koningdrone.be\/wp-content\/uploads\/sites\/13\/2025\/04\/ae77c9618d3b0e4913882b7253ff4449@large.jpg\" \/>\n\t<meta property=\"og:image:width\" content=\"1200\" \/>\n\t<meta property=\"og:image:height\" content=\"800\" \/>\n\t<meta property=\"og:image:type\" content=\"image\/jpeg\" \/>\n<meta name=\"twitter:card\" content=\"summary_large_image\" \/>\n<meta name=\"twitter:label1\" content=\"Tiempo de lectura\" \/>\n\t<meta name=\"twitter:data1\" content=\"1 minuto\" \/>\n<script type=\"application\/ld+json\" class=\"yoast-schema-graph\">{\"@context\":\"https:\/\/schema.org\",\"@graph\":[{\"@type\":\"WebPage\",\"@id\":\"https:\/\/koningdrone.be\/product\/dji-mavic-3-fly-more-kit\/\",\"url\":\"https:\/\/koningdrone.be\/product\/dji-mavic-3-fly-more-kit\/\",\"name\":\"DJI Mavic 3 Series Fly More Kit - koningdrone.be\",\"isPartOf\":{\"@id\":\"https:\/\/koningdrone.be\/#website\"},\"primaryImageOfPage\":{\"@id\":\"https:\/\/koningdrone.be\/product\/dji-mavic-3-fly-more-kit\/#primaryimage\"},\"image\":{\"@id\":\"https:\/\/koningdrone.be\/product\/dji-mavic-3-fly-more-kit\/#primaryimage\"},\"thumbnailUrl\":\"https:\/\/koningdrone.be\/wp-content\/uploads\/sites\/13\/2025\/04\/ae77c9618d3b0e4913882b7253ff4449@large.jpg\",\"datePublished\":\"2023-01-24T11:52:12+00:00\",\"dateModified\":\"2026-04-29T01:50:54+00:00\",\"breadcrumb\":{\"@id\":\"https:\/\/koningdrone.be\/product\/dji-mavic-3-fly-more-kit\/#breadcrumb\"},\"inLanguage\":\"es\",\"potentialAction\":[{\"@type\":\"ReadAction\",\"target\":[\"https:\/\/koningdrone.be\/product\/dji-mavic-3-fly-more-kit\/\"]}]},{\"@type\":\"ImageObject\",\"inLanguage\":\"es\",\"@id\":\"https:\/\/koningdrone.be\/product\/dji-mavic-3-fly-more-kit\/#primaryimage\",\"url\":\"https:\/\/koningdrone.be\/wp-content\/uploads\/sites\/13\/2025\/04\/ae77c9618d3b0e4913882b7253ff4449@large.jpg\",\"contentUrl\":\"https:\/\/koningdrone.be\/wp-content\/uploads\/sites\/13\/2025\/04\/ae77c9618d3b0e4913882b7253ff4449@large.jpg\",\"width\":1200,\"height\":800},{\"@type\":\"BreadcrumbList\",\"@id\":\"https:\/\/koningdrone.be\/product\/dji-mavic-3-fly-more-kit\/#breadcrumb\",\"itemListElement\":[{\"@type\":\"ListItem\",\"position\":1,\"name\":\"Home\",\"item\":\"https:\/\/koningdrone.be\/\"},{\"@type\":\"ListItem\",\"position\":2,\"name\":\"AVSS Parachute Recovery System for DJI Matrice 300\/350\",\"item\":\"https:\/\/koningdrone.be\/product\/avss-parachute-recovery-system-for-dji-matrice-300-350\/\"},{\"@type\":\"ListItem\",\"position\":3,\"name\":\"Alle producten\",\"item\":\"https:\/\/koningdrone.be\/categorie\/alle-producten\/\"},{\"@type\":\"ListItem\",\"position\":4,\"name\":\"DJI Mavic 3 Series Fly More Kit\"}]},{\"@type\":\"WebSite\",\"@id\":\"https:\/\/koningdrone.be\/#website\",\"url\":\"https:\/\/koningdrone.be\/\",\"name\":\"Koningdrone.be - Uw online specialist in drones, gimbals, camera's en power stations.\",\"description\":\"De webshop in drones en gimbals\",\"publisher\":{\"@id\":\"https:\/\/koningdrone.be\/#organization\"},\"potentialAction\":[{\"@type\":\"SearchAction\",\"target\":{\"@type\":\"EntryPoint\",\"urlTemplate\":\"https:\/\/koningdrone.be\/?s={search_term_string}\"},\"query-input\":{\"@type\":\"PropertyValueSpecification\",\"valueRequired\":true,\"valueName\":\"search_term_string\"}}],\"inLanguage\":\"es\"},{\"@type\":\"Organization\",\"@id\":\"https:\/\/koningdrone.be\/#organization\",\"name\":\"Koningdrone.be\",\"url\":\"https:\/\/koningdrone.be\/\",\"logo\":{\"@type\":\"ImageObject\",\"inLanguage\":\"es\",\"@id\":\"https:\/\/koningdrone.be\/#\/schema\/logo\/image\/\",\"url\":\"https:\/\/koningdrone.be\/wp-content\/uploads\/sites\/13\/2025\/04\/koningdrone-copyright-logo.svg\",\"contentUrl\":\"https:\/\/koningdrone.be\/wp-content\/uploads\/sites\/13\/2025\/04\/koningdrone-copyright-logo.svg\",\"width\":227,\"height\":38,\"caption\":\"Koningdrone.be\"},\"image\":{\"@id\":\"https:\/\/koningdrone.be\/#\/schema\/logo\/image\/\"}}]}<\/script>\n<!-- \/ Yoast SEO Premium plugin. -->","yoast_head_json":{"title":"DJI Mavic 3 Series Fly More Kit - koningdrone.be","robots":{"index":"index","follow":"follow","max-snippet":"max-snippet:-1","max-image-preview":"max-image-preview:large","max-video-preview":"max-video-preview:-1"},"canonical":"https:\/\/koningdrone.be\/es\/producto\/dji-mavic-3-fly-more-kit\/","og_locale":"es_ES","og_type":"article","og_title":"DJI Mavic 3 Series Fly More Kit","og_description":"Inclusief twee Intelligent Flight Batteries voor een langere vliegtijd. De batterijoplaadhub van 100 W laadt de batterijen effici\u00ebnt achter elkaar op. 65W autolader ondersteunt dubbele poorten en meerdere apparaten. Geluidsarme propellers verbeteren de aerodynamische effici\u00ebntie en verminderen het geluid. Converteerbare draagtas biedt veelzijdige rugzak- of schouderdraagopties. Intelligent Flight Battery biedt tot 46 minuten vliegtijd. Autolader compatibel met PPS- en PD-protocollen voor verschillende apparaten.","og_url":"https:\/\/koningdrone.be\/es\/producto\/dji-mavic-3-fly-more-kit\/","og_site_name":"koningdrone.be","article_modified_time":"2026-04-29T01:50:54+00:00","og_image":[{"width":1200,"height":800,"url":"https:\/\/koningdrone.be\/wp-content\/uploads\/sites\/13\/2025\/04\/ae77c9618d3b0e4913882b7253ff4449@large.jpg","type":"image\/jpeg"}],"twitter_card":"summary_large_image","twitter_misc":{"Tiempo de lectura":"1 minuto"},"schema":{"@context":"https:\/\/schema.org","@graph":[{"@type":"WebPage","@id":"https:\/\/koningdrone.be\/product\/dji-mavic-3-fly-more-kit\/","url":"https:\/\/koningdrone.be\/product\/dji-mavic-3-fly-more-kit\/","name":"DJI Mavic 3 Series Fly More Kit - koningdrone.be","isPartOf":{"@id":"https:\/\/koningdrone.be\/#website"},"primaryImageOfPage":{"@id":"https:\/\/koningdrone.be\/product\/dji-mavic-3-fly-more-kit\/#primaryimage"},"image":{"@id":"https:\/\/koningdrone.be\/product\/dji-mavic-3-fly-more-kit\/#primaryimage"},"thumbnailUrl":"https:\/\/koningdrone.be\/wp-content\/uploads\/sites\/13\/2025\/04\/ae77c9618d3b0e4913882b7253ff4449@large.jpg","datePublished":"2023-01-24T11:52:12+00:00","dateModified":"2026-04-29T01:50:54+00:00","breadcrumb":{"@id":"https:\/\/koningdrone.be\/product\/dji-mavic-3-fly-more-kit\/#breadcrumb"},"inLanguage":"es","potentialAction":[{"@type":"ReadAction","target":["https:\/\/koningdrone.be\/product\/dji-mavic-3-fly-more-kit\/"]}]},{"@type":"ImageObject","inLanguage":"es","@id":"https:\/\/koningdrone.be\/product\/dji-mavic-3-fly-more-kit\/#primaryimage","url":"https:\/\/koningdrone.be\/wp-content\/uploads\/sites\/13\/2025\/04\/ae77c9618d3b0e4913882b7253ff4449@large.jpg","contentUrl":"https:\/\/koningdrone.be\/wp-content\/uploads\/sites\/13\/2025\/04\/ae77c9618d3b0e4913882b7253ff4449@large.jpg","width":1200,"height":800},{"@type":"BreadcrumbList","@id":"https:\/\/koningdrone.be\/product\/dji-mavic-3-fly-more-kit\/#breadcrumb","itemListElement":[{"@type":"ListItem","position":1,"name":"Home","item":"https:\/\/koningdrone.be\/"},{"@type":"ListItem","position":2,"name":"AVSS Parachute Recovery System for DJI Matrice 300\/350","item":"https:\/\/koningdrone.be\/product\/avss-parachute-recovery-system-for-dji-matrice-300-350\/"},{"@type":"ListItem","position":3,"name":"Alle producten","item":"https:\/\/koningdrone.be\/categorie\/alle-producten\/"},{"@type":"ListItem","position":4,"name":"DJI Mavic 3 Series Fly More Kit"}]},{"@type":"WebSite","@id":"https:\/\/koningdrone.be\/#website","url":"https:\/\/koningdrone.be\/","name":"Koningdrone.be - Su especialista en l\u00ednea en drones, cardanes, c\u00e1maras y centrales el\u00e9ctricas.","description":"La tienda virtual de drones y cardanes","publisher":{"@id":"https:\/\/koningdrone.be\/#organization"},"potentialAction":[{"@type":"SearchAction","target":{"@type":"EntryPoint","urlTemplate":"https:\/\/koningdrone.be\/?s={search_term_string}"},"query-input":{"@type":"PropertyValueSpecification","valueRequired":true,"valueName":"search_term_string"}}],"inLanguage":"es"},{"@type":"Organization","@id":"https:\/\/koningdrone.be\/#organization","name":"Kingdrone.es","url":"https:\/\/koningdrone.be\/","logo":{"@type":"ImageObject","inLanguage":"es","@id":"https:\/\/koningdrone.be\/#\/schema\/logo\/image\/","url":"https:\/\/koningdrone.be\/wp-content\/uploads\/sites\/13\/2025\/04\/koningdrone-copyright-logo.svg","contentUrl":"https:\/\/koningdrone.be\/wp-content\/uploads\/sites\/13\/2025\/04\/koningdrone-copyright-logo.svg","width":227,"height":38,"caption":"Koningdrone.be"},"image":{"@id":"https:\/\/koningdrone.be\/#\/schema\/logo\/image\/"}}]}},"df_price":583,"df_sale_price":"","df_regular_price":583,"df_image_link":"https:\/\/koningdrone.be\/wp-content\/uploads\/sites\/13\/2025\/04\/ae77c9618d3b0e4913882b7253ff4449@large-300x200.jpg","_links":{"self":[{"href":"https:\/\/koningdrone.be\/es\/wp-json\/wp\/v2\/product\/5151","targetHints":{"allow":["GET"]}}],"collection":[{"href":"https:\/\/koningdrone.be\/es\/wp-json\/wp\/v2\/product"}],"about":[{"href":"https:\/\/koningdrone.be\/es\/wp-json\/wp\/v2\/types\/product"}],"wp:featuredmedia":[{"embeddable":true,"href":"https:\/\/koningdrone.be\/es\/wp-json\/wp\/v2\/media\/3521"}],"wp:attachment":[{"href":"https:\/\/koningdrone.be\/es\/wp-json\/wp\/v2\/media?parent=5151"}],"wp:term":[{"taxonomy":"product_brand","embeddable":true,"href":"https:\/\/koningdrone.be\/es\/wp-json\/wp\/v2\/product_brand?post=5151"},{"taxonomy":"product_cat","embeddable":true,"href":"https:\/\/koningdrone.be\/es\/wp-json\/wp\/v2\/product_cat?post=5151"},{"taxonomy":"product_tag","embeddable":true,"href":"https:\/\/koningdrone.be\/es\/wp-json\/wp\/v2\/product_tag?post=5151"}],"curies":[{"name":"wp","href":"https:\/\/api.w.org\/{rel}","templated":true}]}}