{"id":5150,"date":"2023-01-24T13:06:52","date_gmt":"2023-01-24T12:06:52","guid":{"rendered":"https:\/\/koningdrone.nl\/kon\/product\/dji-o3-air-unit\/"},"modified":"2026-04-29T13:40:04","modified_gmt":"2026-04-29T11:40:04","slug":"dji-o3-air-unit","status":"publish","type":"product","link":"https:\/\/koningdrone.be\/es\/producto\/dji-o3-air-unit\/","title":{"rendered":"Unidad DJI O3 Air"},"content":{"rendered":"<p>La unidad DJI O3 Air revoluciona tus capacidades de v\u00eddeo a\u00e9reo combinando la avanzada tecnolog\u00eda de transmisi\u00f3n de v\u00eddeo de DJI en un dispositivo que no s\u00f3lo es compacto, sino tambi\u00e9n incre\u00edblemente ligero. Esta centralita ofrece una claridad de v\u00eddeo excepcional, tiempos de retardo incre\u00edblemente bajos y admite transmisiones a larga distancia, lo que la convierte en la opci\u00f3n ideal para aeronaves personalizadas.<br \/><strong>Transmisi\u00f3n del buque insignia DJI O3<\/strong><\/p>\n<p> Mejore su juego de transmisi\u00f3n de v\u00eddeo. El dispositivo proporciona una excelente calidad de v\u00eddeo y admite hasta 1080p\/100fps en distancias de hasta 10 km.<\/p>\n<p><strong>Rendimiento de imagen a un nivel superior<\/strong><\/p>\n<p> Con un gran sensor de 1\/1,7 pulgadas y la capacidad de capturar v\u00eddeo 4K\/60 fps, combinado con un campo de visi\u00f3n (FOV) superamplio de 155\u00b0, sus im\u00e1genes contar\u00e1n con todo lujo de detalles. Tambi\u00e9n cuenta con un generoso almacenamiento integrado de 20 GB y admite el modo de color D-Cinelike para aquellos a los que les gusta ajustar con precisi\u00f3n la correcci\u00f3n del color. La unidad de c\u00e1mara es compatible con el Juego de Filtros ND DJI Avata para un control a\u00fan mayor de tus im\u00e1genes.<\/p>\n<p><strong>Modo lienzo<\/strong><\/p>\n<p> Para aquellos que utilicen DJI Goggles 2 o DJI FPV Goggles V2, el Modo Lienzo ofrece la posibilidad de personalizar la Visualizaci\u00f3n en Pantalla (OSD) para mostrar la informaci\u00f3n que te resulte m\u00e1s \u00fatil y ajustar los par\u00e1metros Proporcional-Integral-Derivativo (PID) para una experiencia de vuelo personalizada.<\/p>\n<p><strong>Compacto y ampliamente compatible<\/strong><\/p>\n<p> La unidad DJI O3 Air est\u00e1 dise\u00f1ada para adaptarse a diferentes configuraciones sin sobrecargarlas, garantizando una amplia compatibilidad sin sacrificar la calidad. Complementa a la perfecci\u00f3n las DJI Goggles 2 y el DJI FPV Remote Controller 2, m\u00e1s compactos, haciendo que toda tu configuraci\u00f3n a\u00e9rea sea m\u00e1s aerodin\u00e1mica y port\u00e1til.<\/p>\n<p><\/p>\n<p> Esencialmente, la unidad DJI O3 Air es tu billete a la grabaci\u00f3n a\u00e9rea profesional, equilibrando capacidades de v\u00eddeo de alta calidad con caracter\u00edsticas centradas en el usuario en un dise\u00f1o que es a la vez ligero y ampliamente compatible. Ideal para entusiastas que buscan perfeccionar su arte o profesionales que buscan una transmisi\u00f3n de v\u00eddeo fiable y de alta calidad para sus proyectos.<\/p>\n<p><\/p>","protected":false},"excerpt":{"rendered":"<ul>\n<li>Incorpora la \u00faltima tecnolog\u00eda de transmisi\u00f3n de v\u00eddeo de DJI.<\/li>\n<li> Dise\u00f1o ligero y compacto.<\/li>\n<li> Transmisi\u00f3n de v\u00eddeo de alta definici\u00f3n con baja latencia a largas distancias.<\/li>\n<li> Sensor de 1\/1,7 pulgadas para una calidad de imagen superior.<\/li>\n<li> Campo de visi\u00f3n (FOV) superamplio de 155\u00b0.<\/li>\n<li> Admite la transmisi\u00f3n de v\u00eddeo 1080p\/100fps hasta 10 km.<\/li>\n<li> Puede grabar v\u00eddeo 4K\/60fps con gran riqueza de detalles de imagen.<\/li>\n<li> Equipado con 20 GB de almacenamiento integrado.<\/li>\n<li> Modo de color D-Cinelike para ajustes detallados del color.<\/li>\n<li> Compatible con los filtros ND DJI Avata para mejorar las im\u00e1genes.<\/li>\n<li> Informaci\u00f3n OSD personalizable mediante el modo Canvas.<\/li>\n<li> Gran compatibilidad con DJI Goggles 2 y DJI FPV Remote Controller 2.<\/li>\n<\/ul>","protected":false},"featured_media":5148,"template":"","meta":{"_acf_changed":false},"product_brand":[],"product_cat":[315,97,733,948],"product_tag":[],"class_list":{"0":"post-5150","1":"product","2":"type-product","3":"status-publish","4":"has-post-thumbnail","6":"product_cat-alle-gimbals-en-cameras","7":"product_cat-alle-producten","8":"product_cat-dji-goggles","9":"product_cat-dji-o3-air-unit","10":"product_shipping_class-outofstock","11":"pa_brand-dji","12":"pa_productfamily-air-unit","13":"pa_producttype-air-unit","14":"pa_series-o3","16":"first","17":"outofstock","18":"taxable","19":"shipping-taxable","20":"product-type-simple"},"acf":[],"yoast_head":"<!-- This site is optimized with the Yoast SEO Premium plugin v27.2 (Yoast SEO v27.2) - https:\/\/yoast.com\/product\/yoast-seo-premium-wordpress\/ -->\n<title>DJI O3 Air Unit - koningdrone.be<\/title>\n<meta name=\"robots\" content=\"index, follow, max-snippet:-1, max-image-preview:large, max-video-preview:-1\" \/>\n<link rel=\"canonical\" href=\"https:\/\/koningdrone.be\/es\/producto\/dji-o3-air-unit\/\" \/>\n<meta property=\"og:locale\" content=\"es_ES\" \/>\n<meta property=\"og:type\" content=\"article\" \/>\n<meta property=\"og:title\" content=\"DJI O3 Air Unit\" \/>\n<meta property=\"og:description\" content=\"Beschikt over de allernieuwste videotransmissietechnologie van DJI. Lichtgewicht en compact lichaamsontwerp. High-definition videotransmissie met lage latentie over lange afstanden. 1\/1,7-inch sensor voor superieure beeldkwaliteit. 155\u00b0 superbreed gezichtsveld (FOV). Ondersteunt 1080p\/100fps video-overdracht tot 10 km. Kan 4K\/60fps-video opnemen met rijke beelddetails. Uitgerust met 20 GB ingebouwde opslag. D-Cinelike kleurmodus voor gedetailleerde kleuraanpassingen. Compatibel met DJI Avata ND-filters voor verbeterde beeldvorming. Aanpasbare OSD-informatie via Canvas-modus. Rijke compatibiliteit met DJI Goggles 2 en DJI FPV Remote Controller 2.\" \/>\n<meta property=\"og:url\" content=\"https:\/\/koningdrone.be\/es\/producto\/dji-o3-air-unit\/\" \/>\n<meta property=\"og:site_name\" content=\"koningdrone.be\" \/>\n<meta property=\"article:modified_time\" content=\"2026-04-29T11:40:04+00:00\" \/>\n<meta property=\"og:image\" content=\"https:\/\/koningdrone.be\/wp-content\/uploads\/sites\/13\/2025\/04\/d92655b4699a0bdc7e77da3fecf1bdeb@large.jpg\" \/>\n\t<meta property=\"og:image:width\" content=\"1200\" \/>\n\t<meta property=\"og:image:height\" content=\"800\" \/>\n\t<meta property=\"og:image:type\" content=\"image\/jpeg\" \/>\n<meta name=\"twitter:card\" content=\"summary_large_image\" \/>\n<meta name=\"twitter:label1\" content=\"Tiempo de lectura\" \/>\n\t<meta name=\"twitter:data1\" content=\"2 minutos\" \/>\n<script type=\"application\/ld+json\" class=\"yoast-schema-graph\">{\"@context\":\"https:\/\/schema.org\",\"@graph\":[{\"@type\":\"WebPage\",\"@id\":\"https:\/\/koningdrone.be\/product\/dji-o3-air-unit\/\",\"url\":\"https:\/\/koningdrone.be\/product\/dji-o3-air-unit\/\",\"name\":\"DJI O3 Air Unit - koningdrone.be\",\"isPartOf\":{\"@id\":\"https:\/\/koningdrone.be\/#website\"},\"primaryImageOfPage\":{\"@id\":\"https:\/\/koningdrone.be\/product\/dji-o3-air-unit\/#primaryimage\"},\"image\":{\"@id\":\"https:\/\/koningdrone.be\/product\/dji-o3-air-unit\/#primaryimage\"},\"thumbnailUrl\":\"https:\/\/koningdrone.be\/wp-content\/uploads\/sites\/13\/2025\/04\/d92655b4699a0bdc7e77da3fecf1bdeb@large.jpg\",\"datePublished\":\"2023-01-24T12:06:52+00:00\",\"dateModified\":\"2026-04-29T11:40:04+00:00\",\"breadcrumb\":{\"@id\":\"https:\/\/koningdrone.be\/product\/dji-o3-air-unit\/#breadcrumb\"},\"inLanguage\":\"es\",\"potentialAction\":[{\"@type\":\"ReadAction\",\"target\":[\"https:\/\/koningdrone.be\/product\/dji-o3-air-unit\/\"]}]},{\"@type\":\"ImageObject\",\"inLanguage\":\"es\",\"@id\":\"https:\/\/koningdrone.be\/product\/dji-o3-air-unit\/#primaryimage\",\"url\":\"https:\/\/koningdrone.be\/wp-content\/uploads\/sites\/13\/2025\/04\/d92655b4699a0bdc7e77da3fecf1bdeb@large.jpg\",\"contentUrl\":\"https:\/\/koningdrone.be\/wp-content\/uploads\/sites\/13\/2025\/04\/d92655b4699a0bdc7e77da3fecf1bdeb@large.jpg\",\"width\":1200,\"height\":800},{\"@type\":\"BreadcrumbList\",\"@id\":\"https:\/\/koningdrone.be\/product\/dji-o3-air-unit\/#breadcrumb\",\"itemListElement\":[{\"@type\":\"ListItem\",\"position\":1,\"name\":\"Home\",\"item\":\"https:\/\/koningdrone.be\/\"},{\"@type\":\"ListItem\",\"position\":2,\"name\":\"AVSS Parachute Recovery System for DJI Matrice 300\/350\",\"item\":\"https:\/\/koningdrone.be\/product\/avss-parachute-recovery-system-for-dji-matrice-300-350\/\"},{\"@type\":\"ListItem\",\"position\":3,\"name\":\"Alle gimbals en cameras\",\"item\":\"https:\/\/koningdrone.be\/categorie\/alle-gimbals-en-cameras\/\"},{\"@type\":\"ListItem\",\"position\":4,\"name\":\"DJI O3 Air Unit\"}]},{\"@type\":\"WebSite\",\"@id\":\"https:\/\/koningdrone.be\/#website\",\"url\":\"https:\/\/koningdrone.be\/\",\"name\":\"Koningdrone.be - Uw online specialist in drones, gimbals, camera's en power stations.\",\"description\":\"De webshop in drones en gimbals\",\"publisher\":{\"@id\":\"https:\/\/koningdrone.be\/#organization\"},\"potentialAction\":[{\"@type\":\"SearchAction\",\"target\":{\"@type\":\"EntryPoint\",\"urlTemplate\":\"https:\/\/koningdrone.be\/?s={search_term_string}\"},\"query-input\":{\"@type\":\"PropertyValueSpecification\",\"valueRequired\":true,\"valueName\":\"search_term_string\"}}],\"inLanguage\":\"es\"},{\"@type\":\"Organization\",\"@id\":\"https:\/\/koningdrone.be\/#organization\",\"name\":\"Koningdrone.be\",\"url\":\"https:\/\/koningdrone.be\/\",\"logo\":{\"@type\":\"ImageObject\",\"inLanguage\":\"es\",\"@id\":\"https:\/\/koningdrone.be\/#\/schema\/logo\/image\/\",\"url\":\"https:\/\/koningdrone.be\/wp-content\/uploads\/sites\/13\/2025\/04\/koningdrone-copyright-logo.svg\",\"contentUrl\":\"https:\/\/koningdrone.be\/wp-content\/uploads\/sites\/13\/2025\/04\/koningdrone-copyright-logo.svg\",\"width\":227,\"height\":38,\"caption\":\"Koningdrone.be\"},\"image\":{\"@id\":\"https:\/\/koningdrone.be\/#\/schema\/logo\/image\/\"}}]}<\/script>\n<!-- \/ Yoast SEO Premium plugin. -->","yoast_head_json":{"title":"DJI O3 Air Unit - koningdrone.be","robots":{"index":"index","follow":"follow","max-snippet":"max-snippet:-1","max-image-preview":"max-image-preview:large","max-video-preview":"max-video-preview:-1"},"canonical":"https:\/\/koningdrone.be\/es\/producto\/dji-o3-air-unit\/","og_locale":"es_ES","og_type":"article","og_title":"DJI O3 Air Unit","og_description":"Beschikt over de allernieuwste videotransmissietechnologie van DJI. Lichtgewicht en compact lichaamsontwerp. High-definition videotransmissie met lage latentie over lange afstanden. 1\/1,7-inch sensor voor superieure beeldkwaliteit. 155\u00b0 superbreed gezichtsveld (FOV). Ondersteunt 1080p\/100fps video-overdracht tot 10 km. Kan 4K\/60fps-video opnemen met rijke beelddetails. Uitgerust met 20 GB ingebouwde opslag. D-Cinelike kleurmodus voor gedetailleerde kleuraanpassingen. Compatibel met DJI Avata ND-filters voor verbeterde beeldvorming. Aanpasbare OSD-informatie via Canvas-modus. Rijke compatibiliteit met DJI Goggles 2 en DJI FPV Remote Controller 2.","og_url":"https:\/\/koningdrone.be\/es\/producto\/dji-o3-air-unit\/","og_site_name":"koningdrone.be","article_modified_time":"2026-04-29T11:40:04+00:00","og_image":[{"width":1200,"height":800,"url":"https:\/\/koningdrone.be\/wp-content\/uploads\/sites\/13\/2025\/04\/d92655b4699a0bdc7e77da3fecf1bdeb@large.jpg","type":"image\/jpeg"}],"twitter_card":"summary_large_image","twitter_misc":{"Tiempo de lectura":"2 minutos"},"schema":{"@context":"https:\/\/schema.org","@graph":[{"@type":"WebPage","@id":"https:\/\/koningdrone.be\/product\/dji-o3-air-unit\/","url":"https:\/\/koningdrone.be\/product\/dji-o3-air-unit\/","name":"DJI O3 Air Unit - koningdrone.be","isPartOf":{"@id":"https:\/\/koningdrone.be\/#website"},"primaryImageOfPage":{"@id":"https:\/\/koningdrone.be\/product\/dji-o3-air-unit\/#primaryimage"},"image":{"@id":"https:\/\/koningdrone.be\/product\/dji-o3-air-unit\/#primaryimage"},"thumbnailUrl":"https:\/\/koningdrone.be\/wp-content\/uploads\/sites\/13\/2025\/04\/d92655b4699a0bdc7e77da3fecf1bdeb@large.jpg","datePublished":"2023-01-24T12:06:52+00:00","dateModified":"2026-04-29T11:40:04+00:00","breadcrumb":{"@id":"https:\/\/koningdrone.be\/product\/dji-o3-air-unit\/#breadcrumb"},"inLanguage":"es","potentialAction":[{"@type":"ReadAction","target":["https:\/\/koningdrone.be\/product\/dji-o3-air-unit\/"]}]},{"@type":"ImageObject","inLanguage":"es","@id":"https:\/\/koningdrone.be\/product\/dji-o3-air-unit\/#primaryimage","url":"https:\/\/koningdrone.be\/wp-content\/uploads\/sites\/13\/2025\/04\/d92655b4699a0bdc7e77da3fecf1bdeb@large.jpg","contentUrl":"https:\/\/koningdrone.be\/wp-content\/uploads\/sites\/13\/2025\/04\/d92655b4699a0bdc7e77da3fecf1bdeb@large.jpg","width":1200,"height":800},{"@type":"BreadcrumbList","@id":"https:\/\/koningdrone.be\/product\/dji-o3-air-unit\/#breadcrumb","itemListElement":[{"@type":"ListItem","position":1,"name":"Home","item":"https:\/\/koningdrone.be\/"},{"@type":"ListItem","position":2,"name":"AVSS Parachute Recovery System for DJI Matrice 300\/350","item":"https:\/\/koningdrone.be\/product\/avss-parachute-recovery-system-for-dji-matrice-300-350\/"},{"@type":"ListItem","position":3,"name":"Alle gimbals en cameras","item":"https:\/\/koningdrone.be\/categorie\/alle-gimbals-en-cameras\/"},{"@type":"ListItem","position":4,"name":"DJI O3 Air Unit"}]},{"@type":"WebSite","@id":"https:\/\/koningdrone.be\/#website","url":"https:\/\/koningdrone.be\/","name":"Koningdrone.be - Su especialista en l\u00ednea en drones, cardanes, c\u00e1maras y centrales el\u00e9ctricas.","description":"La tienda virtual de drones y cardanes","publisher":{"@id":"https:\/\/koningdrone.be\/#organization"},"potentialAction":[{"@type":"SearchAction","target":{"@type":"EntryPoint","urlTemplate":"https:\/\/koningdrone.be\/?s={search_term_string}"},"query-input":{"@type":"PropertyValueSpecification","valueRequired":true,"valueName":"search_term_string"}}],"inLanguage":"es"},{"@type":"Organization","@id":"https:\/\/koningdrone.be\/#organization","name":"Kingdrone.es","url":"https:\/\/koningdrone.be\/","logo":{"@type":"ImageObject","inLanguage":"es","@id":"https:\/\/koningdrone.be\/#\/schema\/logo\/image\/","url":"https:\/\/koningdrone.be\/wp-content\/uploads\/sites\/13\/2025\/04\/koningdrone-copyright-logo.svg","contentUrl":"https:\/\/koningdrone.be\/wp-content\/uploads\/sites\/13\/2025\/04\/koningdrone-copyright-logo.svg","width":227,"height":38,"caption":"Koningdrone.be"},"image":{"@id":"https:\/\/koningdrone.be\/#\/schema\/logo\/image\/"}}]}},"df_price":"","df_sale_price":"","df_regular_price":"","df_image_link":"https:\/\/koningdrone.be\/wp-content\/uploads\/sites\/13\/2025\/04\/d92655b4699a0bdc7e77da3fecf1bdeb@large-300x200.jpg","_links":{"self":[{"href":"https:\/\/koningdrone.be\/es\/wp-json\/wp\/v2\/product\/5150","targetHints":{"allow":["GET"]}}],"collection":[{"href":"https:\/\/koningdrone.be\/es\/wp-json\/wp\/v2\/product"}],"about":[{"href":"https:\/\/koningdrone.be\/es\/wp-json\/wp\/v2\/types\/product"}],"wp:featuredmedia":[{"embeddable":true,"href":"https:\/\/koningdrone.be\/es\/wp-json\/wp\/v2\/media\/5148"}],"wp:attachment":[{"href":"https:\/\/koningdrone.be\/es\/wp-json\/wp\/v2\/media?parent=5150"}],"wp:term":[{"taxonomy":"product_brand","embeddable":true,"href":"https:\/\/koningdrone.be\/es\/wp-json\/wp\/v2\/product_brand?post=5150"},{"taxonomy":"product_cat","embeddable":true,"href":"https:\/\/koningdrone.be\/es\/wp-json\/wp\/v2\/product_cat?post=5150"},{"taxonomy":"product_tag","embeddable":true,"href":"https:\/\/koningdrone.be\/es\/wp-json\/wp\/v2\/product_tag?post=5150"}],"curies":[{"name":"wp","href":"https:\/\/api.w.org\/{rel}","templated":true}]}}