{"id":5147,"date":"2023-01-25T13:02:07","date_gmt":"2023-01-25T12:02:07","guid":{"rendered":"https:\/\/koningdrone.nl\/kon\/product\/dji-mavic-3-multispecteral\/"},"modified":"2026-04-29T14:50:47","modified_gmt":"2026-04-29T12:50:47","slug":"dji-mavic-3-multispecteral","status":"publish","type":"product","link":"https:\/\/koningdrone.be\/es\/producto\/dji-mavic-3-multispecteral\/","title":{"rendered":"DJI Mavic 3 Multiespectral + 1 a\u00f1o DJI Care"},"content":{"rendered":"<h1>DJI Mavic 3 Multiespectral + 1 a\u00f1o DJI Care<\/h1>\n<p>Los reconocimientos a\u00e9reos eficaces deben ser capaces de ver lo que no se ve. Por este motivo, el Mavic 3 Multiespectral cuenta con varias c\u00e1maras para ofrecerle m\u00faltiples puntos de vista. Combina una c\u00e1mara RGB con una c\u00e1mara multiespectral para escanear y analizar el crecimiento de las plantas con absoluta precisi\u00f3n. La agricultura de precisi\u00f3n requiere detalles y datos relevantes, y el Mavic 3M ofrece ambos.<\/p>\n<ul>\n<li>Compacta y manejable: plegable para guardarla f\u00e1cilmente<\/li>\n<li>C\u00e1mara multiespectral: 4 x 5 MP G\/R\/RE\/NIR<\/li>\n<li>C\u00e1mara RGB: 20 MP, CMOS 4\/3, obturador mec\u00e1nico<\/li>\n<li>Seguro y estable: evitaci\u00f3n de obst\u00e1culos omnidireccional , alcance de transmisi\u00f3n de 15 km<\/li>\n<li>Posicionamiento preciso: posicionamiento RTK al cent\u00edmetro, sincronizaci\u00f3n horaria al microsegundo<\/li>\n<li>Medici\u00f3n eficaz del aire<\/li>\n<\/ul>\n<p>&nbsp;<\/p>\n<p><strong>Sistema de procesamiento de im\u00e1genes altamente integrado<\/strong><br \/>\nNuevo sistema de im\u00e1genes mejorado con una c\u00e1mara RGB de 20 MP y cuatro c\u00e1maras multiespectrales de 5 MP (verde, rojo, borde rojo e infrarrojo cercano). Permite aplicaciones como la prospecci\u00f3n a\u00e9rea de alta precisi\u00f3n, la supervisi\u00f3n del crecimiento de las plantas y la prospecci\u00f3n de recursos naturales.<\/p>\n<p>&nbsp;<\/p>\n<p><strong>C\u00e1mara multiespectral de 5 MP<\/strong><\/p>\n<ul>\n<li>Infrarrojo cercano (NIR): 860 nm \u00b1 26 nm<\/li>\n<li>Rojo \u00ae 650nm \u00b1 16nm<\/li>\n<li>Borde rojo (RE): 730 nm \u00b1 16 nm<\/li>\n<li>Verde (G): 560 nm \u00b1 16 nm<\/li>\n<\/ul>\n<p>&nbsp;<\/p>\n<p><strong>Funciones de la c\u00e1mara RGB<\/strong><\/p>\n<ul>\n<li>CMOS 4\/3: sensor de c\u00e1mara de 20 MP<\/li>\n<li>1\/2.000 seg: velocidad de obturaci\u00f3n mec\u00e1nica<\/li>\n<li>0,7 segundos de disparo continuo a alta velocidad cuando se utiliza la c\u00e1mara RGB<\/li>\n<\/ul>\n<p>&nbsp;<\/p>\n<p><strong>Sensor de luz solar<\/strong><br \/>\nEl sensor de luz solar integrado capta la radiaci\u00f3n solar y la registra en un archivo de imagen, lo que permite compensar la luz de los datos de imagen durante la reconstrucci\u00f3n 2D. De este modo se obtienen resultados NDVI m\u00e1s precisos y se mejora la exactitud y coherencia de los datos recogidos a lo largo del tiempo.<\/p>","protected":false},"excerpt":{"rendered":"<ul>\n<li>Compacto y port\u00e1til<\/li>\n<li>Plegable para guardarlo f\u00e1cilmente<\/li>\n<li>C\u00e1mara multiespectral: 4 \u00d7 5MP (G\/R\/RE\/NIR)<\/li>\n<li>C\u00e1mara RGB: 20 MP (4\/3 CMOS, obturador mec\u00e1nico)<\/li>\n<li>Evitaci\u00f3n de obst\u00e1culos omnidireccional<\/li>\n<li>15 km de distancia de transmisi\u00f3n<\/li>\n<li>Posicionamiento preciso<\/li>\n<li>Posicionamiento RTK al cent\u00edmetro<\/li>\n<li>Sincronizaci\u00f3n horaria a nivel de microsegundos<\/li>\n<li>Investigaci\u00f3n a\u00e9rea eficiente<\/li>\n<li>Hasta 200 hect\u00e1reas por vuelo<\/li>\n<\/ul>","protected":false},"featured_media":3515,"template":"","meta":{"_acf_changed":false},"product_brand":[],"product_cat":[135,97,871,165,99,100,568,101],"product_tag":[],"class_list":{"0":"post-5147","1":"product","2":"type-product","3":"status-publish","4":"has-post-thumbnail","6":"product_cat-alle-drones","7":"product_cat-alle-producten","8":"product_cat-dji-mavic","9":"product_cat-dji-mavic-3-enterprise","10":"product_cat-drones-met-certificaat","11":"product_cat-enterprise-drones","12":"product_cat-landbouw-drones","13":"product_cat-professionele-dji-drone","14":"product_shipping_class-outofstock","15":"pa_brand-dji","16":"pa_care-basic-1-jaar","17":"pa_care-basic-2-jaar","18":"pa_dronegrade-enterprise","19":"pa_productfamily-drone","20":"pa_producttype-drone","21":"pa_series-mavic-3","23":"first","24":"outofstock","25":"taxable","26":"shipping-taxable","27":"purchasable","28":"product-type-simple"},"acf":[],"yoast_head":"<!-- This site is optimized with the Yoast SEO Premium plugin v27.2 (Yoast SEO v27.2) - https:\/\/yoast.com\/product\/yoast-seo-premium-wordpress\/ -->\n<title>DJI Mavic 3 Multispecteral + 1 jaar DJI Care - koningdrone.be<\/title>\n<meta name=\"robots\" content=\"index, follow, max-snippet:-1, max-image-preview:large, max-video-preview:-1\" \/>\n<link rel=\"canonical\" href=\"https:\/\/koningdrone.be\/es\/producto\/dji-mavic-3-multispecteral\/\" \/>\n<meta property=\"og:locale\" content=\"es_ES\" \/>\n<meta property=\"og:type\" content=\"article\" \/>\n<meta property=\"og:title\" content=\"DJI Mavic 3 Multispecteral + 1 jaar DJI Care\" \/>\n<meta property=\"og:description\" content=\"Compact en draagbaar  Opvouwbaar voor eenvoudig opbergen  Multispectrale camera: 4 \u00d7 5MP (G\/R\/RE\/NIR)  RGB-camera: 20 MP (4\/3 CMOS, mechanische sluiter)  Omnidirectionele obstakelvermijding  15 km transmissieafstand  Nauwkeurige positionering  RTK-positionering op centimeterniveau  Tijdsynchronisatie op microseconde niveau  Effici\u00ebnt luchtonderzoek  Tot 200 hectare per vlucht\" \/>\n<meta property=\"og:url\" content=\"https:\/\/koningdrone.be\/es\/producto\/dji-mavic-3-multispecteral\/\" \/>\n<meta property=\"og:site_name\" content=\"koningdrone.be\" \/>\n<meta property=\"article:modified_time\" content=\"2026-04-29T12:50:47+00:00\" \/>\n<meta property=\"og:image\" content=\"https:\/\/koningdrone.be\/wp-content\/uploads\/sites\/13\/2025\/04\/950505-DJI-Mavic-3-Multispectral-inkl-1-Year-Care-Basic-1.jpg\" \/>\n\t<meta property=\"og:image:width\" content=\"1280\" \/>\n\t<meta property=\"og:image:height\" content=\"800\" \/>\n\t<meta property=\"og:image:type\" content=\"image\/jpeg\" \/>\n<meta name=\"twitter:card\" content=\"summary_large_image\" \/>\n<meta name=\"twitter:label1\" content=\"Tiempo de lectura\" \/>\n\t<meta name=\"twitter:data1\" content=\"1 minuto\" \/>\n<script type=\"application\/ld+json\" class=\"yoast-schema-graph\">{\"@context\":\"https:\/\/schema.org\",\"@graph\":[{\"@type\":\"WebPage\",\"@id\":\"https:\/\/koningdrone.be\/product\/dji-mavic-3-multispecteral\/\",\"url\":\"https:\/\/koningdrone.be\/product\/dji-mavic-3-multispecteral\/\",\"name\":\"DJI Mavic 3 Multispecteral + 1 jaar DJI Care - koningdrone.be\",\"isPartOf\":{\"@id\":\"https:\/\/koningdrone.be\/#website\"},\"primaryImageOfPage\":{\"@id\":\"https:\/\/koningdrone.be\/product\/dji-mavic-3-multispecteral\/#primaryimage\"},\"image\":{\"@id\":\"https:\/\/koningdrone.be\/product\/dji-mavic-3-multispecteral\/#primaryimage\"},\"thumbnailUrl\":\"https:\/\/koningdrone.be\/wp-content\/uploads\/sites\/13\/2025\/04\/950505-DJI-Mavic-3-Multispectral-inkl-1-Year-Care-Basic-1.jpg\",\"datePublished\":\"2023-01-25T12:02:07+00:00\",\"dateModified\":\"2026-04-29T12:50:47+00:00\",\"breadcrumb\":{\"@id\":\"https:\/\/koningdrone.be\/product\/dji-mavic-3-multispecteral\/#breadcrumb\"},\"inLanguage\":\"es\",\"potentialAction\":[{\"@type\":\"ReadAction\",\"target\":[\"https:\/\/koningdrone.be\/product\/dji-mavic-3-multispecteral\/\"]}]},{\"@type\":\"ImageObject\",\"inLanguage\":\"es\",\"@id\":\"https:\/\/koningdrone.be\/product\/dji-mavic-3-multispecteral\/#primaryimage\",\"url\":\"https:\/\/koningdrone.be\/wp-content\/uploads\/sites\/13\/2025\/04\/950505-DJI-Mavic-3-Multispectral-inkl-1-Year-Care-Basic-1.jpg\",\"contentUrl\":\"https:\/\/koningdrone.be\/wp-content\/uploads\/sites\/13\/2025\/04\/950505-DJI-Mavic-3-Multispectral-inkl-1-Year-Care-Basic-1.jpg\",\"width\":1280,\"height\":800},{\"@type\":\"BreadcrumbList\",\"@id\":\"https:\/\/koningdrone.be\/product\/dji-mavic-3-multispecteral\/#breadcrumb\",\"itemListElement\":[{\"@type\":\"ListItem\",\"position\":1,\"name\":\"Home\",\"item\":\"https:\/\/koningdrone.be\/\"},{\"@type\":\"ListItem\",\"position\":2,\"name\":\"AVSS Parachute Recovery System for DJI Matrice 300\/350\",\"item\":\"https:\/\/koningdrone.be\/product\/avss-parachute-recovery-system-for-dji-matrice-300-350\/\"},{\"@type\":\"ListItem\",\"position\":3,\"name\":\"Alle drones\",\"item\":\"https:\/\/koningdrone.be\/categorie\/alle-drones\/\"},{\"@type\":\"ListItem\",\"position\":4,\"name\":\"DJI Mavic 3 Multispecteral + 1 jaar DJI Care\"}]},{\"@type\":\"WebSite\",\"@id\":\"https:\/\/koningdrone.be\/#website\",\"url\":\"https:\/\/koningdrone.be\/\",\"name\":\"Koningdrone.be - Uw online specialist in drones, gimbals, camera's en power stations.\",\"description\":\"De webshop in drones en gimbals\",\"publisher\":{\"@id\":\"https:\/\/koningdrone.be\/#organization\"},\"potentialAction\":[{\"@type\":\"SearchAction\",\"target\":{\"@type\":\"EntryPoint\",\"urlTemplate\":\"https:\/\/koningdrone.be\/?s={search_term_string}\"},\"query-input\":{\"@type\":\"PropertyValueSpecification\",\"valueRequired\":true,\"valueName\":\"search_term_string\"}}],\"inLanguage\":\"es\"},{\"@type\":\"Organization\",\"@id\":\"https:\/\/koningdrone.be\/#organization\",\"name\":\"Koningdrone.be\",\"url\":\"https:\/\/koningdrone.be\/\",\"logo\":{\"@type\":\"ImageObject\",\"inLanguage\":\"es\",\"@id\":\"https:\/\/koningdrone.be\/#\/schema\/logo\/image\/\",\"url\":\"https:\/\/koningdrone.be\/wp-content\/uploads\/sites\/13\/2025\/04\/koningdrone-copyright-logo.svg\",\"contentUrl\":\"https:\/\/koningdrone.be\/wp-content\/uploads\/sites\/13\/2025\/04\/koningdrone-copyright-logo.svg\",\"width\":227,\"height\":38,\"caption\":\"Koningdrone.be\"},\"image\":{\"@id\":\"https:\/\/koningdrone.be\/#\/schema\/logo\/image\/\"}}]}<\/script>\n<!-- \/ Yoast SEO Premium plugin. -->","yoast_head_json":{"title":"DJI Mavic 3 Multispecteral + 1 jaar DJI Care - koningdrone.be","robots":{"index":"index","follow":"follow","max-snippet":"max-snippet:-1","max-image-preview":"max-image-preview:large","max-video-preview":"max-video-preview:-1"},"canonical":"https:\/\/koningdrone.be\/es\/producto\/dji-mavic-3-multispecteral\/","og_locale":"es_ES","og_type":"article","og_title":"DJI Mavic 3 Multispecteral + 1 jaar DJI Care","og_description":"Compact en draagbaar  Opvouwbaar voor eenvoudig opbergen  Multispectrale camera: 4 \u00d7 5MP (G\/R\/RE\/NIR)  RGB-camera: 20 MP (4\/3 CMOS, mechanische sluiter)  Omnidirectionele obstakelvermijding  15 km transmissieafstand  Nauwkeurige positionering  RTK-positionering op centimeterniveau  Tijdsynchronisatie op microseconde niveau  Effici\u00ebnt luchtonderzoek  Tot 200 hectare per vlucht","og_url":"https:\/\/koningdrone.be\/es\/producto\/dji-mavic-3-multispecteral\/","og_site_name":"koningdrone.be","article_modified_time":"2026-04-29T12:50:47+00:00","og_image":[{"width":1280,"height":800,"url":"https:\/\/koningdrone.be\/wp-content\/uploads\/sites\/13\/2025\/04\/950505-DJI-Mavic-3-Multispectral-inkl-1-Year-Care-Basic-1.jpg","type":"image\/jpeg"}],"twitter_card":"summary_large_image","twitter_misc":{"Tiempo de lectura":"1 minuto"},"schema":{"@context":"https:\/\/schema.org","@graph":[{"@type":"WebPage","@id":"https:\/\/koningdrone.be\/product\/dji-mavic-3-multispecteral\/","url":"https:\/\/koningdrone.be\/product\/dji-mavic-3-multispecteral\/","name":"DJI Mavic 3 Multispecteral + 1 jaar DJI Care - koningdrone.be","isPartOf":{"@id":"https:\/\/koningdrone.be\/#website"},"primaryImageOfPage":{"@id":"https:\/\/koningdrone.be\/product\/dji-mavic-3-multispecteral\/#primaryimage"},"image":{"@id":"https:\/\/koningdrone.be\/product\/dji-mavic-3-multispecteral\/#primaryimage"},"thumbnailUrl":"https:\/\/koningdrone.be\/wp-content\/uploads\/sites\/13\/2025\/04\/950505-DJI-Mavic-3-Multispectral-inkl-1-Year-Care-Basic-1.jpg","datePublished":"2023-01-25T12:02:07+00:00","dateModified":"2026-04-29T12:50:47+00:00","breadcrumb":{"@id":"https:\/\/koningdrone.be\/product\/dji-mavic-3-multispecteral\/#breadcrumb"},"inLanguage":"es","potentialAction":[{"@type":"ReadAction","target":["https:\/\/koningdrone.be\/product\/dji-mavic-3-multispecteral\/"]}]},{"@type":"ImageObject","inLanguage":"es","@id":"https:\/\/koningdrone.be\/product\/dji-mavic-3-multispecteral\/#primaryimage","url":"https:\/\/koningdrone.be\/wp-content\/uploads\/sites\/13\/2025\/04\/950505-DJI-Mavic-3-Multispectral-inkl-1-Year-Care-Basic-1.jpg","contentUrl":"https:\/\/koningdrone.be\/wp-content\/uploads\/sites\/13\/2025\/04\/950505-DJI-Mavic-3-Multispectral-inkl-1-Year-Care-Basic-1.jpg","width":1280,"height":800},{"@type":"BreadcrumbList","@id":"https:\/\/koningdrone.be\/product\/dji-mavic-3-multispecteral\/#breadcrumb","itemListElement":[{"@type":"ListItem","position":1,"name":"Home","item":"https:\/\/koningdrone.be\/"},{"@type":"ListItem","position":2,"name":"AVSS Parachute Recovery System for DJI Matrice 300\/350","item":"https:\/\/koningdrone.be\/product\/avss-parachute-recovery-system-for-dji-matrice-300-350\/"},{"@type":"ListItem","position":3,"name":"Alle drones","item":"https:\/\/koningdrone.be\/categorie\/alle-drones\/"},{"@type":"ListItem","position":4,"name":"DJI Mavic 3 Multispecteral + 1 jaar DJI Care"}]},{"@type":"WebSite","@id":"https:\/\/koningdrone.be\/#website","url":"https:\/\/koningdrone.be\/","name":"Koningdrone.be - Su especialista en l\u00ednea en drones, cardanes, c\u00e1maras y centrales el\u00e9ctricas.","description":"La tienda virtual de drones y cardanes","publisher":{"@id":"https:\/\/koningdrone.be\/#organization"},"potentialAction":[{"@type":"SearchAction","target":{"@type":"EntryPoint","urlTemplate":"https:\/\/koningdrone.be\/?s={search_term_string}"},"query-input":{"@type":"PropertyValueSpecification","valueRequired":true,"valueName":"search_term_string"}}],"inLanguage":"es"},{"@type":"Organization","@id":"https:\/\/koningdrone.be\/#organization","name":"Kingdrone.es","url":"https:\/\/koningdrone.be\/","logo":{"@type":"ImageObject","inLanguage":"es","@id":"https:\/\/koningdrone.be\/#\/schema\/logo\/image\/","url":"https:\/\/koningdrone.be\/wp-content\/uploads\/sites\/13\/2025\/04\/koningdrone-copyright-logo.svg","contentUrl":"https:\/\/koningdrone.be\/wp-content\/uploads\/sites\/13\/2025\/04\/koningdrone-copyright-logo.svg","width":227,"height":38,"caption":"Koningdrone.be"},"image":{"@id":"https:\/\/koningdrone.be\/#\/schema\/logo\/image\/"}}]}},"df_price":4508,"df_sale_price":"","df_regular_price":4508,"df_image_link":"https:\/\/koningdrone.be\/wp-content\/uploads\/sites\/13\/2025\/04\/950505-DJI-Mavic-3-Multispectral-inkl-1-Year-Care-Basic-1-300x188.jpg","_links":{"self":[{"href":"https:\/\/koningdrone.be\/es\/wp-json\/wp\/v2\/product\/5147","targetHints":{"allow":["GET"]}}],"collection":[{"href":"https:\/\/koningdrone.be\/es\/wp-json\/wp\/v2\/product"}],"about":[{"href":"https:\/\/koningdrone.be\/es\/wp-json\/wp\/v2\/types\/product"}],"wp:featuredmedia":[{"embeddable":true,"href":"https:\/\/koningdrone.be\/es\/wp-json\/wp\/v2\/media\/3515"}],"wp:attachment":[{"href":"https:\/\/koningdrone.be\/es\/wp-json\/wp\/v2\/media?parent=5147"}],"wp:term":[{"taxonomy":"product_brand","embeddable":true,"href":"https:\/\/koningdrone.be\/es\/wp-json\/wp\/v2\/product_brand?post=5147"},{"taxonomy":"product_cat","embeddable":true,"href":"https:\/\/koningdrone.be\/es\/wp-json\/wp\/v2\/product_cat?post=5147"},{"taxonomy":"product_tag","embeddable":true,"href":"https:\/\/koningdrone.be\/es\/wp-json\/wp\/v2\/product_tag?post=5147"}],"curies":[{"name":"wp","href":"https:\/\/api.w.org\/{rel}","templated":true}]}}