{"id":5136,"date":"2023-02-27T16:24:57","date_gmt":"2023-02-27T15:24:57","guid":{"rendered":"https:\/\/koningdrone.nl\/kon\/product\/ecoflow-dual-fuel-smart-generator-power-generator-230-v-1800-w\/"},"modified":"2026-04-29T13:40:45","modified_gmt":"2026-04-29T11:40:45","slug":"ecoflow-dual-fuel-smart-generator-power-generator-230-v-1800-w","status":"publish","type":"product","link":"https:\/\/koningdrone.be\/es\/producto\/ecoflow-dual-fuel-smart-generator-power-generator-230-v-1800-w\/","title":{"rendered":"Generador EcoFlow Dual Fuel Smart UE"},"content":{"rendered":"<h1>Generador EcoFlow Dual Fuel Smart UE<\/h1>\n<p>El generador inteligente EcoFlow Dual Fuel es una verdadera bendici\u00f3n para quienes desean dotarse de la m\u00e1xima independencia, seguridad y capacidad para obtener energ\u00eda de reserva en caso de emergencia. El generador puede utilizarse con las estaciones de carga DELTA Pro, DELTA Max y los sistemas Power Kit para obtener independencia energ\u00e9tica. El dise\u00f1o del generador permite utilizar dos tipos de combustible: gas licuado y gasolina (AI-92).<\/p>\n<p><strong> Gas licuado: mejor medio ambiente, m\u00e1s eficiencia y flexibilidad <\/strong><\/p>\n<p>El gas licuado no es inusual para muchos propietarios de viviendas particulares en Rusia. Pero en este caso, este tipo de combustible tambi\u00e9n se puede utilizar para alimentar un generador de doble combustible. Al mismo tiempo, esta opci\u00f3n es adecuada para diferentes situaciones: en caso de accidente en las redes urbanas como fuente de energ\u00eda de reserva, as\u00ed como mientras se viaja en autocaravana. El uso de GLP ayuda a reducir las emisiones de mon\u00f3xido de carbono y otros contaminantes hasta 10% y aumenta la flexibilidad general de su sistema el\u00e9ctrico.<\/p>\n<p><strong> Los paros prolongados no asustan <\/strong><\/p>\n<p>Con el generador, puedes proporcionar 12,5 horas de funcionamiento y 20 kWh de electricidad s\u00f3lo con gas licuado (dependiendo del volumen del dep\u00f3sito de gas licuado). Con un dep\u00f3sito de gasolina de 4 litros y una potencia de 1600W-1800W, puedes generar 5,4 kWh con gasolina. Es decir, tienes dos fuentes de energ\u00eda a tu disposici\u00f3n, as\u00ed como la posibilidad de ahorrar combustible y obtener suficiente energ\u00eda.<\/p>\n<p><strong> Consumo de combustible <\/strong><\/p>\n<p>Si conecta las estaciones de carga Delta Pro y Delta Max al generador, podr\u00e1 ahorrar hasta 40% de combustible. El generador est\u00e1 equipado con una funci\u00f3n de arranque y parada autom\u00e1ticos para reducir el consumo de combustible, las emisiones y el ruido. Promueve el consumo sostenible de combustible y la aplicaci\u00f3n m\u00f3vil para las estaciones Delta Pro y Delta Max. Determina cu\u00e1ndo descargar las estaciones hasta los niveles establecidos por el usuario. Despu\u00e9s, el generador se enciende autom\u00e1ticamente. Tras alcanzar un nivel de carga predeterminado, el motor del generador se apaga.<\/p>\n<p><strong> 4 formas de arrancar el generador <\/strong><\/p>\n<p>Puede arrancar el generador Smart Dual Fuel de una de las 4 formas que m\u00e1s le convengan. Si est\u00e1s cerca de la unidad, hazlo con el bot\u00f3n de arranque el\u00e9ctrico o con el m\u00e9todo manual tradicional. Con la aplicaci\u00f3n para smartphone, tambi\u00e9n puedes configurar el generador para que arranque autom\u00e1ticamente* o a distancia. El arranque manual tambi\u00e9n puede utilizarse en situaciones en las que se ha producido una aver\u00eda.<br \/>\n*Tenga en cuenta que para el arranque autom\u00e1tico Delta Pro, Delta Max o Power Kits deben estar conectados al generador.<\/p>\n<p><strong> Facilidad de mantenimiento del generador ||F\u00e1cil acceso a los componentes internos <\/strong><\/p>\n<p>El cuerpo del generador de doble combustible cuenta con una gran puerta lateral. Al abrirla, puede realizar el mantenimiento, cualquier reparaci\u00f3n o revisi\u00f3n sin mucho esfuerzo.<\/p>\n<p><strong> Ruido m\u00ednimo <\/strong><\/p>\n<p>El generador de doble combustible tiene un silenciador incorporado. Dicho silenciador reduce el nivel de ruido a 56-63 dB a una distancia de 7 metros.<\/p>\n<p><strong> Aplicaci\u00f3n m\u00f3vil para seguimiento en tiempo real <\/strong><\/p>\n<p>Descargue e instale la aplicaci\u00f3n EcoFlow de la marca. Con\u00e9ctela a trav\u00e9s de Bluetooth o Wi-Fi para descubrir el m\u00e1s amplio mundo de posibilidades. Una aplicaci\u00f3n c\u00f3moda e intuitiva le permite ajustar el nivel de bater\u00eda para el arranque autom\u00e1tico, controlar el nivel de salida de CC, arrancar o parar a distancia el generador y otros dispositivos EcoFlow, activar el modo eco, monitorizar y recibir notificaciones.<\/p>","protected":false},"excerpt":{"rendered":"<ul>\n<li>Tama\u00f1o: 59,7 x 30,0 x 47,5 cent\u00edmetros<\/li>\n<li>Peso - 30,5 Kg<\/li>\n<li>Tipo generador inversor<\/li>\n<li>Frecuencia - 50 Hz<\/li>\n<li>Capacidad nominal - Gasolina: 1800 W (valor pico 1900 W) Gas licuado: 1600 W (valor pico 1700 W)<\/li>\n<li>Tensi\u00f3n nominal - 230 V<\/li>\n<li>Tipo (motor) - Cuatro tiempos, refrigeraci\u00f3n forzada por aire<\/li>\n<li>Cilindrada (motor) - 80 cc<\/li>\n<li>Tipo de combustible (motor) - gas licuado de petr\u00f3leo (propano), gasolina sin plomo<\/li>\n<li>Capacidad del dep\u00f3sito de combustible (motor) - 4 l<\/li>\n<li>Nivel de ruido (motor) - 56-67 Db<\/li>\n<li>Tiempo de funcionamiento continuo (motor) - gasolina: 3,5 horas (carga completa)<\/li>\n<li>Potencia - 1800 W<\/li>\n<\/ul>","protected":false},"featured_media":5131,"template":"","meta":{"_acf_changed":false},"product_brand":[],"product_cat":[454,97,245,276,415,628],"product_tag":[],"class_list":{"0":"post-5136","1":"product","2":"type-product","3":"status-publish","4":"has-post-thumbnail","6":"product_cat-alle-powerstations","7":"product_cat-alle-producten","8":"product_cat-ecoflow","9":"product_cat-ecoflow-powerstations","10":"product_cat-energy","11":"product_cat-powerstations","12":"product_shipping_class-outofstock","13":"pa_afmetingen-59-7-x-30-x-47-5-cm","14":"pa_brand-ecoflow","15":"pa_capaciteit-1036","16":"pa_gewicht-30-5-kg","17":"pa_output-230-v-benzine-1-800-w-piekbelasting-1-900-w_x000d_-lpg-1-600-w-piekbelasting-1-700-w","18":"pa_output-dc-42-58-8-v","19":"pa_productfamily-generator","20":"pa_producttype-generator","21":"pa_type-batterij-1035","22":"pa_wifi-functie-ja","24":"first","25":"outofstock","26":"taxable","27":"shipping-taxable","28":"product-type-simple"},"acf":[],"yoast_head":"<!-- This site is optimized with the Yoast SEO Premium plugin v27.2 (Yoast SEO v27.2) - https:\/\/yoast.com\/product\/yoast-seo-premium-wordpress\/ -->\n<title>EcoFlow Dual Fuel Smart Generator EU - koningdrone.be<\/title>\n<meta name=\"robots\" content=\"index, follow, max-snippet:-1, max-image-preview:large, max-video-preview:-1\" \/>\n<link rel=\"canonical\" href=\"https:\/\/koningdrone.be\/es\/producto\/ecoflow-dual-fuel-smart-generator-power-generator-230-v-1800-w\/\" \/>\n<meta property=\"og:locale\" content=\"es_ES\" \/>\n<meta property=\"og:type\" content=\"article\" \/>\n<meta property=\"og:title\" content=\"EcoFlow Dual Fuel Smart Generator EU\" \/>\n<meta property=\"og:description\" content=\"Afmeting: 59,7 x 30,0 x 47,5 centimeterGewicht - 30,5 KgType-invertergeneratorFrequentie - 50 HzNominale capaciteit - Benzine: 1800 W (piekwaarde 1900 W) Vloeibaar gas: 1600 W (piekwaarde 1700 W)Nominale spanning - 230 VType (motor) - Viertakt, geforceerde luchtkoelingCilinderinhoud (motor) - 80 ccBrandstoftype (motor) - vloeibaar petroleumgas (propaan), loodvrije benzineInhoud brandstoftank (motor) - 4 lGeluidsniveau (motor) - 56-67 DbContinue bedrijfstijd (motor) - benzine: 3,5 uur (vollast)Vermogen - 1800 W\" \/>\n<meta property=\"og:url\" content=\"https:\/\/koningdrone.be\/es\/producto\/ecoflow-dual-fuel-smart-generator-power-generator-230-v-1800-w\/\" \/>\n<meta property=\"og:site_name\" content=\"koningdrone.be\" \/>\n<meta property=\"article:modified_time\" content=\"2026-04-29T11:40:45+00:00\" \/>\n<meta property=\"og:image\" content=\"https:\/\/koningdrone.be\/wp-content\/uploads\/sites\/13\/2025\/04\/4897082668657-1.jpg\" \/>\n\t<meta property=\"og:image:width\" content=\"540\" \/>\n\t<meta property=\"og:image:height\" content=\"540\" \/>\n\t<meta property=\"og:image:type\" content=\"image\/jpeg\" \/>\n<meta name=\"twitter:card\" content=\"summary_large_image\" \/>\n<meta name=\"twitter:label1\" content=\"Tiempo de lectura\" \/>\n\t<meta name=\"twitter:data1\" content=\"3 minutos\" \/>\n<script type=\"application\/ld+json\" class=\"yoast-schema-graph\">{\"@context\":\"https:\/\/schema.org\",\"@graph\":[{\"@type\":\"WebPage\",\"@id\":\"https:\/\/koningdrone.be\/product\/ecoflow-dual-fuel-smart-generator-power-generator-230-v-1800-w\/\",\"url\":\"https:\/\/koningdrone.be\/product\/ecoflow-dual-fuel-smart-generator-power-generator-230-v-1800-w\/\",\"name\":\"EcoFlow Dual Fuel Smart Generator EU - koningdrone.be\",\"isPartOf\":{\"@id\":\"https:\/\/koningdrone.be\/#website\"},\"primaryImageOfPage\":{\"@id\":\"https:\/\/koningdrone.be\/product\/ecoflow-dual-fuel-smart-generator-power-generator-230-v-1800-w\/#primaryimage\"},\"image\":{\"@id\":\"https:\/\/koningdrone.be\/product\/ecoflow-dual-fuel-smart-generator-power-generator-230-v-1800-w\/#primaryimage\"},\"thumbnailUrl\":\"https:\/\/koningdrone.be\/wp-content\/uploads\/sites\/13\/2025\/04\/4897082668657-1.jpg\",\"datePublished\":\"2023-02-27T15:24:57+00:00\",\"dateModified\":\"2026-04-29T11:40:45+00:00\",\"breadcrumb\":{\"@id\":\"https:\/\/koningdrone.be\/product\/ecoflow-dual-fuel-smart-generator-power-generator-230-v-1800-w\/#breadcrumb\"},\"inLanguage\":\"es\",\"potentialAction\":[{\"@type\":\"ReadAction\",\"target\":[\"https:\/\/koningdrone.be\/product\/ecoflow-dual-fuel-smart-generator-power-generator-230-v-1800-w\/\"]}]},{\"@type\":\"ImageObject\",\"inLanguage\":\"es\",\"@id\":\"https:\/\/koningdrone.be\/product\/ecoflow-dual-fuel-smart-generator-power-generator-230-v-1800-w\/#primaryimage\",\"url\":\"https:\/\/koningdrone.be\/wp-content\/uploads\/sites\/13\/2025\/04\/4897082668657-1.jpg\",\"contentUrl\":\"https:\/\/koningdrone.be\/wp-content\/uploads\/sites\/13\/2025\/04\/4897082668657-1.jpg\",\"width\":540,\"height\":540},{\"@type\":\"BreadcrumbList\",\"@id\":\"https:\/\/koningdrone.be\/product\/ecoflow-dual-fuel-smart-generator-power-generator-230-v-1800-w\/#breadcrumb\",\"itemListElement\":[{\"@type\":\"ListItem\",\"position\":1,\"name\":\"Home\",\"item\":\"https:\/\/koningdrone.be\/\"},{\"@type\":\"ListItem\",\"position\":2,\"name\":\"AVSS Parachute Recovery System for DJI Matrice 300\/350\",\"item\":\"https:\/\/koningdrone.be\/product\/avss-parachute-recovery-system-for-dji-matrice-300-350\/\"},{\"@type\":\"ListItem\",\"position\":3,\"name\":\"Alle powerstations\",\"item\":\"https:\/\/koningdrone.be\/categorie\/alle-powerstations\/\"},{\"@type\":\"ListItem\",\"position\":4,\"name\":\"EcoFlow Dual Fuel Smart Generator EU\"}]},{\"@type\":\"WebSite\",\"@id\":\"https:\/\/koningdrone.be\/#website\",\"url\":\"https:\/\/koningdrone.be\/\",\"name\":\"Koningdrone.be - Uw online specialist in drones, gimbals, camera's en power stations.\",\"description\":\"De webshop in drones en gimbals\",\"publisher\":{\"@id\":\"https:\/\/koningdrone.be\/#organization\"},\"potentialAction\":[{\"@type\":\"SearchAction\",\"target\":{\"@type\":\"EntryPoint\",\"urlTemplate\":\"https:\/\/koningdrone.be\/?s={search_term_string}\"},\"query-input\":{\"@type\":\"PropertyValueSpecification\",\"valueRequired\":true,\"valueName\":\"search_term_string\"}}],\"inLanguage\":\"es\"},{\"@type\":\"Organization\",\"@id\":\"https:\/\/koningdrone.be\/#organization\",\"name\":\"Koningdrone.be\",\"url\":\"https:\/\/koningdrone.be\/\",\"logo\":{\"@type\":\"ImageObject\",\"inLanguage\":\"es\",\"@id\":\"https:\/\/koningdrone.be\/#\/schema\/logo\/image\/\",\"url\":\"https:\/\/koningdrone.be\/wp-content\/uploads\/sites\/13\/2025\/04\/koningdrone-copyright-logo.svg\",\"contentUrl\":\"https:\/\/koningdrone.be\/wp-content\/uploads\/sites\/13\/2025\/04\/koningdrone-copyright-logo.svg\",\"width\":227,\"height\":38,\"caption\":\"Koningdrone.be\"},\"image\":{\"@id\":\"https:\/\/koningdrone.be\/#\/schema\/logo\/image\/\"}}]}<\/script>\n<!-- \/ Yoast SEO Premium plugin. -->","yoast_head_json":{"title":"EcoFlow Dual Fuel Smart Generator EU - koningdrone.be","robots":{"index":"index","follow":"follow","max-snippet":"max-snippet:-1","max-image-preview":"max-image-preview:large","max-video-preview":"max-video-preview:-1"},"canonical":"https:\/\/koningdrone.be\/es\/producto\/ecoflow-dual-fuel-smart-generator-power-generator-230-v-1800-w\/","og_locale":"es_ES","og_type":"article","og_title":"EcoFlow Dual Fuel Smart Generator EU","og_description":"Afmeting: 59,7 x 30,0 x 47,5 centimeterGewicht - 30,5 KgType-invertergeneratorFrequentie - 50 HzNominale capaciteit - Benzine: 1800 W (piekwaarde 1900 W) Vloeibaar gas: 1600 W (piekwaarde 1700 W)Nominale spanning - 230 VType (motor) - Viertakt, geforceerde luchtkoelingCilinderinhoud (motor) - 80 ccBrandstoftype (motor) - vloeibaar petroleumgas (propaan), loodvrije benzineInhoud brandstoftank (motor) - 4 lGeluidsniveau (motor) - 56-67 DbContinue bedrijfstijd (motor) - benzine: 3,5 uur (vollast)Vermogen - 1800 W","og_url":"https:\/\/koningdrone.be\/es\/producto\/ecoflow-dual-fuel-smart-generator-power-generator-230-v-1800-w\/","og_site_name":"koningdrone.be","article_modified_time":"2026-04-29T11:40:45+00:00","og_image":[{"width":540,"height":540,"url":"https:\/\/koningdrone.be\/wp-content\/uploads\/sites\/13\/2025\/04\/4897082668657-1.jpg","type":"image\/jpeg"}],"twitter_card":"summary_large_image","twitter_misc":{"Tiempo de lectura":"3 minutos"},"schema":{"@context":"https:\/\/schema.org","@graph":[{"@type":"WebPage","@id":"https:\/\/koningdrone.be\/product\/ecoflow-dual-fuel-smart-generator-power-generator-230-v-1800-w\/","url":"https:\/\/koningdrone.be\/product\/ecoflow-dual-fuel-smart-generator-power-generator-230-v-1800-w\/","name":"EcoFlow Dual Fuel Smart Generator EU - koningdrone.be","isPartOf":{"@id":"https:\/\/koningdrone.be\/#website"},"primaryImageOfPage":{"@id":"https:\/\/koningdrone.be\/product\/ecoflow-dual-fuel-smart-generator-power-generator-230-v-1800-w\/#primaryimage"},"image":{"@id":"https:\/\/koningdrone.be\/product\/ecoflow-dual-fuel-smart-generator-power-generator-230-v-1800-w\/#primaryimage"},"thumbnailUrl":"https:\/\/koningdrone.be\/wp-content\/uploads\/sites\/13\/2025\/04\/4897082668657-1.jpg","datePublished":"2023-02-27T15:24:57+00:00","dateModified":"2026-04-29T11:40:45+00:00","breadcrumb":{"@id":"https:\/\/koningdrone.be\/product\/ecoflow-dual-fuel-smart-generator-power-generator-230-v-1800-w\/#breadcrumb"},"inLanguage":"es","potentialAction":[{"@type":"ReadAction","target":["https:\/\/koningdrone.be\/product\/ecoflow-dual-fuel-smart-generator-power-generator-230-v-1800-w\/"]}]},{"@type":"ImageObject","inLanguage":"es","@id":"https:\/\/koningdrone.be\/product\/ecoflow-dual-fuel-smart-generator-power-generator-230-v-1800-w\/#primaryimage","url":"https:\/\/koningdrone.be\/wp-content\/uploads\/sites\/13\/2025\/04\/4897082668657-1.jpg","contentUrl":"https:\/\/koningdrone.be\/wp-content\/uploads\/sites\/13\/2025\/04\/4897082668657-1.jpg","width":540,"height":540},{"@type":"BreadcrumbList","@id":"https:\/\/koningdrone.be\/product\/ecoflow-dual-fuel-smart-generator-power-generator-230-v-1800-w\/#breadcrumb","itemListElement":[{"@type":"ListItem","position":1,"name":"Home","item":"https:\/\/koningdrone.be\/"},{"@type":"ListItem","position":2,"name":"AVSS Parachute Recovery System for DJI Matrice 300\/350","item":"https:\/\/koningdrone.be\/product\/avss-parachute-recovery-system-for-dji-matrice-300-350\/"},{"@type":"ListItem","position":3,"name":"Alle powerstations","item":"https:\/\/koningdrone.be\/categorie\/alle-powerstations\/"},{"@type":"ListItem","position":4,"name":"EcoFlow Dual Fuel Smart Generator EU"}]},{"@type":"WebSite","@id":"https:\/\/koningdrone.be\/#website","url":"https:\/\/koningdrone.be\/","name":"Koningdrone.be - Su especialista en l\u00ednea en drones, cardanes, c\u00e1maras y centrales el\u00e9ctricas.","description":"La tienda virtual de drones y cardanes","publisher":{"@id":"https:\/\/koningdrone.be\/#organization"},"potentialAction":[{"@type":"SearchAction","target":{"@type":"EntryPoint","urlTemplate":"https:\/\/koningdrone.be\/?s={search_term_string}"},"query-input":{"@type":"PropertyValueSpecification","valueRequired":true,"valueName":"search_term_string"}}],"inLanguage":"es"},{"@type":"Organization","@id":"https:\/\/koningdrone.be\/#organization","name":"Kingdrone.es","url":"https:\/\/koningdrone.be\/","logo":{"@type":"ImageObject","inLanguage":"es","@id":"https:\/\/koningdrone.be\/#\/schema\/logo\/image\/","url":"https:\/\/koningdrone.be\/wp-content\/uploads\/sites\/13\/2025\/04\/koningdrone-copyright-logo.svg","contentUrl":"https:\/\/koningdrone.be\/wp-content\/uploads\/sites\/13\/2025\/04\/koningdrone-copyright-logo.svg","width":227,"height":38,"caption":"Koningdrone.be"},"image":{"@id":"https:\/\/koningdrone.be\/#\/schema\/logo\/image\/"}}]}},"df_price":"","df_sale_price":"","df_regular_price":"","df_image_link":"https:\/\/koningdrone.be\/wp-content\/uploads\/sites\/13\/2025\/04\/4897082668657-1-300x300.jpg","_links":{"self":[{"href":"https:\/\/koningdrone.be\/es\/wp-json\/wp\/v2\/product\/5136","targetHints":{"allow":["GET"]}}],"collection":[{"href":"https:\/\/koningdrone.be\/es\/wp-json\/wp\/v2\/product"}],"about":[{"href":"https:\/\/koningdrone.be\/es\/wp-json\/wp\/v2\/types\/product"}],"wp:featuredmedia":[{"embeddable":true,"href":"https:\/\/koningdrone.be\/es\/wp-json\/wp\/v2\/media\/5131"}],"wp:attachment":[{"href":"https:\/\/koningdrone.be\/es\/wp-json\/wp\/v2\/media?parent=5136"}],"wp:term":[{"taxonomy":"product_brand","embeddable":true,"href":"https:\/\/koningdrone.be\/es\/wp-json\/wp\/v2\/product_brand?post=5136"},{"taxonomy":"product_cat","embeddable":true,"href":"https:\/\/koningdrone.be\/es\/wp-json\/wp\/v2\/product_cat?post=5136"},{"taxonomy":"product_tag","embeddable":true,"href":"https:\/\/koningdrone.be\/es\/wp-json\/wp\/v2\/product_tag?post=5136"}],"curies":[{"name":"wp","href":"https:\/\/api.w.org\/{rel}","templated":true}]}}