{"id":5127,"date":"2023-03-08T09:20:34","date_gmt":"2023-03-08T08:20:34","guid":{"rendered":"https:\/\/koningdrone.nl\/kon\/product\/bluetti-ac200-max-solar-power-station\/"},"modified":"2026-04-29T06:10:28","modified_gmt":"2026-04-29T04:10:28","slug":"bluetti-ac200-max-solar-power-station","status":"publish","type":"product","link":"https:\/\/koningdrone.be\/es\/producto\/bluetti-ac200-max-solar-power-station\/","title":{"rendered":"Estaci\u00f3n solar Bluetti AC200 Max"},"content":{"rendered":"<p>La estaci\u00f3n de energ\u00eda solar Bluetti AC200 Max es una estaci\u00f3n de energ\u00eda potente y vers\u00e1til que puede servir como centro de carga port\u00e1til fuera de la red o sobre la marcha. Con una impresionante bater\u00eda LFP ultrarresistente de 2048 Wh y un inversor de onda sinusoidal pura de 2.200 W, la AC200MAX ofrece potencia y flexibilidad.<\/p>\n<p><strong>Capacidad ampliable<\/strong><\/p>\n<p>Esta central el\u00e9ctrica se puede ampliar con dos puertos de expansi\u00f3n, lo que permite conectar hasta dos m\u00f3dulos de bater\u00eda BLUETTI B230s (2048 Wh cada uno) o B300 (3072 Wh cada uno), aumentando la capacidad total hasta la friolera de 8192 Wh.<\/p>\n<p><strong>Carga \u00fatil<\/strong><\/p>\n<p>El AC200MAX puede convertir hasta 900 W de energ\u00eda solar y 500 W a trav\u00e9s del adaptador, e incluso puede cargarse simult\u00e1neamente a trav\u00e9s del enchufe y de paneles solares, lo que da una potencia de carga total de 1400 W. Cada m\u00f3dulo de bater\u00eda BLUETTI tambi\u00e9n tiene su propio puerto de entrada para adaptadores de CA, a\u00f1adiendo otros 500W de potencia de entrada con cada m\u00f3dulo a\u00f1adido.<\/p>\n<p><strong>Versatilidad<\/strong><\/p>\n<p>Gracias a sus 15 tomas, la AC200MAX ofrece una versatilidad sin precedentes, permiti\u00e9ndole satisfacer todas sus necesidades al mismo tiempo. En resumen, esta central el\u00e9ctrica es adecuada para diversas ocasiones y te garantiza que nunca volver\u00e1s a quedarte sin energ\u00eda.<\/p>","protected":false},"excerpt":{"rendered":"<ul>\n<li>Capacidad: 2048Wh para AC200MAX. Bater\u00eda LFP con ciclo de vida 3500+ para 80%.<\/li>\n<li>Ampliable con hasta 2 m\u00f3dulos de bater\u00eda.<\/li>\n<li>Hasta 6.144 Wh con 2\u00d7B230s, u 8.192 Wh con 2\u00d7B300s<\/li>\n<li>Inversor de CA sinusoidal pura de 2.200 W, sobretensi\u00f3n de 4.800 W.<\/li>\n<li>Hasta 900 W de velocidad de entrada solar y 500 W de entrada del adaptador, 1400 W en total.<\/li>\n<li>Aplicaci\u00f3n inteligente de control y monitorizaci\u00f3n.<\/li>\n<\/ul>","protected":false},"featured_media":5123,"template":"","meta":{"_acf_changed":false},"product_brand":[],"product_cat":[454,97,829,415,628],"product_tag":[],"class_list":{"0":"post-5127","1":"product","2":"type-product","3":"status-publish","4":"has-post-thumbnail","6":"product_cat-alle-powerstations","7":"product_cat-alle-producten","8":"product_cat-bluetti","9":"product_cat-energy","10":"product_cat-powerstations","11":"product_shipping_class-outofstock","12":"pa_afmetingen-420-x-280-x-386mm","13":"pa_brand-bluetti","14":"pa_capaciteit-2048-wh-40ah","15":"pa_gewicht-281-kg","16":"pa_input-dc-ingangsvermogen-900w-500w-via-adapter_x000d_-ingangsspanning-zonnepanelen-10v-145v-max-15a","17":"pa_materiaal-kunststof","18":"pa_oplaadtijd-via-ac-5-uur","19":"pa_output-230-v-4-x-ac-230-v-eu-schuko_x000d_-totaal-max-2200-w-continuvermogen_x000d_-totaal-max-4800-w-piek-vermogen","20":"pa_output-dc-2-x-12v-10a-5521_x000d_-1x-12v-10a-_x000d_-1x-12v-30a","21":"pa_output-usb-2-x-usb-a-5v-3a_x000d_-2-x-usb-a-18w_x000d_-1-x-100w-usb-c-pd-port_x000d_-2-x-wireless-charging-15w","22":"pa_productfamily-power-station","23":"pa_producttype-power-station","24":"pa_type-batterij-lifepo4","26":"first","27":"outofstock","28":"taxable","29":"shipping-taxable","30":"product-type-simple"},"acf":[],"yoast_head":"<!-- This site is optimized with the Yoast SEO Premium plugin v27.2 (Yoast SEO v27.2) - https:\/\/yoast.com\/product\/yoast-seo-premium-wordpress\/ -->\n<title>Bluetti AC200 Max Solar Power Station - koningdrone.be<\/title>\n<meta name=\"robots\" content=\"index, follow, max-snippet:-1, max-image-preview:large, max-video-preview:-1\" \/>\n<link rel=\"canonical\" href=\"https:\/\/koningdrone.be\/es\/producto\/bluetti-ac200-max-solar-power-station\/\" \/>\n<meta property=\"og:locale\" content=\"es_ES\" \/>\n<meta property=\"og:type\" content=\"article\" \/>\n<meta property=\"og:title\" content=\"Bluetti AC200 Max Solar Power Station\" \/>\n<meta property=\"og:description\" content=\"Capaciteit: 2048Wh voor AC200MAX. LFP Batterij met levenscyclus 3500+ tot 80%.Uitbreidbaar met maximaal 2 batterijmodules.Tot 6.144 Wh met 2\u00d7B230&#039;s, of 8.192 Wh met 2\u00d7B300&#039;s2.200 W zuivere sinus AC-omvormer, Surge 4800 W.Tot 900W zonne-invoersnelheid en 500W adapterinvoer, 1400W in totaal.Slimme app-bediening en -monitor.\" \/>\n<meta property=\"og:url\" content=\"https:\/\/koningdrone.be\/es\/producto\/bluetti-ac200-max-solar-power-station\/\" \/>\n<meta property=\"og:site_name\" content=\"koningdrone.be\" \/>\n<meta property=\"article:modified_time\" content=\"2026-04-29T04:10:28+00:00\" \/>\n<meta property=\"og:image\" content=\"https:\/\/koningdrone.be\/wp-content\/uploads\/sites\/13\/2025\/04\/6970991290312-1.webp\" \/>\n\t<meta property=\"og:image:width\" content=\"750\" \/>\n\t<meta property=\"og:image:height\" content=\"750\" \/>\n\t<meta property=\"og:image:type\" content=\"image\/webp\" \/>\n<meta name=\"twitter:card\" content=\"summary_large_image\" \/>\n<meta name=\"twitter:label1\" content=\"Tiempo de lectura\" \/>\n\t<meta name=\"twitter:data1\" content=\"1 minuto\" \/>\n<script type=\"application\/ld+json\" class=\"yoast-schema-graph\">{\"@context\":\"https:\/\/schema.org\",\"@graph\":[{\"@type\":\"WebPage\",\"@id\":\"https:\/\/koningdrone.be\/product\/bluetti-ac200-max-solar-power-station\/\",\"url\":\"https:\/\/koningdrone.be\/product\/bluetti-ac200-max-solar-power-station\/\",\"name\":\"Bluetti AC200 Max Solar Power Station - koningdrone.be\",\"isPartOf\":{\"@id\":\"https:\/\/koningdrone.be\/#website\"},\"primaryImageOfPage\":{\"@id\":\"https:\/\/koningdrone.be\/product\/bluetti-ac200-max-solar-power-station\/#primaryimage\"},\"image\":{\"@id\":\"https:\/\/koningdrone.be\/product\/bluetti-ac200-max-solar-power-station\/#primaryimage\"},\"thumbnailUrl\":\"https:\/\/koningdrone.be\/wp-content\/uploads\/sites\/13\/2025\/04\/6970991290312-1.webp\",\"datePublished\":\"2023-03-08T08:20:34+00:00\",\"dateModified\":\"2026-04-29T04:10:28+00:00\",\"breadcrumb\":{\"@id\":\"https:\/\/koningdrone.be\/product\/bluetti-ac200-max-solar-power-station\/#breadcrumb\"},\"inLanguage\":\"es\",\"potentialAction\":[{\"@type\":\"ReadAction\",\"target\":[\"https:\/\/koningdrone.be\/product\/bluetti-ac200-max-solar-power-station\/\"]}]},{\"@type\":\"ImageObject\",\"inLanguage\":\"es\",\"@id\":\"https:\/\/koningdrone.be\/product\/bluetti-ac200-max-solar-power-station\/#primaryimage\",\"url\":\"https:\/\/koningdrone.be\/wp-content\/uploads\/sites\/13\/2025\/04\/6970991290312-1.webp\",\"contentUrl\":\"https:\/\/koningdrone.be\/wp-content\/uploads\/sites\/13\/2025\/04\/6970991290312-1.webp\",\"width\":750,\"height\":750},{\"@type\":\"BreadcrumbList\",\"@id\":\"https:\/\/koningdrone.be\/product\/bluetti-ac200-max-solar-power-station\/#breadcrumb\",\"itemListElement\":[{\"@type\":\"ListItem\",\"position\":1,\"name\":\"Home\",\"item\":\"https:\/\/koningdrone.be\/\"},{\"@type\":\"ListItem\",\"position\":2,\"name\":\"AVSS Parachute Recovery System for DJI Matrice 300\/350\",\"item\":\"https:\/\/koningdrone.be\/product\/avss-parachute-recovery-system-for-dji-matrice-300-350\/\"},{\"@type\":\"ListItem\",\"position\":3,\"name\":\"Alle powerstations\",\"item\":\"https:\/\/koningdrone.be\/categorie\/alle-powerstations\/\"},{\"@type\":\"ListItem\",\"position\":4,\"name\":\"Bluetti AC200 Max Solar Power Station\"}]},{\"@type\":\"WebSite\",\"@id\":\"https:\/\/koningdrone.be\/#website\",\"url\":\"https:\/\/koningdrone.be\/\",\"name\":\"Koningdrone.be - Uw online specialist in drones, gimbals, camera's en power stations.\",\"description\":\"De webshop in drones en gimbals\",\"publisher\":{\"@id\":\"https:\/\/koningdrone.be\/#organization\"},\"potentialAction\":[{\"@type\":\"SearchAction\",\"target\":{\"@type\":\"EntryPoint\",\"urlTemplate\":\"https:\/\/koningdrone.be\/?s={search_term_string}\"},\"query-input\":{\"@type\":\"PropertyValueSpecification\",\"valueRequired\":true,\"valueName\":\"search_term_string\"}}],\"inLanguage\":\"es\"},{\"@type\":\"Organization\",\"@id\":\"https:\/\/koningdrone.be\/#organization\",\"name\":\"Koningdrone.be\",\"url\":\"https:\/\/koningdrone.be\/\",\"logo\":{\"@type\":\"ImageObject\",\"inLanguage\":\"es\",\"@id\":\"https:\/\/koningdrone.be\/#\/schema\/logo\/image\/\",\"url\":\"https:\/\/koningdrone.be\/wp-content\/uploads\/sites\/13\/2025\/04\/koningdrone-copyright-logo.svg\",\"contentUrl\":\"https:\/\/koningdrone.be\/wp-content\/uploads\/sites\/13\/2025\/04\/koningdrone-copyright-logo.svg\",\"width\":227,\"height\":38,\"caption\":\"Koningdrone.be\"},\"image\":{\"@id\":\"https:\/\/koningdrone.be\/#\/schema\/logo\/image\/\"}}]}<\/script>\n<!-- \/ Yoast SEO Premium plugin. -->","yoast_head_json":{"title":"Bluetti AC200 Max Solar Power Station - koningdrone.be","robots":{"index":"index","follow":"follow","max-snippet":"max-snippet:-1","max-image-preview":"max-image-preview:large","max-video-preview":"max-video-preview:-1"},"canonical":"https:\/\/koningdrone.be\/es\/producto\/bluetti-ac200-max-solar-power-station\/","og_locale":"es_ES","og_type":"article","og_title":"Bluetti AC200 Max Solar Power Station","og_description":"Capaciteit: 2048Wh voor AC200MAX. LFP Batterij met levenscyclus 3500+ tot 80%.Uitbreidbaar met maximaal 2 batterijmodules.Tot 6.144 Wh met 2\u00d7B230's, of 8.192 Wh met 2\u00d7B300's2.200 W zuivere sinus AC-omvormer, Surge 4800 W.Tot 900W zonne-invoersnelheid en 500W adapterinvoer, 1400W in totaal.Slimme app-bediening en -monitor.","og_url":"https:\/\/koningdrone.be\/es\/producto\/bluetti-ac200-max-solar-power-station\/","og_site_name":"koningdrone.be","article_modified_time":"2026-04-29T04:10:28+00:00","og_image":[{"width":750,"height":750,"url":"https:\/\/koningdrone.be\/wp-content\/uploads\/sites\/13\/2025\/04\/6970991290312-1.webp","type":"image\/webp"}],"twitter_card":"summary_large_image","twitter_misc":{"Tiempo de lectura":"1 minuto"},"schema":{"@context":"https:\/\/schema.org","@graph":[{"@type":"WebPage","@id":"https:\/\/koningdrone.be\/product\/bluetti-ac200-max-solar-power-station\/","url":"https:\/\/koningdrone.be\/product\/bluetti-ac200-max-solar-power-station\/","name":"Bluetti AC200 Max Solar Power Station - koningdrone.be","isPartOf":{"@id":"https:\/\/koningdrone.be\/#website"},"primaryImageOfPage":{"@id":"https:\/\/koningdrone.be\/product\/bluetti-ac200-max-solar-power-station\/#primaryimage"},"image":{"@id":"https:\/\/koningdrone.be\/product\/bluetti-ac200-max-solar-power-station\/#primaryimage"},"thumbnailUrl":"https:\/\/koningdrone.be\/wp-content\/uploads\/sites\/13\/2025\/04\/6970991290312-1.webp","datePublished":"2023-03-08T08:20:34+00:00","dateModified":"2026-04-29T04:10:28+00:00","breadcrumb":{"@id":"https:\/\/koningdrone.be\/product\/bluetti-ac200-max-solar-power-station\/#breadcrumb"},"inLanguage":"es","potentialAction":[{"@type":"ReadAction","target":["https:\/\/koningdrone.be\/product\/bluetti-ac200-max-solar-power-station\/"]}]},{"@type":"ImageObject","inLanguage":"es","@id":"https:\/\/koningdrone.be\/product\/bluetti-ac200-max-solar-power-station\/#primaryimage","url":"https:\/\/koningdrone.be\/wp-content\/uploads\/sites\/13\/2025\/04\/6970991290312-1.webp","contentUrl":"https:\/\/koningdrone.be\/wp-content\/uploads\/sites\/13\/2025\/04\/6970991290312-1.webp","width":750,"height":750},{"@type":"BreadcrumbList","@id":"https:\/\/koningdrone.be\/product\/bluetti-ac200-max-solar-power-station\/#breadcrumb","itemListElement":[{"@type":"ListItem","position":1,"name":"Home","item":"https:\/\/koningdrone.be\/"},{"@type":"ListItem","position":2,"name":"AVSS Parachute Recovery System for DJI Matrice 300\/350","item":"https:\/\/koningdrone.be\/product\/avss-parachute-recovery-system-for-dji-matrice-300-350\/"},{"@type":"ListItem","position":3,"name":"Alle powerstations","item":"https:\/\/koningdrone.be\/categorie\/alle-powerstations\/"},{"@type":"ListItem","position":4,"name":"Bluetti AC200 Max Solar Power Station"}]},{"@type":"WebSite","@id":"https:\/\/koningdrone.be\/#website","url":"https:\/\/koningdrone.be\/","name":"Koningdrone.be - Su especialista en l\u00ednea en drones, cardanes, c\u00e1maras y centrales el\u00e9ctricas.","description":"La tienda virtual de drones y cardanes","publisher":{"@id":"https:\/\/koningdrone.be\/#organization"},"potentialAction":[{"@type":"SearchAction","target":{"@type":"EntryPoint","urlTemplate":"https:\/\/koningdrone.be\/?s={search_term_string}"},"query-input":{"@type":"PropertyValueSpecification","valueRequired":true,"valueName":"search_term_string"}}],"inLanguage":"es"},{"@type":"Organization","@id":"https:\/\/koningdrone.be\/#organization","name":"Kingdrone.es","url":"https:\/\/koningdrone.be\/","logo":{"@type":"ImageObject","inLanguage":"es","@id":"https:\/\/koningdrone.be\/#\/schema\/logo\/image\/","url":"https:\/\/koningdrone.be\/wp-content\/uploads\/sites\/13\/2025\/04\/koningdrone-copyright-logo.svg","contentUrl":"https:\/\/koningdrone.be\/wp-content\/uploads\/sites\/13\/2025\/04\/koningdrone-copyright-logo.svg","width":227,"height":38,"caption":"Koningdrone.be"},"image":{"@id":"https:\/\/koningdrone.be\/#\/schema\/logo\/image\/"}}]}},"df_price":"","df_sale_price":"","df_regular_price":"","df_image_link":"https:\/\/koningdrone.be\/wp-content\/uploads\/sites\/13\/2025\/04\/6970991290312-1-300x300.webp","_links":{"self":[{"href":"https:\/\/koningdrone.be\/es\/wp-json\/wp\/v2\/product\/5127","targetHints":{"allow":["GET"]}}],"collection":[{"href":"https:\/\/koningdrone.be\/es\/wp-json\/wp\/v2\/product"}],"about":[{"href":"https:\/\/koningdrone.be\/es\/wp-json\/wp\/v2\/types\/product"}],"wp:featuredmedia":[{"embeddable":true,"href":"https:\/\/koningdrone.be\/es\/wp-json\/wp\/v2\/media\/5123"}],"wp:attachment":[{"href":"https:\/\/koningdrone.be\/es\/wp-json\/wp\/v2\/media?parent=5127"}],"wp:term":[{"taxonomy":"product_brand","embeddable":true,"href":"https:\/\/koningdrone.be\/es\/wp-json\/wp\/v2\/product_brand?post=5127"},{"taxonomy":"product_cat","embeddable":true,"href":"https:\/\/koningdrone.be\/es\/wp-json\/wp\/v2\/product_cat?post=5127"},{"taxonomy":"product_tag","embeddable":true,"href":"https:\/\/koningdrone.be\/es\/wp-json\/wp\/v2\/product_tag?post=5127"}],"curies":[{"name":"wp","href":"https:\/\/api.w.org\/{rel}","templated":true}]}}