{"id":5122,"date":"2023-03-08T09:20:34","date_gmt":"2023-03-08T08:20:34","guid":{"rendered":"https:\/\/koningdrone.nl\/kon\/product\/bluetti-b300-expansion-battery\/"},"modified":"2025-05-20T14:36:11","modified_gmt":"2025-05-20T12:36:11","slug":"bluetti-b300-expansion-battery","status":"publish","type":"product","link":"https:\/\/koningdrone.be\/es\/producto\/bluetti-b300-expansion-battery\/","title":{"rendered":"Bater\u00eda de expansi\u00f3n Bluetti B300"},"content":{"rendered":"<p>La Bater\u00eda de Expansi\u00f3n Bluetti B300 ofrece una carga flexible gracias a su MPPT integrado, que permite una carga r\u00e1pida con una potencia solar m\u00e1xima de 200W. Tambi\u00e9n admite la carga de bater\u00edas de CA, de coche y de plomo \u00e1cido, siendo necesario un D050S para la carga de bater\u00edas de coche y de plomo \u00e1cido.<\/p>\n<p><strong>Fuente de alimentaci\u00f3n vers\u00e1til<\/strong><\/p>\n<p>Adem\u00e1s, es una fuente de alimentaci\u00f3n vers\u00e1til que puede alimentar varios dispositivos, como smartphones, ordenadores port\u00e1tiles, ventiladores, l\u00e1mparas, frigor\u00edficos, microondas y mucho m\u00e1s, a trav\u00e9s de puertos de salida dedicados como el USB-C de 100 W, el encendedor de cigarrillos de 12 V\/10 A y los puertos de salida USB-A de 18 W.<\/p>\n<p><strong>Gran capacidad y ciclos de vida<\/strong><\/p>\n<p>Con una capacidad de 3.072 Wh y m\u00e1s de 3.500 ciclos de vida con las celdas de bater\u00eda LifePO4, la B300 ofrece hasta 80% de capacidad original. Adem\u00e1s, puede duplicar, triplicar o incluso cuadruplicar la capacidad total con las series BLUETTI AC200MAX, AC200P o AC300.<\/p>\n<p><strong>Banco de energ\u00eda para el hogar y el viaje<\/strong><\/p>\n<p>El B300 tambi\u00e9n funciona como bater\u00eda de reserva para el hogar y para viajes, ideal para reuniones familiares o acampadas. Alimenta los elementos esenciales del hogar y la acampada, para que pueda disfrutar de los buenos momentos sin preocuparse por los cortes de energ\u00eda. En resumen, el B300 es adecuado para diversas ocasiones y le garantiza que nunca volver\u00e1 a quedarse sin energ\u00eda.<\/p>\n<p><\/p>","protected":false},"excerpt":{"rendered":"<ul>\n<li>Con un USB-C de 100 W, una salida de coche de 12 V\/10 A y un puerto USB-A, puedes usar el B300 como una central el\u00e9ctrica port\u00e1til.<\/li>\n<li>Gracias al MPPT inteligente de la B300, puede cargarse r\u00e1pidamente con energ\u00eda solar a una escala de carga m\u00e1xima de 200 W.<\/li>\n<li>Tambi\u00e9n puedes cargarlo desde la toma de corriente, desde el coche o desde una bater\u00eda de plomo.<\/li>\n<li>La carga de autom\u00f3viles y bater\u00edas de plomo-\u00e1cido debe realizarse a trav\u00e9s del D050S.<\/li>\n<\/ul>","protected":false},"featured_media":5118,"template":"","meta":{"_acf_changed":false},"product_brand":[],"product_cat":[113,97,829,415,628],"product_tag":[],"class_list":{"0":"post-5122","1":"product","2":"type-product","3":"status-publish","4":"has-post-thumbnail","6":"product_cat-alle-batterijen","7":"product_cat-alle-producten","8":"product_cat-bluetti","9":"product_cat-energy","10":"product_cat-powerstations","11":"pa_brand-bluetti","12":"pa_productfamily-extra-batterij","13":"pa_producttype-extra-batterij","15":"first","16":"outofstock","17":"taxable","18":"shipping-taxable","19":"product-type-simple"},"acf":[],"yoast_head":"<!-- This site is optimized with the Yoast SEO Premium plugin v27.2 (Yoast SEO v27.2) - https:\/\/yoast.com\/product\/yoast-seo-premium-wordpress\/ -->\n<title>Bluetti B300 Expansion Battery - koningdrone.be<\/title>\n<meta name=\"robots\" content=\"index, follow, max-snippet:-1, max-image-preview:large, max-video-preview:-1\" \/>\n<link rel=\"canonical\" href=\"https:\/\/koningdrone.be\/es\/producto\/bluetti-b300-expansion-battery\/\" \/>\n<meta property=\"og:locale\" content=\"es_ES\" \/>\n<meta property=\"og:type\" content=\"article\" \/>\n<meta property=\"og:title\" content=\"Bluetti B300 Expansion Battery\" \/>\n<meta property=\"og:description\" content=\"Functies met een 100W USB-C, een 12V\/10A auto-uitgang en een USB-A-poorten, kunt u de B300 gebruiken als een draagbare krachtcentrale.Dankzij de slimme MPPT in de B300 kan hij snel worden opgeladen door middel van zonne-energie bij een maximale laadschaal van 200 W.U kunt hem ook opladen via het stopcontact, via de auto of via een loodzuuraccu.Het opladen van auto&#039;s en loodzuuraccu&#039;s moet worden gerealiseerd via D050S.\" \/>\n<meta property=\"og:url\" content=\"https:\/\/koningdrone.be\/es\/producto\/bluetti-b300-expansion-battery\/\" \/>\n<meta property=\"og:site_name\" content=\"koningdrone.be\" \/>\n<meta property=\"article:modified_time\" content=\"2025-05-20T12:36:11+00:00\" \/>\n<meta property=\"og:image\" content=\"https:\/\/koningdrone.be\/wp-content\/uploads\/sites\/13\/2025\/04\/6970991290497-1.webp\" \/>\n\t<meta property=\"og:image:width\" content=\"750\" \/>\n\t<meta property=\"og:image:height\" content=\"750\" \/>\n\t<meta property=\"og:image:type\" content=\"image\/webp\" \/>\n<meta name=\"twitter:card\" content=\"summary_large_image\" \/>\n<meta name=\"twitter:label1\" content=\"Tiempo de lectura\" \/>\n\t<meta name=\"twitter:data1\" content=\"1 minuto\" \/>\n<script type=\"application\/ld+json\" class=\"yoast-schema-graph\">{\"@context\":\"https:\/\/schema.org\",\"@graph\":[{\"@type\":\"WebPage\",\"@id\":\"https:\/\/koningdrone.be\/product\/bluetti-b300-expansion-battery\/\",\"url\":\"https:\/\/koningdrone.be\/product\/bluetti-b300-expansion-battery\/\",\"name\":\"Bluetti B300 Expansion Battery - koningdrone.be\",\"isPartOf\":{\"@id\":\"https:\/\/koningdrone.be\/#website\"},\"primaryImageOfPage\":{\"@id\":\"https:\/\/koningdrone.be\/product\/bluetti-b300-expansion-battery\/#primaryimage\"},\"image\":{\"@id\":\"https:\/\/koningdrone.be\/product\/bluetti-b300-expansion-battery\/#primaryimage\"},\"thumbnailUrl\":\"https:\/\/koningdrone.be\/wp-content\/uploads\/sites\/13\/2025\/04\/6970991290497-1.webp\",\"datePublished\":\"2023-03-08T08:20:34+00:00\",\"dateModified\":\"2025-05-20T12:36:11+00:00\",\"breadcrumb\":{\"@id\":\"https:\/\/koningdrone.be\/product\/bluetti-b300-expansion-battery\/#breadcrumb\"},\"inLanguage\":\"es\",\"potentialAction\":[{\"@type\":\"ReadAction\",\"target\":[\"https:\/\/koningdrone.be\/product\/bluetti-b300-expansion-battery\/\"]}]},{\"@type\":\"ImageObject\",\"inLanguage\":\"es\",\"@id\":\"https:\/\/koningdrone.be\/product\/bluetti-b300-expansion-battery\/#primaryimage\",\"url\":\"https:\/\/koningdrone.be\/wp-content\/uploads\/sites\/13\/2025\/04\/6970991290497-1.webp\",\"contentUrl\":\"https:\/\/koningdrone.be\/wp-content\/uploads\/sites\/13\/2025\/04\/6970991290497-1.webp\",\"width\":750,\"height\":750},{\"@type\":\"BreadcrumbList\",\"@id\":\"https:\/\/koningdrone.be\/product\/bluetti-b300-expansion-battery\/#breadcrumb\",\"itemListElement\":[{\"@type\":\"ListItem\",\"position\":1,\"name\":\"Home\",\"item\":\"https:\/\/koningdrone.be\/\"},{\"@type\":\"ListItem\",\"position\":2,\"name\":\"AVSS Parachute Recovery System for DJI Matrice 300\/350\",\"item\":\"https:\/\/koningdrone.be\/product\/avss-parachute-recovery-system-for-dji-matrice-300-350\/\"},{\"@type\":\"ListItem\",\"position\":3,\"name\":\"Alle batterijen\",\"item\":\"https:\/\/koningdrone.be\/categorie\/alle-batterijen\/\"},{\"@type\":\"ListItem\",\"position\":4,\"name\":\"Bluetti B300 Expansion Battery\"}]},{\"@type\":\"WebSite\",\"@id\":\"https:\/\/koningdrone.be\/#website\",\"url\":\"https:\/\/koningdrone.be\/\",\"name\":\"Koningdrone.be - Uw online specialist in drones, gimbals, camera's en power stations.\",\"description\":\"De webshop in drones en gimbals\",\"publisher\":{\"@id\":\"https:\/\/koningdrone.be\/#organization\"},\"potentialAction\":[{\"@type\":\"SearchAction\",\"target\":{\"@type\":\"EntryPoint\",\"urlTemplate\":\"https:\/\/koningdrone.be\/?s={search_term_string}\"},\"query-input\":{\"@type\":\"PropertyValueSpecification\",\"valueRequired\":true,\"valueName\":\"search_term_string\"}}],\"inLanguage\":\"es\"},{\"@type\":\"Organization\",\"@id\":\"https:\/\/koningdrone.be\/#organization\",\"name\":\"Koningdrone.be\",\"url\":\"https:\/\/koningdrone.be\/\",\"logo\":{\"@type\":\"ImageObject\",\"inLanguage\":\"es\",\"@id\":\"https:\/\/koningdrone.be\/#\/schema\/logo\/image\/\",\"url\":\"https:\/\/koningdrone.be\/wp-content\/uploads\/sites\/13\/2025\/04\/koningdrone-copyright-logo.svg\",\"contentUrl\":\"https:\/\/koningdrone.be\/wp-content\/uploads\/sites\/13\/2025\/04\/koningdrone-copyright-logo.svg\",\"width\":227,\"height\":38,\"caption\":\"Koningdrone.be\"},\"image\":{\"@id\":\"https:\/\/koningdrone.be\/#\/schema\/logo\/image\/\"}}]}<\/script>\n<!-- \/ Yoast SEO Premium plugin. -->","yoast_head_json":{"title":"Bluetti B300 Expansion Battery - koningdrone.be","robots":{"index":"index","follow":"follow","max-snippet":"max-snippet:-1","max-image-preview":"max-image-preview:large","max-video-preview":"max-video-preview:-1"},"canonical":"https:\/\/koningdrone.be\/es\/producto\/bluetti-b300-expansion-battery\/","og_locale":"es_ES","og_type":"article","og_title":"Bluetti B300 Expansion Battery","og_description":"Functies met een 100W USB-C, een 12V\/10A auto-uitgang en een USB-A-poorten, kunt u de B300 gebruiken als een draagbare krachtcentrale.Dankzij de slimme MPPT in de B300 kan hij snel worden opgeladen door middel van zonne-energie bij een maximale laadschaal van 200 W.U kunt hem ook opladen via het stopcontact, via de auto of via een loodzuuraccu.Het opladen van auto's en loodzuuraccu's moet worden gerealiseerd via D050S.","og_url":"https:\/\/koningdrone.be\/es\/producto\/bluetti-b300-expansion-battery\/","og_site_name":"koningdrone.be","article_modified_time":"2025-05-20T12:36:11+00:00","og_image":[{"width":750,"height":750,"url":"https:\/\/koningdrone.be\/wp-content\/uploads\/sites\/13\/2025\/04\/6970991290497-1.webp","type":"image\/webp"}],"twitter_card":"summary_large_image","twitter_misc":{"Tiempo de lectura":"1 minuto"},"schema":{"@context":"https:\/\/schema.org","@graph":[{"@type":"WebPage","@id":"https:\/\/koningdrone.be\/product\/bluetti-b300-expansion-battery\/","url":"https:\/\/koningdrone.be\/product\/bluetti-b300-expansion-battery\/","name":"Bluetti B300 Expansion Battery - koningdrone.be","isPartOf":{"@id":"https:\/\/koningdrone.be\/#website"},"primaryImageOfPage":{"@id":"https:\/\/koningdrone.be\/product\/bluetti-b300-expansion-battery\/#primaryimage"},"image":{"@id":"https:\/\/koningdrone.be\/product\/bluetti-b300-expansion-battery\/#primaryimage"},"thumbnailUrl":"https:\/\/koningdrone.be\/wp-content\/uploads\/sites\/13\/2025\/04\/6970991290497-1.webp","datePublished":"2023-03-08T08:20:34+00:00","dateModified":"2025-05-20T12:36:11+00:00","breadcrumb":{"@id":"https:\/\/koningdrone.be\/product\/bluetti-b300-expansion-battery\/#breadcrumb"},"inLanguage":"es","potentialAction":[{"@type":"ReadAction","target":["https:\/\/koningdrone.be\/product\/bluetti-b300-expansion-battery\/"]}]},{"@type":"ImageObject","inLanguage":"es","@id":"https:\/\/koningdrone.be\/product\/bluetti-b300-expansion-battery\/#primaryimage","url":"https:\/\/koningdrone.be\/wp-content\/uploads\/sites\/13\/2025\/04\/6970991290497-1.webp","contentUrl":"https:\/\/koningdrone.be\/wp-content\/uploads\/sites\/13\/2025\/04\/6970991290497-1.webp","width":750,"height":750},{"@type":"BreadcrumbList","@id":"https:\/\/koningdrone.be\/product\/bluetti-b300-expansion-battery\/#breadcrumb","itemListElement":[{"@type":"ListItem","position":1,"name":"Home","item":"https:\/\/koningdrone.be\/"},{"@type":"ListItem","position":2,"name":"AVSS Parachute Recovery System for DJI Matrice 300\/350","item":"https:\/\/koningdrone.be\/product\/avss-parachute-recovery-system-for-dji-matrice-300-350\/"},{"@type":"ListItem","position":3,"name":"Alle batterijen","item":"https:\/\/koningdrone.be\/categorie\/alle-batterijen\/"},{"@type":"ListItem","position":4,"name":"Bluetti B300 Expansion Battery"}]},{"@type":"WebSite","@id":"https:\/\/koningdrone.be\/#website","url":"https:\/\/koningdrone.be\/","name":"Koningdrone.be - Su especialista en l\u00ednea en drones, cardanes, c\u00e1maras y centrales el\u00e9ctricas.","description":"La tienda virtual de drones y cardanes","publisher":{"@id":"https:\/\/koningdrone.be\/#organization"},"potentialAction":[{"@type":"SearchAction","target":{"@type":"EntryPoint","urlTemplate":"https:\/\/koningdrone.be\/?s={search_term_string}"},"query-input":{"@type":"PropertyValueSpecification","valueRequired":true,"valueName":"search_term_string"}}],"inLanguage":"es"},{"@type":"Organization","@id":"https:\/\/koningdrone.be\/#organization","name":"Kingdrone.es","url":"https:\/\/koningdrone.be\/","logo":{"@type":"ImageObject","inLanguage":"es","@id":"https:\/\/koningdrone.be\/#\/schema\/logo\/image\/","url":"https:\/\/koningdrone.be\/wp-content\/uploads\/sites\/13\/2025\/04\/koningdrone-copyright-logo.svg","contentUrl":"https:\/\/koningdrone.be\/wp-content\/uploads\/sites\/13\/2025\/04\/koningdrone-copyright-logo.svg","width":227,"height":38,"caption":"Koningdrone.be"},"image":{"@id":"https:\/\/koningdrone.be\/#\/schema\/logo\/image\/"}}]}},"df_price":"","df_sale_price":"","df_regular_price":"","df_image_link":"https:\/\/koningdrone.be\/wp-content\/uploads\/sites\/13\/2025\/04\/6970991290497-1-300x300.webp","_links":{"self":[{"href":"https:\/\/koningdrone.be\/es\/wp-json\/wp\/v2\/product\/5122","targetHints":{"allow":["GET"]}}],"collection":[{"href":"https:\/\/koningdrone.be\/es\/wp-json\/wp\/v2\/product"}],"about":[{"href":"https:\/\/koningdrone.be\/es\/wp-json\/wp\/v2\/types\/product"}],"wp:featuredmedia":[{"embeddable":true,"href":"https:\/\/koningdrone.be\/es\/wp-json\/wp\/v2\/media\/5118"}],"wp:attachment":[{"href":"https:\/\/koningdrone.be\/es\/wp-json\/wp\/v2\/media?parent=5122"}],"wp:term":[{"taxonomy":"product_brand","embeddable":true,"href":"https:\/\/koningdrone.be\/es\/wp-json\/wp\/v2\/product_brand?post=5122"},{"taxonomy":"product_cat","embeddable":true,"href":"https:\/\/koningdrone.be\/es\/wp-json\/wp\/v2\/product_cat?post=5122"},{"taxonomy":"product_tag","embeddable":true,"href":"https:\/\/koningdrone.be\/es\/wp-json\/wp\/v2\/product_tag?post=5122"}],"curies":[{"name":"wp","href":"https:\/\/api.w.org\/{rel}","templated":true}]}}