{"id":5117,"date":"2023-03-08T09:20:34","date_gmt":"2023-03-08T08:20:34","guid":{"rendered":"https:\/\/koningdrone.nl\/kon\/product\/bluetti-ac300-inverter\/"},"modified":"2025-05-20T14:36:04","modified_gmt":"2025-05-20T12:36:04","slug":"bluetti-ac300-inverter","status":"publish","type":"product","link":"https:\/\/koningdrone.be\/es\/producto\/bluetti-ac300-inverter\/","title":{"rendered":"Inversor Bluetti AC300"},"content":{"rendered":"<p>El inversor Bluetti AC300 es una fuente de energ\u00eda potente y fiable para todas sus necesidades el\u00e9ctricas. Con un inversor de CA de alta calidad, el AC300 puede ocuparse de forma segura y eficaz de potentes aparatos como aires acondicionados, frigor\u00edficos, cortac\u00e9spedes y cortadoras l\u00e1ser.<\/p>\n<p><strong>Potencia y capacidad<\/strong><\/p>\n<p>Lo que hace \u00fanico al AC300 es su capacidad para aceptar paquetes de bater\u00edas externas, lo que aumenta su capacidad hasta un m\u00e1ximo de 12.288 Wh. Desde respaldo de emergencia hasta fuente de alimentaci\u00f3n independiente de la red, este generador dom\u00e9stico satisfar\u00e1 todas sus necesidades de electricidad. Con un generador ampliable de 3.000 vatios, siempre estar\u00e1 preparado para cualquier situaci\u00f3n.<\/p>\n<p><strong>Opciones de carga<\/strong><\/p>\n<p>Cargar el Bluetti AC300 es pan comido, con una asombrosa tasa de entrada de 5400W. Enchufe el adaptador y los paneles solares y estar\u00e1 listo para funcionar. Puede cargar el AC300 desde un enchufe de pared, paneles solares, coche, generador y bater\u00eda de plomo, manteni\u00e9ndole conectado en cualquier momento y lugar.<\/p>\n<p><strong>Panel BLUETTI Smart Home<\/strong><\/p>\n<p>Con el Smart Home Panel de BLUETTI, puede conectar el sistema de alimentaci\u00f3n AC300 a su red dom\u00e9stica, asegur\u00e1ndose de estar siempre preparado para los cortes de suministro el\u00e9ctrico. Adem\u00e1s, la conexi\u00f3n de 240 V le permite enlazar 2 \u00d7 unidades AC300 y conectar 8 \u00d7 bater\u00edas B300 para crear un centro de energ\u00eda inigualable para el confort en el hogar.<\/p>\n<p><strong>Enchufes y cargadores inal\u00e1mbricos<\/strong><\/p>\n<p>El Bluetti AC300 cuenta con m\u00faltiples tomas de corriente para satisfacer todas sus necesidades, incluido el puerto NEMA TT-30 y 12V\/30A CC, perfecto para autocaravanas. Adem\u00e1s, los cargadores inal\u00e1mbricos permiten cargar smartphones, auriculares y otros dispositivos compatibles.<\/p>\n<p><strong>Conclusi\u00f3n<\/strong><\/p>\n<p>En resumen, el inversor Bluetti AC300 es adecuado para diversas ocasiones y le garantiza que nunca volver\u00e1 a quedarse sin electricidad.<\/p>\n<p><\/p>","protected":false},"excerpt":{"rendered":"<ul>\n<li>Inversor de onda sinusoidal pura de 3.000 W CA (sobretensi\u00f3n de 6.000 W);<\/li>\n<li>Ampliable a 12.288 Wh con 4\u00d7B300s;<\/li>\n<li>7 modos de carga (CA\/Solar\/Auto\/Generador\/Bater\u00eda de plomo\/Doble CA\/CA+Solar);<\/li>\n<li>2400 W m\u00e1x. Entrada solar<\/li>\n<li>5400W m\u00e1x. Carga dual r\u00e1pida (solar simult\u00e1nea + adaptador de CA);<\/li>\n<li>Aplicaci\u00f3n inteligente de control y supervisi\u00f3n\uff1b<\/li>\n<li>Conexi\u00f3n de 240 V disponible;<\/li>\n<li>Respaldo dom\u00e9stico UPS 24\/7\uff1b<\/li>\n<\/ul>","protected":false},"featured_media":5113,"template":"","meta":{"_acf_changed":false},"product_brand":[],"product_cat":[97,829,415,628],"product_tag":[],"class_list":{"0":"post-5117","1":"product","2":"type-product","3":"status-publish","4":"has-post-thumbnail","6":"product_cat-alle-producten","7":"product_cat-bluetti","8":"product_cat-energy","9":"product_cat-powerstations","10":"pa_brand-bluetti","11":"pa_productfamily-inverter","12":"pa_producttype-inverter","14":"first","15":"outofstock","16":"taxable","17":"shipping-taxable","18":"product-type-simple"},"acf":[],"yoast_head":"<!-- This site is optimized with the Yoast SEO Premium plugin v27.2 (Yoast SEO v27.2) - https:\/\/yoast.com\/product\/yoast-seo-premium-wordpress\/ -->\n<title>Bluetti AC300 Inverter - koningdrone.be<\/title>\n<meta name=\"robots\" content=\"index, follow, max-snippet:-1, max-image-preview:large, max-video-preview:-1\" \/>\n<link rel=\"canonical\" href=\"https:\/\/koningdrone.be\/es\/producto\/bluetti-ac300-inverter\/\" \/>\n<meta property=\"og:locale\" content=\"es_ES\" \/>\n<meta property=\"og:type\" content=\"article\" \/>\n<meta property=\"og:title\" content=\"Bluetti AC300 Inverter\" \/>\n<meta property=\"og:description\" content=\"3.000 W AC zuivere sinusomvormer (6.000 W overspanning);Uitbreidbaar tot 12.288 Wh met 4\u00d7B300&#039;s;7 manieren om op te laden (AC\/Zonne-energie\/Auto\/Generator\/Loodaccu\/Dual AC\/AC+Zonne-energie);2400W Max. Zonne-invoer5400W Max. Snel dubbel opladen (gelijktijdig zonne-energie + AC-adapter);Slimme app-bediening en -monitor\uff1b240V-aansluiting beschikbaar;24\/7 UPS-thuisback-up\uff1b\" \/>\n<meta property=\"og:url\" content=\"https:\/\/koningdrone.be\/es\/producto\/bluetti-ac300-inverter\/\" \/>\n<meta property=\"og:site_name\" content=\"koningdrone.be\" \/>\n<meta property=\"article:modified_time\" content=\"2025-05-20T12:36:04+00:00\" \/>\n<meta property=\"og:image\" content=\"https:\/\/koningdrone.be\/wp-content\/uploads\/sites\/13\/2025\/04\/6970991290480-1.webp\" \/>\n\t<meta property=\"og:image:width\" content=\"1400\" \/>\n\t<meta property=\"og:image:height\" content=\"1400\" \/>\n\t<meta property=\"og:image:type\" content=\"image\/webp\" \/>\n<meta name=\"twitter:card\" content=\"summary_large_image\" \/>\n<meta name=\"twitter:label1\" content=\"Tiempo de lectura\" \/>\n\t<meta name=\"twitter:data1\" content=\"1 minuto\" \/>\n<script type=\"application\/ld+json\" class=\"yoast-schema-graph\">{\"@context\":\"https:\/\/schema.org\",\"@graph\":[{\"@type\":\"WebPage\",\"@id\":\"https:\/\/koningdrone.be\/product\/bluetti-ac300-inverter\/\",\"url\":\"https:\/\/koningdrone.be\/product\/bluetti-ac300-inverter\/\",\"name\":\"Bluetti AC300 Inverter - koningdrone.be\",\"isPartOf\":{\"@id\":\"https:\/\/koningdrone.be\/#website\"},\"primaryImageOfPage\":{\"@id\":\"https:\/\/koningdrone.be\/product\/bluetti-ac300-inverter\/#primaryimage\"},\"image\":{\"@id\":\"https:\/\/koningdrone.be\/product\/bluetti-ac300-inverter\/#primaryimage\"},\"thumbnailUrl\":\"https:\/\/koningdrone.be\/wp-content\/uploads\/sites\/13\/2025\/04\/6970991290480-1.webp\",\"datePublished\":\"2023-03-08T08:20:34+00:00\",\"dateModified\":\"2025-05-20T12:36:04+00:00\",\"breadcrumb\":{\"@id\":\"https:\/\/koningdrone.be\/product\/bluetti-ac300-inverter\/#breadcrumb\"},\"inLanguage\":\"es\",\"potentialAction\":[{\"@type\":\"ReadAction\",\"target\":[\"https:\/\/koningdrone.be\/product\/bluetti-ac300-inverter\/\"]}]},{\"@type\":\"ImageObject\",\"inLanguage\":\"es\",\"@id\":\"https:\/\/koningdrone.be\/product\/bluetti-ac300-inverter\/#primaryimage\",\"url\":\"https:\/\/koningdrone.be\/wp-content\/uploads\/sites\/13\/2025\/04\/6970991290480-1.webp\",\"contentUrl\":\"https:\/\/koningdrone.be\/wp-content\/uploads\/sites\/13\/2025\/04\/6970991290480-1.webp\",\"width\":1400,\"height\":1400},{\"@type\":\"BreadcrumbList\",\"@id\":\"https:\/\/koningdrone.be\/product\/bluetti-ac300-inverter\/#breadcrumb\",\"itemListElement\":[{\"@type\":\"ListItem\",\"position\":1,\"name\":\"Home\",\"item\":\"https:\/\/koningdrone.be\/\"},{\"@type\":\"ListItem\",\"position\":2,\"name\":\"AVSS Parachute Recovery System for DJI Matrice 300\/350\",\"item\":\"https:\/\/koningdrone.be\/product\/avss-parachute-recovery-system-for-dji-matrice-300-350\/\"},{\"@type\":\"ListItem\",\"position\":3,\"name\":\"Alle producten\",\"item\":\"https:\/\/koningdrone.be\/categorie\/alle-producten\/\"},{\"@type\":\"ListItem\",\"position\":4,\"name\":\"Bluetti AC300 Inverter\"}]},{\"@type\":\"WebSite\",\"@id\":\"https:\/\/koningdrone.be\/#website\",\"url\":\"https:\/\/koningdrone.be\/\",\"name\":\"Koningdrone.be - Uw online specialist in drones, gimbals, camera's en power stations.\",\"description\":\"De webshop in drones en gimbals\",\"publisher\":{\"@id\":\"https:\/\/koningdrone.be\/#organization\"},\"potentialAction\":[{\"@type\":\"SearchAction\",\"target\":{\"@type\":\"EntryPoint\",\"urlTemplate\":\"https:\/\/koningdrone.be\/?s={search_term_string}\"},\"query-input\":{\"@type\":\"PropertyValueSpecification\",\"valueRequired\":true,\"valueName\":\"search_term_string\"}}],\"inLanguage\":\"es\"},{\"@type\":\"Organization\",\"@id\":\"https:\/\/koningdrone.be\/#organization\",\"name\":\"Koningdrone.be\",\"url\":\"https:\/\/koningdrone.be\/\",\"logo\":{\"@type\":\"ImageObject\",\"inLanguage\":\"es\",\"@id\":\"https:\/\/koningdrone.be\/#\/schema\/logo\/image\/\",\"url\":\"https:\/\/koningdrone.be\/wp-content\/uploads\/sites\/13\/2025\/04\/koningdrone-copyright-logo.svg\",\"contentUrl\":\"https:\/\/koningdrone.be\/wp-content\/uploads\/sites\/13\/2025\/04\/koningdrone-copyright-logo.svg\",\"width\":227,\"height\":38,\"caption\":\"Koningdrone.be\"},\"image\":{\"@id\":\"https:\/\/koningdrone.be\/#\/schema\/logo\/image\/\"}}]}<\/script>\n<!-- \/ Yoast SEO Premium plugin. -->","yoast_head_json":{"title":"Bluetti AC300 Inverter - koningdrone.be","robots":{"index":"index","follow":"follow","max-snippet":"max-snippet:-1","max-image-preview":"max-image-preview:large","max-video-preview":"max-video-preview:-1"},"canonical":"https:\/\/koningdrone.be\/es\/producto\/bluetti-ac300-inverter\/","og_locale":"es_ES","og_type":"article","og_title":"Bluetti AC300 Inverter","og_description":"3.000 W AC zuivere sinusomvormer (6.000 W overspanning);Uitbreidbaar tot 12.288 Wh met 4\u00d7B300's;7 manieren om op te laden (AC\/Zonne-energie\/Auto\/Generator\/Loodaccu\/Dual AC\/AC+Zonne-energie);2400W Max. Zonne-invoer5400W Max. Snel dubbel opladen (gelijktijdig zonne-energie + AC-adapter);Slimme app-bediening en -monitor\uff1b240V-aansluiting beschikbaar;24\/7 UPS-thuisback-up\uff1b","og_url":"https:\/\/koningdrone.be\/es\/producto\/bluetti-ac300-inverter\/","og_site_name":"koningdrone.be","article_modified_time":"2025-05-20T12:36:04+00:00","og_image":[{"width":1400,"height":1400,"url":"https:\/\/koningdrone.be\/wp-content\/uploads\/sites\/13\/2025\/04\/6970991290480-1.webp","type":"image\/webp"}],"twitter_card":"summary_large_image","twitter_misc":{"Tiempo de lectura":"1 minuto"},"schema":{"@context":"https:\/\/schema.org","@graph":[{"@type":"WebPage","@id":"https:\/\/koningdrone.be\/product\/bluetti-ac300-inverter\/","url":"https:\/\/koningdrone.be\/product\/bluetti-ac300-inverter\/","name":"Bluetti AC300 Inverter - koningdrone.be","isPartOf":{"@id":"https:\/\/koningdrone.be\/#website"},"primaryImageOfPage":{"@id":"https:\/\/koningdrone.be\/product\/bluetti-ac300-inverter\/#primaryimage"},"image":{"@id":"https:\/\/koningdrone.be\/product\/bluetti-ac300-inverter\/#primaryimage"},"thumbnailUrl":"https:\/\/koningdrone.be\/wp-content\/uploads\/sites\/13\/2025\/04\/6970991290480-1.webp","datePublished":"2023-03-08T08:20:34+00:00","dateModified":"2025-05-20T12:36:04+00:00","breadcrumb":{"@id":"https:\/\/koningdrone.be\/product\/bluetti-ac300-inverter\/#breadcrumb"},"inLanguage":"es","potentialAction":[{"@type":"ReadAction","target":["https:\/\/koningdrone.be\/product\/bluetti-ac300-inverter\/"]}]},{"@type":"ImageObject","inLanguage":"es","@id":"https:\/\/koningdrone.be\/product\/bluetti-ac300-inverter\/#primaryimage","url":"https:\/\/koningdrone.be\/wp-content\/uploads\/sites\/13\/2025\/04\/6970991290480-1.webp","contentUrl":"https:\/\/koningdrone.be\/wp-content\/uploads\/sites\/13\/2025\/04\/6970991290480-1.webp","width":1400,"height":1400},{"@type":"BreadcrumbList","@id":"https:\/\/koningdrone.be\/product\/bluetti-ac300-inverter\/#breadcrumb","itemListElement":[{"@type":"ListItem","position":1,"name":"Home","item":"https:\/\/koningdrone.be\/"},{"@type":"ListItem","position":2,"name":"AVSS Parachute Recovery System for DJI Matrice 300\/350","item":"https:\/\/koningdrone.be\/product\/avss-parachute-recovery-system-for-dji-matrice-300-350\/"},{"@type":"ListItem","position":3,"name":"Alle producten","item":"https:\/\/koningdrone.be\/categorie\/alle-producten\/"},{"@type":"ListItem","position":4,"name":"Bluetti AC300 Inverter"}]},{"@type":"WebSite","@id":"https:\/\/koningdrone.be\/#website","url":"https:\/\/koningdrone.be\/","name":"Koningdrone.be - Su especialista en l\u00ednea en drones, cardanes, c\u00e1maras y centrales el\u00e9ctricas.","description":"La tienda virtual de drones y cardanes","publisher":{"@id":"https:\/\/koningdrone.be\/#organization"},"potentialAction":[{"@type":"SearchAction","target":{"@type":"EntryPoint","urlTemplate":"https:\/\/koningdrone.be\/?s={search_term_string}"},"query-input":{"@type":"PropertyValueSpecification","valueRequired":true,"valueName":"search_term_string"}}],"inLanguage":"es"},{"@type":"Organization","@id":"https:\/\/koningdrone.be\/#organization","name":"Kingdrone.es","url":"https:\/\/koningdrone.be\/","logo":{"@type":"ImageObject","inLanguage":"es","@id":"https:\/\/koningdrone.be\/#\/schema\/logo\/image\/","url":"https:\/\/koningdrone.be\/wp-content\/uploads\/sites\/13\/2025\/04\/koningdrone-copyright-logo.svg","contentUrl":"https:\/\/koningdrone.be\/wp-content\/uploads\/sites\/13\/2025\/04\/koningdrone-copyright-logo.svg","width":227,"height":38,"caption":"Koningdrone.be"},"image":{"@id":"https:\/\/koningdrone.be\/#\/schema\/logo\/image\/"}}]}},"df_price":"","df_sale_price":"","df_regular_price":"","df_image_link":"https:\/\/koningdrone.be\/wp-content\/uploads\/sites\/13\/2025\/04\/6970991290480-1-300x300.webp","_links":{"self":[{"href":"https:\/\/koningdrone.be\/es\/wp-json\/wp\/v2\/product\/5117","targetHints":{"allow":["GET"]}}],"collection":[{"href":"https:\/\/koningdrone.be\/es\/wp-json\/wp\/v2\/product"}],"about":[{"href":"https:\/\/koningdrone.be\/es\/wp-json\/wp\/v2\/types\/product"}],"wp:featuredmedia":[{"embeddable":true,"href":"https:\/\/koningdrone.be\/es\/wp-json\/wp\/v2\/media\/5113"}],"wp:attachment":[{"href":"https:\/\/koningdrone.be\/es\/wp-json\/wp\/v2\/media?parent=5117"}],"wp:term":[{"taxonomy":"product_brand","embeddable":true,"href":"https:\/\/koningdrone.be\/es\/wp-json\/wp\/v2\/product_brand?post=5117"},{"taxonomy":"product_cat","embeddable":true,"href":"https:\/\/koningdrone.be\/es\/wp-json\/wp\/v2\/product_cat?post=5117"},{"taxonomy":"product_tag","embeddable":true,"href":"https:\/\/koningdrone.be\/es\/wp-json\/wp\/v2\/product_tag?post=5117"}],"curies":[{"name":"wp","href":"https:\/\/api.w.org\/{rel}","templated":true}]}}