{"id":5107,"date":"2023-03-08T09:20:34","date_gmt":"2023-03-08T08:20:34","guid":{"rendered":"https:\/\/koningdrone.nl\/kon\/product\/bluetti-ep500-solar-power-station\/"},"modified":"2025-05-20T14:35:50","modified_gmt":"2025-05-20T12:35:50","slug":"bluetti-ep500-solar-power-station","status":"publish","type":"product","link":"https:\/\/koningdrone.be\/es\/producto\/bluetti-ep500-solar-power-station\/","title":{"rendered":"Estaci\u00f3n solar Bluetti EP500"},"content":{"rendered":"<p>La Bluetti EP500 es una potente central el\u00e9ctrica de reserva todo en uno ideal para fiestas, acampadas familiares, talleres en caba\u00f1as o incluso como reserva para toda la casa en caso de corte del suministro el\u00e9ctrico. Con una impresionante bater\u00eda LiFePO4 de 5100 Wh y un inversor de CA de onda sinusoidal pura de 2000 W, esta central el\u00e9ctrica ofrece la posibilidad de alimentar hasta 13 dispositivos, desde ordenadores port\u00e1tiles y aparatos de aire acondicionado hasta veh\u00edculos el\u00e9ctricos.<\/p>\n<p><strong>Seguridad y sostenibilidad<\/strong><\/p>\n<p>La seguridad y la durabilidad est\u00e1n en el coraz\u00f3n de la EP500, gracias a su avanzado sistema de gesti\u00f3n de la bater\u00eda y a la qu\u00edmica LiFePO4. El microordenador de doble n\u00facleo integrado y la conexi\u00f3n a Internet permiten actualizar el firmware para realizar mejoras y ajustes continuos.<\/p>\n<p><strong>Respaldo UPS sin fisuras<\/strong><\/p>\n<p>El EP500 tambi\u00e9n act\u00faa como un SAI de reserva sin interrupciones, convirti\u00e9ndose autom\u00e1ticamente en la fuente de alimentaci\u00f3n de las cargas esenciales durante los cortes de corriente. A diferencia de los generadores de gasolina, el EP500 de Bluetti no requiere mantenimiento ni combustible, no produce mon\u00f3xido de carbono ni ruidos molestos. Con la capacidad de emparejarse con una entrada solar MPPT de hasta 2400 W, el EP500 puede cargar o alimentar dispositivos r\u00e1pidamente sin agotar la bater\u00eda incorporada.<\/p>\n<p><strong>Dise\u00f1o y versatilidad<\/strong><\/p>\n<p>El EP500 est\u00e1 dise\u00f1ado para diversas aplicaciones y escenarios, por lo que nunca se quedar\u00e1 sin energ\u00eda. En resumen, el Bluetti EP500 ofrece una soluci\u00f3n de alimentaci\u00f3n fiable, segura y flexible para diferentes ocasiones.<\/p>\n<p><\/p>","protected":false},"excerpt":{"rendered":"<ul>\n<li>Inversor 5100 Wh LiFePo4\/2000 W PSW, 6000+ ciclos de carga<\/li>\n<li>Central el\u00e9ctrica m\u00f3vil<\/li>\n<li>Modo SAI en red y modo SAI flexible (24\/7)<\/li>\n<li>Almacenamiento de energ\u00eda fuera de la red<\/li>\n<li>Se pueden cargar varios dispositivos simult\u00e1neamente<\/li>\n<li>Forma de carga flexible para mantener tu EP500 siempre encendido<\/li>\n<li>Aplicaci\u00f3n de control remoto<\/li>\n<li>Pantalla t\u00e1ctil inteligente<\/li>\n<\/ul>","protected":false},"featured_media":5103,"template":"","meta":{"_acf_changed":false},"product_brand":[],"product_cat":[454,97,829,415,628],"product_tag":[],"class_list":{"0":"post-5107","1":"product","2":"type-product","3":"status-publish","4":"has-post-thumbnail","6":"product_cat-alle-powerstations","7":"product_cat-alle-producten","8":"product_cat-bluetti","9":"product_cat-energy","10":"product_cat-powerstations","11":"pa_afmetingen-500-x-300-x-760mm","12":"pa_brand-bluetti","13":"pa_capaciteit-5120wh","14":"pa_gewicht-76-kg","15":"pa_input-dc-ac-ingang-maximaal-600-w-100-264-v-ac-pv-ingang-of-t500-ingang-maximaal-1200-w-55-145vdc-20a","16":"pa_materiaal-kunststof","17":"pa_oplaadtijd-via-ac-5-6-uur","18":"pa_output-230-v-ac-4x-230v-eu-schuko","19":"pa_output-dc-1x-12vdc-10a-1x-12vdc-30a-2x-12vdc-10a-totaal","20":"pa_output-usb-usb-c-1x-100w-usb-a-2x-snel-opladen-36w-totaal-2x-5vdc-3a-totaal-draadloos-oplaadpad-2x-5-75-10-15w","21":"pa_productfamily-power-station","22":"pa_producttype-power-station","23":"pa_type-batterij-lifepo4","25":"first","26":"outofstock","27":"taxable","28":"shipping-taxable","29":"product-type-simple"},"acf":[],"yoast_head":"<!-- This site is optimized with the Yoast SEO Premium plugin v27.2 (Yoast SEO v27.2) - https:\/\/yoast.com\/product\/yoast-seo-premium-wordpress\/ -->\n<title>Bluetti EP500 Solar Power Station - koningdrone.be<\/title>\n<meta name=\"robots\" content=\"index, follow, max-snippet:-1, max-image-preview:large, max-video-preview:-1\" \/>\n<link rel=\"canonical\" href=\"https:\/\/koningdrone.be\/es\/producto\/bluetti-ep500-solar-power-station\/\" \/>\n<meta property=\"og:locale\" content=\"es_ES\" \/>\n<meta property=\"og:type\" content=\"article\" \/>\n<meta property=\"og:title\" content=\"Bluetti EP500 Solar Power Station\" \/>\n<meta property=\"og:description\" content=\"5100 Wh LiFePo4\/2000 W PSW-omvormer, 6000+laadcyclusVerplaatsbare krachtcentraleIn-grid UPS-modus en flexibele UPS-modus (24\/7)Off-grid energieopslagMeerdere apparaten kunnen gelijktijdig worden geladenFlexibele oplaadmanier om uw EP500 altijd aan te laten staanApp-afstandsbedieningSlim touchscreen\" \/>\n<meta property=\"og:url\" content=\"https:\/\/koningdrone.be\/es\/producto\/bluetti-ep500-solar-power-station\/\" \/>\n<meta property=\"og:site_name\" content=\"koningdrone.be\" \/>\n<meta property=\"article:modified_time\" content=\"2025-05-20T12:35:50+00:00\" \/>\n<meta property=\"og:image\" content=\"https:\/\/koningdrone.be\/wp-content\/uploads\/sites\/13\/2025\/04\/6970991290725-1.webp\" \/>\n\t<meta property=\"og:image:width\" content=\"750\" \/>\n\t<meta property=\"og:image:height\" content=\"750\" \/>\n\t<meta property=\"og:image:type\" content=\"image\/webp\" \/>\n<meta name=\"twitter:card\" content=\"summary_large_image\" \/>\n<meta name=\"twitter:label1\" content=\"Tiempo de lectura\" \/>\n\t<meta name=\"twitter:data1\" content=\"1 minuto\" \/>\n<script type=\"application\/ld+json\" class=\"yoast-schema-graph\">{\"@context\":\"https:\/\/schema.org\",\"@graph\":[{\"@type\":\"WebPage\",\"@id\":\"https:\/\/koningdrone.be\/product\/bluetti-ep500-solar-power-station\/\",\"url\":\"https:\/\/koningdrone.be\/product\/bluetti-ep500-solar-power-station\/\",\"name\":\"Bluetti EP500 Solar Power Station - koningdrone.be\",\"isPartOf\":{\"@id\":\"https:\/\/koningdrone.be\/#website\"},\"primaryImageOfPage\":{\"@id\":\"https:\/\/koningdrone.be\/product\/bluetti-ep500-solar-power-station\/#primaryimage\"},\"image\":{\"@id\":\"https:\/\/koningdrone.be\/product\/bluetti-ep500-solar-power-station\/#primaryimage\"},\"thumbnailUrl\":\"https:\/\/koningdrone.be\/wp-content\/uploads\/sites\/13\/2025\/04\/6970991290725-1.webp\",\"datePublished\":\"2023-03-08T08:20:34+00:00\",\"dateModified\":\"2025-05-20T12:35:50+00:00\",\"breadcrumb\":{\"@id\":\"https:\/\/koningdrone.be\/product\/bluetti-ep500-solar-power-station\/#breadcrumb\"},\"inLanguage\":\"es\",\"potentialAction\":[{\"@type\":\"ReadAction\",\"target\":[\"https:\/\/koningdrone.be\/product\/bluetti-ep500-solar-power-station\/\"]}]},{\"@type\":\"ImageObject\",\"inLanguage\":\"es\",\"@id\":\"https:\/\/koningdrone.be\/product\/bluetti-ep500-solar-power-station\/#primaryimage\",\"url\":\"https:\/\/koningdrone.be\/wp-content\/uploads\/sites\/13\/2025\/04\/6970991290725-1.webp\",\"contentUrl\":\"https:\/\/koningdrone.be\/wp-content\/uploads\/sites\/13\/2025\/04\/6970991290725-1.webp\",\"width\":750,\"height\":750},{\"@type\":\"BreadcrumbList\",\"@id\":\"https:\/\/koningdrone.be\/product\/bluetti-ep500-solar-power-station\/#breadcrumb\",\"itemListElement\":[{\"@type\":\"ListItem\",\"position\":1,\"name\":\"Home\",\"item\":\"https:\/\/koningdrone.be\/\"},{\"@type\":\"ListItem\",\"position\":2,\"name\":\"AVSS Parachute Recovery System for DJI Matrice 300\/350\",\"item\":\"https:\/\/koningdrone.be\/product\/avss-parachute-recovery-system-for-dji-matrice-300-350\/\"},{\"@type\":\"ListItem\",\"position\":3,\"name\":\"Alle powerstations\",\"item\":\"https:\/\/koningdrone.be\/categorie\/alle-powerstations\/\"},{\"@type\":\"ListItem\",\"position\":4,\"name\":\"Bluetti EP500 Solar Power Station\"}]},{\"@type\":\"WebSite\",\"@id\":\"https:\/\/koningdrone.be\/#website\",\"url\":\"https:\/\/koningdrone.be\/\",\"name\":\"Koningdrone.be - Uw online specialist in drones, gimbals, camera's en power stations.\",\"description\":\"De webshop in drones en gimbals\",\"publisher\":{\"@id\":\"https:\/\/koningdrone.be\/#organization\"},\"potentialAction\":[{\"@type\":\"SearchAction\",\"target\":{\"@type\":\"EntryPoint\",\"urlTemplate\":\"https:\/\/koningdrone.be\/?s={search_term_string}\"},\"query-input\":{\"@type\":\"PropertyValueSpecification\",\"valueRequired\":true,\"valueName\":\"search_term_string\"}}],\"inLanguage\":\"es\"},{\"@type\":\"Organization\",\"@id\":\"https:\/\/koningdrone.be\/#organization\",\"name\":\"Koningdrone.be\",\"url\":\"https:\/\/koningdrone.be\/\",\"logo\":{\"@type\":\"ImageObject\",\"inLanguage\":\"es\",\"@id\":\"https:\/\/koningdrone.be\/#\/schema\/logo\/image\/\",\"url\":\"https:\/\/koningdrone.be\/wp-content\/uploads\/sites\/13\/2025\/04\/koningdrone-copyright-logo.svg\",\"contentUrl\":\"https:\/\/koningdrone.be\/wp-content\/uploads\/sites\/13\/2025\/04\/koningdrone-copyright-logo.svg\",\"width\":227,\"height\":38,\"caption\":\"Koningdrone.be\"},\"image\":{\"@id\":\"https:\/\/koningdrone.be\/#\/schema\/logo\/image\/\"}}]}<\/script>\n<!-- \/ Yoast SEO Premium plugin. -->","yoast_head_json":{"title":"Bluetti EP500 Solar Power Station - koningdrone.be","robots":{"index":"index","follow":"follow","max-snippet":"max-snippet:-1","max-image-preview":"max-image-preview:large","max-video-preview":"max-video-preview:-1"},"canonical":"https:\/\/koningdrone.be\/es\/producto\/bluetti-ep500-solar-power-station\/","og_locale":"es_ES","og_type":"article","og_title":"Bluetti EP500 Solar Power Station","og_description":"5100 Wh LiFePo4\/2000 W PSW-omvormer, 6000+laadcyclusVerplaatsbare krachtcentraleIn-grid UPS-modus en flexibele UPS-modus (24\/7)Off-grid energieopslagMeerdere apparaten kunnen gelijktijdig worden geladenFlexibele oplaadmanier om uw EP500 altijd aan te laten staanApp-afstandsbedieningSlim touchscreen","og_url":"https:\/\/koningdrone.be\/es\/producto\/bluetti-ep500-solar-power-station\/","og_site_name":"koningdrone.be","article_modified_time":"2025-05-20T12:35:50+00:00","og_image":[{"width":750,"height":750,"url":"https:\/\/koningdrone.be\/wp-content\/uploads\/sites\/13\/2025\/04\/6970991290725-1.webp","type":"image\/webp"}],"twitter_card":"summary_large_image","twitter_misc":{"Tiempo de lectura":"1 minuto"},"schema":{"@context":"https:\/\/schema.org","@graph":[{"@type":"WebPage","@id":"https:\/\/koningdrone.be\/product\/bluetti-ep500-solar-power-station\/","url":"https:\/\/koningdrone.be\/product\/bluetti-ep500-solar-power-station\/","name":"Bluetti EP500 Solar Power Station - koningdrone.be","isPartOf":{"@id":"https:\/\/koningdrone.be\/#website"},"primaryImageOfPage":{"@id":"https:\/\/koningdrone.be\/product\/bluetti-ep500-solar-power-station\/#primaryimage"},"image":{"@id":"https:\/\/koningdrone.be\/product\/bluetti-ep500-solar-power-station\/#primaryimage"},"thumbnailUrl":"https:\/\/koningdrone.be\/wp-content\/uploads\/sites\/13\/2025\/04\/6970991290725-1.webp","datePublished":"2023-03-08T08:20:34+00:00","dateModified":"2025-05-20T12:35:50+00:00","breadcrumb":{"@id":"https:\/\/koningdrone.be\/product\/bluetti-ep500-solar-power-station\/#breadcrumb"},"inLanguage":"es","potentialAction":[{"@type":"ReadAction","target":["https:\/\/koningdrone.be\/product\/bluetti-ep500-solar-power-station\/"]}]},{"@type":"ImageObject","inLanguage":"es","@id":"https:\/\/koningdrone.be\/product\/bluetti-ep500-solar-power-station\/#primaryimage","url":"https:\/\/koningdrone.be\/wp-content\/uploads\/sites\/13\/2025\/04\/6970991290725-1.webp","contentUrl":"https:\/\/koningdrone.be\/wp-content\/uploads\/sites\/13\/2025\/04\/6970991290725-1.webp","width":750,"height":750},{"@type":"BreadcrumbList","@id":"https:\/\/koningdrone.be\/product\/bluetti-ep500-solar-power-station\/#breadcrumb","itemListElement":[{"@type":"ListItem","position":1,"name":"Home","item":"https:\/\/koningdrone.be\/"},{"@type":"ListItem","position":2,"name":"AVSS Parachute Recovery System for DJI Matrice 300\/350","item":"https:\/\/koningdrone.be\/product\/avss-parachute-recovery-system-for-dji-matrice-300-350\/"},{"@type":"ListItem","position":3,"name":"Alle powerstations","item":"https:\/\/koningdrone.be\/categorie\/alle-powerstations\/"},{"@type":"ListItem","position":4,"name":"Bluetti EP500 Solar Power Station"}]},{"@type":"WebSite","@id":"https:\/\/koningdrone.be\/#website","url":"https:\/\/koningdrone.be\/","name":"Koningdrone.be - Su especialista en l\u00ednea en drones, cardanes, c\u00e1maras y centrales el\u00e9ctricas.","description":"La tienda virtual de drones y cardanes","publisher":{"@id":"https:\/\/koningdrone.be\/#organization"},"potentialAction":[{"@type":"SearchAction","target":{"@type":"EntryPoint","urlTemplate":"https:\/\/koningdrone.be\/?s={search_term_string}"},"query-input":{"@type":"PropertyValueSpecification","valueRequired":true,"valueName":"search_term_string"}}],"inLanguage":"es"},{"@type":"Organization","@id":"https:\/\/koningdrone.be\/#organization","name":"Kingdrone.es","url":"https:\/\/koningdrone.be\/","logo":{"@type":"ImageObject","inLanguage":"es","@id":"https:\/\/koningdrone.be\/#\/schema\/logo\/image\/","url":"https:\/\/koningdrone.be\/wp-content\/uploads\/sites\/13\/2025\/04\/koningdrone-copyright-logo.svg","contentUrl":"https:\/\/koningdrone.be\/wp-content\/uploads\/sites\/13\/2025\/04\/koningdrone-copyright-logo.svg","width":227,"height":38,"caption":"Koningdrone.be"},"image":{"@id":"https:\/\/koningdrone.be\/#\/schema\/logo\/image\/"}}]}},"df_price":"","df_sale_price":"","df_regular_price":"","df_image_link":"https:\/\/koningdrone.be\/wp-content\/uploads\/sites\/13\/2025\/04\/6970991290725-1-300x300.webp","_links":{"self":[{"href":"https:\/\/koningdrone.be\/es\/wp-json\/wp\/v2\/product\/5107","targetHints":{"allow":["GET"]}}],"collection":[{"href":"https:\/\/koningdrone.be\/es\/wp-json\/wp\/v2\/product"}],"about":[{"href":"https:\/\/koningdrone.be\/es\/wp-json\/wp\/v2\/types\/product"}],"wp:featuredmedia":[{"embeddable":true,"href":"https:\/\/koningdrone.be\/es\/wp-json\/wp\/v2\/media\/5103"}],"wp:attachment":[{"href":"https:\/\/koningdrone.be\/es\/wp-json\/wp\/v2\/media?parent=5107"}],"wp:term":[{"taxonomy":"product_brand","embeddable":true,"href":"https:\/\/koningdrone.be\/es\/wp-json\/wp\/v2\/product_brand?post=5107"},{"taxonomy":"product_cat","embeddable":true,"href":"https:\/\/koningdrone.be\/es\/wp-json\/wp\/v2\/product_cat?post=5107"},{"taxonomy":"product_tag","embeddable":true,"href":"https:\/\/koningdrone.be\/es\/wp-json\/wp\/v2\/product_tag?post=5107"}],"curies":[{"name":"wp","href":"https:\/\/api.w.org\/{rel}","templated":true}]}}