{"id":5072,"date":"2023-03-08T09:20:34","date_gmt":"2023-03-08T08:20:34","guid":{"rendered":"https:\/\/koningdrone.nl\/kon\/product\/bluetti-eb70-solar-power-station\/"},"modified":"2026-04-29T06:10:40","modified_gmt":"2026-04-29T04:10:40","slug":"bluetti-eb70-solar-power-station","status":"publish","type":"product","link":"https:\/\/koningdrone.be\/es\/producto\/bluetti-eb70-solar-power-station\/","title":{"rendered":"Estaci\u00f3n solar Bluetti EB70"},"content":{"rendered":"<p>La central el\u00e9ctrica port\u00e1til EB70 ofrece un rendimiento de alta calidad y tecnolog\u00eda avanzada, perfecta para los desplazamientos o los cortes de electricidad. Con un inversor de 1000 W y un pack de bater\u00edas LiFePO4 de 716 Wh, la EB70 proporciona energ\u00eda fiable para todas sus necesidades.<\/p>\n<p><strong>Fuente de alimentaci\u00f3n vers\u00e1til<\/strong><\/p>\n<p>Con 10 puertos de salida y una estaci\u00f3n de carga inal\u00e1mbrica de 15 vatios, el EB70 es perfecto para cargar simult\u00e1neamente varios dispositivos, desde tel\u00e9fonos m\u00f3viles hasta minineveras. Es ideal para acampadas y situaciones de emergencia.<\/p>\n<p><strong>Dise\u00f1ado para ser port\u00e1til y vers\u00e1til<\/strong><\/p>\n<p>Dise\u00f1ado para ser port\u00e1til y vers\u00e1til, el EB70 puede alimentar varios dispositivos, como luces LED, ventiladores y proyectores, por lo que es perfecto para actividades al aire libre y viajes en autocaravana.<\/p>\n<p><strong>F\u00e1cil de mover y cargar mediante paneles solares<\/strong><\/p>\n<p>Con su asa ergon\u00f3mica, el EB70 es f\u00e1cil de transportar y pesa s\u00f3lo 9,7 kg. Su tama\u00f1o compacto lo hace ideal para campistas y excursionistas, mientras que su capacidad de carga a trav\u00e9s de paneles solares garantiza energ\u00eda inagotable all\u00e1 donde vayas. En resumen, el EB70 es un compa\u00f1ero indispensable para diversas ocasiones, asegurando que nunca m\u00e1s te quedes sin energ\u00eda.<\/p>\n<p><\/p>","protected":false},"excerpt":{"rendered":"<ul>\n<li>Enorme capacidad de 716 Wh y potencia nominal de 1.000 W<\/li>\n<li>Bater\u00eda LiFePO4 ultraestable, m\u00e1s de 2.500 ciclos de vida \u00fatil<\/li>\n<li>2*salidas de 230 V CA, 2*puertos de 100 W PD, 2*puertos USB-A de 5 V\/3 A, 2*salidas reguladas de 12 V\/10 A CC, 1*puerto de 12 V\/10 A para coche, 1*estaci\u00f3n de carga inal\u00e1mbrica de 15 W.<\/li>\n<li>Con una entrada m\u00e1xima de 200 W, esta central el\u00e9ctrica puede cargarse por completo en 3-4 horas con paneles solares (OCV 12-28 V, 200 W).<\/li>\n<li>Tambi\u00e9n puede cargarse completamente a trav\u00e9s de un enchufe de pared en 3-4 horas o a trav\u00e9s de una toma de 12 V en 7-8 horas.<\/li>\n<\/ul>","protected":false},"featured_media":5069,"template":"","meta":{"_acf_changed":false},"product_brand":[],"product_cat":[454,97,829,415,628],"product_tag":[],"class_list":{"0":"post-5072","1":"product","2":"type-product","3":"status-publish","4":"has-post-thumbnail","6":"product_cat-alle-powerstations","7":"product_cat-alle-producten","8":"product_cat-bluetti","9":"product_cat-energy","10":"product_cat-powerstations","11":"product_shipping_class-outofstock","12":"pa_afmetingen-320-x-216-x-221mm","13":"pa_brand-bluetti","14":"pa_capaciteit-716-wh","15":"pa_gewicht-97-kg","16":"pa_input-dc-1-x-mppt-controller-max-200-w-_x000d_-input-voltage-zonnepanelen-12v-28v","17":"pa_materiaal-kunststof","18":"pa_oplaadtijd-via-ac-3-4-uur","19":"pa_output-230-v-2-x-ac-230-v-eu-schuko_x000d_-totaal-max-1000-w-continuvermogen_x000d_-totaal-max-1400-w-piek-vermogen","20":"pa_output-dc-2-x-12v-3a-5521_x000d_-1x-12v-10a","21":"pa_output-usb-2-x-usb-a-5v-3a_x000d_-2-x-100w-usb-c-pd-port_x000d_-1-x-wireless-charging-15w-max","22":"pa_productfamily-power-station","23":"pa_producttype-power-station","24":"pa_type-batterij-lifepo4","26":"first","27":"outofstock","28":"taxable","29":"shipping-taxable","30":"product-type-simple"},"acf":[],"yoast_head":"<!-- This site is optimized with the Yoast SEO Premium plugin v27.2 (Yoast SEO v27.2) - https:\/\/yoast.com\/product\/yoast-seo-premium-wordpress\/ -->\n<title>Bluetti EB70 Solar Power Station - koningdrone.be<\/title>\n<meta name=\"robots\" content=\"index, follow, max-snippet:-1, max-image-preview:large, max-video-preview:-1\" \/>\n<link rel=\"canonical\" href=\"https:\/\/koningdrone.be\/es\/producto\/bluetti-eb70-solar-power-station\/\" \/>\n<meta property=\"og:locale\" content=\"es_ES\" \/>\n<meta property=\"og:type\" content=\"article\" \/>\n<meta property=\"og:title\" content=\"Bluetti EB70 Solar Power Station\" \/>\n<meta property=\"og:description\" content=\"Enorme capaciteit van 716 Wh en nominaal vermogen van 1000 WDe ultrastabiele LiFePO4-batterijchemie, meer dan 2500 levenscycli2*230V wisselstroomuitgangen, 2*100W PD-poorten, 2*5V\/3A USB-A-poorten, 2*gereguleerde 12V\/10A DC-uitgangen, 1*12V\/10A autopoort,1*15W draadloos oplaadstation.Met een maximale input van 200W kan dit energiestation volledig worden opgeladen in 3-4 uur met zonnepanelen (OCV 12-28V, 200W)Het kan ook volledig worden opgeladen via een stopcontact in 3-4 uur of via een 12V-carport in 7-8 uur.\" \/>\n<meta property=\"og:url\" content=\"https:\/\/koningdrone.be\/es\/producto\/bluetti-eb70-solar-power-station\/\" \/>\n<meta property=\"og:site_name\" content=\"koningdrone.be\" \/>\n<meta property=\"article:modified_time\" content=\"2026-04-29T04:10:40+00:00\" \/>\n<meta property=\"og:image\" content=\"https:\/\/koningdrone.be\/wp-content\/uploads\/sites\/13\/2025\/04\/6970991290282-1.webp\" \/>\n\t<meta property=\"og:image:width\" content=\"750\" \/>\n\t<meta property=\"og:image:height\" content=\"750\" \/>\n\t<meta property=\"og:image:type\" content=\"image\/webp\" \/>\n<meta name=\"twitter:card\" content=\"summary_large_image\" \/>\n<meta name=\"twitter:label1\" content=\"Tiempo de lectura\" \/>\n\t<meta name=\"twitter:data1\" content=\"1 minuto\" \/>\n<script type=\"application\/ld+json\" class=\"yoast-schema-graph\">{\"@context\":\"https:\/\/schema.org\",\"@graph\":[{\"@type\":\"WebPage\",\"@id\":\"https:\/\/koningdrone.be\/product\/bluetti-eb70-solar-power-station\/\",\"url\":\"https:\/\/koningdrone.be\/product\/bluetti-eb70-solar-power-station\/\",\"name\":\"Bluetti EB70 Solar Power Station - koningdrone.be\",\"isPartOf\":{\"@id\":\"https:\/\/koningdrone.be\/#website\"},\"primaryImageOfPage\":{\"@id\":\"https:\/\/koningdrone.be\/product\/bluetti-eb70-solar-power-station\/#primaryimage\"},\"image\":{\"@id\":\"https:\/\/koningdrone.be\/product\/bluetti-eb70-solar-power-station\/#primaryimage\"},\"thumbnailUrl\":\"https:\/\/koningdrone.be\/wp-content\/uploads\/sites\/13\/2025\/04\/6970991290282-1.webp\",\"datePublished\":\"2023-03-08T08:20:34+00:00\",\"dateModified\":\"2026-04-29T04:10:40+00:00\",\"breadcrumb\":{\"@id\":\"https:\/\/koningdrone.be\/product\/bluetti-eb70-solar-power-station\/#breadcrumb\"},\"inLanguage\":\"es\",\"potentialAction\":[{\"@type\":\"ReadAction\",\"target\":[\"https:\/\/koningdrone.be\/product\/bluetti-eb70-solar-power-station\/\"]}]},{\"@type\":\"ImageObject\",\"inLanguage\":\"es\",\"@id\":\"https:\/\/koningdrone.be\/product\/bluetti-eb70-solar-power-station\/#primaryimage\",\"url\":\"https:\/\/koningdrone.be\/wp-content\/uploads\/sites\/13\/2025\/04\/6970991290282-1.webp\",\"contentUrl\":\"https:\/\/koningdrone.be\/wp-content\/uploads\/sites\/13\/2025\/04\/6970991290282-1.webp\",\"width\":750,\"height\":750},{\"@type\":\"BreadcrumbList\",\"@id\":\"https:\/\/koningdrone.be\/product\/bluetti-eb70-solar-power-station\/#breadcrumb\",\"itemListElement\":[{\"@type\":\"ListItem\",\"position\":1,\"name\":\"Home\",\"item\":\"https:\/\/koningdrone.be\/\"},{\"@type\":\"ListItem\",\"position\":2,\"name\":\"AVSS Parachute Recovery System for DJI Matrice 300\/350\",\"item\":\"https:\/\/koningdrone.be\/product\/avss-parachute-recovery-system-for-dji-matrice-300-350\/\"},{\"@type\":\"ListItem\",\"position\":3,\"name\":\"Alle powerstations\",\"item\":\"https:\/\/koningdrone.be\/categorie\/alle-powerstations\/\"},{\"@type\":\"ListItem\",\"position\":4,\"name\":\"Bluetti EB70 Solar Power Station\"}]},{\"@type\":\"WebSite\",\"@id\":\"https:\/\/koningdrone.be\/#website\",\"url\":\"https:\/\/koningdrone.be\/\",\"name\":\"Koningdrone.be - Uw online specialist in drones, gimbals, camera's en power stations.\",\"description\":\"De webshop in drones en gimbals\",\"publisher\":{\"@id\":\"https:\/\/koningdrone.be\/#organization\"},\"potentialAction\":[{\"@type\":\"SearchAction\",\"target\":{\"@type\":\"EntryPoint\",\"urlTemplate\":\"https:\/\/koningdrone.be\/?s={search_term_string}\"},\"query-input\":{\"@type\":\"PropertyValueSpecification\",\"valueRequired\":true,\"valueName\":\"search_term_string\"}}],\"inLanguage\":\"es\"},{\"@type\":\"Organization\",\"@id\":\"https:\/\/koningdrone.be\/#organization\",\"name\":\"Koningdrone.be\",\"url\":\"https:\/\/koningdrone.be\/\",\"logo\":{\"@type\":\"ImageObject\",\"inLanguage\":\"es\",\"@id\":\"https:\/\/koningdrone.be\/#\/schema\/logo\/image\/\",\"url\":\"https:\/\/koningdrone.be\/wp-content\/uploads\/sites\/13\/2025\/04\/koningdrone-copyright-logo.svg\",\"contentUrl\":\"https:\/\/koningdrone.be\/wp-content\/uploads\/sites\/13\/2025\/04\/koningdrone-copyright-logo.svg\",\"width\":227,\"height\":38,\"caption\":\"Koningdrone.be\"},\"image\":{\"@id\":\"https:\/\/koningdrone.be\/#\/schema\/logo\/image\/\"}}]}<\/script>\n<!-- \/ Yoast SEO Premium plugin. -->","yoast_head_json":{"title":"Bluetti EB70 Solar Power Station - koningdrone.be","robots":{"index":"index","follow":"follow","max-snippet":"max-snippet:-1","max-image-preview":"max-image-preview:large","max-video-preview":"max-video-preview:-1"},"canonical":"https:\/\/koningdrone.be\/es\/producto\/bluetti-eb70-solar-power-station\/","og_locale":"es_ES","og_type":"article","og_title":"Bluetti EB70 Solar Power Station","og_description":"Enorme capaciteit van 716 Wh en nominaal vermogen van 1000 WDe ultrastabiele LiFePO4-batterijchemie, meer dan 2500 levenscycli2*230V wisselstroomuitgangen, 2*100W PD-poorten, 2*5V\/3A USB-A-poorten, 2*gereguleerde 12V\/10A DC-uitgangen, 1*12V\/10A autopoort,1*15W draadloos oplaadstation.Met een maximale input van 200W kan dit energiestation volledig worden opgeladen in 3-4 uur met zonnepanelen (OCV 12-28V, 200W)Het kan ook volledig worden opgeladen via een stopcontact in 3-4 uur of via een 12V-carport in 7-8 uur.","og_url":"https:\/\/koningdrone.be\/es\/producto\/bluetti-eb70-solar-power-station\/","og_site_name":"koningdrone.be","article_modified_time":"2026-04-29T04:10:40+00:00","og_image":[{"width":750,"height":750,"url":"https:\/\/koningdrone.be\/wp-content\/uploads\/sites\/13\/2025\/04\/6970991290282-1.webp","type":"image\/webp"}],"twitter_card":"summary_large_image","twitter_misc":{"Tiempo de lectura":"1 minuto"},"schema":{"@context":"https:\/\/schema.org","@graph":[{"@type":"WebPage","@id":"https:\/\/koningdrone.be\/product\/bluetti-eb70-solar-power-station\/","url":"https:\/\/koningdrone.be\/product\/bluetti-eb70-solar-power-station\/","name":"Bluetti EB70 Solar Power Station - koningdrone.be","isPartOf":{"@id":"https:\/\/koningdrone.be\/#website"},"primaryImageOfPage":{"@id":"https:\/\/koningdrone.be\/product\/bluetti-eb70-solar-power-station\/#primaryimage"},"image":{"@id":"https:\/\/koningdrone.be\/product\/bluetti-eb70-solar-power-station\/#primaryimage"},"thumbnailUrl":"https:\/\/koningdrone.be\/wp-content\/uploads\/sites\/13\/2025\/04\/6970991290282-1.webp","datePublished":"2023-03-08T08:20:34+00:00","dateModified":"2026-04-29T04:10:40+00:00","breadcrumb":{"@id":"https:\/\/koningdrone.be\/product\/bluetti-eb70-solar-power-station\/#breadcrumb"},"inLanguage":"es","potentialAction":[{"@type":"ReadAction","target":["https:\/\/koningdrone.be\/product\/bluetti-eb70-solar-power-station\/"]}]},{"@type":"ImageObject","inLanguage":"es","@id":"https:\/\/koningdrone.be\/product\/bluetti-eb70-solar-power-station\/#primaryimage","url":"https:\/\/koningdrone.be\/wp-content\/uploads\/sites\/13\/2025\/04\/6970991290282-1.webp","contentUrl":"https:\/\/koningdrone.be\/wp-content\/uploads\/sites\/13\/2025\/04\/6970991290282-1.webp","width":750,"height":750},{"@type":"BreadcrumbList","@id":"https:\/\/koningdrone.be\/product\/bluetti-eb70-solar-power-station\/#breadcrumb","itemListElement":[{"@type":"ListItem","position":1,"name":"Home","item":"https:\/\/koningdrone.be\/"},{"@type":"ListItem","position":2,"name":"AVSS Parachute Recovery System for DJI Matrice 300\/350","item":"https:\/\/koningdrone.be\/product\/avss-parachute-recovery-system-for-dji-matrice-300-350\/"},{"@type":"ListItem","position":3,"name":"Alle powerstations","item":"https:\/\/koningdrone.be\/categorie\/alle-powerstations\/"},{"@type":"ListItem","position":4,"name":"Bluetti EB70 Solar Power Station"}]},{"@type":"WebSite","@id":"https:\/\/koningdrone.be\/#website","url":"https:\/\/koningdrone.be\/","name":"Koningdrone.be - Su especialista en l\u00ednea en drones, cardanes, c\u00e1maras y centrales el\u00e9ctricas.","description":"La tienda virtual de drones y cardanes","publisher":{"@id":"https:\/\/koningdrone.be\/#organization"},"potentialAction":[{"@type":"SearchAction","target":{"@type":"EntryPoint","urlTemplate":"https:\/\/koningdrone.be\/?s={search_term_string}"},"query-input":{"@type":"PropertyValueSpecification","valueRequired":true,"valueName":"search_term_string"}}],"inLanguage":"es"},{"@type":"Organization","@id":"https:\/\/koningdrone.be\/#organization","name":"Kingdrone.es","url":"https:\/\/koningdrone.be\/","logo":{"@type":"ImageObject","inLanguage":"es","@id":"https:\/\/koningdrone.be\/#\/schema\/logo\/image\/","url":"https:\/\/koningdrone.be\/wp-content\/uploads\/sites\/13\/2025\/04\/koningdrone-copyright-logo.svg","contentUrl":"https:\/\/koningdrone.be\/wp-content\/uploads\/sites\/13\/2025\/04\/koningdrone-copyright-logo.svg","width":227,"height":38,"caption":"Koningdrone.be"},"image":{"@id":"https:\/\/koningdrone.be\/#\/schema\/logo\/image\/"}}]}},"df_price":"","df_sale_price":"","df_regular_price":"","df_image_link":"https:\/\/koningdrone.be\/wp-content\/uploads\/sites\/13\/2025\/04\/6970991290282-1-300x300.webp","_links":{"self":[{"href":"https:\/\/koningdrone.be\/es\/wp-json\/wp\/v2\/product\/5072","targetHints":{"allow":["GET"]}}],"collection":[{"href":"https:\/\/koningdrone.be\/es\/wp-json\/wp\/v2\/product"}],"about":[{"href":"https:\/\/koningdrone.be\/es\/wp-json\/wp\/v2\/types\/product"}],"wp:featuredmedia":[{"embeddable":true,"href":"https:\/\/koningdrone.be\/es\/wp-json\/wp\/v2\/media\/5069"}],"wp:attachment":[{"href":"https:\/\/koningdrone.be\/es\/wp-json\/wp\/v2\/media?parent=5072"}],"wp:term":[{"taxonomy":"product_brand","embeddable":true,"href":"https:\/\/koningdrone.be\/es\/wp-json\/wp\/v2\/product_brand?post=5072"},{"taxonomy":"product_cat","embeddable":true,"href":"https:\/\/koningdrone.be\/es\/wp-json\/wp\/v2\/product_cat?post=5072"},{"taxonomy":"product_tag","embeddable":true,"href":"https:\/\/koningdrone.be\/es\/wp-json\/wp\/v2\/product_tag?post=5072"}],"curies":[{"name":"wp","href":"https:\/\/api.w.org\/{rel}","templated":true}]}}