{"id":5068,"date":"2023-03-08T09:20:34","date_gmt":"2023-03-08T08:20:34","guid":{"rendered":"https:\/\/koningdrone.nl\/kon\/product\/bluetti-b230-expansion-battery\/"},"modified":"2025-05-20T14:34:15","modified_gmt":"2025-05-20T12:34:15","slug":"bluetti-b230-expansion-battery","status":"publish","type":"product","link":"https:\/\/koningdrone.be\/es\/producto\/bluetti-b230-expansion-battery\/","title":{"rendered":"Bater\u00eda de expansi\u00f3n Bluetti B230"},"content":{"rendered":"<p><strong>Descripci\u00f3n del producto Bater\u00eda de expansi\u00f3n BLUETTI B230<\/strong><\/p>\n<p>La bater\u00eda de expansi\u00f3n BLUETTI B230 es la soluci\u00f3n para todas sus necesidades de energ\u00eda. Con una capacidad de 2048 Wh, esta bater\u00eda le garantiza la captura de energ\u00eda en cualquier momento y en cualquier lugar, gracias a su compatibilidad con carga solar, de CA, de coche y de bater\u00edas de plomo (*Se requiere D050S para la carga de bater\u00edas de coche y de plomo). Adem\u00e1s, la B230 cuenta con varios puertos pr\u00e1cticos, incluidos un USB-C de 100 W, un encendedor de cigarrillos de 12 V\/10 A y puertos de salida USB-A de 18 W, lo que le permite cargar todos sus dispositivos necesarios, como tel\u00e9fonos inteligentes, ordenadores port\u00e1tiles, c\u00e1maras, ventiladores y l\u00e1mparas.<\/p>\n<p><strong>Larga vida \u00fatil y compatibilidad<\/strong><\/p>\n<p>Con m\u00e1s de 3.500 ciclos de vida y celdas LFP de primera calidad, la B230 ofrece hasta 80% de capacidad original, lo que se traduce en una mayor vida \u00fatil para sus dispositivos. Adem\u00e1s, la B230 es compatible con la BLUETTI AC200MAX para una capacidad a\u00fan mayor. Tanto si busca una bater\u00eda de reserva para casa como un powerbank para viajar, la unidad port\u00e1til y segura AC200MAX + B230 le ofrece la soluci\u00f3n. Con un gran conjunto de caracter\u00edsticas, estas unidades pueden servir como copia de seguridad o fuente de alimentaci\u00f3n en casa o en el camping.<\/p>\n<p><strong>Versatilidad y comodidad<\/strong><\/p>\n<p>En resumen, con la Bater\u00eda de Expansi\u00f3n BLUETTI B230, nunca volver\u00e1 a quedarse sin energ\u00eda y podr\u00e1 satisfacer sus necesidades energ\u00e9ticas en cualquier momento y lugar. \u00a1Una soluci\u00f3n adecuada para diversas ocasiones!<\/p>\n<p><\/p>","protected":false},"excerpt":{"rendered":"<ul>\n<li>B230 equipado con una capacidad de 2048 Wh.<\/li>\n<li>Un USB-C de 100W, una salida de coche de 12V\/10A y un puerto USB-A.<\/li>\n<li>La versatilidad de las entradas de alimentaci\u00f3n le permite cargar dondequiera que est\u00e9.<\/li>\n<li>La carga solar, la carga del coche y las bater\u00edas de plomo deben realizarse a trav\u00e9s del D050S<\/li>\n<\/ul>","protected":false},"featured_media":5064,"template":"","meta":{"_acf_changed":false},"product_brand":[],"product_cat":[113,97,829,415,628],"product_tag":[],"class_list":{"0":"post-5068","1":"product","2":"type-product","3":"status-publish","4":"has-post-thumbnail","6":"product_cat-alle-batterijen","7":"product_cat-alle-producten","8":"product_cat-bluetti","9":"product_cat-energy","10":"product_cat-powerstations","11":"pa_afmetingen-420-x-280-x-227-5-mm","12":"pa_brand-bluetti","13":"pa_capaciteit-2048-wh","14":"pa_gewicht-21-8kg","15":"pa_materiaal-kunststof","16":"pa_productfamily-extra-batterij","17":"pa_producttype-extra-batterij","19":"first","20":"outofstock","21":"taxable","22":"shipping-taxable","23":"product-type-simple"},"acf":[],"yoast_head":"<!-- This site is optimized with the Yoast SEO Premium plugin v27.2 (Yoast SEO v27.2) - https:\/\/yoast.com\/product\/yoast-seo-premium-wordpress\/ -->\n<title>Bluetti B230 Expansion Battery - koningdrone.be<\/title>\n<meta name=\"robots\" content=\"index, follow, max-snippet:-1, max-image-preview:large, max-video-preview:-1\" \/>\n<link rel=\"canonical\" href=\"https:\/\/koningdrone.be\/es\/producto\/bluetti-b230-expansion-battery\/\" \/>\n<meta property=\"og:locale\" content=\"es_ES\" \/>\n<meta property=\"og:type\" content=\"article\" \/>\n<meta property=\"og:title\" content=\"Bluetti B230 Expansion Battery\" \/>\n<meta property=\"og:description\" content=\"B230 uitgerust met 2048Wh capaciteit.E\u00e9n 100W USB-C, een 12V\/10A auto-uitgang en een USB-A-poort.Veelzijdige voedingsingangen zorgen ervoor dat u kunt opladen, waar u ook bent.Opladen via zonne-energie, autoladen en loodzuuraccu&#039;s moeten via D050S gerealiseerd worden\" \/>\n<meta property=\"og:url\" content=\"https:\/\/koningdrone.be\/es\/producto\/bluetti-b230-expansion-battery\/\" \/>\n<meta property=\"og:site_name\" content=\"koningdrone.be\" \/>\n<meta property=\"article:modified_time\" content=\"2025-05-20T12:34:15+00:00\" \/>\n<meta property=\"og:image\" content=\"https:\/\/koningdrone.be\/wp-content\/uploads\/sites\/13\/2025\/04\/6970991290473-1.webp\" \/>\n\t<meta property=\"og:image:width\" content=\"750\" \/>\n\t<meta property=\"og:image:height\" content=\"750\" \/>\n\t<meta property=\"og:image:type\" content=\"image\/webp\" \/>\n<meta name=\"twitter:card\" content=\"summary_large_image\" \/>\n<meta name=\"twitter:label1\" content=\"Tiempo de lectura\" \/>\n\t<meta name=\"twitter:data1\" content=\"1 minuto\" \/>\n<script type=\"application\/ld+json\" class=\"yoast-schema-graph\">{\"@context\":\"https:\/\/schema.org\",\"@graph\":[{\"@type\":\"WebPage\",\"@id\":\"https:\/\/koningdrone.be\/product\/bluetti-b230-expansion-battery\/\",\"url\":\"https:\/\/koningdrone.be\/product\/bluetti-b230-expansion-battery\/\",\"name\":\"Bluetti B230 Expansion Battery - koningdrone.be\",\"isPartOf\":{\"@id\":\"https:\/\/koningdrone.be\/#website\"},\"primaryImageOfPage\":{\"@id\":\"https:\/\/koningdrone.be\/product\/bluetti-b230-expansion-battery\/#primaryimage\"},\"image\":{\"@id\":\"https:\/\/koningdrone.be\/product\/bluetti-b230-expansion-battery\/#primaryimage\"},\"thumbnailUrl\":\"https:\/\/koningdrone.be\/wp-content\/uploads\/sites\/13\/2025\/04\/6970991290473-1.webp\",\"datePublished\":\"2023-03-08T08:20:34+00:00\",\"dateModified\":\"2025-05-20T12:34:15+00:00\",\"breadcrumb\":{\"@id\":\"https:\/\/koningdrone.be\/product\/bluetti-b230-expansion-battery\/#breadcrumb\"},\"inLanguage\":\"es\",\"potentialAction\":[{\"@type\":\"ReadAction\",\"target\":[\"https:\/\/koningdrone.be\/product\/bluetti-b230-expansion-battery\/\"]}]},{\"@type\":\"ImageObject\",\"inLanguage\":\"es\",\"@id\":\"https:\/\/koningdrone.be\/product\/bluetti-b230-expansion-battery\/#primaryimage\",\"url\":\"https:\/\/koningdrone.be\/wp-content\/uploads\/sites\/13\/2025\/04\/6970991290473-1.webp\",\"contentUrl\":\"https:\/\/koningdrone.be\/wp-content\/uploads\/sites\/13\/2025\/04\/6970991290473-1.webp\",\"width\":750,\"height\":750},{\"@type\":\"BreadcrumbList\",\"@id\":\"https:\/\/koningdrone.be\/product\/bluetti-b230-expansion-battery\/#breadcrumb\",\"itemListElement\":[{\"@type\":\"ListItem\",\"position\":1,\"name\":\"Home\",\"item\":\"https:\/\/koningdrone.be\/\"},{\"@type\":\"ListItem\",\"position\":2,\"name\":\"AVSS Parachute Recovery System for DJI Matrice 300\/350\",\"item\":\"https:\/\/koningdrone.be\/product\/avss-parachute-recovery-system-for-dji-matrice-300-350\/\"},{\"@type\":\"ListItem\",\"position\":3,\"name\":\"Alle batterijen\",\"item\":\"https:\/\/koningdrone.be\/categorie\/alle-batterijen\/\"},{\"@type\":\"ListItem\",\"position\":4,\"name\":\"Bluetti B230 Expansion Battery\"}]},{\"@type\":\"WebSite\",\"@id\":\"https:\/\/koningdrone.be\/#website\",\"url\":\"https:\/\/koningdrone.be\/\",\"name\":\"Koningdrone.be - Uw online specialist in drones, gimbals, camera's en power stations.\",\"description\":\"De webshop in drones en gimbals\",\"publisher\":{\"@id\":\"https:\/\/koningdrone.be\/#organization\"},\"potentialAction\":[{\"@type\":\"SearchAction\",\"target\":{\"@type\":\"EntryPoint\",\"urlTemplate\":\"https:\/\/koningdrone.be\/?s={search_term_string}\"},\"query-input\":{\"@type\":\"PropertyValueSpecification\",\"valueRequired\":true,\"valueName\":\"search_term_string\"}}],\"inLanguage\":\"es\"},{\"@type\":\"Organization\",\"@id\":\"https:\/\/koningdrone.be\/#organization\",\"name\":\"Koningdrone.be\",\"url\":\"https:\/\/koningdrone.be\/\",\"logo\":{\"@type\":\"ImageObject\",\"inLanguage\":\"es\",\"@id\":\"https:\/\/koningdrone.be\/#\/schema\/logo\/image\/\",\"url\":\"https:\/\/koningdrone.be\/wp-content\/uploads\/sites\/13\/2025\/04\/koningdrone-copyright-logo.svg\",\"contentUrl\":\"https:\/\/koningdrone.be\/wp-content\/uploads\/sites\/13\/2025\/04\/koningdrone-copyright-logo.svg\",\"width\":227,\"height\":38,\"caption\":\"Koningdrone.be\"},\"image\":{\"@id\":\"https:\/\/koningdrone.be\/#\/schema\/logo\/image\/\"}}]}<\/script>\n<!-- \/ Yoast SEO Premium plugin. -->","yoast_head_json":{"title":"Bluetti B230 Expansion Battery - koningdrone.be","robots":{"index":"index","follow":"follow","max-snippet":"max-snippet:-1","max-image-preview":"max-image-preview:large","max-video-preview":"max-video-preview:-1"},"canonical":"https:\/\/koningdrone.be\/es\/producto\/bluetti-b230-expansion-battery\/","og_locale":"es_ES","og_type":"article","og_title":"Bluetti B230 Expansion Battery","og_description":"B230 uitgerust met 2048Wh capaciteit.E\u00e9n 100W USB-C, een 12V\/10A auto-uitgang en een USB-A-poort.Veelzijdige voedingsingangen zorgen ervoor dat u kunt opladen, waar u ook bent.Opladen via zonne-energie, autoladen en loodzuuraccu's moeten via D050S gerealiseerd worden","og_url":"https:\/\/koningdrone.be\/es\/producto\/bluetti-b230-expansion-battery\/","og_site_name":"koningdrone.be","article_modified_time":"2025-05-20T12:34:15+00:00","og_image":[{"width":750,"height":750,"url":"https:\/\/koningdrone.be\/wp-content\/uploads\/sites\/13\/2025\/04\/6970991290473-1.webp","type":"image\/webp"}],"twitter_card":"summary_large_image","twitter_misc":{"Tiempo de lectura":"1 minuto"},"schema":{"@context":"https:\/\/schema.org","@graph":[{"@type":"WebPage","@id":"https:\/\/koningdrone.be\/product\/bluetti-b230-expansion-battery\/","url":"https:\/\/koningdrone.be\/product\/bluetti-b230-expansion-battery\/","name":"Bluetti B230 Expansion Battery - koningdrone.be","isPartOf":{"@id":"https:\/\/koningdrone.be\/#website"},"primaryImageOfPage":{"@id":"https:\/\/koningdrone.be\/product\/bluetti-b230-expansion-battery\/#primaryimage"},"image":{"@id":"https:\/\/koningdrone.be\/product\/bluetti-b230-expansion-battery\/#primaryimage"},"thumbnailUrl":"https:\/\/koningdrone.be\/wp-content\/uploads\/sites\/13\/2025\/04\/6970991290473-1.webp","datePublished":"2023-03-08T08:20:34+00:00","dateModified":"2025-05-20T12:34:15+00:00","breadcrumb":{"@id":"https:\/\/koningdrone.be\/product\/bluetti-b230-expansion-battery\/#breadcrumb"},"inLanguage":"es","potentialAction":[{"@type":"ReadAction","target":["https:\/\/koningdrone.be\/product\/bluetti-b230-expansion-battery\/"]}]},{"@type":"ImageObject","inLanguage":"es","@id":"https:\/\/koningdrone.be\/product\/bluetti-b230-expansion-battery\/#primaryimage","url":"https:\/\/koningdrone.be\/wp-content\/uploads\/sites\/13\/2025\/04\/6970991290473-1.webp","contentUrl":"https:\/\/koningdrone.be\/wp-content\/uploads\/sites\/13\/2025\/04\/6970991290473-1.webp","width":750,"height":750},{"@type":"BreadcrumbList","@id":"https:\/\/koningdrone.be\/product\/bluetti-b230-expansion-battery\/#breadcrumb","itemListElement":[{"@type":"ListItem","position":1,"name":"Home","item":"https:\/\/koningdrone.be\/"},{"@type":"ListItem","position":2,"name":"AVSS Parachute Recovery System for DJI Matrice 300\/350","item":"https:\/\/koningdrone.be\/product\/avss-parachute-recovery-system-for-dji-matrice-300-350\/"},{"@type":"ListItem","position":3,"name":"Alle batterijen","item":"https:\/\/koningdrone.be\/categorie\/alle-batterijen\/"},{"@type":"ListItem","position":4,"name":"Bluetti B230 Expansion Battery"}]},{"@type":"WebSite","@id":"https:\/\/koningdrone.be\/#website","url":"https:\/\/koningdrone.be\/","name":"Koningdrone.be - Su especialista en l\u00ednea en drones, cardanes, c\u00e1maras y centrales el\u00e9ctricas.","description":"La tienda virtual de drones y cardanes","publisher":{"@id":"https:\/\/koningdrone.be\/#organization"},"potentialAction":[{"@type":"SearchAction","target":{"@type":"EntryPoint","urlTemplate":"https:\/\/koningdrone.be\/?s={search_term_string}"},"query-input":{"@type":"PropertyValueSpecification","valueRequired":true,"valueName":"search_term_string"}}],"inLanguage":"es"},{"@type":"Organization","@id":"https:\/\/koningdrone.be\/#organization","name":"Kingdrone.es","url":"https:\/\/koningdrone.be\/","logo":{"@type":"ImageObject","inLanguage":"es","@id":"https:\/\/koningdrone.be\/#\/schema\/logo\/image\/","url":"https:\/\/koningdrone.be\/wp-content\/uploads\/sites\/13\/2025\/04\/koningdrone-copyright-logo.svg","contentUrl":"https:\/\/koningdrone.be\/wp-content\/uploads\/sites\/13\/2025\/04\/koningdrone-copyright-logo.svg","width":227,"height":38,"caption":"Koningdrone.be"},"image":{"@id":"https:\/\/koningdrone.be\/#\/schema\/logo\/image\/"}}]}},"df_price":"","df_sale_price":"","df_regular_price":"","df_image_link":"https:\/\/koningdrone.be\/wp-content\/uploads\/sites\/13\/2025\/04\/6970991290473-1-300x300.webp","_links":{"self":[{"href":"https:\/\/koningdrone.be\/es\/wp-json\/wp\/v2\/product\/5068","targetHints":{"allow":["GET"]}}],"collection":[{"href":"https:\/\/koningdrone.be\/es\/wp-json\/wp\/v2\/product"}],"about":[{"href":"https:\/\/koningdrone.be\/es\/wp-json\/wp\/v2\/types\/product"}],"wp:featuredmedia":[{"embeddable":true,"href":"https:\/\/koningdrone.be\/es\/wp-json\/wp\/v2\/media\/5064"}],"wp:attachment":[{"href":"https:\/\/koningdrone.be\/es\/wp-json\/wp\/v2\/media?parent=5068"}],"wp:term":[{"taxonomy":"product_brand","embeddable":true,"href":"https:\/\/koningdrone.be\/es\/wp-json\/wp\/v2\/product_brand?post=5068"},{"taxonomy":"product_cat","embeddable":true,"href":"https:\/\/koningdrone.be\/es\/wp-json\/wp\/v2\/product_cat?post=5068"},{"taxonomy":"product_tag","embeddable":true,"href":"https:\/\/koningdrone.be\/es\/wp-json\/wp\/v2\/product_tag?post=5068"}],"curies":[{"name":"wp","href":"https:\/\/api.w.org\/{rel}","templated":true}]}}