{"id":5063,"date":"2023-03-08T09:21:08","date_gmt":"2023-03-08T08:21:08","guid":{"rendered":"https:\/\/koningdrone.nl\/kon\/product\/bluetti-cable-connexion-parallel\/"},"modified":"2025-05-20T14:33:30","modified_gmt":"2025-05-20T12:33:30","slug":"bluetti-cable-connexion-parallel","status":"publish","type":"product","link":"https:\/\/koningdrone.be\/es\/producto\/bluetti-cable-connexion-parallel\/","title":{"rendered":"Bluetti Cable Conexi\u00f3n Paralelo"},"content":{"rendered":"<p>El Bluetti Cable Connexion Parallel es la soluci\u00f3n perfecta para conectar diferentes paquetes de bater\u00edas externas a sus centrales Bluetti. Con diferentes conectores como P090D a DC7909, P090D a XT90, P090D a MC4 y P090D a P150D, podr\u00e1 conectar sin esfuerzo los modelos EB120\/EB150\/EB180\/EB240, AC200\/AC200P, EP500 Pro y AC500. Estos cables est\u00e1n especialmente dise\u00f1ados para ofrecer compatibilidad y conectividad sin fisuras, lo que le permitir\u00e1 sacar el m\u00e1ximo partido a su central Bluetti. Aproveche estos cables para ampliar y proporcionar a\u00fan m\u00e1s potencia a sus centrales el\u00e9ctricas. Con el Bluetti Cable Connexion Parallel, tendr\u00e1 asegurada una fuente de alimentaci\u00f3n fiable y eficiente para todas sus necesidades de energ\u00eda.<\/p>\n<p><strong>Aumente la capacidad de sus centrales el\u00e9ctricas<\/strong> <\/p>\n<p>Con el Bluetti Cable Connexion Parallel, puede aumentar f\u00e1cilmente la capacidad de sus centrales el\u00e9ctricas Bluetti conectando varios paquetes de bater\u00edas externas. Tanto si necesitas energ\u00eda adicional para una actividad prolongada al aire libre como para situaciones de emergencia, estos cables te permiten conectar paquetes de bater\u00edas de forma sencilla y eficaz, garantizando que siempre dispongas de energ\u00eda suficiente.<\/p>\n<p><strong>Dise\u00f1ado para ser compatible<\/strong> <\/p>\n<p>Estos cables se han dise\u00f1ado cuidadosamente para ofrecer una conectividad perfecta y la m\u00e1xima compatibilidad con las centrales Bluetti. Esto le permite conectar sin problemas diferentes modelos para sacar el m\u00e1ximo partido a su fuente de alimentaci\u00f3n. Tanto si desea ampliar sus centrales el\u00e9ctricas para uso dom\u00e9stico como para aplicaciones profesionales, el Cable Paralelo de Conexi\u00f3n Bluetti le proporciona la fiabilidad que necesita.<\/p>\n<p><strong>Fuente de alimentaci\u00f3n eficiente<\/strong> <\/p>\n<p>Gracias a sus fiables conectores y cables de alta calidad, tiene garantizada una fuente de alimentaci\u00f3n eficiente para todas sus necesidades de energ\u00eda. Tanto si necesita alimentar dispositivos electr\u00f3nicos, iluminaci\u00f3n, equipos de refrigeraci\u00f3n u otros aparatos el\u00e9ctricos, el Bluetti Cable Connexion Parallel le garantiza que siempre podr\u00e1 contar con una fuente de alimentaci\u00f3n estable y fiable est\u00e9 donde est\u00e9.<\/p>\n<p><strong>Conclusi\u00f3n<\/strong> <\/p>\n<p>El Bluetti Cable Connexion Parallel proporciona una excelente soluci\u00f3n para conectar paquetes de bater\u00edas externas a sus centrales el\u00e9ctricas Bluetti. Con un \u00e9nfasis en la compatibilidad, fiabilidad y eficiencia, estos cables son un complemento esencial para cualquiera que busque una fuente de alimentaci\u00f3n completa y fiable. A\u00f1ada estos cables a su fuente de alimentaci\u00f3n y explote todo el potencial de sus centrales Bluetti.<\/p>\n<p><\/p>","protected":false},"excerpt":{"rendered":"<p>De Bluetti Cable Connexion Parallel is de perfecte oplossing voor het aansluiten van verschillende externe accupacks op uw Bluetti-energiecentrales. Met verschillende connectoren zoals P090D naar DC7909, P090D tot XT90, P090D naar MC4 en P090D tot P150D, kunt u moeiteloos de EB120\/EB150\/EB180\/EB240, AC200\/AC200P, EP500 Pro en AC500 modellen verbinden. Deze kabels zijn speciaal ontworpen om compatibiliteit [&hellip;]<\/p>\n","protected":false},"featured_media":5062,"template":"","meta":{"_acf_changed":false},"product_brand":[],"product_cat":[244,97,829,415,628],"product_tag":[],"class_list":{"0":"post-5063","1":"product","2":"type-product","3":"status-publish","4":"has-post-thumbnail","6":"product_cat-alle-kabels","7":"product_cat-alle-producten","8":"product_cat-bluetti","9":"product_cat-energy","10":"product_cat-powerstations","11":"pa_brand-bluetti","12":"pa_productfamily-kabel","13":"pa_producttype-kabel","15":"first","16":"outofstock","17":"taxable","18":"shipping-taxable","19":"product-type-simple"},"acf":[],"yoast_head":"<!-- This site is optimized with the Yoast SEO Premium plugin v27.2 (Yoast SEO v27.2) - https:\/\/yoast.com\/product\/yoast-seo-premium-wordpress\/ -->\n<title>Bluetti Cable Connexion Parallel - koningdrone.be<\/title>\n<meta name=\"robots\" content=\"index, follow, max-snippet:-1, max-image-preview:large, max-video-preview:-1\" \/>\n<link rel=\"canonical\" href=\"https:\/\/koningdrone.be\/es\/producto\/bluetti-cable-connexion-parallel\/\" \/>\n<meta property=\"og:locale\" content=\"es_ES\" \/>\n<meta property=\"og:type\" content=\"article\" \/>\n<meta property=\"og:title\" content=\"Bluetti Cable Connexion Parallel\" \/>\n<meta property=\"og:description\" content=\"De Bluetti Cable Connexion Parallel is de perfecte oplossing voor het aansluiten van verschillende externe accupacks op uw Bluetti-energiecentrales. Met verschillende connectoren zoals P090D naar DC7909, P090D tot XT90, P090D naar MC4 en P090D tot P150D, kunt u moeiteloos de EB120\/EB150\/EB180\/EB240, AC200\/AC200P, EP500 Pro en AC500 modellen verbinden. Deze kabels zijn speciaal ontworpen om compatibiliteit [&hellip;]\" \/>\n<meta property=\"og:url\" content=\"https:\/\/koningdrone.be\/es\/producto\/bluetti-cable-connexion-parallel\/\" \/>\n<meta property=\"og:site_name\" content=\"koningdrone.be\" \/>\n<meta property=\"article:modified_time\" content=\"2025-05-20T12:33:30+00:00\" \/>\n<meta property=\"og:image\" content=\"https:\/\/koningdrone.be\/wp-content\/uploads\/sites\/13\/2025\/04\/43573508309259-1.webp\" \/>\n\t<meta property=\"og:image:width\" content=\"750\" \/>\n\t<meta property=\"og:image:height\" content=\"750\" \/>\n\t<meta property=\"og:image:type\" content=\"image\/webp\" \/>\n<meta name=\"twitter:card\" content=\"summary_large_image\" \/>\n<meta name=\"twitter:label1\" content=\"Tiempo de lectura\" \/>\n\t<meta name=\"twitter:data1\" content=\"2 minutos\" \/>\n<script type=\"application\/ld+json\" class=\"yoast-schema-graph\">{\"@context\":\"https:\/\/schema.org\",\"@graph\":[{\"@type\":\"WebPage\",\"@id\":\"https:\/\/koningdrone.be\/product\/bluetti-cable-connexion-parallel\/\",\"url\":\"https:\/\/koningdrone.be\/product\/bluetti-cable-connexion-parallel\/\",\"name\":\"Bluetti Cable Connexion Parallel - koningdrone.be\",\"isPartOf\":{\"@id\":\"https:\/\/koningdrone.be\/#website\"},\"primaryImageOfPage\":{\"@id\":\"https:\/\/koningdrone.be\/product\/bluetti-cable-connexion-parallel\/#primaryimage\"},\"image\":{\"@id\":\"https:\/\/koningdrone.be\/product\/bluetti-cable-connexion-parallel\/#primaryimage\"},\"thumbnailUrl\":\"https:\/\/koningdrone.be\/wp-content\/uploads\/sites\/13\/2025\/04\/43573508309259-1.webp\",\"datePublished\":\"2023-03-08T08:21:08+00:00\",\"dateModified\":\"2025-05-20T12:33:30+00:00\",\"breadcrumb\":{\"@id\":\"https:\/\/koningdrone.be\/product\/bluetti-cable-connexion-parallel\/#breadcrumb\"},\"inLanguage\":\"es\",\"potentialAction\":[{\"@type\":\"ReadAction\",\"target\":[\"https:\/\/koningdrone.be\/product\/bluetti-cable-connexion-parallel\/\"]}]},{\"@type\":\"ImageObject\",\"inLanguage\":\"es\",\"@id\":\"https:\/\/koningdrone.be\/product\/bluetti-cable-connexion-parallel\/#primaryimage\",\"url\":\"https:\/\/koningdrone.be\/wp-content\/uploads\/sites\/13\/2025\/04\/43573508309259-1.webp\",\"contentUrl\":\"https:\/\/koningdrone.be\/wp-content\/uploads\/sites\/13\/2025\/04\/43573508309259-1.webp\",\"width\":750,\"height\":750},{\"@type\":\"BreadcrumbList\",\"@id\":\"https:\/\/koningdrone.be\/product\/bluetti-cable-connexion-parallel\/#breadcrumb\",\"itemListElement\":[{\"@type\":\"ListItem\",\"position\":1,\"name\":\"Home\",\"item\":\"https:\/\/koningdrone.be\/\"},{\"@type\":\"ListItem\",\"position\":2,\"name\":\"AVSS Parachute Recovery System for DJI Matrice 300\/350\",\"item\":\"https:\/\/koningdrone.be\/product\/avss-parachute-recovery-system-for-dji-matrice-300-350\/\"},{\"@type\":\"ListItem\",\"position\":3,\"name\":\"Alle kabels\",\"item\":\"https:\/\/koningdrone.be\/categorie\/alle-kabels\/\"},{\"@type\":\"ListItem\",\"position\":4,\"name\":\"Bluetti Cable Connexion Parallel\"}]},{\"@type\":\"WebSite\",\"@id\":\"https:\/\/koningdrone.be\/#website\",\"url\":\"https:\/\/koningdrone.be\/\",\"name\":\"Koningdrone.be - Uw online specialist in drones, gimbals, camera's en power stations.\",\"description\":\"De webshop in drones en gimbals\",\"publisher\":{\"@id\":\"https:\/\/koningdrone.be\/#organization\"},\"potentialAction\":[{\"@type\":\"SearchAction\",\"target\":{\"@type\":\"EntryPoint\",\"urlTemplate\":\"https:\/\/koningdrone.be\/?s={search_term_string}\"},\"query-input\":{\"@type\":\"PropertyValueSpecification\",\"valueRequired\":true,\"valueName\":\"search_term_string\"}}],\"inLanguage\":\"es\"},{\"@type\":\"Organization\",\"@id\":\"https:\/\/koningdrone.be\/#organization\",\"name\":\"Koningdrone.be\",\"url\":\"https:\/\/koningdrone.be\/\",\"logo\":{\"@type\":\"ImageObject\",\"inLanguage\":\"es\",\"@id\":\"https:\/\/koningdrone.be\/#\/schema\/logo\/image\/\",\"url\":\"https:\/\/koningdrone.be\/wp-content\/uploads\/sites\/13\/2025\/04\/koningdrone-copyright-logo.svg\",\"contentUrl\":\"https:\/\/koningdrone.be\/wp-content\/uploads\/sites\/13\/2025\/04\/koningdrone-copyright-logo.svg\",\"width\":227,\"height\":38,\"caption\":\"Koningdrone.be\"},\"image\":{\"@id\":\"https:\/\/koningdrone.be\/#\/schema\/logo\/image\/\"}}]}<\/script>\n<!-- \/ Yoast SEO Premium plugin. -->","yoast_head_json":{"title":"Bluetti Cable Connexion Parallel - koningdrone.be","robots":{"index":"index","follow":"follow","max-snippet":"max-snippet:-1","max-image-preview":"max-image-preview:large","max-video-preview":"max-video-preview:-1"},"canonical":"https:\/\/koningdrone.be\/es\/producto\/bluetti-cable-connexion-parallel\/","og_locale":"es_ES","og_type":"article","og_title":"Bluetti Cable Connexion Parallel","og_description":"De Bluetti Cable Connexion Parallel is de perfecte oplossing voor het aansluiten van verschillende externe accupacks op uw Bluetti-energiecentrales. Met verschillende connectoren zoals P090D naar DC7909, P090D tot XT90, P090D naar MC4 en P090D tot P150D, kunt u moeiteloos de EB120\/EB150\/EB180\/EB240, AC200\/AC200P, EP500 Pro en AC500 modellen verbinden. Deze kabels zijn speciaal ontworpen om compatibiliteit [&hellip;]","og_url":"https:\/\/koningdrone.be\/es\/producto\/bluetti-cable-connexion-parallel\/","og_site_name":"koningdrone.be","article_modified_time":"2025-05-20T12:33:30+00:00","og_image":[{"width":750,"height":750,"url":"https:\/\/koningdrone.be\/wp-content\/uploads\/sites\/13\/2025\/04\/43573508309259-1.webp","type":"image\/webp"}],"twitter_card":"summary_large_image","twitter_misc":{"Tiempo de lectura":"2 minutos"},"schema":{"@context":"https:\/\/schema.org","@graph":[{"@type":"WebPage","@id":"https:\/\/koningdrone.be\/product\/bluetti-cable-connexion-parallel\/","url":"https:\/\/koningdrone.be\/product\/bluetti-cable-connexion-parallel\/","name":"Bluetti Cable Connexion Parallel - koningdrone.be","isPartOf":{"@id":"https:\/\/koningdrone.be\/#website"},"primaryImageOfPage":{"@id":"https:\/\/koningdrone.be\/product\/bluetti-cable-connexion-parallel\/#primaryimage"},"image":{"@id":"https:\/\/koningdrone.be\/product\/bluetti-cable-connexion-parallel\/#primaryimage"},"thumbnailUrl":"https:\/\/koningdrone.be\/wp-content\/uploads\/sites\/13\/2025\/04\/43573508309259-1.webp","datePublished":"2023-03-08T08:21:08+00:00","dateModified":"2025-05-20T12:33:30+00:00","breadcrumb":{"@id":"https:\/\/koningdrone.be\/product\/bluetti-cable-connexion-parallel\/#breadcrumb"},"inLanguage":"es","potentialAction":[{"@type":"ReadAction","target":["https:\/\/koningdrone.be\/product\/bluetti-cable-connexion-parallel\/"]}]},{"@type":"ImageObject","inLanguage":"es","@id":"https:\/\/koningdrone.be\/product\/bluetti-cable-connexion-parallel\/#primaryimage","url":"https:\/\/koningdrone.be\/wp-content\/uploads\/sites\/13\/2025\/04\/43573508309259-1.webp","contentUrl":"https:\/\/koningdrone.be\/wp-content\/uploads\/sites\/13\/2025\/04\/43573508309259-1.webp","width":750,"height":750},{"@type":"BreadcrumbList","@id":"https:\/\/koningdrone.be\/product\/bluetti-cable-connexion-parallel\/#breadcrumb","itemListElement":[{"@type":"ListItem","position":1,"name":"Home","item":"https:\/\/koningdrone.be\/"},{"@type":"ListItem","position":2,"name":"AVSS Parachute Recovery System for DJI Matrice 300\/350","item":"https:\/\/koningdrone.be\/product\/avss-parachute-recovery-system-for-dji-matrice-300-350\/"},{"@type":"ListItem","position":3,"name":"Alle kabels","item":"https:\/\/koningdrone.be\/categorie\/alle-kabels\/"},{"@type":"ListItem","position":4,"name":"Bluetti Cable Connexion Parallel"}]},{"@type":"WebSite","@id":"https:\/\/koningdrone.be\/#website","url":"https:\/\/koningdrone.be\/","name":"Koningdrone.be - Su especialista en l\u00ednea en drones, cardanes, c\u00e1maras y centrales el\u00e9ctricas.","description":"La tienda virtual de drones y cardanes","publisher":{"@id":"https:\/\/koningdrone.be\/#organization"},"potentialAction":[{"@type":"SearchAction","target":{"@type":"EntryPoint","urlTemplate":"https:\/\/koningdrone.be\/?s={search_term_string}"},"query-input":{"@type":"PropertyValueSpecification","valueRequired":true,"valueName":"search_term_string"}}],"inLanguage":"es"},{"@type":"Organization","@id":"https:\/\/koningdrone.be\/#organization","name":"Kingdrone.es","url":"https:\/\/koningdrone.be\/","logo":{"@type":"ImageObject","inLanguage":"es","@id":"https:\/\/koningdrone.be\/#\/schema\/logo\/image\/","url":"https:\/\/koningdrone.be\/wp-content\/uploads\/sites\/13\/2025\/04\/koningdrone-copyright-logo.svg","contentUrl":"https:\/\/koningdrone.be\/wp-content\/uploads\/sites\/13\/2025\/04\/koningdrone-copyright-logo.svg","width":227,"height":38,"caption":"Koningdrone.be"},"image":{"@id":"https:\/\/koningdrone.be\/#\/schema\/logo\/image\/"}}]}},"df_price":"","df_sale_price":"","df_regular_price":"","df_image_link":"https:\/\/koningdrone.be\/wp-content\/uploads\/sites\/13\/2025\/04\/43573508309259-1-300x300.webp","_links":{"self":[{"href":"https:\/\/koningdrone.be\/es\/wp-json\/wp\/v2\/product\/5063","targetHints":{"allow":["GET"]}}],"collection":[{"href":"https:\/\/koningdrone.be\/es\/wp-json\/wp\/v2\/product"}],"about":[{"href":"https:\/\/koningdrone.be\/es\/wp-json\/wp\/v2\/types\/product"}],"wp:featuredmedia":[{"embeddable":true,"href":"https:\/\/koningdrone.be\/es\/wp-json\/wp\/v2\/media\/5062"}],"wp:attachment":[{"href":"https:\/\/koningdrone.be\/es\/wp-json\/wp\/v2\/media?parent=5063"}],"wp:term":[{"taxonomy":"product_brand","embeddable":true,"href":"https:\/\/koningdrone.be\/es\/wp-json\/wp\/v2\/product_brand?post=5063"},{"taxonomy":"product_cat","embeddable":true,"href":"https:\/\/koningdrone.be\/es\/wp-json\/wp\/v2\/product_cat?post=5063"},{"taxonomy":"product_tag","embeddable":true,"href":"https:\/\/koningdrone.be\/es\/wp-json\/wp\/v2\/product_tag?post=5063"}],"curies":[{"name":"wp","href":"https:\/\/api.w.org\/{rel}","templated":true}]}}