{"id":5059,"date":"2023-03-08T10:47:52","date_gmt":"2023-03-08T09:47:52","guid":{"rendered":"https:\/\/koningdrone.nl\/kon\/product\/ecoflow-solar-angle-guide\/"},"modified":"2026-04-29T16:30:37","modified_gmt":"2026-04-29T14:30:37","slug":"ecoflow-solar-angle-guide","status":"publish","type":"product","link":"https:\/\/koningdrone.be\/es\/producto\/ecoflow-solar-angle-guide\/","title":{"rendered":"Gu\u00eda de \u00e1ngulos solares EcoFlow"},"content":{"rendered":"<p><strong>Gu\u00eda de \u00e1ngulos solares EcoFlow<\/strong><\/p>\n<p>La Gu\u00eda de \u00c1ngulo Solar EcoFlow es f\u00e1cil de usar. Simplemente fije la Gu\u00eda de \u00c1ngulo Solar al borde del panel solar, luego incline el panel para que el sol brille a trav\u00e9s de la gu\u00eda transparente. Cuando los rayos del sol brillen a trav\u00e9s del plato transparente, ajuste el \u00e1ngulo del panel solar para que la sombra caiga en el centro de la Gu\u00eda de \u00c1ngulo Solar. Aseg\u00farate de que la sombra caiga lo m\u00e1s cerca posible del centro, porque cuanto m\u00e1s se acerque el \u00e1ngulo de la luz solar a 90\u00b0, m\u00e1s energ\u00eda solar se captar\u00e1 y menor ser\u00e1 el tiempo de carga solar. As\u00ed, con la Gu\u00eda de \u00c1ngulo Solar, optimizar\u00e1 la eficiencia de su panel solar y maximizar\u00e1 el rendimiento de la energ\u00eda solar.<\/p>\n<p><\/p>","protected":false},"excerpt":{"rendered":"<p>De EcoFlow Solar Angle Guide De EcoFlow Solar Angle Guide is gemakkelijk te gebruiken. Bevestig simpelweg de Solar Angle Guide aan de rand van het zonnepaneel en kantel dan het paneel zodat de zon door de transparante gids schijnt. Als de zonnestralen door de transparante schaal naar binnen schijnen, pas je de hoek van het [&hellip;]<\/p>\n","protected":false},"featured_media":5055,"template":"","meta":{"_acf_changed":false},"product_brand":[],"product_cat":[97,245,415,198],"product_tag":[],"class_list":{"0":"post-5059","1":"product","2":"type-product","3":"status-publish","4":"has-post-thumbnail","6":"product_cat-alle-producten","7":"product_cat-ecoflow","8":"product_cat-energy","9":"product_cat-zonnepanelen","10":"product_shipping_class-outofstock","11":"pa_brand-ecoflow","12":"pa_productfamily-zonnepaneel-accessoire","13":"pa_producttype-zonnepaneel-accessoire","14":"pa_series-ecoflow","16":"first","17":"outofstock","18":"taxable","19":"shipping-taxable","20":"purchasable","21":"product-type-simple"},"acf":[],"yoast_head":"<!-- This site is optimized with the Yoast SEO Premium plugin v27.2 (Yoast SEO v27.2) - https:\/\/yoast.com\/product\/yoast-seo-premium-wordpress\/ -->\n<title>EcoFlow Solar Angle Guide - koningdrone.be<\/title>\n<meta name=\"robots\" content=\"index, follow, max-snippet:-1, max-image-preview:large, max-video-preview:-1\" \/>\n<link rel=\"canonical\" href=\"https:\/\/koningdrone.be\/es\/producto\/ecoflow-solar-angle-guide\/\" \/>\n<meta property=\"og:locale\" content=\"es_ES\" \/>\n<meta property=\"og:type\" content=\"article\" \/>\n<meta property=\"og:title\" content=\"EcoFlow Solar Angle Guide\" \/>\n<meta property=\"og:description\" content=\"De EcoFlow Solar Angle Guide De EcoFlow Solar Angle Guide is gemakkelijk te gebruiken. Bevestig simpelweg de Solar Angle Guide aan de rand van het zonnepaneel en kantel dan het paneel zodat de zon door de transparante gids schijnt. Als de zonnestralen door de transparante schaal naar binnen schijnen, pas je de hoek van het [&hellip;]\" \/>\n<meta property=\"og:url\" content=\"https:\/\/koningdrone.be\/es\/producto\/ecoflow-solar-angle-guide\/\" \/>\n<meta property=\"og:site_name\" content=\"koningdrone.be\" \/>\n<meta property=\"article:modified_time\" content=\"2026-04-29T14:30:37+00:00\" \/>\n<meta property=\"og:image\" content=\"https:\/\/koningdrone.be\/wp-content\/uploads\/sites\/13\/2025\/04\/4897082668404-1.jpg\" \/>\n\t<meta property=\"og:image:width\" content=\"540\" \/>\n\t<meta property=\"og:image:height\" content=\"540\" \/>\n\t<meta property=\"og:image:type\" content=\"image\/jpeg\" \/>\n<meta name=\"twitter:card\" content=\"summary_large_image\" \/>\n<meta name=\"twitter:label1\" content=\"Tiempo de lectura\" \/>\n\t<meta name=\"twitter:data1\" content=\"1 minuto\" \/>\n<script type=\"application\/ld+json\" class=\"yoast-schema-graph\">{\"@context\":\"https:\/\/schema.org\",\"@graph\":[{\"@type\":\"WebPage\",\"@id\":\"https:\/\/koningdrone.be\/product\/ecoflow-solar-angle-guide\/\",\"url\":\"https:\/\/koningdrone.be\/product\/ecoflow-solar-angle-guide\/\",\"name\":\"EcoFlow Solar Angle Guide - koningdrone.be\",\"isPartOf\":{\"@id\":\"https:\/\/koningdrone.be\/#website\"},\"primaryImageOfPage\":{\"@id\":\"https:\/\/koningdrone.be\/product\/ecoflow-solar-angle-guide\/#primaryimage\"},\"image\":{\"@id\":\"https:\/\/koningdrone.be\/product\/ecoflow-solar-angle-guide\/#primaryimage\"},\"thumbnailUrl\":\"https:\/\/koningdrone.be\/wp-content\/uploads\/sites\/13\/2025\/04\/4897082668404-1.jpg\",\"datePublished\":\"2023-03-08T09:47:52+00:00\",\"dateModified\":\"2026-04-29T14:30:37+00:00\",\"breadcrumb\":{\"@id\":\"https:\/\/koningdrone.be\/product\/ecoflow-solar-angle-guide\/#breadcrumb\"},\"inLanguage\":\"es\",\"potentialAction\":[{\"@type\":\"ReadAction\",\"target\":[\"https:\/\/koningdrone.be\/product\/ecoflow-solar-angle-guide\/\"]}]},{\"@type\":\"ImageObject\",\"inLanguage\":\"es\",\"@id\":\"https:\/\/koningdrone.be\/product\/ecoflow-solar-angle-guide\/#primaryimage\",\"url\":\"https:\/\/koningdrone.be\/wp-content\/uploads\/sites\/13\/2025\/04\/4897082668404-1.jpg\",\"contentUrl\":\"https:\/\/koningdrone.be\/wp-content\/uploads\/sites\/13\/2025\/04\/4897082668404-1.jpg\",\"width\":540,\"height\":540},{\"@type\":\"BreadcrumbList\",\"@id\":\"https:\/\/koningdrone.be\/product\/ecoflow-solar-angle-guide\/#breadcrumb\",\"itemListElement\":[{\"@type\":\"ListItem\",\"position\":1,\"name\":\"Home\",\"item\":\"https:\/\/koningdrone.be\/\"},{\"@type\":\"ListItem\",\"position\":2,\"name\":\"AVSS Parachute Recovery System for DJI Matrice 300\/350\",\"item\":\"https:\/\/koningdrone.be\/product\/avss-parachute-recovery-system-for-dji-matrice-300-350\/\"},{\"@type\":\"ListItem\",\"position\":3,\"name\":\"Alle producten\",\"item\":\"https:\/\/koningdrone.be\/categorie\/alle-producten\/\"},{\"@type\":\"ListItem\",\"position\":4,\"name\":\"EcoFlow Solar Angle Guide\"}]},{\"@type\":\"WebSite\",\"@id\":\"https:\/\/koningdrone.be\/#website\",\"url\":\"https:\/\/koningdrone.be\/\",\"name\":\"Koningdrone.be - Uw online specialist in drones, gimbals, camera's en power stations.\",\"description\":\"De webshop in drones en gimbals\",\"publisher\":{\"@id\":\"https:\/\/koningdrone.be\/#organization\"},\"potentialAction\":[{\"@type\":\"SearchAction\",\"target\":{\"@type\":\"EntryPoint\",\"urlTemplate\":\"https:\/\/koningdrone.be\/?s={search_term_string}\"},\"query-input\":{\"@type\":\"PropertyValueSpecification\",\"valueRequired\":true,\"valueName\":\"search_term_string\"}}],\"inLanguage\":\"es\"},{\"@type\":\"Organization\",\"@id\":\"https:\/\/koningdrone.be\/#organization\",\"name\":\"Koningdrone.be\",\"url\":\"https:\/\/koningdrone.be\/\",\"logo\":{\"@type\":\"ImageObject\",\"inLanguage\":\"es\",\"@id\":\"https:\/\/koningdrone.be\/#\/schema\/logo\/image\/\",\"url\":\"https:\/\/koningdrone.be\/wp-content\/uploads\/sites\/13\/2025\/04\/koningdrone-copyright-logo.svg\",\"contentUrl\":\"https:\/\/koningdrone.be\/wp-content\/uploads\/sites\/13\/2025\/04\/koningdrone-copyright-logo.svg\",\"width\":227,\"height\":38,\"caption\":\"Koningdrone.be\"},\"image\":{\"@id\":\"https:\/\/koningdrone.be\/#\/schema\/logo\/image\/\"}}]}<\/script>\n<!-- \/ Yoast SEO Premium plugin. -->","yoast_head_json":{"title":"EcoFlow Solar Angle Guide - koningdrone.be","robots":{"index":"index","follow":"follow","max-snippet":"max-snippet:-1","max-image-preview":"max-image-preview:large","max-video-preview":"max-video-preview:-1"},"canonical":"https:\/\/koningdrone.be\/es\/producto\/ecoflow-solar-angle-guide\/","og_locale":"es_ES","og_type":"article","og_title":"EcoFlow Solar Angle Guide","og_description":"De EcoFlow Solar Angle Guide De EcoFlow Solar Angle Guide is gemakkelijk te gebruiken. Bevestig simpelweg de Solar Angle Guide aan de rand van het zonnepaneel en kantel dan het paneel zodat de zon door de transparante gids schijnt. Als de zonnestralen door de transparante schaal naar binnen schijnen, pas je de hoek van het [&hellip;]","og_url":"https:\/\/koningdrone.be\/es\/producto\/ecoflow-solar-angle-guide\/","og_site_name":"koningdrone.be","article_modified_time":"2026-04-29T14:30:37+00:00","og_image":[{"width":540,"height":540,"url":"https:\/\/koningdrone.be\/wp-content\/uploads\/sites\/13\/2025\/04\/4897082668404-1.jpg","type":"image\/jpeg"}],"twitter_card":"summary_large_image","twitter_misc":{"Tiempo de lectura":"1 minuto"},"schema":{"@context":"https:\/\/schema.org","@graph":[{"@type":"WebPage","@id":"https:\/\/koningdrone.be\/product\/ecoflow-solar-angle-guide\/","url":"https:\/\/koningdrone.be\/product\/ecoflow-solar-angle-guide\/","name":"EcoFlow Solar Angle Guide - koningdrone.be","isPartOf":{"@id":"https:\/\/koningdrone.be\/#website"},"primaryImageOfPage":{"@id":"https:\/\/koningdrone.be\/product\/ecoflow-solar-angle-guide\/#primaryimage"},"image":{"@id":"https:\/\/koningdrone.be\/product\/ecoflow-solar-angle-guide\/#primaryimage"},"thumbnailUrl":"https:\/\/koningdrone.be\/wp-content\/uploads\/sites\/13\/2025\/04\/4897082668404-1.jpg","datePublished":"2023-03-08T09:47:52+00:00","dateModified":"2026-04-29T14:30:37+00:00","breadcrumb":{"@id":"https:\/\/koningdrone.be\/product\/ecoflow-solar-angle-guide\/#breadcrumb"},"inLanguage":"es","potentialAction":[{"@type":"ReadAction","target":["https:\/\/koningdrone.be\/product\/ecoflow-solar-angle-guide\/"]}]},{"@type":"ImageObject","inLanguage":"es","@id":"https:\/\/koningdrone.be\/product\/ecoflow-solar-angle-guide\/#primaryimage","url":"https:\/\/koningdrone.be\/wp-content\/uploads\/sites\/13\/2025\/04\/4897082668404-1.jpg","contentUrl":"https:\/\/koningdrone.be\/wp-content\/uploads\/sites\/13\/2025\/04\/4897082668404-1.jpg","width":540,"height":540},{"@type":"BreadcrumbList","@id":"https:\/\/koningdrone.be\/product\/ecoflow-solar-angle-guide\/#breadcrumb","itemListElement":[{"@type":"ListItem","position":1,"name":"Home","item":"https:\/\/koningdrone.be\/"},{"@type":"ListItem","position":2,"name":"AVSS Parachute Recovery System for DJI Matrice 300\/350","item":"https:\/\/koningdrone.be\/product\/avss-parachute-recovery-system-for-dji-matrice-300-350\/"},{"@type":"ListItem","position":3,"name":"Alle producten","item":"https:\/\/koningdrone.be\/categorie\/alle-producten\/"},{"@type":"ListItem","position":4,"name":"EcoFlow Solar Angle Guide"}]},{"@type":"WebSite","@id":"https:\/\/koningdrone.be\/#website","url":"https:\/\/koningdrone.be\/","name":"Koningdrone.be - Su especialista en l\u00ednea en drones, cardanes, c\u00e1maras y centrales el\u00e9ctricas.","description":"La tienda virtual de drones y cardanes","publisher":{"@id":"https:\/\/koningdrone.be\/#organization"},"potentialAction":[{"@type":"SearchAction","target":{"@type":"EntryPoint","urlTemplate":"https:\/\/koningdrone.be\/?s={search_term_string}"},"query-input":{"@type":"PropertyValueSpecification","valueRequired":true,"valueName":"search_term_string"}}],"inLanguage":"es"},{"@type":"Organization","@id":"https:\/\/koningdrone.be\/#organization","name":"Kingdrone.es","url":"https:\/\/koningdrone.be\/","logo":{"@type":"ImageObject","inLanguage":"es","@id":"https:\/\/koningdrone.be\/#\/schema\/logo\/image\/","url":"https:\/\/koningdrone.be\/wp-content\/uploads\/sites\/13\/2025\/04\/koningdrone-copyright-logo.svg","contentUrl":"https:\/\/koningdrone.be\/wp-content\/uploads\/sites\/13\/2025\/04\/koningdrone-copyright-logo.svg","width":227,"height":38,"caption":"Koningdrone.be"},"image":{"@id":"https:\/\/koningdrone.be\/#\/schema\/logo\/image\/"}}]}},"df_price":15,"df_sale_price":"","df_regular_price":15,"df_image_link":"https:\/\/koningdrone.be\/wp-content\/uploads\/sites\/13\/2025\/04\/4897082668404-1-300x300.jpg","_links":{"self":[{"href":"https:\/\/koningdrone.be\/es\/wp-json\/wp\/v2\/product\/5059","targetHints":{"allow":["GET"]}}],"collection":[{"href":"https:\/\/koningdrone.be\/es\/wp-json\/wp\/v2\/product"}],"about":[{"href":"https:\/\/koningdrone.be\/es\/wp-json\/wp\/v2\/types\/product"}],"wp:featuredmedia":[{"embeddable":true,"href":"https:\/\/koningdrone.be\/es\/wp-json\/wp\/v2\/media\/5055"}],"wp:attachment":[{"href":"https:\/\/koningdrone.be\/es\/wp-json\/wp\/v2\/media?parent=5059"}],"wp:term":[{"taxonomy":"product_brand","embeddable":true,"href":"https:\/\/koningdrone.be\/es\/wp-json\/wp\/v2\/product_brand?post=5059"},{"taxonomy":"product_cat","embeddable":true,"href":"https:\/\/koningdrone.be\/es\/wp-json\/wp\/v2\/product_cat?post=5059"},{"taxonomy":"product_tag","embeddable":true,"href":"https:\/\/koningdrone.be\/es\/wp-json\/wp\/v2\/product_tag?post=5059"}],"curies":[{"name":"wp","href":"https:\/\/api.w.org\/{rel}","templated":true}]}}