{"id":5040,"date":"2023-04-17T13:45:25","date_gmt":"2023-04-17T11:45:25","guid":{"rendered":"https:\/\/koningdrone.nl\/kon\/product\/dji-avata-explorer-combo-incl-dji-fpv-goggles-integra-rc-motion-2\/"},"modified":"2026-04-29T13:40:21","modified_gmt":"2026-04-29T11:40:21","slug":"dji-avata-explorer-combo-incl-dji-fpv-goggles-integra-rc-motion-2","status":"publish","type":"product","link":"https:\/\/koningdrone.be\/es\/producto\/dji-avata-explorer-combo-incl-dji-fpv-goggles-integra-rc-motion-2\/","title":{"rendered":"DJI Avata - Explorer Combo - incl. DJI FPV Goggles Integra &amp; RC Motion 2"},"content":{"rendered":"<p><strong>DJI Avata - Explorer Combo - incl. DJI FPV Goggles Integra &amp; RC Motion 2<\/strong><\/p>\n<p><strong>EL CIELO ES TU PATIO DE RECREO<\/strong><br \/>\nDJI Avata est\u00e1 dise\u00f1ado para ofrecer la m\u00e1xima maniobrabilidad en espacios reducidos, con protectores de h\u00e9lice integrados que absorben las colisiones y mantienen la aeronave en el aire. Este dron, combinado con las DJI Goggles Integra y RC Motion 2, hace que volar sea accesible y seguro para todos. Las gafas ofrecen una experiencia de vuelo inmersiva en primera persona con pantallas HD Micro-OLED para colores vivos y detalles.<\/p>\n<p><strong>DONDE LA AGILIDAD SE UNE A LA FUERZA<\/strong><br \/>\nExperimenta la emoci\u00f3n de volar con el controlador DJI RC Motion 2, que utiliza una intuitiva tecnolog\u00eda de detecci\u00f3n de movimiento para controlar el dron con simples movimientos de mu\u00f1eca. Esta potente combinaci\u00f3n de tecnolog\u00eda ofrece una experiencia de vuelo \u00fanica, d\u00e1ndote la sensaci\u00f3n de flotar t\u00fa mismo por el aire. El dise\u00f1o ligero e integrado de las gafas aumenta la comodidad, sin la molestia de los cables.<\/p>","protected":false},"excerpt":{"rendered":"<ul>\n<li>Una experiencia de vuelo irresistible<\/li>\n<li>Compatibilidad con controladores de movimiento<\/li>\n<li>V\u00eddeo 4K estabilizado<\/li>\n<li>Del tama\u00f1o de la palma de la mano y delicioso<\/li>\n<li>Protecci\u00f3n de la h\u00e9lice integrada<\/li>\n<li>Transmisi\u00f3n HD de baja latencia<\/li>\n<\/ul>","protected":false},"featured_media":5035,"template":"","meta":{"_acf_changed":false},"product_brand":[],"product_cat":[135,97,136,261,99],"product_tag":[],"class_list":{"0":"post-5040","1":"product","2":"type-product","3":"status-publish","4":"has-post-thumbnail","6":"product_cat-alle-drones","7":"product_cat-alle-producten","8":"product_cat-consumer-drones","9":"product_cat-dji-avata","10":"product_cat-drones-met-certificaat","11":"product_shipping_class-outofstock","12":"pa_brand-dji","13":"pa_dronegrade-consumer","14":"pa_productfamily-drone","15":"pa_producttype-drone","16":"pa_series-avata","18":"first","19":"outofstock","20":"taxable","21":"shipping-taxable","22":"product-type-simple"},"acf":[],"yoast_head":"<!-- This site is optimized with the Yoast SEO Premium plugin v27.2 (Yoast SEO v27.2) - https:\/\/yoast.com\/product\/yoast-seo-premium-wordpress\/ -->\n<title>DJI Avata - Explorer Combo - incl. DJI FPV Goggles Integra &amp; RC Motion 2 - koningdrone.be<\/title>\n<meta name=\"robots\" content=\"index, follow, max-snippet:-1, max-image-preview:large, max-video-preview:-1\" \/>\n<link rel=\"canonical\" href=\"https:\/\/koningdrone.be\/es\/producto\/dji-avata-explorer-combo-incl-dji-fpv-goggles-integra-rc-motion-2\/\" \/>\n<meta property=\"og:locale\" content=\"es_ES\" \/>\n<meta property=\"og:type\" content=\"article\" \/>\n<meta property=\"og:title\" content=\"DJI Avata - Explorer Combo - incl. DJI FPV Goggles Integra &amp; RC Motion 2\" \/>\n<meta property=\"og:description\" content=\"Meeslepende vliegervaringOndersteuning voor bewegingscontrollers4k gestabiliseerde videoZo groot als een handpalm en heerlijkIngebouwde propellerbeschermingHD-transmissie met lage latentie\" \/>\n<meta property=\"og:url\" content=\"https:\/\/koningdrone.be\/es\/producto\/dji-avata-explorer-combo-incl-dji-fpv-goggles-integra-rc-motion-2\/\" \/>\n<meta property=\"og:site_name\" content=\"koningdrone.be\" \/>\n<meta property=\"article:modified_time\" content=\"2026-04-29T11:40:21+00:00\" \/>\n<meta property=\"og:image\" content=\"https:\/\/koningdrone.be\/wp-content\/uploads\/sites\/13\/2025\/04\/6941565952202-1.jpg\" \/>\n\t<meta property=\"og:image:width\" content=\"1280\" \/>\n\t<meta property=\"og:image:height\" content=\"800\" \/>\n\t<meta property=\"og:image:type\" content=\"image\/jpeg\" \/>\n<meta name=\"twitter:card\" content=\"summary_large_image\" \/>\n<meta name=\"twitter:label1\" content=\"Tiempo de lectura\" \/>\n\t<meta name=\"twitter:data1\" content=\"1 minuto\" \/>\n<script type=\"application\/ld+json\" class=\"yoast-schema-graph\">{\"@context\":\"https:\/\/schema.org\",\"@graph\":[{\"@type\":\"WebPage\",\"@id\":\"https:\/\/koningdrone.be\/product\/dji-avata-explorer-combo-incl-dji-fpv-goggles-integra-rc-motion-2\/\",\"url\":\"https:\/\/koningdrone.be\/product\/dji-avata-explorer-combo-incl-dji-fpv-goggles-integra-rc-motion-2\/\",\"name\":\"DJI Avata - Explorer Combo - incl. DJI FPV Goggles Integra &amp; RC Motion 2 - koningdrone.be\",\"isPartOf\":{\"@id\":\"https:\/\/koningdrone.be\/#website\"},\"primaryImageOfPage\":{\"@id\":\"https:\/\/koningdrone.be\/product\/dji-avata-explorer-combo-incl-dji-fpv-goggles-integra-rc-motion-2\/#primaryimage\"},\"image\":{\"@id\":\"https:\/\/koningdrone.be\/product\/dji-avata-explorer-combo-incl-dji-fpv-goggles-integra-rc-motion-2\/#primaryimage\"},\"thumbnailUrl\":\"https:\/\/koningdrone.be\/wp-content\/uploads\/sites\/13\/2025\/04\/6941565952202-1.jpg\",\"datePublished\":\"2023-04-17T11:45:25+00:00\",\"dateModified\":\"2026-04-29T11:40:21+00:00\",\"breadcrumb\":{\"@id\":\"https:\/\/koningdrone.be\/product\/dji-avata-explorer-combo-incl-dji-fpv-goggles-integra-rc-motion-2\/#breadcrumb\"},\"inLanguage\":\"es\",\"potentialAction\":[{\"@type\":\"ReadAction\",\"target\":[\"https:\/\/koningdrone.be\/product\/dji-avata-explorer-combo-incl-dji-fpv-goggles-integra-rc-motion-2\/\"]}]},{\"@type\":\"ImageObject\",\"inLanguage\":\"es\",\"@id\":\"https:\/\/koningdrone.be\/product\/dji-avata-explorer-combo-incl-dji-fpv-goggles-integra-rc-motion-2\/#primaryimage\",\"url\":\"https:\/\/koningdrone.be\/wp-content\/uploads\/sites\/13\/2025\/04\/6941565952202-1.jpg\",\"contentUrl\":\"https:\/\/koningdrone.be\/wp-content\/uploads\/sites\/13\/2025\/04\/6941565952202-1.jpg\",\"width\":1280,\"height\":800},{\"@type\":\"BreadcrumbList\",\"@id\":\"https:\/\/koningdrone.be\/product\/dji-avata-explorer-combo-incl-dji-fpv-goggles-integra-rc-motion-2\/#breadcrumb\",\"itemListElement\":[{\"@type\":\"ListItem\",\"position\":1,\"name\":\"Home\",\"item\":\"https:\/\/koningdrone.be\/\"},{\"@type\":\"ListItem\",\"position\":2,\"name\":\"AVSS Parachute Recovery System for DJI Matrice 300\/350\",\"item\":\"https:\/\/koningdrone.be\/product\/avss-parachute-recovery-system-for-dji-matrice-300-350\/\"},{\"@type\":\"ListItem\",\"position\":3,\"name\":\"Alle drones\",\"item\":\"https:\/\/koningdrone.be\/categorie\/alle-drones\/\"},{\"@type\":\"ListItem\",\"position\":4,\"name\":\"DJI Avata &#8211; Explorer Combo &#8211; incl. DJI FPV Goggles Integra &amp; RC Motion 2\"}]},{\"@type\":\"WebSite\",\"@id\":\"https:\/\/koningdrone.be\/#website\",\"url\":\"https:\/\/koningdrone.be\/\",\"name\":\"Koningdrone.be - Uw online specialist in drones, gimbals, camera's en power stations.\",\"description\":\"De webshop in drones en gimbals\",\"publisher\":{\"@id\":\"https:\/\/koningdrone.be\/#organization\"},\"potentialAction\":[{\"@type\":\"SearchAction\",\"target\":{\"@type\":\"EntryPoint\",\"urlTemplate\":\"https:\/\/koningdrone.be\/?s={search_term_string}\"},\"query-input\":{\"@type\":\"PropertyValueSpecification\",\"valueRequired\":true,\"valueName\":\"search_term_string\"}}],\"inLanguage\":\"es\"},{\"@type\":\"Organization\",\"@id\":\"https:\/\/koningdrone.be\/#organization\",\"name\":\"Koningdrone.be\",\"url\":\"https:\/\/koningdrone.be\/\",\"logo\":{\"@type\":\"ImageObject\",\"inLanguage\":\"es\",\"@id\":\"https:\/\/koningdrone.be\/#\/schema\/logo\/image\/\",\"url\":\"https:\/\/koningdrone.be\/wp-content\/uploads\/sites\/13\/2025\/04\/koningdrone-copyright-logo.svg\",\"contentUrl\":\"https:\/\/koningdrone.be\/wp-content\/uploads\/sites\/13\/2025\/04\/koningdrone-copyright-logo.svg\",\"width\":227,\"height\":38,\"caption\":\"Koningdrone.be\"},\"image\":{\"@id\":\"https:\/\/koningdrone.be\/#\/schema\/logo\/image\/\"}}]}<\/script>\n<!-- \/ Yoast SEO Premium plugin. -->","yoast_head_json":{"title":"DJI Avata - Explorer Combo - incl. DJI FPV Goggles Integra &amp; RC Motion 2 - koningdrone.be","robots":{"index":"index","follow":"follow","max-snippet":"max-snippet:-1","max-image-preview":"max-image-preview:large","max-video-preview":"max-video-preview:-1"},"canonical":"https:\/\/koningdrone.be\/es\/producto\/dji-avata-explorer-combo-incl-dji-fpv-goggles-integra-rc-motion-2\/","og_locale":"es_ES","og_type":"article","og_title":"DJI Avata - Explorer Combo - incl. DJI FPV Goggles Integra &amp; RC Motion 2","og_description":"Meeslepende vliegervaringOndersteuning voor bewegingscontrollers4k gestabiliseerde videoZo groot als een handpalm en heerlijkIngebouwde propellerbeschermingHD-transmissie met lage latentie","og_url":"https:\/\/koningdrone.be\/es\/producto\/dji-avata-explorer-combo-incl-dji-fpv-goggles-integra-rc-motion-2\/","og_site_name":"koningdrone.be","article_modified_time":"2026-04-29T11:40:21+00:00","og_image":[{"width":1280,"height":800,"url":"https:\/\/koningdrone.be\/wp-content\/uploads\/sites\/13\/2025\/04\/6941565952202-1.jpg","type":"image\/jpeg"}],"twitter_card":"summary_large_image","twitter_misc":{"Tiempo de lectura":"1 minuto"},"schema":{"@context":"https:\/\/schema.org","@graph":[{"@type":"WebPage","@id":"https:\/\/koningdrone.be\/product\/dji-avata-explorer-combo-incl-dji-fpv-goggles-integra-rc-motion-2\/","url":"https:\/\/koningdrone.be\/product\/dji-avata-explorer-combo-incl-dji-fpv-goggles-integra-rc-motion-2\/","name":"DJI Avata - Explorer Combo - incl. DJI FPV Goggles Integra &amp; RC Motion 2 - koningdrone.be","isPartOf":{"@id":"https:\/\/koningdrone.be\/#website"},"primaryImageOfPage":{"@id":"https:\/\/koningdrone.be\/product\/dji-avata-explorer-combo-incl-dji-fpv-goggles-integra-rc-motion-2\/#primaryimage"},"image":{"@id":"https:\/\/koningdrone.be\/product\/dji-avata-explorer-combo-incl-dji-fpv-goggles-integra-rc-motion-2\/#primaryimage"},"thumbnailUrl":"https:\/\/koningdrone.be\/wp-content\/uploads\/sites\/13\/2025\/04\/6941565952202-1.jpg","datePublished":"2023-04-17T11:45:25+00:00","dateModified":"2026-04-29T11:40:21+00:00","breadcrumb":{"@id":"https:\/\/koningdrone.be\/product\/dji-avata-explorer-combo-incl-dji-fpv-goggles-integra-rc-motion-2\/#breadcrumb"},"inLanguage":"es","potentialAction":[{"@type":"ReadAction","target":["https:\/\/koningdrone.be\/product\/dji-avata-explorer-combo-incl-dji-fpv-goggles-integra-rc-motion-2\/"]}]},{"@type":"ImageObject","inLanguage":"es","@id":"https:\/\/koningdrone.be\/product\/dji-avata-explorer-combo-incl-dji-fpv-goggles-integra-rc-motion-2\/#primaryimage","url":"https:\/\/koningdrone.be\/wp-content\/uploads\/sites\/13\/2025\/04\/6941565952202-1.jpg","contentUrl":"https:\/\/koningdrone.be\/wp-content\/uploads\/sites\/13\/2025\/04\/6941565952202-1.jpg","width":1280,"height":800},{"@type":"BreadcrumbList","@id":"https:\/\/koningdrone.be\/product\/dji-avata-explorer-combo-incl-dji-fpv-goggles-integra-rc-motion-2\/#breadcrumb","itemListElement":[{"@type":"ListItem","position":1,"name":"Home","item":"https:\/\/koningdrone.be\/"},{"@type":"ListItem","position":2,"name":"AVSS Parachute Recovery System for DJI Matrice 300\/350","item":"https:\/\/koningdrone.be\/product\/avss-parachute-recovery-system-for-dji-matrice-300-350\/"},{"@type":"ListItem","position":3,"name":"Alle drones","item":"https:\/\/koningdrone.be\/categorie\/alle-drones\/"},{"@type":"ListItem","position":4,"name":"DJI Avata &#8211; Explorer Combo &#8211; incl. DJI FPV Goggles Integra &amp; RC Motion 2"}]},{"@type":"WebSite","@id":"https:\/\/koningdrone.be\/#website","url":"https:\/\/koningdrone.be\/","name":"Koningdrone.be - Su especialista en l\u00ednea en drones, cardanes, c\u00e1maras y centrales el\u00e9ctricas.","description":"La tienda virtual de drones y cardanes","publisher":{"@id":"https:\/\/koningdrone.be\/#organization"},"potentialAction":[{"@type":"SearchAction","target":{"@type":"EntryPoint","urlTemplate":"https:\/\/koningdrone.be\/?s={search_term_string}"},"query-input":{"@type":"PropertyValueSpecification","valueRequired":true,"valueName":"search_term_string"}}],"inLanguage":"es"},{"@type":"Organization","@id":"https:\/\/koningdrone.be\/#organization","name":"Kingdrone.es","url":"https:\/\/koningdrone.be\/","logo":{"@type":"ImageObject","inLanguage":"es","@id":"https:\/\/koningdrone.be\/#\/schema\/logo\/image\/","url":"https:\/\/koningdrone.be\/wp-content\/uploads\/sites\/13\/2025\/04\/koningdrone-copyright-logo.svg","contentUrl":"https:\/\/koningdrone.be\/wp-content\/uploads\/sites\/13\/2025\/04\/koningdrone-copyright-logo.svg","width":227,"height":38,"caption":"Koningdrone.be"},"image":{"@id":"https:\/\/koningdrone.be\/#\/schema\/logo\/image\/"}}]}},"df_price":"","df_sale_price":"","df_regular_price":"","df_image_link":"https:\/\/koningdrone.be\/wp-content\/uploads\/sites\/13\/2025\/04\/6941565952202-1-300x188.jpg","_links":{"self":[{"href":"https:\/\/koningdrone.be\/es\/wp-json\/wp\/v2\/product\/5040","targetHints":{"allow":["GET"]}}],"collection":[{"href":"https:\/\/koningdrone.be\/es\/wp-json\/wp\/v2\/product"}],"about":[{"href":"https:\/\/koningdrone.be\/es\/wp-json\/wp\/v2\/types\/product"}],"wp:featuredmedia":[{"embeddable":true,"href":"https:\/\/koningdrone.be\/es\/wp-json\/wp\/v2\/media\/5035"}],"wp:attachment":[{"href":"https:\/\/koningdrone.be\/es\/wp-json\/wp\/v2\/media?parent=5040"}],"wp:term":[{"taxonomy":"product_brand","embeddable":true,"href":"https:\/\/koningdrone.be\/es\/wp-json\/wp\/v2\/product_brand?post=5040"},{"taxonomy":"product_cat","embeddable":true,"href":"https:\/\/koningdrone.be\/es\/wp-json\/wp\/v2\/product_cat?post=5040"},{"taxonomy":"product_tag","embeddable":true,"href":"https:\/\/koningdrone.be\/es\/wp-json\/wp\/v2\/product_tag?post=5040"}],"curies":[{"name":"wp","href":"https:\/\/api.w.org\/{rel}","templated":true}]}}