{"id":5010,"date":"2023-04-17T13:45:25","date_gmt":"2023-04-17T11:45:25","guid":{"rendered":"https:\/\/koningdrone.nl\/kon\/product\/dji-mic-1-v-1-1-tx-1-rx\/"},"modified":"2026-05-01T10:30:25","modified_gmt":"2026-05-01T08:30:25","slug":"dji-mic-1-v-1-1-tx-1-rx","status":"publish","type":"product","link":"https:\/\/koningdrone.be\/es\/producto\/dji-mic-1-v-1-1-tx-1-rx\/","title":{"rendered":"DJI Mic 1-V-1 (1 TX + 1 RX)"},"content":{"rendered":"<h1>DJI Mic 1-V-1 (1 TX + 1 RX)<\/h1>\n<p>DJI Mic is een compact, lichtgewicht en krachtig draadloos microfoonsysteem dat een uitzonderlijke geluidskwaliteit levert op afstanden tot 250 meter. [1] De zender zorgt voor een heldere, professionele opname van zang, omgevingsgeluiden of muziekinstrumenten. Met ingebouwde opslag kan de DJI Mic worden gebruikt om primaire of back-upaudio op te nemen tijdens het opnemen. Schakel in, sluit aan en neem kristalhelder geluid op.<br \/><strong> Tweekanaals opname <\/strong><br \/>De DJI Mic (RX+TX) wordt geleverd met een draadloze microfoonzender die omnidirectionele audio ondersteunt, wat ideaal is voor interviews met meerdere mensen of in kleine studio&#8217;s.<br \/><strong> Geluid van hoge kwaliteit <\/strong><br \/>Met de DJI Mic kun je professionele, high-fidelity audio opnemen door geluid nauwkeurig na te bootsen over een breder frequentiebereik. Opname kan afzonderlijk worden gedaan via elk kanaal, of de twee kanalen kunnen worden gecombineerd voor flexibiliteit bij postproductie.<br \/><strong> Ge\u00efntegreerd touchscreen en ingebouwd geheugen <\/strong><br \/>Het touchscreen van de ontvanger biedt gemakkelijke toegang tot kanaalselectie, input\/output-instellingen en andere belangrijke functies. De zender heeft een interne opslagcapaciteit van maximaal 14 uur om problemen met audioverlies te voorkomen.<br \/><strong> 250 m stabiele overbrenging <\/strong><br \/>Geen kabels. Geen probleem. Geniet van onbeperkte creativiteit dankzij stabiele draadloze overdracht. Een zendbereik tot 250 m wordt ondersteund in open, onbelemmerde omgevingen zonder interferentie en voldoet aan de eisen van de meeste opnames zoals live streaming, studiogebruik en buitenopnamen.<br \/><strong> 250 m radiotransmissie <\/strong><br \/>Met behulp van DJI&#8217;s nieuwste coderingstechnologie kan de DJI Mic heldere audio vastleggen over afstanden tot 250 meter.<br \/><strong>Draadloos gemak<\/strong><br \/>Het hele DJI Mic-systeem is draadloos verbonden via een stabiele 2,4 GHz-frequentieband, zodat je je vrij kunt bewegen terwijl je je avonturen opneemt.<br \/><strong> Extreem storingsbestendig <\/strong><br \/>Het geoptimaliseerde draadloze transmissiesysteem zorgt voor een stabiele audiostream, zelfs in gebieden zoals treinstations, winkelcentra en kantoren.<br \/><strong> Praktisch magneetontwerp. <\/strong><br \/>Bevestig een zender handig aan je kleding via de ingebouwde clip of met de clipmagneten. Met een gewicht van ongeveer 30 gram is het dragen van de zender comfortabel en probleemloos.<br \/><strong> Zeer compatibel <\/strong><br \/>Verschillende apparaten betekenen verschillende ingangen en DJI Mic dekt ze allemaal. De ontvanger heeft USB-C-, Lightning- en 3,5 mm TRS-poorten en is daarom compatibel met populaire smartphones en tal van camera&#8217;s en laptops.<br \/><strong> Batterijduur van 15 uur <\/strong><br \/>Met het oplaadstation[5] hoeft u zich minder zorgen te maken over het batterijniveau. De ontvanger en zender kunnen worden opgeladen in het oplaadstation[5] om tot 15 uur batterijduur te bieden voor onbeperkte creaties.<br \/>Ultralange batterijduur: op zoek naar een systeem dat aan uw behoeften kan voldoen? Neem een hele dag geluid op met DJI Mic. Geniet van 5,5 uur[4] batterijduur van de zender, 5 uur[4] van de ontvanger en tot 15 uur van het laadstation[5].<br \/>Razendsnel koppelen: Zender en ontvanger worden automatisch gekoppeld zodra ze in het laadstation worden geplaatst[5]. Na de eerste installatie bent u binnen enkele seconden klaar om verbluffende audio op te nemen.<br \/><strong> Rijke functionaliteit <\/strong><br \/> \u2022 Back-upopname: als back-up wordt een secundaire audiotrack opgenomen met een volume van -6 dB. Dit helpt bij het maken van een back-up van uw geluidsopname, zelfs als u plotseling problemen ondervindt, zoals vervorming of clipping.<br \/> \u2022 Meertraps versterkingsregeling: pas de ingangs- en uitgangsgevoeligheid aan tussen -12dB~12dB en vind de perfecte instelling voor uw omgeving.<br \/> \u2022 Microfoonwindscherm: Onderdrukt effectief wind en lawaaierige omgevingen terwijl toch helder geluid wordt opgenomen.<br \/><strong> <\/strong><br \/>Opmerkingen:<br \/>1. Gemeten met FCC-norm in een onbelemmerde omgeving zonder interferentie (160m met CE-norm).<br \/>2. Niet ondersteund door DJI Mic (1 TX + 1 RX), die geen oplaadstation bevat.<br \/>3. Gemeten bij een bemonsteringsfrequentie van 48.000 Hz en 24-bits mono WAV-audioformaat.<br \/>4. Getest met 2 zenders aangesloten op de ontvanger, zonder back-up opname. De ontvanger was aangesloten op een camera.<br \/>5. Oplaadstation is niet inbegrepen bij DJI MIC (1TX+1RX).<\/p>\n","protected":false},"excerpt":{"rendered":"<ul>\n<li>Alles wat je nodig hebt, klaar voor gebruik[2]<\/li>\n<li>250 m bereik<\/li>\n<li>15 uur batterijduur[2]<\/li>\n<li>Magnetische bevestiging<\/li>\n<li>OLED-touchscreen<\/li>\n<li>14 uur opnemen[3]<\/li>\n<\/ul>\n","protected":false},"featured_media":5005,"template":"","meta":{"_acf_changed":false},"product_brand":[],"product_cat":[97,586,191,632],"product_tag":[],"class_list":{"0":"post-5010","1":"product","2":"type-product","3":"status-publish","4":"has-post-thumbnail","6":"product_cat-alle-producten","7":"product_cat-dji","8":"product_cat-dji-mic","9":"product_cat-dji-mic-1","10":"product_shipping_class-outofstock","11":"pa_brand-dji","12":"pa_productfamily-microfoon","13":"pa_producttype-microfoon","14":"pa_series-mic","16":"first","17":"outofstock","18":"taxable","19":"shipping-taxable","20":"product-type-simple"},"acf":[],"yoast_head":"<!-- This site is optimized with the Yoast SEO Premium plugin v27.2 (Yoast SEO v27.2) - https:\/\/yoast.com\/product\/yoast-seo-premium-wordpress\/ -->\n<title>DJI Mic 1-V-1 (1 TX + 1 RX) - koningdrone.be<\/title>\n<meta name=\"robots\" content=\"index, follow, max-snippet:-1, max-image-preview:large, max-video-preview:-1\" \/>\n<link rel=\"canonical\" href=\"https:\/\/koningdrone.be\/es\/producto\/dji-mic-1-v-1-1-tx-1-rx\/\" \/>\n<meta property=\"og:locale\" content=\"es_ES\" \/>\n<meta property=\"og:type\" content=\"article\" \/>\n<meta property=\"og:title\" content=\"DJI Mic 1-V-1 (1 TX + 1 RX)\" \/>\n<meta property=\"og:description\" content=\"Alles wat je nodig hebt, klaar voor gebruik[2]250 m bereik15 uur batterijduur[2]Magnetische bevestigingOLED-touchscreen14 uur opnemen[3]\" \/>\n<meta property=\"og:url\" content=\"https:\/\/koningdrone.be\/es\/producto\/dji-mic-1-v-1-1-tx-1-rx\/\" \/>\n<meta property=\"og:site_name\" content=\"koningdrone.be\" \/>\n<meta property=\"article:modified_time\" content=\"2026-05-01T08:30:25+00:00\" \/>\n<meta property=\"og:image\" content=\"https:\/\/koningdrone.be\/wp-content\/uploads\/sites\/13\/2025\/04\/6941565952998-1.jpg\" \/>\n\t<meta property=\"og:image:width\" content=\"1280\" \/>\n\t<meta property=\"og:image:height\" content=\"800\" \/>\n\t<meta property=\"og:image:type\" content=\"image\/jpeg\" \/>\n<meta name=\"twitter:card\" content=\"summary_large_image\" \/>\n<meta name=\"twitter:label1\" content=\"Tiempo de lectura\" \/>\n\t<meta name=\"twitter:data1\" content=\"3 minutos\" \/>\n<script type=\"application\/ld+json\" class=\"yoast-schema-graph\">{\"@context\":\"https:\/\/schema.org\",\"@graph\":[{\"@type\":\"WebPage\",\"@id\":\"https:\/\/koningdrone.be\/product\/dji-mic-1-v-1-1-tx-1-rx\/\",\"url\":\"https:\/\/koningdrone.be\/product\/dji-mic-1-v-1-1-tx-1-rx\/\",\"name\":\"DJI Mic 1-V-1 (1 TX + 1 RX) - koningdrone.be\",\"isPartOf\":{\"@id\":\"https:\/\/koningdrone.be\/#website\"},\"primaryImageOfPage\":{\"@id\":\"https:\/\/koningdrone.be\/product\/dji-mic-1-v-1-1-tx-1-rx\/#primaryimage\"},\"image\":{\"@id\":\"https:\/\/koningdrone.be\/product\/dji-mic-1-v-1-1-tx-1-rx\/#primaryimage\"},\"thumbnailUrl\":\"https:\/\/koningdrone.be\/wp-content\/uploads\/sites\/13\/2025\/04\/6941565952998-1.jpg\",\"datePublished\":\"2023-04-17T11:45:25+00:00\",\"dateModified\":\"2026-05-01T08:30:25+00:00\",\"breadcrumb\":{\"@id\":\"https:\/\/koningdrone.be\/product\/dji-mic-1-v-1-1-tx-1-rx\/#breadcrumb\"},\"inLanguage\":\"es\",\"potentialAction\":[{\"@type\":\"ReadAction\",\"target\":[\"https:\/\/koningdrone.be\/product\/dji-mic-1-v-1-1-tx-1-rx\/\"]}]},{\"@type\":\"ImageObject\",\"inLanguage\":\"es\",\"@id\":\"https:\/\/koningdrone.be\/product\/dji-mic-1-v-1-1-tx-1-rx\/#primaryimage\",\"url\":\"https:\/\/koningdrone.be\/wp-content\/uploads\/sites\/13\/2025\/04\/6941565952998-1.jpg\",\"contentUrl\":\"https:\/\/koningdrone.be\/wp-content\/uploads\/sites\/13\/2025\/04\/6941565952998-1.jpg\",\"width\":1280,\"height\":800},{\"@type\":\"BreadcrumbList\",\"@id\":\"https:\/\/koningdrone.be\/product\/dji-mic-1-v-1-1-tx-1-rx\/#breadcrumb\",\"itemListElement\":[{\"@type\":\"ListItem\",\"position\":1,\"name\":\"Home\",\"item\":\"https:\/\/koningdrone.be\/\"},{\"@type\":\"ListItem\",\"position\":2,\"name\":\"AVSS Parachute Recovery System for DJI Matrice 300\/350\",\"item\":\"https:\/\/koningdrone.be\/product\/avss-parachute-recovery-system-for-dji-matrice-300-350\/\"},{\"@type\":\"ListItem\",\"position\":3,\"name\":\"Alle producten\",\"item\":\"https:\/\/koningdrone.be\/categorie\/alle-producten\/\"},{\"@type\":\"ListItem\",\"position\":4,\"name\":\"DJI Mic 1-V-1 (1 TX + 1 RX)\"}]},{\"@type\":\"WebSite\",\"@id\":\"https:\/\/koningdrone.be\/#website\",\"url\":\"https:\/\/koningdrone.be\/\",\"name\":\"Koningdrone.be - Uw online specialist in drones, gimbals, camera's en power stations.\",\"description\":\"De webshop in drones en gimbals\",\"publisher\":{\"@id\":\"https:\/\/koningdrone.be\/#organization\"},\"potentialAction\":[{\"@type\":\"SearchAction\",\"target\":{\"@type\":\"EntryPoint\",\"urlTemplate\":\"https:\/\/koningdrone.be\/?s={search_term_string}\"},\"query-input\":{\"@type\":\"PropertyValueSpecification\",\"valueRequired\":true,\"valueName\":\"search_term_string\"}}],\"inLanguage\":\"es\"},{\"@type\":\"Organization\",\"@id\":\"https:\/\/koningdrone.be\/#organization\",\"name\":\"Koningdrone.be\",\"url\":\"https:\/\/koningdrone.be\/\",\"logo\":{\"@type\":\"ImageObject\",\"inLanguage\":\"es\",\"@id\":\"https:\/\/koningdrone.be\/#\/schema\/logo\/image\/\",\"url\":\"https:\/\/koningdrone.be\/wp-content\/uploads\/sites\/13\/2025\/04\/koningdrone-copyright-logo.svg\",\"contentUrl\":\"https:\/\/koningdrone.be\/wp-content\/uploads\/sites\/13\/2025\/04\/koningdrone-copyright-logo.svg\",\"width\":227,\"height\":38,\"caption\":\"Koningdrone.be\"},\"image\":{\"@id\":\"https:\/\/koningdrone.be\/#\/schema\/logo\/image\/\"}}]}<\/script>\n<!-- \/ Yoast SEO Premium plugin. -->","yoast_head_json":{"title":"DJI Mic 1-V-1 (1 TX + 1 RX) - koningdrone.be","robots":{"index":"index","follow":"follow","max-snippet":"max-snippet:-1","max-image-preview":"max-image-preview:large","max-video-preview":"max-video-preview:-1"},"canonical":"https:\/\/koningdrone.be\/es\/producto\/dji-mic-1-v-1-1-tx-1-rx\/","og_locale":"es_ES","og_type":"article","og_title":"DJI Mic 1-V-1 (1 TX + 1 RX)","og_description":"Alles wat je nodig hebt, klaar voor gebruik[2]250 m bereik15 uur batterijduur[2]Magnetische bevestigingOLED-touchscreen14 uur opnemen[3]","og_url":"https:\/\/koningdrone.be\/es\/producto\/dji-mic-1-v-1-1-tx-1-rx\/","og_site_name":"koningdrone.be","article_modified_time":"2026-05-01T08:30:25+00:00","og_image":[{"width":1280,"height":800,"url":"https:\/\/koningdrone.be\/wp-content\/uploads\/sites\/13\/2025\/04\/6941565952998-1.jpg","type":"image\/jpeg"}],"twitter_card":"summary_large_image","twitter_misc":{"Tiempo de lectura":"3 minutos"},"schema":{"@context":"https:\/\/schema.org","@graph":[{"@type":"WebPage","@id":"https:\/\/koningdrone.be\/product\/dji-mic-1-v-1-1-tx-1-rx\/","url":"https:\/\/koningdrone.be\/product\/dji-mic-1-v-1-1-tx-1-rx\/","name":"DJI Mic 1-V-1 (1 TX + 1 RX) - koningdrone.be","isPartOf":{"@id":"https:\/\/koningdrone.be\/#website"},"primaryImageOfPage":{"@id":"https:\/\/koningdrone.be\/product\/dji-mic-1-v-1-1-tx-1-rx\/#primaryimage"},"image":{"@id":"https:\/\/koningdrone.be\/product\/dji-mic-1-v-1-1-tx-1-rx\/#primaryimage"},"thumbnailUrl":"https:\/\/koningdrone.be\/wp-content\/uploads\/sites\/13\/2025\/04\/6941565952998-1.jpg","datePublished":"2023-04-17T11:45:25+00:00","dateModified":"2026-05-01T08:30:25+00:00","breadcrumb":{"@id":"https:\/\/koningdrone.be\/product\/dji-mic-1-v-1-1-tx-1-rx\/#breadcrumb"},"inLanguage":"es","potentialAction":[{"@type":"ReadAction","target":["https:\/\/koningdrone.be\/product\/dji-mic-1-v-1-1-tx-1-rx\/"]}]},{"@type":"ImageObject","inLanguage":"es","@id":"https:\/\/koningdrone.be\/product\/dji-mic-1-v-1-1-tx-1-rx\/#primaryimage","url":"https:\/\/koningdrone.be\/wp-content\/uploads\/sites\/13\/2025\/04\/6941565952998-1.jpg","contentUrl":"https:\/\/koningdrone.be\/wp-content\/uploads\/sites\/13\/2025\/04\/6941565952998-1.jpg","width":1280,"height":800},{"@type":"BreadcrumbList","@id":"https:\/\/koningdrone.be\/product\/dji-mic-1-v-1-1-tx-1-rx\/#breadcrumb","itemListElement":[{"@type":"ListItem","position":1,"name":"Home","item":"https:\/\/koningdrone.be\/"},{"@type":"ListItem","position":2,"name":"AVSS Parachute Recovery System for DJI Matrice 300\/350","item":"https:\/\/koningdrone.be\/product\/avss-parachute-recovery-system-for-dji-matrice-300-350\/"},{"@type":"ListItem","position":3,"name":"Alle producten","item":"https:\/\/koningdrone.be\/categorie\/alle-producten\/"},{"@type":"ListItem","position":4,"name":"DJI Mic 1-V-1 (1 TX + 1 RX)"}]},{"@type":"WebSite","@id":"https:\/\/koningdrone.be\/#website","url":"https:\/\/koningdrone.be\/","name":"Koningdrone.be - Su especialista en l\u00ednea en drones, cardanes, c\u00e1maras y centrales el\u00e9ctricas.","description":"La tienda virtual de drones y cardanes","publisher":{"@id":"https:\/\/koningdrone.be\/#organization"},"potentialAction":[{"@type":"SearchAction","target":{"@type":"EntryPoint","urlTemplate":"https:\/\/koningdrone.be\/?s={search_term_string}"},"query-input":{"@type":"PropertyValueSpecification","valueRequired":true,"valueName":"search_term_string"}}],"inLanguage":"es"},{"@type":"Organization","@id":"https:\/\/koningdrone.be\/#organization","name":"Kingdrone.es","url":"https:\/\/koningdrone.be\/","logo":{"@type":"ImageObject","inLanguage":"es","@id":"https:\/\/koningdrone.be\/#\/schema\/logo\/image\/","url":"https:\/\/koningdrone.be\/wp-content\/uploads\/sites\/13\/2025\/04\/koningdrone-copyright-logo.svg","contentUrl":"https:\/\/koningdrone.be\/wp-content\/uploads\/sites\/13\/2025\/04\/koningdrone-copyright-logo.svg","width":227,"height":38,"caption":"Koningdrone.be"},"image":{"@id":"https:\/\/koningdrone.be\/#\/schema\/logo\/image\/"}}]}},"df_price":"","df_sale_price":"","df_regular_price":"","df_image_link":"https:\/\/koningdrone.be\/wp-content\/uploads\/sites\/13\/2025\/04\/6941565952998-1-300x188.jpg","_links":{"self":[{"href":"https:\/\/koningdrone.be\/es\/wp-json\/wp\/v2\/product\/5010","targetHints":{"allow":["GET"]}}],"collection":[{"href":"https:\/\/koningdrone.be\/es\/wp-json\/wp\/v2\/product"}],"about":[{"href":"https:\/\/koningdrone.be\/es\/wp-json\/wp\/v2\/types\/product"}],"wp:featuredmedia":[{"embeddable":true,"href":"https:\/\/koningdrone.be\/es\/wp-json\/wp\/v2\/media\/5005"}],"wp:attachment":[{"href":"https:\/\/koningdrone.be\/es\/wp-json\/wp\/v2\/media?parent=5010"}],"wp:term":[{"taxonomy":"product_brand","embeddable":true,"href":"https:\/\/koningdrone.be\/es\/wp-json\/wp\/v2\/product_brand?post=5010"},{"taxonomy":"product_cat","embeddable":true,"href":"https:\/\/koningdrone.be\/es\/wp-json\/wp\/v2\/product_cat?post=5010"},{"taxonomy":"product_tag","embeddable":true,"href":"https:\/\/koningdrone.be\/es\/wp-json\/wp\/v2\/product_tag?post=5010"}],"curies":[{"name":"wp","href":"https:\/\/api.w.org\/{rel}","templated":true}]}}