{"id":5001,"date":"2023-04-17T13:45:25","date_gmt":"2023-04-17T11:45:25","guid":{"rendered":"https:\/\/koningdrone.nl\/kon\/product\/dji-mavic-3-classic-nd-filters-set-nd8-16-32-64\/"},"modified":"2026-04-29T15:40:59","modified_gmt":"2026-04-29T13:40:59","slug":"dji-mavic-3-classic-nd-filters-set-nd8-16-32-64","status":"publish","type":"product","link":"https:\/\/koningdrone.be\/es\/producto\/dji-mavic-3-classic-nd-filters-set-nd8-16-32-64\/","title":{"rendered":"DJI Mavic 3 Classic ND Filtros Set (ND8\/16\/32\/64)"},"content":{"rendered":"<p><strong>Kit de filtros esencial para aficionados y profesionales de la fotograf\u00eda<\/strong><\/p>\n<p> Este kit de filtros est\u00e1 dise\u00f1ado para satisfacer las necesidades tanto de los fot\u00f3grafos principiantes como de los experimentados a los que les apasiona la fotograf\u00eda de larga exposici\u00f3n o disparar con mucha luz, como durante un timelapse de larga exposici\u00f3n. Le proporciona las herramientas que necesita para crear im\u00e1genes sorprendentes y fluidas, incluso en escenarios de iluminaci\u00f3n dif\u00edciles.<\/p>\n<p><strong>Por qu\u00e9 te encantar\u00e1 este kit:<\/strong><\/p>\n<p> - <br \/><strong>Control preciso de la velocidad de obturaci\u00f3n:<\/strong>  <br \/>  Para aquellos a los que les gusta tener el control de su fotograf\u00eda, este kit permite un ajuste meticuloso de la velocidad de obturaci\u00f3n. Esto es especialmente valioso en entornos muy iluminados, donde mantener una velocidad de obturaci\u00f3n m\u00e1s lenta puede transformar tus tomas, d\u00e1ndoles un aspecto suave y profesional.<\/p>\n<p><\/p>\n<p> - <br \/><strong>Calidad de imagen \u00f3ptima:<\/strong>  <br \/>  Al permitir el uso de un ajuste ISO bajo mientras el obturador se abre 180\u00b0, este kit garantiza que las im\u00e1genes se mantengan n\u00edtidas y libres de artefactos no deseados, preservando la belleza natural de la escena.<\/p>\n<p><\/p>\n<p> - <br \/><strong>Colores vivos:<\/strong>  <br \/>  Estos filtros, fabricados con materiales reductores de luz de alta calidad, son cruciales para ayudarle a capturar el mundo tal y como lo ven sus ojos, ya que garantizan que los colores sean vivos y reales, y conservan perfectamente tanto las luces como las sombras.<\/p>\n<p><\/p>\n<p> - <br \/><strong>Dise\u00f1ado para durar y ser f\u00e1cil de usar:<\/strong>  <br \/>  los filtros cuentan con un dise\u00f1o de encaje a presi\u00f3n de precisi\u00f3n que garantiza un ajuste seguro y sella eficazmente el objetivo durante los vuelos, lo que los convierte en una opci\u00f3n excelente para la fotograf\u00eda a\u00e9rea.<\/p>\n<p><strong>Explicaci\u00f3n: \u00e1ngulo de apertura del obturador<\/strong><\/p>\n<p> El t\u00e9rmino \"\u00e1ngulo de apertura del obturador\" puede parecer complicado, pero no es m\u00e1s que una forma de describir la relaci\u00f3n entre la velocidad de obturaci\u00f3n y la frecuencia de imagen en la grabaci\u00f3n de v\u00eddeo. Se expresa en una f\u00f3rmula Tiempo de exposici\u00f3n = \u00c1ngulo de apertura del obturador \/ (Frecuencia de fotogramas \u00d7 360\u00b0). Para ilustrarlo, grabar a 24 fotogramas por segundo (fps) con un obturador abierto a 180\u00b0 da como resultado un tiempo de exposici\u00f3n de 1\/48 segundos. Este equilibrio garantiza que el v\u00eddeo capture el movimiento con suavidad, imitando la forma en que el ojo humano percibe el movimiento.<\/p>\n<p><\/p>\n<p> Tanto si es un principiante que quiere explorar el mundo de la fotograf\u00eda como si es un experto que quiere perfeccionar su t\u00e9cnica de larga exposici\u00f3n, este kit de filtros le ofrece la calidad y el control que necesita para llevar su trabajo al siguiente nivel.<\/p>\n<p><\/p>","protected":false},"excerpt":{"rendered":"<ul>\n<li>Dise\u00f1ado para la fotograf\u00eda con tiempos de exposici\u00f3n largos y condiciones de iluminaci\u00f3n intensa.<\/li>\n<li> Proporciona un control preciso de la velocidad de obturaci\u00f3n para obtener im\u00e1genes fluidas.<\/li>\n<li> Permite obtener im\u00e1genes n\u00edtidas a 180\u00b0 de apertura del obturador con ISO bajo.<\/li>\n<li> Fabricado con materiales reductores de luz de alta calidad.<\/li>\n<li> Capta colores realistas y luces altas y bajas detalladas.<\/li>\n<li> Cuenta con un preciso dise\u00f1o de junta de bloqueo a presi\u00f3n para un sellado fiable del objetivo sobre la marcha.<\/li>\n<li> Explicar el \u00e1ngulo de apertura del obturador aumenta la comprensi\u00f3n del tiempo de exposici\u00f3n.<\/li>\n<\/ul>","protected":false},"featured_media":4998,"template":"","meta":{"_acf_changed":false},"product_brand":[],"product_cat":[172,97,137,852],"product_tag":[],"class_list":{"0":"post-5001","1":"product","2":"type-product","3":"status-publish","4":"has-post-thumbnail","6":"product_cat-alle-nd-filters","7":"product_cat-alle-producten","8":"product_cat-dji-mavic-3","9":"product_cat-nd-filters","10":"product_shipping_class-outofstock","11":"pa_brand-dji","12":"pa_productfamily-nd-filters","13":"pa_producttype-nd-filters","14":"pa_series-mavic-3","16":"first","17":"outofstock","18":"taxable","19":"shipping-taxable","20":"purchasable","21":"product-type-simple"},"acf":[],"yoast_head":"<!-- This site is optimized with the Yoast SEO Premium plugin v27.2 (Yoast SEO v27.2) - https:\/\/yoast.com\/product\/yoast-seo-premium-wordpress\/ -->\n<title>DJI Mavic 3 Classic ND Filters Set (ND8\/16\/32\/64) - koningdrone.be<\/title>\n<meta name=\"robots\" content=\"index, follow, max-snippet:-1, max-image-preview:large, max-video-preview:-1\" \/>\n<link rel=\"canonical\" href=\"https:\/\/koningdrone.be\/es\/producto\/dji-mavic-3-classic-nd-filters-set-nd8-16-32-64\/\" \/>\n<meta property=\"og:locale\" content=\"es_ES\" \/>\n<meta property=\"og:type\" content=\"article\" \/>\n<meta property=\"og:title\" content=\"DJI Mavic 3 Classic ND Filters Set (ND8\/16\/32\/64)\" \/>\n<meta property=\"og:description\" content=\"Ontworpen voor fotografie met lange belichtingstijden en sterke lichtomstandigheden. Biedt nauwkeurige controle over de sluitertijd voor vloeiende beelden. Maakt scherpe beelden mogelijk bij een sluiteropening van 180\u00b0 met een lage ISO. Gemaakt van hoogwaardige lichtreducerende materialen. Legt levensechte kleuren en gedetailleerde highlights\/low-lights vast. Beschikt over een nauwkeurig klikverbindingsontwerp voor een betrouwbare lensafdichting tijdens de vlucht. Uitleg over de openingshoek van de sluiter vergroot het begrip van de belichtingstijd.\" \/>\n<meta property=\"og:url\" content=\"https:\/\/koningdrone.be\/es\/producto\/dji-mavic-3-classic-nd-filters-set-nd8-16-32-64\/\" \/>\n<meta property=\"og:site_name\" content=\"koningdrone.be\" \/>\n<meta property=\"article:modified_time\" content=\"2026-04-29T13:40:59+00:00\" \/>\n<meta property=\"og:image\" content=\"https:\/\/koningdrone.be\/wp-content\/uploads\/sites\/13\/2025\/04\/d607c07af9e254fed28031025e138aba@large.jpg\" \/>\n\t<meta property=\"og:image:width\" content=\"1200\" \/>\n\t<meta property=\"og:image:height\" content=\"800\" \/>\n\t<meta property=\"og:image:type\" content=\"image\/jpeg\" \/>\n<meta name=\"twitter:card\" content=\"summary_large_image\" \/>\n<meta name=\"twitter:label1\" content=\"Tiempo de lectura\" \/>\n\t<meta name=\"twitter:data1\" content=\"2 minutos\" \/>\n<script type=\"application\/ld+json\" class=\"yoast-schema-graph\">{\"@context\":\"https:\/\/schema.org\",\"@graph\":[{\"@type\":\"WebPage\",\"@id\":\"https:\/\/koningdrone.be\/product\/dji-mavic-3-classic-nd-filters-set-nd8-16-32-64\/\",\"url\":\"https:\/\/koningdrone.be\/product\/dji-mavic-3-classic-nd-filters-set-nd8-16-32-64\/\",\"name\":\"DJI Mavic 3 Classic ND Filters Set (ND8\/16\/32\/64) - koningdrone.be\",\"isPartOf\":{\"@id\":\"https:\/\/koningdrone.be\/#website\"},\"primaryImageOfPage\":{\"@id\":\"https:\/\/koningdrone.be\/product\/dji-mavic-3-classic-nd-filters-set-nd8-16-32-64\/#primaryimage\"},\"image\":{\"@id\":\"https:\/\/koningdrone.be\/product\/dji-mavic-3-classic-nd-filters-set-nd8-16-32-64\/#primaryimage\"},\"thumbnailUrl\":\"https:\/\/koningdrone.be\/wp-content\/uploads\/sites\/13\/2025\/04\/d607c07af9e254fed28031025e138aba@large.jpg\",\"datePublished\":\"2023-04-17T11:45:25+00:00\",\"dateModified\":\"2026-04-29T13:40:59+00:00\",\"breadcrumb\":{\"@id\":\"https:\/\/koningdrone.be\/product\/dji-mavic-3-classic-nd-filters-set-nd8-16-32-64\/#breadcrumb\"},\"inLanguage\":\"es\",\"potentialAction\":[{\"@type\":\"ReadAction\",\"target\":[\"https:\/\/koningdrone.be\/product\/dji-mavic-3-classic-nd-filters-set-nd8-16-32-64\/\"]}]},{\"@type\":\"ImageObject\",\"inLanguage\":\"es\",\"@id\":\"https:\/\/koningdrone.be\/product\/dji-mavic-3-classic-nd-filters-set-nd8-16-32-64\/#primaryimage\",\"url\":\"https:\/\/koningdrone.be\/wp-content\/uploads\/sites\/13\/2025\/04\/d607c07af9e254fed28031025e138aba@large.jpg\",\"contentUrl\":\"https:\/\/koningdrone.be\/wp-content\/uploads\/sites\/13\/2025\/04\/d607c07af9e254fed28031025e138aba@large.jpg\",\"width\":1200,\"height\":800},{\"@type\":\"BreadcrumbList\",\"@id\":\"https:\/\/koningdrone.be\/product\/dji-mavic-3-classic-nd-filters-set-nd8-16-32-64\/#breadcrumb\",\"itemListElement\":[{\"@type\":\"ListItem\",\"position\":1,\"name\":\"Home\",\"item\":\"https:\/\/koningdrone.be\/\"},{\"@type\":\"ListItem\",\"position\":2,\"name\":\"AVSS Parachute Recovery System for DJI Matrice 300\/350\",\"item\":\"https:\/\/koningdrone.be\/product\/avss-parachute-recovery-system-for-dji-matrice-300-350\/\"},{\"@type\":\"ListItem\",\"position\":3,\"name\":\"Alle ND Filters\",\"item\":\"https:\/\/koningdrone.be\/categorie\/alle-nd-filters\/\"},{\"@type\":\"ListItem\",\"position\":4,\"name\":\"DJI Mavic 3 Classic ND Filters Set (ND8\/16\/32\/64)\"}]},{\"@type\":\"WebSite\",\"@id\":\"https:\/\/koningdrone.be\/#website\",\"url\":\"https:\/\/koningdrone.be\/\",\"name\":\"Koningdrone.be - Uw online specialist in drones, gimbals, camera's en power stations.\",\"description\":\"De webshop in drones en gimbals\",\"publisher\":{\"@id\":\"https:\/\/koningdrone.be\/#organization\"},\"potentialAction\":[{\"@type\":\"SearchAction\",\"target\":{\"@type\":\"EntryPoint\",\"urlTemplate\":\"https:\/\/koningdrone.be\/?s={search_term_string}\"},\"query-input\":{\"@type\":\"PropertyValueSpecification\",\"valueRequired\":true,\"valueName\":\"search_term_string\"}}],\"inLanguage\":\"es\"},{\"@type\":\"Organization\",\"@id\":\"https:\/\/koningdrone.be\/#organization\",\"name\":\"Koningdrone.be\",\"url\":\"https:\/\/koningdrone.be\/\",\"logo\":{\"@type\":\"ImageObject\",\"inLanguage\":\"es\",\"@id\":\"https:\/\/koningdrone.be\/#\/schema\/logo\/image\/\",\"url\":\"https:\/\/koningdrone.be\/wp-content\/uploads\/sites\/13\/2025\/04\/koningdrone-copyright-logo.svg\",\"contentUrl\":\"https:\/\/koningdrone.be\/wp-content\/uploads\/sites\/13\/2025\/04\/koningdrone-copyright-logo.svg\",\"width\":227,\"height\":38,\"caption\":\"Koningdrone.be\"},\"image\":{\"@id\":\"https:\/\/koningdrone.be\/#\/schema\/logo\/image\/\"}}]}<\/script>\n<!-- \/ Yoast SEO Premium plugin. -->","yoast_head_json":{"title":"DJI Mavic 3 Classic ND Filters Set (ND8\/16\/32\/64) - koningdrone.be","robots":{"index":"index","follow":"follow","max-snippet":"max-snippet:-1","max-image-preview":"max-image-preview:large","max-video-preview":"max-video-preview:-1"},"canonical":"https:\/\/koningdrone.be\/es\/producto\/dji-mavic-3-classic-nd-filters-set-nd8-16-32-64\/","og_locale":"es_ES","og_type":"article","og_title":"DJI Mavic 3 Classic ND Filters Set (ND8\/16\/32\/64)","og_description":"Ontworpen voor fotografie met lange belichtingstijden en sterke lichtomstandigheden. Biedt nauwkeurige controle over de sluitertijd voor vloeiende beelden. Maakt scherpe beelden mogelijk bij een sluiteropening van 180\u00b0 met een lage ISO. Gemaakt van hoogwaardige lichtreducerende materialen. Legt levensechte kleuren en gedetailleerde highlights\/low-lights vast. Beschikt over een nauwkeurig klikverbindingsontwerp voor een betrouwbare lensafdichting tijdens de vlucht. Uitleg over de openingshoek van de sluiter vergroot het begrip van de belichtingstijd.","og_url":"https:\/\/koningdrone.be\/es\/producto\/dji-mavic-3-classic-nd-filters-set-nd8-16-32-64\/","og_site_name":"koningdrone.be","article_modified_time":"2026-04-29T13:40:59+00:00","og_image":[{"width":1200,"height":800,"url":"https:\/\/koningdrone.be\/wp-content\/uploads\/sites\/13\/2025\/04\/d607c07af9e254fed28031025e138aba@large.jpg","type":"image\/jpeg"}],"twitter_card":"summary_large_image","twitter_misc":{"Tiempo de lectura":"2 minutos"},"schema":{"@context":"https:\/\/schema.org","@graph":[{"@type":"WebPage","@id":"https:\/\/koningdrone.be\/product\/dji-mavic-3-classic-nd-filters-set-nd8-16-32-64\/","url":"https:\/\/koningdrone.be\/product\/dji-mavic-3-classic-nd-filters-set-nd8-16-32-64\/","name":"DJI Mavic 3 Classic ND Filters Set (ND8\/16\/32\/64) - koningdrone.be","isPartOf":{"@id":"https:\/\/koningdrone.be\/#website"},"primaryImageOfPage":{"@id":"https:\/\/koningdrone.be\/product\/dji-mavic-3-classic-nd-filters-set-nd8-16-32-64\/#primaryimage"},"image":{"@id":"https:\/\/koningdrone.be\/product\/dji-mavic-3-classic-nd-filters-set-nd8-16-32-64\/#primaryimage"},"thumbnailUrl":"https:\/\/koningdrone.be\/wp-content\/uploads\/sites\/13\/2025\/04\/d607c07af9e254fed28031025e138aba@large.jpg","datePublished":"2023-04-17T11:45:25+00:00","dateModified":"2026-04-29T13:40:59+00:00","breadcrumb":{"@id":"https:\/\/koningdrone.be\/product\/dji-mavic-3-classic-nd-filters-set-nd8-16-32-64\/#breadcrumb"},"inLanguage":"es","potentialAction":[{"@type":"ReadAction","target":["https:\/\/koningdrone.be\/product\/dji-mavic-3-classic-nd-filters-set-nd8-16-32-64\/"]}]},{"@type":"ImageObject","inLanguage":"es","@id":"https:\/\/koningdrone.be\/product\/dji-mavic-3-classic-nd-filters-set-nd8-16-32-64\/#primaryimage","url":"https:\/\/koningdrone.be\/wp-content\/uploads\/sites\/13\/2025\/04\/d607c07af9e254fed28031025e138aba@large.jpg","contentUrl":"https:\/\/koningdrone.be\/wp-content\/uploads\/sites\/13\/2025\/04\/d607c07af9e254fed28031025e138aba@large.jpg","width":1200,"height":800},{"@type":"BreadcrumbList","@id":"https:\/\/koningdrone.be\/product\/dji-mavic-3-classic-nd-filters-set-nd8-16-32-64\/#breadcrumb","itemListElement":[{"@type":"ListItem","position":1,"name":"Home","item":"https:\/\/koningdrone.be\/"},{"@type":"ListItem","position":2,"name":"AVSS Parachute Recovery System for DJI Matrice 300\/350","item":"https:\/\/koningdrone.be\/product\/avss-parachute-recovery-system-for-dji-matrice-300-350\/"},{"@type":"ListItem","position":3,"name":"Alle ND Filters","item":"https:\/\/koningdrone.be\/categorie\/alle-nd-filters\/"},{"@type":"ListItem","position":4,"name":"DJI Mavic 3 Classic ND Filters Set (ND8\/16\/32\/64)"}]},{"@type":"WebSite","@id":"https:\/\/koningdrone.be\/#website","url":"https:\/\/koningdrone.be\/","name":"Koningdrone.be - Su especialista en l\u00ednea en drones, cardanes, c\u00e1maras y centrales el\u00e9ctricas.","description":"La tienda virtual de drones y cardanes","publisher":{"@id":"https:\/\/koningdrone.be\/#organization"},"potentialAction":[{"@type":"SearchAction","target":{"@type":"EntryPoint","urlTemplate":"https:\/\/koningdrone.be\/?s={search_term_string}"},"query-input":{"@type":"PropertyValueSpecification","valueRequired":true,"valueName":"search_term_string"}}],"inLanguage":"es"},{"@type":"Organization","@id":"https:\/\/koningdrone.be\/#organization","name":"Kingdrone.es","url":"https:\/\/koningdrone.be\/","logo":{"@type":"ImageObject","inLanguage":"es","@id":"https:\/\/koningdrone.be\/#\/schema\/logo\/image\/","url":"https:\/\/koningdrone.be\/wp-content\/uploads\/sites\/13\/2025\/04\/koningdrone-copyright-logo.svg","contentUrl":"https:\/\/koningdrone.be\/wp-content\/uploads\/sites\/13\/2025\/04\/koningdrone-copyright-logo.svg","width":227,"height":38,"caption":"Koningdrone.be"},"image":{"@id":"https:\/\/koningdrone.be\/#\/schema\/logo\/image\/"}}]}},"df_price":119,"df_sale_price":"","df_regular_price":119,"df_image_link":"https:\/\/koningdrone.be\/wp-content\/uploads\/sites\/13\/2025\/04\/d607c07af9e254fed28031025e138aba@large-300x200.jpg","_links":{"self":[{"href":"https:\/\/koningdrone.be\/es\/wp-json\/wp\/v2\/product\/5001","targetHints":{"allow":["GET"]}}],"collection":[{"href":"https:\/\/koningdrone.be\/es\/wp-json\/wp\/v2\/product"}],"about":[{"href":"https:\/\/koningdrone.be\/es\/wp-json\/wp\/v2\/types\/product"}],"wp:featuredmedia":[{"embeddable":true,"href":"https:\/\/koningdrone.be\/es\/wp-json\/wp\/v2\/media\/4998"}],"wp:attachment":[{"href":"https:\/\/koningdrone.be\/es\/wp-json\/wp\/v2\/media?parent=5001"}],"wp:term":[{"taxonomy":"product_brand","embeddable":true,"href":"https:\/\/koningdrone.be\/es\/wp-json\/wp\/v2\/product_brand?post=5001"},{"taxonomy":"product_cat","embeddable":true,"href":"https:\/\/koningdrone.be\/es\/wp-json\/wp\/v2\/product_cat?post=5001"},{"taxonomy":"product_tag","embeddable":true,"href":"https:\/\/koningdrone.be\/es\/wp-json\/wp\/v2\/product_tag?post=5001"}],"curies":[{"name":"wp","href":"https:\/\/api.w.org\/{rel}","templated":true}]}}