{"id":4967,"date":"2023-04-17T13:45:53","date_gmt":"2023-04-17T11:45:53","guid":{"rendered":"https:\/\/koningdrone.nl\/kon\/product\/ecoflow-battery-5kwh\/"},"modified":"2026-04-29T15:50:25","modified_gmt":"2026-04-29T13:50:25","slug":"ecoflow-battery-5kwh","status":"publish","type":"product","link":"https:\/\/koningdrone.be\/es\/producto\/ecoflow-battery-5kwh\/","title":{"rendered":"Bater\u00eda EcoFlow 5kWh"},"content":{"rendered":"<p><strong>Capacidad de la bater\u00eda EcoFlow 5kWh<\/strong><\/p>\n<p>La EcoFlow Battery 5kWh es una potente bater\u00eda LFP de 5 kWh de capacidad dise\u00f1ada espec\u00edficamente para su uso con el EcoFlow Power Kit. Con la posibilidad de conectar hasta tres de estas bater\u00edas de 5 kWh, puede conseguir una capacidad total de 5 kWh, 10 kWh o 15 kWh.<\/p>\n<p><strong>Posibilidad de ampliaci\u00f3n<\/strong><\/p>\n<p>La calefacci\u00f3n autom\u00e1tica incorporada garantiza que las bater\u00edas puedan utilizarse con seguridad incluso a temperaturas de hasta -4 \u00b0C. Adem\u00e1s, se pueden conectar hasta tres bater\u00edas EcoFlow de 5 kWh al Power Kit, por lo que la capacidad base de 5 kWh se puede ampliar f\u00e1cilmente a 10 kWh o 15 kWh conectando dos bater\u00edas LFP adicionales. Es importante se\u00f1alar que tambi\u00e9n hay disponibles bater\u00edas LFP de 2 kWh de capacidad, pero las ampliaciones de capacidad siempre deben combinar bater\u00edas de la misma capacidad.<\/p>\n<p><strong>Seguridad y fiabilidad<\/strong><\/p>\n<p>La seguridad es primordial con la EcoFlow Battery 5kWh. Incluso mientras todo el sistema est\u00e1 en funcionamiento, no hay ning\u00fan problema para sustituir el m\u00f3dulo en caso necesario. El avanzado sistema de gesti\u00f3n de bater\u00edas (BMS) del Power Kit protege las bater\u00edas contra sobretensi\u00f3n, subtensi\u00f3n, sobrecorriente, sobrecalentamiento y bajas temperaturas. Con esta bater\u00eda, tienes asegurado un almacenamiento de energ\u00eda fiable, seguro y ampliable.<\/p>\n<p><\/p>","protected":false},"excerpt":{"rendered":"<ul>\n<li>Peso: 40,6 kg<\/li>\n<li>Dimensiones: 500 \u00d7 260 \u00d7 300 mm<\/li>\n<li>Capacidad: 5120 Wh (100 Ah)<\/li>\n<li>Tensi\u00f3n nominal: 51,2 V<\/li>\n<li>Configuraci\u00f3n: 16S1P<\/li>\n<li>Corriente de carga continua m\u00e1x.: 80 A Corriente de descarga continua m\u00e1x.: 100 A<\/li>\n<li>Tipo de c\u00e9lula: LiFePO4 Vida \u00fatil: 3500 ciclos hasta degradaci\u00f3n garantizada a 80% de la capacidad especificada originalmente.<\/li>\n<li>Grado de protecci\u00f3n: IP54<\/li>\n<\/ul>","protected":false},"featured_media":4966,"template":"","meta":{"_acf_changed":false},"product_brand":[],"product_cat":[113,97,245,415],"product_tag":[],"class_list":{"0":"post-4967","1":"product","2":"type-product","3":"status-publish","4":"has-post-thumbnail","6":"product_cat-alle-batterijen","7":"product_cat-alle-producten","8":"product_cat-ecoflow","9":"product_cat-energy","10":"product_shipping_class-outofstock","11":"pa_brand-ecoflow","12":"pa_productfamily-batterij","13":"pa_producttype-batterij","15":"first","16":"outofstock","17":"taxable","18":"shipping-taxable","19":"purchasable","20":"product-type-simple"},"acf":[],"yoast_head":"<!-- This site is optimized with the Yoast SEO Premium plugin v27.2 (Yoast SEO v27.2) - https:\/\/yoast.com\/product\/yoast-seo-premium-wordpress\/ -->\n<title>EcoFlow Battery 5kWh - koningdrone.be<\/title>\n<meta name=\"robots\" content=\"index, follow, max-snippet:-1, max-image-preview:large, max-video-preview:-1\" \/>\n<link rel=\"canonical\" href=\"https:\/\/koningdrone.be\/es\/producto\/ecoflow-battery-5kwh\/\" \/>\n<meta property=\"og:locale\" content=\"es_ES\" \/>\n<meta property=\"og:type\" content=\"article\" \/>\n<meta property=\"og:title\" content=\"EcoFlow Battery 5kWh\" \/>\n<meta property=\"og:description\" content=\"Gewicht: 40,6 kgAfmetingen: 500 \u00d7 260 \u00d7 300 mmCapaciteit: 5120 Wh (100 Ah)Nominale spanning: 51,2 VConfiguratie: 16S1PMax. continue laadstroom: 80 A Max. continue ontlaadstroom: 100 ACeltype: LiFePO4 Levensduur: 3500 cycli tot gegarandeerde degradatie tot 80% van de oorspronkelijk opgegeven capaciteitBeschermingsgraad: IP54\" \/>\n<meta property=\"og:url\" content=\"https:\/\/koningdrone.be\/es\/producto\/ecoflow-battery-5kwh\/\" \/>\n<meta property=\"og:site_name\" content=\"koningdrone.be\" \/>\n<meta property=\"article:modified_time\" content=\"2026-04-29T13:50:25+00:00\" \/>\n<meta property=\"og:image\" content=\"https:\/\/koningdrone.be\/wp-content\/uploads\/sites\/13\/2025\/04\/4897082668831.jpg\" \/>\n\t<meta property=\"og:image:width\" content=\"1200\" \/>\n\t<meta property=\"og:image:height\" content=\"800\" \/>\n\t<meta property=\"og:image:type\" content=\"image\/jpeg\" \/>\n<meta name=\"twitter:card\" content=\"summary_large_image\" \/>\n<meta name=\"twitter:label1\" content=\"Tiempo de lectura\" \/>\n\t<meta name=\"twitter:data1\" content=\"1 minuto\" \/>\n<script type=\"application\/ld+json\" class=\"yoast-schema-graph\">{\"@context\":\"https:\/\/schema.org\",\"@graph\":[{\"@type\":\"WebPage\",\"@id\":\"https:\/\/koningdrone.be\/product\/ecoflow-battery-5kwh\/\",\"url\":\"https:\/\/koningdrone.be\/product\/ecoflow-battery-5kwh\/\",\"name\":\"EcoFlow Battery 5kWh - koningdrone.be\",\"isPartOf\":{\"@id\":\"https:\/\/koningdrone.be\/#website\"},\"primaryImageOfPage\":{\"@id\":\"https:\/\/koningdrone.be\/product\/ecoflow-battery-5kwh\/#primaryimage\"},\"image\":{\"@id\":\"https:\/\/koningdrone.be\/product\/ecoflow-battery-5kwh\/#primaryimage\"},\"thumbnailUrl\":\"https:\/\/koningdrone.be\/wp-content\/uploads\/sites\/13\/2025\/04\/4897082668831.jpg\",\"datePublished\":\"2023-04-17T11:45:53+00:00\",\"dateModified\":\"2026-04-29T13:50:25+00:00\",\"breadcrumb\":{\"@id\":\"https:\/\/koningdrone.be\/product\/ecoflow-battery-5kwh\/#breadcrumb\"},\"inLanguage\":\"es\",\"potentialAction\":[{\"@type\":\"ReadAction\",\"target\":[\"https:\/\/koningdrone.be\/product\/ecoflow-battery-5kwh\/\"]}]},{\"@type\":\"ImageObject\",\"inLanguage\":\"es\",\"@id\":\"https:\/\/koningdrone.be\/product\/ecoflow-battery-5kwh\/#primaryimage\",\"url\":\"https:\/\/koningdrone.be\/wp-content\/uploads\/sites\/13\/2025\/04\/4897082668831.jpg\",\"contentUrl\":\"https:\/\/koningdrone.be\/wp-content\/uploads\/sites\/13\/2025\/04\/4897082668831.jpg\",\"width\":1200,\"height\":800},{\"@type\":\"BreadcrumbList\",\"@id\":\"https:\/\/koningdrone.be\/product\/ecoflow-battery-5kwh\/#breadcrumb\",\"itemListElement\":[{\"@type\":\"ListItem\",\"position\":1,\"name\":\"Home\",\"item\":\"https:\/\/koningdrone.be\/\"},{\"@type\":\"ListItem\",\"position\":2,\"name\":\"AVSS Parachute Recovery System for DJI Matrice 300\/350\",\"item\":\"https:\/\/koningdrone.be\/product\/avss-parachute-recovery-system-for-dji-matrice-300-350\/\"},{\"@type\":\"ListItem\",\"position\":3,\"name\":\"Alle batterijen\",\"item\":\"https:\/\/koningdrone.be\/categorie\/alle-batterijen\/\"},{\"@type\":\"ListItem\",\"position\":4,\"name\":\"EcoFlow Battery 5kWh\"}]},{\"@type\":\"WebSite\",\"@id\":\"https:\/\/koningdrone.be\/#website\",\"url\":\"https:\/\/koningdrone.be\/\",\"name\":\"Koningdrone.be - Uw online specialist in drones, gimbals, camera's en power stations.\",\"description\":\"De webshop in drones en gimbals\",\"publisher\":{\"@id\":\"https:\/\/koningdrone.be\/#organization\"},\"potentialAction\":[{\"@type\":\"SearchAction\",\"target\":{\"@type\":\"EntryPoint\",\"urlTemplate\":\"https:\/\/koningdrone.be\/?s={search_term_string}\"},\"query-input\":{\"@type\":\"PropertyValueSpecification\",\"valueRequired\":true,\"valueName\":\"search_term_string\"}}],\"inLanguage\":\"es\"},{\"@type\":\"Organization\",\"@id\":\"https:\/\/koningdrone.be\/#organization\",\"name\":\"Koningdrone.be\",\"url\":\"https:\/\/koningdrone.be\/\",\"logo\":{\"@type\":\"ImageObject\",\"inLanguage\":\"es\",\"@id\":\"https:\/\/koningdrone.be\/#\/schema\/logo\/image\/\",\"url\":\"https:\/\/koningdrone.be\/wp-content\/uploads\/sites\/13\/2025\/04\/koningdrone-copyright-logo.svg\",\"contentUrl\":\"https:\/\/koningdrone.be\/wp-content\/uploads\/sites\/13\/2025\/04\/koningdrone-copyright-logo.svg\",\"width\":227,\"height\":38,\"caption\":\"Koningdrone.be\"},\"image\":{\"@id\":\"https:\/\/koningdrone.be\/#\/schema\/logo\/image\/\"}}]}<\/script>\n<!-- \/ Yoast SEO Premium plugin. -->","yoast_head_json":{"title":"EcoFlow Battery 5kWh - koningdrone.be","robots":{"index":"index","follow":"follow","max-snippet":"max-snippet:-1","max-image-preview":"max-image-preview:large","max-video-preview":"max-video-preview:-1"},"canonical":"https:\/\/koningdrone.be\/es\/producto\/ecoflow-battery-5kwh\/","og_locale":"es_ES","og_type":"article","og_title":"EcoFlow Battery 5kWh","og_description":"Gewicht: 40,6 kgAfmetingen: 500 \u00d7 260 \u00d7 300 mmCapaciteit: 5120 Wh (100 Ah)Nominale spanning: 51,2 VConfiguratie: 16S1PMax. continue laadstroom: 80 A Max. continue ontlaadstroom: 100 ACeltype: LiFePO4 Levensduur: 3500 cycli tot gegarandeerde degradatie tot 80% van de oorspronkelijk opgegeven capaciteitBeschermingsgraad: IP54","og_url":"https:\/\/koningdrone.be\/es\/producto\/ecoflow-battery-5kwh\/","og_site_name":"koningdrone.be","article_modified_time":"2026-04-29T13:50:25+00:00","og_image":[{"width":1200,"height":800,"url":"https:\/\/koningdrone.be\/wp-content\/uploads\/sites\/13\/2025\/04\/4897082668831.jpg","type":"image\/jpeg"}],"twitter_card":"summary_large_image","twitter_misc":{"Tiempo de lectura":"1 minuto"},"schema":{"@context":"https:\/\/schema.org","@graph":[{"@type":"WebPage","@id":"https:\/\/koningdrone.be\/product\/ecoflow-battery-5kwh\/","url":"https:\/\/koningdrone.be\/product\/ecoflow-battery-5kwh\/","name":"EcoFlow Battery 5kWh - koningdrone.be","isPartOf":{"@id":"https:\/\/koningdrone.be\/#website"},"primaryImageOfPage":{"@id":"https:\/\/koningdrone.be\/product\/ecoflow-battery-5kwh\/#primaryimage"},"image":{"@id":"https:\/\/koningdrone.be\/product\/ecoflow-battery-5kwh\/#primaryimage"},"thumbnailUrl":"https:\/\/koningdrone.be\/wp-content\/uploads\/sites\/13\/2025\/04\/4897082668831.jpg","datePublished":"2023-04-17T11:45:53+00:00","dateModified":"2026-04-29T13:50:25+00:00","breadcrumb":{"@id":"https:\/\/koningdrone.be\/product\/ecoflow-battery-5kwh\/#breadcrumb"},"inLanguage":"es","potentialAction":[{"@type":"ReadAction","target":["https:\/\/koningdrone.be\/product\/ecoflow-battery-5kwh\/"]}]},{"@type":"ImageObject","inLanguage":"es","@id":"https:\/\/koningdrone.be\/product\/ecoflow-battery-5kwh\/#primaryimage","url":"https:\/\/koningdrone.be\/wp-content\/uploads\/sites\/13\/2025\/04\/4897082668831.jpg","contentUrl":"https:\/\/koningdrone.be\/wp-content\/uploads\/sites\/13\/2025\/04\/4897082668831.jpg","width":1200,"height":800},{"@type":"BreadcrumbList","@id":"https:\/\/koningdrone.be\/product\/ecoflow-battery-5kwh\/#breadcrumb","itemListElement":[{"@type":"ListItem","position":1,"name":"Home","item":"https:\/\/koningdrone.be\/"},{"@type":"ListItem","position":2,"name":"AVSS Parachute Recovery System for DJI Matrice 300\/350","item":"https:\/\/koningdrone.be\/product\/avss-parachute-recovery-system-for-dji-matrice-300-350\/"},{"@type":"ListItem","position":3,"name":"Alle batterijen","item":"https:\/\/koningdrone.be\/categorie\/alle-batterijen\/"},{"@type":"ListItem","position":4,"name":"EcoFlow Battery 5kWh"}]},{"@type":"WebSite","@id":"https:\/\/koningdrone.be\/#website","url":"https:\/\/koningdrone.be\/","name":"Koningdrone.be - Su especialista en l\u00ednea en drones, cardanes, c\u00e1maras y centrales el\u00e9ctricas.","description":"La tienda virtual de drones y cardanes","publisher":{"@id":"https:\/\/koningdrone.be\/#organization"},"potentialAction":[{"@type":"SearchAction","target":{"@type":"EntryPoint","urlTemplate":"https:\/\/koningdrone.be\/?s={search_term_string}"},"query-input":{"@type":"PropertyValueSpecification","valueRequired":true,"valueName":"search_term_string"}}],"inLanguage":"es"},{"@type":"Organization","@id":"https:\/\/koningdrone.be\/#organization","name":"Kingdrone.es","url":"https:\/\/koningdrone.be\/","logo":{"@type":"ImageObject","inLanguage":"es","@id":"https:\/\/koningdrone.be\/#\/schema\/logo\/image\/","url":"https:\/\/koningdrone.be\/wp-content\/uploads\/sites\/13\/2025\/04\/koningdrone-copyright-logo.svg","contentUrl":"https:\/\/koningdrone.be\/wp-content\/uploads\/sites\/13\/2025\/04\/koningdrone-copyright-logo.svg","width":227,"height":38,"caption":"Koningdrone.be"},"image":{"@id":"https:\/\/koningdrone.be\/#\/schema\/logo\/image\/"}}]}},"df_price":3799,"df_sale_price":"","df_regular_price":3799,"df_image_link":"https:\/\/koningdrone.be\/wp-content\/uploads\/sites\/13\/2025\/04\/4897082668831-300x200.jpg","_links":{"self":[{"href":"https:\/\/koningdrone.be\/es\/wp-json\/wp\/v2\/product\/4967","targetHints":{"allow":["GET"]}}],"collection":[{"href":"https:\/\/koningdrone.be\/es\/wp-json\/wp\/v2\/product"}],"about":[{"href":"https:\/\/koningdrone.be\/es\/wp-json\/wp\/v2\/types\/product"}],"wp:featuredmedia":[{"embeddable":true,"href":"https:\/\/koningdrone.be\/es\/wp-json\/wp\/v2\/media\/4966"}],"wp:attachment":[{"href":"https:\/\/koningdrone.be\/es\/wp-json\/wp\/v2\/media?parent=4967"}],"wp:term":[{"taxonomy":"product_brand","embeddable":true,"href":"https:\/\/koningdrone.be\/es\/wp-json\/wp\/v2\/product_brand?post=4967"},{"taxonomy":"product_cat","embeddable":true,"href":"https:\/\/koningdrone.be\/es\/wp-json\/wp\/v2\/product_cat?post=4967"},{"taxonomy":"product_tag","embeddable":true,"href":"https:\/\/koningdrone.be\/es\/wp-json\/wp\/v2\/product_tag?post=4967"}],"curies":[{"name":"wp","href":"https:\/\/api.w.org\/{rel}","templated":true}]}}