{"id":4946,"date":"2023-04-17T13:45:53","date_gmt":"2023-04-17T11:45:53","guid":{"rendered":"https:\/\/koningdrone.nl\/kon\/product\/ecoflow-2kwh-lfp-battery-mounting-strap\/"},"modified":"2026-04-29T16:30:57","modified_gmt":"2026-04-29T14:30:57","slug":"ecoflow-2kwh-lfp-battery-mounting-strap","status":"publish","type":"product","link":"https:\/\/koningdrone.be\/es\/producto\/ecoflow-2kwh-lfp-battery-mounting-strap\/","title":{"rendered":"Correa de montaje de la bater\u00eda EcoFlow 2kWh LFP"},"content":{"rendered":"<p>El soporte de bater\u00eda EcoFlow 2 kWh LFP est\u00e1 especialmente dise\u00f1ado para su instalaci\u00f3n en el sistema Power Kits. Con este soporte de bater\u00eda, puede acoplar e integrar de forma f\u00e1cil y segura su bater\u00eda de 2 kWh en el sistema. La resistente correa de montaje garantiza un montaje estable y seguro, por lo que no tendr\u00e1 que preocuparse por la seguridad de su bater\u00eda. Gracias a este soporte de bater\u00eda, podr\u00e1 aprovechar al m\u00e1ximo el potente rendimiento de su bater\u00eda LFP de 2 kWh dentro del sistema Power Kits. Con este soporte de bater\u00eda, tendr\u00e1 asegurada una soluci\u00f3n de almacenamiento de energ\u00eda fiable y eficaz.<\/p>\n<p><strong>Fijaci\u00f3n segura de la bater\u00eda<\/strong> <\/p>\n<p>Con su robusta correa de montaje, el soporte de bater\u00eda EcoFlow 2 kWh LFP garantiza una fijaci\u00f3n segura de su bater\u00eda. Esto le da la tranquilidad de saber que su bater\u00eda est\u00e1 bien sujeta y protegida. Tanto si lo utiliza en un veh\u00edculo como en cualquier otro lugar, este soporte de bater\u00eda garantiza una fijaci\u00f3n fiable y estable, sean cuales sean las condiciones.<\/p>\n<p><strong>Integraci\u00f3n sencilla<\/strong> <\/p>\n<p>El dise\u00f1o del soporte de la bater\u00eda EcoFlow 2 kWh LFP le permite integrar f\u00e1cilmente su bater\u00eda en el sistema Power Kits. Esto significa que podr\u00e1 disfrutar r\u00e1pida y f\u00e1cilmente de las ventajas del sistema sin molestias ni complicados procedimientos de instalaci\u00f3n. Utilizando el soporte de bater\u00eda, podr\u00e1 utilizar su potente bater\u00eda LFP de 2 kWh en un abrir y cerrar de ojos.<\/p>\n<p><strong>Almacenamiento \u00f3ptimo de energ\u00eda<\/strong> <\/p>\n<p>Con el soporte de bater\u00eda EcoFlow 2 kWh LFP, puede aprovechar al m\u00e1ximo el potente rendimiento de su bater\u00eda LFP de 2 kWh. Esto significa que dispone de una soluci\u00f3n de almacenamiento de energ\u00eda fiable y eficiente que se adapta perfectamente a sus necesidades energ\u00e9ticas. Tanto para uso dom\u00e9stico como para aplicaciones profesionales, este soporte de bater\u00eda garantiza un almacenamiento de energ\u00eda \u00f3ptimo.<\/p>\n<p><\/p>","protected":false},"excerpt":{"rendered":"<p>De EcoFlow 2 kWh LFP-accuhouder is speciaal ontworpen voor installatie in het Power Kits-systeem. Met deze accuhouder kunt u eenvoudig en veilig uw accu van 2 kWh bevestigen en integreren in het systeem. De stevige montageband zorgt voor een stabiele en veilige bevestiging, waardoor u zich geen zorgen hoeft te maken over de veiligheid van [&hellip;]<\/p>\n","protected":false},"featured_media":4945,"template":"","meta":{"_acf_changed":false},"product_brand":[],"product_cat":[113,97,245,415],"product_tag":[],"class_list":{"0":"post-4946","1":"product","2":"type-product","3":"status-publish","4":"has-post-thumbnail","6":"product_cat-alle-batterijen","7":"product_cat-alle-producten","8":"product_cat-ecoflow","9":"product_cat-energy","10":"product_shipping_class-outofstock","11":"pa_brand-ecoflow","12":"pa_productfamily-batterij","13":"pa_producttype-batterij","15":"first","16":"outofstock","17":"taxable","18":"shipping-taxable","19":"purchasable","20":"product-type-simple"},"acf":[],"yoast_head":"<!-- This site is optimized with the Yoast SEO Premium plugin v27.2 (Yoast SEO v27.2) - https:\/\/yoast.com\/product\/yoast-seo-premium-wordpress\/ -->\n<title>EcoFlow 2kWh LFP Battery Mounting Strap - koningdrone.be<\/title>\n<meta name=\"robots\" content=\"index, follow, max-snippet:-1, max-image-preview:large, max-video-preview:-1\" \/>\n<link rel=\"canonical\" href=\"https:\/\/koningdrone.be\/es\/producto\/ecoflow-2kwh-lfp-battery-mounting-strap\/\" \/>\n<meta property=\"og:locale\" content=\"es_ES\" \/>\n<meta property=\"og:type\" content=\"article\" \/>\n<meta property=\"og:title\" content=\"EcoFlow 2kWh LFP Battery Mounting Strap\" \/>\n<meta property=\"og:description\" content=\"De EcoFlow 2 kWh LFP-accuhouder is speciaal ontworpen voor installatie in het Power Kits-systeem. Met deze accuhouder kunt u eenvoudig en veilig uw accu van 2 kWh bevestigen en integreren in het systeem. De stevige montageband zorgt voor een stabiele en veilige bevestiging, waardoor u zich geen zorgen hoeft te maken over de veiligheid van [&hellip;]\" \/>\n<meta property=\"og:url\" content=\"https:\/\/koningdrone.be\/es\/producto\/ecoflow-2kwh-lfp-battery-mounting-strap\/\" \/>\n<meta property=\"og:site_name\" content=\"koningdrone.be\" \/>\n<meta property=\"article:modified_time\" content=\"2026-04-29T14:30:57+00:00\" \/>\n<meta property=\"og:image\" content=\"https:\/\/koningdrone.be\/wp-content\/uploads\/sites\/13\/2025\/04\/4897082669357.jpg\" \/>\n\t<meta property=\"og:image:width\" content=\"540\" \/>\n\t<meta property=\"og:image:height\" content=\"540\" \/>\n\t<meta property=\"og:image:type\" content=\"image\/jpeg\" \/>\n<meta name=\"twitter:card\" content=\"summary_large_image\" \/>\n<meta name=\"twitter:label1\" content=\"Tiempo de lectura\" \/>\n\t<meta name=\"twitter:data1\" content=\"1 minuto\" \/>\n<script type=\"application\/ld+json\" class=\"yoast-schema-graph\">{\"@context\":\"https:\/\/schema.org\",\"@graph\":[{\"@type\":\"WebPage\",\"@id\":\"https:\/\/koningdrone.be\/product\/ecoflow-2kwh-lfp-battery-mounting-strap\/\",\"url\":\"https:\/\/koningdrone.be\/product\/ecoflow-2kwh-lfp-battery-mounting-strap\/\",\"name\":\"EcoFlow 2kWh LFP Battery Mounting Strap - koningdrone.be\",\"isPartOf\":{\"@id\":\"https:\/\/koningdrone.be\/#website\"},\"primaryImageOfPage\":{\"@id\":\"https:\/\/koningdrone.be\/product\/ecoflow-2kwh-lfp-battery-mounting-strap\/#primaryimage\"},\"image\":{\"@id\":\"https:\/\/koningdrone.be\/product\/ecoflow-2kwh-lfp-battery-mounting-strap\/#primaryimage\"},\"thumbnailUrl\":\"https:\/\/koningdrone.be\/wp-content\/uploads\/sites\/13\/2025\/04\/4897082669357.jpg\",\"datePublished\":\"2023-04-17T11:45:53+00:00\",\"dateModified\":\"2026-04-29T14:30:57+00:00\",\"breadcrumb\":{\"@id\":\"https:\/\/koningdrone.be\/product\/ecoflow-2kwh-lfp-battery-mounting-strap\/#breadcrumb\"},\"inLanguage\":\"es\",\"potentialAction\":[{\"@type\":\"ReadAction\",\"target\":[\"https:\/\/koningdrone.be\/product\/ecoflow-2kwh-lfp-battery-mounting-strap\/\"]}]},{\"@type\":\"ImageObject\",\"inLanguage\":\"es\",\"@id\":\"https:\/\/koningdrone.be\/product\/ecoflow-2kwh-lfp-battery-mounting-strap\/#primaryimage\",\"url\":\"https:\/\/koningdrone.be\/wp-content\/uploads\/sites\/13\/2025\/04\/4897082669357.jpg\",\"contentUrl\":\"https:\/\/koningdrone.be\/wp-content\/uploads\/sites\/13\/2025\/04\/4897082669357.jpg\",\"width\":540,\"height\":540},{\"@type\":\"BreadcrumbList\",\"@id\":\"https:\/\/koningdrone.be\/product\/ecoflow-2kwh-lfp-battery-mounting-strap\/#breadcrumb\",\"itemListElement\":[{\"@type\":\"ListItem\",\"position\":1,\"name\":\"Home\",\"item\":\"https:\/\/koningdrone.be\/\"},{\"@type\":\"ListItem\",\"position\":2,\"name\":\"AVSS Parachute Recovery System for DJI Matrice 300\/350\",\"item\":\"https:\/\/koningdrone.be\/product\/avss-parachute-recovery-system-for-dji-matrice-300-350\/\"},{\"@type\":\"ListItem\",\"position\":3,\"name\":\"Alle batterijen\",\"item\":\"https:\/\/koningdrone.be\/categorie\/alle-batterijen\/\"},{\"@type\":\"ListItem\",\"position\":4,\"name\":\"EcoFlow 2kWh LFP Battery Mounting Strap\"}]},{\"@type\":\"WebSite\",\"@id\":\"https:\/\/koningdrone.be\/#website\",\"url\":\"https:\/\/koningdrone.be\/\",\"name\":\"Koningdrone.be - Uw online specialist in drones, gimbals, camera's en power stations.\",\"description\":\"De webshop in drones en gimbals\",\"publisher\":{\"@id\":\"https:\/\/koningdrone.be\/#organization\"},\"potentialAction\":[{\"@type\":\"SearchAction\",\"target\":{\"@type\":\"EntryPoint\",\"urlTemplate\":\"https:\/\/koningdrone.be\/?s={search_term_string}\"},\"query-input\":{\"@type\":\"PropertyValueSpecification\",\"valueRequired\":true,\"valueName\":\"search_term_string\"}}],\"inLanguage\":\"es\"},{\"@type\":\"Organization\",\"@id\":\"https:\/\/koningdrone.be\/#organization\",\"name\":\"Koningdrone.be\",\"url\":\"https:\/\/koningdrone.be\/\",\"logo\":{\"@type\":\"ImageObject\",\"inLanguage\":\"es\",\"@id\":\"https:\/\/koningdrone.be\/#\/schema\/logo\/image\/\",\"url\":\"https:\/\/koningdrone.be\/wp-content\/uploads\/sites\/13\/2025\/04\/koningdrone-copyright-logo.svg\",\"contentUrl\":\"https:\/\/koningdrone.be\/wp-content\/uploads\/sites\/13\/2025\/04\/koningdrone-copyright-logo.svg\",\"width\":227,\"height\":38,\"caption\":\"Koningdrone.be\"},\"image\":{\"@id\":\"https:\/\/koningdrone.be\/#\/schema\/logo\/image\/\"}}]}<\/script>\n<!-- \/ Yoast SEO Premium plugin. -->","yoast_head_json":{"title":"EcoFlow 2kWh LFP Battery Mounting Strap - koningdrone.be","robots":{"index":"index","follow":"follow","max-snippet":"max-snippet:-1","max-image-preview":"max-image-preview:large","max-video-preview":"max-video-preview:-1"},"canonical":"https:\/\/koningdrone.be\/es\/producto\/ecoflow-2kwh-lfp-battery-mounting-strap\/","og_locale":"es_ES","og_type":"article","og_title":"EcoFlow 2kWh LFP Battery Mounting Strap","og_description":"De EcoFlow 2 kWh LFP-accuhouder is speciaal ontworpen voor installatie in het Power Kits-systeem. Met deze accuhouder kunt u eenvoudig en veilig uw accu van 2 kWh bevestigen en integreren in het systeem. De stevige montageband zorgt voor een stabiele en veilige bevestiging, waardoor u zich geen zorgen hoeft te maken over de veiligheid van [&hellip;]","og_url":"https:\/\/koningdrone.be\/es\/producto\/ecoflow-2kwh-lfp-battery-mounting-strap\/","og_site_name":"koningdrone.be","article_modified_time":"2026-04-29T14:30:57+00:00","og_image":[{"width":540,"height":540,"url":"https:\/\/koningdrone.be\/wp-content\/uploads\/sites\/13\/2025\/04\/4897082669357.jpg","type":"image\/jpeg"}],"twitter_card":"summary_large_image","twitter_misc":{"Tiempo de lectura":"1 minuto"},"schema":{"@context":"https:\/\/schema.org","@graph":[{"@type":"WebPage","@id":"https:\/\/koningdrone.be\/product\/ecoflow-2kwh-lfp-battery-mounting-strap\/","url":"https:\/\/koningdrone.be\/product\/ecoflow-2kwh-lfp-battery-mounting-strap\/","name":"EcoFlow 2kWh LFP Battery Mounting Strap - koningdrone.be","isPartOf":{"@id":"https:\/\/koningdrone.be\/#website"},"primaryImageOfPage":{"@id":"https:\/\/koningdrone.be\/product\/ecoflow-2kwh-lfp-battery-mounting-strap\/#primaryimage"},"image":{"@id":"https:\/\/koningdrone.be\/product\/ecoflow-2kwh-lfp-battery-mounting-strap\/#primaryimage"},"thumbnailUrl":"https:\/\/koningdrone.be\/wp-content\/uploads\/sites\/13\/2025\/04\/4897082669357.jpg","datePublished":"2023-04-17T11:45:53+00:00","dateModified":"2026-04-29T14:30:57+00:00","breadcrumb":{"@id":"https:\/\/koningdrone.be\/product\/ecoflow-2kwh-lfp-battery-mounting-strap\/#breadcrumb"},"inLanguage":"es","potentialAction":[{"@type":"ReadAction","target":["https:\/\/koningdrone.be\/product\/ecoflow-2kwh-lfp-battery-mounting-strap\/"]}]},{"@type":"ImageObject","inLanguage":"es","@id":"https:\/\/koningdrone.be\/product\/ecoflow-2kwh-lfp-battery-mounting-strap\/#primaryimage","url":"https:\/\/koningdrone.be\/wp-content\/uploads\/sites\/13\/2025\/04\/4897082669357.jpg","contentUrl":"https:\/\/koningdrone.be\/wp-content\/uploads\/sites\/13\/2025\/04\/4897082669357.jpg","width":540,"height":540},{"@type":"BreadcrumbList","@id":"https:\/\/koningdrone.be\/product\/ecoflow-2kwh-lfp-battery-mounting-strap\/#breadcrumb","itemListElement":[{"@type":"ListItem","position":1,"name":"Home","item":"https:\/\/koningdrone.be\/"},{"@type":"ListItem","position":2,"name":"AVSS Parachute Recovery System for DJI Matrice 300\/350","item":"https:\/\/koningdrone.be\/product\/avss-parachute-recovery-system-for-dji-matrice-300-350\/"},{"@type":"ListItem","position":3,"name":"Alle batterijen","item":"https:\/\/koningdrone.be\/categorie\/alle-batterijen\/"},{"@type":"ListItem","position":4,"name":"EcoFlow 2kWh LFP Battery Mounting Strap"}]},{"@type":"WebSite","@id":"https:\/\/koningdrone.be\/#website","url":"https:\/\/koningdrone.be\/","name":"Koningdrone.be - Su especialista en l\u00ednea en drones, cardanes, c\u00e1maras y centrales el\u00e9ctricas.","description":"La tienda virtual de drones y cardanes","publisher":{"@id":"https:\/\/koningdrone.be\/#organization"},"potentialAction":[{"@type":"SearchAction","target":{"@type":"EntryPoint","urlTemplate":"https:\/\/koningdrone.be\/?s={search_term_string}"},"query-input":{"@type":"PropertyValueSpecification","valueRequired":true,"valueName":"search_term_string"}}],"inLanguage":"es"},{"@type":"Organization","@id":"https:\/\/koningdrone.be\/#organization","name":"Kingdrone.es","url":"https:\/\/koningdrone.be\/","logo":{"@type":"ImageObject","inLanguage":"es","@id":"https:\/\/koningdrone.be\/#\/schema\/logo\/image\/","url":"https:\/\/koningdrone.be\/wp-content\/uploads\/sites\/13\/2025\/04\/koningdrone-copyright-logo.svg","contentUrl":"https:\/\/koningdrone.be\/wp-content\/uploads\/sites\/13\/2025\/04\/koningdrone-copyright-logo.svg","width":227,"height":38,"caption":"Koningdrone.be"},"image":{"@id":"https:\/\/koningdrone.be\/#\/schema\/logo\/image\/"}}]}},"df_price":49,"df_sale_price":"","df_regular_price":49,"df_image_link":"https:\/\/koningdrone.be\/wp-content\/uploads\/sites\/13\/2025\/04\/4897082669357-300x300.jpg","_links":{"self":[{"href":"https:\/\/koningdrone.be\/es\/wp-json\/wp\/v2\/product\/4946","targetHints":{"allow":["GET"]}}],"collection":[{"href":"https:\/\/koningdrone.be\/es\/wp-json\/wp\/v2\/product"}],"about":[{"href":"https:\/\/koningdrone.be\/es\/wp-json\/wp\/v2\/types\/product"}],"wp:featuredmedia":[{"embeddable":true,"href":"https:\/\/koningdrone.be\/es\/wp-json\/wp\/v2\/media\/4945"}],"wp:attachment":[{"href":"https:\/\/koningdrone.be\/es\/wp-json\/wp\/v2\/media?parent=4946"}],"wp:term":[{"taxonomy":"product_brand","embeddable":true,"href":"https:\/\/koningdrone.be\/es\/wp-json\/wp\/v2\/product_brand?post=4946"},{"taxonomy":"product_cat","embeddable":true,"href":"https:\/\/koningdrone.be\/es\/wp-json\/wp\/v2\/product_cat?post=4946"},{"taxonomy":"product_tag","embeddable":true,"href":"https:\/\/koningdrone.be\/es\/wp-json\/wp\/v2\/product_tag?post=4946"}],"curies":[{"name":"wp","href":"https:\/\/api.w.org\/{rel}","templated":true}]}}