{"id":4944,"date":"2023-04-17T13:45:53","date_gmt":"2023-04-17T11:45:53","guid":{"rendered":"https:\/\/koningdrone.nl\/kon\/product\/dji-rs-mini-quick-release-plate\/"},"modified":"2026-04-29T04:00:39","modified_gmt":"2026-04-29T02:00:39","slug":"dji-rs-mini-quick-release-plate","status":"publish","type":"product","link":"https:\/\/koningdrone.be\/es\/producto\/dji-rs-mini-quick-release-plate\/","title":{"rendered":"Placa de liberaci\u00f3n r\u00e1pida DJI RS Mini"},"content":{"rendered":"<p><strong>Introducci\u00f3n a la placa de liberaci\u00f3n r\u00e1pida de doble capa<\/strong><\/p>\n<p> Dise\u00f1ado con el DJI RS 3 Mini en mente, el producto cuenta con una innovadora placa de liberaci\u00f3n r\u00e1pida de doble capa que es compatible con ARCA. Esta avanzada incorporaci\u00f3n a tu equipo fotogr\u00e1fico proporciona libertad de movimiento a trav\u00e9s de diferentes sistemas de tr\u00edpode, aumentando la flexibilidad y eficiencia de tu flujo de trabajo.<\/p>\n<p><strong>Transici\u00f3n de equipos sin fisuras<\/strong><\/p>\n<p> Lo m\u00e1s destacado de este producto es su capacidad para permitir transiciones fluidas. La placa de liberaci\u00f3n r\u00e1pida compatible con ARCA permite a los fot\u00f3grafos mover su equipo de un tr\u00edpode a otro r\u00e1pidamente y sin complicaciones. Esta caracter\u00edstica es especialmente \u00fatil para los fot\u00f3grafos en movimiento que necesitan adaptarse r\u00e1pidamente a diferentes condiciones de disparo.<\/p>\n<p><strong>Mejora de la seguridad de las c\u00e1maras<\/strong><\/p>\n<p> Otra caracter\u00edstica destacada es la gu\u00eda de colocaci\u00f3n curvada de la placa superior. Esta gu\u00eda est\u00e1 especialmente dise\u00f1ada para proporcionar una capa adicional de seguridad para mantener la c\u00e1mara firmemente en su lugar. Esto es incre\u00edblemente tranquilizador, especialmente en entornos de disparo din\u00e1micos en los que la seguridad de la c\u00e1mara es primordial.<\/p>\n<p><strong>Dise\u00f1ado para todos los fot\u00f3grafos<\/strong><\/p>\n<p> Tanto si se est\u00e1 iniciando en el mundo de la fotograf\u00eda como si es un profesional experimentado, este producto ofrece una combinaci\u00f3n de facilidad de uso y fiabilidad. La placa de liberaci\u00f3n r\u00e1pida de doble capa no s\u00f3lo simplifica su experiencia fotogr\u00e1fica, sino que tambi\u00e9n ayuda a manejar y asegurar con seguridad su equipo fotogr\u00e1fico.<\/p>\n<p><\/p>","protected":false},"excerpt":{"rendered":"<ul>\n<li>Especialmente dise\u00f1ado para DJI RS 3 Mini<\/li>\n<li> Equipado con una nueva placa de liberaci\u00f3n r\u00e1pida de doble capa<\/li>\n<li> Adopta la norma ARCA para interruptores de tr\u00edpode simples<\/li>\n<li> La placa superior contiene una gu\u00eda de colocaci\u00f3n curva para mayor seguridad<\/li>\n<\/ul>","protected":false},"featured_media":4942,"template":"","meta":{"_acf_changed":false},"product_brand":[],"product_cat":[315,410,97,586,265,721],"product_tag":[],"class_list":{"0":"post-4944","1":"product","2":"type-product","3":"status-publish","4":"has-post-thumbnail","6":"product_cat-alle-gimbals-en-cameras","7":"product_cat-alle-handheld-gimbals","8":"product_cat-alle-producten","9":"product_cat-dji","10":"product_cat-dji-ronin","11":"product_cat-dji-rs3","12":"product_shipping_class-acsystemsall","13":"pa_brand-dji","14":"pa_productfamily-quick-release-plate","15":"pa_producttype-quick-release-plate","16":"pa_series-rs","18":"first","19":"instock","20":"taxable","21":"shipping-taxable","22":"purchasable","23":"product-type-simple"},"acf":[],"yoast_head":"<!-- This site is optimized with the Yoast SEO Premium plugin v27.2 (Yoast SEO v27.2) - https:\/\/yoast.com\/product\/yoast-seo-premium-wordpress\/ -->\n<title>DJI RS Mini Quick-Release Plate - koningdrone.be<\/title>\n<meta name=\"robots\" content=\"index, follow, max-snippet:-1, max-image-preview:large, max-video-preview:-1\" \/>\n<link rel=\"canonical\" href=\"https:\/\/koningdrone.be\/es\/producto\/dji-rs-mini-quick-release-plate\/\" \/>\n<meta property=\"og:locale\" content=\"es_ES\" \/>\n<meta property=\"og:type\" content=\"article\" \/>\n<meta property=\"og:title\" content=\"DJI RS Mini Quick-Release Plate\" \/>\n<meta property=\"og:description\" content=\"Speciaal ontworpen voor DJI RS 3 Mini Voorzien van nieuwe dubbellaagse snelkoppelingsplaat Keurt de ARCA-standaard goed voor eenvoudige statiefschakelaars Bovenplaat bevat gebogen plaatsingsgeleider voor extra veiligheid\" \/>\n<meta property=\"og:url\" content=\"https:\/\/koningdrone.be\/es\/producto\/dji-rs-mini-quick-release-plate\/\" \/>\n<meta property=\"og:site_name\" content=\"koningdrone.be\" \/>\n<meta property=\"article:modified_time\" content=\"2026-04-29T02:00:39+00:00\" \/>\n<meta property=\"og:image\" content=\"https:\/\/koningdrone.be\/wp-content\/uploads\/sites\/13\/2025\/04\/9cabe2f1409c4b3853503e6d0a944672@large.jpg\" \/>\n\t<meta property=\"og:image:width\" content=\"1200\" \/>\n\t<meta property=\"og:image:height\" content=\"800\" \/>\n\t<meta property=\"og:image:type\" content=\"image\/jpeg\" \/>\n<meta name=\"twitter:card\" content=\"summary_large_image\" \/>\n<meta name=\"twitter:label1\" content=\"Tiempo de lectura\" \/>\n\t<meta name=\"twitter:data1\" content=\"1 minuto\" \/>\n<script type=\"application\/ld+json\" class=\"yoast-schema-graph\">{\"@context\":\"https:\/\/schema.org\",\"@graph\":[{\"@type\":\"WebPage\",\"@id\":\"https:\/\/koningdrone.be\/product\/dji-rs-mini-quick-release-plate\/\",\"url\":\"https:\/\/koningdrone.be\/product\/dji-rs-mini-quick-release-plate\/\",\"name\":\"DJI RS Mini Quick-Release Plate - koningdrone.be\",\"isPartOf\":{\"@id\":\"https:\/\/koningdrone.be\/#website\"},\"primaryImageOfPage\":{\"@id\":\"https:\/\/koningdrone.be\/product\/dji-rs-mini-quick-release-plate\/#primaryimage\"},\"image\":{\"@id\":\"https:\/\/koningdrone.be\/product\/dji-rs-mini-quick-release-plate\/#primaryimage\"},\"thumbnailUrl\":\"https:\/\/koningdrone.be\/wp-content\/uploads\/sites\/13\/2025\/04\/9cabe2f1409c4b3853503e6d0a944672@large.jpg\",\"datePublished\":\"2023-04-17T11:45:53+00:00\",\"dateModified\":\"2026-04-29T02:00:39+00:00\",\"breadcrumb\":{\"@id\":\"https:\/\/koningdrone.be\/product\/dji-rs-mini-quick-release-plate\/#breadcrumb\"},\"inLanguage\":\"es\",\"potentialAction\":[{\"@type\":\"ReadAction\",\"target\":[\"https:\/\/koningdrone.be\/product\/dji-rs-mini-quick-release-plate\/\"]}]},{\"@type\":\"ImageObject\",\"inLanguage\":\"es\",\"@id\":\"https:\/\/koningdrone.be\/product\/dji-rs-mini-quick-release-plate\/#primaryimage\",\"url\":\"https:\/\/koningdrone.be\/wp-content\/uploads\/sites\/13\/2025\/04\/9cabe2f1409c4b3853503e6d0a944672@large.jpg\",\"contentUrl\":\"https:\/\/koningdrone.be\/wp-content\/uploads\/sites\/13\/2025\/04\/9cabe2f1409c4b3853503e6d0a944672@large.jpg\",\"width\":1200,\"height\":800},{\"@type\":\"BreadcrumbList\",\"@id\":\"https:\/\/koningdrone.be\/product\/dji-rs-mini-quick-release-plate\/#breadcrumb\",\"itemListElement\":[{\"@type\":\"ListItem\",\"position\":1,\"name\":\"Home\",\"item\":\"https:\/\/koningdrone.be\/\"},{\"@type\":\"ListItem\",\"position\":2,\"name\":\"AVSS Parachute Recovery System for DJI Matrice 300\/350\",\"item\":\"https:\/\/koningdrone.be\/product\/avss-parachute-recovery-system-for-dji-matrice-300-350\/\"},{\"@type\":\"ListItem\",\"position\":3,\"name\":\"Alle gimbals en cameras\",\"item\":\"https:\/\/koningdrone.be\/categorie\/alle-gimbals-en-cameras\/\"},{\"@type\":\"ListItem\",\"position\":4,\"name\":\"DJI RS Mini Quick-Release Plate\"}]},{\"@type\":\"WebSite\",\"@id\":\"https:\/\/koningdrone.be\/#website\",\"url\":\"https:\/\/koningdrone.be\/\",\"name\":\"Koningdrone.be - Uw online specialist in drones, gimbals, camera's en power stations.\",\"description\":\"De webshop in drones en gimbals\",\"publisher\":{\"@id\":\"https:\/\/koningdrone.be\/#organization\"},\"potentialAction\":[{\"@type\":\"SearchAction\",\"target\":{\"@type\":\"EntryPoint\",\"urlTemplate\":\"https:\/\/koningdrone.be\/?s={search_term_string}\"},\"query-input\":{\"@type\":\"PropertyValueSpecification\",\"valueRequired\":true,\"valueName\":\"search_term_string\"}}],\"inLanguage\":\"es\"},{\"@type\":\"Organization\",\"@id\":\"https:\/\/koningdrone.be\/#organization\",\"name\":\"Koningdrone.be\",\"url\":\"https:\/\/koningdrone.be\/\",\"logo\":{\"@type\":\"ImageObject\",\"inLanguage\":\"es\",\"@id\":\"https:\/\/koningdrone.be\/#\/schema\/logo\/image\/\",\"url\":\"https:\/\/koningdrone.be\/wp-content\/uploads\/sites\/13\/2025\/04\/koningdrone-copyright-logo.svg\",\"contentUrl\":\"https:\/\/koningdrone.be\/wp-content\/uploads\/sites\/13\/2025\/04\/koningdrone-copyright-logo.svg\",\"width\":227,\"height\":38,\"caption\":\"Koningdrone.be\"},\"image\":{\"@id\":\"https:\/\/koningdrone.be\/#\/schema\/logo\/image\/\"}}]}<\/script>\n<!-- \/ Yoast SEO Premium plugin. -->","yoast_head_json":{"title":"DJI RS Mini Quick-Release Plate - koningdrone.be","robots":{"index":"index","follow":"follow","max-snippet":"max-snippet:-1","max-image-preview":"max-image-preview:large","max-video-preview":"max-video-preview:-1"},"canonical":"https:\/\/koningdrone.be\/es\/producto\/dji-rs-mini-quick-release-plate\/","og_locale":"es_ES","og_type":"article","og_title":"DJI RS Mini Quick-Release Plate","og_description":"Speciaal ontworpen voor DJI RS 3 Mini Voorzien van nieuwe dubbellaagse snelkoppelingsplaat Keurt de ARCA-standaard goed voor eenvoudige statiefschakelaars Bovenplaat bevat gebogen plaatsingsgeleider voor extra veiligheid","og_url":"https:\/\/koningdrone.be\/es\/producto\/dji-rs-mini-quick-release-plate\/","og_site_name":"koningdrone.be","article_modified_time":"2026-04-29T02:00:39+00:00","og_image":[{"width":1200,"height":800,"url":"https:\/\/koningdrone.be\/wp-content\/uploads\/sites\/13\/2025\/04\/9cabe2f1409c4b3853503e6d0a944672@large.jpg","type":"image\/jpeg"}],"twitter_card":"summary_large_image","twitter_misc":{"Tiempo de lectura":"1 minuto"},"schema":{"@context":"https:\/\/schema.org","@graph":[{"@type":"WebPage","@id":"https:\/\/koningdrone.be\/product\/dji-rs-mini-quick-release-plate\/","url":"https:\/\/koningdrone.be\/product\/dji-rs-mini-quick-release-plate\/","name":"DJI RS Mini Quick-Release Plate - koningdrone.be","isPartOf":{"@id":"https:\/\/koningdrone.be\/#website"},"primaryImageOfPage":{"@id":"https:\/\/koningdrone.be\/product\/dji-rs-mini-quick-release-plate\/#primaryimage"},"image":{"@id":"https:\/\/koningdrone.be\/product\/dji-rs-mini-quick-release-plate\/#primaryimage"},"thumbnailUrl":"https:\/\/koningdrone.be\/wp-content\/uploads\/sites\/13\/2025\/04\/9cabe2f1409c4b3853503e6d0a944672@large.jpg","datePublished":"2023-04-17T11:45:53+00:00","dateModified":"2026-04-29T02:00:39+00:00","breadcrumb":{"@id":"https:\/\/koningdrone.be\/product\/dji-rs-mini-quick-release-plate\/#breadcrumb"},"inLanguage":"es","potentialAction":[{"@type":"ReadAction","target":["https:\/\/koningdrone.be\/product\/dji-rs-mini-quick-release-plate\/"]}]},{"@type":"ImageObject","inLanguage":"es","@id":"https:\/\/koningdrone.be\/product\/dji-rs-mini-quick-release-plate\/#primaryimage","url":"https:\/\/koningdrone.be\/wp-content\/uploads\/sites\/13\/2025\/04\/9cabe2f1409c4b3853503e6d0a944672@large.jpg","contentUrl":"https:\/\/koningdrone.be\/wp-content\/uploads\/sites\/13\/2025\/04\/9cabe2f1409c4b3853503e6d0a944672@large.jpg","width":1200,"height":800},{"@type":"BreadcrumbList","@id":"https:\/\/koningdrone.be\/product\/dji-rs-mini-quick-release-plate\/#breadcrumb","itemListElement":[{"@type":"ListItem","position":1,"name":"Home","item":"https:\/\/koningdrone.be\/"},{"@type":"ListItem","position":2,"name":"AVSS Parachute Recovery System for DJI Matrice 300\/350","item":"https:\/\/koningdrone.be\/product\/avss-parachute-recovery-system-for-dji-matrice-300-350\/"},{"@type":"ListItem","position":3,"name":"Alle gimbals en cameras","item":"https:\/\/koningdrone.be\/categorie\/alle-gimbals-en-cameras\/"},{"@type":"ListItem","position":4,"name":"DJI RS Mini Quick-Release Plate"}]},{"@type":"WebSite","@id":"https:\/\/koningdrone.be\/#website","url":"https:\/\/koningdrone.be\/","name":"Koningdrone.be - Su especialista en l\u00ednea en drones, cardanes, c\u00e1maras y centrales el\u00e9ctricas.","description":"La tienda virtual de drones y cardanes","publisher":{"@id":"https:\/\/koningdrone.be\/#organization"},"potentialAction":[{"@type":"SearchAction","target":{"@type":"EntryPoint","urlTemplate":"https:\/\/koningdrone.be\/?s={search_term_string}"},"query-input":{"@type":"PropertyValueSpecification","valueRequired":true,"valueName":"search_term_string"}}],"inLanguage":"es"},{"@type":"Organization","@id":"https:\/\/koningdrone.be\/#organization","name":"Kingdrone.es","url":"https:\/\/koningdrone.be\/","logo":{"@type":"ImageObject","inLanguage":"es","@id":"https:\/\/koningdrone.be\/#\/schema\/logo\/image\/","url":"https:\/\/koningdrone.be\/wp-content\/uploads\/sites\/13\/2025\/04\/koningdrone-copyright-logo.svg","contentUrl":"https:\/\/koningdrone.be\/wp-content\/uploads\/sites\/13\/2025\/04\/koningdrone-copyright-logo.svg","width":227,"height":38,"caption":"Koningdrone.be"},"image":{"@id":"https:\/\/koningdrone.be\/#\/schema\/logo\/image\/"}}]}},"df_price":26,"df_sale_price":"","df_regular_price":26,"df_image_link":"https:\/\/koningdrone.be\/wp-content\/uploads\/sites\/13\/2025\/04\/9cabe2f1409c4b3853503e6d0a944672@large-300x200.jpg","_links":{"self":[{"href":"https:\/\/koningdrone.be\/es\/wp-json\/wp\/v2\/product\/4944","targetHints":{"allow":["GET"]}}],"collection":[{"href":"https:\/\/koningdrone.be\/es\/wp-json\/wp\/v2\/product"}],"about":[{"href":"https:\/\/koningdrone.be\/es\/wp-json\/wp\/v2\/types\/product"}],"wp:featuredmedia":[{"embeddable":true,"href":"https:\/\/koningdrone.be\/es\/wp-json\/wp\/v2\/media\/4942"}],"wp:attachment":[{"href":"https:\/\/koningdrone.be\/es\/wp-json\/wp\/v2\/media?parent=4944"}],"wp:term":[{"taxonomy":"product_brand","embeddable":true,"href":"https:\/\/koningdrone.be\/es\/wp-json\/wp\/v2\/product_brand?post=4944"},{"taxonomy":"product_cat","embeddable":true,"href":"https:\/\/koningdrone.be\/es\/wp-json\/wp\/v2\/product_cat?post=4944"},{"taxonomy":"product_tag","embeddable":true,"href":"https:\/\/koningdrone.be\/es\/wp-json\/wp\/v2\/product_tag?post=4944"}],"curies":[{"name":"wp","href":"https:\/\/api.w.org\/{rel}","templated":true}]}}