{"id":4941,"date":"2023-04-17T13:45:53","date_gmt":"2023-04-17T11:45:53","guid":{"rendered":"https:\/\/koningdrone.nl\/kon\/product\/dji-rs-bg21-grip\/"},"modified":"2026-04-29T15:10:46","modified_gmt":"2026-04-29T13:10:46","slug":"dji-rs-bg21-grip","status":"publish","type":"product","link":"https:\/\/koningdrone.be\/es\/producto\/dji-rs-bg21-grip\/","title":{"rendered":"Empu\u00f1adura DJI RS BG21"},"content":{"rendered":"<p><strong>Mayor tiempo de funcionamiento<\/strong><\/p>\n<p> El DJI RS BG21 Grip est\u00e1 ingeniosamente dise\u00f1ado para ampliar sus capacidades de filmaci\u00f3n, proporcionando un impresionante tiempo de uso de alrededor de 12 horas. Esta notable caracter\u00edstica permite a los cineastas capturar su visi\u00f3n sin tener que preocuparse constantemente de que la bater\u00eda se agote, lo que permite casi un d\u00eda completo de filmaci\u00f3n ininterrumpida.<\/p>\n<p><strong>Tecnolog\u00eda de carga r\u00e1pida<\/strong><\/p>\n<p> La empu\u00f1adura RS BG21 entiende la necesidad de tiempos de respuesta r\u00e1pidos en el vertiginoso mundo de la producci\u00f3n cinematogr\u00e1fica y admite la carga r\u00e1pida de 18 W. Esta capacidad permite que la bater\u00eda se cargue r\u00e1pidamente de 0 a completa en s\u00f3lo 2,5 horas, minimizando el tiempo de inactividad y manteni\u00e9ndole listo para la acci\u00f3n.<\/p>\n<p><strong>Alimentaci\u00f3n continua<\/strong><\/p>\n<p> Una ventaja excepcional del RS BG21 Grip es su capacidad para cargarse mientras se utiliza. Esta caracter\u00edstica garantiza que tu card\u00e1n RS 3 permanezca alimentado y operativo durante todo el rodaje, proporcionando un apoyo continuo a tus esfuerzos creativos sin interrupciones.<\/p>\n<p><strong>Dise\u00f1o de liberaci\u00f3n r\u00e1pida<\/strong><\/p>\n<p> El dise\u00f1o de liberaci\u00f3n r\u00e1pida de la empu\u00f1adura DJI RS BG21 mejora significativamente la experiencia del usuario al permitir cambios de empu\u00f1adura f\u00e1ciles y r\u00e1pidos. Esto no s\u00f3lo agiliza el proceso de montaje y desmontaje, sino que tambi\u00e9n contribuye a un factor de forma m\u00e1s compacto para el almacenamiento, optimizando el espacio en la bolsa del equipo.<\/p>\n<p><strong>Capacidad de carga independiente<\/strong><\/p>\n<p> Adem\u00e1s de sus funciones integradas, la empu\u00f1adura ofrece la flexibilidad de cargarse independientemente del card\u00e1n. Esta versatilidad a\u00f1adida permite a los usuarios gestionar eficazmente su proceso de carga, garantizando que tanto el card\u00e1n como la empu\u00f1adura reciban suficiente energ\u00eda y est\u00e9n listos para su uso cuando sea necesario.<\/p>\n<p><\/p>","protected":false},"excerpt":{"rendered":"<ul>\n<li>Potente ciclo de trabajo de hasta 12 horas.<\/li>\n<li> Admite carga r\u00e1pida de 18 W.<\/li>\n<li> Carga completa en s\u00f3lo 2,5 horas.<\/li>\n<li> Utilizable mientras se carga.<\/li>\n<li> Dise\u00f1o de liberaci\u00f3n r\u00e1pida para una f\u00e1cil sustituci\u00f3n.<\/li>\n<li> Tama\u00f1o compacto para facilitar su almacenamiento.<\/li>\n<li> Se puede cargar por separado del card\u00e1n.<\/li>\n<\/ul>","protected":false},"featured_media":4938,"template":"","meta":{"_acf_changed":false},"product_brand":[],"product_cat":[268,410,97,265,721],"product_tag":[],"class_list":{"0":"post-4941","1":"product","2":"type-product","3":"status-publish","4":"has-post-thumbnail","6":"product_cat-alle-accessoires","7":"product_cat-alle-handheld-gimbals","8":"product_cat-alle-producten","9":"product_cat-dji-ronin","10":"product_cat-dji-rs3","11":"product_shipping_class-outofstock","12":"pa_brand-dji","13":"pa_productfamily-grip","14":"pa_producttype-grip","15":"pa_series-rs","17":"first","18":"outofstock","19":"taxable","20":"shipping-taxable","21":"purchasable","22":"product-type-simple"},"acf":[],"yoast_head":"<!-- This site is optimized with the Yoast SEO Premium plugin v27.2 (Yoast SEO v27.2) - https:\/\/yoast.com\/product\/yoast-seo-premium-wordpress\/ -->\n<title>DJI RS BG21 Grip - koningdrone.be<\/title>\n<meta name=\"robots\" content=\"index, follow, max-snippet:-1, max-image-preview:large, max-video-preview:-1\" \/>\n<link rel=\"canonical\" href=\"https:\/\/koningdrone.be\/es\/producto\/dji-rs-bg21-grip\/\" \/>\n<meta property=\"og:locale\" content=\"es_ES\" \/>\n<meta property=\"og:type\" content=\"article\" \/>\n<meta property=\"og:title\" content=\"DJI RS BG21 Grip\" \/>\n<meta property=\"og:description\" content=\"Krachtige gebruiksduur tot 12 uur. Ondersteunt snel opladen van 18 W. Volledig opgeladen in slechts 2,5 uur. Bruikbaar tijdens het opladen. Ontwerp met snelle ontgrendeling voor eenvoudige vervanging. Compact formaat voor eenvoudiger opslag. Kan afzonderlijk van de gimbal worden opgeladen.\" \/>\n<meta property=\"og:url\" content=\"https:\/\/koningdrone.be\/es\/producto\/dji-rs-bg21-grip\/\" \/>\n<meta property=\"og:site_name\" content=\"koningdrone.be\" \/>\n<meta property=\"article:modified_time\" content=\"2026-04-29T13:10:46+00:00\" \/>\n<meta property=\"og:image\" content=\"https:\/\/koningdrone.be\/wp-content\/uploads\/sites\/13\/2025\/04\/586b3c2606e3c2709cf0d2d06cd49859@large.jpg\" \/>\n\t<meta property=\"og:image:width\" content=\"1200\" \/>\n\t<meta property=\"og:image:height\" content=\"800\" \/>\n\t<meta property=\"og:image:type\" content=\"image\/jpeg\" \/>\n<meta name=\"twitter:card\" content=\"summary_large_image\" \/>\n<meta name=\"twitter:label1\" content=\"Tiempo de lectura\" \/>\n\t<meta name=\"twitter:data1\" content=\"1 minuto\" \/>\n<script type=\"application\/ld+json\" class=\"yoast-schema-graph\">{\"@context\":\"https:\/\/schema.org\",\"@graph\":[{\"@type\":\"WebPage\",\"@id\":\"https:\/\/koningdrone.be\/product\/dji-rs-bg21-grip\/\",\"url\":\"https:\/\/koningdrone.be\/product\/dji-rs-bg21-grip\/\",\"name\":\"DJI RS BG21 Grip - koningdrone.be\",\"isPartOf\":{\"@id\":\"https:\/\/koningdrone.be\/#website\"},\"primaryImageOfPage\":{\"@id\":\"https:\/\/koningdrone.be\/product\/dji-rs-bg21-grip\/#primaryimage\"},\"image\":{\"@id\":\"https:\/\/koningdrone.be\/product\/dji-rs-bg21-grip\/#primaryimage\"},\"thumbnailUrl\":\"https:\/\/koningdrone.be\/wp-content\/uploads\/sites\/13\/2025\/04\/586b3c2606e3c2709cf0d2d06cd49859@large.jpg\",\"datePublished\":\"2023-04-17T11:45:53+00:00\",\"dateModified\":\"2026-04-29T13:10:46+00:00\",\"breadcrumb\":{\"@id\":\"https:\/\/koningdrone.be\/product\/dji-rs-bg21-grip\/#breadcrumb\"},\"inLanguage\":\"es\",\"potentialAction\":[{\"@type\":\"ReadAction\",\"target\":[\"https:\/\/koningdrone.be\/product\/dji-rs-bg21-grip\/\"]}]},{\"@type\":\"ImageObject\",\"inLanguage\":\"es\",\"@id\":\"https:\/\/koningdrone.be\/product\/dji-rs-bg21-grip\/#primaryimage\",\"url\":\"https:\/\/koningdrone.be\/wp-content\/uploads\/sites\/13\/2025\/04\/586b3c2606e3c2709cf0d2d06cd49859@large.jpg\",\"contentUrl\":\"https:\/\/koningdrone.be\/wp-content\/uploads\/sites\/13\/2025\/04\/586b3c2606e3c2709cf0d2d06cd49859@large.jpg\",\"width\":1200,\"height\":800},{\"@type\":\"BreadcrumbList\",\"@id\":\"https:\/\/koningdrone.be\/product\/dji-rs-bg21-grip\/#breadcrumb\",\"itemListElement\":[{\"@type\":\"ListItem\",\"position\":1,\"name\":\"Home\",\"item\":\"https:\/\/koningdrone.be\/\"},{\"@type\":\"ListItem\",\"position\":2,\"name\":\"AVSS Parachute Recovery System for DJI Matrice 300\/350\",\"item\":\"https:\/\/koningdrone.be\/product\/avss-parachute-recovery-system-for-dji-matrice-300-350\/\"},{\"@type\":\"ListItem\",\"position\":3,\"name\":\"Alle accessoires\",\"item\":\"https:\/\/koningdrone.be\/categorie\/alle-accessoires\/\"},{\"@type\":\"ListItem\",\"position\":4,\"name\":\"DJI RS BG21 Grip\"}]},{\"@type\":\"WebSite\",\"@id\":\"https:\/\/koningdrone.be\/#website\",\"url\":\"https:\/\/koningdrone.be\/\",\"name\":\"Koningdrone.be - Uw online specialist in drones, gimbals, camera's en power stations.\",\"description\":\"De webshop in drones en gimbals\",\"publisher\":{\"@id\":\"https:\/\/koningdrone.be\/#organization\"},\"potentialAction\":[{\"@type\":\"SearchAction\",\"target\":{\"@type\":\"EntryPoint\",\"urlTemplate\":\"https:\/\/koningdrone.be\/?s={search_term_string}\"},\"query-input\":{\"@type\":\"PropertyValueSpecification\",\"valueRequired\":true,\"valueName\":\"search_term_string\"}}],\"inLanguage\":\"es\"},{\"@type\":\"Organization\",\"@id\":\"https:\/\/koningdrone.be\/#organization\",\"name\":\"Koningdrone.be\",\"url\":\"https:\/\/koningdrone.be\/\",\"logo\":{\"@type\":\"ImageObject\",\"inLanguage\":\"es\",\"@id\":\"https:\/\/koningdrone.be\/#\/schema\/logo\/image\/\",\"url\":\"https:\/\/koningdrone.be\/wp-content\/uploads\/sites\/13\/2025\/04\/koningdrone-copyright-logo.svg\",\"contentUrl\":\"https:\/\/koningdrone.be\/wp-content\/uploads\/sites\/13\/2025\/04\/koningdrone-copyright-logo.svg\",\"width\":227,\"height\":38,\"caption\":\"Koningdrone.be\"},\"image\":{\"@id\":\"https:\/\/koningdrone.be\/#\/schema\/logo\/image\/\"}}]}<\/script>\n<!-- \/ Yoast SEO Premium plugin. -->","yoast_head_json":{"title":"DJI RS BG21 Grip - koningdrone.be","robots":{"index":"index","follow":"follow","max-snippet":"max-snippet:-1","max-image-preview":"max-image-preview:large","max-video-preview":"max-video-preview:-1"},"canonical":"https:\/\/koningdrone.be\/es\/producto\/dji-rs-bg21-grip\/","og_locale":"es_ES","og_type":"article","og_title":"DJI RS BG21 Grip","og_description":"Krachtige gebruiksduur tot 12 uur. Ondersteunt snel opladen van 18 W. Volledig opgeladen in slechts 2,5 uur. Bruikbaar tijdens het opladen. Ontwerp met snelle ontgrendeling voor eenvoudige vervanging. Compact formaat voor eenvoudiger opslag. Kan afzonderlijk van de gimbal worden opgeladen.","og_url":"https:\/\/koningdrone.be\/es\/producto\/dji-rs-bg21-grip\/","og_site_name":"koningdrone.be","article_modified_time":"2026-04-29T13:10:46+00:00","og_image":[{"width":1200,"height":800,"url":"https:\/\/koningdrone.be\/wp-content\/uploads\/sites\/13\/2025\/04\/586b3c2606e3c2709cf0d2d06cd49859@large.jpg","type":"image\/jpeg"}],"twitter_card":"summary_large_image","twitter_misc":{"Tiempo de lectura":"1 minuto"},"schema":{"@context":"https:\/\/schema.org","@graph":[{"@type":"WebPage","@id":"https:\/\/koningdrone.be\/product\/dji-rs-bg21-grip\/","url":"https:\/\/koningdrone.be\/product\/dji-rs-bg21-grip\/","name":"DJI RS BG21 Grip - koningdrone.be","isPartOf":{"@id":"https:\/\/koningdrone.be\/#website"},"primaryImageOfPage":{"@id":"https:\/\/koningdrone.be\/product\/dji-rs-bg21-grip\/#primaryimage"},"image":{"@id":"https:\/\/koningdrone.be\/product\/dji-rs-bg21-grip\/#primaryimage"},"thumbnailUrl":"https:\/\/koningdrone.be\/wp-content\/uploads\/sites\/13\/2025\/04\/586b3c2606e3c2709cf0d2d06cd49859@large.jpg","datePublished":"2023-04-17T11:45:53+00:00","dateModified":"2026-04-29T13:10:46+00:00","breadcrumb":{"@id":"https:\/\/koningdrone.be\/product\/dji-rs-bg21-grip\/#breadcrumb"},"inLanguage":"es","potentialAction":[{"@type":"ReadAction","target":["https:\/\/koningdrone.be\/product\/dji-rs-bg21-grip\/"]}]},{"@type":"ImageObject","inLanguage":"es","@id":"https:\/\/koningdrone.be\/product\/dji-rs-bg21-grip\/#primaryimage","url":"https:\/\/koningdrone.be\/wp-content\/uploads\/sites\/13\/2025\/04\/586b3c2606e3c2709cf0d2d06cd49859@large.jpg","contentUrl":"https:\/\/koningdrone.be\/wp-content\/uploads\/sites\/13\/2025\/04\/586b3c2606e3c2709cf0d2d06cd49859@large.jpg","width":1200,"height":800},{"@type":"BreadcrumbList","@id":"https:\/\/koningdrone.be\/product\/dji-rs-bg21-grip\/#breadcrumb","itemListElement":[{"@type":"ListItem","position":1,"name":"Home","item":"https:\/\/koningdrone.be\/"},{"@type":"ListItem","position":2,"name":"AVSS Parachute Recovery System for DJI Matrice 300\/350","item":"https:\/\/koningdrone.be\/product\/avss-parachute-recovery-system-for-dji-matrice-300-350\/"},{"@type":"ListItem","position":3,"name":"Alle accessoires","item":"https:\/\/koningdrone.be\/categorie\/alle-accessoires\/"},{"@type":"ListItem","position":4,"name":"DJI RS BG21 Grip"}]},{"@type":"WebSite","@id":"https:\/\/koningdrone.be\/#website","url":"https:\/\/koningdrone.be\/","name":"Koningdrone.be - Su especialista en l\u00ednea en drones, cardanes, c\u00e1maras y centrales el\u00e9ctricas.","description":"La tienda virtual de drones y cardanes","publisher":{"@id":"https:\/\/koningdrone.be\/#organization"},"potentialAction":[{"@type":"SearchAction","target":{"@type":"EntryPoint","urlTemplate":"https:\/\/koningdrone.be\/?s={search_term_string}"},"query-input":{"@type":"PropertyValueSpecification","valueRequired":true,"valueName":"search_term_string"}}],"inLanguage":"es"},{"@type":"Organization","@id":"https:\/\/koningdrone.be\/#organization","name":"Kingdrone.es","url":"https:\/\/koningdrone.be\/","logo":{"@type":"ImageObject","inLanguage":"es","@id":"https:\/\/koningdrone.be\/#\/schema\/logo\/image\/","url":"https:\/\/koningdrone.be\/wp-content\/uploads\/sites\/13\/2025\/04\/koningdrone-copyright-logo.svg","contentUrl":"https:\/\/koningdrone.be\/wp-content\/uploads\/sites\/13\/2025\/04\/koningdrone-copyright-logo.svg","width":227,"height":38,"caption":"Koningdrone.be"},"image":{"@id":"https:\/\/koningdrone.be\/#\/schema\/logo\/image\/"}}]}},"df_price":89,"df_sale_price":"","df_regular_price":89,"df_image_link":"https:\/\/koningdrone.be\/wp-content\/uploads\/sites\/13\/2025\/04\/586b3c2606e3c2709cf0d2d06cd49859@large-300x200.jpg","_links":{"self":[{"href":"https:\/\/koningdrone.be\/es\/wp-json\/wp\/v2\/product\/4941","targetHints":{"allow":["GET"]}}],"collection":[{"href":"https:\/\/koningdrone.be\/es\/wp-json\/wp\/v2\/product"}],"about":[{"href":"https:\/\/koningdrone.be\/es\/wp-json\/wp\/v2\/types\/product"}],"wp:featuredmedia":[{"embeddable":true,"href":"https:\/\/koningdrone.be\/es\/wp-json\/wp\/v2\/media\/4938"}],"wp:attachment":[{"href":"https:\/\/koningdrone.be\/es\/wp-json\/wp\/v2\/media?parent=4941"}],"wp:term":[{"taxonomy":"product_brand","embeddable":true,"href":"https:\/\/koningdrone.be\/es\/wp-json\/wp\/v2\/product_brand?post=4941"},{"taxonomy":"product_cat","embeddable":true,"href":"https:\/\/koningdrone.be\/es\/wp-json\/wp\/v2\/product_cat?post=4941"},{"taxonomy":"product_tag","embeddable":true,"href":"https:\/\/koningdrone.be\/es\/wp-json\/wp\/v2\/product_tag?post=4941"}],"curies":[{"name":"wp","href":"https:\/\/api.w.org\/{rel}","templated":true}]}}