{"id":4930,"date":"2023-04-17T13:45:53","date_gmt":"2023-04-17T11:45:53","guid":{"rendered":"https:\/\/koningdrone.nl\/kon\/product\/dji-rc-motion-2\/"},"modified":"2026-04-29T15:50:02","modified_gmt":"2026-04-29T13:50:02","slug":"dji-rc-motion-2","status":"publish","type":"product","link":"https:\/\/koningdrone.be\/es\/producto\/dji-rc-motion-2\/","title":{"rendered":"DJI RC Motion 2"},"content":{"rendered":"<p>Ad\u00e9ntrate en el fascinante mundo de la exploraci\u00f3n a\u00e9rea basada en el movimiento con el DJI RC Motion 2. Dise\u00f1ado con la simplicidad y la funcionalidad intuitiva en su n\u00facleo, este dispositivo permite a los principiantes y entusiastas experimentados por igual redescubrir el placer de volar a trav\u00e9s de innovadores controles de movimiento.<br \/><strong>Experiencia inmersiva de control de movimiento<\/strong><\/p>\n<p> Disfruta de una conexi\u00f3n sin precedentes con el cielo mientras el DJI RC Motion 2 traduce los movimientos de tu mu\u00f1eca en direcciones de vuelo fluidas y en tiempo real. Combinado con un joystick sensible, la direcci\u00f3n en el aire se convierte en una extensi\u00f3n de tus propios gestos, ofreciendo una forma nueva y emocionante de explorar desde arriba.<\/p>\n<p><strong>Facilidad de uso y comodidad<\/strong><\/p>\n<p> El DJI RC Motion 2 est\u00e1 dise\u00f1ado para ofrecer comodidad y conveniencia a largo plazo, permiti\u00e9ndote sumergirte en la experiencia de vuelo sin fatiga. El dise\u00f1o prioriza el manejo con una sola mano, con controles accesibles que incluyen un acelerador, botones de modo y bloqueo, poniendo una pl\u00e9tora de acciones de vuelo sin esfuerzo al alcance de tu mano. Desde despegar en el aire, aterrizar con precisi\u00f3n, acelerar, girar e incluso ametrallar, el control es simplemente cuesti\u00f3n de gestos intuitivos.<\/p>\n<p><strong>Funcionamiento multidireccional mejorado<\/strong><\/p>\n<p> Experimente un control a\u00fan m\u00e1s suave de la altitud y la direcci\u00f3n con el joystick actualizado, que permite movimientos matizados y din\u00e1micos para el despegue, el aterrizaje y las maniobras \u00e1giles. La reci\u00e9n introducida funci\u00f3n de marcha atr\u00e1s en el acelerador le permite navegar en espacios reducidos volando hacia atr\u00e1s con la misma facilidad con la que entr\u00f3. Adem\u00e1s, el dial FN simplifica el ajuste de par\u00e1metros de la c\u00e1mara como la ISO y la velocidad de obturaci\u00f3n, permitiendo cambios r\u00e1pidos sin tener que interrumpir la experiencia de vuelo ajustando las gafas.<\/p>\n<p><strong>Resumen<\/strong><\/p>\n<p> El DJI RC Motion 2 redefine el vuelo pr\u00e1ctico con una fusi\u00f3n de controles intuitivos y tecnolog\u00eda avanzada, garantizando una experiencia de vuelo accesible y profunda para todos.<\/p>\n<p><\/p>","protected":false},"excerpt":{"rendered":"<ul>\n<li>Proporciona un control de vuelo c\u00f3modo y sensible basado en el movimiento.<\/li>\n<li> Tecnolog\u00eda de detecci\u00f3n de movimiento envolvente para un control direccional intuitivo.<\/li>\n<li> Optimizado para su uso con una sola mano con botones multifunci\u00f3n.<\/li>\n<li> Admite maniobras vers\u00e1tiles como despegue, aterrizaje y vuelo hacia atr\u00e1s.<\/li>\n<li> Joystick mejorado para un control m\u00e1s suave de la altura y la direcci\u00f3n.<\/li>\n<li> Funci\u00f3n de marcha atr\u00e1s en el acelerador para la navegaci\u00f3n en situaciones dif\u00edciles.<\/li>\n<li> El dial FN simplifica los ajustes de la c\u00e1mara durante el vuelo.<\/li>\n<li> Dise\u00f1ado para una mayor comodidad durante su uso.<\/li>\n<\/ul>","protected":false},"featured_media":4927,"template":"","meta":{"_acf_changed":false},"product_brand":[],"product_cat":[122,97,950],"product_tag":[],"class_list":{"0":"post-4930","1":"product","2":"type-product","3":"status-publish","4":"has-post-thumbnail","6":"product_cat-alle-afstandsbedieningen","7":"product_cat-alle-producten","8":"product_cat-dji-rc-motion-2","9":"product_shipping_class-outofstock","10":"pa_brand-dji","11":"pa_productfamily-afstandsbediening","12":"pa_producttype-afstandsbediening","13":"pa_series-avata","15":"first","16":"outofstock","17":"taxable","18":"shipping-taxable","19":"purchasable","20":"product-type-simple"},"acf":[],"yoast_head":"<!-- This site is optimized with the Yoast SEO Premium plugin v27.2 (Yoast SEO v27.2) - https:\/\/yoast.com\/product\/yoast-seo-premium-wordpress\/ -->\n<title>DJI RC Motion 2 - koningdrone.be<\/title>\n<meta name=\"robots\" content=\"index, follow, max-snippet:-1, max-image-preview:large, max-video-preview:-1\" \/>\n<link rel=\"canonical\" href=\"https:\/\/koningdrone.be\/es\/producto\/dji-rc-motion-2\/\" \/>\n<meta property=\"og:locale\" content=\"es_ES\" \/>\n<meta property=\"og:type\" content=\"article\" \/>\n<meta property=\"og:title\" content=\"DJI RC Motion 2\" \/>\n<meta property=\"og:description\" content=\"Biedt handige en responsieve bewegingsgebaseerde vluchtbesturing. Meeslepende bewegingsdetectietechnologie voor intu\u00eftieve richtingscontrole. Geoptimaliseerd voor gebruik met \u00e9\u00e9n hand met multifunctionele knoppen. Ondersteunt veelzijdige manoeuvres zoals opstijgen, landen en achteruit vliegen. Verbeterde joystick voor soepelere hoogte- en richtingscontrole. Omkeerfunctie op het gaspedaal voor navigatie in krappe situaties. De FN-draaiknop vereenvoudigt aanpassingen van de camera-instellingen tijdens de vlucht. Ontworpen voor meer comfort tijdens gebruik.\" \/>\n<meta property=\"og:url\" content=\"https:\/\/koningdrone.be\/es\/producto\/dji-rc-motion-2\/\" \/>\n<meta property=\"og:site_name\" content=\"koningdrone.be\" \/>\n<meta property=\"article:modified_time\" content=\"2026-04-29T13:50:02+00:00\" \/>\n<meta property=\"og:image\" content=\"https:\/\/koningdrone.be\/wp-content\/uploads\/sites\/13\/2025\/04\/6a87c31dbdcd2a2f4521ff1b536863d9@large.jpg\" \/>\n\t<meta property=\"og:image:width\" content=\"1200\" \/>\n\t<meta property=\"og:image:height\" content=\"800\" \/>\n\t<meta property=\"og:image:type\" content=\"image\/jpeg\" \/>\n<meta name=\"twitter:card\" content=\"summary_large_image\" \/>\n<meta name=\"twitter:label1\" content=\"Tiempo de lectura\" \/>\n\t<meta name=\"twitter:data1\" content=\"1 minuto\" \/>\n<script type=\"application\/ld+json\" class=\"yoast-schema-graph\">{\"@context\":\"https:\/\/schema.org\",\"@graph\":[{\"@type\":\"WebPage\",\"@id\":\"https:\/\/koningdrone.be\/product\/dji-rc-motion-2\/\",\"url\":\"https:\/\/koningdrone.be\/product\/dji-rc-motion-2\/\",\"name\":\"DJI RC Motion 2 - koningdrone.be\",\"isPartOf\":{\"@id\":\"https:\/\/koningdrone.be\/#website\"},\"primaryImageOfPage\":{\"@id\":\"https:\/\/koningdrone.be\/product\/dji-rc-motion-2\/#primaryimage\"},\"image\":{\"@id\":\"https:\/\/koningdrone.be\/product\/dji-rc-motion-2\/#primaryimage\"},\"thumbnailUrl\":\"https:\/\/koningdrone.be\/wp-content\/uploads\/sites\/13\/2025\/04\/6a87c31dbdcd2a2f4521ff1b536863d9@large.jpg\",\"datePublished\":\"2023-04-17T11:45:53+00:00\",\"dateModified\":\"2026-04-29T13:50:02+00:00\",\"breadcrumb\":{\"@id\":\"https:\/\/koningdrone.be\/product\/dji-rc-motion-2\/#breadcrumb\"},\"inLanguage\":\"es\",\"potentialAction\":[{\"@type\":\"ReadAction\",\"target\":[\"https:\/\/koningdrone.be\/product\/dji-rc-motion-2\/\"]}]},{\"@type\":\"ImageObject\",\"inLanguage\":\"es\",\"@id\":\"https:\/\/koningdrone.be\/product\/dji-rc-motion-2\/#primaryimage\",\"url\":\"https:\/\/koningdrone.be\/wp-content\/uploads\/sites\/13\/2025\/04\/6a87c31dbdcd2a2f4521ff1b536863d9@large.jpg\",\"contentUrl\":\"https:\/\/koningdrone.be\/wp-content\/uploads\/sites\/13\/2025\/04\/6a87c31dbdcd2a2f4521ff1b536863d9@large.jpg\",\"width\":1200,\"height\":800},{\"@type\":\"BreadcrumbList\",\"@id\":\"https:\/\/koningdrone.be\/product\/dji-rc-motion-2\/#breadcrumb\",\"itemListElement\":[{\"@type\":\"ListItem\",\"position\":1,\"name\":\"Home\",\"item\":\"https:\/\/koningdrone.be\/\"},{\"@type\":\"ListItem\",\"position\":2,\"name\":\"AVSS Parachute Recovery System for DJI Matrice 300\/350\",\"item\":\"https:\/\/koningdrone.be\/product\/avss-parachute-recovery-system-for-dji-matrice-300-350\/\"},{\"@type\":\"ListItem\",\"position\":3,\"name\":\"Alle afstandsbedieningen\",\"item\":\"https:\/\/koningdrone.be\/categorie\/alle-afstandsbedieningen\/\"},{\"@type\":\"ListItem\",\"position\":4,\"name\":\"DJI RC Motion 2\"}]},{\"@type\":\"WebSite\",\"@id\":\"https:\/\/koningdrone.be\/#website\",\"url\":\"https:\/\/koningdrone.be\/\",\"name\":\"Koningdrone.be - Uw online specialist in drones, gimbals, camera's en power stations.\",\"description\":\"De webshop in drones en gimbals\",\"publisher\":{\"@id\":\"https:\/\/koningdrone.be\/#organization\"},\"potentialAction\":[{\"@type\":\"SearchAction\",\"target\":{\"@type\":\"EntryPoint\",\"urlTemplate\":\"https:\/\/koningdrone.be\/?s={search_term_string}\"},\"query-input\":{\"@type\":\"PropertyValueSpecification\",\"valueRequired\":true,\"valueName\":\"search_term_string\"}}],\"inLanguage\":\"es\"},{\"@type\":\"Organization\",\"@id\":\"https:\/\/koningdrone.be\/#organization\",\"name\":\"Koningdrone.be\",\"url\":\"https:\/\/koningdrone.be\/\",\"logo\":{\"@type\":\"ImageObject\",\"inLanguage\":\"es\",\"@id\":\"https:\/\/koningdrone.be\/#\/schema\/logo\/image\/\",\"url\":\"https:\/\/koningdrone.be\/wp-content\/uploads\/sites\/13\/2025\/04\/koningdrone-copyright-logo.svg\",\"contentUrl\":\"https:\/\/koningdrone.be\/wp-content\/uploads\/sites\/13\/2025\/04\/koningdrone-copyright-logo.svg\",\"width\":227,\"height\":38,\"caption\":\"Koningdrone.be\"},\"image\":{\"@id\":\"https:\/\/koningdrone.be\/#\/schema\/logo\/image\/\"}}]}<\/script>\n<!-- \/ Yoast SEO Premium plugin. -->","yoast_head_json":{"title":"DJI RC Motion 2 - koningdrone.be","robots":{"index":"index","follow":"follow","max-snippet":"max-snippet:-1","max-image-preview":"max-image-preview:large","max-video-preview":"max-video-preview:-1"},"canonical":"https:\/\/koningdrone.be\/es\/producto\/dji-rc-motion-2\/","og_locale":"es_ES","og_type":"article","og_title":"DJI RC Motion 2","og_description":"Biedt handige en responsieve bewegingsgebaseerde vluchtbesturing. Meeslepende bewegingsdetectietechnologie voor intu\u00eftieve richtingscontrole. Geoptimaliseerd voor gebruik met \u00e9\u00e9n hand met multifunctionele knoppen. Ondersteunt veelzijdige manoeuvres zoals opstijgen, landen en achteruit vliegen. Verbeterde joystick voor soepelere hoogte- en richtingscontrole. Omkeerfunctie op het gaspedaal voor navigatie in krappe situaties. De FN-draaiknop vereenvoudigt aanpassingen van de camera-instellingen tijdens de vlucht. Ontworpen voor meer comfort tijdens gebruik.","og_url":"https:\/\/koningdrone.be\/es\/producto\/dji-rc-motion-2\/","og_site_name":"koningdrone.be","article_modified_time":"2026-04-29T13:50:02+00:00","og_image":[{"width":1200,"height":800,"url":"https:\/\/koningdrone.be\/wp-content\/uploads\/sites\/13\/2025\/04\/6a87c31dbdcd2a2f4521ff1b536863d9@large.jpg","type":"image\/jpeg"}],"twitter_card":"summary_large_image","twitter_misc":{"Tiempo de lectura":"1 minuto"},"schema":{"@context":"https:\/\/schema.org","@graph":[{"@type":"WebPage","@id":"https:\/\/koningdrone.be\/product\/dji-rc-motion-2\/","url":"https:\/\/koningdrone.be\/product\/dji-rc-motion-2\/","name":"DJI RC Motion 2 - koningdrone.be","isPartOf":{"@id":"https:\/\/koningdrone.be\/#website"},"primaryImageOfPage":{"@id":"https:\/\/koningdrone.be\/product\/dji-rc-motion-2\/#primaryimage"},"image":{"@id":"https:\/\/koningdrone.be\/product\/dji-rc-motion-2\/#primaryimage"},"thumbnailUrl":"https:\/\/koningdrone.be\/wp-content\/uploads\/sites\/13\/2025\/04\/6a87c31dbdcd2a2f4521ff1b536863d9@large.jpg","datePublished":"2023-04-17T11:45:53+00:00","dateModified":"2026-04-29T13:50:02+00:00","breadcrumb":{"@id":"https:\/\/koningdrone.be\/product\/dji-rc-motion-2\/#breadcrumb"},"inLanguage":"es","potentialAction":[{"@type":"ReadAction","target":["https:\/\/koningdrone.be\/product\/dji-rc-motion-2\/"]}]},{"@type":"ImageObject","inLanguage":"es","@id":"https:\/\/koningdrone.be\/product\/dji-rc-motion-2\/#primaryimage","url":"https:\/\/koningdrone.be\/wp-content\/uploads\/sites\/13\/2025\/04\/6a87c31dbdcd2a2f4521ff1b536863d9@large.jpg","contentUrl":"https:\/\/koningdrone.be\/wp-content\/uploads\/sites\/13\/2025\/04\/6a87c31dbdcd2a2f4521ff1b536863d9@large.jpg","width":1200,"height":800},{"@type":"BreadcrumbList","@id":"https:\/\/koningdrone.be\/product\/dji-rc-motion-2\/#breadcrumb","itemListElement":[{"@type":"ListItem","position":1,"name":"Home","item":"https:\/\/koningdrone.be\/"},{"@type":"ListItem","position":2,"name":"AVSS Parachute Recovery System for DJI Matrice 300\/350","item":"https:\/\/koningdrone.be\/product\/avss-parachute-recovery-system-for-dji-matrice-300-350\/"},{"@type":"ListItem","position":3,"name":"Alle afstandsbedieningen","item":"https:\/\/koningdrone.be\/categorie\/alle-afstandsbedieningen\/"},{"@type":"ListItem","position":4,"name":"DJI RC Motion 2"}]},{"@type":"WebSite","@id":"https:\/\/koningdrone.be\/#website","url":"https:\/\/koningdrone.be\/","name":"Koningdrone.be - Su especialista en l\u00ednea en drones, cardanes, c\u00e1maras y centrales el\u00e9ctricas.","description":"La tienda virtual de drones y cardanes","publisher":{"@id":"https:\/\/koningdrone.be\/#organization"},"potentialAction":[{"@type":"SearchAction","target":{"@type":"EntryPoint","urlTemplate":"https:\/\/koningdrone.be\/?s={search_term_string}"},"query-input":{"@type":"PropertyValueSpecification","valueRequired":true,"valueName":"search_term_string"}}],"inLanguage":"es"},{"@type":"Organization","@id":"https:\/\/koningdrone.be\/#organization","name":"Kingdrone.es","url":"https:\/\/koningdrone.be\/","logo":{"@type":"ImageObject","inLanguage":"es","@id":"https:\/\/koningdrone.be\/#\/schema\/logo\/image\/","url":"https:\/\/koningdrone.be\/wp-content\/uploads\/sites\/13\/2025\/04\/koningdrone-copyright-logo.svg","contentUrl":"https:\/\/koningdrone.be\/wp-content\/uploads\/sites\/13\/2025\/04\/koningdrone-copyright-logo.svg","width":227,"height":38,"caption":"Koningdrone.be"},"image":{"@id":"https:\/\/koningdrone.be\/#\/schema\/logo\/image\/"}}]}},"df_price":179,"df_sale_price":"","df_regular_price":179,"df_image_link":"https:\/\/koningdrone.be\/wp-content\/uploads\/sites\/13\/2025\/04\/6a87c31dbdcd2a2f4521ff1b536863d9@large-300x200.jpg","_links":{"self":[{"href":"https:\/\/koningdrone.be\/es\/wp-json\/wp\/v2\/product\/4930","targetHints":{"allow":["GET"]}}],"collection":[{"href":"https:\/\/koningdrone.be\/es\/wp-json\/wp\/v2\/product"}],"about":[{"href":"https:\/\/koningdrone.be\/es\/wp-json\/wp\/v2\/types\/product"}],"wp:featuredmedia":[{"embeddable":true,"href":"https:\/\/koningdrone.be\/es\/wp-json\/wp\/v2\/media\/4927"}],"wp:attachment":[{"href":"https:\/\/koningdrone.be\/es\/wp-json\/wp\/v2\/media?parent=4930"}],"wp:term":[{"taxonomy":"product_brand","embeddable":true,"href":"https:\/\/koningdrone.be\/es\/wp-json\/wp\/v2\/product_brand?post=4930"},{"taxonomy":"product_cat","embeddable":true,"href":"https:\/\/koningdrone.be\/es\/wp-json\/wp\/v2\/product_cat?post=4930"},{"taxonomy":"product_tag","embeddable":true,"href":"https:\/\/koningdrone.be\/es\/wp-json\/wp\/v2\/product_tag?post=4930"}],"curies":[{"name":"wp","href":"https:\/\/api.w.org\/{rel}","templated":true}]}}