{"id":4910,"date":"2023-04-17T13:45:53","date_gmt":"2023-04-17T11:45:53","guid":{"rendered":"https:\/\/koningdrone.nl\/kon\/product\/dji-o3-air-unit-antenna\/"},"modified":"2026-04-29T10:10:24","modified_gmt":"2026-04-29T08:10:24","slug":"dji-o3-air-unit-antenna","status":"publish","type":"product","link":"https:\/\/koningdrone.be\/es\/producto\/dji-o3-air-unit-antenna\/","title":{"rendered":"Antena de la unidad DJI O3 Air"},"content":{"rendered":"<p> Este producto es una antena de doble banda y doble polarizaci\u00f3n dise\u00f1ada para reducir significativamente las interferencias, al tiempo que proporciona la capacidad de transmitir se\u00f1ales a largas distancias. Est\u00e1 equipada con un conector I-PEX, lo que la hace muy compatible con diversos dispositivos. Adem\u00e1s, su dise\u00f1o compacto y ligero permite integrarla f\u00e1cilmente en diversas configuraciones sin a\u00f1adir volumen.<\/p>\n<p><strong>Ventajas para principiantes<\/strong><\/p>\n<p> Considere esta antena un dispositivo potente, peque\u00f1o y ligero que permite a sus aparatos comunicarse a larga distancia sin demasiadas interferencias de otras se\u00f1ales. Es f\u00e1cil de conectar a distintos dispositivos gracias a un tipo especial de enchufe, llamado conector I-PEX.<\/p>\n<p><strong>Ventajas para los expertos<\/strong><\/p>\n<p> La antena dispone de doble banda y doble polarizaci\u00f3n, lo que mejora la fiabilidad de la se\u00f1al y la eficiencia espectral incluso en entornos de RF densamente poblados. La integraci\u00f3n con un conector I-PEX permite una conectividad perfecta con una amplia gama de dispositivos de RF, garantizando un rendimiento \u00f3ptimo sin comprometer el factor de forma, esencial para sistemas en los que el espacio y el peso son consideraciones cr\u00edticas.<\/p>\n<p><\/p>","protected":false},"excerpt":{"rendered":"<ul>\n<li>Antena de doble banda y doble polarizaci\u00f3n<\/li>\n<li> Gran capacidad antiinterferente<\/li>\n<li> Capacidad de transmisi\u00f3n a larga distancia<\/li>\n<li> Equipado con conector I-PEX<\/li>\n<li> Peque\u00f1o y ligero<\/li>\n<\/ul>","protected":false},"featured_media":4907,"template":"","meta":{"_acf_changed":false},"product_brand":[],"product_cat":[585,97,297],"product_tag":[],"class_list":{"0":"post-4910","1":"product","2":"type-product","3":"status-publish","4":"has-post-thumbnail","6":"product_cat-alle-antennes","7":"product_cat-alle-producten","8":"product_cat-dji-osmo","9":"product_shipping_class-outofstock","10":"pa_brand-dji","11":"pa_productfamily-antenne","12":"pa_producttype-antenne","13":"pa_series-o3","15":"first","16":"outofstock","17":"taxable","18":"shipping-taxable","19":"product-type-simple"},"acf":[],"yoast_head":"<!-- This site is optimized with the Yoast SEO Premium plugin v27.2 (Yoast SEO v27.2) - https:\/\/yoast.com\/product\/yoast-seo-premium-wordpress\/ -->\n<title>DJI O3 Air Unit Antenna - koningdrone.be<\/title>\n<meta name=\"robots\" content=\"index, follow, max-snippet:-1, max-image-preview:large, max-video-preview:-1\" \/>\n<link rel=\"canonical\" href=\"https:\/\/koningdrone.be\/es\/producto\/dji-o3-air-unit-antenna\/\" \/>\n<meta property=\"og:locale\" content=\"es_ES\" \/>\n<meta property=\"og:type\" content=\"article\" \/>\n<meta property=\"og:title\" content=\"DJI O3 Air Unit Antenna\" \/>\n<meta property=\"og:description\" content=\"Dual-band dual-gepolariseerde antenne Sterk anti-interferentievermogen Transmissiemogelijkheden over lange afstanden Uitgerust met I-PEX-connector Klein en lichtgewicht\" \/>\n<meta property=\"og:url\" content=\"https:\/\/koningdrone.be\/es\/producto\/dji-o3-air-unit-antenna\/\" \/>\n<meta property=\"og:site_name\" content=\"koningdrone.be\" \/>\n<meta property=\"article:modified_time\" content=\"2026-04-29T08:10:24+00:00\" \/>\n<meta property=\"og:image\" content=\"https:\/\/koningdrone.be\/wp-content\/uploads\/sites\/13\/2025\/04\/98ec981b5f1fb6af84da767930098f62@large.jpg\" \/>\n\t<meta property=\"og:image:width\" content=\"1200\" \/>\n\t<meta property=\"og:image:height\" content=\"800\" \/>\n\t<meta property=\"og:image:type\" content=\"image\/jpeg\" \/>\n<meta name=\"twitter:card\" content=\"summary_large_image\" \/>\n<meta name=\"twitter:label1\" content=\"Tiempo de lectura\" \/>\n\t<meta name=\"twitter:data1\" content=\"1 minuto\" \/>\n<script type=\"application\/ld+json\" class=\"yoast-schema-graph\">{\"@context\":\"https:\/\/schema.org\",\"@graph\":[{\"@type\":\"WebPage\",\"@id\":\"https:\/\/koningdrone.be\/product\/dji-o3-air-unit-antenna\/\",\"url\":\"https:\/\/koningdrone.be\/product\/dji-o3-air-unit-antenna\/\",\"name\":\"DJI O3 Air Unit Antenna - koningdrone.be\",\"isPartOf\":{\"@id\":\"https:\/\/koningdrone.be\/#website\"},\"primaryImageOfPage\":{\"@id\":\"https:\/\/koningdrone.be\/product\/dji-o3-air-unit-antenna\/#primaryimage\"},\"image\":{\"@id\":\"https:\/\/koningdrone.be\/product\/dji-o3-air-unit-antenna\/#primaryimage\"},\"thumbnailUrl\":\"https:\/\/koningdrone.be\/wp-content\/uploads\/sites\/13\/2025\/04\/98ec981b5f1fb6af84da767930098f62@large.jpg\",\"datePublished\":\"2023-04-17T11:45:53+00:00\",\"dateModified\":\"2026-04-29T08:10:24+00:00\",\"breadcrumb\":{\"@id\":\"https:\/\/koningdrone.be\/product\/dji-o3-air-unit-antenna\/#breadcrumb\"},\"inLanguage\":\"es\",\"potentialAction\":[{\"@type\":\"ReadAction\",\"target\":[\"https:\/\/koningdrone.be\/product\/dji-o3-air-unit-antenna\/\"]}]},{\"@type\":\"ImageObject\",\"inLanguage\":\"es\",\"@id\":\"https:\/\/koningdrone.be\/product\/dji-o3-air-unit-antenna\/#primaryimage\",\"url\":\"https:\/\/koningdrone.be\/wp-content\/uploads\/sites\/13\/2025\/04\/98ec981b5f1fb6af84da767930098f62@large.jpg\",\"contentUrl\":\"https:\/\/koningdrone.be\/wp-content\/uploads\/sites\/13\/2025\/04\/98ec981b5f1fb6af84da767930098f62@large.jpg\",\"width\":1200,\"height\":800},{\"@type\":\"BreadcrumbList\",\"@id\":\"https:\/\/koningdrone.be\/product\/dji-o3-air-unit-antenna\/#breadcrumb\",\"itemListElement\":[{\"@type\":\"ListItem\",\"position\":1,\"name\":\"Home\",\"item\":\"https:\/\/koningdrone.be\/\"},{\"@type\":\"ListItem\",\"position\":2,\"name\":\"AVSS Parachute Recovery System for DJI Matrice 300\/350\",\"item\":\"https:\/\/koningdrone.be\/product\/avss-parachute-recovery-system-for-dji-matrice-300-350\/\"},{\"@type\":\"ListItem\",\"position\":3,\"name\":\"Alle antennes\",\"item\":\"https:\/\/koningdrone.be\/categorie\/alle-antennes\/\"},{\"@type\":\"ListItem\",\"position\":4,\"name\":\"DJI O3 Air Unit Antenna\"}]},{\"@type\":\"WebSite\",\"@id\":\"https:\/\/koningdrone.be\/#website\",\"url\":\"https:\/\/koningdrone.be\/\",\"name\":\"Koningdrone.be - Uw online specialist in drones, gimbals, camera's en power stations.\",\"description\":\"De webshop in drones en gimbals\",\"publisher\":{\"@id\":\"https:\/\/koningdrone.be\/#organization\"},\"potentialAction\":[{\"@type\":\"SearchAction\",\"target\":{\"@type\":\"EntryPoint\",\"urlTemplate\":\"https:\/\/koningdrone.be\/?s={search_term_string}\"},\"query-input\":{\"@type\":\"PropertyValueSpecification\",\"valueRequired\":true,\"valueName\":\"search_term_string\"}}],\"inLanguage\":\"es\"},{\"@type\":\"Organization\",\"@id\":\"https:\/\/koningdrone.be\/#organization\",\"name\":\"Koningdrone.be\",\"url\":\"https:\/\/koningdrone.be\/\",\"logo\":{\"@type\":\"ImageObject\",\"inLanguage\":\"es\",\"@id\":\"https:\/\/koningdrone.be\/#\/schema\/logo\/image\/\",\"url\":\"https:\/\/koningdrone.be\/wp-content\/uploads\/sites\/13\/2025\/04\/koningdrone-copyright-logo.svg\",\"contentUrl\":\"https:\/\/koningdrone.be\/wp-content\/uploads\/sites\/13\/2025\/04\/koningdrone-copyright-logo.svg\",\"width\":227,\"height\":38,\"caption\":\"Koningdrone.be\"},\"image\":{\"@id\":\"https:\/\/koningdrone.be\/#\/schema\/logo\/image\/\"}}]}<\/script>\n<!-- \/ Yoast SEO Premium plugin. -->","yoast_head_json":{"title":"DJI O3 Air Unit Antenna - koningdrone.be","robots":{"index":"index","follow":"follow","max-snippet":"max-snippet:-1","max-image-preview":"max-image-preview:large","max-video-preview":"max-video-preview:-1"},"canonical":"https:\/\/koningdrone.be\/es\/producto\/dji-o3-air-unit-antenna\/","og_locale":"es_ES","og_type":"article","og_title":"DJI O3 Air Unit Antenna","og_description":"Dual-band dual-gepolariseerde antenne Sterk anti-interferentievermogen Transmissiemogelijkheden over lange afstanden Uitgerust met I-PEX-connector Klein en lichtgewicht","og_url":"https:\/\/koningdrone.be\/es\/producto\/dji-o3-air-unit-antenna\/","og_site_name":"koningdrone.be","article_modified_time":"2026-04-29T08:10:24+00:00","og_image":[{"width":1200,"height":800,"url":"https:\/\/koningdrone.be\/wp-content\/uploads\/sites\/13\/2025\/04\/98ec981b5f1fb6af84da767930098f62@large.jpg","type":"image\/jpeg"}],"twitter_card":"summary_large_image","twitter_misc":{"Tiempo de lectura":"1 minuto"},"schema":{"@context":"https:\/\/schema.org","@graph":[{"@type":"WebPage","@id":"https:\/\/koningdrone.be\/product\/dji-o3-air-unit-antenna\/","url":"https:\/\/koningdrone.be\/product\/dji-o3-air-unit-antenna\/","name":"DJI O3 Air Unit Antenna - koningdrone.be","isPartOf":{"@id":"https:\/\/koningdrone.be\/#website"},"primaryImageOfPage":{"@id":"https:\/\/koningdrone.be\/product\/dji-o3-air-unit-antenna\/#primaryimage"},"image":{"@id":"https:\/\/koningdrone.be\/product\/dji-o3-air-unit-antenna\/#primaryimage"},"thumbnailUrl":"https:\/\/koningdrone.be\/wp-content\/uploads\/sites\/13\/2025\/04\/98ec981b5f1fb6af84da767930098f62@large.jpg","datePublished":"2023-04-17T11:45:53+00:00","dateModified":"2026-04-29T08:10:24+00:00","breadcrumb":{"@id":"https:\/\/koningdrone.be\/product\/dji-o3-air-unit-antenna\/#breadcrumb"},"inLanguage":"es","potentialAction":[{"@type":"ReadAction","target":["https:\/\/koningdrone.be\/product\/dji-o3-air-unit-antenna\/"]}]},{"@type":"ImageObject","inLanguage":"es","@id":"https:\/\/koningdrone.be\/product\/dji-o3-air-unit-antenna\/#primaryimage","url":"https:\/\/koningdrone.be\/wp-content\/uploads\/sites\/13\/2025\/04\/98ec981b5f1fb6af84da767930098f62@large.jpg","contentUrl":"https:\/\/koningdrone.be\/wp-content\/uploads\/sites\/13\/2025\/04\/98ec981b5f1fb6af84da767930098f62@large.jpg","width":1200,"height":800},{"@type":"BreadcrumbList","@id":"https:\/\/koningdrone.be\/product\/dji-o3-air-unit-antenna\/#breadcrumb","itemListElement":[{"@type":"ListItem","position":1,"name":"Home","item":"https:\/\/koningdrone.be\/"},{"@type":"ListItem","position":2,"name":"AVSS Parachute Recovery System for DJI Matrice 300\/350","item":"https:\/\/koningdrone.be\/product\/avss-parachute-recovery-system-for-dji-matrice-300-350\/"},{"@type":"ListItem","position":3,"name":"Alle antennes","item":"https:\/\/koningdrone.be\/categorie\/alle-antennes\/"},{"@type":"ListItem","position":4,"name":"DJI O3 Air Unit Antenna"}]},{"@type":"WebSite","@id":"https:\/\/koningdrone.be\/#website","url":"https:\/\/koningdrone.be\/","name":"Koningdrone.be - Su especialista en l\u00ednea en drones, cardanes, c\u00e1maras y centrales el\u00e9ctricas.","description":"La tienda virtual de drones y cardanes","publisher":{"@id":"https:\/\/koningdrone.be\/#organization"},"potentialAction":[{"@type":"SearchAction","target":{"@type":"EntryPoint","urlTemplate":"https:\/\/koningdrone.be\/?s={search_term_string}"},"query-input":{"@type":"PropertyValueSpecification","valueRequired":true,"valueName":"search_term_string"}}],"inLanguage":"es"},{"@type":"Organization","@id":"https:\/\/koningdrone.be\/#organization","name":"Kingdrone.es","url":"https:\/\/koningdrone.be\/","logo":{"@type":"ImageObject","inLanguage":"es","@id":"https:\/\/koningdrone.be\/#\/schema\/logo\/image\/","url":"https:\/\/koningdrone.be\/wp-content\/uploads\/sites\/13\/2025\/04\/koningdrone-copyright-logo.svg","contentUrl":"https:\/\/koningdrone.be\/wp-content\/uploads\/sites\/13\/2025\/04\/koningdrone-copyright-logo.svg","width":227,"height":38,"caption":"Koningdrone.be"},"image":{"@id":"https:\/\/koningdrone.be\/#\/schema\/logo\/image\/"}}]}},"df_price":"","df_sale_price":"","df_regular_price":"","df_image_link":"https:\/\/koningdrone.be\/wp-content\/uploads\/sites\/13\/2025\/04\/98ec981b5f1fb6af84da767930098f62@large-300x200.jpg","_links":{"self":[{"href":"https:\/\/koningdrone.be\/es\/wp-json\/wp\/v2\/product\/4910","targetHints":{"allow":["GET"]}}],"collection":[{"href":"https:\/\/koningdrone.be\/es\/wp-json\/wp\/v2\/product"}],"about":[{"href":"https:\/\/koningdrone.be\/es\/wp-json\/wp\/v2\/types\/product"}],"wp:featuredmedia":[{"embeddable":true,"href":"https:\/\/koningdrone.be\/es\/wp-json\/wp\/v2\/media\/4907"}],"wp:attachment":[{"href":"https:\/\/koningdrone.be\/es\/wp-json\/wp\/v2\/media?parent=4910"}],"wp:term":[{"taxonomy":"product_brand","embeddable":true,"href":"https:\/\/koningdrone.be\/es\/wp-json\/wp\/v2\/product_brand?post=4910"},{"taxonomy":"product_cat","embeddable":true,"href":"https:\/\/koningdrone.be\/es\/wp-json\/wp\/v2\/product_cat?post=4910"},{"taxonomy":"product_tag","embeddable":true,"href":"https:\/\/koningdrone.be\/es\/wp-json\/wp\/v2\/product_tag?post=4910"}],"curies":[{"name":"wp","href":"https:\/\/api.w.org\/{rel}","templated":true}]}}