{"id":4902,"date":"2023-04-17T13:46:35","date_gmt":"2023-04-17T11:46:35","guid":{"rendered":"https:\/\/koningdrone.nl\/kon\/product\/ecoflow-blade\/"},"modified":"2026-04-29T13:40:43","modified_gmt":"2026-04-29T11:40:43","slug":"ecoflow-blade","status":"publish","type":"product","link":"https:\/\/koningdrone.be\/es\/producto\/ecoflow-blade\/","title":{"rendered":"Cuchilla EcoFlow"},"content":{"rendered":"<p>La cuchilla EcoFlow Blade hace que cortar el c\u00e9sped sea sencillo e innovador. Esta plataforma rob\u00f3tica inteligente corta la hierba con suavidad y tambi\u00e9n limpia despu\u00e9s.<\/p>\n<p><strong>Sistemas GPS y LiDAR<\/strong><\/p>\n<p>Con sistemas GPS y LiDAR incorporados, la pala EcoFlow ofrece las siguientes caracter\u00edsticas:<\/p>\n<p><\/p>\n<ul><\/p>\n<li>Establezca l\u00edmites a trav\u00e9s de la aplicaci\u00f3n<\/li>\n<p><\/p>\n<li>Planificaci\u00f3n de rutas<\/li>\n<p><\/p>\n<li>Funci\u00f3n de evitaci\u00f3n de obst\u00e1culos<\/li>\n<p><\/p>\n<li>Recogida autom\u00e1tica de residuos<\/li>\n<p><\/ul>\n<p><strong>Resistencia al agua<\/strong><\/p>\n<p>El grado de resistencia al agua IPX5 facilita el funcionamiento y el mantenimiento del cortac\u00e9sped EcoFlow Blade. El sensor de lluvia detiene autom\u00e1ticamente el funcionamiento del cortac\u00e9sped cuando empieza a llover. El 4G y la eSIM integrados ayudan al propietario a localizar con precisi\u00f3n el dispositivo.<\/p>\n<p><strong>Tecnolog\u00eda X-Vision<\/strong><\/p>\n<p>La tecnolog\u00eda X-Vision combina LiDAR, RTK y un sensor visual con inteligencia artificial para reconocer obst\u00e1culos delante del dispositivo.<\/p>\n<p><strong>Ruedas especialmente dise\u00f1adas<\/strong><\/p>\n<p>Las ruedas especialmente dise\u00f1adas de la pala EcoFlow proporcionan una mayor movilidad. Estas ruedas pueden superar f\u00e1cilmente obst\u00e1culos de hasta 40 mm de altura y pendientes de hasta 50%. Las ruedas tambi\u00e9n reducen la resistencia al giro en 40% y reducen los \"\u00e1ngulos muertos\" durante la siega.<\/p>\n<p><strong>Aplicaci\u00f3n m\u00f3vil<\/strong><\/p>\n<p>Descargue la aplicaci\u00f3n m\u00f3vil en su smartphone para tener un control total sobre el funcionamiento del robot cortac\u00e9sped EcoFlow Blade. Con la app, puede planificar la ruta y el tiempo de siega con una precisi\u00f3n de 2 cm sin \u00e1ngulos muertos. El sistema RTK garantiza una gran precisi\u00f3n. Adem\u00e1s, puede controlar el dispositivo manualmente a trav\u00e9s de la app.<\/p>\n<p><\/p>","protected":false},"excerpt":{"rendered":"<ul>\n<li>Robot cortac\u00e9sped EcoFlow Blade con LiDAR y GPS para un posicionamiento preciso y un tratamiento exacto del c\u00e9sped<\/li>\n<li>Inclinaci\u00f3n m\u00e1xima -50%<\/li>\n<li>\u00c1rea de corte m\u00e1xima: hasta 3000 m2<\/li>\n<li>Altura de corte -De 20 a 76 mm<\/li>\n<li>Anchura de corte -260 mm<\/li>\n<li>Conexi\u00f3n -4G, ESIM<\/li>\n<li>Gama -virtual<\/li>\n<li>Planificaci\u00f3n de rutas - Autom\u00e1tica<\/li>\n<li>Limpieza autom\u00e1tica -Eat<\/li>\n<li>Carga mediante paneles solares y estaciones port\u00e1tiles - Comer<\/li>\n<\/ul>","protected":false},"featured_media":4900,"template":"","meta":{"_acf_changed":false},"product_brand":[],"product_cat":[97,245,415],"product_tag":[],"class_list":{"0":"post-4902","1":"product","2":"type-product","3":"status-publish","4":"has-post-thumbnail","6":"product_cat-alle-producten","7":"product_cat-ecoflow","8":"product_cat-energy","9":"product_shipping_class-outofstock","10":"pa_brand-ecoflow","11":"pa_productfamily-grasmaaier","12":"pa_producttype-grasmaaier","13":"pa_series-blade","15":"first","16":"outofstock","17":"taxable","18":"shipping-taxable","19":"product-type-simple"},"acf":[],"yoast_head":"<!-- This site is optimized with the Yoast SEO Premium plugin v27.2 (Yoast SEO v27.2) - https:\/\/yoast.com\/product\/yoast-seo-premium-wordpress\/ -->\n<title>EcoFlow Blade - koningdrone.be<\/title>\n<meta name=\"robots\" content=\"index, follow, max-snippet:-1, max-image-preview:large, max-video-preview:-1\" \/>\n<link rel=\"canonical\" href=\"https:\/\/koningdrone.be\/es\/producto\/ecoflow-blade\/\" \/>\n<meta property=\"og:locale\" content=\"es_ES\" \/>\n<meta property=\"og:type\" content=\"article\" \/>\n<meta property=\"og:title\" content=\"EcoFlow Blade\" \/>\n<meta property=\"og:description\" content=\"EcoFlow Blade robotmaaier met LiDAR en GPS voor nauwkeurige positionering en nauwkeurige gazonbehandelingMax. helling -50%Max. maaioppervlak - tot 3000 m2Maaihoogte -Van 20 tot 76 mmMaaibreedte -260 mmVerbinding -4G, ESIMBereik -virtueelRouteplanning - AutomatischAutomatische reiniging -EetOpladen via zonnepanelen en draagbare stations - Eat\" \/>\n<meta property=\"og:url\" content=\"https:\/\/koningdrone.be\/es\/producto\/ecoflow-blade\/\" \/>\n<meta property=\"og:site_name\" content=\"koningdrone.be\" \/>\n<meta property=\"article:modified_time\" content=\"2026-04-29T11:40:43+00:00\" \/>\n<meta property=\"og:image\" content=\"https:\/\/koningdrone.be\/wp-content\/uploads\/sites\/13\/2025\/04\/4895251604451-1.jpg\" \/>\n\t<meta property=\"og:image:width\" content=\"540\" \/>\n\t<meta property=\"og:image:height\" content=\"540\" \/>\n\t<meta property=\"og:image:type\" content=\"image\/jpeg\" \/>\n<meta name=\"twitter:card\" content=\"summary_large_image\" \/>\n<meta name=\"twitter:label1\" content=\"Tiempo de lectura\" \/>\n\t<meta name=\"twitter:data1\" content=\"1 minuto\" \/>\n<script type=\"application\/ld+json\" class=\"yoast-schema-graph\">{\"@context\":\"https:\/\/schema.org\",\"@graph\":[{\"@type\":\"WebPage\",\"@id\":\"https:\/\/koningdrone.be\/product\/ecoflow-blade\/\",\"url\":\"https:\/\/koningdrone.be\/product\/ecoflow-blade\/\",\"name\":\"EcoFlow Blade - koningdrone.be\",\"isPartOf\":{\"@id\":\"https:\/\/koningdrone.be\/#website\"},\"primaryImageOfPage\":{\"@id\":\"https:\/\/koningdrone.be\/product\/ecoflow-blade\/#primaryimage\"},\"image\":{\"@id\":\"https:\/\/koningdrone.be\/product\/ecoflow-blade\/#primaryimage\"},\"thumbnailUrl\":\"https:\/\/koningdrone.be\/wp-content\/uploads\/sites\/13\/2025\/04\/4895251604451-1.jpg\",\"datePublished\":\"2023-04-17T11:46:35+00:00\",\"dateModified\":\"2026-04-29T11:40:43+00:00\",\"breadcrumb\":{\"@id\":\"https:\/\/koningdrone.be\/product\/ecoflow-blade\/#breadcrumb\"},\"inLanguage\":\"es\",\"potentialAction\":[{\"@type\":\"ReadAction\",\"target\":[\"https:\/\/koningdrone.be\/product\/ecoflow-blade\/\"]}]},{\"@type\":\"ImageObject\",\"inLanguage\":\"es\",\"@id\":\"https:\/\/koningdrone.be\/product\/ecoflow-blade\/#primaryimage\",\"url\":\"https:\/\/koningdrone.be\/wp-content\/uploads\/sites\/13\/2025\/04\/4895251604451-1.jpg\",\"contentUrl\":\"https:\/\/koningdrone.be\/wp-content\/uploads\/sites\/13\/2025\/04\/4895251604451-1.jpg\",\"width\":540,\"height\":540},{\"@type\":\"BreadcrumbList\",\"@id\":\"https:\/\/koningdrone.be\/product\/ecoflow-blade\/#breadcrumb\",\"itemListElement\":[{\"@type\":\"ListItem\",\"position\":1,\"name\":\"Home\",\"item\":\"https:\/\/koningdrone.be\/\"},{\"@type\":\"ListItem\",\"position\":2,\"name\":\"AVSS Parachute Recovery System for DJI Matrice 300\/350\",\"item\":\"https:\/\/koningdrone.be\/product\/avss-parachute-recovery-system-for-dji-matrice-300-350\/\"},{\"@type\":\"ListItem\",\"position\":3,\"name\":\"Alle producten\",\"item\":\"https:\/\/koningdrone.be\/categorie\/alle-producten\/\"},{\"@type\":\"ListItem\",\"position\":4,\"name\":\"EcoFlow Blade\"}]},{\"@type\":\"WebSite\",\"@id\":\"https:\/\/koningdrone.be\/#website\",\"url\":\"https:\/\/koningdrone.be\/\",\"name\":\"Koningdrone.be - Uw online specialist in drones, gimbals, camera's en power stations.\",\"description\":\"De webshop in drones en gimbals\",\"publisher\":{\"@id\":\"https:\/\/koningdrone.be\/#organization\"},\"potentialAction\":[{\"@type\":\"SearchAction\",\"target\":{\"@type\":\"EntryPoint\",\"urlTemplate\":\"https:\/\/koningdrone.be\/?s={search_term_string}\"},\"query-input\":{\"@type\":\"PropertyValueSpecification\",\"valueRequired\":true,\"valueName\":\"search_term_string\"}}],\"inLanguage\":\"es\"},{\"@type\":\"Organization\",\"@id\":\"https:\/\/koningdrone.be\/#organization\",\"name\":\"Koningdrone.be\",\"url\":\"https:\/\/koningdrone.be\/\",\"logo\":{\"@type\":\"ImageObject\",\"inLanguage\":\"es\",\"@id\":\"https:\/\/koningdrone.be\/#\/schema\/logo\/image\/\",\"url\":\"https:\/\/koningdrone.be\/wp-content\/uploads\/sites\/13\/2025\/04\/koningdrone-copyright-logo.svg\",\"contentUrl\":\"https:\/\/koningdrone.be\/wp-content\/uploads\/sites\/13\/2025\/04\/koningdrone-copyright-logo.svg\",\"width\":227,\"height\":38,\"caption\":\"Koningdrone.be\"},\"image\":{\"@id\":\"https:\/\/koningdrone.be\/#\/schema\/logo\/image\/\"}}]}<\/script>\n<!-- \/ Yoast SEO Premium plugin. -->","yoast_head_json":{"title":"EcoFlow Blade - koningdrone.be","robots":{"index":"index","follow":"follow","max-snippet":"max-snippet:-1","max-image-preview":"max-image-preview:large","max-video-preview":"max-video-preview:-1"},"canonical":"https:\/\/koningdrone.be\/es\/producto\/ecoflow-blade\/","og_locale":"es_ES","og_type":"article","og_title":"EcoFlow Blade","og_description":"EcoFlow Blade robotmaaier met LiDAR en GPS voor nauwkeurige positionering en nauwkeurige gazonbehandelingMax. helling -50%Max. maaioppervlak - tot 3000 m2Maaihoogte -Van 20 tot 76 mmMaaibreedte -260 mmVerbinding -4G, ESIMBereik -virtueelRouteplanning - AutomatischAutomatische reiniging -EetOpladen via zonnepanelen en draagbare stations - Eat","og_url":"https:\/\/koningdrone.be\/es\/producto\/ecoflow-blade\/","og_site_name":"koningdrone.be","article_modified_time":"2026-04-29T11:40:43+00:00","og_image":[{"width":540,"height":540,"url":"https:\/\/koningdrone.be\/wp-content\/uploads\/sites\/13\/2025\/04\/4895251604451-1.jpg","type":"image\/jpeg"}],"twitter_card":"summary_large_image","twitter_misc":{"Tiempo de lectura":"1 minuto"},"schema":{"@context":"https:\/\/schema.org","@graph":[{"@type":"WebPage","@id":"https:\/\/koningdrone.be\/product\/ecoflow-blade\/","url":"https:\/\/koningdrone.be\/product\/ecoflow-blade\/","name":"EcoFlow Blade - koningdrone.be","isPartOf":{"@id":"https:\/\/koningdrone.be\/#website"},"primaryImageOfPage":{"@id":"https:\/\/koningdrone.be\/product\/ecoflow-blade\/#primaryimage"},"image":{"@id":"https:\/\/koningdrone.be\/product\/ecoflow-blade\/#primaryimage"},"thumbnailUrl":"https:\/\/koningdrone.be\/wp-content\/uploads\/sites\/13\/2025\/04\/4895251604451-1.jpg","datePublished":"2023-04-17T11:46:35+00:00","dateModified":"2026-04-29T11:40:43+00:00","breadcrumb":{"@id":"https:\/\/koningdrone.be\/product\/ecoflow-blade\/#breadcrumb"},"inLanguage":"es","potentialAction":[{"@type":"ReadAction","target":["https:\/\/koningdrone.be\/product\/ecoflow-blade\/"]}]},{"@type":"ImageObject","inLanguage":"es","@id":"https:\/\/koningdrone.be\/product\/ecoflow-blade\/#primaryimage","url":"https:\/\/koningdrone.be\/wp-content\/uploads\/sites\/13\/2025\/04\/4895251604451-1.jpg","contentUrl":"https:\/\/koningdrone.be\/wp-content\/uploads\/sites\/13\/2025\/04\/4895251604451-1.jpg","width":540,"height":540},{"@type":"BreadcrumbList","@id":"https:\/\/koningdrone.be\/product\/ecoflow-blade\/#breadcrumb","itemListElement":[{"@type":"ListItem","position":1,"name":"Home","item":"https:\/\/koningdrone.be\/"},{"@type":"ListItem","position":2,"name":"AVSS Parachute Recovery System for DJI Matrice 300\/350","item":"https:\/\/koningdrone.be\/product\/avss-parachute-recovery-system-for-dji-matrice-300-350\/"},{"@type":"ListItem","position":3,"name":"Alle producten","item":"https:\/\/koningdrone.be\/categorie\/alle-producten\/"},{"@type":"ListItem","position":4,"name":"EcoFlow Blade"}]},{"@type":"WebSite","@id":"https:\/\/koningdrone.be\/#website","url":"https:\/\/koningdrone.be\/","name":"Koningdrone.be - Su especialista en l\u00ednea en drones, cardanes, c\u00e1maras y centrales el\u00e9ctricas.","description":"La tienda virtual de drones y cardanes","publisher":{"@id":"https:\/\/koningdrone.be\/#organization"},"potentialAction":[{"@type":"SearchAction","target":{"@type":"EntryPoint","urlTemplate":"https:\/\/koningdrone.be\/?s={search_term_string}"},"query-input":{"@type":"PropertyValueSpecification","valueRequired":true,"valueName":"search_term_string"}}],"inLanguage":"es"},{"@type":"Organization","@id":"https:\/\/koningdrone.be\/#organization","name":"Kingdrone.es","url":"https:\/\/koningdrone.be\/","logo":{"@type":"ImageObject","inLanguage":"es","@id":"https:\/\/koningdrone.be\/#\/schema\/logo\/image\/","url":"https:\/\/koningdrone.be\/wp-content\/uploads\/sites\/13\/2025\/04\/koningdrone-copyright-logo.svg","contentUrl":"https:\/\/koningdrone.be\/wp-content\/uploads\/sites\/13\/2025\/04\/koningdrone-copyright-logo.svg","width":227,"height":38,"caption":"Koningdrone.be"},"image":{"@id":"https:\/\/koningdrone.be\/#\/schema\/logo\/image\/"}}]}},"df_price":"","df_sale_price":"","df_regular_price":"","df_image_link":"https:\/\/koningdrone.be\/wp-content\/uploads\/sites\/13\/2025\/04\/4895251604451-1-300x300.jpg","_links":{"self":[{"href":"https:\/\/koningdrone.be\/es\/wp-json\/wp\/v2\/product\/4902","targetHints":{"allow":["GET"]}}],"collection":[{"href":"https:\/\/koningdrone.be\/es\/wp-json\/wp\/v2\/product"}],"about":[{"href":"https:\/\/koningdrone.be\/es\/wp-json\/wp\/v2\/types\/product"}],"wp:featuredmedia":[{"embeddable":true,"href":"https:\/\/koningdrone.be\/es\/wp-json\/wp\/v2\/media\/4900"}],"wp:attachment":[{"href":"https:\/\/koningdrone.be\/es\/wp-json\/wp\/v2\/media?parent=4902"}],"wp:term":[{"taxonomy":"product_brand","embeddable":true,"href":"https:\/\/koningdrone.be\/es\/wp-json\/wp\/v2\/product_brand?post=4902"},{"taxonomy":"product_cat","embeddable":true,"href":"https:\/\/koningdrone.be\/es\/wp-json\/wp\/v2\/product_cat?post=4902"},{"taxonomy":"product_tag","embeddable":true,"href":"https:\/\/koningdrone.be\/es\/wp-json\/wp\/v2\/product_tag?post=4902"}],"curies":[{"name":"wp","href":"https:\/\/api.w.org\/{rel}","templated":true}]}}