{"id":4889,"date":"2023-04-17T13:46:35","date_gmt":"2023-04-17T11:46:35","guid":{"rendered":"https:\/\/koningdrone.nl\/kon\/product\/ecoflow-relay-module-13a\/"},"modified":"2026-04-29T16:30:51","modified_gmt":"2026-04-29T14:30:51","slug":"ecoflow-relay-module-13a","status":"publish","type":"product","link":"https:\/\/koningdrone.be\/es\/producto\/ecoflow-relay-module-13a\/","title":{"rendered":"M\u00f3dulo rel\u00e9 EcoFlow (13A)"},"content":{"rendered":"<p><strong>Caracter\u00edsticas del m\u00f3dulo de rel\u00e9 EcoFlow<\/strong><\/p>\n<p>El m\u00f3dulo de rel\u00e9s EcoFlow (13 A) est\u00e1 dise\u00f1ado para proporcionar la m\u00e1xima diversidad al conectar hasta diez circuitos para el suministro el\u00e9ctrico de emergencia de su hogar. Los diferentes amperajes le permiten conectar diversos dispositivos.<\/p>\n<p><strong>F\u00e1cil instalaci\u00f3n y sustituci\u00f3n<\/strong><\/p>\n<p>La instalaci\u00f3n y sustituci\u00f3n de los m\u00f3dulos de rel\u00e9 es sencilla y puede realizarse consultando a un electricista. Es esencial determinar las cargas de alimentaci\u00f3n de emergencia para un funcionamiento \u00f3ptimo.<\/p>\n<p><strong>Protecci\u00f3n y notificaciones<\/strong><\/p>\n<p>Cada m\u00f3dulo cuenta con dos m\u00f3dulos y protecci\u00f3n contra sobrecorriente para cada circuito, lo que permite realizar una sustituci\u00f3n sin afectar a otros circuitos. Cuando se sustituye un m\u00f3dulo de rel\u00e9, se le mantiene informado de cualquier error a trav\u00e9s de la aplicaci\u00f3n EcoFlow y la pantalla LED de la unidad.<\/p>\n<p><\/p>","protected":false},"excerpt":{"rendered":"<ul>\n<li>Planificaci\u00f3n de cargas: con un m\u00f3dulo dom\u00e9stico inteligente, las cargas se instalan espec\u00edficamente donde son m\u00e1s eficaces en caso de corte del suministro el\u00e9ctrico o de gesti\u00f3n del ahorro energ\u00e9tico. Tenga en cuenta las \u00e1reas que afectar\u00edan significativamente al confort, como: B. frigor\u00edfico e iluminaci\u00f3n, y seleccione hasta diez cargas espec\u00edficas en su red en funci\u00f3n de la eficiencia de la carga<\/li>\n<li>Registre los datos de carga: Determine el n\u00famero y la intensidad nominal de los circuitos de carga que desea conectar. P\u00f3ngase en contacto con su electricista si necesita ayuda<\/li>\n<li>Determinar los m\u00f3dulos de rel\u00e9 necesarios: seleccionar el m\u00f3dulo de rel\u00e9 correspondiente a la intensidad nominal del disyuntor aguas arriba del circuito de carga.<\/li>\n<\/ul>","protected":false},"featured_media":4883,"template":"","meta":{"_acf_changed":false},"product_brand":[],"product_cat":[97,245,415],"product_tag":[],"class_list":{"0":"post-4889","1":"product","2":"type-product","3":"status-publish","4":"has-post-thumbnail","6":"product_cat-alle-producten","7":"product_cat-ecoflow","8":"product_cat-energy","9":"product_shipping_class-outofstock","10":"pa_brand-ecoflow","11":"pa_productfamily-relay","12":"pa_producttype-relay","14":"first","15":"outofstock","16":"taxable","17":"shipping-taxable","18":"purchasable","19":"product-type-simple"},"acf":[],"yoast_head":"<!-- This site is optimized with the Yoast SEO Premium plugin v27.2 (Yoast SEO v27.2) - https:\/\/yoast.com\/product\/yoast-seo-premium-wordpress\/ -->\n<title>EcoFlow Relay Module (13A) - koningdrone.be<\/title>\n<meta name=\"robots\" content=\"index, follow, max-snippet:-1, max-image-preview:large, max-video-preview:-1\" \/>\n<link rel=\"canonical\" href=\"https:\/\/koningdrone.be\/es\/producto\/ecoflow-relay-module-13a\/\" \/>\n<meta property=\"og:locale\" content=\"es_ES\" \/>\n<meta property=\"og:type\" content=\"article\" \/>\n<meta property=\"og:title\" content=\"EcoFlow Relay Module (13A)\" \/>\n<meta property=\"og:description\" content=\"Belastingplanning: met een smart home-module worden belastingen specifiek daar ge\u00efnstalleerd waar ze het meest effectief zijn in het geval van stroomuitval of energiebesparend beheer. Overweeg gebieden die het comfort aanzienlijk zouden be\u00efnvloeden, zoals: B. koelkast en verlichting, en selecteer op basis van belastingeffici\u00ebntie maximaal tien specifieke belastingen in uw elektriciteitsnetLeg belastingsgegevens vast: Bepaal het aantal en de stroomsterkte van de belastingscircuits die u wilt aansluiten. Neem contact op met uw elektricien als u hulp nodig heeftBepaal de vereiste relaismodules: selecteer de relaismodule die overeenkomt met de stroomsterkte van de stroomonderbreker stroomopwaarts van het belastingscircuit\" \/>\n<meta property=\"og:url\" content=\"https:\/\/koningdrone.be\/es\/producto\/ecoflow-relay-module-13a\/\" \/>\n<meta property=\"og:site_name\" content=\"koningdrone.be\" \/>\n<meta property=\"article:modified_time\" content=\"2026-04-29T14:30:51+00:00\" \/>\n<meta property=\"og:image\" content=\"https:\/\/koningdrone.be\/wp-content\/uploads\/sites\/13\/2025\/04\/4897082667650-1.jpg\" \/>\n\t<meta property=\"og:image:width\" content=\"1000\" \/>\n\t<meta property=\"og:image:height\" content=\"1000\" \/>\n\t<meta property=\"og:image:type\" content=\"image\/jpeg\" \/>\n<meta name=\"twitter:card\" content=\"summary_large_image\" \/>\n<meta name=\"twitter:label1\" content=\"Tiempo de lectura\" \/>\n\t<meta name=\"twitter:data1\" content=\"1 minuto\" \/>\n<script type=\"application\/ld+json\" class=\"yoast-schema-graph\">{\"@context\":\"https:\/\/schema.org\",\"@graph\":[{\"@type\":\"WebPage\",\"@id\":\"https:\/\/koningdrone.be\/product\/ecoflow-relay-module-13a\/\",\"url\":\"https:\/\/koningdrone.be\/product\/ecoflow-relay-module-13a\/\",\"name\":\"EcoFlow Relay Module (13A) - koningdrone.be\",\"isPartOf\":{\"@id\":\"https:\/\/koningdrone.be\/#website\"},\"primaryImageOfPage\":{\"@id\":\"https:\/\/koningdrone.be\/product\/ecoflow-relay-module-13a\/#primaryimage\"},\"image\":{\"@id\":\"https:\/\/koningdrone.be\/product\/ecoflow-relay-module-13a\/#primaryimage\"},\"thumbnailUrl\":\"https:\/\/koningdrone.be\/wp-content\/uploads\/sites\/13\/2025\/04\/4897082667650-1.jpg\",\"datePublished\":\"2023-04-17T11:46:35+00:00\",\"dateModified\":\"2026-04-29T14:30:51+00:00\",\"breadcrumb\":{\"@id\":\"https:\/\/koningdrone.be\/product\/ecoflow-relay-module-13a\/#breadcrumb\"},\"inLanguage\":\"es\",\"potentialAction\":[{\"@type\":\"ReadAction\",\"target\":[\"https:\/\/koningdrone.be\/product\/ecoflow-relay-module-13a\/\"]}]},{\"@type\":\"ImageObject\",\"inLanguage\":\"es\",\"@id\":\"https:\/\/koningdrone.be\/product\/ecoflow-relay-module-13a\/#primaryimage\",\"url\":\"https:\/\/koningdrone.be\/wp-content\/uploads\/sites\/13\/2025\/04\/4897082667650-1.jpg\",\"contentUrl\":\"https:\/\/koningdrone.be\/wp-content\/uploads\/sites\/13\/2025\/04\/4897082667650-1.jpg\",\"width\":1000,\"height\":1000},{\"@type\":\"BreadcrumbList\",\"@id\":\"https:\/\/koningdrone.be\/product\/ecoflow-relay-module-13a\/#breadcrumb\",\"itemListElement\":[{\"@type\":\"ListItem\",\"position\":1,\"name\":\"Home\",\"item\":\"https:\/\/koningdrone.be\/\"},{\"@type\":\"ListItem\",\"position\":2,\"name\":\"AVSS Parachute Recovery System for DJI Matrice 300\/350\",\"item\":\"https:\/\/koningdrone.be\/product\/avss-parachute-recovery-system-for-dji-matrice-300-350\/\"},{\"@type\":\"ListItem\",\"position\":3,\"name\":\"Alle producten\",\"item\":\"https:\/\/koningdrone.be\/categorie\/alle-producten\/\"},{\"@type\":\"ListItem\",\"position\":4,\"name\":\"EcoFlow Relay Module (13A)\"}]},{\"@type\":\"WebSite\",\"@id\":\"https:\/\/koningdrone.be\/#website\",\"url\":\"https:\/\/koningdrone.be\/\",\"name\":\"Koningdrone.be - Uw online specialist in drones, gimbals, camera's en power stations.\",\"description\":\"De webshop in drones en gimbals\",\"publisher\":{\"@id\":\"https:\/\/koningdrone.be\/#organization\"},\"potentialAction\":[{\"@type\":\"SearchAction\",\"target\":{\"@type\":\"EntryPoint\",\"urlTemplate\":\"https:\/\/koningdrone.be\/?s={search_term_string}\"},\"query-input\":{\"@type\":\"PropertyValueSpecification\",\"valueRequired\":true,\"valueName\":\"search_term_string\"}}],\"inLanguage\":\"es\"},{\"@type\":\"Organization\",\"@id\":\"https:\/\/koningdrone.be\/#organization\",\"name\":\"Koningdrone.be\",\"url\":\"https:\/\/koningdrone.be\/\",\"logo\":{\"@type\":\"ImageObject\",\"inLanguage\":\"es\",\"@id\":\"https:\/\/koningdrone.be\/#\/schema\/logo\/image\/\",\"url\":\"https:\/\/koningdrone.be\/wp-content\/uploads\/sites\/13\/2025\/04\/koningdrone-copyright-logo.svg\",\"contentUrl\":\"https:\/\/koningdrone.be\/wp-content\/uploads\/sites\/13\/2025\/04\/koningdrone-copyright-logo.svg\",\"width\":227,\"height\":38,\"caption\":\"Koningdrone.be\"},\"image\":{\"@id\":\"https:\/\/koningdrone.be\/#\/schema\/logo\/image\/\"}}]}<\/script>\n<!-- \/ Yoast SEO Premium plugin. -->","yoast_head_json":{"title":"EcoFlow Relay Module (13A) - koningdrone.be","robots":{"index":"index","follow":"follow","max-snippet":"max-snippet:-1","max-image-preview":"max-image-preview:large","max-video-preview":"max-video-preview:-1"},"canonical":"https:\/\/koningdrone.be\/es\/producto\/ecoflow-relay-module-13a\/","og_locale":"es_ES","og_type":"article","og_title":"EcoFlow Relay Module (13A)","og_description":"Belastingplanning: met een smart home-module worden belastingen specifiek daar ge\u00efnstalleerd waar ze het meest effectief zijn in het geval van stroomuitval of energiebesparend beheer. Overweeg gebieden die het comfort aanzienlijk zouden be\u00efnvloeden, zoals: B. koelkast en verlichting, en selecteer op basis van belastingeffici\u00ebntie maximaal tien specifieke belastingen in uw elektriciteitsnetLeg belastingsgegevens vast: Bepaal het aantal en de stroomsterkte van de belastingscircuits die u wilt aansluiten. Neem contact op met uw elektricien als u hulp nodig heeftBepaal de vereiste relaismodules: selecteer de relaismodule die overeenkomt met de stroomsterkte van de stroomonderbreker stroomopwaarts van het belastingscircuit","og_url":"https:\/\/koningdrone.be\/es\/producto\/ecoflow-relay-module-13a\/","og_site_name":"koningdrone.be","article_modified_time":"2026-04-29T14:30:51+00:00","og_image":[{"width":1000,"height":1000,"url":"https:\/\/koningdrone.be\/wp-content\/uploads\/sites\/13\/2025\/04\/4897082667650-1.jpg","type":"image\/jpeg"}],"twitter_card":"summary_large_image","twitter_misc":{"Tiempo de lectura":"1 minuto"},"schema":{"@context":"https:\/\/schema.org","@graph":[{"@type":"WebPage","@id":"https:\/\/koningdrone.be\/product\/ecoflow-relay-module-13a\/","url":"https:\/\/koningdrone.be\/product\/ecoflow-relay-module-13a\/","name":"EcoFlow Relay Module (13A) - koningdrone.be","isPartOf":{"@id":"https:\/\/koningdrone.be\/#website"},"primaryImageOfPage":{"@id":"https:\/\/koningdrone.be\/product\/ecoflow-relay-module-13a\/#primaryimage"},"image":{"@id":"https:\/\/koningdrone.be\/product\/ecoflow-relay-module-13a\/#primaryimage"},"thumbnailUrl":"https:\/\/koningdrone.be\/wp-content\/uploads\/sites\/13\/2025\/04\/4897082667650-1.jpg","datePublished":"2023-04-17T11:46:35+00:00","dateModified":"2026-04-29T14:30:51+00:00","breadcrumb":{"@id":"https:\/\/koningdrone.be\/product\/ecoflow-relay-module-13a\/#breadcrumb"},"inLanguage":"es","potentialAction":[{"@type":"ReadAction","target":["https:\/\/koningdrone.be\/product\/ecoflow-relay-module-13a\/"]}]},{"@type":"ImageObject","inLanguage":"es","@id":"https:\/\/koningdrone.be\/product\/ecoflow-relay-module-13a\/#primaryimage","url":"https:\/\/koningdrone.be\/wp-content\/uploads\/sites\/13\/2025\/04\/4897082667650-1.jpg","contentUrl":"https:\/\/koningdrone.be\/wp-content\/uploads\/sites\/13\/2025\/04\/4897082667650-1.jpg","width":1000,"height":1000},{"@type":"BreadcrumbList","@id":"https:\/\/koningdrone.be\/product\/ecoflow-relay-module-13a\/#breadcrumb","itemListElement":[{"@type":"ListItem","position":1,"name":"Home","item":"https:\/\/koningdrone.be\/"},{"@type":"ListItem","position":2,"name":"AVSS Parachute Recovery System for DJI Matrice 300\/350","item":"https:\/\/koningdrone.be\/product\/avss-parachute-recovery-system-for-dji-matrice-300-350\/"},{"@type":"ListItem","position":3,"name":"Alle producten","item":"https:\/\/koningdrone.be\/categorie\/alle-producten\/"},{"@type":"ListItem","position":4,"name":"EcoFlow Relay Module (13A)"}]},{"@type":"WebSite","@id":"https:\/\/koningdrone.be\/#website","url":"https:\/\/koningdrone.be\/","name":"Koningdrone.be - Su especialista en l\u00ednea en drones, cardanes, c\u00e1maras y centrales el\u00e9ctricas.","description":"La tienda virtual de drones y cardanes","publisher":{"@id":"https:\/\/koningdrone.be\/#organization"},"potentialAction":[{"@type":"SearchAction","target":{"@type":"EntryPoint","urlTemplate":"https:\/\/koningdrone.be\/?s={search_term_string}"},"query-input":{"@type":"PropertyValueSpecification","valueRequired":true,"valueName":"search_term_string"}}],"inLanguage":"es"},{"@type":"Organization","@id":"https:\/\/koningdrone.be\/#organization","name":"Kingdrone.es","url":"https:\/\/koningdrone.be\/","logo":{"@type":"ImageObject","inLanguage":"es","@id":"https:\/\/koningdrone.be\/#\/schema\/logo\/image\/","url":"https:\/\/koningdrone.be\/wp-content\/uploads\/sites\/13\/2025\/04\/koningdrone-copyright-logo.svg","contentUrl":"https:\/\/koningdrone.be\/wp-content\/uploads\/sites\/13\/2025\/04\/koningdrone-copyright-logo.svg","width":227,"height":38,"caption":"Koningdrone.be"},"image":{"@id":"https:\/\/koningdrone.be\/#\/schema\/logo\/image\/"}}]}},"df_price":39,"df_sale_price":"","df_regular_price":39,"df_image_link":"https:\/\/koningdrone.be\/wp-content\/uploads\/sites\/13\/2025\/04\/4897082667650-1-300x300.jpg","_links":{"self":[{"href":"https:\/\/koningdrone.be\/es\/wp-json\/wp\/v2\/product\/4889","targetHints":{"allow":["GET"]}}],"collection":[{"href":"https:\/\/koningdrone.be\/es\/wp-json\/wp\/v2\/product"}],"about":[{"href":"https:\/\/koningdrone.be\/es\/wp-json\/wp\/v2\/types\/product"}],"wp:featuredmedia":[{"embeddable":true,"href":"https:\/\/koningdrone.be\/es\/wp-json\/wp\/v2\/media\/4883"}],"wp:attachment":[{"href":"https:\/\/koningdrone.be\/es\/wp-json\/wp\/v2\/media?parent=4889"}],"wp:term":[{"taxonomy":"product_brand","embeddable":true,"href":"https:\/\/koningdrone.be\/es\/wp-json\/wp\/v2\/product_brand?post=4889"},{"taxonomy":"product_cat","embeddable":true,"href":"https:\/\/koningdrone.be\/es\/wp-json\/wp\/v2\/product_cat?post=4889"},{"taxonomy":"product_tag","embeddable":true,"href":"https:\/\/koningdrone.be\/es\/wp-json\/wp\/v2\/product_tag?post=4889"}],"curies":[{"name":"wp","href":"https:\/\/api.w.org\/{rel}","templated":true}]}}