{"id":4865,"date":"2023-04-17T13:46:35","date_gmt":"2023-04-17T11:46:35","guid":{"rendered":"https:\/\/koningdrone.nl\/kon\/product\/ecoflow-independence-kit\/"},"modified":"2026-04-29T16:50:28","modified_gmt":"2026-04-29T14:50:28","slug":"ecoflow-independence-kit","status":"publish","type":"product","link":"https:\/\/koningdrone.be\/es\/producto\/ecoflow-independence-kit\/","title":{"rendered":"Kit de independencia EcoFlow"},"content":{"rendered":"<p>El EcoFlow Independence Kit ofrece un sistema integrado de independencia energ\u00e9tica que combina sencillez, inteligencia y compacidad. Este sistema plug-and-play es f\u00e1cil de instalar y utilizar, con funciones inteligentes y un tama\u00f1o compacto adecuado tanto para edificios residenciales fijos como para remolques de coches.<\/p>\n<p><strong>Cubo central y bater\u00eda<\/strong> <\/p>\n<p>Cada EcoFlow Power Kit incluye un concentrador central para todas las entradas y salidas, junto con una bater\u00eda LFP EcoFlow de 2kWh o 5kWh. El Power Hub est\u00e1 equipado con 2 reguladores de carga solar MPPT, un cargador MPPT, un convertidor DC buck y un cargador inversor.<\/p>\n<p><strong>Aplicaciones e instalaci\u00f3n<\/strong> <\/p>\n<p>Estos sistemas Power Kit pueden instalarse en diversas aplicaciones, como furgonetas y entornos dom\u00e9sticos. En el caso de las furgonetas, los sistemas pueden adaptarse a los par\u00e1metros del veh\u00edculo y a las necesidades energ\u00e9ticas, mientras que en los entornos dom\u00e9sticos pueden elegirse e instalarse distintos kits, desde peque\u00f1as casas de campo hasta hogares m\u00e1s grandes sin conexi\u00f3n a la red el\u00e9ctrica.<\/p>\n<p><strong>Capacidades y combinaciones de pilas<\/strong> <\/p>\n<p>EcoFlow ofrece una amplia gama de bater\u00edas con distintas capacidades, desde 2 kWh hasta 15 kWh, que pueden combinarse y seleccionarse f\u00e1cilmente seg\u00fan las necesidades personales. Todos los packs de bater\u00edas incorporan un sistema de gesti\u00f3n de la energ\u00eda (BMS) y una funci\u00f3n de calentamiento autom\u00e1tico para su uso en condiciones de fr\u00edo.<\/p>\n<p><strong>Opciones de carga<\/strong> <\/p>\n<p>La carga del sistema puede realizarse de tres formas distintas: mediante paneles solares EcoFlow flexibles o r\u00edgidos, un alternador de 1.000 W o a trav\u00e9s de una fuente de alimentaci\u00f3n externa o un cargador de coche.<\/p>\n<p><strong>Ahorro de espacio y control inteligente<\/strong> <\/p>\n<p>Dise\u00f1ados para ahorrar espacio, los Power Kits cuentan con cables finos y bater\u00edas compactas para que puedan ocultarse f\u00e1cilmente en un armario o debajo de un asiento. El sistema ofrece un control inteligente a trav\u00e9s de una aplicaci\u00f3n m\u00f3vil espec\u00edfica, que permite a los usuarios realizar un seguimiento del estado del dispositivo y de la alimentaci\u00f3n, ajustar la configuraci\u00f3n y recibir notificaciones en tiempo real.<\/p>\n<p><strong>Soluci\u00f3n de alimentaci\u00f3n segura<\/strong> <\/p>\n<p>Otra ventaja del kit EcoFlow Independence es que ofrece una soluci\u00f3n de alimentaci\u00f3n segura de 48 V, lo que se traduce en una menor p\u00e9rdida de calor y energ\u00eda en comparaci\u00f3n con los sistemas de 12 V.<\/p>\n<p><\/p>","protected":false},"excerpt":{"rendered":"<ul>\n<li>DIMENSIONES: 480\u00d7140\u00d7300 mm<\/li>\n<li>PESO: 14 kg<\/li>\n<li>Temperatura de funcionamiento: -25\u00b0C a 60\u00b0C<\/li>\n<li>TEMPERATURA DE ALMACENAMIENTO: -25\u00b0C a 60\u00b0C<\/li>\n<li>ENTRADA DE CA: potencia m\u00e1xima de 3000 W, corriente m\u00e1xima de 30 A, compatible con la tecnolog\u00eda EcoFlow X-Stream<\/li>\n<li>SALIDA CC: 13,6 V 70 A, potencia m\u00e1xima: 1000 W o 26,4 V 60 A, potencia m\u00e1xima: 1600 W<\/li>\n<li>CONEXIONES: WiFi (&lt;120m), Bluetooth (&lt;15m)<\/li>\n<li>SALIDA CA PRINCIPAL: onda sinusoidal pura, 3600 W (7200 W pico, 100 ms), 120 V, 60 Hz; Reducci\u00f3n lineal de potencia hasta 1800 W a temperatura ambiente de 40\u2103 a 60\u2103; Reducci\u00f3n de potencia hasta 3000 W a tensi\u00f3n de bater\u00eda &lt; 49 V.<\/li>\n<li>SALIDA DE C.A. EST\u00c1NDAR: 120V 20A<\/li>\n<li>SALIDA M\u00c1XIMA DE C.A. SOPORTADA POR X-BOOST: 5200 W<\/li>\n<li>TENSI\u00d3N DE ENTRADA DE CA: 100-120 V, 50\/60 Hz<\/li>\n<li>ENTRADA GENERADOR 2\/3: 13-60 V 30 A, potencia m\u00e1xima: 1600 W<\/li>\n<li>ENTRADA SOLAR 2\/3: 15-60V 30A, potencia m\u00e1xima: 1600 W<\/li>\n<li>ENTRADA GENERADOR 1: 13-60 V 60 A, potencia m\u00e1xima: 1600 W<\/li>\n<li>ENTRADA SOLAR 1: 15-60V 30A, potencia m\u00e1xima: 1600 W<\/li>\n<li>PUERTO DE BATER\u00cdA: 3 puertos, 40-60V 100A, admite hasta tres bater\u00edas LFP de 2kWh o 5kWh que se venden por separado. (No se recomienda utilizar un Power Hub al mismo tiempo con EFM100-BPB y EFM100-BP).<\/li>\n<\/ul>","protected":false},"featured_media":4864,"template":"","meta":{"_acf_changed":false},"product_brand":[],"product_cat":[97,245,415,198],"product_tag":[],"class_list":{"0":"post-4865","1":"product","2":"type-product","3":"status-publish","4":"has-post-thumbnail","6":"product_cat-alle-producten","7":"product_cat-ecoflow","8":"product_cat-energy","9":"product_cat-zonnepanelen","10":"product_shipping_class-outofstock","11":"pa_brand-ecoflow","12":"pa_productfamily-zonnepaneel-kit","13":"pa_producttype-zonnepaneel-kit","14":"pa_series-ecoflow","16":"first","17":"outofstock","18":"taxable","19":"shipping-taxable","20":"purchasable","21":"product-type-simple"},"acf":[],"yoast_head":"<!-- This site is optimized with the Yoast SEO Premium plugin v27.2 (Yoast SEO v27.2) - https:\/\/yoast.com\/product\/yoast-seo-premium-wordpress\/ -->\n<title>EcoFlow Independence Kit - koningdrone.be<\/title>\n<meta name=\"robots\" content=\"index, follow, max-snippet:-1, max-image-preview:large, max-video-preview:-1\" \/>\n<link rel=\"canonical\" href=\"https:\/\/koningdrone.be\/es\/producto\/ecoflow-independence-kit\/\" \/>\n<meta property=\"og:locale\" content=\"es_ES\" \/>\n<meta property=\"og:type\" content=\"article\" \/>\n<meta property=\"og:title\" content=\"EcoFlow Independence Kit\" \/>\n<meta property=\"og:description\" content=\"AFMETINGEN: 480\u00d7140\u00d7300 mmGEWICHT: 14 kgBEDRIJFSTEMPERATUURBEREIK: -25\u00b0C tot 60\u00b0COPSLAGTEMPERATUURBEREIK: -25\u00b0C tot 60\u00b0CAC-INGANG: Max. vermogen 3000 W, max. stroom 30 A, met ondersteuning voor EcoFlow X-Stream-technologieDC-UITGANG: 13,6 V 70 A, max. vermogen: 1000 W of 26,4 V 60 A, max. vermogen: 1600 WVERBINDINGEN: WiFi (&lt;120m), Bluetooth (&lt;15m)HOOFD AC-UITGANG: zuivere sinusgolf, 3600 W (7200 W piek, 100 ms), 120 V, 60 Hz; Lineaire vermogensreductie tot 1800W bij omgevingstemperatuur van 40\u2103 tot 60\u2103; Vermogensreductie tot 3000 W bij accuspanning &lt; 49 VSTANDAARD AC-UITGANG: 120V 20AMAXIMALE AC-OUTPUT ONDERSTEUND DOOR X-BOOST: 5200 WAC-INGANGSPANNING: 100-120V, 50\/60HzGENERATOR-INGANG 2\/3: 13-60 V 30 A, max. vermogen: 1600 WZONNE-INGANG 2\/3: 15-60V 30A, max. vermogen: 1600 WGENERATOR INGANG 1: 13-60 V 60 A, max. vermogen: 1600 WZONNE-INGANG 1: 15-60V 30A, max. vermogen: 1600 WBATTERIJPOORT: 3 poorten, 40-60V 100A, ondersteunt tot drie 2kWh of 5kWh LFP-batterijen die afzonderlijk worden verkocht. (Het wordt niet aanbevolen om \u00e9\u00e9n Power Hub tegelijkertijd met EFM100-BPB en EFM100-BP te gebruiken)\" \/>\n<meta property=\"og:url\" content=\"https:\/\/koningdrone.be\/es\/producto\/ecoflow-independence-kit\/\" \/>\n<meta property=\"og:site_name\" content=\"koningdrone.be\" \/>\n<meta property=\"article:modified_time\" content=\"2026-04-29T14:50:28+00:00\" \/>\n<meta property=\"og:image\" content=\"https:\/\/koningdrone.be\/wp-content\/uploads\/sites\/13\/2025\/04\/4895251600613.jpg\" \/>\n\t<meta property=\"og:image:width\" content=\"540\" \/>\n\t<meta property=\"og:image:height\" content=\"540\" \/>\n\t<meta property=\"og:image:type\" content=\"image\/jpeg\" \/>\n<meta name=\"twitter:card\" content=\"summary_large_image\" \/>\n<meta name=\"twitter:label1\" content=\"Tiempo de lectura\" \/>\n\t<meta name=\"twitter:data1\" content=\"2 minutos\" \/>\n<script type=\"application\/ld+json\" class=\"yoast-schema-graph\">{\"@context\":\"https:\/\/schema.org\",\"@graph\":[{\"@type\":\"WebPage\",\"@id\":\"https:\/\/koningdrone.be\/product\/ecoflow-independence-kit\/\",\"url\":\"https:\/\/koningdrone.be\/product\/ecoflow-independence-kit\/\",\"name\":\"EcoFlow Independence Kit - koningdrone.be\",\"isPartOf\":{\"@id\":\"https:\/\/koningdrone.be\/#website\"},\"primaryImageOfPage\":{\"@id\":\"https:\/\/koningdrone.be\/product\/ecoflow-independence-kit\/#primaryimage\"},\"image\":{\"@id\":\"https:\/\/koningdrone.be\/product\/ecoflow-independence-kit\/#primaryimage\"},\"thumbnailUrl\":\"https:\/\/koningdrone.be\/wp-content\/uploads\/sites\/13\/2025\/04\/4895251600613.jpg\",\"datePublished\":\"2023-04-17T11:46:35+00:00\",\"dateModified\":\"2026-04-29T14:50:28+00:00\",\"breadcrumb\":{\"@id\":\"https:\/\/koningdrone.be\/product\/ecoflow-independence-kit\/#breadcrumb\"},\"inLanguage\":\"es\",\"potentialAction\":[{\"@type\":\"ReadAction\",\"target\":[\"https:\/\/koningdrone.be\/product\/ecoflow-independence-kit\/\"]}]},{\"@type\":\"ImageObject\",\"inLanguage\":\"es\",\"@id\":\"https:\/\/koningdrone.be\/product\/ecoflow-independence-kit\/#primaryimage\",\"url\":\"https:\/\/koningdrone.be\/wp-content\/uploads\/sites\/13\/2025\/04\/4895251600613.jpg\",\"contentUrl\":\"https:\/\/koningdrone.be\/wp-content\/uploads\/sites\/13\/2025\/04\/4895251600613.jpg\",\"width\":540,\"height\":540},{\"@type\":\"BreadcrumbList\",\"@id\":\"https:\/\/koningdrone.be\/product\/ecoflow-independence-kit\/#breadcrumb\",\"itemListElement\":[{\"@type\":\"ListItem\",\"position\":1,\"name\":\"Home\",\"item\":\"https:\/\/koningdrone.be\/\"},{\"@type\":\"ListItem\",\"position\":2,\"name\":\"AVSS Parachute Recovery System for DJI Matrice 300\/350\",\"item\":\"https:\/\/koningdrone.be\/product\/avss-parachute-recovery-system-for-dji-matrice-300-350\/\"},{\"@type\":\"ListItem\",\"position\":3,\"name\":\"Alle producten\",\"item\":\"https:\/\/koningdrone.be\/categorie\/alle-producten\/\"},{\"@type\":\"ListItem\",\"position\":4,\"name\":\"EcoFlow Independence Kit\"}]},{\"@type\":\"WebSite\",\"@id\":\"https:\/\/koningdrone.be\/#website\",\"url\":\"https:\/\/koningdrone.be\/\",\"name\":\"Koningdrone.be - Uw online specialist in drones, gimbals, camera's en power stations.\",\"description\":\"De webshop in drones en gimbals\",\"publisher\":{\"@id\":\"https:\/\/koningdrone.be\/#organization\"},\"potentialAction\":[{\"@type\":\"SearchAction\",\"target\":{\"@type\":\"EntryPoint\",\"urlTemplate\":\"https:\/\/koningdrone.be\/?s={search_term_string}\"},\"query-input\":{\"@type\":\"PropertyValueSpecification\",\"valueRequired\":true,\"valueName\":\"search_term_string\"}}],\"inLanguage\":\"es\"},{\"@type\":\"Organization\",\"@id\":\"https:\/\/koningdrone.be\/#organization\",\"name\":\"Koningdrone.be\",\"url\":\"https:\/\/koningdrone.be\/\",\"logo\":{\"@type\":\"ImageObject\",\"inLanguage\":\"es\",\"@id\":\"https:\/\/koningdrone.be\/#\/schema\/logo\/image\/\",\"url\":\"https:\/\/koningdrone.be\/wp-content\/uploads\/sites\/13\/2025\/04\/koningdrone-copyright-logo.svg\",\"contentUrl\":\"https:\/\/koningdrone.be\/wp-content\/uploads\/sites\/13\/2025\/04\/koningdrone-copyright-logo.svg\",\"width\":227,\"height\":38,\"caption\":\"Koningdrone.be\"},\"image\":{\"@id\":\"https:\/\/koningdrone.be\/#\/schema\/logo\/image\/\"}}]}<\/script>\n<!-- \/ Yoast SEO Premium plugin. -->","yoast_head_json":{"title":"EcoFlow Independence Kit - koningdrone.be","robots":{"index":"index","follow":"follow","max-snippet":"max-snippet:-1","max-image-preview":"max-image-preview:large","max-video-preview":"max-video-preview:-1"},"canonical":"https:\/\/koningdrone.be\/es\/producto\/ecoflow-independence-kit\/","og_locale":"es_ES","og_type":"article","og_title":"EcoFlow Independence Kit","og_description":"AFMETINGEN: 480\u00d7140\u00d7300 mmGEWICHT: 14 kgBEDRIJFSTEMPERATUURBEREIK: -25\u00b0C tot 60\u00b0COPSLAGTEMPERATUURBEREIK: -25\u00b0C tot 60\u00b0CAC-INGANG: Max. vermogen 3000 W, max. stroom 30 A, met ondersteuning voor EcoFlow X-Stream-technologieDC-UITGANG: 13,6 V 70 A, max. vermogen: 1000 W of 26,4 V 60 A, max. vermogen: 1600 WVERBINDINGEN: WiFi (&lt;120m), Bluetooth (&lt;15m)HOOFD AC-UITGANG: zuivere sinusgolf, 3600 W (7200 W piek, 100 ms), 120 V, 60 Hz; Lineaire vermogensreductie tot 1800W bij omgevingstemperatuur van 40\u2103 tot 60\u2103; Vermogensreductie tot 3000 W bij accuspanning &lt; 49 VSTANDAARD AC-UITGANG: 120V 20AMAXIMALE AC-OUTPUT ONDERSTEUND DOOR X-BOOST: 5200 WAC-INGANGSPANNING: 100-120V, 50\/60HzGENERATOR-INGANG 2\/3: 13-60 V 30 A, max. vermogen: 1600 WZONNE-INGANG 2\/3: 15-60V 30A, max. vermogen: 1600 WGENERATOR INGANG 1: 13-60 V 60 A, max. vermogen: 1600 WZONNE-INGANG 1: 15-60V 30A, max. vermogen: 1600 WBATTERIJPOORT: 3 poorten, 40-60V 100A, ondersteunt tot drie 2kWh of 5kWh LFP-batterijen die afzonderlijk worden verkocht. (Het wordt niet aanbevolen om \u00e9\u00e9n Power Hub tegelijkertijd met EFM100-BPB en EFM100-BP te gebruiken)","og_url":"https:\/\/koningdrone.be\/es\/producto\/ecoflow-independence-kit\/","og_site_name":"koningdrone.be","article_modified_time":"2026-04-29T14:50:28+00:00","og_image":[{"width":540,"height":540,"url":"https:\/\/koningdrone.be\/wp-content\/uploads\/sites\/13\/2025\/04\/4895251600613.jpg","type":"image\/jpeg"}],"twitter_card":"summary_large_image","twitter_misc":{"Tiempo de lectura":"2 minutos"},"schema":{"@context":"https:\/\/schema.org","@graph":[{"@type":"WebPage","@id":"https:\/\/koningdrone.be\/product\/ecoflow-independence-kit\/","url":"https:\/\/koningdrone.be\/product\/ecoflow-independence-kit\/","name":"EcoFlow Independence Kit - koningdrone.be","isPartOf":{"@id":"https:\/\/koningdrone.be\/#website"},"primaryImageOfPage":{"@id":"https:\/\/koningdrone.be\/product\/ecoflow-independence-kit\/#primaryimage"},"image":{"@id":"https:\/\/koningdrone.be\/product\/ecoflow-independence-kit\/#primaryimage"},"thumbnailUrl":"https:\/\/koningdrone.be\/wp-content\/uploads\/sites\/13\/2025\/04\/4895251600613.jpg","datePublished":"2023-04-17T11:46:35+00:00","dateModified":"2026-04-29T14:50:28+00:00","breadcrumb":{"@id":"https:\/\/koningdrone.be\/product\/ecoflow-independence-kit\/#breadcrumb"},"inLanguage":"es","potentialAction":[{"@type":"ReadAction","target":["https:\/\/koningdrone.be\/product\/ecoflow-independence-kit\/"]}]},{"@type":"ImageObject","inLanguage":"es","@id":"https:\/\/koningdrone.be\/product\/ecoflow-independence-kit\/#primaryimage","url":"https:\/\/koningdrone.be\/wp-content\/uploads\/sites\/13\/2025\/04\/4895251600613.jpg","contentUrl":"https:\/\/koningdrone.be\/wp-content\/uploads\/sites\/13\/2025\/04\/4895251600613.jpg","width":540,"height":540},{"@type":"BreadcrumbList","@id":"https:\/\/koningdrone.be\/product\/ecoflow-independence-kit\/#breadcrumb","itemListElement":[{"@type":"ListItem","position":1,"name":"Home","item":"https:\/\/koningdrone.be\/"},{"@type":"ListItem","position":2,"name":"AVSS Parachute Recovery System for DJI Matrice 300\/350","item":"https:\/\/koningdrone.be\/product\/avss-parachute-recovery-system-for-dji-matrice-300-350\/"},{"@type":"ListItem","position":3,"name":"Alle producten","item":"https:\/\/koningdrone.be\/categorie\/alle-producten\/"},{"@type":"ListItem","position":4,"name":"EcoFlow Independence Kit"}]},{"@type":"WebSite","@id":"https:\/\/koningdrone.be\/#website","url":"https:\/\/koningdrone.be\/","name":"Koningdrone.be - Su especialista en l\u00ednea en drones, cardanes, c\u00e1maras y centrales el\u00e9ctricas.","description":"La tienda virtual de drones y cardanes","publisher":{"@id":"https:\/\/koningdrone.be\/#organization"},"potentialAction":[{"@type":"SearchAction","target":{"@type":"EntryPoint","urlTemplate":"https:\/\/koningdrone.be\/?s={search_term_string}"},"query-input":{"@type":"PropertyValueSpecification","valueRequired":true,"valueName":"search_term_string"}}],"inLanguage":"es"},{"@type":"Organization","@id":"https:\/\/koningdrone.be\/#organization","name":"Kingdrone.es","url":"https:\/\/koningdrone.be\/","logo":{"@type":"ImageObject","inLanguage":"es","@id":"https:\/\/koningdrone.be\/#\/schema\/logo\/image\/","url":"https:\/\/koningdrone.be\/wp-content\/uploads\/sites\/13\/2025\/04\/koningdrone-copyright-logo.svg","contentUrl":"https:\/\/koningdrone.be\/wp-content\/uploads\/sites\/13\/2025\/04\/koningdrone-copyright-logo.svg","width":227,"height":38,"caption":"Koningdrone.be"},"image":{"@id":"https:\/\/koningdrone.be\/#\/schema\/logo\/image\/"}}]}},"df_price":2999,"df_sale_price":"","df_regular_price":2999,"df_image_link":"https:\/\/koningdrone.be\/wp-content\/uploads\/sites\/13\/2025\/04\/4895251600613-300x300.jpg","_links":{"self":[{"href":"https:\/\/koningdrone.be\/es\/wp-json\/wp\/v2\/product\/4865","targetHints":{"allow":["GET"]}}],"collection":[{"href":"https:\/\/koningdrone.be\/es\/wp-json\/wp\/v2\/product"}],"about":[{"href":"https:\/\/koningdrone.be\/es\/wp-json\/wp\/v2\/types\/product"}],"wp:featuredmedia":[{"embeddable":true,"href":"https:\/\/koningdrone.be\/es\/wp-json\/wp\/v2\/media\/4864"}],"wp:attachment":[{"href":"https:\/\/koningdrone.be\/es\/wp-json\/wp\/v2\/media?parent=4865"}],"wp:term":[{"taxonomy":"product_brand","embeddable":true,"href":"https:\/\/koningdrone.be\/es\/wp-json\/wp\/v2\/product_brand?post=4865"},{"taxonomy":"product_cat","embeddable":true,"href":"https:\/\/koningdrone.be\/es\/wp-json\/wp\/v2\/product_cat?post=4865"},{"taxonomy":"product_tag","embeddable":true,"href":"https:\/\/koningdrone.be\/es\/wp-json\/wp\/v2\/product_tag?post=4865"}],"curies":[{"name":"wp","href":"https:\/\/api.w.org\/{rel}","templated":true}]}}