{"id":4863,"date":"2023-04-17T13:46:35","date_gmt":"2023-04-17T11:46:35","guid":{"rendered":"https:\/\/koningdrone.nl\/kon\/product\/ecoflow-glacier-battery\/"},"modified":"2026-04-29T04:20:02","modified_gmt":"2026-04-29T02:20:02","slug":"ecoflow-glacier-battery","status":"publish","type":"product","link":"https:\/\/koningdrone.be\/es\/producto\/ecoflow-glacier-battery\/","title":{"rendered":"Bater\u00eda EcoFlow Glacier"},"content":{"rendered":"<p><strong>Ventajas de la bater\u00eda EcoFlow Glacier<\/strong><\/p>\n<p>La bater\u00eda EcoFlow Glacier garantiza un suministro de energ\u00eda constante para su frigor\u00edfico, manteniendo sus alimentos frescos incluso en situaciones de emergencia. Esta bater\u00eda tiene una capacidad impresionante y ofrece capacidades de carga r\u00e1pida, por lo que es ideal para su uso al aire libre, en campamentos o durante cortes de energ\u00eda. El dise\u00f1o port\u00e1til hace que sea f\u00e1cil llevar la bater\u00eda con usted, mientras que la construcci\u00f3n duradera garantiza un rendimiento fiable donde quiera que est\u00e9.<\/p>\n<p><strong>Rendimiento duradero y fiable<\/strong><\/p>\n<p>La bater\u00eda EcoFlow Glacier se ha dise\u00f1ado pensando en la durabilidad y la fiabilidad. La bater\u00eda puede soportar condiciones duras y proporcionar siempre la energ\u00eda que su frigor\u00edfico necesita. Tanto si se va de acampada como si se queda sin electricidad, con la bater\u00eda EcoFlow Glacier no tendr\u00e1 que preocuparse de que los alimentos se estropeen en la nevera.<\/p>\n<p><strong>F\u00e1cil de transportar<\/strong><\/p>\n<p>Gracias al dise\u00f1o port\u00e1til de la bater\u00eda EcoFlow Glacier, podr\u00e1 llevarla f\u00e1cilmente con usted dondequiera que le lleven su aventura o las circunstancias. Tanto si se va de acampada, realiza un largo viaje por carretera o simplemente est\u00e1 en casa, esta bater\u00eda le ofrece la flexibilidad de disponer de una fuente de alimentaci\u00f3n fiable para su nevera en cualquier lugar y en cualquier momento.<\/p>\n<p><strong>Conclusi\u00f3n<\/strong><\/p>\n<p>La bater\u00eda EcoFlow Glacier es la soluci\u00f3n ideal para mantener una fuente de alimentaci\u00f3n constante para su nevera, tanto en interiores como en exteriores. Con su impresionante capacidad, funciones de carga r\u00e1pida, construcci\u00f3n duradera y dise\u00f1o port\u00e1til, esta bater\u00eda es una compa\u00f1era fiable para emergencias, acampadas y apagones.<\/p>","protected":false},"excerpt":{"rendered":"<p>Voordelen van de EcoFlow Glacier-batterij Met de EcoFlow Glacier-batterij ben je verzekerd van een constante stroomvoorziening voor je koelkast, waardoor je eten vers blijft, zelfs in noodsituaties. Deze batterij heeft een indrukwekkende capaciteit en biedt snelle oplaadmogelijkheden, waardoor het ideaal is voor gebruik buitenshuis, op de camping of tijdens stroomstoringen. Het draagbare ontwerp maakt het [&hellip;]<\/p>\n","protected":false},"featured_media":4856,"template":"","meta":{"_acf_changed":false},"product_brand":[],"product_cat":[113,454,97,245,276,415,628],"product_tag":[],"class_list":{"0":"post-4863","1":"product","2":"type-product","3":"status-publish","4":"has-post-thumbnail","6":"product_cat-alle-batterijen","7":"product_cat-alle-powerstations","8":"product_cat-alle-producten","9":"product_cat-ecoflow","10":"product_cat-ecoflow-powerstations","11":"product_cat-energy","12":"product_cat-powerstations","13":"product_shipping_class-ingramall","14":"pa_brand-ecoflow","15":"pa_capaciteit-298wh","16":"pa_gewicht-19-kg","17":"pa_productfamily-batterij","18":"pa_producttype-batterij","19":"pa_series-glacier","21":"first","22":"instock","23":"taxable","24":"shipping-taxable","25":"purchasable","26":"product-type-simple"},"acf":[],"yoast_head":"<!-- This site is optimized with the Yoast SEO Premium plugin v27.2 (Yoast SEO v27.2) - https:\/\/yoast.com\/product\/yoast-seo-premium-wordpress\/ -->\n<title>EcoFlow Glacier Battery - koningdrone.be<\/title>\n<meta name=\"robots\" content=\"index, follow, max-snippet:-1, max-image-preview:large, max-video-preview:-1\" \/>\n<link rel=\"canonical\" href=\"https:\/\/koningdrone.be\/es\/producto\/ecoflow-glacier-battery\/\" \/>\n<meta property=\"og:locale\" content=\"es_ES\" \/>\n<meta property=\"og:type\" content=\"article\" \/>\n<meta property=\"og:title\" content=\"EcoFlow Glacier Battery\" \/>\n<meta property=\"og:description\" content=\"Voordelen van de EcoFlow Glacier-batterij Met de EcoFlow Glacier-batterij ben je verzekerd van een constante stroomvoorziening voor je koelkast, waardoor je eten vers blijft, zelfs in noodsituaties. Deze batterij heeft een indrukwekkende capaciteit en biedt snelle oplaadmogelijkheden, waardoor het ideaal is voor gebruik buitenshuis, op de camping of tijdens stroomstoringen. Het draagbare ontwerp maakt het [&hellip;]\" \/>\n<meta property=\"og:url\" content=\"https:\/\/koningdrone.be\/es\/producto\/ecoflow-glacier-battery\/\" \/>\n<meta property=\"og:site_name\" content=\"koningdrone.be\" \/>\n<meta property=\"article:modified_time\" content=\"2026-04-29T02:20:02+00:00\" \/>\n<meta property=\"og:image\" content=\"https:\/\/koningdrone.be\/wp-content\/uploads\/sites\/13\/2025\/04\/4895251604802-1.jpg\" \/>\n\t<meta property=\"og:image:width\" content=\"540\" \/>\n\t<meta property=\"og:image:height\" content=\"540\" \/>\n\t<meta property=\"og:image:type\" content=\"image\/jpeg\" \/>\n<meta name=\"twitter:card\" content=\"summary_large_image\" \/>\n<meta name=\"twitter:label1\" content=\"Tiempo de lectura\" \/>\n\t<meta name=\"twitter:data1\" content=\"1 minuto\" \/>\n<script type=\"application\/ld+json\" class=\"yoast-schema-graph\">{\"@context\":\"https:\/\/schema.org\",\"@graph\":[{\"@type\":\"WebPage\",\"@id\":\"https:\/\/koningdrone.be\/product\/ecoflow-glacier-battery\/\",\"url\":\"https:\/\/koningdrone.be\/product\/ecoflow-glacier-battery\/\",\"name\":\"EcoFlow Glacier Battery - koningdrone.be\",\"isPartOf\":{\"@id\":\"https:\/\/koningdrone.be\/#website\"},\"primaryImageOfPage\":{\"@id\":\"https:\/\/koningdrone.be\/product\/ecoflow-glacier-battery\/#primaryimage\"},\"image\":{\"@id\":\"https:\/\/koningdrone.be\/product\/ecoflow-glacier-battery\/#primaryimage\"},\"thumbnailUrl\":\"https:\/\/koningdrone.be\/wp-content\/uploads\/sites\/13\/2025\/04\/4895251604802-1.jpg\",\"datePublished\":\"2023-04-17T11:46:35+00:00\",\"dateModified\":\"2026-04-29T02:20:02+00:00\",\"breadcrumb\":{\"@id\":\"https:\/\/koningdrone.be\/product\/ecoflow-glacier-battery\/#breadcrumb\"},\"inLanguage\":\"es\",\"potentialAction\":[{\"@type\":\"ReadAction\",\"target\":[\"https:\/\/koningdrone.be\/product\/ecoflow-glacier-battery\/\"]}]},{\"@type\":\"ImageObject\",\"inLanguage\":\"es\",\"@id\":\"https:\/\/koningdrone.be\/product\/ecoflow-glacier-battery\/#primaryimage\",\"url\":\"https:\/\/koningdrone.be\/wp-content\/uploads\/sites\/13\/2025\/04\/4895251604802-1.jpg\",\"contentUrl\":\"https:\/\/koningdrone.be\/wp-content\/uploads\/sites\/13\/2025\/04\/4895251604802-1.jpg\",\"width\":540,\"height\":540},{\"@type\":\"BreadcrumbList\",\"@id\":\"https:\/\/koningdrone.be\/product\/ecoflow-glacier-battery\/#breadcrumb\",\"itemListElement\":[{\"@type\":\"ListItem\",\"position\":1,\"name\":\"Home\",\"item\":\"https:\/\/koningdrone.be\/\"},{\"@type\":\"ListItem\",\"position\":2,\"name\":\"AVSS Parachute Recovery System for DJI Matrice 300\/350\",\"item\":\"https:\/\/koningdrone.be\/product\/avss-parachute-recovery-system-for-dji-matrice-300-350\/\"},{\"@type\":\"ListItem\",\"position\":3,\"name\":\"Alle batterijen\",\"item\":\"https:\/\/koningdrone.be\/categorie\/alle-batterijen\/\"},{\"@type\":\"ListItem\",\"position\":4,\"name\":\"EcoFlow Glacier Battery\"}]},{\"@type\":\"WebSite\",\"@id\":\"https:\/\/koningdrone.be\/#website\",\"url\":\"https:\/\/koningdrone.be\/\",\"name\":\"Koningdrone.be - Uw online specialist in drones, gimbals, camera's en power stations.\",\"description\":\"De webshop in drones en gimbals\",\"publisher\":{\"@id\":\"https:\/\/koningdrone.be\/#organization\"},\"potentialAction\":[{\"@type\":\"SearchAction\",\"target\":{\"@type\":\"EntryPoint\",\"urlTemplate\":\"https:\/\/koningdrone.be\/?s={search_term_string}\"},\"query-input\":{\"@type\":\"PropertyValueSpecification\",\"valueRequired\":true,\"valueName\":\"search_term_string\"}}],\"inLanguage\":\"es\"},{\"@type\":\"Organization\",\"@id\":\"https:\/\/koningdrone.be\/#organization\",\"name\":\"Koningdrone.be\",\"url\":\"https:\/\/koningdrone.be\/\",\"logo\":{\"@type\":\"ImageObject\",\"inLanguage\":\"es\",\"@id\":\"https:\/\/koningdrone.be\/#\/schema\/logo\/image\/\",\"url\":\"https:\/\/koningdrone.be\/wp-content\/uploads\/sites\/13\/2025\/04\/koningdrone-copyright-logo.svg\",\"contentUrl\":\"https:\/\/koningdrone.be\/wp-content\/uploads\/sites\/13\/2025\/04\/koningdrone-copyright-logo.svg\",\"width\":227,\"height\":38,\"caption\":\"Koningdrone.be\"},\"image\":{\"@id\":\"https:\/\/koningdrone.be\/#\/schema\/logo\/image\/\"}}]}<\/script>\n<!-- \/ Yoast SEO Premium plugin. -->","yoast_head_json":{"title":"EcoFlow Glacier Battery - koningdrone.be","robots":{"index":"index","follow":"follow","max-snippet":"max-snippet:-1","max-image-preview":"max-image-preview:large","max-video-preview":"max-video-preview:-1"},"canonical":"https:\/\/koningdrone.be\/es\/producto\/ecoflow-glacier-battery\/","og_locale":"es_ES","og_type":"article","og_title":"EcoFlow Glacier Battery","og_description":"Voordelen van de EcoFlow Glacier-batterij Met de EcoFlow Glacier-batterij ben je verzekerd van een constante stroomvoorziening voor je koelkast, waardoor je eten vers blijft, zelfs in noodsituaties. Deze batterij heeft een indrukwekkende capaciteit en biedt snelle oplaadmogelijkheden, waardoor het ideaal is voor gebruik buitenshuis, op de camping of tijdens stroomstoringen. Het draagbare ontwerp maakt het [&hellip;]","og_url":"https:\/\/koningdrone.be\/es\/producto\/ecoflow-glacier-battery\/","og_site_name":"koningdrone.be","article_modified_time":"2026-04-29T02:20:02+00:00","og_image":[{"width":540,"height":540,"url":"https:\/\/koningdrone.be\/wp-content\/uploads\/sites\/13\/2025\/04\/4895251604802-1.jpg","type":"image\/jpeg"}],"twitter_card":"summary_large_image","twitter_misc":{"Tiempo de lectura":"1 minuto"},"schema":{"@context":"https:\/\/schema.org","@graph":[{"@type":"WebPage","@id":"https:\/\/koningdrone.be\/product\/ecoflow-glacier-battery\/","url":"https:\/\/koningdrone.be\/product\/ecoflow-glacier-battery\/","name":"EcoFlow Glacier Battery - koningdrone.be","isPartOf":{"@id":"https:\/\/koningdrone.be\/#website"},"primaryImageOfPage":{"@id":"https:\/\/koningdrone.be\/product\/ecoflow-glacier-battery\/#primaryimage"},"image":{"@id":"https:\/\/koningdrone.be\/product\/ecoflow-glacier-battery\/#primaryimage"},"thumbnailUrl":"https:\/\/koningdrone.be\/wp-content\/uploads\/sites\/13\/2025\/04\/4895251604802-1.jpg","datePublished":"2023-04-17T11:46:35+00:00","dateModified":"2026-04-29T02:20:02+00:00","breadcrumb":{"@id":"https:\/\/koningdrone.be\/product\/ecoflow-glacier-battery\/#breadcrumb"},"inLanguage":"es","potentialAction":[{"@type":"ReadAction","target":["https:\/\/koningdrone.be\/product\/ecoflow-glacier-battery\/"]}]},{"@type":"ImageObject","inLanguage":"es","@id":"https:\/\/koningdrone.be\/product\/ecoflow-glacier-battery\/#primaryimage","url":"https:\/\/koningdrone.be\/wp-content\/uploads\/sites\/13\/2025\/04\/4895251604802-1.jpg","contentUrl":"https:\/\/koningdrone.be\/wp-content\/uploads\/sites\/13\/2025\/04\/4895251604802-1.jpg","width":540,"height":540},{"@type":"BreadcrumbList","@id":"https:\/\/koningdrone.be\/product\/ecoflow-glacier-battery\/#breadcrumb","itemListElement":[{"@type":"ListItem","position":1,"name":"Home","item":"https:\/\/koningdrone.be\/"},{"@type":"ListItem","position":2,"name":"AVSS Parachute Recovery System for DJI Matrice 300\/350","item":"https:\/\/koningdrone.be\/product\/avss-parachute-recovery-system-for-dji-matrice-300-350\/"},{"@type":"ListItem","position":3,"name":"Alle batterijen","item":"https:\/\/koningdrone.be\/categorie\/alle-batterijen\/"},{"@type":"ListItem","position":4,"name":"EcoFlow Glacier Battery"}]},{"@type":"WebSite","@id":"https:\/\/koningdrone.be\/#website","url":"https:\/\/koningdrone.be\/","name":"Koningdrone.be - Su especialista en l\u00ednea en drones, cardanes, c\u00e1maras y centrales el\u00e9ctricas.","description":"La tienda virtual de drones y cardanes","publisher":{"@id":"https:\/\/koningdrone.be\/#organization"},"potentialAction":[{"@type":"SearchAction","target":{"@type":"EntryPoint","urlTemplate":"https:\/\/koningdrone.be\/?s={search_term_string}"},"query-input":{"@type":"PropertyValueSpecification","valueRequired":true,"valueName":"search_term_string"}}],"inLanguage":"es"},{"@type":"Organization","@id":"https:\/\/koningdrone.be\/#organization","name":"Kingdrone.es","url":"https:\/\/koningdrone.be\/","logo":{"@type":"ImageObject","inLanguage":"es","@id":"https:\/\/koningdrone.be\/#\/schema\/logo\/image\/","url":"https:\/\/koningdrone.be\/wp-content\/uploads\/sites\/13\/2025\/04\/koningdrone-copyright-logo.svg","contentUrl":"https:\/\/koningdrone.be\/wp-content\/uploads\/sites\/13\/2025\/04\/koningdrone-copyright-logo.svg","width":227,"height":38,"caption":"Koningdrone.be"},"image":{"@id":"https:\/\/koningdrone.be\/#\/schema\/logo\/image\/"}}]}},"df_price":320,"df_sale_price":"","df_regular_price":320,"df_image_link":"https:\/\/koningdrone.be\/wp-content\/uploads\/sites\/13\/2025\/04\/4895251604802-1-300x300.jpg","_links":{"self":[{"href":"https:\/\/koningdrone.be\/es\/wp-json\/wp\/v2\/product\/4863","targetHints":{"allow":["GET"]}}],"collection":[{"href":"https:\/\/koningdrone.be\/es\/wp-json\/wp\/v2\/product"}],"about":[{"href":"https:\/\/koningdrone.be\/es\/wp-json\/wp\/v2\/types\/product"}],"wp:featuredmedia":[{"embeddable":true,"href":"https:\/\/koningdrone.be\/es\/wp-json\/wp\/v2\/media\/4856"}],"wp:attachment":[{"href":"https:\/\/koningdrone.be\/es\/wp-json\/wp\/v2\/media?parent=4863"}],"wp:term":[{"taxonomy":"product_brand","embeddable":true,"href":"https:\/\/koningdrone.be\/es\/wp-json\/wp\/v2\/product_brand?post=4863"},{"taxonomy":"product_cat","embeddable":true,"href":"https:\/\/koningdrone.be\/es\/wp-json\/wp\/v2\/product_cat?post=4863"},{"taxonomy":"product_tag","embeddable":true,"href":"https:\/\/koningdrone.be\/es\/wp-json\/wp\/v2\/product_tag?post=4863"}],"curies":[{"name":"wp","href":"https:\/\/api.w.org\/{rel}","templated":true}]}}