{"id":4822,"date":"2023-04-17T13:47:04","date_gmt":"2023-04-17T11:47:04","guid":{"rendered":"https:\/\/koningdrone.nl\/kon\/product\/livox-hap-t1\/"},"modified":"2026-04-29T08:30:39","modified_gmt":"2026-04-29T06:30:39","slug":"livox-hap-t1","status":"publish","type":"product","link":"https:\/\/koningdrone.be\/es\/producto\/livox-hap-t1\/","title":{"rendered":"LIVOX HAP T1"},"content":{"rendered":"<h1>LIVOX HAP T1<\/h1>\n<p>Desarrollado por Livox durante dos a\u00f1os, Livox HAP es su primer lidar de automoci\u00f3n dise\u00f1ado para sistemas inteligentes de asistencia al conductor. HAP cumple hasta 74 puntos de las pruebas de fiabilidad de automoci\u00f3n y se ha producido en serie para fabricantes de equipos originales como Xpeng y FAW Jiefang en el nuevo centro de producci\u00f3n de automoci\u00f3n de Livox desde 2021 para ayudar a los clientes a crear sistemas de conducci\u00f3n inteligente l\u00edderes en el sector que ofrezcan una seguridad y un confort superiores.<br \/> - Alcance de detecci\u00f3n 150 m con 10%<br \/> - Campo de visi\u00f3n (FOV) 120\u00b0 x 25\u00b0<br \/> - La densidad de la nube de puntos corresponde a 144 l\u00edneas<br \/> - Resoluci\u00f3n angular 0,18\u00b0 x 0,23\u00b0<br \/> - Tasa de puntos 452.000 pts\/s<br \/> - FPS 10 Hz<br \/><strong>Su idoneidad para autom\u00f3viles ha sido ampliamente probada<\/strong><br \/>HAP logr\u00f3 y super\u00f3 m\u00e1s de 70 puntos en las pruebas de fiabilidad de automoci\u00f3n realizadas en el propio centro de pruebas de Livox. Estas instalaciones est\u00e1n construidas conforme a las normas CNAS y cuentan con equipos de ensayo de \u00faltima generaci\u00f3n. Est\u00e1 gestionado por un equipo de expertos l\u00edderes del sector. Estas instalaciones proporcionan a Livox unas capacidades de ensayo impresionantes y eficaces y garantizan que HAP cumple las normas de los principales fabricantes de autom\u00f3viles, as\u00ed como las normas del sector, como la ISO 16750.<br \/><strong> La producci\u00f3n en masa es el objetivo <\/strong><br \/>El nuevo centro de producci\u00f3n de autom\u00f3viles inteligentes de Livox tiene una superficie de construcci\u00f3n prevista de 1.500 metros cuadrados en su primera fase. Equipado con l\u00edneas de montaje de lidares totalmente automatizadas, cada una con una capacidad anual de hasta 200.000 piezas, y apoyado por varias l\u00edneas de producci\u00f3n de tecnolog\u00edas de montaje superficial (SMT) de primera clase dise\u00f1adas para un valor de piezas por mill\u00f3n (PPM) de 10, este centro de producci\u00f3n estar\u00e1 situado para satisfacer la futura demanda creciente de Livox de una producci\u00f3n eficiente de sus propios componentes principales de lidares.<br \/><strong>Rendimiento superior para una conducci\u00f3n m\u00e1s inteligente<\/strong><br \/> - Alcance de contenci\u00f3n: el alcance de contenci\u00f3n del HAP se ha aumentado a 150 metros. Esto permite al sistema de conducci\u00f3n aut\u00f3noma detectar obst\u00e1culos lejanos en autopistas y en el tr\u00e1fico urbano mucho antes y con a\u00fan menos esfuerzo.<br \/> - Campo de visi\u00f3n: el HAP tiene un campo de visi\u00f3n horizontal de 120\u00b0. La instalaci\u00f3n de sensores duales proporciona al veh\u00edculo un campo de visi\u00f3n de 180\u00b0 con nubes de puntos. Esto mejora significativamente la capacidad del sistema para manejar situaciones de tr\u00e1fico dif\u00edciles, como la entrada de veh\u00edculos y los giros en intersecciones.<br \/> - Densidad de la nube de puntos: con una resoluci\u00f3n angular de hasta 0,18\u00b0 * 0,23\u00b0, HAP tiene una densidad de nube de puntos equivalente a un lidar de 144 l\u00edneas para las ROI (regiones de inter\u00e9s). El aumento de la densidad de la nube de puntos proporciona una representaci\u00f3n m\u00e1s realista del entorno y permite la detecci\u00f3n precisa de objetos peque\u00f1os en la carretera circundante, incluidos peatones, bicicletas o incluso conos de tr\u00e1fico.<br \/><strong>Mayor seguridad con Ultra FPS<\/strong><br \/>Gracias a una tecnolog\u00eda de espejo giratorio ingeniosamente dise\u00f1ada, Livox ha desarrollado y aplicado un concepto de tecnolog\u00eda lidar totalmente nuevo con \"Ultra-FPS\" (im\u00e1genes por segundo). Cuando los veh\u00edculos est\u00e1n en movimiento, los objetos dentro del ROI del campo de visi\u00f3n del lidar se escanean dos veces y con la zona de silencio. Esta caracter\u00edstica proporciona una mayor seguridad a los usuarios de la carretera cuando conducen a alta velocidad o cuando hay peatones o ciclistas cerca.<\/p>","protected":false},"excerpt":{"rendered":"<ul>\n<li>IVOX HAP: el primer lidar de Livox para automoci\u00f3n fabricado en serie<\/li>\n<\/ul>","protected":false},"featured_media":4818,"template":"","meta":{"_acf_changed":false},"product_brand":[],"product_cat":[187,97,751],"product_tag":[],"class_list":{"0":"post-4822","1":"product","2":"type-product","3":"status-publish","4":"has-post-thumbnail","6":"product_cat-alle-lidar","7":"product_cat-alle-producten","8":"product_cat-livox","9":"product_shipping_class-outofstock","10":"pa_brand-livox","11":"pa_productfamily-lidar-sensor","12":"pa_producttype-lidar-sensor","13":"pa_series-livox","15":"first","16":"outofstock","17":"taxable","18":"shipping-taxable","19":"product-type-simple"},"acf":[],"yoast_head":"<!-- This site is optimized with the Yoast SEO Premium plugin v27.2 (Yoast SEO v27.2) - https:\/\/yoast.com\/product\/yoast-seo-premium-wordpress\/ -->\n<title>LIVOX HAP T1 - koningdrone.be<\/title>\n<meta name=\"robots\" content=\"index, follow, max-snippet:-1, max-image-preview:large, max-video-preview:-1\" \/>\n<link rel=\"canonical\" href=\"https:\/\/koningdrone.be\/es\/producto\/livox-hap-t1\/\" \/>\n<meta property=\"og:locale\" content=\"es_ES\" \/>\n<meta property=\"og:type\" content=\"article\" \/>\n<meta property=\"og:title\" content=\"LIVOX HAP T1\" \/>\n<meta property=\"og:description\" content=\"IVOX HAP: Livox&#039; eerste lidar van autokwaliteit voor massaproductie\" \/>\n<meta property=\"og:url\" content=\"https:\/\/koningdrone.be\/es\/producto\/livox-hap-t1\/\" \/>\n<meta property=\"og:site_name\" content=\"koningdrone.be\" \/>\n<meta property=\"article:modified_time\" content=\"2026-04-29T06:30:39+00:00\" \/>\n<meta property=\"og:image\" content=\"https:\/\/koningdrone.be\/wp-content\/uploads\/sites\/13\/2025\/04\/6941565938374-1.jpg\" \/>\n\t<meta property=\"og:image:width\" content=\"1280\" \/>\n\t<meta property=\"og:image:height\" content=\"800\" \/>\n\t<meta property=\"og:image:type\" content=\"image\/jpeg\" \/>\n<meta name=\"twitter:card\" content=\"summary_large_image\" \/>\n<meta name=\"twitter:label1\" content=\"Tiempo de lectura\" \/>\n\t<meta name=\"twitter:data1\" content=\"2 minutos\" \/>\n<script type=\"application\/ld+json\" class=\"yoast-schema-graph\">{\"@context\":\"https:\/\/schema.org\",\"@graph\":[{\"@type\":\"WebPage\",\"@id\":\"https:\/\/koningdrone.be\/product\/livox-hap-t1\/\",\"url\":\"https:\/\/koningdrone.be\/product\/livox-hap-t1\/\",\"name\":\"LIVOX HAP T1 - koningdrone.be\",\"isPartOf\":{\"@id\":\"https:\/\/koningdrone.be\/#website\"},\"primaryImageOfPage\":{\"@id\":\"https:\/\/koningdrone.be\/product\/livox-hap-t1\/#primaryimage\"},\"image\":{\"@id\":\"https:\/\/koningdrone.be\/product\/livox-hap-t1\/#primaryimage\"},\"thumbnailUrl\":\"https:\/\/koningdrone.be\/wp-content\/uploads\/sites\/13\/2025\/04\/6941565938374-1.jpg\",\"datePublished\":\"2023-04-17T11:47:04+00:00\",\"dateModified\":\"2026-04-29T06:30:39+00:00\",\"breadcrumb\":{\"@id\":\"https:\/\/koningdrone.be\/product\/livox-hap-t1\/#breadcrumb\"},\"inLanguage\":\"es\",\"potentialAction\":[{\"@type\":\"ReadAction\",\"target\":[\"https:\/\/koningdrone.be\/product\/livox-hap-t1\/\"]}]},{\"@type\":\"ImageObject\",\"inLanguage\":\"es\",\"@id\":\"https:\/\/koningdrone.be\/product\/livox-hap-t1\/#primaryimage\",\"url\":\"https:\/\/koningdrone.be\/wp-content\/uploads\/sites\/13\/2025\/04\/6941565938374-1.jpg\",\"contentUrl\":\"https:\/\/koningdrone.be\/wp-content\/uploads\/sites\/13\/2025\/04\/6941565938374-1.jpg\",\"width\":1280,\"height\":800},{\"@type\":\"BreadcrumbList\",\"@id\":\"https:\/\/koningdrone.be\/product\/livox-hap-t1\/#breadcrumb\",\"itemListElement\":[{\"@type\":\"ListItem\",\"position\":1,\"name\":\"Home\",\"item\":\"https:\/\/koningdrone.be\/\"},{\"@type\":\"ListItem\",\"position\":2,\"name\":\"AVSS Parachute Recovery System for DJI Matrice 300\/350\",\"item\":\"https:\/\/koningdrone.be\/product\/avss-parachute-recovery-system-for-dji-matrice-300-350\/\"},{\"@type\":\"ListItem\",\"position\":3,\"name\":\"Alle LiDaR\",\"item\":\"https:\/\/koningdrone.be\/categorie\/alle-lidar\/\"},{\"@type\":\"ListItem\",\"position\":4,\"name\":\"LIVOX HAP T1\"}]},{\"@type\":\"WebSite\",\"@id\":\"https:\/\/koningdrone.be\/#website\",\"url\":\"https:\/\/koningdrone.be\/\",\"name\":\"Koningdrone.be - Uw online specialist in drones, gimbals, camera's en power stations.\",\"description\":\"De webshop in drones en gimbals\",\"publisher\":{\"@id\":\"https:\/\/koningdrone.be\/#organization\"},\"potentialAction\":[{\"@type\":\"SearchAction\",\"target\":{\"@type\":\"EntryPoint\",\"urlTemplate\":\"https:\/\/koningdrone.be\/?s={search_term_string}\"},\"query-input\":{\"@type\":\"PropertyValueSpecification\",\"valueRequired\":true,\"valueName\":\"search_term_string\"}}],\"inLanguage\":\"es\"},{\"@type\":\"Organization\",\"@id\":\"https:\/\/koningdrone.be\/#organization\",\"name\":\"Koningdrone.be\",\"url\":\"https:\/\/koningdrone.be\/\",\"logo\":{\"@type\":\"ImageObject\",\"inLanguage\":\"es\",\"@id\":\"https:\/\/koningdrone.be\/#\/schema\/logo\/image\/\",\"url\":\"https:\/\/koningdrone.be\/wp-content\/uploads\/sites\/13\/2025\/04\/koningdrone-copyright-logo.svg\",\"contentUrl\":\"https:\/\/koningdrone.be\/wp-content\/uploads\/sites\/13\/2025\/04\/koningdrone-copyright-logo.svg\",\"width\":227,\"height\":38,\"caption\":\"Koningdrone.be\"},\"image\":{\"@id\":\"https:\/\/koningdrone.be\/#\/schema\/logo\/image\/\"}}]}<\/script>\n<!-- \/ Yoast SEO Premium plugin. -->","yoast_head_json":{"title":"LIVOX HAP T1 - koningdrone.be","robots":{"index":"index","follow":"follow","max-snippet":"max-snippet:-1","max-image-preview":"max-image-preview:large","max-video-preview":"max-video-preview:-1"},"canonical":"https:\/\/koningdrone.be\/es\/producto\/livox-hap-t1\/","og_locale":"es_ES","og_type":"article","og_title":"LIVOX HAP T1","og_description":"IVOX HAP: Livox' eerste lidar van autokwaliteit voor massaproductie","og_url":"https:\/\/koningdrone.be\/es\/producto\/livox-hap-t1\/","og_site_name":"koningdrone.be","article_modified_time":"2026-04-29T06:30:39+00:00","og_image":[{"width":1280,"height":800,"url":"https:\/\/koningdrone.be\/wp-content\/uploads\/sites\/13\/2025\/04\/6941565938374-1.jpg","type":"image\/jpeg"}],"twitter_card":"summary_large_image","twitter_misc":{"Tiempo de lectura":"2 minutos"},"schema":{"@context":"https:\/\/schema.org","@graph":[{"@type":"WebPage","@id":"https:\/\/koningdrone.be\/product\/livox-hap-t1\/","url":"https:\/\/koningdrone.be\/product\/livox-hap-t1\/","name":"LIVOX HAP T1 - koningdrone.be","isPartOf":{"@id":"https:\/\/koningdrone.be\/#website"},"primaryImageOfPage":{"@id":"https:\/\/koningdrone.be\/product\/livox-hap-t1\/#primaryimage"},"image":{"@id":"https:\/\/koningdrone.be\/product\/livox-hap-t1\/#primaryimage"},"thumbnailUrl":"https:\/\/koningdrone.be\/wp-content\/uploads\/sites\/13\/2025\/04\/6941565938374-1.jpg","datePublished":"2023-04-17T11:47:04+00:00","dateModified":"2026-04-29T06:30:39+00:00","breadcrumb":{"@id":"https:\/\/koningdrone.be\/product\/livox-hap-t1\/#breadcrumb"},"inLanguage":"es","potentialAction":[{"@type":"ReadAction","target":["https:\/\/koningdrone.be\/product\/livox-hap-t1\/"]}]},{"@type":"ImageObject","inLanguage":"es","@id":"https:\/\/koningdrone.be\/product\/livox-hap-t1\/#primaryimage","url":"https:\/\/koningdrone.be\/wp-content\/uploads\/sites\/13\/2025\/04\/6941565938374-1.jpg","contentUrl":"https:\/\/koningdrone.be\/wp-content\/uploads\/sites\/13\/2025\/04\/6941565938374-1.jpg","width":1280,"height":800},{"@type":"BreadcrumbList","@id":"https:\/\/koningdrone.be\/product\/livox-hap-t1\/#breadcrumb","itemListElement":[{"@type":"ListItem","position":1,"name":"Home","item":"https:\/\/koningdrone.be\/"},{"@type":"ListItem","position":2,"name":"AVSS Parachute Recovery System for DJI Matrice 300\/350","item":"https:\/\/koningdrone.be\/product\/avss-parachute-recovery-system-for-dji-matrice-300-350\/"},{"@type":"ListItem","position":3,"name":"Alle LiDaR","item":"https:\/\/koningdrone.be\/categorie\/alle-lidar\/"},{"@type":"ListItem","position":4,"name":"LIVOX HAP T1"}]},{"@type":"WebSite","@id":"https:\/\/koningdrone.be\/#website","url":"https:\/\/koningdrone.be\/","name":"Koningdrone.be - Su especialista en l\u00ednea en drones, cardanes, c\u00e1maras y centrales el\u00e9ctricas.","description":"La tienda virtual de drones y cardanes","publisher":{"@id":"https:\/\/koningdrone.be\/#organization"},"potentialAction":[{"@type":"SearchAction","target":{"@type":"EntryPoint","urlTemplate":"https:\/\/koningdrone.be\/?s={search_term_string}"},"query-input":{"@type":"PropertyValueSpecification","valueRequired":true,"valueName":"search_term_string"}}],"inLanguage":"es"},{"@type":"Organization","@id":"https:\/\/koningdrone.be\/#organization","name":"Kingdrone.es","url":"https:\/\/koningdrone.be\/","logo":{"@type":"ImageObject","inLanguage":"es","@id":"https:\/\/koningdrone.be\/#\/schema\/logo\/image\/","url":"https:\/\/koningdrone.be\/wp-content\/uploads\/sites\/13\/2025\/04\/koningdrone-copyright-logo.svg","contentUrl":"https:\/\/koningdrone.be\/wp-content\/uploads\/sites\/13\/2025\/04\/koningdrone-copyright-logo.svg","width":227,"height":38,"caption":"Koningdrone.be"},"image":{"@id":"https:\/\/koningdrone.be\/#\/schema\/logo\/image\/"}}]}},"df_price":"","df_sale_price":"","df_regular_price":"","df_image_link":"https:\/\/koningdrone.be\/wp-content\/uploads\/sites\/13\/2025\/04\/6941565938374-1-300x188.jpg","_links":{"self":[{"href":"https:\/\/koningdrone.be\/es\/wp-json\/wp\/v2\/product\/4822","targetHints":{"allow":["GET"]}}],"collection":[{"href":"https:\/\/koningdrone.be\/es\/wp-json\/wp\/v2\/product"}],"about":[{"href":"https:\/\/koningdrone.be\/es\/wp-json\/wp\/v2\/types\/product"}],"wp:featuredmedia":[{"embeddable":true,"href":"https:\/\/koningdrone.be\/es\/wp-json\/wp\/v2\/media\/4818"}],"wp:attachment":[{"href":"https:\/\/koningdrone.be\/es\/wp-json\/wp\/v2\/media?parent=4822"}],"wp:term":[{"taxonomy":"product_brand","embeddable":true,"href":"https:\/\/koningdrone.be\/es\/wp-json\/wp\/v2\/product_brand?post=4822"},{"taxonomy":"product_cat","embeddable":true,"href":"https:\/\/koningdrone.be\/es\/wp-json\/wp\/v2\/product_cat?post=4822"},{"taxonomy":"product_tag","embeddable":true,"href":"https:\/\/koningdrone.be\/es\/wp-json\/wp\/v2\/product_tag?post=4822"}],"curies":[{"name":"wp","href":"https:\/\/api.w.org\/{rel}","templated":true}]}}