{"id":4817,"date":"2023-04-17T13:47:04","date_gmt":"2023-04-17T11:47:04","guid":{"rendered":"https:\/\/koningdrone.nl\/kon\/product\/insta360-x3\/"},"modified":"2026-05-17T05:00:16","modified_gmt":"2026-05-17T03:00:16","slug":"insta360-x3","status":"publish","type":"product","link":"https:\/\/koningdrone.be\/es\/producto\/insta360-x3\/","title":{"rendered":"INSTA360 X3"},"content":{"rendered":"<h1>INSTA360 X3<\/h1>\n<p>Tanto si captura paisajes como si capta secuencias activas, la Insta360 X3 incorpora un innovador sensor, una alta frecuencia de imagen y una resoluci\u00f3n de m\u00e1xima calidad, que le permitir\u00e1n tomar fotos y v\u00eddeos estables y de alta calidad.<br \/> - Tipo de producto Videoc\u00e1maras de acci\u00f3n<br \/> - Marca- Insta360<br \/> - Modelo-INSTAONEX3<br \/> - Anchura del producto (cm) - 11,4<br \/> - Profundidad del producto (cm) - 3,31<br \/> - Altura del producto (cm) - 4,6<br \/> - Peso (kg) - 0,18<br \/> - Garant\u00eda expresa del fabricante (meses) - 12<\/p>","protected":false},"excerpt":{"rendered":"<ul>\n<li>El sensor de 1\/2, las fotos de 72 megap\u00edxeles y las tomas de 360\u00b0 te permiten elegir el \u00e1ngulo ideal y hacer fotos y v\u00eddeos con gran detalle<\/li>\n<li>El modo de objetivo \u00fanico y el modo Me con resoluci\u00f3n 4K30fps, 2,7k, m\u00e1xima visibilidad y efecto de palo selfie invisible te permiten hacer fotos gran angular en primera persona<\/li>\n<li>El modo de v\u00eddeo HDR y los 1080p30fps y 60fps ofrecen una alta frecuencia de imagen, por lo que es excelente para grabar escenas de acci\u00f3n y deportes<\/li>\n<li>La funci\u00f3n time-lapse 360 permite grabar v\u00eddeos en calidad 8K, mientras que la c\u00e1mara lenta K120fps o 3K180fps ofrece una resoluci\u00f3n de hasta 4K<\/li>\n<li>Toma im\u00e1genes estables y de alta calidad gracias a la estabilizaci\u00f3n de imagen<\/li>\n<li>IPX8 resistente al agua hasta 10 metros, para que pueda utilizarlo en escenas submarinas<\/li>\n<li>Equipado con 4 micr\u00f3fonos y un algoritmo de audio mejorado para un sonido \u00f3ptimo y equilibrado<\/li>\n<li>Consigue im\u00e1genes a tiempo y ahorra entre 15 y 30 segundos de v\u00eddeo y espacio en la memoria con la funci\u00f3n de pregrabaci\u00f3n y el modo de grabaci\u00f3n en bucle<\/li>\n<li>Equipado con una pantalla t\u00e1ctil de 2,296 pulgadas, que te ofrece una visi\u00f3n clara de tus fotos y v\u00eddeos<\/li>\n<li>F\u00e1cil de usar gracias a la vibraci\u00f3n, el algoritmo de control por voz y la conectividad Wi-Fi<\/li>\n<li>La aplicaci\u00f3n Insta360 y Shot Lab (requiere descarga) facilitan y hacen m\u00e1s c\u00f3moda la edici\u00f3n de fotos<\/li>\n<li>Bater\u00eda de 1800 mAh para una mayor autonom\u00eda<\/li>\n<\/ul>","protected":false},"featured_media":4807,"template":"","meta":{"_acf_changed":false},"product_brand":[],"product_cat":[97,343],"product_tag":[],"class_list":{"0":"post-4817","1":"product","2":"type-product","3":"status-publish","4":"has-post-thumbnail","6":"product_cat-alle-producten","7":"product_cat-insta360","8":"product_shipping_class-europafotoall","9":"pa_brand-insta360","10":"pa_productfamily-action-cam","11":"pa_producttype-action-cam","12":"pa_series-insta360-go","14":"first","15":"instock","16":"taxable","17":"shipping-taxable","18":"purchasable","19":"product-type-simple"},"acf":[],"yoast_head":"<!-- This site is optimized with the Yoast SEO Premium plugin v27.2 (Yoast SEO v27.2) - https:\/\/yoast.com\/product\/yoast-seo-premium-wordpress\/ -->\n<title>INSTA360 X3 - koningdrone.be<\/title>\n<meta name=\"robots\" content=\"index, follow, max-snippet:-1, max-image-preview:large, max-video-preview:-1\" \/>\n<link rel=\"canonical\" href=\"https:\/\/koningdrone.be\/es\/producto\/insta360-x3\/\" \/>\n<meta property=\"og:locale\" content=\"es_ES\" \/>\n<meta property=\"og:type\" content=\"article\" \/>\n<meta property=\"og:title\" content=\"INSTA360 X3\" \/>\n<meta property=\"og:description\" content=\"Met 1\/2 sensor, foto&#039;s van 72 megapixels en 360\u00b0-opnamen kun je een ideale hoek kiezen en foto&#039;s en video&#039;s met veel detail makenEnkele lensmodus en Me-modus met 4K30fps, 2,7k resolutie, maximaal zicht en onzichtbaar selfiestick-effect stellen u in staat om groothoekfoto&#039;s van de eerste persoon te makenHDR-videomodus, plus 1080p30fps en 60fps leveren een hoge framesnelheid, waardoor het uitstekend geschikt is voor actie- en sportopnamesMet de 360 time-lapse-functie kunt u video&#039;s opnemen in 8K-kwaliteit, terwijl K120fps of 3K180fps slow-mo een resolutie tot 4K biedtMaak stabiele beelden van hoge kwaliteit dankzij de beeldstabilisatieIPX8 waterdicht tot 10 meter, dus je kunt het gebruiken in onderwatersc\u00e8nesUitgerust met 4 microfoons en een ge\u00fcpgraded audio-algoritme voor een optimaal en uitgebalanceerd geluidKrijg op tijd beeldmateriaal en bespaar 15 tot 30 seconden aan video&#039;s en geheugenruimte met de pre-recordfunctie en loop-opnamemodusUitgerust met een 2,296 inch touchscreen, waardoor je je foto&#039;s en video&#039;s goed in beeld hebtGebruiksvriendelijk en gebruiksvriendelijk dankzij de trillingsfeedback, het algoritme voor spraakbesturing en Wi-Fi-connectiviteitInsta360-app en Shot Lab (download vereist) maken het bewerken van foto&#039;s eenvoudig en handigAangedreven door een batterij van 1800 mAh, voor een langere looptijd\" \/>\n<meta property=\"og:url\" content=\"https:\/\/koningdrone.be\/es\/producto\/insta360-x3\/\" \/>\n<meta property=\"og:site_name\" content=\"koningdrone.be\" \/>\n<meta property=\"article:modified_time\" content=\"2026-05-17T03:00:16+00:00\" \/>\n<meta property=\"og:image\" content=\"https:\/\/koningdrone.be\/wp-content\/uploads\/sites\/13\/2025\/04\/6970357853922-01.jpg\" \/>\n\t<meta property=\"og:image:width\" content=\"992\" \/>\n\t<meta property=\"og:image:height\" content=\"558\" \/>\n\t<meta property=\"og:image:type\" content=\"image\/jpeg\" \/>\n<meta name=\"twitter:card\" content=\"summary_large_image\" \/>\n<script type=\"application\/ld+json\" class=\"yoast-schema-graph\">{\"@context\":\"https:\/\/schema.org\",\"@graph\":[{\"@type\":\"WebPage\",\"@id\":\"https:\/\/koningdrone.be\/product\/insta360-x3\/\",\"url\":\"https:\/\/koningdrone.be\/product\/insta360-x3\/\",\"name\":\"INSTA360 X3 - koningdrone.be\",\"isPartOf\":{\"@id\":\"https:\/\/koningdrone.be\/#website\"},\"primaryImageOfPage\":{\"@id\":\"https:\/\/koningdrone.be\/product\/insta360-x3\/#primaryimage\"},\"image\":{\"@id\":\"https:\/\/koningdrone.be\/product\/insta360-x3\/#primaryimage\"},\"thumbnailUrl\":\"https:\/\/koningdrone.be\/wp-content\/uploads\/sites\/13\/2025\/04\/6970357853922-01.jpg\",\"datePublished\":\"2023-04-17T11:47:04+00:00\",\"dateModified\":\"2026-05-17T03:00:16+00:00\",\"breadcrumb\":{\"@id\":\"https:\/\/koningdrone.be\/product\/insta360-x3\/#breadcrumb\"},\"inLanguage\":\"es\",\"potentialAction\":[{\"@type\":\"ReadAction\",\"target\":[\"https:\/\/koningdrone.be\/product\/insta360-x3\/\"]}]},{\"@type\":\"ImageObject\",\"inLanguage\":\"es\",\"@id\":\"https:\/\/koningdrone.be\/product\/insta360-x3\/#primaryimage\",\"url\":\"https:\/\/koningdrone.be\/wp-content\/uploads\/sites\/13\/2025\/04\/6970357853922-01.jpg\",\"contentUrl\":\"https:\/\/koningdrone.be\/wp-content\/uploads\/sites\/13\/2025\/04\/6970357853922-01.jpg\",\"width\":992,\"height\":558},{\"@type\":\"BreadcrumbList\",\"@id\":\"https:\/\/koningdrone.be\/product\/insta360-x3\/#breadcrumb\",\"itemListElement\":[{\"@type\":\"ListItem\",\"position\":1,\"name\":\"Home\",\"item\":\"https:\/\/koningdrone.be\/\"},{\"@type\":\"ListItem\",\"position\":2,\"name\":\"AVSS Parachute Recovery System for DJI Matrice 300\/350\",\"item\":\"https:\/\/koningdrone.be\/product\/avss-parachute-recovery-system-for-dji-matrice-300-350\/\"},{\"@type\":\"ListItem\",\"position\":3,\"name\":\"Alle producten\",\"item\":\"https:\/\/koningdrone.be\/categorie\/alle-producten\/\"},{\"@type\":\"ListItem\",\"position\":4,\"name\":\"INSTA360 X3\"}]},{\"@type\":\"WebSite\",\"@id\":\"https:\/\/koningdrone.be\/#website\",\"url\":\"https:\/\/koningdrone.be\/\",\"name\":\"Koningdrone.be - Uw online specialist in drones, gimbals, camera's en power stations.\",\"description\":\"De webshop in drones en gimbals\",\"publisher\":{\"@id\":\"https:\/\/koningdrone.be\/#organization\"},\"potentialAction\":[{\"@type\":\"SearchAction\",\"target\":{\"@type\":\"EntryPoint\",\"urlTemplate\":\"https:\/\/koningdrone.be\/?s={search_term_string}\"},\"query-input\":{\"@type\":\"PropertyValueSpecification\",\"valueRequired\":true,\"valueName\":\"search_term_string\"}}],\"inLanguage\":\"es\"},{\"@type\":\"Organization\",\"@id\":\"https:\/\/koningdrone.be\/#organization\",\"name\":\"Koningdrone.be\",\"url\":\"https:\/\/koningdrone.be\/\",\"logo\":{\"@type\":\"ImageObject\",\"inLanguage\":\"es\",\"@id\":\"https:\/\/koningdrone.be\/#\/schema\/logo\/image\/\",\"url\":\"https:\/\/koningdrone.be\/wp-content\/uploads\/sites\/13\/2025\/04\/koningdrone-copyright-logo.svg\",\"contentUrl\":\"https:\/\/koningdrone.be\/wp-content\/uploads\/sites\/13\/2025\/04\/koningdrone-copyright-logo.svg\",\"width\":227,\"height\":38,\"caption\":\"Koningdrone.be\"},\"image\":{\"@id\":\"https:\/\/koningdrone.be\/#\/schema\/logo\/image\/\"}}]}<\/script>\n<!-- \/ Yoast SEO Premium plugin. -->","yoast_head_json":{"title":"INSTA360 X3 - koningdrone.be","robots":{"index":"index","follow":"follow","max-snippet":"max-snippet:-1","max-image-preview":"max-image-preview:large","max-video-preview":"max-video-preview:-1"},"canonical":"https:\/\/koningdrone.be\/es\/producto\/insta360-x3\/","og_locale":"es_ES","og_type":"article","og_title":"INSTA360 X3","og_description":"Met 1\/2 sensor, foto's van 72 megapixels en 360\u00b0-opnamen kun je een ideale hoek kiezen en foto's en video's met veel detail makenEnkele lensmodus en Me-modus met 4K30fps, 2,7k resolutie, maximaal zicht en onzichtbaar selfiestick-effect stellen u in staat om groothoekfoto's van de eerste persoon te makenHDR-videomodus, plus 1080p30fps en 60fps leveren een hoge framesnelheid, waardoor het uitstekend geschikt is voor actie- en sportopnamesMet de 360 time-lapse-functie kunt u video's opnemen in 8K-kwaliteit, terwijl K120fps of 3K180fps slow-mo een resolutie tot 4K biedtMaak stabiele beelden van hoge kwaliteit dankzij de beeldstabilisatieIPX8 waterdicht tot 10 meter, dus je kunt het gebruiken in onderwatersc\u00e8nesUitgerust met 4 microfoons en een ge\u00fcpgraded audio-algoritme voor een optimaal en uitgebalanceerd geluidKrijg op tijd beeldmateriaal en bespaar 15 tot 30 seconden aan video's en geheugenruimte met de pre-recordfunctie en loop-opnamemodusUitgerust met een 2,296 inch touchscreen, waardoor je je foto's en video's goed in beeld hebtGebruiksvriendelijk en gebruiksvriendelijk dankzij de trillingsfeedback, het algoritme voor spraakbesturing en Wi-Fi-connectiviteitInsta360-app en Shot Lab (download vereist) maken het bewerken van foto's eenvoudig en handigAangedreven door een batterij van 1800 mAh, voor een langere looptijd","og_url":"https:\/\/koningdrone.be\/es\/producto\/insta360-x3\/","og_site_name":"koningdrone.be","article_modified_time":"2026-05-17T03:00:16+00:00","og_image":[{"width":992,"height":558,"url":"https:\/\/koningdrone.be\/wp-content\/uploads\/sites\/13\/2025\/04\/6970357853922-01.jpg","type":"image\/jpeg"}],"twitter_card":"summary_large_image","schema":{"@context":"https:\/\/schema.org","@graph":[{"@type":"WebPage","@id":"https:\/\/koningdrone.be\/product\/insta360-x3\/","url":"https:\/\/koningdrone.be\/product\/insta360-x3\/","name":"INSTA360 X3 - koningdrone.be","isPartOf":{"@id":"https:\/\/koningdrone.be\/#website"},"primaryImageOfPage":{"@id":"https:\/\/koningdrone.be\/product\/insta360-x3\/#primaryimage"},"image":{"@id":"https:\/\/koningdrone.be\/product\/insta360-x3\/#primaryimage"},"thumbnailUrl":"https:\/\/koningdrone.be\/wp-content\/uploads\/sites\/13\/2025\/04\/6970357853922-01.jpg","datePublished":"2023-04-17T11:47:04+00:00","dateModified":"2026-05-17T03:00:16+00:00","breadcrumb":{"@id":"https:\/\/koningdrone.be\/product\/insta360-x3\/#breadcrumb"},"inLanguage":"es","potentialAction":[{"@type":"ReadAction","target":["https:\/\/koningdrone.be\/product\/insta360-x3\/"]}]},{"@type":"ImageObject","inLanguage":"es","@id":"https:\/\/koningdrone.be\/product\/insta360-x3\/#primaryimage","url":"https:\/\/koningdrone.be\/wp-content\/uploads\/sites\/13\/2025\/04\/6970357853922-01.jpg","contentUrl":"https:\/\/koningdrone.be\/wp-content\/uploads\/sites\/13\/2025\/04\/6970357853922-01.jpg","width":992,"height":558},{"@type":"BreadcrumbList","@id":"https:\/\/koningdrone.be\/product\/insta360-x3\/#breadcrumb","itemListElement":[{"@type":"ListItem","position":1,"name":"Home","item":"https:\/\/koningdrone.be\/"},{"@type":"ListItem","position":2,"name":"AVSS Parachute Recovery System for DJI Matrice 300\/350","item":"https:\/\/koningdrone.be\/product\/avss-parachute-recovery-system-for-dji-matrice-300-350\/"},{"@type":"ListItem","position":3,"name":"Alle producten","item":"https:\/\/koningdrone.be\/categorie\/alle-producten\/"},{"@type":"ListItem","position":4,"name":"INSTA360 X3"}]},{"@type":"WebSite","@id":"https:\/\/koningdrone.be\/#website","url":"https:\/\/koningdrone.be\/","name":"Koningdrone.be - Su especialista en l\u00ednea en drones, cardanes, c\u00e1maras y centrales el\u00e9ctricas.","description":"La tienda virtual de drones y cardanes","publisher":{"@id":"https:\/\/koningdrone.be\/#organization"},"potentialAction":[{"@type":"SearchAction","target":{"@type":"EntryPoint","urlTemplate":"https:\/\/koningdrone.be\/?s={search_term_string}"},"query-input":{"@type":"PropertyValueSpecification","valueRequired":true,"valueName":"search_term_string"}}],"inLanguage":"es"},{"@type":"Organization","@id":"https:\/\/koningdrone.be\/#organization","name":"Kingdrone.es","url":"https:\/\/koningdrone.be\/","logo":{"@type":"ImageObject","inLanguage":"es","@id":"https:\/\/koningdrone.be\/#\/schema\/logo\/image\/","url":"https:\/\/koningdrone.be\/wp-content\/uploads\/sites\/13\/2025\/04\/koningdrone-copyright-logo.svg","contentUrl":"https:\/\/koningdrone.be\/wp-content\/uploads\/sites\/13\/2025\/04\/koningdrone-copyright-logo.svg","width":227,"height":38,"caption":"Koningdrone.be"},"image":{"@id":"https:\/\/koningdrone.be\/#\/schema\/logo\/image\/"}}]}},"df_price":365,"df_sale_price":"","df_regular_price":365,"df_image_link":"https:\/\/koningdrone.be\/wp-content\/uploads\/sites\/13\/2025\/04\/6970357853922-01-300x169.jpg","_links":{"self":[{"href":"https:\/\/koningdrone.be\/es\/wp-json\/wp\/v2\/product\/4817","targetHints":{"allow":["GET"]}}],"collection":[{"href":"https:\/\/koningdrone.be\/es\/wp-json\/wp\/v2\/product"}],"about":[{"href":"https:\/\/koningdrone.be\/es\/wp-json\/wp\/v2\/types\/product"}],"wp:featuredmedia":[{"embeddable":true,"href":"https:\/\/koningdrone.be\/es\/wp-json\/wp\/v2\/media\/4807"}],"wp:attachment":[{"href":"https:\/\/koningdrone.be\/es\/wp-json\/wp\/v2\/media?parent=4817"}],"wp:term":[{"taxonomy":"product_brand","embeddable":true,"href":"https:\/\/koningdrone.be\/es\/wp-json\/wp\/v2\/product_brand?post=4817"},{"taxonomy":"product_cat","embeddable":true,"href":"https:\/\/koningdrone.be\/es\/wp-json\/wp\/v2\/product_cat?post=4817"},{"taxonomy":"product_tag","embeddable":true,"href":"https:\/\/koningdrone.be\/es\/wp-json\/wp\/v2\/product_tag?post=4817"}],"curies":[{"name":"wp","href":"https:\/\/api.w.org\/{rel}","templated":true}]}}